{"id":2619,"date":"2015-08-06T02:34:12","date_gmt":"2015-08-06T02:34:12","guid":{"rendered":"http:\/\/demo.genietheme.net\/bonnie\/?page_id=2611"},"modified":"2023-08-30T18:21:31","modified_gmt":"2023-08-30T18:21:31","slug":"kontakt","status":"publish","type":"page","link":"https:\/\/roza-sobieszek.pl\/sklep\/kontakt\/","title":{"rendered":"Kontakt"},"content":{"rendered":"<p>&nbsp;<\/p>\n<h2 class=\"vina-addon-title\" style=\"margin-top: 30px; margin-bottom: 14px; color: #e9576e; font-size: 18px; line-height: 18px; font-weight: bold; font-family: Oswald; text-align: center;\">GOSPODARSTWO OGRODNICZE MARIUSZ SOBIESZEK<\/h2>\n<p>&nbsp;<\/p>\n<p style=\"text-align: justify;\">Zajmujemy si\u0119 produkcj\u0105 i sprzeda\u017c\u0105 r\u00f3\u017c od 1991 roku. Jako dystrybutor r\u00f3\u017c licencyjnych dok\u0142adamy wszelkich stara\u0144, aby nasze kwiaty by\u0142y zdrowe, wyb\u00f3r szeroki, ceny przyst\u0119pne, a wysy\u0142ka zabezpieczona tak, by do ka\u017cdego naszego klienta dotar\u0142a w stanie nienaruszonym.<\/p>\n<p style=\"text-align: justify;\">R\u00f3\u017ce sprzedawane s\u0105 w doniczkach jako ma\u0142e przyrosty. Oferujemy szerok\u0105 gam\u0119 odmian tych szlachetnych kwiat\u00f3w. W \u0142atwy i szybki spos\u00f3b mo\u017cecie Pa\u0144stwo wybra\u0107 i zakupi\u0107 r\u00f3\u017ce, kieruj\u0105c si\u0119 indywidualnymi upodobaniami i potrzebami.<\/p>\n<p style=\"text-align: justify;\">Specjalizujemy si\u0119 mi\u0119dzy innymi w takich odmianach r\u00f3\u017c jak: Kordes, David Austin, Noack, Vissers czy Tantau. Dost\u0119pne s\u0105 u nas r\u00f3\u017ce rabatowe, wielokwiatowe, pn\u0105ce, parkowe, okrywowe, miniaturowe oraz pienne. Chcemy doda\u0107, \u017ce produkcj\u0119 prowadzimy z pasj\u0105 i mi\u0142o\u015bci\u0105, kt\u00f3re odzwierciedlaj\u0105 si\u0119 w jako\u015bci i wygl\u0105dzie naszych r\u00f3\u017c. Pog\u0142\u0119biaj\u0105c wiedz\u0119 na temat uprawy, piel\u0119gnacji i nowych odmian stali\u015bmy si\u0119 ekspertami w tej dziedzinie. Pragniemy wi\u0119c podzieli\u0107 si\u0119 z Pa\u0144stwem nasz\u0105 prac\u0105, oferuj\u0105c pi\u0119kne, kolorowe i pachn\u0105ce kwiaty r\u00f3\u017c.<\/p>\n<p>&nbsp;<\/p>\n<div class=\"vina-addon vina-addon-text-block vina-text-left \">\n<h2 class=\"vina-addon-title\" style=\"margin-top: 30px; margin-bottom: 14px; color: #e9576e; font-size: 18px; line-height: 18px; font-weight: bold; font-family: Oswald;\"><\/h2>\n<h2 class=\"vina-addon-title\" style=\"margin-top: 30px; margin-bottom: 14px; color: #e9576e; font-size: 18px; line-height: 18px; font-weight: bold; font-family: Oswald;\">Informacje<\/h2>\n<div class=\"vina-addon-content\">\n<p><i class=\"fa fa-map-marker\" style=\"color: #71757f; line-height: 20px; font-size: 20px; width: 35px;\"><\/i> \u0141opatki 2A, 98-100 \u0141ask<\/p>\n<p><i class=\"fa fa-envelope\" style=\"color: #71757f; line-height: 20px; font-size: 20px; width: 35px;\"><\/i>biuro@roza-sobieszek.pl<\/p>\n<p><i class=\"fa fa-phone\" style=\"color: #71757f; line-height: 20px; font-size: 20px; width: 35px;\"><\/i> 504 174 275<\/p>\n<\/div>\n<\/div>\n<p>&nbsp;<\/p>\n<h2 class=\"vina-addon-title\" style=\"margin-top: 30px; margin-bottom: 14px; color: #e9576e; font-size: 18px; line-height: 18px; font-weight: bold; font-family: Oswald;\">Wysy\u0142ka<\/h2>\n<div class=\"vina-addon-content\">\n<p>Od poniedzia\u0142ku do czwartku<\/p>\n<\/div>\n<p>&nbsp;<\/p>\n<p>&nbsp;<\/p>\n<p><iframe style=\"border: 0;\" tabindex=\"0\" src=\"https:\/\/www.google.com\/maps\/embed?pb=!1m18!1m12!1m3!1d19838.92480281779!2d19.11912110367709!3d51.57069731815326!2m3!1f0!2f0!3f0!3m2!1i1024!2i768!4f13.1!3m3!1m2!1s0x471a44035af5425b%3A0xabefc5dd208a444d!2s%C5%81opatki%202A%2C%2098-100%20%C5%81opatki!5e0!3m2!1spl!2spl!4v1594804403780!5m2!1spl!2spl\" width=\"1200\" height=\"450\" frameborder=\"0\" allowfullscreen=\"allowfullscreen\" aria-hidden=\"false\"><\/iframe><\/p>\n","protected":false},"excerpt":{"rendered":"<p>&nbsp; GOSPODARSTWO OGRODNICZE MARIUSZ SOBIESZEK &nbsp; Zajmujemy si\u0119 produkcj\u0105 i sprzeda\u017c\u0105 r\u00f3\u017c od 1991 roku. Jako dystrybutor r\u00f3\u017c licencyjnych dok\u0142adamy wszelkich stara\u0144, aby nasze kwiaty by\u0142y zdrowe, wyb\u00f3r szeroki, ceny przyst\u0119pne, a wysy\u0142ka zabezpieczona tak, by do ka\u017cdego naszego klienta dotar\u0142a w stanie nienaruszonym. R\u00f3\u017ce sprzedawane s\u0105 w doniczkach jako ma\u0142e przyrosty. Oferujemy szerok\u0105 gam\u0119 odmian tych szlachetnych kwiat\u00f3w. W \u0142atwy i szybki spos\u00f3b mo\u017cecie Pa\u0144stwo wybra\u0107 i zakupi\u0107 r\u00f3\u017ce, kieruj\u0105c si\u0119 indywidualnymi upodobaniami i potrzebami. Specjalizujemy si\u0119 mi\u0119dzy innymi w takich odmianach r\u00f3\u017c jak: Kordes, David Austin, Noack, Vissers czy Tantau. Dost\u0119pne s\u0105 u nas r\u00f3\u017ce rabatowe, wielokwiatowe, pn\u0105ce, parkowe, okrywowe, miniaturowe oraz pienne. Chcemy doda\u0107, \u017ce produkcj\u0119 prowadzimy z pasj\u0105 i mi\u0142o\u015bci\u0105, kt\u00f3re odzwierciedlaj\u0105 si\u0119 w jako\u015bci i wygl\u0105dzie naszych r\u00f3\u017c. Pog\u0142\u0119biaj\u0105c wiedz\u0119 na temat uprawy, piel\u0119gnacji i nowych odmian stali\u015bmy si\u0119 ekspertami w tej dziedzinie. Pragniemy wi\u0119c podzieli\u0107 si\u0119 z Pa\u0144stwem nasz\u0105 prac\u0105, oferuj\u0105c pi\u0119kne, kolorowe i pachn\u0105ce kwiaty r\u00f3\u017c. &nbsp; Informacje \u0141opatki 2A, 98-100 \u0141ask biuro@roza-sobieszek.pl 504 174 275 &nbsp; Wysy\u0142ka Od poniedzia\u0142ku do czwartku &nbsp; &nbsp;<\/p>\n","protected":false},"author":2,"featured_media":0,"parent":0,"menu_order":0,"comment_status":"closed","ping_status":"closed","template":"","meta":{"footnotes":""},"yoast_head":"<!-- This site is optimized with the Yoast SEO plugin v23.5 - https:\/\/yoast.com\/wordpress\/plugins\/seo\/ -->\n<title>Kontakt - R\u00f3\u017ce ogrodowe - Sklep Sobieszek producent<\/title>\n<meta name=\"robots\" content=\"index, follow, max-snippet:-1, max-image-preview:large, max-video-preview:-1\" \/>\n<link rel=\"canonical\" href=\"https:\/\/roza-sobieszek.pl\/sklep\/kontakt\/\" \/>\n<meta property=\"og:locale\" content=\"pl_PL\" \/>\n<meta property=\"og:type\" content=\"article\" \/>\n<meta property=\"og:title\" content=\"Kontakt - R\u00f3\u017ce ogrodowe - Sklep Sobieszek producent\" \/>\n<meta property=\"og:description\" content=\"&nbsp; GOSPODARSTWO OGRODNICZE MARIUSZ SOBIESZEK &nbsp; Zajmujemy si\u0119 produkcj\u0105 i sprzeda\u017c\u0105 r\u00f3\u017c od 1991 roku. Jako dystrybutor r\u00f3\u017c licencyjnych dok\u0142adamy wszelkich stara\u0144, aby nasze kwiaty by\u0142y zdrowe, wyb\u00f3r szeroki, ceny przyst\u0119pne, a wysy\u0142ka zabezpieczona tak, by do ka\u017cdego naszego klienta dotar\u0142a w stanie nienaruszonym. R\u00f3\u017ce sprzedawane s\u0105 w doniczkach jako ma\u0142e przyrosty. Oferujemy szerok\u0105 gam\u0119 odmian tych szlachetnych kwiat\u00f3w. W \u0142atwy i szybki spos\u00f3b mo\u017cecie Pa\u0144stwo wybra\u0107 i zakupi\u0107 r\u00f3\u017ce, kieruj\u0105c si\u0119 indywidualnymi upodobaniami i potrzebami. Specjalizujemy si\u0119 mi\u0119dzy innymi w takich odmianach r\u00f3\u017c jak: Kordes, David Austin, Noack, Vissers czy Tantau. Dost\u0119pne s\u0105 u nas r\u00f3\u017ce rabatowe, wielokwiatowe, pn\u0105ce, parkowe, okrywowe, miniaturowe oraz pienne. Chcemy doda\u0107, \u017ce produkcj\u0119 prowadzimy z pasj\u0105 i mi\u0142o\u015bci\u0105, kt\u00f3re odzwierciedlaj\u0105 si\u0119 w jako\u015bci i wygl\u0105dzie naszych r\u00f3\u017c. Pog\u0142\u0119biaj\u0105c wiedz\u0119 na temat uprawy, piel\u0119gnacji i nowych odmian stali\u015bmy si\u0119 ekspertami w tej dziedzinie. Pragniemy wi\u0119c podzieli\u0107 si\u0119 z Pa\u0144stwem nasz\u0105 prac\u0105, oferuj\u0105c pi\u0119kne, kolorowe i pachn\u0105ce kwiaty r\u00f3\u017c. &nbsp; Informacje \u0141opatki 2A, 98-100 \u0141ask biuro@roza-sobieszek.pl 504 174 275 &nbsp; Wysy\u0142ka Od poniedzia\u0142ku do czwartku &nbsp; &nbsp;\" \/>\n<meta property=\"og:url\" content=\"https:\/\/roza-sobieszek.pl\/sklep\/kontakt\/\" \/>\n<meta property=\"og:site_name\" content=\"R\u00f3\u017ce ogrodowe - Sklep Sobieszek producent\" \/>\n<meta property=\"article:publisher\" content=\"https:\/\/www.facebook.com\/profile.php?id=100063681485170\" \/>\n<meta property=\"article:modified_time\" content=\"2023-08-30T18:21:31+00:00\" \/>\n<meta name=\"twitter:card\" content=\"summary_large_image\" \/>\n<meta name=\"twitter:label1\" content=\"Szacowany czas czytania\" \/>\n\t<meta name=\"twitter:data1\" content=\"2 minuty\" \/>\n<script type=\"application\/ld+json\" class=\"yoast-schema-graph\">{\"@context\":\"https:\/\/schema.org\",\"@graph\":[{\"@type\":\"WebPage\",\"@id\":\"https:\/\/roza-sobieszek.pl\/sklep\/kontakt\/\",\"url\":\"https:\/\/roza-sobieszek.pl\/sklep\/kontakt\/\",\"name\":\"Kontakt - R\u00f3\u017ce ogrodowe - Sklep Sobieszek producent\",\"isPartOf\":{\"@id\":\"https:\/\/roza-sobieszek.pl\/sklep\/#website\"},\"datePublished\":\"2015-08-06T02:34:12+00:00\",\"dateModified\":\"2023-08-30T18:21:31+00:00\",\"breadcrumb\":{\"@id\":\"https:\/\/roza-sobieszek.pl\/sklep\/kontakt\/#breadcrumb\"},\"inLanguage\":\"pl-PL\",\"potentialAction\":[{\"@type\":\"ReadAction\",\"target\":[\"https:\/\/roza-sobieszek.pl\/sklep\/kontakt\/\"]}]},{\"@type\":\"BreadcrumbList\",\"@id\":\"https:\/\/roza-sobieszek.pl\/sklep\/kontakt\/#breadcrumb\",\"itemListElement\":[{\"@type\":\"ListItem\",\"position\":1,\"name\":\"Strona g\u0142\u00f3wna\",\"item\":\"https:\/\/roza-sobieszek.pl\/sklep\/\"},{\"@type\":\"ListItem\",\"position\":2,\"name\":\"Kontakt\"}]},{\"@type\":\"WebSite\",\"@id\":\"https:\/\/roza-sobieszek.pl\/sklep\/#website\",\"url\":\"https:\/\/roza-sobieszek.pl\/sklep\/\",\"name\":\"R\u00f3\u017ce ogrodowe - Sklep Sobieszek producent\",\"description\":\"\",\"publisher\":{\"@id\":\"https:\/\/roza-sobieszek.pl\/sklep\/#organization\"},\"potentialAction\":[{\"@type\":\"SearchAction\",\"target\":{\"@type\":\"EntryPoint\",\"urlTemplate\":\"https:\/\/roza-sobieszek.pl\/sklep\/?s={search_term_string}\"},\"query-input\":{\"@type\":\"PropertyValueSpecification\",\"valueRequired\":true,\"valueName\":\"search_term_string\"}}],\"inLanguage\":\"pl-PL\"},{\"@type\":\"Organization\",\"@id\":\"https:\/\/roza-sobieszek.pl\/sklep\/#organization\",\"name\":\"R\u00f3\u017ce ogrodowe - Sklep Sobieszek producent\",\"url\":\"https:\/\/roza-sobieszek.pl\/sklep\/\",\"logo\":{\"@type\":\"ImageObject\",\"inLanguage\":\"pl-PL\",\"@id\":\"https:\/\/roza-sobieszek.pl\/sklep\/#\/schema\/logo\/image\/\",\"url\":\"https:\/\/roza-sobieszek.pl\/sklep\/wp-content\/uploads\/2016\/08\/IMG_0358-1.jpg\",\"contentUrl\":\"https:\/\/roza-sobieszek.pl\/sklep\/wp-content\/uploads\/2016\/08\/IMG_0358-1.jpg\",\"width\":2048,\"height\":1365,\"caption\":\"R\u00f3\u017ce ogrodowe - Sklep Sobieszek producent\"},\"image\":{\"@id\":\"https:\/\/roza-sobieszek.pl\/sklep\/#\/schema\/logo\/image\/\"},\"sameAs\":[\"https:\/\/www.facebook.com\/profile.php?id=100063681485170\"]}]}<\/script>\n<!-- \/ Yoast SEO plugin. -->","yoast_head_json":{"title":"Kontakt - R\u00f3\u017ce ogrodowe - Sklep Sobieszek producent","robots":{"index":"index","follow":"follow","max-snippet":"max-snippet:-1","max-image-preview":"max-image-preview:large","max-video-preview":"max-video-preview:-1"},"canonical":"https:\/\/roza-sobieszek.pl\/sklep\/kontakt\/","og_locale":"pl_PL","og_type":"article","og_title":"Kontakt - R\u00f3\u017ce ogrodowe - Sklep Sobieszek producent","og_description":"&nbsp; GOSPODARSTWO OGRODNICZE MARIUSZ SOBIESZEK &nbsp; Zajmujemy si\u0119 produkcj\u0105 i sprzeda\u017c\u0105 r\u00f3\u017c od 1991 roku. Jako dystrybutor r\u00f3\u017c licencyjnych dok\u0142adamy wszelkich stara\u0144, aby nasze kwiaty by\u0142y zdrowe, wyb\u00f3r szeroki, ceny przyst\u0119pne, a wysy\u0142ka zabezpieczona tak, by do ka\u017cdego naszego klienta dotar\u0142a w stanie nienaruszonym. R\u00f3\u017ce sprzedawane s\u0105 w doniczkach jako ma\u0142e przyrosty. Oferujemy szerok\u0105 gam\u0119 odmian tych szlachetnych kwiat\u00f3w. W \u0142atwy i szybki spos\u00f3b mo\u017cecie Pa\u0144stwo wybra\u0107 i zakupi\u0107 r\u00f3\u017ce, kieruj\u0105c si\u0119 indywidualnymi upodobaniami i potrzebami. Specjalizujemy si\u0119 mi\u0119dzy innymi w takich odmianach r\u00f3\u017c jak: Kordes, David Austin, Noack, Vissers czy Tantau. Dost\u0119pne s\u0105 u nas r\u00f3\u017ce rabatowe, wielokwiatowe, pn\u0105ce, parkowe, okrywowe, miniaturowe oraz pienne. Chcemy doda\u0107, \u017ce produkcj\u0119 prowadzimy z pasj\u0105 i mi\u0142o\u015bci\u0105, kt\u00f3re odzwierciedlaj\u0105 si\u0119 w jako\u015bci i wygl\u0105dzie naszych r\u00f3\u017c. Pog\u0142\u0119biaj\u0105c wiedz\u0119 na temat uprawy, piel\u0119gnacji i nowych odmian stali\u015bmy si\u0119 ekspertami w tej dziedzinie. Pragniemy wi\u0119c podzieli\u0107 si\u0119 z Pa\u0144stwem nasz\u0105 prac\u0105, oferuj\u0105c pi\u0119kne, kolorowe i pachn\u0105ce kwiaty r\u00f3\u017c. &nbsp; Informacje \u0141opatki 2A, 98-100 \u0141ask biuro@roza-sobieszek.pl 504 174 275 &nbsp; Wysy\u0142ka Od poniedzia\u0142ku do czwartku &nbsp; &nbsp;","og_url":"https:\/\/roza-sobieszek.pl\/sklep\/kontakt\/","og_site_name":"R\u00f3\u017ce ogrodowe - Sklep Sobieszek producent","article_publisher":"https:\/\/www.facebook.com\/profile.php?id=100063681485170","article_modified_time":"2023-08-30T18:21:31+00:00","twitter_card":"summary_large_image","twitter_misc":{"Szacowany czas czytania":"2 minuty"},"schema":{"@context":"https:\/\/schema.org","@graph":[{"@type":"WebPage","@id":"https:\/\/roza-sobieszek.pl\/sklep\/kontakt\/","url":"https:\/\/roza-sobieszek.pl\/sklep\/kontakt\/","name":"Kontakt - R\u00f3\u017ce ogrodowe - Sklep Sobieszek producent","isPartOf":{"@id":"https:\/\/roza-sobieszek.pl\/sklep\/#website"},"datePublished":"2015-08-06T02:34:12+00:00","dateModified":"2023-08-30T18:21:31+00:00","breadcrumb":{"@id":"https:\/\/roza-sobieszek.pl\/sklep\/kontakt\/#breadcrumb"},"inLanguage":"pl-PL","potentialAction":[{"@type":"ReadAction","target":["https:\/\/roza-sobieszek.pl\/sklep\/kontakt\/"]}]},{"@type":"BreadcrumbList","@id":"https:\/\/roza-sobieszek.pl\/sklep\/kontakt\/#breadcrumb","itemListElement":[{"@type":"ListItem","position":1,"name":"Strona g\u0142\u00f3wna","item":"https:\/\/roza-sobieszek.pl\/sklep\/"},{"@type":"ListItem","position":2,"name":"Kontakt"}]},{"@type":"WebSite","@id":"https:\/\/roza-sobieszek.pl\/sklep\/#website","url":"https:\/\/roza-sobieszek.pl\/sklep\/","name":"R\u00f3\u017ce ogrodowe - Sklep Sobieszek producent","description":"","publisher":{"@id":"https:\/\/roza-sobieszek.pl\/sklep\/#organization"},"potentialAction":[{"@type":"SearchAction","target":{"@type":"EntryPoint","urlTemplate":"https:\/\/roza-sobieszek.pl\/sklep\/?s={search_term_string}"},"query-input":{"@type":"PropertyValueSpecification","valueRequired":true,"valueName":"search_term_string"}}],"inLanguage":"pl-PL"},{"@type":"Organization","@id":"https:\/\/roza-sobieszek.pl\/sklep\/#organization","name":"R\u00f3\u017ce ogrodowe - Sklep Sobieszek producent","url":"https:\/\/roza-sobieszek.pl\/sklep\/","logo":{"@type":"ImageObject","inLanguage":"pl-PL","@id":"https:\/\/roza-sobieszek.pl\/sklep\/#\/schema\/logo\/image\/","url":"https:\/\/roza-sobieszek.pl\/sklep\/wp-content\/uploads\/2016\/08\/IMG_0358-1.jpg","contentUrl":"https:\/\/roza-sobieszek.pl\/sklep\/wp-content\/uploads\/2016\/08\/IMG_0358-1.jpg","width":2048,"height":1365,"caption":"R\u00f3\u017ce ogrodowe - Sklep Sobieszek producent"},"image":{"@id":"https:\/\/roza-sobieszek.pl\/sklep\/#\/schema\/logo\/image\/"},"sameAs":["https:\/\/www.facebook.com\/profile.php?id=100063681485170"]}]}},"_links":{"self":[{"href":"https:\/\/roza-sobieszek.pl\/sklep\/wp-json\/wp\/v2\/pages\/2619"}],"collection":[{"href":"https:\/\/roza-sobieszek.pl\/sklep\/wp-json\/wp\/v2\/pages"}],"about":[{"href":"https:\/\/roza-sobieszek.pl\/sklep\/wp-json\/wp\/v2\/types\/page"}],"author":[{"embeddable":true,"href":"https:\/\/roza-sobieszek.pl\/sklep\/wp-json\/wp\/v2\/users\/2"}],"replies":[{"embeddable":true,"href":"https:\/\/roza-sobieszek.pl\/sklep\/wp-json\/wp\/v2\/comments?post=2619"}],"version-history":[{"count":0,"href":"https:\/\/roza-sobieszek.pl\/sklep\/wp-json\/wp\/v2\/pages\/2619\/revisions"}],"wp:attachment":[{"href":"https:\/\/roza-sobieszek.pl\/sklep\/wp-json\/wp\/v2\/media?parent=2619"}],"curies":[{"name":"wp","href":"https:\/\/api.w.org\/{rel}","templated":true}]}}