{"id":13751,"date":"2023-06-01T14:43:16","date_gmt":"2023-06-01T14:43:16","guid":{"rendered":"https:\/\/roza-sobieszek.pl\/sklep\/?post_type=product&#038;p=13751"},"modified":"2025-10-22T07:44:18","modified_gmt":"2025-10-22T07:44:18","slug":"roza-okrywowa-krzaczasta-balou","status":"publish","type":"product","link":"https:\/\/roza-sobieszek.pl\/sklep\/produkt\/roza-okrywowa-krzaczasta-balou\/","title":{"rendered":"R\u00f3\u017ca Okrywowa Krzaczasta Balou\u00ae"},"content":{"rendered":"<h2>R\u00f3\u017ca Balou\u00ae<\/h2>\n<p>Balou\u00ae jest to r\u00f3\u017ca okrywowa z serii r\u00f3\u017c Flower Carpet\u00ae wychodowana przez firm\u0119 Noack Rosen. Jej jasne kwiaty przyci\u0105gaj\u0105 uwag\u0119 w ka\u017cdym otoczeniu, nadaj\u0105c elegancji w r\u00f3\u017cnych konfiguracjach. O niskim, bardzo zwartym wzro\u015bcie i pokroju, jest idealna na obrze\u017ca klomb\u00f3w. Wa\u017cnym atut stanowi doskona\u0142a kondycja li\u015bci oraz obfite kwitnienie, co czyni t\u0119 odmian\u0119 wyj\u0105tkowo wszechstronn\u0105. Co ciekawe, BALOU\u00ae utrzymuje si\u0119 w dobrym stanie, nie wymagaj\u0105c radykalnego przycinania latem. Jej wyraziste, jaskrawoczerwone kwiaty, kt\u00f3re w miar\u0119 wi\u0119dni\u0119cia mog\u0105 subtelnie zmienia\u0107 kolor na niebieski, tworz\u0105 spektakularny efekt na znaczn\u0105 odleg\u0142o\u015b\u0107. Bez wzgl\u0119du na to, czy to p\u0142askie nasadzenie, niski \u017cywop\u0142ot czy donica &#8211; BALOU\u00ae to zawsze trafiony wyb\u00f3r.<\/p>\n<h2><span style=\"border-radius: 2px; text-indent: 20px; width: auto; padding: 0px 4px 0px 0px; text-align: center; font: bold 11px\/20px 'Helvetica Neue',Helvetica,sans-serif; color: #ffffff; background: #bd081c no-repeat scroll 3px 50% \/ 14px 14px; position: absolute; opacity: 1; z-index: 8675309; display: none; cursor: pointer;\">Zapisz<\/span><\/h2>\n","protected":false},"excerpt":{"rendered":"<ul>\n<li>Nazwa: Balou\u00ae<\/li>\n<li>Kolor: jaskrawoczerwony<\/li>\n<li>Wzrost: 40-50 cm<\/li>\n<li>Wielko\u015b\u0107 kwiatu: ok 3-4 cm<\/li>\n<li>Zapach: brak<\/li>\n<li>Odporno\u015b\u0107 na choroby: bardzo dobra<\/li>\n<li>Stanowisko: s\u0142oneczne<\/li>\n<li>Okres kwitnienia: VI \u2013 X<\/li>\n<li>Powtarza kwitnienie: tak<\/li>\n<li>Typ: r\u00f3\u017ca okrywowa, krzaczasta<\/li>\n<li>Mrozoodporno\u015b\u0107: bardzo dobra<\/li>\n<\/ul>\n","protected":false},"featured_media":13786,"comment_status":"open","ping_status":"closed","template":"","meta":[],"product_brand":[281],"product_cat":[229,203],"product_tag":[232,231,228,205],"yoast_head":"<!-- This site is optimized with the Yoast SEO plugin v23.5 - https:\/\/yoast.com\/wordpress\/plugins\/seo\/ -->\n<title>R\u00f3\u017ca Okrywowa Krzaczasta Balou\u00ae - R\u00f3\u017ce ogrodowe - Sklep Sobieszek producent<\/title>\n<meta name=\"description\" content=\"Jej jasne kwiaty przyci\u0105gaj\u0105 uwag\u0119 w ka\u017cdym otoczeniu, nadaj\u0105c elegancji w r\u00f3\u017cnych konfiguracjach. O niskim, bardzo zwartym wzro\u015bcie i pokroju\" \/>\n<meta name=\"robots\" content=\"index, follow, max-snippet:-1, max-image-preview:large, max-video-preview:-1\" \/>\n<link rel=\"canonical\" href=\"https:\/\/roza-sobieszek.pl\/sklep\/produkt\/roza-okrywowa-krzaczasta-balou\/\" \/>\n<meta property=\"og:locale\" content=\"pl_PL\" \/>\n<meta property=\"og:type\" content=\"article\" \/>\n<meta property=\"og:title\" content=\"R\u00f3\u017ca Okrywowa Krzaczasta Balou\u00ae - R\u00f3\u017ce ogrodowe - Sklep Sobieszek producent\" \/>\n<meta property=\"og:description\" content=\"Jej jasne kwiaty przyci\u0105gaj\u0105 uwag\u0119 w ka\u017cdym otoczeniu, nadaj\u0105c elegancji w r\u00f3\u017cnych konfiguracjach. O niskim, bardzo zwartym wzro\u015bcie i pokroju\" \/>\n<meta property=\"og:url\" content=\"https:\/\/roza-sobieszek.pl\/sklep\/produkt\/roza-okrywowa-krzaczasta-balou\/\" \/>\n<meta property=\"og:site_name\" content=\"R\u00f3\u017ce ogrodowe - Sklep Sobieszek producent\" \/>\n<meta property=\"article:publisher\" content=\"https:\/\/www.facebook.com\/profile.php?id=100063681485170\" \/>\n<meta property=\"article:modified_time\" content=\"2025-10-22T07:44:18+00:00\" \/>\n<meta property=\"og:image\" content=\"https:\/\/roza-sobieszek.pl\/sklep\/wp-content\/uploads\/2023\/06\/Balou_21_B_18-scaled.jpg\" \/>\n\t<meta property=\"og:image:width\" content=\"1707\" \/>\n\t<meta property=\"og:image:height\" content=\"2560\" \/>\n\t<meta property=\"og:image:type\" content=\"image\/jpeg\" \/>\n<meta name=\"twitter:card\" content=\"summary_large_image\" \/>\n<meta name=\"twitter:label1\" content=\"Szacowany czas czytania\" \/>\n\t<meta name=\"twitter:data1\" content=\"1 minuta\" \/>\n<script type=\"application\/ld+json\" class=\"yoast-schema-graph\">{\"@context\":\"https:\/\/schema.org\",\"@graph\":[{\"@type\":\"WebPage\",\"@id\":\"https:\/\/roza-sobieszek.pl\/sklep\/produkt\/roza-okrywowa-krzaczasta-balou\/\",\"url\":\"https:\/\/roza-sobieszek.pl\/sklep\/produkt\/roza-okrywowa-krzaczasta-balou\/\",\"name\":\"R\u00f3\u017ca Okrywowa Krzaczasta Balou\u00ae - R\u00f3\u017ce ogrodowe - Sklep Sobieszek producent\",\"isPartOf\":{\"@id\":\"https:\/\/roza-sobieszek.pl\/sklep\/#website\"},\"primaryImageOfPage\":{\"@id\":\"https:\/\/roza-sobieszek.pl\/sklep\/produkt\/roza-okrywowa-krzaczasta-balou\/#primaryimage\"},\"image\":{\"@id\":\"https:\/\/roza-sobieszek.pl\/sklep\/produkt\/roza-okrywowa-krzaczasta-balou\/#primaryimage\"},\"thumbnailUrl\":\"https:\/\/roza-sobieszek.pl\/sklep\/wp-content\/uploads\/2023\/06\/Balou_21_B_18-scaled.jpg\",\"datePublished\":\"2023-06-01T14:43:16+00:00\",\"dateModified\":\"2025-10-22T07:44:18+00:00\",\"description\":\"Jej jasne kwiaty przyci\u0105gaj\u0105 uwag\u0119 w ka\u017cdym otoczeniu, nadaj\u0105c elegancji w r\u00f3\u017cnych konfiguracjach. O niskim, bardzo zwartym wzro\u015bcie i pokroju\",\"breadcrumb\":{\"@id\":\"https:\/\/roza-sobieszek.pl\/sklep\/produkt\/roza-okrywowa-krzaczasta-balou\/#breadcrumb\"},\"inLanguage\":\"pl-PL\",\"potentialAction\":[{\"@type\":\"ReadAction\",\"target\":[\"https:\/\/roza-sobieszek.pl\/sklep\/produkt\/roza-okrywowa-krzaczasta-balou\/\"]}]},{\"@type\":\"ImageObject\",\"inLanguage\":\"pl-PL\",\"@id\":\"https:\/\/roza-sobieszek.pl\/sklep\/produkt\/roza-okrywowa-krzaczasta-balou\/#primaryimage\",\"url\":\"https:\/\/roza-sobieszek.pl\/sklep\/wp-content\/uploads\/2023\/06\/Balou_21_B_18-scaled.jpg\",\"contentUrl\":\"https:\/\/roza-sobieszek.pl\/sklep\/wp-content\/uploads\/2023\/06\/Balou_21_B_18-scaled.jpg\",\"width\":1707,\"height\":2560},{\"@type\":\"BreadcrumbList\",\"@id\":\"https:\/\/roza-sobieszek.pl\/sklep\/produkt\/roza-okrywowa-krzaczasta-balou\/#breadcrumb\",\"itemListElement\":[{\"@type\":\"ListItem\",\"position\":1,\"name\":\"Strona g\u0142\u00f3wna\",\"item\":\"https:\/\/roza-sobieszek.pl\/sklep\/\"},{\"@type\":\"ListItem\",\"position\":2,\"name\":\"Shop\",\"item\":\"https:\/\/roza-sobieszek.pl\/sklep\/shop\/\"},{\"@type\":\"ListItem\",\"position\":3,\"name\":\"R\u00f3\u017ca Okrywowa Krzaczasta Balou\u00ae\"}]},{\"@type\":\"WebSite\",\"@id\":\"https:\/\/roza-sobieszek.pl\/sklep\/#website\",\"url\":\"https:\/\/roza-sobieszek.pl\/sklep\/\",\"name\":\"R\u00f3\u017ce ogrodowe - Sklep Sobieszek producent\",\"description\":\"\",\"publisher\":{\"@id\":\"https:\/\/roza-sobieszek.pl\/sklep\/#organization\"},\"potentialAction\":[{\"@type\":\"SearchAction\",\"target\":{\"@type\":\"EntryPoint\",\"urlTemplate\":\"https:\/\/roza-sobieszek.pl\/sklep\/?s={search_term_string}\"},\"query-input\":{\"@type\":\"PropertyValueSpecification\",\"valueRequired\":true,\"valueName\":\"search_term_string\"}}],\"inLanguage\":\"pl-PL\"},{\"@type\":\"Organization\",\"@id\":\"https:\/\/roza-sobieszek.pl\/sklep\/#organization\",\"name\":\"R\u00f3\u017ce ogrodowe - Sklep Sobieszek producent\",\"url\":\"https:\/\/roza-sobieszek.pl\/sklep\/\",\"logo\":{\"@type\":\"ImageObject\",\"inLanguage\":\"pl-PL\",\"@id\":\"https:\/\/roza-sobieszek.pl\/sklep\/#\/schema\/logo\/image\/\",\"url\":\"https:\/\/roza-sobieszek.pl\/sklep\/wp-content\/uploads\/2016\/08\/IMG_0358-1.jpg\",\"contentUrl\":\"https:\/\/roza-sobieszek.pl\/sklep\/wp-content\/uploads\/2016\/08\/IMG_0358-1.jpg\",\"width\":2048,\"height\":1365,\"caption\":\"R\u00f3\u017ce ogrodowe - Sklep Sobieszek producent\"},\"image\":{\"@id\":\"https:\/\/roza-sobieszek.pl\/sklep\/#\/schema\/logo\/image\/\"},\"sameAs\":[\"https:\/\/www.facebook.com\/profile.php?id=100063681485170\"]}]}<\/script>\n<!-- \/ Yoast SEO plugin. -->","yoast_head_json":{"title":"R\u00f3\u017ca Okrywowa Krzaczasta Balou\u00ae - R\u00f3\u017ce ogrodowe - Sklep Sobieszek producent","description":"Jej jasne kwiaty przyci\u0105gaj\u0105 uwag\u0119 w ka\u017cdym otoczeniu, nadaj\u0105c elegancji w r\u00f3\u017cnych konfiguracjach. O niskim, bardzo zwartym wzro\u015bcie i pokroju","robots":{"index":"index","follow":"follow","max-snippet":"max-snippet:-1","max-image-preview":"max-image-preview:large","max-video-preview":"max-video-preview:-1"},"canonical":"https:\/\/roza-sobieszek.pl\/sklep\/produkt\/roza-okrywowa-krzaczasta-balou\/","og_locale":"pl_PL","og_type":"article","og_title":"R\u00f3\u017ca Okrywowa Krzaczasta Balou\u00ae - R\u00f3\u017ce ogrodowe - Sklep Sobieszek producent","og_description":"Jej jasne kwiaty przyci\u0105gaj\u0105 uwag\u0119 w ka\u017cdym otoczeniu, nadaj\u0105c elegancji w r\u00f3\u017cnych konfiguracjach. O niskim, bardzo zwartym wzro\u015bcie i pokroju","og_url":"https:\/\/roza-sobieszek.pl\/sklep\/produkt\/roza-okrywowa-krzaczasta-balou\/","og_site_name":"R\u00f3\u017ce ogrodowe - Sklep Sobieszek producent","article_publisher":"https:\/\/www.facebook.com\/profile.php?id=100063681485170","article_modified_time":"2025-10-22T07:44:18+00:00","og_image":[{"width":1707,"height":2560,"url":"https:\/\/roza-sobieszek.pl\/sklep\/wp-content\/uploads\/2023\/06\/Balou_21_B_18-scaled.jpg","type":"image\/jpeg"}],"twitter_card":"summary_large_image","twitter_misc":{"Szacowany czas czytania":"1 minuta"},"schema":{"@context":"https:\/\/schema.org","@graph":[{"@type":"WebPage","@id":"https:\/\/roza-sobieszek.pl\/sklep\/produkt\/roza-okrywowa-krzaczasta-balou\/","url":"https:\/\/roza-sobieszek.pl\/sklep\/produkt\/roza-okrywowa-krzaczasta-balou\/","name":"R\u00f3\u017ca Okrywowa Krzaczasta Balou\u00ae - R\u00f3\u017ce ogrodowe - Sklep Sobieszek producent","isPartOf":{"@id":"https:\/\/roza-sobieszek.pl\/sklep\/#website"},"primaryImageOfPage":{"@id":"https:\/\/roza-sobieszek.pl\/sklep\/produkt\/roza-okrywowa-krzaczasta-balou\/#primaryimage"},"image":{"@id":"https:\/\/roza-sobieszek.pl\/sklep\/produkt\/roza-okrywowa-krzaczasta-balou\/#primaryimage"},"thumbnailUrl":"https:\/\/roza-sobieszek.pl\/sklep\/wp-content\/uploads\/2023\/06\/Balou_21_B_18-scaled.jpg","datePublished":"2023-06-01T14:43:16+00:00","dateModified":"2025-10-22T07:44:18+00:00","description":"Jej jasne kwiaty przyci\u0105gaj\u0105 uwag\u0119 w ka\u017cdym otoczeniu, nadaj\u0105c elegancji w r\u00f3\u017cnych konfiguracjach. O niskim, bardzo zwartym wzro\u015bcie i pokroju","breadcrumb":{"@id":"https:\/\/roza-sobieszek.pl\/sklep\/produkt\/roza-okrywowa-krzaczasta-balou\/#breadcrumb"},"inLanguage":"pl-PL","potentialAction":[{"@type":"ReadAction","target":["https:\/\/roza-sobieszek.pl\/sklep\/produkt\/roza-okrywowa-krzaczasta-balou\/"]}]},{"@type":"ImageObject","inLanguage":"pl-PL","@id":"https:\/\/roza-sobieszek.pl\/sklep\/produkt\/roza-okrywowa-krzaczasta-balou\/#primaryimage","url":"https:\/\/roza-sobieszek.pl\/sklep\/wp-content\/uploads\/2023\/06\/Balou_21_B_18-scaled.jpg","contentUrl":"https:\/\/roza-sobieszek.pl\/sklep\/wp-content\/uploads\/2023\/06\/Balou_21_B_18-scaled.jpg","width":1707,"height":2560},{"@type":"BreadcrumbList","@id":"https:\/\/roza-sobieszek.pl\/sklep\/produkt\/roza-okrywowa-krzaczasta-balou\/#breadcrumb","itemListElement":[{"@type":"ListItem","position":1,"name":"Strona g\u0142\u00f3wna","item":"https:\/\/roza-sobieszek.pl\/sklep\/"},{"@type":"ListItem","position":2,"name":"Shop","item":"https:\/\/roza-sobieszek.pl\/sklep\/shop\/"},{"@type":"ListItem","position":3,"name":"R\u00f3\u017ca Okrywowa Krzaczasta Balou\u00ae"}]},{"@type":"WebSite","@id":"https:\/\/roza-sobieszek.pl\/sklep\/#website","url":"https:\/\/roza-sobieszek.pl\/sklep\/","name":"R\u00f3\u017ce ogrodowe - Sklep Sobieszek producent","description":"","publisher":{"@id":"https:\/\/roza-sobieszek.pl\/sklep\/#organization"},"potentialAction":[{"@type":"SearchAction","target":{"@type":"EntryPoint","urlTemplate":"https:\/\/roza-sobieszek.pl\/sklep\/?s={search_term_string}"},"query-input":{"@type":"PropertyValueSpecification","valueRequired":true,"valueName":"search_term_string"}}],"inLanguage":"pl-PL"},{"@type":"Organization","@id":"https:\/\/roza-sobieszek.pl\/sklep\/#organization","name":"R\u00f3\u017ce ogrodowe - Sklep Sobieszek producent","url":"https:\/\/roza-sobieszek.pl\/sklep\/","logo":{"@type":"ImageObject","inLanguage":"pl-PL","@id":"https:\/\/roza-sobieszek.pl\/sklep\/#\/schema\/logo\/image\/","url":"https:\/\/roza-sobieszek.pl\/sklep\/wp-content\/uploads\/2016\/08\/IMG_0358-1.jpg","contentUrl":"https:\/\/roza-sobieszek.pl\/sklep\/wp-content\/uploads\/2016\/08\/IMG_0358-1.jpg","width":2048,"height":1365,"caption":"R\u00f3\u017ce ogrodowe - Sklep Sobieszek producent"},"image":{"@id":"https:\/\/roza-sobieszek.pl\/sklep\/#\/schema\/logo\/image\/"},"sameAs":["https:\/\/www.facebook.com\/profile.php?id=100063681485170"]}]}},"_links":{"self":[{"href":"https:\/\/roza-sobieszek.pl\/sklep\/wp-json\/wp\/v2\/product\/13751"}],"collection":[{"href":"https:\/\/roza-sobieszek.pl\/sklep\/wp-json\/wp\/v2\/product"}],"about":[{"href":"https:\/\/roza-sobieszek.pl\/sklep\/wp-json\/wp\/v2\/types\/product"}],"replies":[{"embeddable":true,"href":"https:\/\/roza-sobieszek.pl\/sklep\/wp-json\/wp\/v2\/comments?post=13751"}],"wp:featuredmedia":[{"embeddable":true,"href":"https:\/\/roza-sobieszek.pl\/sklep\/wp-json\/wp\/v2\/media\/13786"}],"wp:attachment":[{"href":"https:\/\/roza-sobieszek.pl\/sklep\/wp-json\/wp\/v2\/media?parent=13751"}],"wp:term":[{"taxonomy":"product_brand","embeddable":true,"href":"https:\/\/roza-sobieszek.pl\/sklep\/wp-json\/wp\/v2\/product_brand?post=13751"},{"taxonomy":"product_cat","embeddable":true,"href":"https:\/\/roza-sobieszek.pl\/sklep\/wp-json\/wp\/v2\/product_cat?post=13751"},{"taxonomy":"product_tag","embeddable":true,"href":"https:\/\/roza-sobieszek.pl\/sklep\/wp-json\/wp\/v2\/product_tag?post=13751"}],"curies":[{"name":"wp","href":"https:\/\/api.w.org\/{rel}","templated":true}]}}