{"id":13803,"date":"2023-08-10T09:34:28","date_gmt":"2023-08-10T09:34:28","guid":{"rendered":"https:\/\/roza-sobieszek.pl\/sklep\/?post_type=product&#038;p=13803"},"modified":"2026-03-23T10:55:55","modified_gmt":"2026-03-23T10:55:55","slug":"roza-wielkokwiatowa-comeback","status":"publish","type":"product","link":"https:\/\/roza-sobieszek.pl\/sklep\/produkt\/roza-wielkokwiatowa-comeback\/","title":{"rendered":"R\u00f3\u017ca Wielkokwiatowa Comeback\u00ae"},"content":{"rendered":"<h2>R\u00f3\u017ca Comeback\u00ae<\/h2>\n<p>Comeback\u00ae to wspania\u0142a r\u00f3\u017ca dla dusz romantycznych. Wprowadza na ogrodow\u0105 scen\u0119 marzycielski zapach, kt\u00f3ry z pewno\u015bci\u0105 urzeka. Jej pe\u0142ne kwiaty to prawdziwe dzie\u0142a sztuki, prezentuj\u0105ce interesuj\u0105c\u0105 gr\u0119 kolor\u00f3w &#8211; od intensywnego r\u00f3\u017cu o nutach moreli, do delikatnego r\u00f3\u017cu. Kolorowe akcenty podkre\u015blaj\u0105 kontrastowo ciemnozielone, wyj\u0105tkowo l\u015bni\u0105ce li\u015bcie. R\u00f3\u017ca ta najlepiej ro\u015bnie w pe\u0142nym s\u0142o\u0144cu. W ogrodzie i wyj\u0105tkowo harmonizuje z bylinami o niebieskich kwiatach, takimi jak kocimi\u0119tka, lawenda czy sza\u0142wia ozdobna. Jej kwiaty s\u0105 nie tylko wdzi\u0119cznym elementem bukiet\u00f3w, ale tak\u017ce utrzymuj\u0105 si\u0119 w nienagannym stanie, rozpowszechniaj\u0105c wspania\u0142y, r\u00f3\u017cany aromat w ca\u0142ym domu.<\/p>\n<h2><span style=\"border-radius: 2px; text-indent: 20px; width: auto; padding: 0px 4px 0px 0px; text-align: center; font: bold 11px\/20px 'Helvetica Neue',Helvetica,sans-serif; color: #ffffff; background: #bd081c no-repeat scroll 3px 50% \/ 14px 14px; position: absolute; opacity: 1; z-index: 8675309; display: none; cursor: pointer;\">Zapisz<\/span><\/h2>\n","protected":false},"excerpt":{"rendered":"<ul>\n<li>Nazwa: Comeback\u00ae<\/li>\n<li>Kolor: jasno r\u00f3\u017cowy z lekko morelowym \u015brodkiem<\/li>\n<li>Wzrost: 70-90\u00a0 cm<\/li>\n<li>Wielko\u015b\u0107 kwiatu: ok 10 cm<\/li>\n<li>Zapach: intensywny<\/li>\n<li>Odporno\u015b\u0107 na choroby:\u00a0 dobra<\/li>\n<li>Stanowisko: s\u0142oneczne<\/li>\n<li>Okres kwitnienia: VI \u2013 X<\/li>\n<li>Powtarza kwitnienie: tak<\/li>\n<li>Typ: r\u00f3\u017ca wielkokwiatowa<\/li>\n<li>Mrozoodporno\u015b\u0107: bardzo dobra<\/li>\n<\/ul>\n","protected":false},"featured_media":13806,"comment_status":"open","ping_status":"closed","template":"","meta":[],"product_brand":[281],"product_cat":[229,159,199],"product_tag":[232,231,228,206,185],"yoast_head":"<!-- This site is optimized with the Yoast SEO plugin v23.5 - https:\/\/yoast.com\/wordpress\/plugins\/seo\/ -->\n<title>R\u00f3\u017ca Wielkokwiatowa Comeback\u00ae - R\u00f3\u017ce ogrodowe - Sklep Sobieszek producent<\/title>\n<meta name=\"description\" content=\"Jej kwiaty s\u0105 nie tylko wdzi\u0119cznym elementem bukiet\u00f3w, ale tak\u017ce utrzymuj\u0105 si\u0119 w nienagannym stanie, rozpowszechniaj\u0105c wspania\u0142y, r\u00f3\u017cany aromat w ca\u0142ym domu.\" \/>\n<meta name=\"robots\" content=\"index, follow, max-snippet:-1, max-image-preview:large, max-video-preview:-1\" \/>\n<link rel=\"canonical\" href=\"https:\/\/roza-sobieszek.pl\/sklep\/produkt\/roza-wielkokwiatowa-comeback\/\" \/>\n<meta property=\"og:locale\" content=\"pl_PL\" \/>\n<meta property=\"og:type\" content=\"article\" \/>\n<meta property=\"og:title\" content=\"R\u00f3\u017ca Wielkokwiatowa Comeback\u00ae - R\u00f3\u017ce ogrodowe - Sklep Sobieszek producent\" \/>\n<meta property=\"og:description\" content=\"Jej kwiaty s\u0105 nie tylko wdzi\u0119cznym elementem bukiet\u00f3w, ale tak\u017ce utrzymuj\u0105 si\u0119 w nienagannym stanie, rozpowszechniaj\u0105c wspania\u0142y, r\u00f3\u017cany aromat w ca\u0142ym domu.\" \/>\n<meta property=\"og:url\" content=\"https:\/\/roza-sobieszek.pl\/sklep\/produkt\/roza-wielkokwiatowa-comeback\/\" \/>\n<meta property=\"og:site_name\" content=\"R\u00f3\u017ce ogrodowe - Sklep Sobieszek producent\" \/>\n<meta property=\"article:publisher\" content=\"https:\/\/www.facebook.com\/profile.php?id=100063681485170\" \/>\n<meta property=\"article:modified_time\" content=\"2026-03-23T10:55:55+00:00\" \/>\n<meta property=\"og:image\" content=\"https:\/\/roza-sobieszek.pl\/sklep\/wp-content\/uploads\/2023\/08\/Comeback_02_15-scaled.jpg\" \/>\n\t<meta property=\"og:image:width\" content=\"1707\" \/>\n\t<meta property=\"og:image:height\" content=\"2560\" \/>\n\t<meta property=\"og:image:type\" content=\"image\/jpeg\" \/>\n<meta name=\"twitter:card\" content=\"summary_large_image\" \/>\n<meta name=\"twitter:label1\" content=\"Szacowany czas czytania\" \/>\n\t<meta name=\"twitter:data1\" content=\"1 minuta\" \/>\n<script type=\"application\/ld+json\" class=\"yoast-schema-graph\">{\"@context\":\"https:\/\/schema.org\",\"@graph\":[{\"@type\":\"WebPage\",\"@id\":\"https:\/\/roza-sobieszek.pl\/sklep\/produkt\/roza-wielkokwiatowa-comeback\/\",\"url\":\"https:\/\/roza-sobieszek.pl\/sklep\/produkt\/roza-wielkokwiatowa-comeback\/\",\"name\":\"R\u00f3\u017ca Wielkokwiatowa Comeback\u00ae - R\u00f3\u017ce ogrodowe - Sklep Sobieszek producent\",\"isPartOf\":{\"@id\":\"https:\/\/roza-sobieszek.pl\/sklep\/#website\"},\"primaryImageOfPage\":{\"@id\":\"https:\/\/roza-sobieszek.pl\/sklep\/produkt\/roza-wielkokwiatowa-comeback\/#primaryimage\"},\"image\":{\"@id\":\"https:\/\/roza-sobieszek.pl\/sklep\/produkt\/roza-wielkokwiatowa-comeback\/#primaryimage\"},\"thumbnailUrl\":\"https:\/\/roza-sobieszek.pl\/sklep\/wp-content\/uploads\/2023\/08\/Comeback_02_15-scaled.jpg\",\"datePublished\":\"2023-08-10T09:34:28+00:00\",\"dateModified\":\"2026-03-23T10:55:55+00:00\",\"description\":\"Jej kwiaty s\u0105 nie tylko wdzi\u0119cznym elementem bukiet\u00f3w, ale tak\u017ce utrzymuj\u0105 si\u0119 w nienagannym stanie, rozpowszechniaj\u0105c wspania\u0142y, r\u00f3\u017cany aromat w ca\u0142ym domu.\",\"breadcrumb\":{\"@id\":\"https:\/\/roza-sobieszek.pl\/sklep\/produkt\/roza-wielkokwiatowa-comeback\/#breadcrumb\"},\"inLanguage\":\"pl-PL\",\"potentialAction\":[{\"@type\":\"ReadAction\",\"target\":[\"https:\/\/roza-sobieszek.pl\/sklep\/produkt\/roza-wielkokwiatowa-comeback\/\"]}]},{\"@type\":\"ImageObject\",\"inLanguage\":\"pl-PL\",\"@id\":\"https:\/\/roza-sobieszek.pl\/sklep\/produkt\/roza-wielkokwiatowa-comeback\/#primaryimage\",\"url\":\"https:\/\/roza-sobieszek.pl\/sklep\/wp-content\/uploads\/2023\/08\/Comeback_02_15-scaled.jpg\",\"contentUrl\":\"https:\/\/roza-sobieszek.pl\/sklep\/wp-content\/uploads\/2023\/08\/Comeback_02_15-scaled.jpg\",\"width\":1707,\"height\":2560},{\"@type\":\"BreadcrumbList\",\"@id\":\"https:\/\/roza-sobieszek.pl\/sklep\/produkt\/roza-wielkokwiatowa-comeback\/#breadcrumb\",\"itemListElement\":[{\"@type\":\"ListItem\",\"position\":1,\"name\":\"Strona g\u0142\u00f3wna\",\"item\":\"https:\/\/roza-sobieszek.pl\/sklep\/\"},{\"@type\":\"ListItem\",\"position\":2,\"name\":\"Shop\",\"item\":\"https:\/\/roza-sobieszek.pl\/sklep\/shop\/\"},{\"@type\":\"ListItem\",\"position\":3,\"name\":\"R\u00f3\u017ca Wielkokwiatowa Comeback\u00ae\"}]},{\"@type\":\"WebSite\",\"@id\":\"https:\/\/roza-sobieszek.pl\/sklep\/#website\",\"url\":\"https:\/\/roza-sobieszek.pl\/sklep\/\",\"name\":\"R\u00f3\u017ce ogrodowe - Sklep Sobieszek producent\",\"description\":\"\",\"publisher\":{\"@id\":\"https:\/\/roza-sobieszek.pl\/sklep\/#organization\"},\"potentialAction\":[{\"@type\":\"SearchAction\",\"target\":{\"@type\":\"EntryPoint\",\"urlTemplate\":\"https:\/\/roza-sobieszek.pl\/sklep\/?s={search_term_string}\"},\"query-input\":{\"@type\":\"PropertyValueSpecification\",\"valueRequired\":true,\"valueName\":\"search_term_string\"}}],\"inLanguage\":\"pl-PL\"},{\"@type\":\"Organization\",\"@id\":\"https:\/\/roza-sobieszek.pl\/sklep\/#organization\",\"name\":\"R\u00f3\u017ce ogrodowe - Sklep Sobieszek producent\",\"url\":\"https:\/\/roza-sobieszek.pl\/sklep\/\",\"logo\":{\"@type\":\"ImageObject\",\"inLanguage\":\"pl-PL\",\"@id\":\"https:\/\/roza-sobieszek.pl\/sklep\/#\/schema\/logo\/image\/\",\"url\":\"https:\/\/roza-sobieszek.pl\/sklep\/wp-content\/uploads\/2016\/08\/IMG_0358-1.jpg\",\"contentUrl\":\"https:\/\/roza-sobieszek.pl\/sklep\/wp-content\/uploads\/2016\/08\/IMG_0358-1.jpg\",\"width\":2048,\"height\":1365,\"caption\":\"R\u00f3\u017ce ogrodowe - Sklep Sobieszek producent\"},\"image\":{\"@id\":\"https:\/\/roza-sobieszek.pl\/sklep\/#\/schema\/logo\/image\/\"},\"sameAs\":[\"https:\/\/www.facebook.com\/profile.php?id=100063681485170\"]}]}<\/script>\n<!-- \/ Yoast SEO plugin. -->","yoast_head_json":{"title":"R\u00f3\u017ca Wielkokwiatowa Comeback\u00ae - R\u00f3\u017ce ogrodowe - Sklep Sobieszek producent","description":"Jej kwiaty s\u0105 nie tylko wdzi\u0119cznym elementem bukiet\u00f3w, ale tak\u017ce utrzymuj\u0105 si\u0119 w nienagannym stanie, rozpowszechniaj\u0105c wspania\u0142y, r\u00f3\u017cany aromat w ca\u0142ym domu.","robots":{"index":"index","follow":"follow","max-snippet":"max-snippet:-1","max-image-preview":"max-image-preview:large","max-video-preview":"max-video-preview:-1"},"canonical":"https:\/\/roza-sobieszek.pl\/sklep\/produkt\/roza-wielkokwiatowa-comeback\/","og_locale":"pl_PL","og_type":"article","og_title":"R\u00f3\u017ca Wielkokwiatowa Comeback\u00ae - R\u00f3\u017ce ogrodowe - Sklep Sobieszek producent","og_description":"Jej kwiaty s\u0105 nie tylko wdzi\u0119cznym elementem bukiet\u00f3w, ale tak\u017ce utrzymuj\u0105 si\u0119 w nienagannym stanie, rozpowszechniaj\u0105c wspania\u0142y, r\u00f3\u017cany aromat w ca\u0142ym domu.","og_url":"https:\/\/roza-sobieszek.pl\/sklep\/produkt\/roza-wielkokwiatowa-comeback\/","og_site_name":"R\u00f3\u017ce ogrodowe - Sklep Sobieszek producent","article_publisher":"https:\/\/www.facebook.com\/profile.php?id=100063681485170","article_modified_time":"2026-03-23T10:55:55+00:00","og_image":[{"width":1707,"height":2560,"url":"https:\/\/roza-sobieszek.pl\/sklep\/wp-content\/uploads\/2023\/08\/Comeback_02_15-scaled.jpg","type":"image\/jpeg"}],"twitter_card":"summary_large_image","twitter_misc":{"Szacowany czas czytania":"1 minuta"},"schema":{"@context":"https:\/\/schema.org","@graph":[{"@type":"WebPage","@id":"https:\/\/roza-sobieszek.pl\/sklep\/produkt\/roza-wielkokwiatowa-comeback\/","url":"https:\/\/roza-sobieszek.pl\/sklep\/produkt\/roza-wielkokwiatowa-comeback\/","name":"R\u00f3\u017ca Wielkokwiatowa Comeback\u00ae - R\u00f3\u017ce ogrodowe - Sklep Sobieszek producent","isPartOf":{"@id":"https:\/\/roza-sobieszek.pl\/sklep\/#website"},"primaryImageOfPage":{"@id":"https:\/\/roza-sobieszek.pl\/sklep\/produkt\/roza-wielkokwiatowa-comeback\/#primaryimage"},"image":{"@id":"https:\/\/roza-sobieszek.pl\/sklep\/produkt\/roza-wielkokwiatowa-comeback\/#primaryimage"},"thumbnailUrl":"https:\/\/roza-sobieszek.pl\/sklep\/wp-content\/uploads\/2023\/08\/Comeback_02_15-scaled.jpg","datePublished":"2023-08-10T09:34:28+00:00","dateModified":"2026-03-23T10:55:55+00:00","description":"Jej kwiaty s\u0105 nie tylko wdzi\u0119cznym elementem bukiet\u00f3w, ale tak\u017ce utrzymuj\u0105 si\u0119 w nienagannym stanie, rozpowszechniaj\u0105c wspania\u0142y, r\u00f3\u017cany aromat w ca\u0142ym domu.","breadcrumb":{"@id":"https:\/\/roza-sobieszek.pl\/sklep\/produkt\/roza-wielkokwiatowa-comeback\/#breadcrumb"},"inLanguage":"pl-PL","potentialAction":[{"@type":"ReadAction","target":["https:\/\/roza-sobieszek.pl\/sklep\/produkt\/roza-wielkokwiatowa-comeback\/"]}]},{"@type":"ImageObject","inLanguage":"pl-PL","@id":"https:\/\/roza-sobieszek.pl\/sklep\/produkt\/roza-wielkokwiatowa-comeback\/#primaryimage","url":"https:\/\/roza-sobieszek.pl\/sklep\/wp-content\/uploads\/2023\/08\/Comeback_02_15-scaled.jpg","contentUrl":"https:\/\/roza-sobieszek.pl\/sklep\/wp-content\/uploads\/2023\/08\/Comeback_02_15-scaled.jpg","width":1707,"height":2560},{"@type":"BreadcrumbList","@id":"https:\/\/roza-sobieszek.pl\/sklep\/produkt\/roza-wielkokwiatowa-comeback\/#breadcrumb","itemListElement":[{"@type":"ListItem","position":1,"name":"Strona g\u0142\u00f3wna","item":"https:\/\/roza-sobieszek.pl\/sklep\/"},{"@type":"ListItem","position":2,"name":"Shop","item":"https:\/\/roza-sobieszek.pl\/sklep\/shop\/"},{"@type":"ListItem","position":3,"name":"R\u00f3\u017ca Wielkokwiatowa Comeback\u00ae"}]},{"@type":"WebSite","@id":"https:\/\/roza-sobieszek.pl\/sklep\/#website","url":"https:\/\/roza-sobieszek.pl\/sklep\/","name":"R\u00f3\u017ce ogrodowe - Sklep Sobieszek producent","description":"","publisher":{"@id":"https:\/\/roza-sobieszek.pl\/sklep\/#organization"},"potentialAction":[{"@type":"SearchAction","target":{"@type":"EntryPoint","urlTemplate":"https:\/\/roza-sobieszek.pl\/sklep\/?s={search_term_string}"},"query-input":{"@type":"PropertyValueSpecification","valueRequired":true,"valueName":"search_term_string"}}],"inLanguage":"pl-PL"},{"@type":"Organization","@id":"https:\/\/roza-sobieszek.pl\/sklep\/#organization","name":"R\u00f3\u017ce ogrodowe - Sklep Sobieszek producent","url":"https:\/\/roza-sobieszek.pl\/sklep\/","logo":{"@type":"ImageObject","inLanguage":"pl-PL","@id":"https:\/\/roza-sobieszek.pl\/sklep\/#\/schema\/logo\/image\/","url":"https:\/\/roza-sobieszek.pl\/sklep\/wp-content\/uploads\/2016\/08\/IMG_0358-1.jpg","contentUrl":"https:\/\/roza-sobieszek.pl\/sklep\/wp-content\/uploads\/2016\/08\/IMG_0358-1.jpg","width":2048,"height":1365,"caption":"R\u00f3\u017ce ogrodowe - Sklep Sobieszek producent"},"image":{"@id":"https:\/\/roza-sobieszek.pl\/sklep\/#\/schema\/logo\/image\/"},"sameAs":["https:\/\/www.facebook.com\/profile.php?id=100063681485170"]}]}},"_links":{"self":[{"href":"https:\/\/roza-sobieszek.pl\/sklep\/wp-json\/wp\/v2\/product\/13803"}],"collection":[{"href":"https:\/\/roza-sobieszek.pl\/sklep\/wp-json\/wp\/v2\/product"}],"about":[{"href":"https:\/\/roza-sobieszek.pl\/sklep\/wp-json\/wp\/v2\/types\/product"}],"replies":[{"embeddable":true,"href":"https:\/\/roza-sobieszek.pl\/sklep\/wp-json\/wp\/v2\/comments?post=13803"}],"wp:featuredmedia":[{"embeddable":true,"href":"https:\/\/roza-sobieszek.pl\/sklep\/wp-json\/wp\/v2\/media\/13806"}],"wp:attachment":[{"href":"https:\/\/roza-sobieszek.pl\/sklep\/wp-json\/wp\/v2\/media?parent=13803"}],"wp:term":[{"taxonomy":"product_brand","embeddable":true,"href":"https:\/\/roza-sobieszek.pl\/sklep\/wp-json\/wp\/v2\/product_brand?post=13803"},{"taxonomy":"product_cat","embeddable":true,"href":"https:\/\/roza-sobieszek.pl\/sklep\/wp-json\/wp\/v2\/product_cat?post=13803"},{"taxonomy":"product_tag","embeddable":true,"href":"https:\/\/roza-sobieszek.pl\/sklep\/wp-json\/wp\/v2\/product_tag?post=13803"}],"curies":[{"name":"wp","href":"https:\/\/api.w.org\/{rel}","templated":true}]}}