{"id":14422,"date":"2023-09-21T07:02:19","date_gmt":"2023-09-21T07:02:19","guid":{"rendered":"https:\/\/roza-sobieszek.pl\/sklep\/?post_type=product&#038;p=14422"},"modified":"2026-03-28T04:37:26","modified_gmt":"2026-03-28T04:37:26","slug":"roza-parkowa-cukrowa-wata","status":"publish","type":"product","link":"https:\/\/roza-sobieszek.pl\/sklep\/produkt\/roza-parkowa-cukrowa-wata\/","title":{"rendered":"R\u00f3\u017ca Parkowa Cukrowa Wata\u00ae"},"content":{"rendered":"<h2>Cukrowa Wata\u00ae<\/h2>\n<p>Odmiana r\u00f3\u017cy parkowej kt\u00f3ra kwitnie ki\u015bciami r\u00f3\u017cowo bia\u0142ych, p\u00f3\u0142pe\u0142nych kwiat\u00f3w, a te swoj\u0105 obfito\u015bci\u0105 i ci\u0119\u017carem a\u017c przyginaj\u0105 liczne \u0142odygi. Znakomicie si\u0119 krzewi oraz ma bujne przyrosty. Si\u0142a kwitnienia Cukrowej Waty jest oszo\u0142amiaj\u0105ca. Wysoko\u015b\u0107 jej krzewu osi\u0105ga nawet 150cm. Je\u015bli si\u0119 j\u0105 dobrze podeprze, to r\u00f3\u017ca ch\u0119tnie zacznie porasta\u0107 swoje podpory. R\u00f3\u017ca ta ma w sobie spontaniczn\u0105 m\u0142odo\u015b\u0107. Jej zalet\u0105 jest r\u00f3wnie\u017c bardzo dobra odporno\u015b\u0107 na choroby oraz niskie temperatury. W ka\u017cdych warunkach pogodowych b\u0119dzie przynosi\u0107 satysfakcj\u0119 z jej uprawy.<\/p>\n<p>&nbsp;<\/p>\n","protected":false},"excerpt":{"rendered":"<p>Nowo\u015b\u0107 polskiego hodowcy<\/p>\n<p>Cukrowa Wata\u00ae<\/p>\n<ul>\n<li>Nazwa: Cukrowa Wata\u00ae<\/li>\n<li>Kolor: r\u00f3\u017cowo bia\u0142a<\/li>\n<li>Wzrost: 150 cm<\/li>\n<li>Wielko\u015b\u0107 kwiatu: 4 cm<\/li>\n<li>Zapach: intensywny<\/li>\n<li>Odporno\u015b\u0107 na choroby: bardzo dobra<\/li>\n<li>Stanowisko: s\u0142oneczne<\/li>\n<li>Okres kwitnienia: VI \u2013 X<\/li>\n<li>Powtarza kwitnienie: tak<\/li>\n<li>Typ: parkowa<\/li>\n<li>Mrozoodporno\u015b\u0107: bardzo dobra<\/li>\n<\/ul>\n","protected":false},"featured_media":14524,"comment_status":"open","ping_status":"closed","template":"","meta":[],"product_brand":[],"product_cat":[209,198],"product_tag":[250,232,258,242,251,261],"yoast_head":"<!-- This site is optimized with the Yoast SEO plugin v23.5 - https:\/\/yoast.com\/wordpress\/plugins\/seo\/ -->\n<title>R\u00f3\u017ca Parkowa Cukrowa Wata\u00ae - R\u00f3\u017ce ogrodowe - Sklep Sobieszek producent<\/title>\n<meta name=\"description\" content=\"kwitnie ki\u015bciami r\u00f3\u017cowo bia\u0142ych, p\u00f3\u0142pe\u0142nych kwiat\u00f3w, a te swoj\u0105 obfito\u015bci\u0105 i ci\u0119\u017carem a\u017c przyginaj\u0105 liczne \u0142odygi. Znakomicie si\u0119 krzewi oraz\" \/>\n<meta name=\"robots\" content=\"index, follow, max-snippet:-1, max-image-preview:large, max-video-preview:-1\" \/>\n<link rel=\"canonical\" href=\"https:\/\/roza-sobieszek.pl\/sklep\/produkt\/roza-parkowa-cukrowa-wata\/\" \/>\n<meta property=\"og:locale\" content=\"pl_PL\" \/>\n<meta property=\"og:type\" content=\"article\" \/>\n<meta property=\"og:title\" content=\"R\u00f3\u017ca Parkowa Cukrowa Wata\u00ae - R\u00f3\u017ce ogrodowe - Sklep Sobieszek producent\" \/>\n<meta property=\"og:description\" content=\"kwitnie ki\u015bciami r\u00f3\u017cowo bia\u0142ych, p\u00f3\u0142pe\u0142nych kwiat\u00f3w, a te swoj\u0105 obfito\u015bci\u0105 i ci\u0119\u017carem a\u017c przyginaj\u0105 liczne \u0142odygi. Znakomicie si\u0119 krzewi oraz\" \/>\n<meta property=\"og:url\" content=\"https:\/\/roza-sobieszek.pl\/sklep\/produkt\/roza-parkowa-cukrowa-wata\/\" \/>\n<meta property=\"og:site_name\" content=\"R\u00f3\u017ce ogrodowe - Sklep Sobieszek producent\" \/>\n<meta property=\"article:publisher\" content=\"https:\/\/www.facebook.com\/profile.php?id=100063681485170\" \/>\n<meta property=\"article:modified_time\" content=\"2026-03-28T04:37:26+00:00\" \/>\n<meta property=\"og:image\" content=\"https:\/\/roza-sobieszek.pl\/sklep\/wp-content\/uploads\/2023\/09\/Barbapapa-Cukorwa-Wata-Rojewski11.jpg\" \/>\n\t<meta property=\"og:image:width\" content=\"2048\" \/>\n\t<meta property=\"og:image:height\" content=\"2048\" \/>\n\t<meta property=\"og:image:type\" content=\"image\/jpeg\" \/>\n<meta name=\"twitter:card\" content=\"summary_large_image\" \/>\n<meta name=\"twitter:label1\" content=\"Szacowany czas czytania\" \/>\n\t<meta name=\"twitter:data1\" content=\"1 minuta\" \/>\n<script type=\"application\/ld+json\" class=\"yoast-schema-graph\">{\"@context\":\"https:\/\/schema.org\",\"@graph\":[{\"@type\":\"WebPage\",\"@id\":\"https:\/\/roza-sobieszek.pl\/sklep\/produkt\/roza-parkowa-cukrowa-wata\/\",\"url\":\"https:\/\/roza-sobieszek.pl\/sklep\/produkt\/roza-parkowa-cukrowa-wata\/\",\"name\":\"R\u00f3\u017ca Parkowa Cukrowa Wata\u00ae - R\u00f3\u017ce ogrodowe - Sklep Sobieszek producent\",\"isPartOf\":{\"@id\":\"https:\/\/roza-sobieszek.pl\/sklep\/#website\"},\"primaryImageOfPage\":{\"@id\":\"https:\/\/roza-sobieszek.pl\/sklep\/produkt\/roza-parkowa-cukrowa-wata\/#primaryimage\"},\"image\":{\"@id\":\"https:\/\/roza-sobieszek.pl\/sklep\/produkt\/roza-parkowa-cukrowa-wata\/#primaryimage\"},\"thumbnailUrl\":\"https:\/\/roza-sobieszek.pl\/sklep\/wp-content\/uploads\/2023\/09\/Barbapapa-Cukorwa-Wata-Rojewski11.jpg\",\"datePublished\":\"2023-09-21T07:02:19+00:00\",\"dateModified\":\"2026-03-28T04:37:26+00:00\",\"description\":\"kwitnie ki\u015bciami r\u00f3\u017cowo bia\u0142ych, p\u00f3\u0142pe\u0142nych kwiat\u00f3w, a te swoj\u0105 obfito\u015bci\u0105 i ci\u0119\u017carem a\u017c przyginaj\u0105 liczne \u0142odygi. Znakomicie si\u0119 krzewi oraz\",\"breadcrumb\":{\"@id\":\"https:\/\/roza-sobieszek.pl\/sklep\/produkt\/roza-parkowa-cukrowa-wata\/#breadcrumb\"},\"inLanguage\":\"pl-PL\",\"potentialAction\":[{\"@type\":\"ReadAction\",\"target\":[\"https:\/\/roza-sobieszek.pl\/sklep\/produkt\/roza-parkowa-cukrowa-wata\/\"]}]},{\"@type\":\"ImageObject\",\"inLanguage\":\"pl-PL\",\"@id\":\"https:\/\/roza-sobieszek.pl\/sklep\/produkt\/roza-parkowa-cukrowa-wata\/#primaryimage\",\"url\":\"https:\/\/roza-sobieszek.pl\/sklep\/wp-content\/uploads\/2023\/09\/Barbapapa-Cukorwa-Wata-Rojewski11.jpg\",\"contentUrl\":\"https:\/\/roza-sobieszek.pl\/sklep\/wp-content\/uploads\/2023\/09\/Barbapapa-Cukorwa-Wata-Rojewski11.jpg\",\"width\":2048,\"height\":2048},{\"@type\":\"BreadcrumbList\",\"@id\":\"https:\/\/roza-sobieszek.pl\/sklep\/produkt\/roza-parkowa-cukrowa-wata\/#breadcrumb\",\"itemListElement\":[{\"@type\":\"ListItem\",\"position\":1,\"name\":\"Strona g\u0142\u00f3wna\",\"item\":\"https:\/\/roza-sobieszek.pl\/sklep\/\"},{\"@type\":\"ListItem\",\"position\":2,\"name\":\"Shop\",\"item\":\"https:\/\/roza-sobieszek.pl\/sklep\/shop\/\"},{\"@type\":\"ListItem\",\"position\":3,\"name\":\"R\u00f3\u017ca Parkowa Cukrowa Wata\u00ae\"}]},{\"@type\":\"WebSite\",\"@id\":\"https:\/\/roza-sobieszek.pl\/sklep\/#website\",\"url\":\"https:\/\/roza-sobieszek.pl\/sklep\/\",\"name\":\"R\u00f3\u017ce ogrodowe - Sklep Sobieszek producent\",\"description\":\"\",\"publisher\":{\"@id\":\"https:\/\/roza-sobieszek.pl\/sklep\/#organization\"},\"potentialAction\":[{\"@type\":\"SearchAction\",\"target\":{\"@type\":\"EntryPoint\",\"urlTemplate\":\"https:\/\/roza-sobieszek.pl\/sklep\/?s={search_term_string}\"},\"query-input\":{\"@type\":\"PropertyValueSpecification\",\"valueRequired\":true,\"valueName\":\"search_term_string\"}}],\"inLanguage\":\"pl-PL\"},{\"@type\":\"Organization\",\"@id\":\"https:\/\/roza-sobieszek.pl\/sklep\/#organization\",\"name\":\"R\u00f3\u017ce ogrodowe - Sklep Sobieszek producent\",\"url\":\"https:\/\/roza-sobieszek.pl\/sklep\/\",\"logo\":{\"@type\":\"ImageObject\",\"inLanguage\":\"pl-PL\",\"@id\":\"https:\/\/roza-sobieszek.pl\/sklep\/#\/schema\/logo\/image\/\",\"url\":\"https:\/\/roza-sobieszek.pl\/sklep\/wp-content\/uploads\/2016\/08\/IMG_0358-1.jpg\",\"contentUrl\":\"https:\/\/roza-sobieszek.pl\/sklep\/wp-content\/uploads\/2016\/08\/IMG_0358-1.jpg\",\"width\":2048,\"height\":1365,\"caption\":\"R\u00f3\u017ce ogrodowe - Sklep Sobieszek producent\"},\"image\":{\"@id\":\"https:\/\/roza-sobieszek.pl\/sklep\/#\/schema\/logo\/image\/\"},\"sameAs\":[\"https:\/\/www.facebook.com\/profile.php?id=100063681485170\"]}]}<\/script>\n<!-- \/ Yoast SEO plugin. -->","yoast_head_json":{"title":"R\u00f3\u017ca Parkowa Cukrowa Wata\u00ae - R\u00f3\u017ce ogrodowe - Sklep Sobieszek producent","description":"kwitnie ki\u015bciami r\u00f3\u017cowo bia\u0142ych, p\u00f3\u0142pe\u0142nych kwiat\u00f3w, a te swoj\u0105 obfito\u015bci\u0105 i ci\u0119\u017carem a\u017c przyginaj\u0105 liczne \u0142odygi. Znakomicie si\u0119 krzewi oraz","robots":{"index":"index","follow":"follow","max-snippet":"max-snippet:-1","max-image-preview":"max-image-preview:large","max-video-preview":"max-video-preview:-1"},"canonical":"https:\/\/roza-sobieszek.pl\/sklep\/produkt\/roza-parkowa-cukrowa-wata\/","og_locale":"pl_PL","og_type":"article","og_title":"R\u00f3\u017ca Parkowa Cukrowa Wata\u00ae - R\u00f3\u017ce ogrodowe - Sklep Sobieszek producent","og_description":"kwitnie ki\u015bciami r\u00f3\u017cowo bia\u0142ych, p\u00f3\u0142pe\u0142nych kwiat\u00f3w, a te swoj\u0105 obfito\u015bci\u0105 i ci\u0119\u017carem a\u017c przyginaj\u0105 liczne \u0142odygi. Znakomicie si\u0119 krzewi oraz","og_url":"https:\/\/roza-sobieszek.pl\/sklep\/produkt\/roza-parkowa-cukrowa-wata\/","og_site_name":"R\u00f3\u017ce ogrodowe - Sklep Sobieszek producent","article_publisher":"https:\/\/www.facebook.com\/profile.php?id=100063681485170","article_modified_time":"2026-03-28T04:37:26+00:00","og_image":[{"width":2048,"height":2048,"url":"https:\/\/roza-sobieszek.pl\/sklep\/wp-content\/uploads\/2023\/09\/Barbapapa-Cukorwa-Wata-Rojewski11.jpg","type":"image\/jpeg"}],"twitter_card":"summary_large_image","twitter_misc":{"Szacowany czas czytania":"1 minuta"},"schema":{"@context":"https:\/\/schema.org","@graph":[{"@type":"WebPage","@id":"https:\/\/roza-sobieszek.pl\/sklep\/produkt\/roza-parkowa-cukrowa-wata\/","url":"https:\/\/roza-sobieszek.pl\/sklep\/produkt\/roza-parkowa-cukrowa-wata\/","name":"R\u00f3\u017ca Parkowa Cukrowa Wata\u00ae - R\u00f3\u017ce ogrodowe - Sklep Sobieszek producent","isPartOf":{"@id":"https:\/\/roza-sobieszek.pl\/sklep\/#website"},"primaryImageOfPage":{"@id":"https:\/\/roza-sobieszek.pl\/sklep\/produkt\/roza-parkowa-cukrowa-wata\/#primaryimage"},"image":{"@id":"https:\/\/roza-sobieszek.pl\/sklep\/produkt\/roza-parkowa-cukrowa-wata\/#primaryimage"},"thumbnailUrl":"https:\/\/roza-sobieszek.pl\/sklep\/wp-content\/uploads\/2023\/09\/Barbapapa-Cukorwa-Wata-Rojewski11.jpg","datePublished":"2023-09-21T07:02:19+00:00","dateModified":"2026-03-28T04:37:26+00:00","description":"kwitnie ki\u015bciami r\u00f3\u017cowo bia\u0142ych, p\u00f3\u0142pe\u0142nych kwiat\u00f3w, a te swoj\u0105 obfito\u015bci\u0105 i ci\u0119\u017carem a\u017c przyginaj\u0105 liczne \u0142odygi. Znakomicie si\u0119 krzewi oraz","breadcrumb":{"@id":"https:\/\/roza-sobieszek.pl\/sklep\/produkt\/roza-parkowa-cukrowa-wata\/#breadcrumb"},"inLanguage":"pl-PL","potentialAction":[{"@type":"ReadAction","target":["https:\/\/roza-sobieszek.pl\/sklep\/produkt\/roza-parkowa-cukrowa-wata\/"]}]},{"@type":"ImageObject","inLanguage":"pl-PL","@id":"https:\/\/roza-sobieszek.pl\/sklep\/produkt\/roza-parkowa-cukrowa-wata\/#primaryimage","url":"https:\/\/roza-sobieszek.pl\/sklep\/wp-content\/uploads\/2023\/09\/Barbapapa-Cukorwa-Wata-Rojewski11.jpg","contentUrl":"https:\/\/roza-sobieszek.pl\/sklep\/wp-content\/uploads\/2023\/09\/Barbapapa-Cukorwa-Wata-Rojewski11.jpg","width":2048,"height":2048},{"@type":"BreadcrumbList","@id":"https:\/\/roza-sobieszek.pl\/sklep\/produkt\/roza-parkowa-cukrowa-wata\/#breadcrumb","itemListElement":[{"@type":"ListItem","position":1,"name":"Strona g\u0142\u00f3wna","item":"https:\/\/roza-sobieszek.pl\/sklep\/"},{"@type":"ListItem","position":2,"name":"Shop","item":"https:\/\/roza-sobieszek.pl\/sklep\/shop\/"},{"@type":"ListItem","position":3,"name":"R\u00f3\u017ca Parkowa Cukrowa Wata\u00ae"}]},{"@type":"WebSite","@id":"https:\/\/roza-sobieszek.pl\/sklep\/#website","url":"https:\/\/roza-sobieszek.pl\/sklep\/","name":"R\u00f3\u017ce ogrodowe - Sklep Sobieszek producent","description":"","publisher":{"@id":"https:\/\/roza-sobieszek.pl\/sklep\/#organization"},"potentialAction":[{"@type":"SearchAction","target":{"@type":"EntryPoint","urlTemplate":"https:\/\/roza-sobieszek.pl\/sklep\/?s={search_term_string}"},"query-input":{"@type":"PropertyValueSpecification","valueRequired":true,"valueName":"search_term_string"}}],"inLanguage":"pl-PL"},{"@type":"Organization","@id":"https:\/\/roza-sobieszek.pl\/sklep\/#organization","name":"R\u00f3\u017ce ogrodowe - Sklep Sobieszek producent","url":"https:\/\/roza-sobieszek.pl\/sklep\/","logo":{"@type":"ImageObject","inLanguage":"pl-PL","@id":"https:\/\/roza-sobieszek.pl\/sklep\/#\/schema\/logo\/image\/","url":"https:\/\/roza-sobieszek.pl\/sklep\/wp-content\/uploads\/2016\/08\/IMG_0358-1.jpg","contentUrl":"https:\/\/roza-sobieszek.pl\/sklep\/wp-content\/uploads\/2016\/08\/IMG_0358-1.jpg","width":2048,"height":1365,"caption":"R\u00f3\u017ce ogrodowe - Sklep Sobieszek producent"},"image":{"@id":"https:\/\/roza-sobieszek.pl\/sklep\/#\/schema\/logo\/image\/"},"sameAs":["https:\/\/www.facebook.com\/profile.php?id=100063681485170"]}]}},"_links":{"self":[{"href":"https:\/\/roza-sobieszek.pl\/sklep\/wp-json\/wp\/v2\/product\/14422"}],"collection":[{"href":"https:\/\/roza-sobieszek.pl\/sklep\/wp-json\/wp\/v2\/product"}],"about":[{"href":"https:\/\/roza-sobieszek.pl\/sklep\/wp-json\/wp\/v2\/types\/product"}],"replies":[{"embeddable":true,"href":"https:\/\/roza-sobieszek.pl\/sklep\/wp-json\/wp\/v2\/comments?post=14422"}],"wp:featuredmedia":[{"embeddable":true,"href":"https:\/\/roza-sobieszek.pl\/sklep\/wp-json\/wp\/v2\/media\/14524"}],"wp:attachment":[{"href":"https:\/\/roza-sobieszek.pl\/sklep\/wp-json\/wp\/v2\/media?parent=14422"}],"wp:term":[{"taxonomy":"product_brand","embeddable":true,"href":"https:\/\/roza-sobieszek.pl\/sklep\/wp-json\/wp\/v2\/product_brand?post=14422"},{"taxonomy":"product_cat","embeddable":true,"href":"https:\/\/roza-sobieszek.pl\/sklep\/wp-json\/wp\/v2\/product_cat?post=14422"},{"taxonomy":"product_tag","embeddable":true,"href":"https:\/\/roza-sobieszek.pl\/sklep\/wp-json\/wp\/v2\/product_tag?post=14422"}],"curies":[{"name":"wp","href":"https:\/\/api.w.org\/{rel}","templated":true}]}}