{"id":14441,"date":"2023-09-21T08:21:29","date_gmt":"2023-09-21T08:21:29","guid":{"rendered":"https:\/\/roza-sobieszek.pl\/sklep\/?post_type=product&#038;p=14441"},"modified":"2026-04-21T16:42:35","modified_gmt":"2026-04-21T16:42:35","slug":"roza-wielkokwiatowa-zapach-podstawowki","status":"publish","type":"product","link":"https:\/\/roza-sobieszek.pl\/sklep\/produkt\/roza-wielkokwiatowa-zapach-podstawowki\/","title":{"rendered":"R\u00f3\u017ca Wielkokwiatowa Zapach Podstaw\u00f3wki\u00ae"},"content":{"rendered":"<h2>Zapach Podstaw\u00f3wki\u00ae<\/h2>\n<p>Wielkokwiatowa odmiana r\u00f3\u017cy, kt\u00f3rej krzew dorasta do wysoko\u015bci 120cm. Jej p\u00f3\u0142pe\u0142ne kwiaty o wyj\u0105tkowej, pi\u0119knie \u017cywej odcieni g\u0142\u0119bokiej \u017c\u00f3\u0142ci w pofalowanych bajecznie p\u0142atkach rozwijaj\u0105 si\u0119 na ko\u0144cach wyprostowanych p\u0119d\u00f3w. R\u00f3\u017ca wygl\u0105da bardzo dostojnie oraz posiada ciemnozielone, b\u0142yszcz\u0105ce, bardzo zdrowe li\u015bcie. Ka\u017cdy powy\u017cej 40 roku \u017cycia kto pow\u0105cha\u0142 t\u0119 r\u00f3\u017c\u0119 doznaje reminiscencji zapachowej zwi\u0105zanej ze szko\u0142\u0105 podstawow\u0105. Wci\u0105\u017c nie uda\u0142o si\u0119 precyzyjnie okre\u015bli\u0107 tego zapachu. Dla jednych jest on przyjemny, dla innych uzale\u017cniaj\u0105co irytuj\u0105cy. Jedni m\u00f3wi\u0105, \u017ce kojarzy im si\u0119 z landrynkami z tamtych dni, a inni, \u017ce jest jak lizol z naftalin\u0105. <strong>Zdobywczyni z\u0142otego medalu na konkursie w Baden-Baden w 2024r.<\/strong><\/p>\n","protected":false},"excerpt":{"rendered":"<p>R\u00f3\u017ca Zapach Podstaw\u00f3wki\u00ae<\/p>\n<ul>\n<li>Nazwa: Zapach Podstaw\u00f3wki\u00ae<\/li>\n<li>Kolor: \u017c\u00f3\u0142ty<\/li>\n<li>Wzrost: 120 cm<\/li>\n<li>Wielko\u015b\u0107 kwiatu: p\u00f3\u0142pe\u0142ny, 10 cm<\/li>\n<li>Zapach: intensywny, wyj\u0105tkowy<\/li>\n<li>Odporno\u015b\u0107 na choroby: bardzo dobra<\/li>\n<li>Stanowisko: s\u0142oneczne<\/li>\n<li>Okres kwitnienia: VI \u2013 X<\/li>\n<li>Powtarza kwitnienie: tak<\/li>\n<li>Typ: wielkokwiatowa<\/li>\n<li>Mrozoodporno\u015b\u0107: bardzo dobra<\/li>\n<\/ul>\n","protected":false},"featured_media":14534,"comment_status":"open","ping_status":"closed","template":"","meta":[],"product_brand":[],"product_cat":[273,209,159,199],"product_tag":[258,206,185],"yoast_head":"<!-- This site is optimized with the Yoast SEO plugin v23.5 - https:\/\/yoast.com\/wordpress\/plugins\/seo\/ -->\n<title>R\u00f3\u017ca Wielkokwiatowa Zapach Podstaw\u00f3wki\u00ae - R\u00f3\u017ce ogrodowe - Sklep Sobieszek producent<\/title>\n<meta name=\"description\" content=\"Jest idealna dla pocz\u0105tkuj\u0105cych ogrodnik\u00f3w, gdy\u017c cechuje j\u0105 doskona\u0142a zdrowotno\u015b\u0107 oraz odporno\u015b\u0107 na niskie temperatury.Jej p\u00f3\u0142pe\u0142ne kwiaty o wyj\u0105tkowej,\" \/>\n<meta name=\"robots\" content=\"index, follow, max-snippet:-1, max-image-preview:large, max-video-preview:-1\" \/>\n<link rel=\"canonical\" href=\"https:\/\/roza-sobieszek.pl\/sklep\/produkt\/roza-wielkokwiatowa-zapach-podstawowki\/\" \/>\n<meta property=\"og:locale\" content=\"pl_PL\" \/>\n<meta property=\"og:type\" content=\"article\" \/>\n<meta property=\"og:title\" content=\"R\u00f3\u017ca Wielkokwiatowa Zapach Podstaw\u00f3wki\u00ae - R\u00f3\u017ce ogrodowe - Sklep Sobieszek producent\" \/>\n<meta property=\"og:description\" content=\"Jest idealna dla pocz\u0105tkuj\u0105cych ogrodnik\u00f3w, gdy\u017c cechuje j\u0105 doskona\u0142a zdrowotno\u015b\u0107 oraz odporno\u015b\u0107 na niskie temperatury.Jej p\u00f3\u0142pe\u0142ne kwiaty o wyj\u0105tkowej,\" \/>\n<meta property=\"og:url\" content=\"https:\/\/roza-sobieszek.pl\/sklep\/produkt\/roza-wielkokwiatowa-zapach-podstawowki\/\" \/>\n<meta property=\"og:site_name\" content=\"R\u00f3\u017ce ogrodowe - Sklep Sobieszek producent\" \/>\n<meta property=\"article:publisher\" content=\"https:\/\/www.facebook.com\/profile.php?id=100063681485170\" \/>\n<meta property=\"article:modified_time\" content=\"2026-04-21T16:42:35+00:00\" \/>\n<meta property=\"og:image\" content=\"https:\/\/roza-sobieszek.pl\/sklep\/wp-content\/uploads\/2023\/09\/Zapach-Podstawowki-Lukasz-Rojewski-roze.jpg-roze.jpg\" \/>\n\t<meta property=\"og:image:width\" content=\"2048\" \/>\n\t<meta property=\"og:image:height\" content=\"1536\" \/>\n\t<meta property=\"og:image:type\" content=\"image\/jpeg\" \/>\n<meta name=\"twitter:card\" content=\"summary_large_image\" \/>\n<meta name=\"twitter:label1\" content=\"Szacowany czas czytania\" \/>\n\t<meta name=\"twitter:data1\" content=\"1 minuta\" \/>\n<script type=\"application\/ld+json\" class=\"yoast-schema-graph\">{\"@context\":\"https:\/\/schema.org\",\"@graph\":[{\"@type\":\"WebPage\",\"@id\":\"https:\/\/roza-sobieszek.pl\/sklep\/produkt\/roza-wielkokwiatowa-zapach-podstawowki\/\",\"url\":\"https:\/\/roza-sobieszek.pl\/sklep\/produkt\/roza-wielkokwiatowa-zapach-podstawowki\/\",\"name\":\"R\u00f3\u017ca Wielkokwiatowa Zapach Podstaw\u00f3wki\u00ae - R\u00f3\u017ce ogrodowe - Sklep Sobieszek producent\",\"isPartOf\":{\"@id\":\"https:\/\/roza-sobieszek.pl\/sklep\/#website\"},\"primaryImageOfPage\":{\"@id\":\"https:\/\/roza-sobieszek.pl\/sklep\/produkt\/roza-wielkokwiatowa-zapach-podstawowki\/#primaryimage\"},\"image\":{\"@id\":\"https:\/\/roza-sobieszek.pl\/sklep\/produkt\/roza-wielkokwiatowa-zapach-podstawowki\/#primaryimage\"},\"thumbnailUrl\":\"https:\/\/roza-sobieszek.pl\/sklep\/wp-content\/uploads\/2023\/09\/Zapach-Podstawowki-Lukasz-Rojewski-roze.jpg-roze.jpg\",\"datePublished\":\"2023-09-21T08:21:29+00:00\",\"dateModified\":\"2026-04-21T16:42:35+00:00\",\"description\":\"Jest idealna dla pocz\u0105tkuj\u0105cych ogrodnik\u00f3w, gdy\u017c cechuje j\u0105 doskona\u0142a zdrowotno\u015b\u0107 oraz odporno\u015b\u0107 na niskie temperatury.Jej p\u00f3\u0142pe\u0142ne kwiaty o wyj\u0105tkowej,\",\"breadcrumb\":{\"@id\":\"https:\/\/roza-sobieszek.pl\/sklep\/produkt\/roza-wielkokwiatowa-zapach-podstawowki\/#breadcrumb\"},\"inLanguage\":\"pl-PL\",\"potentialAction\":[{\"@type\":\"ReadAction\",\"target\":[\"https:\/\/roza-sobieszek.pl\/sklep\/produkt\/roza-wielkokwiatowa-zapach-podstawowki\/\"]}]},{\"@type\":\"ImageObject\",\"inLanguage\":\"pl-PL\",\"@id\":\"https:\/\/roza-sobieszek.pl\/sklep\/produkt\/roza-wielkokwiatowa-zapach-podstawowki\/#primaryimage\",\"url\":\"https:\/\/roza-sobieszek.pl\/sklep\/wp-content\/uploads\/2023\/09\/Zapach-Podstawowki-Lukasz-Rojewski-roze.jpg-roze.jpg\",\"contentUrl\":\"https:\/\/roza-sobieszek.pl\/sklep\/wp-content\/uploads\/2023\/09\/Zapach-Podstawowki-Lukasz-Rojewski-roze.jpg-roze.jpg\",\"width\":2048,\"height\":1536},{\"@type\":\"BreadcrumbList\",\"@id\":\"https:\/\/roza-sobieszek.pl\/sklep\/produkt\/roza-wielkokwiatowa-zapach-podstawowki\/#breadcrumb\",\"itemListElement\":[{\"@type\":\"ListItem\",\"position\":1,\"name\":\"Strona g\u0142\u00f3wna\",\"item\":\"https:\/\/roza-sobieszek.pl\/sklep\/\"},{\"@type\":\"ListItem\",\"position\":2,\"name\":\"Shop\",\"item\":\"https:\/\/roza-sobieszek.pl\/sklep\/shop\/\"},{\"@type\":\"ListItem\",\"position\":3,\"name\":\"R\u00f3\u017ca Wielkokwiatowa Zapach Podstaw\u00f3wki\u00ae\"}]},{\"@type\":\"WebSite\",\"@id\":\"https:\/\/roza-sobieszek.pl\/sklep\/#website\",\"url\":\"https:\/\/roza-sobieszek.pl\/sklep\/\",\"name\":\"R\u00f3\u017ce ogrodowe - Sklep Sobieszek producent\",\"description\":\"\",\"publisher\":{\"@id\":\"https:\/\/roza-sobieszek.pl\/sklep\/#organization\"},\"potentialAction\":[{\"@type\":\"SearchAction\",\"target\":{\"@type\":\"EntryPoint\",\"urlTemplate\":\"https:\/\/roza-sobieszek.pl\/sklep\/?s={search_term_string}\"},\"query-input\":{\"@type\":\"PropertyValueSpecification\",\"valueRequired\":true,\"valueName\":\"search_term_string\"}}],\"inLanguage\":\"pl-PL\"},{\"@type\":\"Organization\",\"@id\":\"https:\/\/roza-sobieszek.pl\/sklep\/#organization\",\"name\":\"R\u00f3\u017ce ogrodowe - Sklep Sobieszek producent\",\"url\":\"https:\/\/roza-sobieszek.pl\/sklep\/\",\"logo\":{\"@type\":\"ImageObject\",\"inLanguage\":\"pl-PL\",\"@id\":\"https:\/\/roza-sobieszek.pl\/sklep\/#\/schema\/logo\/image\/\",\"url\":\"https:\/\/roza-sobieszek.pl\/sklep\/wp-content\/uploads\/2016\/08\/IMG_0358-1.jpg\",\"contentUrl\":\"https:\/\/roza-sobieszek.pl\/sklep\/wp-content\/uploads\/2016\/08\/IMG_0358-1.jpg\",\"width\":2048,\"height\":1365,\"caption\":\"R\u00f3\u017ce ogrodowe - Sklep Sobieszek producent\"},\"image\":{\"@id\":\"https:\/\/roza-sobieszek.pl\/sklep\/#\/schema\/logo\/image\/\"},\"sameAs\":[\"https:\/\/www.facebook.com\/profile.php?id=100063681485170\"]}]}<\/script>\n<!-- \/ Yoast SEO plugin. -->","yoast_head_json":{"title":"R\u00f3\u017ca Wielkokwiatowa Zapach Podstaw\u00f3wki\u00ae - R\u00f3\u017ce ogrodowe - Sklep Sobieszek producent","description":"Jest idealna dla pocz\u0105tkuj\u0105cych ogrodnik\u00f3w, gdy\u017c cechuje j\u0105 doskona\u0142a zdrowotno\u015b\u0107 oraz odporno\u015b\u0107 na niskie temperatury.Jej p\u00f3\u0142pe\u0142ne kwiaty o wyj\u0105tkowej,","robots":{"index":"index","follow":"follow","max-snippet":"max-snippet:-1","max-image-preview":"max-image-preview:large","max-video-preview":"max-video-preview:-1"},"canonical":"https:\/\/roza-sobieszek.pl\/sklep\/produkt\/roza-wielkokwiatowa-zapach-podstawowki\/","og_locale":"pl_PL","og_type":"article","og_title":"R\u00f3\u017ca Wielkokwiatowa Zapach Podstaw\u00f3wki\u00ae - R\u00f3\u017ce ogrodowe - Sklep Sobieszek producent","og_description":"Jest idealna dla pocz\u0105tkuj\u0105cych ogrodnik\u00f3w, gdy\u017c cechuje j\u0105 doskona\u0142a zdrowotno\u015b\u0107 oraz odporno\u015b\u0107 na niskie temperatury.Jej p\u00f3\u0142pe\u0142ne kwiaty o wyj\u0105tkowej,","og_url":"https:\/\/roza-sobieszek.pl\/sklep\/produkt\/roza-wielkokwiatowa-zapach-podstawowki\/","og_site_name":"R\u00f3\u017ce ogrodowe - Sklep Sobieszek producent","article_publisher":"https:\/\/www.facebook.com\/profile.php?id=100063681485170","article_modified_time":"2026-04-21T16:42:35+00:00","og_image":[{"width":2048,"height":1536,"url":"https:\/\/roza-sobieszek.pl\/sklep\/wp-content\/uploads\/2023\/09\/Zapach-Podstawowki-Lukasz-Rojewski-roze.jpg-roze.jpg","type":"image\/jpeg"}],"twitter_card":"summary_large_image","twitter_misc":{"Szacowany czas czytania":"1 minuta"},"schema":{"@context":"https:\/\/schema.org","@graph":[{"@type":"WebPage","@id":"https:\/\/roza-sobieszek.pl\/sklep\/produkt\/roza-wielkokwiatowa-zapach-podstawowki\/","url":"https:\/\/roza-sobieszek.pl\/sklep\/produkt\/roza-wielkokwiatowa-zapach-podstawowki\/","name":"R\u00f3\u017ca Wielkokwiatowa Zapach Podstaw\u00f3wki\u00ae - R\u00f3\u017ce ogrodowe - Sklep Sobieszek producent","isPartOf":{"@id":"https:\/\/roza-sobieszek.pl\/sklep\/#website"},"primaryImageOfPage":{"@id":"https:\/\/roza-sobieszek.pl\/sklep\/produkt\/roza-wielkokwiatowa-zapach-podstawowki\/#primaryimage"},"image":{"@id":"https:\/\/roza-sobieszek.pl\/sklep\/produkt\/roza-wielkokwiatowa-zapach-podstawowki\/#primaryimage"},"thumbnailUrl":"https:\/\/roza-sobieszek.pl\/sklep\/wp-content\/uploads\/2023\/09\/Zapach-Podstawowki-Lukasz-Rojewski-roze.jpg-roze.jpg","datePublished":"2023-09-21T08:21:29+00:00","dateModified":"2026-04-21T16:42:35+00:00","description":"Jest idealna dla pocz\u0105tkuj\u0105cych ogrodnik\u00f3w, gdy\u017c cechuje j\u0105 doskona\u0142a zdrowotno\u015b\u0107 oraz odporno\u015b\u0107 na niskie temperatury.Jej p\u00f3\u0142pe\u0142ne kwiaty o wyj\u0105tkowej,","breadcrumb":{"@id":"https:\/\/roza-sobieszek.pl\/sklep\/produkt\/roza-wielkokwiatowa-zapach-podstawowki\/#breadcrumb"},"inLanguage":"pl-PL","potentialAction":[{"@type":"ReadAction","target":["https:\/\/roza-sobieszek.pl\/sklep\/produkt\/roza-wielkokwiatowa-zapach-podstawowki\/"]}]},{"@type":"ImageObject","inLanguage":"pl-PL","@id":"https:\/\/roza-sobieszek.pl\/sklep\/produkt\/roza-wielkokwiatowa-zapach-podstawowki\/#primaryimage","url":"https:\/\/roza-sobieszek.pl\/sklep\/wp-content\/uploads\/2023\/09\/Zapach-Podstawowki-Lukasz-Rojewski-roze.jpg-roze.jpg","contentUrl":"https:\/\/roza-sobieszek.pl\/sklep\/wp-content\/uploads\/2023\/09\/Zapach-Podstawowki-Lukasz-Rojewski-roze.jpg-roze.jpg","width":2048,"height":1536},{"@type":"BreadcrumbList","@id":"https:\/\/roza-sobieszek.pl\/sklep\/produkt\/roza-wielkokwiatowa-zapach-podstawowki\/#breadcrumb","itemListElement":[{"@type":"ListItem","position":1,"name":"Strona g\u0142\u00f3wna","item":"https:\/\/roza-sobieszek.pl\/sklep\/"},{"@type":"ListItem","position":2,"name":"Shop","item":"https:\/\/roza-sobieszek.pl\/sklep\/shop\/"},{"@type":"ListItem","position":3,"name":"R\u00f3\u017ca Wielkokwiatowa Zapach Podstaw\u00f3wki\u00ae"}]},{"@type":"WebSite","@id":"https:\/\/roza-sobieszek.pl\/sklep\/#website","url":"https:\/\/roza-sobieszek.pl\/sklep\/","name":"R\u00f3\u017ce ogrodowe - Sklep Sobieszek producent","description":"","publisher":{"@id":"https:\/\/roza-sobieszek.pl\/sklep\/#organization"},"potentialAction":[{"@type":"SearchAction","target":{"@type":"EntryPoint","urlTemplate":"https:\/\/roza-sobieszek.pl\/sklep\/?s={search_term_string}"},"query-input":{"@type":"PropertyValueSpecification","valueRequired":true,"valueName":"search_term_string"}}],"inLanguage":"pl-PL"},{"@type":"Organization","@id":"https:\/\/roza-sobieszek.pl\/sklep\/#organization","name":"R\u00f3\u017ce ogrodowe - Sklep Sobieszek producent","url":"https:\/\/roza-sobieszek.pl\/sklep\/","logo":{"@type":"ImageObject","inLanguage":"pl-PL","@id":"https:\/\/roza-sobieszek.pl\/sklep\/#\/schema\/logo\/image\/","url":"https:\/\/roza-sobieszek.pl\/sklep\/wp-content\/uploads\/2016\/08\/IMG_0358-1.jpg","contentUrl":"https:\/\/roza-sobieszek.pl\/sklep\/wp-content\/uploads\/2016\/08\/IMG_0358-1.jpg","width":2048,"height":1365,"caption":"R\u00f3\u017ce ogrodowe - Sklep Sobieszek producent"},"image":{"@id":"https:\/\/roza-sobieszek.pl\/sklep\/#\/schema\/logo\/image\/"},"sameAs":["https:\/\/www.facebook.com\/profile.php?id=100063681485170"]}]}},"_links":{"self":[{"href":"https:\/\/roza-sobieszek.pl\/sklep\/wp-json\/wp\/v2\/product\/14441"}],"collection":[{"href":"https:\/\/roza-sobieszek.pl\/sklep\/wp-json\/wp\/v2\/product"}],"about":[{"href":"https:\/\/roza-sobieszek.pl\/sklep\/wp-json\/wp\/v2\/types\/product"}],"replies":[{"embeddable":true,"href":"https:\/\/roza-sobieszek.pl\/sklep\/wp-json\/wp\/v2\/comments?post=14441"}],"wp:featuredmedia":[{"embeddable":true,"href":"https:\/\/roza-sobieszek.pl\/sklep\/wp-json\/wp\/v2\/media\/14534"}],"wp:attachment":[{"href":"https:\/\/roza-sobieszek.pl\/sklep\/wp-json\/wp\/v2\/media?parent=14441"}],"wp:term":[{"taxonomy":"product_brand","embeddable":true,"href":"https:\/\/roza-sobieszek.pl\/sklep\/wp-json\/wp\/v2\/product_brand?post=14441"},{"taxonomy":"product_cat","embeddable":true,"href":"https:\/\/roza-sobieszek.pl\/sklep\/wp-json\/wp\/v2\/product_cat?post=14441"},{"taxonomy":"product_tag","embeddable":true,"href":"https:\/\/roza-sobieszek.pl\/sklep\/wp-json\/wp\/v2\/product_tag?post=14441"}],"curies":[{"name":"wp","href":"https:\/\/api.w.org\/{rel}","templated":true}]}}