{"id":14569,"date":"2023-09-26T10:18:26","date_gmt":"2023-09-26T10:18:26","guid":{"rendered":"https:\/\/roza-sobieszek.pl\/sklep\/?post_type=product&#038;p=14569"},"modified":"2026-04-22T11:40:40","modified_gmt":"2026-04-22T11:40:40","slug":"roza-okrywowa-alexander-von-humboldt","status":"publish","type":"product","link":"https:\/\/roza-sobieszek.pl\/sklep\/produkt\/roza-okrywowa-alexander-von-humboldt\/","title":{"rendered":"R\u00f3\u017ca Okrywowa Alexander von Humboldt\u00ae"},"content":{"rendered":"<h2>Alexander von Humboldt\u00ae<\/h2>\n<p>Bardzo zdrowa odmiana r\u00f3\u017cy okrywowej. Alexander von Humboldt mo\u017ce poszczyci\u0107 si\u0119 kwiatami o cudownej, czerwonej barwie. S\u0105 to do\u015b\u0107 du\u017ce kwiaty, pi\u0119knie otwieraj\u0105ce si\u0119 i ukazuj\u0105ce \u017c\u00f3\u0142ty \u015brodek. Wa\u017cn\u0105 cech\u0105 odmiany jest to, i\u017c jest bardzo lubiana przez pszczo\u0142y i inne owady zapylaj\u0105ce. Ciemno zielone, b\u0142yszcz\u0105ce li\u015bcie \u015bwietnie podbijaj\u0105 intensywno\u015b\u0107 kwiat\u00f3w. Sam krzew ro\u015bnie bardzo energicznie i doskonale si\u0119 krzewi. Posiada ogromna odporno\u015b\u0107 na choroby oraz niskie temperatury. Doskonale nadaje si\u0119 dla pocz\u0105tkuj\u0105cych ogrodnik\u00f3w.<\/p>\n","protected":false},"excerpt":{"rendered":"<p>Okrywowa R\u00f3\u017ca Alexander von Humboldt \u00ae<\/p>\n<ul>\n<li>Nazwa: Alexander von Humboldt \u00ae<\/li>\n<li>Kolor: czerwony<\/li>\n<li>Wzrost: 40 cm<\/li>\n<li>Wielko\u015b\u0107 kwiatu: 6 cm<\/li>\n<li>Zapach: brak<\/li>\n<li>Odporno\u015b\u0107 na choroby: doskona\u0142a<\/li>\n<li>Stanowisko: s\u0142oneczne<\/li>\n<li>Okres kwitnienia: VI \u2013 X<\/li>\n<li>Powtarza kwitnienie: tak<\/li>\n<li>Typ: r\u00f3\u017ca okrywowa<\/li>\n<li>Mrozoodporno\u015b\u0107: doskona\u0142a<\/li>\n<\/ul>\n","protected":false},"featured_media":14572,"comment_status":"open","ping_status":"closed","template":"","meta":[],"product_brand":[],"product_cat":[263,161,155,203],"product_tag":[245,246,247,204,223,187],"yoast_head":"<!-- This site is optimized with the Yoast SEO plugin v23.5 - https:\/\/yoast.com\/wordpress\/plugins\/seo\/ -->\n<title>R\u00f3\u017ca Okrywowa Alexander von Humboldt\u00ae - R\u00f3\u017ce ogrodowe - Sklep Sobieszek producent<\/title>\n<meta name=\"description\" content=\"S\u0105 to do\u015b\u0107 du\u017ce kwiaty, pi\u0119knie otwieraj\u0105ce si\u0119 i ukazuj\u0105ce \u017c\u00f3\u0142ty \u015brodek. Wa\u017cn\u0105 cech\u0105 odmiany jest to, i\u017c jest bardzo lubiana przez pszczo\u0142y\" \/>\n<meta name=\"robots\" content=\"index, follow, max-snippet:-1, max-image-preview:large, max-video-preview:-1\" \/>\n<link rel=\"canonical\" href=\"https:\/\/roza-sobieszek.pl\/sklep\/produkt\/roza-okrywowa-alexander-von-humboldt\/\" \/>\n<meta property=\"og:locale\" content=\"pl_PL\" \/>\n<meta property=\"og:type\" content=\"article\" \/>\n<meta property=\"og:title\" content=\"R\u00f3\u017ca Okrywowa Alexander von Humboldt\u00ae - R\u00f3\u017ce ogrodowe - Sklep Sobieszek producent\" \/>\n<meta property=\"og:description\" content=\"S\u0105 to do\u015b\u0107 du\u017ce kwiaty, pi\u0119knie otwieraj\u0105ce si\u0119 i ukazuj\u0105ce \u017c\u00f3\u0142ty \u015brodek. Wa\u017cn\u0105 cech\u0105 odmiany jest to, i\u017c jest bardzo lubiana przez pszczo\u0142y\" \/>\n<meta property=\"og:url\" content=\"https:\/\/roza-sobieszek.pl\/sklep\/produkt\/roza-okrywowa-alexander-von-humboldt\/\" \/>\n<meta property=\"og:site_name\" content=\"R\u00f3\u017ce ogrodowe - Sklep Sobieszek producent\" \/>\n<meta property=\"article:publisher\" content=\"https:\/\/www.facebook.com\/profile.php?id=100063681485170\" \/>\n<meta property=\"article:modified_time\" content=\"2026-04-22T11:40:40+00:00\" \/>\n<meta property=\"og:image\" content=\"https:\/\/roza-sobieszek.pl\/sklep\/wp-content\/uploads\/2023\/09\/alexander-von-humboldt_01.webp\" \/>\n\t<meta property=\"og:image:width\" content=\"1024\" \/>\n\t<meta property=\"og:image:height\" content=\"1024\" \/>\n\t<meta property=\"og:image:type\" content=\"image\/webp\" \/>\n<meta name=\"twitter:card\" content=\"summary_large_image\" \/>\n<meta name=\"twitter:label1\" content=\"Szacowany czas czytania\" \/>\n\t<meta name=\"twitter:data1\" content=\"1 minuta\" \/>\n<script type=\"application\/ld+json\" class=\"yoast-schema-graph\">{\"@context\":\"https:\/\/schema.org\",\"@graph\":[{\"@type\":\"WebPage\",\"@id\":\"https:\/\/roza-sobieszek.pl\/sklep\/produkt\/roza-okrywowa-alexander-von-humboldt\/\",\"url\":\"https:\/\/roza-sobieszek.pl\/sklep\/produkt\/roza-okrywowa-alexander-von-humboldt\/\",\"name\":\"R\u00f3\u017ca Okrywowa Alexander von Humboldt\u00ae - R\u00f3\u017ce ogrodowe - Sklep Sobieszek producent\",\"isPartOf\":{\"@id\":\"https:\/\/roza-sobieszek.pl\/sklep\/#website\"},\"primaryImageOfPage\":{\"@id\":\"https:\/\/roza-sobieszek.pl\/sklep\/produkt\/roza-okrywowa-alexander-von-humboldt\/#primaryimage\"},\"image\":{\"@id\":\"https:\/\/roza-sobieszek.pl\/sklep\/produkt\/roza-okrywowa-alexander-von-humboldt\/#primaryimage\"},\"thumbnailUrl\":\"https:\/\/roza-sobieszek.pl\/sklep\/wp-content\/uploads\/2023\/09\/alexander-von-humboldt_01.webp\",\"datePublished\":\"2023-09-26T10:18:26+00:00\",\"dateModified\":\"2026-04-22T11:40:40+00:00\",\"description\":\"S\u0105 to do\u015b\u0107 du\u017ce kwiaty, pi\u0119knie otwieraj\u0105ce si\u0119 i ukazuj\u0105ce \u017c\u00f3\u0142ty \u015brodek. Wa\u017cn\u0105 cech\u0105 odmiany jest to, i\u017c jest bardzo lubiana przez pszczo\u0142y\",\"breadcrumb\":{\"@id\":\"https:\/\/roza-sobieszek.pl\/sklep\/produkt\/roza-okrywowa-alexander-von-humboldt\/#breadcrumb\"},\"inLanguage\":\"pl-PL\",\"potentialAction\":[{\"@type\":\"ReadAction\",\"target\":[\"https:\/\/roza-sobieszek.pl\/sklep\/produkt\/roza-okrywowa-alexander-von-humboldt\/\"]}]},{\"@type\":\"ImageObject\",\"inLanguage\":\"pl-PL\",\"@id\":\"https:\/\/roza-sobieszek.pl\/sklep\/produkt\/roza-okrywowa-alexander-von-humboldt\/#primaryimage\",\"url\":\"https:\/\/roza-sobieszek.pl\/sklep\/wp-content\/uploads\/2023\/09\/alexander-von-humboldt_01.webp\",\"contentUrl\":\"https:\/\/roza-sobieszek.pl\/sklep\/wp-content\/uploads\/2023\/09\/alexander-von-humboldt_01.webp\",\"width\":1024,\"height\":1024},{\"@type\":\"BreadcrumbList\",\"@id\":\"https:\/\/roza-sobieszek.pl\/sklep\/produkt\/roza-okrywowa-alexander-von-humboldt\/#breadcrumb\",\"itemListElement\":[{\"@type\":\"ListItem\",\"position\":1,\"name\":\"Strona g\u0142\u00f3wna\",\"item\":\"https:\/\/roza-sobieszek.pl\/sklep\/\"},{\"@type\":\"ListItem\",\"position\":2,\"name\":\"Shop\",\"item\":\"https:\/\/roza-sobieszek.pl\/sklep\/shop\/\"},{\"@type\":\"ListItem\",\"position\":3,\"name\":\"R\u00f3\u017ca Okrywowa Alexander von Humboldt\u00ae\"}]},{\"@type\":\"WebSite\",\"@id\":\"https:\/\/roza-sobieszek.pl\/sklep\/#website\",\"url\":\"https:\/\/roza-sobieszek.pl\/sklep\/\",\"name\":\"R\u00f3\u017ce ogrodowe - Sklep Sobieszek producent\",\"description\":\"\",\"publisher\":{\"@id\":\"https:\/\/roza-sobieszek.pl\/sklep\/#organization\"},\"potentialAction\":[{\"@type\":\"SearchAction\",\"target\":{\"@type\":\"EntryPoint\",\"urlTemplate\":\"https:\/\/roza-sobieszek.pl\/sklep\/?s={search_term_string}\"},\"query-input\":{\"@type\":\"PropertyValueSpecification\",\"valueRequired\":true,\"valueName\":\"search_term_string\"}}],\"inLanguage\":\"pl-PL\"},{\"@type\":\"Organization\",\"@id\":\"https:\/\/roza-sobieszek.pl\/sklep\/#organization\",\"name\":\"R\u00f3\u017ce ogrodowe - Sklep Sobieszek producent\",\"url\":\"https:\/\/roza-sobieszek.pl\/sklep\/\",\"logo\":{\"@type\":\"ImageObject\",\"inLanguage\":\"pl-PL\",\"@id\":\"https:\/\/roza-sobieszek.pl\/sklep\/#\/schema\/logo\/image\/\",\"url\":\"https:\/\/roza-sobieszek.pl\/sklep\/wp-content\/uploads\/2016\/08\/IMG_0358-1.jpg\",\"contentUrl\":\"https:\/\/roza-sobieszek.pl\/sklep\/wp-content\/uploads\/2016\/08\/IMG_0358-1.jpg\",\"width\":2048,\"height\":1365,\"caption\":\"R\u00f3\u017ce ogrodowe - Sklep Sobieszek producent\"},\"image\":{\"@id\":\"https:\/\/roza-sobieszek.pl\/sklep\/#\/schema\/logo\/image\/\"},\"sameAs\":[\"https:\/\/www.facebook.com\/profile.php?id=100063681485170\"]}]}<\/script>\n<!-- \/ Yoast SEO plugin. -->","yoast_head_json":{"title":"R\u00f3\u017ca Okrywowa Alexander von Humboldt\u00ae - R\u00f3\u017ce ogrodowe - Sklep Sobieszek producent","description":"S\u0105 to do\u015b\u0107 du\u017ce kwiaty, pi\u0119knie otwieraj\u0105ce si\u0119 i ukazuj\u0105ce \u017c\u00f3\u0142ty \u015brodek. Wa\u017cn\u0105 cech\u0105 odmiany jest to, i\u017c jest bardzo lubiana przez pszczo\u0142y","robots":{"index":"index","follow":"follow","max-snippet":"max-snippet:-1","max-image-preview":"max-image-preview:large","max-video-preview":"max-video-preview:-1"},"canonical":"https:\/\/roza-sobieszek.pl\/sklep\/produkt\/roza-okrywowa-alexander-von-humboldt\/","og_locale":"pl_PL","og_type":"article","og_title":"R\u00f3\u017ca Okrywowa Alexander von Humboldt\u00ae - R\u00f3\u017ce ogrodowe - Sklep Sobieszek producent","og_description":"S\u0105 to do\u015b\u0107 du\u017ce kwiaty, pi\u0119knie otwieraj\u0105ce si\u0119 i ukazuj\u0105ce \u017c\u00f3\u0142ty \u015brodek. Wa\u017cn\u0105 cech\u0105 odmiany jest to, i\u017c jest bardzo lubiana przez pszczo\u0142y","og_url":"https:\/\/roza-sobieszek.pl\/sklep\/produkt\/roza-okrywowa-alexander-von-humboldt\/","og_site_name":"R\u00f3\u017ce ogrodowe - Sklep Sobieszek producent","article_publisher":"https:\/\/www.facebook.com\/profile.php?id=100063681485170","article_modified_time":"2026-04-22T11:40:40+00:00","og_image":[{"width":1024,"height":1024,"url":"https:\/\/roza-sobieszek.pl\/sklep\/wp-content\/uploads\/2023\/09\/alexander-von-humboldt_01.webp","type":"image\/webp"}],"twitter_card":"summary_large_image","twitter_misc":{"Szacowany czas czytania":"1 minuta"},"schema":{"@context":"https:\/\/schema.org","@graph":[{"@type":"WebPage","@id":"https:\/\/roza-sobieszek.pl\/sklep\/produkt\/roza-okrywowa-alexander-von-humboldt\/","url":"https:\/\/roza-sobieszek.pl\/sklep\/produkt\/roza-okrywowa-alexander-von-humboldt\/","name":"R\u00f3\u017ca Okrywowa Alexander von Humboldt\u00ae - R\u00f3\u017ce ogrodowe - Sklep Sobieszek producent","isPartOf":{"@id":"https:\/\/roza-sobieszek.pl\/sklep\/#website"},"primaryImageOfPage":{"@id":"https:\/\/roza-sobieszek.pl\/sklep\/produkt\/roza-okrywowa-alexander-von-humboldt\/#primaryimage"},"image":{"@id":"https:\/\/roza-sobieszek.pl\/sklep\/produkt\/roza-okrywowa-alexander-von-humboldt\/#primaryimage"},"thumbnailUrl":"https:\/\/roza-sobieszek.pl\/sklep\/wp-content\/uploads\/2023\/09\/alexander-von-humboldt_01.webp","datePublished":"2023-09-26T10:18:26+00:00","dateModified":"2026-04-22T11:40:40+00:00","description":"S\u0105 to do\u015b\u0107 du\u017ce kwiaty, pi\u0119knie otwieraj\u0105ce si\u0119 i ukazuj\u0105ce \u017c\u00f3\u0142ty \u015brodek. Wa\u017cn\u0105 cech\u0105 odmiany jest to, i\u017c jest bardzo lubiana przez pszczo\u0142y","breadcrumb":{"@id":"https:\/\/roza-sobieszek.pl\/sklep\/produkt\/roza-okrywowa-alexander-von-humboldt\/#breadcrumb"},"inLanguage":"pl-PL","potentialAction":[{"@type":"ReadAction","target":["https:\/\/roza-sobieszek.pl\/sklep\/produkt\/roza-okrywowa-alexander-von-humboldt\/"]}]},{"@type":"ImageObject","inLanguage":"pl-PL","@id":"https:\/\/roza-sobieszek.pl\/sklep\/produkt\/roza-okrywowa-alexander-von-humboldt\/#primaryimage","url":"https:\/\/roza-sobieszek.pl\/sklep\/wp-content\/uploads\/2023\/09\/alexander-von-humboldt_01.webp","contentUrl":"https:\/\/roza-sobieszek.pl\/sklep\/wp-content\/uploads\/2023\/09\/alexander-von-humboldt_01.webp","width":1024,"height":1024},{"@type":"BreadcrumbList","@id":"https:\/\/roza-sobieszek.pl\/sklep\/produkt\/roza-okrywowa-alexander-von-humboldt\/#breadcrumb","itemListElement":[{"@type":"ListItem","position":1,"name":"Strona g\u0142\u00f3wna","item":"https:\/\/roza-sobieszek.pl\/sklep\/"},{"@type":"ListItem","position":2,"name":"Shop","item":"https:\/\/roza-sobieszek.pl\/sklep\/shop\/"},{"@type":"ListItem","position":3,"name":"R\u00f3\u017ca Okrywowa Alexander von Humboldt\u00ae"}]},{"@type":"WebSite","@id":"https:\/\/roza-sobieszek.pl\/sklep\/#website","url":"https:\/\/roza-sobieszek.pl\/sklep\/","name":"R\u00f3\u017ce ogrodowe - Sklep Sobieszek producent","description":"","publisher":{"@id":"https:\/\/roza-sobieszek.pl\/sklep\/#organization"},"potentialAction":[{"@type":"SearchAction","target":{"@type":"EntryPoint","urlTemplate":"https:\/\/roza-sobieszek.pl\/sklep\/?s={search_term_string}"},"query-input":{"@type":"PropertyValueSpecification","valueRequired":true,"valueName":"search_term_string"}}],"inLanguage":"pl-PL"},{"@type":"Organization","@id":"https:\/\/roza-sobieszek.pl\/sklep\/#organization","name":"R\u00f3\u017ce ogrodowe - Sklep Sobieszek producent","url":"https:\/\/roza-sobieszek.pl\/sklep\/","logo":{"@type":"ImageObject","inLanguage":"pl-PL","@id":"https:\/\/roza-sobieszek.pl\/sklep\/#\/schema\/logo\/image\/","url":"https:\/\/roza-sobieszek.pl\/sklep\/wp-content\/uploads\/2016\/08\/IMG_0358-1.jpg","contentUrl":"https:\/\/roza-sobieszek.pl\/sklep\/wp-content\/uploads\/2016\/08\/IMG_0358-1.jpg","width":2048,"height":1365,"caption":"R\u00f3\u017ce ogrodowe - Sklep Sobieszek producent"},"image":{"@id":"https:\/\/roza-sobieszek.pl\/sklep\/#\/schema\/logo\/image\/"},"sameAs":["https:\/\/www.facebook.com\/profile.php?id=100063681485170"]}]}},"_links":{"self":[{"href":"https:\/\/roza-sobieszek.pl\/sklep\/wp-json\/wp\/v2\/product\/14569"}],"collection":[{"href":"https:\/\/roza-sobieszek.pl\/sklep\/wp-json\/wp\/v2\/product"}],"about":[{"href":"https:\/\/roza-sobieszek.pl\/sklep\/wp-json\/wp\/v2\/types\/product"}],"replies":[{"embeddable":true,"href":"https:\/\/roza-sobieszek.pl\/sklep\/wp-json\/wp\/v2\/comments?post=14569"}],"wp:featuredmedia":[{"embeddable":true,"href":"https:\/\/roza-sobieszek.pl\/sklep\/wp-json\/wp\/v2\/media\/14572"}],"wp:attachment":[{"href":"https:\/\/roza-sobieszek.pl\/sklep\/wp-json\/wp\/v2\/media?parent=14569"}],"wp:term":[{"taxonomy":"product_brand","embeddable":true,"href":"https:\/\/roza-sobieszek.pl\/sklep\/wp-json\/wp\/v2\/product_brand?post=14569"},{"taxonomy":"product_cat","embeddable":true,"href":"https:\/\/roza-sobieszek.pl\/sklep\/wp-json\/wp\/v2\/product_cat?post=14569"},{"taxonomy":"product_tag","embeddable":true,"href":"https:\/\/roza-sobieszek.pl\/sklep\/wp-json\/wp\/v2\/product_tag?post=14569"}],"curies":[{"name":"wp","href":"https:\/\/api.w.org\/{rel}","templated":true}]}}