{"id":16017,"date":"2024-03-14T12:40:33","date_gmt":"2024-03-14T12:40:33","guid":{"rendered":"https:\/\/roza-sobieszek.pl\/sklep\/?post_type=product&#038;p=16017"},"modified":"2026-03-20T10:42:31","modified_gmt":"2026-03-20T10:42:31","slug":"roza-pnaca-the-generous-gardener","status":"publish","type":"product","link":"https:\/\/roza-sobieszek.pl\/sklep\/produkt\/roza-pnaca-the-generous-gardener\/","title":{"rendered":"R\u00f3\u017ca pn\u0105ca The Generous Gardener\u00ae"},"content":{"rendered":"<h2>R\u00f3\u017ca pn\u0105ca The Generous Gardener\u00ae<\/h2>\n<p>Pn\u0105ca odmiana r\u00f3\u017cy Davida Austina. Jej blador\u00f3\u017cowe, pe\u0142ne kwiaty odznaczaj\u0105 si\u0119 bardzo eleganckim wygl\u0105dem oraz niezwykle intensywnym zapachem mirry i pi\u017cma. Sam krzew jest silny, zdrowy i do\u015b\u0107 \u0142atwy w formowaniu. Kwitnie bardzo obficie oraz kwiaty tej odmiany s\u0105 bardzo lubiane przez pszczo\u0142y i inne owady. Doskonale nadaje si\u0119 do nasadze\u0144 przy \u015bcianach, na pergole b\u0105d\u017a \u0142uki. Jej niew\u0105tpliw\u0105 zalet\u0105 jest bardzo dobra odporno\u015b\u0107 na choroby oraz niskie temperatury.<\/p>\n<p><span style=\"border-radius: 2px; text-indent: 20px; width: auto; padding: 0px 4px 0px 0px; text-align: center; font: bold 11px\/20px 'Helvetica Neue',Helvetica,sans-serif; color: #ffffff; background: #bd081c no-repeat scroll 3px 50% \/ 14px 14px; position: absolute; opacity: 1; z-index: 8675309; display: none; cursor: pointer;\">Zapisz<\/span><\/p>\n","protected":false},"excerpt":{"rendered":"<p>R\u00f3\u017ca pn\u0105ca The Generous Gardener\u00ae<\/p>\n<ul>\n<li>Nazwa: The Generous Gardener\u00ae<\/li>\n<li>Kolor: blador\u00f3\u017cowy<\/li>\n<li>Wzrost: 160-180 cm<\/li>\n<li>Wielko\u015b\u0107 kwiatu: 7-9 cm<\/li>\n<li>Zapach: bardzo intensywny<\/li>\n<li>Odporno\u015b\u0107 na choroby: bardzo dobra<\/li>\n<li>Stanowisko: s\u0142oneczne<\/li>\n<li>Okres kwitnienia: VI \u2013 X<\/li>\n<li>Powtarza kwitnienie: tak<\/li>\n<li>Typ: r\u00f3\u017ca pn\u0105ca<\/li>\n<li>Mrozoodporno\u015b\u0107: bardzo dobra<\/li>\n<\/ul>\n","protected":false},"featured_media":16020,"comment_status":"open","ping_status":"closed","template":"","meta":[],"product_brand":[],"product_cat":[234,157],"product_tag":[188,235],"yoast_head":"<!-- This site is optimized with the Yoast SEO plugin v23.5 - https:\/\/yoast.com\/wordpress\/plugins\/seo\/ -->\n<title>R\u00f3\u017ca pn\u0105ca The Generous Gardener\u00ae - R\u00f3\u017ce ogrodowe - Sklep Sobieszek producent<\/title>\n<meta name=\"description\" content=\"R\u00f3\u017ca pn\u0105ca The Generous Gardener\u00ae Jej blador\u00f3\u017cowe, pe\u0142ne kwiaty odznaczaj\u0105 si\u0119 bardzo eleganckim wygl\u0105dem oraz niezwykle intensywnym zapachem mirry i pi\u017cma\" \/>\n<meta name=\"robots\" content=\"index, follow, max-snippet:-1, max-image-preview:large, max-video-preview:-1\" \/>\n<link rel=\"canonical\" href=\"https:\/\/roza-sobieszek.pl\/sklep\/produkt\/roza-pnaca-the-generous-gardener\/\" \/>\n<meta property=\"og:locale\" content=\"pl_PL\" \/>\n<meta property=\"og:type\" content=\"article\" \/>\n<meta property=\"og:title\" content=\"R\u00f3\u017ca pn\u0105ca The Generous Gardener\u00ae - R\u00f3\u017ce ogrodowe - Sklep Sobieszek producent\" \/>\n<meta property=\"og:description\" content=\"R\u00f3\u017ca pn\u0105ca The Generous Gardener\u00ae Jej blador\u00f3\u017cowe, pe\u0142ne kwiaty odznaczaj\u0105 si\u0119 bardzo eleganckim wygl\u0105dem oraz niezwykle intensywnym zapachem mirry i pi\u017cma\" \/>\n<meta property=\"og:url\" content=\"https:\/\/roza-sobieszek.pl\/sklep\/produkt\/roza-pnaca-the-generous-gardener\/\" \/>\n<meta property=\"og:site_name\" content=\"R\u00f3\u017ce ogrodowe - Sklep Sobieszek producent\" \/>\n<meta property=\"article:publisher\" content=\"https:\/\/www.facebook.com\/profile.php?id=100063681485170\" \/>\n<meta property=\"article:modified_time\" content=\"2026-03-20T10:42:31+00:00\" \/>\n<meta property=\"og:image\" content=\"https:\/\/roza-sobieszek.pl\/sklep\/wp-content\/uploads\/2024\/03\/Roza-pnaca-The-Generous-Gardener\u00ae1.webp\" \/>\n\t<meta property=\"og:image:width\" content=\"720\" \/>\n\t<meta property=\"og:image:height\" content=\"720\" \/>\n\t<meta property=\"og:image:type\" content=\"image\/webp\" \/>\n<meta name=\"twitter:card\" content=\"summary_large_image\" \/>\n<meta name=\"twitter:label1\" content=\"Szacowany czas czytania\" \/>\n\t<meta name=\"twitter:data1\" content=\"1 minuta\" \/>\n<script type=\"application\/ld+json\" class=\"yoast-schema-graph\">{\"@context\":\"https:\/\/schema.org\",\"@graph\":[{\"@type\":\"WebPage\",\"@id\":\"https:\/\/roza-sobieszek.pl\/sklep\/produkt\/roza-pnaca-the-generous-gardener\/\",\"url\":\"https:\/\/roza-sobieszek.pl\/sklep\/produkt\/roza-pnaca-the-generous-gardener\/\",\"name\":\"R\u00f3\u017ca pn\u0105ca The Generous Gardener\u00ae - R\u00f3\u017ce ogrodowe - Sklep Sobieszek producent\",\"isPartOf\":{\"@id\":\"https:\/\/roza-sobieszek.pl\/sklep\/#website\"},\"primaryImageOfPage\":{\"@id\":\"https:\/\/roza-sobieszek.pl\/sklep\/produkt\/roza-pnaca-the-generous-gardener\/#primaryimage\"},\"image\":{\"@id\":\"https:\/\/roza-sobieszek.pl\/sklep\/produkt\/roza-pnaca-the-generous-gardener\/#primaryimage\"},\"thumbnailUrl\":\"https:\/\/roza-sobieszek.pl\/sklep\/wp-content\/uploads\/2024\/03\/Roza-pnaca-The-Generous-Gardener\u00ae1.webp\",\"datePublished\":\"2024-03-14T12:40:33+00:00\",\"dateModified\":\"2026-03-20T10:42:31+00:00\",\"description\":\"R\u00f3\u017ca pn\u0105ca The Generous Gardener\u00ae Jej blador\u00f3\u017cowe, pe\u0142ne kwiaty odznaczaj\u0105 si\u0119 bardzo eleganckim wygl\u0105dem oraz niezwykle intensywnym zapachem mirry i pi\u017cma\",\"breadcrumb\":{\"@id\":\"https:\/\/roza-sobieszek.pl\/sklep\/produkt\/roza-pnaca-the-generous-gardener\/#breadcrumb\"},\"inLanguage\":\"pl-PL\",\"potentialAction\":[{\"@type\":\"ReadAction\",\"target\":[\"https:\/\/roza-sobieszek.pl\/sklep\/produkt\/roza-pnaca-the-generous-gardener\/\"]}]},{\"@type\":\"ImageObject\",\"inLanguage\":\"pl-PL\",\"@id\":\"https:\/\/roza-sobieszek.pl\/sklep\/produkt\/roza-pnaca-the-generous-gardener\/#primaryimage\",\"url\":\"https:\/\/roza-sobieszek.pl\/sklep\/wp-content\/uploads\/2024\/03\/Roza-pnaca-The-Generous-Gardener\u00ae1.webp\",\"contentUrl\":\"https:\/\/roza-sobieszek.pl\/sklep\/wp-content\/uploads\/2024\/03\/Roza-pnaca-The-Generous-Gardener\u00ae1.webp\",\"width\":720,\"height\":720},{\"@type\":\"BreadcrumbList\",\"@id\":\"https:\/\/roza-sobieszek.pl\/sklep\/produkt\/roza-pnaca-the-generous-gardener\/#breadcrumb\",\"itemListElement\":[{\"@type\":\"ListItem\",\"position\":1,\"name\":\"Strona g\u0142\u00f3wna\",\"item\":\"https:\/\/roza-sobieszek.pl\/sklep\/\"},{\"@type\":\"ListItem\",\"position\":2,\"name\":\"Shop\",\"item\":\"https:\/\/roza-sobieszek.pl\/sklep\/shop\/\"},{\"@type\":\"ListItem\",\"position\":3,\"name\":\"R\u00f3\u017ca pn\u0105ca The Generous Gardener\u00ae\"}]},{\"@type\":\"WebSite\",\"@id\":\"https:\/\/roza-sobieszek.pl\/sklep\/#website\",\"url\":\"https:\/\/roza-sobieszek.pl\/sklep\/\",\"name\":\"R\u00f3\u017ce ogrodowe - Sklep Sobieszek producent\",\"description\":\"\",\"publisher\":{\"@id\":\"https:\/\/roza-sobieszek.pl\/sklep\/#organization\"},\"potentialAction\":[{\"@type\":\"SearchAction\",\"target\":{\"@type\":\"EntryPoint\",\"urlTemplate\":\"https:\/\/roza-sobieszek.pl\/sklep\/?s={search_term_string}\"},\"query-input\":{\"@type\":\"PropertyValueSpecification\",\"valueRequired\":true,\"valueName\":\"search_term_string\"}}],\"inLanguage\":\"pl-PL\"},{\"@type\":\"Organization\",\"@id\":\"https:\/\/roza-sobieszek.pl\/sklep\/#organization\",\"name\":\"R\u00f3\u017ce ogrodowe - Sklep Sobieszek producent\",\"url\":\"https:\/\/roza-sobieszek.pl\/sklep\/\",\"logo\":{\"@type\":\"ImageObject\",\"inLanguage\":\"pl-PL\",\"@id\":\"https:\/\/roza-sobieszek.pl\/sklep\/#\/schema\/logo\/image\/\",\"url\":\"https:\/\/roza-sobieszek.pl\/sklep\/wp-content\/uploads\/2016\/08\/IMG_0358-1.jpg\",\"contentUrl\":\"https:\/\/roza-sobieszek.pl\/sklep\/wp-content\/uploads\/2016\/08\/IMG_0358-1.jpg\",\"width\":2048,\"height\":1365,\"caption\":\"R\u00f3\u017ce ogrodowe - Sklep Sobieszek producent\"},\"image\":{\"@id\":\"https:\/\/roza-sobieszek.pl\/sklep\/#\/schema\/logo\/image\/\"},\"sameAs\":[\"https:\/\/www.facebook.com\/profile.php?id=100063681485170\"]}]}<\/script>\n<!-- \/ Yoast SEO plugin. -->","yoast_head_json":{"title":"R\u00f3\u017ca pn\u0105ca The Generous Gardener\u00ae - R\u00f3\u017ce ogrodowe - Sklep Sobieszek producent","description":"R\u00f3\u017ca pn\u0105ca The Generous Gardener\u00ae Jej blador\u00f3\u017cowe, pe\u0142ne kwiaty odznaczaj\u0105 si\u0119 bardzo eleganckim wygl\u0105dem oraz niezwykle intensywnym zapachem mirry i pi\u017cma","robots":{"index":"index","follow":"follow","max-snippet":"max-snippet:-1","max-image-preview":"max-image-preview:large","max-video-preview":"max-video-preview:-1"},"canonical":"https:\/\/roza-sobieszek.pl\/sklep\/produkt\/roza-pnaca-the-generous-gardener\/","og_locale":"pl_PL","og_type":"article","og_title":"R\u00f3\u017ca pn\u0105ca The Generous Gardener\u00ae - R\u00f3\u017ce ogrodowe - Sklep Sobieszek producent","og_description":"R\u00f3\u017ca pn\u0105ca The Generous Gardener\u00ae Jej blador\u00f3\u017cowe, pe\u0142ne kwiaty odznaczaj\u0105 si\u0119 bardzo eleganckim wygl\u0105dem oraz niezwykle intensywnym zapachem mirry i pi\u017cma","og_url":"https:\/\/roza-sobieszek.pl\/sklep\/produkt\/roza-pnaca-the-generous-gardener\/","og_site_name":"R\u00f3\u017ce ogrodowe - Sklep Sobieszek producent","article_publisher":"https:\/\/www.facebook.com\/profile.php?id=100063681485170","article_modified_time":"2026-03-20T10:42:31+00:00","og_image":[{"width":720,"height":720,"url":"https:\/\/roza-sobieszek.pl\/sklep\/wp-content\/uploads\/2024\/03\/Roza-pnaca-The-Generous-Gardener\u00ae1.webp","type":"image\/webp"}],"twitter_card":"summary_large_image","twitter_misc":{"Szacowany czas czytania":"1 minuta"},"schema":{"@context":"https:\/\/schema.org","@graph":[{"@type":"WebPage","@id":"https:\/\/roza-sobieszek.pl\/sklep\/produkt\/roza-pnaca-the-generous-gardener\/","url":"https:\/\/roza-sobieszek.pl\/sklep\/produkt\/roza-pnaca-the-generous-gardener\/","name":"R\u00f3\u017ca pn\u0105ca The Generous Gardener\u00ae - R\u00f3\u017ce ogrodowe - Sklep Sobieszek producent","isPartOf":{"@id":"https:\/\/roza-sobieszek.pl\/sklep\/#website"},"primaryImageOfPage":{"@id":"https:\/\/roza-sobieszek.pl\/sklep\/produkt\/roza-pnaca-the-generous-gardener\/#primaryimage"},"image":{"@id":"https:\/\/roza-sobieszek.pl\/sklep\/produkt\/roza-pnaca-the-generous-gardener\/#primaryimage"},"thumbnailUrl":"https:\/\/roza-sobieszek.pl\/sklep\/wp-content\/uploads\/2024\/03\/Roza-pnaca-The-Generous-Gardener\u00ae1.webp","datePublished":"2024-03-14T12:40:33+00:00","dateModified":"2026-03-20T10:42:31+00:00","description":"R\u00f3\u017ca pn\u0105ca The Generous Gardener\u00ae Jej blador\u00f3\u017cowe, pe\u0142ne kwiaty odznaczaj\u0105 si\u0119 bardzo eleganckim wygl\u0105dem oraz niezwykle intensywnym zapachem mirry i pi\u017cma","breadcrumb":{"@id":"https:\/\/roza-sobieszek.pl\/sklep\/produkt\/roza-pnaca-the-generous-gardener\/#breadcrumb"},"inLanguage":"pl-PL","potentialAction":[{"@type":"ReadAction","target":["https:\/\/roza-sobieszek.pl\/sklep\/produkt\/roza-pnaca-the-generous-gardener\/"]}]},{"@type":"ImageObject","inLanguage":"pl-PL","@id":"https:\/\/roza-sobieszek.pl\/sklep\/produkt\/roza-pnaca-the-generous-gardener\/#primaryimage","url":"https:\/\/roza-sobieszek.pl\/sklep\/wp-content\/uploads\/2024\/03\/Roza-pnaca-The-Generous-Gardener\u00ae1.webp","contentUrl":"https:\/\/roza-sobieszek.pl\/sklep\/wp-content\/uploads\/2024\/03\/Roza-pnaca-The-Generous-Gardener\u00ae1.webp","width":720,"height":720},{"@type":"BreadcrumbList","@id":"https:\/\/roza-sobieszek.pl\/sklep\/produkt\/roza-pnaca-the-generous-gardener\/#breadcrumb","itemListElement":[{"@type":"ListItem","position":1,"name":"Strona g\u0142\u00f3wna","item":"https:\/\/roza-sobieszek.pl\/sklep\/"},{"@type":"ListItem","position":2,"name":"Shop","item":"https:\/\/roza-sobieszek.pl\/sklep\/shop\/"},{"@type":"ListItem","position":3,"name":"R\u00f3\u017ca pn\u0105ca The Generous Gardener\u00ae"}]},{"@type":"WebSite","@id":"https:\/\/roza-sobieszek.pl\/sklep\/#website","url":"https:\/\/roza-sobieszek.pl\/sklep\/","name":"R\u00f3\u017ce ogrodowe - Sklep Sobieszek producent","description":"","publisher":{"@id":"https:\/\/roza-sobieszek.pl\/sklep\/#organization"},"potentialAction":[{"@type":"SearchAction","target":{"@type":"EntryPoint","urlTemplate":"https:\/\/roza-sobieszek.pl\/sklep\/?s={search_term_string}"},"query-input":{"@type":"PropertyValueSpecification","valueRequired":true,"valueName":"search_term_string"}}],"inLanguage":"pl-PL"},{"@type":"Organization","@id":"https:\/\/roza-sobieszek.pl\/sklep\/#organization","name":"R\u00f3\u017ce ogrodowe - Sklep Sobieszek producent","url":"https:\/\/roza-sobieszek.pl\/sklep\/","logo":{"@type":"ImageObject","inLanguage":"pl-PL","@id":"https:\/\/roza-sobieszek.pl\/sklep\/#\/schema\/logo\/image\/","url":"https:\/\/roza-sobieszek.pl\/sklep\/wp-content\/uploads\/2016\/08\/IMG_0358-1.jpg","contentUrl":"https:\/\/roza-sobieszek.pl\/sklep\/wp-content\/uploads\/2016\/08\/IMG_0358-1.jpg","width":2048,"height":1365,"caption":"R\u00f3\u017ce ogrodowe - Sklep Sobieszek producent"},"image":{"@id":"https:\/\/roza-sobieszek.pl\/sklep\/#\/schema\/logo\/image\/"},"sameAs":["https:\/\/www.facebook.com\/profile.php?id=100063681485170"]}]}},"_links":{"self":[{"href":"https:\/\/roza-sobieszek.pl\/sklep\/wp-json\/wp\/v2\/product\/16017"}],"collection":[{"href":"https:\/\/roza-sobieszek.pl\/sklep\/wp-json\/wp\/v2\/product"}],"about":[{"href":"https:\/\/roza-sobieszek.pl\/sklep\/wp-json\/wp\/v2\/types\/product"}],"replies":[{"embeddable":true,"href":"https:\/\/roza-sobieszek.pl\/sklep\/wp-json\/wp\/v2\/comments?post=16017"}],"wp:featuredmedia":[{"embeddable":true,"href":"https:\/\/roza-sobieszek.pl\/sklep\/wp-json\/wp\/v2\/media\/16020"}],"wp:attachment":[{"href":"https:\/\/roza-sobieszek.pl\/sklep\/wp-json\/wp\/v2\/media?parent=16017"}],"wp:term":[{"taxonomy":"product_brand","embeddable":true,"href":"https:\/\/roza-sobieszek.pl\/sklep\/wp-json\/wp\/v2\/product_brand?post=16017"},{"taxonomy":"product_cat","embeddable":true,"href":"https:\/\/roza-sobieszek.pl\/sklep\/wp-json\/wp\/v2\/product_cat?post=16017"},{"taxonomy":"product_tag","embeddable":true,"href":"https:\/\/roza-sobieszek.pl\/sklep\/wp-json\/wp\/v2\/product_tag?post=16017"}],"curies":[{"name":"wp","href":"https:\/\/api.w.org\/{rel}","templated":true}]}}