{"id":17455,"date":"2024-09-03T09:24:31","date_gmt":"2024-09-03T09:24:31","guid":{"rendered":"https:\/\/roza-sobieszek.pl\/sklep\/?post_type=product&#038;p=17455"},"modified":"2025-10-22T08:09:23","modified_gmt":"2025-10-22T08:09:23","slug":"roza-rabatowa-nocna-straz","status":"publish","type":"product","link":"https:\/\/roza-sobieszek.pl\/sklep\/produkt\/roza-rabatowa-nocna-straz\/","title":{"rendered":"R\u00f3\u017ca Rabatowa Nocna Stra\u017c\u00ae"},"content":{"rendered":"<h2>Nocna Stra\u017c\u00ae<\/h2>\n<p>Kolor p\u0142atk\u00f3w jest fioletowy z jasnym okiem u nasady. W zestawianiu z weso\u0142ymi \u017c\u00f3\u0142tymi pr\u0119cikami powstaje bardzo oryginalny efekt. Fiolety si\u0119 roz\u015bwietlaj\u0105 i komponuj\u0105 o\u017cywiony nastr\u00f3j.\u00a0 Dodatkowo spodnia strona p\u0142atk\u00f3w jest kilka tonacji ja\u015bniejsza. Kwitnie szerok\u0105 wiech\u0105. \u015awietna r\u00f3\u017ca na rabaty i do kompozycji z innymi bylinami. L\u015bni\u0105ce sk\u00f3rzaste li\u015bcie s\u0105 odporne na m\u0105czniaka.<\/p>\n","protected":false},"excerpt":{"rendered":"<p>Nowo\u015b\u0107 polskiego hodowcy<\/p>\n<p>Rabatowa Nocna Stra\u017c\u00ae<\/p>\n<ul>\n<li>Nazwa: Nocna Stra\u017c\u00ae<\/li>\n<li>Kolor: fioletowy<\/li>\n<li>Wzrost: 70cm<\/li>\n<li>Wielko\u015b\u0107 kwiatu: 4cm<\/li>\n<li>Zapach: silny<\/li>\n<li>Odporno\u015b\u0107 na choroby: wysoka<\/li>\n<li>Stanowisko: s\u0142oneczne<\/li>\n<li>Okres kwitnienia: VI \u2013 X<\/li>\n<li>Powtarza kwitnienie: tak<\/li>\n<li>Typ: rabatowa<\/li>\n<li>Mrozoodporno\u015b\u0107: wysoka<\/li>\n<\/ul>\n","protected":false},"featured_media":17461,"comment_status":"open","ping_status":"closed","template":"","meta":[],"product_brand":[],"product_cat":[268,209,155],"product_tag":[247,258,259],"yoast_head":"<!-- This site is optimized with the Yoast SEO plugin v23.5 - https:\/\/yoast.com\/wordpress\/plugins\/seo\/ -->\n<title>R\u00f3\u017ca Rabatowa Nocna Stra\u017c\u00ae - R\u00f3\u017ce ogrodowe - Sklep Sobieszek producent<\/title>\n<meta name=\"description\" content=\"R\u00f3\u017ca Rabatowa Nocna Stra\u017c\u00ae Kolor p\u0142atk\u00f3w jest fioletowy z jasnym okiem u nasady. W zestawianiu z weso\u0142ymi \u017c\u00f3\u0142tymi pr\u0119cikami powstaje bardzo oryginalny efekt\" \/>\n<meta name=\"robots\" content=\"index, follow, max-snippet:-1, max-image-preview:large, max-video-preview:-1\" \/>\n<link rel=\"canonical\" href=\"https:\/\/roza-sobieszek.pl\/sklep\/produkt\/roza-rabatowa-nocna-straz\/\" \/>\n<meta property=\"og:locale\" content=\"pl_PL\" \/>\n<meta property=\"og:type\" content=\"article\" \/>\n<meta property=\"og:title\" content=\"R\u00f3\u017ca Rabatowa Nocna Stra\u017c\u00ae - R\u00f3\u017ce ogrodowe - Sklep Sobieszek producent\" \/>\n<meta property=\"og:description\" content=\"R\u00f3\u017ca Rabatowa Nocna Stra\u017c\u00ae Kolor p\u0142atk\u00f3w jest fioletowy z jasnym okiem u nasady. W zestawianiu z weso\u0142ymi \u017c\u00f3\u0142tymi pr\u0119cikami powstaje bardzo oryginalny efekt\" \/>\n<meta property=\"og:url\" content=\"https:\/\/roza-sobieszek.pl\/sklep\/produkt\/roza-rabatowa-nocna-straz\/\" \/>\n<meta property=\"og:site_name\" content=\"R\u00f3\u017ce ogrodowe - Sklep Sobieszek producent\" \/>\n<meta property=\"article:publisher\" content=\"https:\/\/www.facebook.com\/profile.php?id=100063681485170\" \/>\n<meta property=\"article:modified_time\" content=\"2025-10-22T08:09:23+00:00\" \/>\n<meta property=\"og:image\" content=\"https:\/\/roza-sobieszek.pl\/sklep\/wp-content\/uploads\/2024\/09\/20220602_143508-rotated.jpg\" \/>\n\t<meta property=\"og:image:width\" content=\"3024\" \/>\n\t<meta property=\"og:image:height\" content=\"4032\" \/>\n\t<meta property=\"og:image:type\" content=\"image\/jpeg\" \/>\n<meta name=\"twitter:card\" content=\"summary_large_image\" \/>\n<meta name=\"twitter:label1\" content=\"Szacowany czas czytania\" \/>\n\t<meta name=\"twitter:data1\" content=\"1 minuta\" \/>\n<script type=\"application\/ld+json\" class=\"yoast-schema-graph\">{\"@context\":\"https:\/\/schema.org\",\"@graph\":[{\"@type\":\"WebPage\",\"@id\":\"https:\/\/roza-sobieszek.pl\/sklep\/produkt\/roza-rabatowa-nocna-straz\/\",\"url\":\"https:\/\/roza-sobieszek.pl\/sklep\/produkt\/roza-rabatowa-nocna-straz\/\",\"name\":\"R\u00f3\u017ca Rabatowa Nocna Stra\u017c\u00ae - R\u00f3\u017ce ogrodowe - Sklep Sobieszek producent\",\"isPartOf\":{\"@id\":\"https:\/\/roza-sobieszek.pl\/sklep\/#website\"},\"primaryImageOfPage\":{\"@id\":\"https:\/\/roza-sobieszek.pl\/sklep\/produkt\/roza-rabatowa-nocna-straz\/#primaryimage\"},\"image\":{\"@id\":\"https:\/\/roza-sobieszek.pl\/sklep\/produkt\/roza-rabatowa-nocna-straz\/#primaryimage\"},\"thumbnailUrl\":\"https:\/\/roza-sobieszek.pl\/sklep\/wp-content\/uploads\/2024\/09\/20220602_143508-rotated.jpg\",\"datePublished\":\"2024-09-03T09:24:31+00:00\",\"dateModified\":\"2025-10-22T08:09:23+00:00\",\"description\":\"R\u00f3\u017ca Rabatowa Nocna Stra\u017c\u00ae Kolor p\u0142atk\u00f3w jest fioletowy z jasnym okiem u nasady. W zestawianiu z weso\u0142ymi \u017c\u00f3\u0142tymi pr\u0119cikami powstaje bardzo oryginalny efekt\",\"breadcrumb\":{\"@id\":\"https:\/\/roza-sobieszek.pl\/sklep\/produkt\/roza-rabatowa-nocna-straz\/#breadcrumb\"},\"inLanguage\":\"pl-PL\",\"potentialAction\":[{\"@type\":\"ReadAction\",\"target\":[\"https:\/\/roza-sobieszek.pl\/sklep\/produkt\/roza-rabatowa-nocna-straz\/\"]}]},{\"@type\":\"ImageObject\",\"inLanguage\":\"pl-PL\",\"@id\":\"https:\/\/roza-sobieszek.pl\/sklep\/produkt\/roza-rabatowa-nocna-straz\/#primaryimage\",\"url\":\"https:\/\/roza-sobieszek.pl\/sklep\/wp-content\/uploads\/2024\/09\/20220602_143508-rotated.jpg\",\"contentUrl\":\"https:\/\/roza-sobieszek.pl\/sklep\/wp-content\/uploads\/2024\/09\/20220602_143508-rotated.jpg\",\"width\":3024,\"height\":4032},{\"@type\":\"BreadcrumbList\",\"@id\":\"https:\/\/roza-sobieszek.pl\/sklep\/produkt\/roza-rabatowa-nocna-straz\/#breadcrumb\",\"itemListElement\":[{\"@type\":\"ListItem\",\"position\":1,\"name\":\"Strona g\u0142\u00f3wna\",\"item\":\"https:\/\/roza-sobieszek.pl\/sklep\/\"},{\"@type\":\"ListItem\",\"position\":2,\"name\":\"Shop\",\"item\":\"https:\/\/roza-sobieszek.pl\/sklep\/shop\/\"},{\"@type\":\"ListItem\",\"position\":3,\"name\":\"R\u00f3\u017ca Rabatowa Nocna Stra\u017c\u00ae\"}]},{\"@type\":\"WebSite\",\"@id\":\"https:\/\/roza-sobieszek.pl\/sklep\/#website\",\"url\":\"https:\/\/roza-sobieszek.pl\/sklep\/\",\"name\":\"R\u00f3\u017ce ogrodowe - Sklep Sobieszek producent\",\"description\":\"\",\"publisher\":{\"@id\":\"https:\/\/roza-sobieszek.pl\/sklep\/#organization\"},\"potentialAction\":[{\"@type\":\"SearchAction\",\"target\":{\"@type\":\"EntryPoint\",\"urlTemplate\":\"https:\/\/roza-sobieszek.pl\/sklep\/?s={search_term_string}\"},\"query-input\":{\"@type\":\"PropertyValueSpecification\",\"valueRequired\":true,\"valueName\":\"search_term_string\"}}],\"inLanguage\":\"pl-PL\"},{\"@type\":\"Organization\",\"@id\":\"https:\/\/roza-sobieszek.pl\/sklep\/#organization\",\"name\":\"R\u00f3\u017ce ogrodowe - Sklep Sobieszek producent\",\"url\":\"https:\/\/roza-sobieszek.pl\/sklep\/\",\"logo\":{\"@type\":\"ImageObject\",\"inLanguage\":\"pl-PL\",\"@id\":\"https:\/\/roza-sobieszek.pl\/sklep\/#\/schema\/logo\/image\/\",\"url\":\"https:\/\/roza-sobieszek.pl\/sklep\/wp-content\/uploads\/2016\/08\/IMG_0358-1.jpg\",\"contentUrl\":\"https:\/\/roza-sobieszek.pl\/sklep\/wp-content\/uploads\/2016\/08\/IMG_0358-1.jpg\",\"width\":2048,\"height\":1365,\"caption\":\"R\u00f3\u017ce ogrodowe - Sklep Sobieszek producent\"},\"image\":{\"@id\":\"https:\/\/roza-sobieszek.pl\/sklep\/#\/schema\/logo\/image\/\"},\"sameAs\":[\"https:\/\/www.facebook.com\/profile.php?id=100063681485170\"]}]}<\/script>\n<!-- \/ Yoast SEO plugin. -->","yoast_head_json":{"title":"R\u00f3\u017ca Rabatowa Nocna Stra\u017c\u00ae - R\u00f3\u017ce ogrodowe - Sklep Sobieszek producent","description":"R\u00f3\u017ca Rabatowa Nocna Stra\u017c\u00ae Kolor p\u0142atk\u00f3w jest fioletowy z jasnym okiem u nasady. W zestawianiu z weso\u0142ymi \u017c\u00f3\u0142tymi pr\u0119cikami powstaje bardzo oryginalny efekt","robots":{"index":"index","follow":"follow","max-snippet":"max-snippet:-1","max-image-preview":"max-image-preview:large","max-video-preview":"max-video-preview:-1"},"canonical":"https:\/\/roza-sobieszek.pl\/sklep\/produkt\/roza-rabatowa-nocna-straz\/","og_locale":"pl_PL","og_type":"article","og_title":"R\u00f3\u017ca Rabatowa Nocna Stra\u017c\u00ae - R\u00f3\u017ce ogrodowe - Sklep Sobieszek producent","og_description":"R\u00f3\u017ca Rabatowa Nocna Stra\u017c\u00ae Kolor p\u0142atk\u00f3w jest fioletowy z jasnym okiem u nasady. W zestawianiu z weso\u0142ymi \u017c\u00f3\u0142tymi pr\u0119cikami powstaje bardzo oryginalny efekt","og_url":"https:\/\/roza-sobieszek.pl\/sklep\/produkt\/roza-rabatowa-nocna-straz\/","og_site_name":"R\u00f3\u017ce ogrodowe - Sklep Sobieszek producent","article_publisher":"https:\/\/www.facebook.com\/profile.php?id=100063681485170","article_modified_time":"2025-10-22T08:09:23+00:00","og_image":[{"width":3024,"height":4032,"url":"https:\/\/roza-sobieszek.pl\/sklep\/wp-content\/uploads\/2024\/09\/20220602_143508-rotated.jpg","type":"image\/jpeg"}],"twitter_card":"summary_large_image","twitter_misc":{"Szacowany czas czytania":"1 minuta"},"schema":{"@context":"https:\/\/schema.org","@graph":[{"@type":"WebPage","@id":"https:\/\/roza-sobieszek.pl\/sklep\/produkt\/roza-rabatowa-nocna-straz\/","url":"https:\/\/roza-sobieszek.pl\/sklep\/produkt\/roza-rabatowa-nocna-straz\/","name":"R\u00f3\u017ca Rabatowa Nocna Stra\u017c\u00ae - R\u00f3\u017ce ogrodowe - Sklep Sobieszek producent","isPartOf":{"@id":"https:\/\/roza-sobieszek.pl\/sklep\/#website"},"primaryImageOfPage":{"@id":"https:\/\/roza-sobieszek.pl\/sklep\/produkt\/roza-rabatowa-nocna-straz\/#primaryimage"},"image":{"@id":"https:\/\/roza-sobieszek.pl\/sklep\/produkt\/roza-rabatowa-nocna-straz\/#primaryimage"},"thumbnailUrl":"https:\/\/roza-sobieszek.pl\/sklep\/wp-content\/uploads\/2024\/09\/20220602_143508-rotated.jpg","datePublished":"2024-09-03T09:24:31+00:00","dateModified":"2025-10-22T08:09:23+00:00","description":"R\u00f3\u017ca Rabatowa Nocna Stra\u017c\u00ae Kolor p\u0142atk\u00f3w jest fioletowy z jasnym okiem u nasady. W zestawianiu z weso\u0142ymi \u017c\u00f3\u0142tymi pr\u0119cikami powstaje bardzo oryginalny efekt","breadcrumb":{"@id":"https:\/\/roza-sobieszek.pl\/sklep\/produkt\/roza-rabatowa-nocna-straz\/#breadcrumb"},"inLanguage":"pl-PL","potentialAction":[{"@type":"ReadAction","target":["https:\/\/roza-sobieszek.pl\/sklep\/produkt\/roza-rabatowa-nocna-straz\/"]}]},{"@type":"ImageObject","inLanguage":"pl-PL","@id":"https:\/\/roza-sobieszek.pl\/sklep\/produkt\/roza-rabatowa-nocna-straz\/#primaryimage","url":"https:\/\/roza-sobieszek.pl\/sklep\/wp-content\/uploads\/2024\/09\/20220602_143508-rotated.jpg","contentUrl":"https:\/\/roza-sobieszek.pl\/sklep\/wp-content\/uploads\/2024\/09\/20220602_143508-rotated.jpg","width":3024,"height":4032},{"@type":"BreadcrumbList","@id":"https:\/\/roza-sobieszek.pl\/sklep\/produkt\/roza-rabatowa-nocna-straz\/#breadcrumb","itemListElement":[{"@type":"ListItem","position":1,"name":"Strona g\u0142\u00f3wna","item":"https:\/\/roza-sobieszek.pl\/sklep\/"},{"@type":"ListItem","position":2,"name":"Shop","item":"https:\/\/roza-sobieszek.pl\/sklep\/shop\/"},{"@type":"ListItem","position":3,"name":"R\u00f3\u017ca Rabatowa Nocna Stra\u017c\u00ae"}]},{"@type":"WebSite","@id":"https:\/\/roza-sobieszek.pl\/sklep\/#website","url":"https:\/\/roza-sobieszek.pl\/sklep\/","name":"R\u00f3\u017ce ogrodowe - Sklep Sobieszek producent","description":"","publisher":{"@id":"https:\/\/roza-sobieszek.pl\/sklep\/#organization"},"potentialAction":[{"@type":"SearchAction","target":{"@type":"EntryPoint","urlTemplate":"https:\/\/roza-sobieszek.pl\/sklep\/?s={search_term_string}"},"query-input":{"@type":"PropertyValueSpecification","valueRequired":true,"valueName":"search_term_string"}}],"inLanguage":"pl-PL"},{"@type":"Organization","@id":"https:\/\/roza-sobieszek.pl\/sklep\/#organization","name":"R\u00f3\u017ce ogrodowe - Sklep Sobieszek producent","url":"https:\/\/roza-sobieszek.pl\/sklep\/","logo":{"@type":"ImageObject","inLanguage":"pl-PL","@id":"https:\/\/roza-sobieszek.pl\/sklep\/#\/schema\/logo\/image\/","url":"https:\/\/roza-sobieszek.pl\/sklep\/wp-content\/uploads\/2016\/08\/IMG_0358-1.jpg","contentUrl":"https:\/\/roza-sobieszek.pl\/sklep\/wp-content\/uploads\/2016\/08\/IMG_0358-1.jpg","width":2048,"height":1365,"caption":"R\u00f3\u017ce ogrodowe - Sklep Sobieszek producent"},"image":{"@id":"https:\/\/roza-sobieszek.pl\/sklep\/#\/schema\/logo\/image\/"},"sameAs":["https:\/\/www.facebook.com\/profile.php?id=100063681485170"]}]}},"_links":{"self":[{"href":"https:\/\/roza-sobieszek.pl\/sklep\/wp-json\/wp\/v2\/product\/17455"}],"collection":[{"href":"https:\/\/roza-sobieszek.pl\/sklep\/wp-json\/wp\/v2\/product"}],"about":[{"href":"https:\/\/roza-sobieszek.pl\/sklep\/wp-json\/wp\/v2\/types\/product"}],"replies":[{"embeddable":true,"href":"https:\/\/roza-sobieszek.pl\/sklep\/wp-json\/wp\/v2\/comments?post=17455"}],"wp:featuredmedia":[{"embeddable":true,"href":"https:\/\/roza-sobieszek.pl\/sklep\/wp-json\/wp\/v2\/media\/17461"}],"wp:attachment":[{"href":"https:\/\/roza-sobieszek.pl\/sklep\/wp-json\/wp\/v2\/media?parent=17455"}],"wp:term":[{"taxonomy":"product_brand","embeddable":true,"href":"https:\/\/roza-sobieszek.pl\/sklep\/wp-json\/wp\/v2\/product_brand?post=17455"},{"taxonomy":"product_cat","embeddable":true,"href":"https:\/\/roza-sobieszek.pl\/sklep\/wp-json\/wp\/v2\/product_cat?post=17455"},{"taxonomy":"product_tag","embeddable":true,"href":"https:\/\/roza-sobieszek.pl\/sklep\/wp-json\/wp\/v2\/product_tag?post=17455"}],"curies":[{"name":"wp","href":"https:\/\/api.w.org\/{rel}","templated":true}]}}