{"id":17477,"date":"2024-09-03T10:07:14","date_gmt":"2024-09-03T10:07:14","guid":{"rendered":"https:\/\/roza-sobieszek.pl\/sklep\/?post_type=product&#038;p=17477"},"modified":"2025-02-11T10:14:56","modified_gmt":"2025-02-11T10:14:56","slug":"roza-rabatowa-prezydent-stefan-starzynski","status":"publish","type":"product","link":"https:\/\/roza-sobieszek.pl\/sklep\/produkt\/roza-rabatowa-prezydent-stefan-starzynski\/","title":{"rendered":"R\u00f3\u017ca Rabatowa Prezydent Stefan Starzy\u0144ski\u00ae"},"content":{"rendered":"<h2>Prezydent Stefan Starzy\u0144ski\u00ae<\/h2>\n<p>'Prezydent\u00a0Stefan Starzy\u0144ski\u2019 jest r\u00f3\u017c\u0105\u00a0rabatow\u0105, o \u017c\u00f3\u0142topomara\u0144czowych symetrycznie uformowanych kwiatach, kt\u00f3re na tle \u017cywo zielonych, b\u0142yszcz\u0105cych w s\u0142o\u0144cu li\u015bci, wygl\u0105daj\u0105 niemal egzotycznie. P\u0142atki uformowane w regularnych ok\u00f3\u0142kach ukazuj\u0105 pylniki, kt\u00f3re ch\u0119tnie odwiedzaj\u0105 pszczo\u0142y. Kwiaty d\u0142ugo utrzymuj\u0105 si\u0119 na r\u00f3\u017cy. Z czasem ja\u015bniej\u0105 i przybieraj\u0105 pistacjow\u0105 barw\u0119. Ten rodzaj \u201estarzenia si\u0119\u201d jest bardzo przyjemny dla oka. Form\u0105 przypomina r\u00f3\u017ce krzewiaste.\u00a0 Pachnie pysznie, deserowo. W tonacji s\u0142odkiej i nutach kwiatowych z domieszk\u0105 dojrza\u0142ych owoc\u00f3w maliny i mango z wyrazist\u0105 asyst\u0105 fio\u0142ka.<\/p>\n<p>&nbsp;<\/p>\n","protected":false},"excerpt":{"rendered":"<p>Nowo\u015b\u0107 polskiego hodowcy<\/p>\n<p>Rabatowa Prezydent Stefan Starzy\u0144ski\u00ae<\/p>\n<ul>\n<li>Nazwa: Prezydent Stefan Starzy\u0144ski\u00ae<\/li>\n<li>Kolor: \u017c\u00f3\u0142ty<\/li>\n<li>Wzrost: 120cm<\/li>\n<li>Wielko\u015b\u0107 kwiatu: 4,5cm<\/li>\n<li>Zapach: intensywny<\/li>\n<li>Odporno\u015b\u0107 na choroby: wysoka<\/li>\n<li>Stanowisko: s\u0142oneczne<\/li>\n<li>Okres kwitnienia: VI \u2013 X<\/li>\n<li>Powtarza kwitnienie: tak<\/li>\n<li>Typ: rabatowa<\/li>\n<li>Mrozoodporno\u015b\u0107: wysoka<\/li>\n<\/ul>\n","protected":false},"featured_media":17481,"comment_status":"open","ping_status":"closed","template":"","meta":[],"product_brand":[],"product_cat":[267,264,209,155],"product_tag":[247,258,259],"yoast_head":"<!-- This site is optimized with the Yoast SEO plugin v23.5 - https:\/\/yoast.com\/wordpress\/plugins\/seo\/ -->\n<title>R\u00f3\u017ca Rabatowa Prezydent Stefan Starzy\u0144ski\u00ae - R\u00f3\u017ce ogrodowe - Sklep Sobieszek producent<\/title>\n<meta name=\"description\" content=\"R\u00f3\u017ca Rabatowa Prezydent Stefan Starzy\u0144ski\u00ae o \u017c\u00f3\u0142topomara\u0144czowych symetrycznie uformowanych kwiatach, kt\u00f3re na tle \u017cywo zielonych, b\u0142yszcz\u0105cych w s\u0142o\u0144cu li\u015bc\" \/>\n<meta name=\"robots\" content=\"index, follow, max-snippet:-1, max-image-preview:large, max-video-preview:-1\" \/>\n<link rel=\"canonical\" href=\"https:\/\/roza-sobieszek.pl\/sklep\/produkt\/roza-rabatowa-prezydent-stefan-starzynski\/\" \/>\n<meta property=\"og:locale\" content=\"pl_PL\" \/>\n<meta property=\"og:type\" content=\"article\" \/>\n<meta property=\"og:title\" content=\"R\u00f3\u017ca Rabatowa Prezydent Stefan Starzy\u0144ski\u00ae - R\u00f3\u017ce ogrodowe - Sklep Sobieszek producent\" \/>\n<meta property=\"og:description\" content=\"R\u00f3\u017ca Rabatowa Prezydent Stefan Starzy\u0144ski\u00ae o \u017c\u00f3\u0142topomara\u0144czowych symetrycznie uformowanych kwiatach, kt\u00f3re na tle \u017cywo zielonych, b\u0142yszcz\u0105cych w s\u0142o\u0144cu li\u015bc\" \/>\n<meta property=\"og:url\" content=\"https:\/\/roza-sobieszek.pl\/sklep\/produkt\/roza-rabatowa-prezydent-stefan-starzynski\/\" \/>\n<meta property=\"og:site_name\" content=\"R\u00f3\u017ce ogrodowe - Sklep Sobieszek producent\" \/>\n<meta property=\"article:publisher\" content=\"https:\/\/www.facebook.com\/profile.php?id=100063681485170\" \/>\n<meta property=\"article:modified_time\" content=\"2025-02-11T10:14:56+00:00\" \/>\n<meta property=\"og:image\" content=\"https:\/\/roza-sobieszek.pl\/sklep\/wp-content\/uploads\/2024\/09\/Prezydent-Stefan-Starzynski-ROJ-2-rotated.jpg\" \/>\n\t<meta property=\"og:image:width\" content=\"3024\" \/>\n\t<meta property=\"og:image:height\" content=\"4032\" \/>\n\t<meta property=\"og:image:type\" content=\"image\/jpeg\" \/>\n<meta name=\"twitter:card\" content=\"summary_large_image\" \/>\n<meta name=\"twitter:label1\" content=\"Szacowany czas czytania\" \/>\n\t<meta name=\"twitter:data1\" content=\"1 minuta\" \/>\n<script type=\"application\/ld+json\" class=\"yoast-schema-graph\">{\"@context\":\"https:\/\/schema.org\",\"@graph\":[{\"@type\":\"WebPage\",\"@id\":\"https:\/\/roza-sobieszek.pl\/sklep\/produkt\/roza-rabatowa-prezydent-stefan-starzynski\/\",\"url\":\"https:\/\/roza-sobieszek.pl\/sklep\/produkt\/roza-rabatowa-prezydent-stefan-starzynski\/\",\"name\":\"R\u00f3\u017ca Rabatowa Prezydent Stefan Starzy\u0144ski\u00ae - R\u00f3\u017ce ogrodowe - Sklep Sobieszek producent\",\"isPartOf\":{\"@id\":\"https:\/\/roza-sobieszek.pl\/sklep\/#website\"},\"primaryImageOfPage\":{\"@id\":\"https:\/\/roza-sobieszek.pl\/sklep\/produkt\/roza-rabatowa-prezydent-stefan-starzynski\/#primaryimage\"},\"image\":{\"@id\":\"https:\/\/roza-sobieszek.pl\/sklep\/produkt\/roza-rabatowa-prezydent-stefan-starzynski\/#primaryimage\"},\"thumbnailUrl\":\"https:\/\/roza-sobieszek.pl\/sklep\/wp-content\/uploads\/2024\/09\/Prezydent-Stefan-Starzynski-ROJ-2-rotated.jpg\",\"datePublished\":\"2024-09-03T10:07:14+00:00\",\"dateModified\":\"2025-02-11T10:14:56+00:00\",\"description\":\"R\u00f3\u017ca Rabatowa Prezydent Stefan Starzy\u0144ski\u00ae o \u017c\u00f3\u0142topomara\u0144czowych symetrycznie uformowanych kwiatach, kt\u00f3re na tle \u017cywo zielonych, b\u0142yszcz\u0105cych w s\u0142o\u0144cu li\u015bc\",\"breadcrumb\":{\"@id\":\"https:\/\/roza-sobieszek.pl\/sklep\/produkt\/roza-rabatowa-prezydent-stefan-starzynski\/#breadcrumb\"},\"inLanguage\":\"pl-PL\",\"potentialAction\":[{\"@type\":\"ReadAction\",\"target\":[\"https:\/\/roza-sobieszek.pl\/sklep\/produkt\/roza-rabatowa-prezydent-stefan-starzynski\/\"]}]},{\"@type\":\"ImageObject\",\"inLanguage\":\"pl-PL\",\"@id\":\"https:\/\/roza-sobieszek.pl\/sklep\/produkt\/roza-rabatowa-prezydent-stefan-starzynski\/#primaryimage\",\"url\":\"https:\/\/roza-sobieszek.pl\/sklep\/wp-content\/uploads\/2024\/09\/Prezydent-Stefan-Starzynski-ROJ-2-rotated.jpg\",\"contentUrl\":\"https:\/\/roza-sobieszek.pl\/sklep\/wp-content\/uploads\/2024\/09\/Prezydent-Stefan-Starzynski-ROJ-2-rotated.jpg\",\"width\":3024,\"height\":4032},{\"@type\":\"BreadcrumbList\",\"@id\":\"https:\/\/roza-sobieszek.pl\/sklep\/produkt\/roza-rabatowa-prezydent-stefan-starzynski\/#breadcrumb\",\"itemListElement\":[{\"@type\":\"ListItem\",\"position\":1,\"name\":\"Strona g\u0142\u00f3wna\",\"item\":\"https:\/\/roza-sobieszek.pl\/sklep\/\"},{\"@type\":\"ListItem\",\"position\":2,\"name\":\"Shop\",\"item\":\"https:\/\/roza-sobieszek.pl\/sklep\/shop\/\"},{\"@type\":\"ListItem\",\"position\":3,\"name\":\"R\u00f3\u017ca Rabatowa Prezydent Stefan Starzy\u0144ski\u00ae\"}]},{\"@type\":\"WebSite\",\"@id\":\"https:\/\/roza-sobieszek.pl\/sklep\/#website\",\"url\":\"https:\/\/roza-sobieszek.pl\/sklep\/\",\"name\":\"R\u00f3\u017ce ogrodowe - Sklep Sobieszek producent\",\"description\":\"\",\"publisher\":{\"@id\":\"https:\/\/roza-sobieszek.pl\/sklep\/#organization\"},\"potentialAction\":[{\"@type\":\"SearchAction\",\"target\":{\"@type\":\"EntryPoint\",\"urlTemplate\":\"https:\/\/roza-sobieszek.pl\/sklep\/?s={search_term_string}\"},\"query-input\":{\"@type\":\"PropertyValueSpecification\",\"valueRequired\":true,\"valueName\":\"search_term_string\"}}],\"inLanguage\":\"pl-PL\"},{\"@type\":\"Organization\",\"@id\":\"https:\/\/roza-sobieszek.pl\/sklep\/#organization\",\"name\":\"R\u00f3\u017ce ogrodowe - Sklep Sobieszek producent\",\"url\":\"https:\/\/roza-sobieszek.pl\/sklep\/\",\"logo\":{\"@type\":\"ImageObject\",\"inLanguage\":\"pl-PL\",\"@id\":\"https:\/\/roza-sobieszek.pl\/sklep\/#\/schema\/logo\/image\/\",\"url\":\"https:\/\/roza-sobieszek.pl\/sklep\/wp-content\/uploads\/2016\/08\/IMG_0358-1.jpg\",\"contentUrl\":\"https:\/\/roza-sobieszek.pl\/sklep\/wp-content\/uploads\/2016\/08\/IMG_0358-1.jpg\",\"width\":2048,\"height\":1365,\"caption\":\"R\u00f3\u017ce ogrodowe - Sklep Sobieszek producent\"},\"image\":{\"@id\":\"https:\/\/roza-sobieszek.pl\/sklep\/#\/schema\/logo\/image\/\"},\"sameAs\":[\"https:\/\/www.facebook.com\/profile.php?id=100063681485170\"]}]}<\/script>\n<!-- \/ Yoast SEO plugin. -->","yoast_head_json":{"title":"R\u00f3\u017ca Rabatowa Prezydent Stefan Starzy\u0144ski\u00ae - R\u00f3\u017ce ogrodowe - Sklep Sobieszek producent","description":"R\u00f3\u017ca Rabatowa Prezydent Stefan Starzy\u0144ski\u00ae o \u017c\u00f3\u0142topomara\u0144czowych symetrycznie uformowanych kwiatach, kt\u00f3re na tle \u017cywo zielonych, b\u0142yszcz\u0105cych w s\u0142o\u0144cu li\u015bc","robots":{"index":"index","follow":"follow","max-snippet":"max-snippet:-1","max-image-preview":"max-image-preview:large","max-video-preview":"max-video-preview:-1"},"canonical":"https:\/\/roza-sobieszek.pl\/sklep\/produkt\/roza-rabatowa-prezydent-stefan-starzynski\/","og_locale":"pl_PL","og_type":"article","og_title":"R\u00f3\u017ca Rabatowa Prezydent Stefan Starzy\u0144ski\u00ae - R\u00f3\u017ce ogrodowe - Sklep Sobieszek producent","og_description":"R\u00f3\u017ca Rabatowa Prezydent Stefan Starzy\u0144ski\u00ae o \u017c\u00f3\u0142topomara\u0144czowych symetrycznie uformowanych kwiatach, kt\u00f3re na tle \u017cywo zielonych, b\u0142yszcz\u0105cych w s\u0142o\u0144cu li\u015bc","og_url":"https:\/\/roza-sobieszek.pl\/sklep\/produkt\/roza-rabatowa-prezydent-stefan-starzynski\/","og_site_name":"R\u00f3\u017ce ogrodowe - Sklep Sobieszek producent","article_publisher":"https:\/\/www.facebook.com\/profile.php?id=100063681485170","article_modified_time":"2025-02-11T10:14:56+00:00","og_image":[{"width":3024,"height":4032,"url":"https:\/\/roza-sobieszek.pl\/sklep\/wp-content\/uploads\/2024\/09\/Prezydent-Stefan-Starzynski-ROJ-2-rotated.jpg","type":"image\/jpeg"}],"twitter_card":"summary_large_image","twitter_misc":{"Szacowany czas czytania":"1 minuta"},"schema":{"@context":"https:\/\/schema.org","@graph":[{"@type":"WebPage","@id":"https:\/\/roza-sobieszek.pl\/sklep\/produkt\/roza-rabatowa-prezydent-stefan-starzynski\/","url":"https:\/\/roza-sobieszek.pl\/sklep\/produkt\/roza-rabatowa-prezydent-stefan-starzynski\/","name":"R\u00f3\u017ca Rabatowa Prezydent Stefan Starzy\u0144ski\u00ae - R\u00f3\u017ce ogrodowe - Sklep Sobieszek producent","isPartOf":{"@id":"https:\/\/roza-sobieszek.pl\/sklep\/#website"},"primaryImageOfPage":{"@id":"https:\/\/roza-sobieszek.pl\/sklep\/produkt\/roza-rabatowa-prezydent-stefan-starzynski\/#primaryimage"},"image":{"@id":"https:\/\/roza-sobieszek.pl\/sklep\/produkt\/roza-rabatowa-prezydent-stefan-starzynski\/#primaryimage"},"thumbnailUrl":"https:\/\/roza-sobieszek.pl\/sklep\/wp-content\/uploads\/2024\/09\/Prezydent-Stefan-Starzynski-ROJ-2-rotated.jpg","datePublished":"2024-09-03T10:07:14+00:00","dateModified":"2025-02-11T10:14:56+00:00","description":"R\u00f3\u017ca Rabatowa Prezydent Stefan Starzy\u0144ski\u00ae o \u017c\u00f3\u0142topomara\u0144czowych symetrycznie uformowanych kwiatach, kt\u00f3re na tle \u017cywo zielonych, b\u0142yszcz\u0105cych w s\u0142o\u0144cu li\u015bc","breadcrumb":{"@id":"https:\/\/roza-sobieszek.pl\/sklep\/produkt\/roza-rabatowa-prezydent-stefan-starzynski\/#breadcrumb"},"inLanguage":"pl-PL","potentialAction":[{"@type":"ReadAction","target":["https:\/\/roza-sobieszek.pl\/sklep\/produkt\/roza-rabatowa-prezydent-stefan-starzynski\/"]}]},{"@type":"ImageObject","inLanguage":"pl-PL","@id":"https:\/\/roza-sobieszek.pl\/sklep\/produkt\/roza-rabatowa-prezydent-stefan-starzynski\/#primaryimage","url":"https:\/\/roza-sobieszek.pl\/sklep\/wp-content\/uploads\/2024\/09\/Prezydent-Stefan-Starzynski-ROJ-2-rotated.jpg","contentUrl":"https:\/\/roza-sobieszek.pl\/sklep\/wp-content\/uploads\/2024\/09\/Prezydent-Stefan-Starzynski-ROJ-2-rotated.jpg","width":3024,"height":4032},{"@type":"BreadcrumbList","@id":"https:\/\/roza-sobieszek.pl\/sklep\/produkt\/roza-rabatowa-prezydent-stefan-starzynski\/#breadcrumb","itemListElement":[{"@type":"ListItem","position":1,"name":"Strona g\u0142\u00f3wna","item":"https:\/\/roza-sobieszek.pl\/sklep\/"},{"@type":"ListItem","position":2,"name":"Shop","item":"https:\/\/roza-sobieszek.pl\/sklep\/shop\/"},{"@type":"ListItem","position":3,"name":"R\u00f3\u017ca Rabatowa Prezydent Stefan Starzy\u0144ski\u00ae"}]},{"@type":"WebSite","@id":"https:\/\/roza-sobieszek.pl\/sklep\/#website","url":"https:\/\/roza-sobieszek.pl\/sklep\/","name":"R\u00f3\u017ce ogrodowe - Sklep Sobieszek producent","description":"","publisher":{"@id":"https:\/\/roza-sobieszek.pl\/sklep\/#organization"},"potentialAction":[{"@type":"SearchAction","target":{"@type":"EntryPoint","urlTemplate":"https:\/\/roza-sobieszek.pl\/sklep\/?s={search_term_string}"},"query-input":{"@type":"PropertyValueSpecification","valueRequired":true,"valueName":"search_term_string"}}],"inLanguage":"pl-PL"},{"@type":"Organization","@id":"https:\/\/roza-sobieszek.pl\/sklep\/#organization","name":"R\u00f3\u017ce ogrodowe - Sklep Sobieszek producent","url":"https:\/\/roza-sobieszek.pl\/sklep\/","logo":{"@type":"ImageObject","inLanguage":"pl-PL","@id":"https:\/\/roza-sobieszek.pl\/sklep\/#\/schema\/logo\/image\/","url":"https:\/\/roza-sobieszek.pl\/sklep\/wp-content\/uploads\/2016\/08\/IMG_0358-1.jpg","contentUrl":"https:\/\/roza-sobieszek.pl\/sklep\/wp-content\/uploads\/2016\/08\/IMG_0358-1.jpg","width":2048,"height":1365,"caption":"R\u00f3\u017ce ogrodowe - Sklep Sobieszek producent"},"image":{"@id":"https:\/\/roza-sobieszek.pl\/sklep\/#\/schema\/logo\/image\/"},"sameAs":["https:\/\/www.facebook.com\/profile.php?id=100063681485170"]}]}},"_links":{"self":[{"href":"https:\/\/roza-sobieszek.pl\/sklep\/wp-json\/wp\/v2\/product\/17477"}],"collection":[{"href":"https:\/\/roza-sobieszek.pl\/sklep\/wp-json\/wp\/v2\/product"}],"about":[{"href":"https:\/\/roza-sobieszek.pl\/sklep\/wp-json\/wp\/v2\/types\/product"}],"replies":[{"embeddable":true,"href":"https:\/\/roza-sobieszek.pl\/sklep\/wp-json\/wp\/v2\/comments?post=17477"}],"wp:featuredmedia":[{"embeddable":true,"href":"https:\/\/roza-sobieszek.pl\/sklep\/wp-json\/wp\/v2\/media\/17481"}],"wp:attachment":[{"href":"https:\/\/roza-sobieszek.pl\/sklep\/wp-json\/wp\/v2\/media?parent=17477"}],"wp:term":[{"taxonomy":"product_brand","embeddable":true,"href":"https:\/\/roza-sobieszek.pl\/sklep\/wp-json\/wp\/v2\/product_brand?post=17477"},{"taxonomy":"product_cat","embeddable":true,"href":"https:\/\/roza-sobieszek.pl\/sklep\/wp-json\/wp\/v2\/product_cat?post=17477"},{"taxonomy":"product_tag","embeddable":true,"href":"https:\/\/roza-sobieszek.pl\/sklep\/wp-json\/wp\/v2\/product_tag?post=17477"}],"curies":[{"name":"wp","href":"https:\/\/api.w.org\/{rel}","templated":true}]}}