{"id":17696,"date":"2024-09-13T09:12:22","date_gmt":"2024-09-13T09:12:22","guid":{"rendered":"https:\/\/roza-sobieszek.pl\/sklep\/?post_type=product&#038;p=17696"},"modified":"2026-04-17T07:33:52","modified_gmt":"2026-04-17T07:33:52","slug":"roza-rabatowa-amarantowa-rozkosz","status":"publish","type":"product","link":"https:\/\/roza-sobieszek.pl\/sklep\/produkt\/roza-rabatowa-amarantowa-rozkosz\/","title":{"rendered":"R\u00f3\u017ca Rabatowa Amarantowa Rozkosz\u00ae"},"content":{"rendered":"<h2>\u00a0R\u00f3\u017ca Amarantowa Rozkosz\u00ae<\/h2>\n<p><strong>Odmiana wychodowana prze Mateusz Sobieszka w szk\u00f3\u0142ce Roza Sobieszek w 2021r.<\/strong><\/p>\n<p><strong>Zdobywczyni Srebrnej R\u00f3\u017cy podczas 50 \u015awi\u0119ta R\u00f3\u017cy w Kutnie.<\/strong> R\u00f3\u017ca rabatowa w kolorze amarantowym to wyj\u0105tkowa r\u00f3\u017ca, przyci\u0105gaj\u0105ca uwag\u0119 intensywn\u0105, g\u0142\u0119bok\u0105 barw\u0105 kwiat\u00f3w. Jej pe\u0142ne, eleganckie p\u0105ki rozwijaj\u0105 si\u0119 w bogate kwiatostany, kt\u00f3re kwitn\u0105 od wczesnego lata a\u017c do p\u00f3\u017anej jesieni. Krzew tej r\u00f3\u017cy osi\u0105ga \u015bredni\u0105 wysoko\u015b\u0107 80 cm, co czyni j\u0105 idealn\u0105 do nasadze\u0144 grupowych, tworzenia rabat kwiatowych czy ozdobnych obw\u00f3dek. Dobra odporno\u015b\u0107\u00a0 na choroby i niesprzyjaj\u0105ce warunki atmosferyczne, Jej piel\u0119gnacja jest stosunkowo prosta, a kwiaty doskonale nadaj\u0105 si\u0119 do ci\u0119cia i tworzenia efektownych bukiet\u00f3w, <strong>kt\u00f3re bardzo d\u0142ugo utrzymuj\u0105 si\u0119 w wazonie.<\/strong><\/p>\n<h2><\/h2>\n<p><span style=\"border-radius: 2px; text-indent: 20px; width: auto; padding: 0px 4px 0px 0px; text-align: center; font: bold 11px\/20px 'Helvetica Neue',Helvetica,sans-serif; color: #ffffff; background: #bd081c no-repeat scroll 3px 50% \/ 14px 14px; position: absolute; opacity: 1; z-index: 8675309; display: none; cursor: pointer;\">Zapisz<\/span><\/p>\n","protected":false},"excerpt":{"rendered":"<p>R\u00f3\u017ca Amarantowa Rozkosz\u00ae<\/p>\n<ul>\n<li>Nazwa: Amarantowa Rozkosz\u00ae<\/li>\n<li>Kolor: amarantowy,<\/li>\n<li>Wzrost: 70-80 cm<\/li>\n<li>Wielko\u015b\u0107 kwiatu:5 cm pe\u0142ny<\/li>\n<li>Odporno\u015b\u0107 na choroby: dobra<\/li>\n<li>Stanowisko: s\u0142oneczne<\/li>\n<li>Zapach: brak<\/li>\n<li>Okres kwitnienia: VI \u2013 X<\/li>\n<li>Powtarza kwitnienie: tak<\/li>\n<li>Typ: rabatowa<\/li>\n<\/ul>\n","protected":false},"featured_media":23185,"comment_status":"open","ping_status":"closed","template":"","meta":[],"product_brand":[286],"product_cat":[267,275,199],"product_tag":[232,188,206],"yoast_head":"<!-- This site is optimized with the Yoast SEO plugin v23.5 - https:\/\/yoast.com\/wordpress\/plugins\/seo\/ -->\n<title>R\u00f3\u017ca Rabatowa Amarantowa Rozkosz\u00ae - R\u00f3\u017ce ogrodowe - Sklep Sobieszek producent %<\/title>\n<meta name=\"description\" content=\"R\u00f3\u017ca rabatowa , jej pe\u0142ne, eleganckie p\u0105ki rozwijaj\u0105 si\u0119 w bogate kwiatostany, kt\u00f3re kwitn\u0105 od wczesnego lata a\u017c do p\u00f3\u017anej jesieni.\" \/>\n<meta name=\"robots\" content=\"index, follow, max-snippet:-1, max-image-preview:large, max-video-preview:-1\" \/>\n<link rel=\"canonical\" href=\"https:\/\/roza-sobieszek.pl\/sklep\/produkt\/roza-rabatowa-amarantowa-rozkosz\/\" \/>\n<meta property=\"og:locale\" content=\"pl_PL\" \/>\n<meta property=\"og:type\" content=\"article\" \/>\n<meta property=\"og:title\" content=\"R\u00f3\u017ca Rabatowa Amarantowa Rozkosz\u00ae - R\u00f3\u017ce ogrodowe - Sklep Sobieszek producent %\" \/>\n<meta property=\"og:description\" content=\"R\u00f3\u017ca rabatowa , jej pe\u0142ne, eleganckie p\u0105ki rozwijaj\u0105 si\u0119 w bogate kwiatostany, kt\u00f3re kwitn\u0105 od wczesnego lata a\u017c do p\u00f3\u017anej jesieni.\" \/>\n<meta property=\"og:url\" content=\"https:\/\/roza-sobieszek.pl\/sklep\/produkt\/roza-rabatowa-amarantowa-rozkosz\/\" \/>\n<meta property=\"og:site_name\" content=\"R\u00f3\u017ce ogrodowe - Sklep Sobieszek producent\" \/>\n<meta property=\"article:publisher\" content=\"https:\/\/www.facebook.com\/profile.php?id=100063681485170\" \/>\n<meta property=\"article:modified_time\" content=\"2026-04-17T07:33:52+00:00\" \/>\n<meta property=\"og:image\" content=\"https:\/\/roza-sobieszek.pl\/sklep\/wp-content\/uploads\/2024\/09\/IMG_4128.jpeg\" \/>\n\t<meta property=\"og:image:width\" content=\"598\" \/>\n\t<meta property=\"og:image:height\" content=\"640\" \/>\n\t<meta property=\"og:image:type\" content=\"image\/jpeg\" \/>\n<meta name=\"twitter:card\" content=\"summary_large_image\" \/>\n<meta name=\"twitter:label1\" content=\"Szacowany czas czytania\" \/>\n\t<meta name=\"twitter:data1\" content=\"1 minuta\" \/>\n<script type=\"application\/ld+json\" class=\"yoast-schema-graph\">{\"@context\":\"https:\/\/schema.org\",\"@graph\":[{\"@type\":\"WebPage\",\"@id\":\"https:\/\/roza-sobieszek.pl\/sklep\/produkt\/roza-rabatowa-amarantowa-rozkosz\/\",\"url\":\"https:\/\/roza-sobieszek.pl\/sklep\/produkt\/roza-rabatowa-amarantowa-rozkosz\/\",\"name\":\"R\u00f3\u017ca Rabatowa Amarantowa Rozkosz\u00ae - R\u00f3\u017ce ogrodowe - Sklep Sobieszek producent %\",\"isPartOf\":{\"@id\":\"https:\/\/roza-sobieszek.pl\/sklep\/#website\"},\"primaryImageOfPage\":{\"@id\":\"https:\/\/roza-sobieszek.pl\/sklep\/produkt\/roza-rabatowa-amarantowa-rozkosz\/#primaryimage\"},\"image\":{\"@id\":\"https:\/\/roza-sobieszek.pl\/sklep\/produkt\/roza-rabatowa-amarantowa-rozkosz\/#primaryimage\"},\"thumbnailUrl\":\"https:\/\/roza-sobieszek.pl\/sklep\/wp-content\/uploads\/2024\/09\/IMG_4128.jpeg\",\"datePublished\":\"2024-09-13T09:12:22+00:00\",\"dateModified\":\"2026-04-17T07:33:52+00:00\",\"description\":\"R\u00f3\u017ca rabatowa , jej pe\u0142ne, eleganckie p\u0105ki rozwijaj\u0105 si\u0119 w bogate kwiatostany, kt\u00f3re kwitn\u0105 od wczesnego lata a\u017c do p\u00f3\u017anej jesieni.\",\"breadcrumb\":{\"@id\":\"https:\/\/roza-sobieszek.pl\/sklep\/produkt\/roza-rabatowa-amarantowa-rozkosz\/#breadcrumb\"},\"inLanguage\":\"pl-PL\",\"potentialAction\":[{\"@type\":\"ReadAction\",\"target\":[\"https:\/\/roza-sobieszek.pl\/sklep\/produkt\/roza-rabatowa-amarantowa-rozkosz\/\"]}]},{\"@type\":\"ImageObject\",\"inLanguage\":\"pl-PL\",\"@id\":\"https:\/\/roza-sobieszek.pl\/sklep\/produkt\/roza-rabatowa-amarantowa-rozkosz\/#primaryimage\",\"url\":\"https:\/\/roza-sobieszek.pl\/sklep\/wp-content\/uploads\/2024\/09\/IMG_4128.jpeg\",\"contentUrl\":\"https:\/\/roza-sobieszek.pl\/sklep\/wp-content\/uploads\/2024\/09\/IMG_4128.jpeg\",\"width\":598,\"height\":640},{\"@type\":\"BreadcrumbList\",\"@id\":\"https:\/\/roza-sobieszek.pl\/sklep\/produkt\/roza-rabatowa-amarantowa-rozkosz\/#breadcrumb\",\"itemListElement\":[{\"@type\":\"ListItem\",\"position\":1,\"name\":\"Strona g\u0142\u00f3wna\",\"item\":\"https:\/\/roza-sobieszek.pl\/sklep\/\"},{\"@type\":\"ListItem\",\"position\":2,\"name\":\"Shop\",\"item\":\"https:\/\/roza-sobieszek.pl\/sklep\/shop\/\"},{\"@type\":\"ListItem\",\"position\":3,\"name\":\"R\u00f3\u017ca Rabatowa Amarantowa Rozkosz\u00ae\"}]},{\"@type\":\"WebSite\",\"@id\":\"https:\/\/roza-sobieszek.pl\/sklep\/#website\",\"url\":\"https:\/\/roza-sobieszek.pl\/sklep\/\",\"name\":\"R\u00f3\u017ce ogrodowe - Sklep Sobieszek producent\",\"description\":\"\",\"publisher\":{\"@id\":\"https:\/\/roza-sobieszek.pl\/sklep\/#organization\"},\"potentialAction\":[{\"@type\":\"SearchAction\",\"target\":{\"@type\":\"EntryPoint\",\"urlTemplate\":\"https:\/\/roza-sobieszek.pl\/sklep\/?s={search_term_string}\"},\"query-input\":{\"@type\":\"PropertyValueSpecification\",\"valueRequired\":true,\"valueName\":\"search_term_string\"}}],\"inLanguage\":\"pl-PL\"},{\"@type\":\"Organization\",\"@id\":\"https:\/\/roza-sobieszek.pl\/sklep\/#organization\",\"name\":\"R\u00f3\u017ce ogrodowe - Sklep Sobieszek producent\",\"url\":\"https:\/\/roza-sobieszek.pl\/sklep\/\",\"logo\":{\"@type\":\"ImageObject\",\"inLanguage\":\"pl-PL\",\"@id\":\"https:\/\/roza-sobieszek.pl\/sklep\/#\/schema\/logo\/image\/\",\"url\":\"https:\/\/roza-sobieszek.pl\/sklep\/wp-content\/uploads\/2016\/08\/IMG_0358-1.jpg\",\"contentUrl\":\"https:\/\/roza-sobieszek.pl\/sklep\/wp-content\/uploads\/2016\/08\/IMG_0358-1.jpg\",\"width\":2048,\"height\":1365,\"caption\":\"R\u00f3\u017ce ogrodowe - Sklep Sobieszek producent\"},\"image\":{\"@id\":\"https:\/\/roza-sobieszek.pl\/sklep\/#\/schema\/logo\/image\/\"},\"sameAs\":[\"https:\/\/www.facebook.com\/profile.php?id=100063681485170\"]}]}<\/script>\n<!-- \/ Yoast SEO plugin. -->","yoast_head_json":{"title":"R\u00f3\u017ca Rabatowa Amarantowa Rozkosz\u00ae - R\u00f3\u017ce ogrodowe - Sklep Sobieszek producent %","description":"R\u00f3\u017ca rabatowa , jej pe\u0142ne, eleganckie p\u0105ki rozwijaj\u0105 si\u0119 w bogate kwiatostany, kt\u00f3re kwitn\u0105 od wczesnego lata a\u017c do p\u00f3\u017anej jesieni.","robots":{"index":"index","follow":"follow","max-snippet":"max-snippet:-1","max-image-preview":"max-image-preview:large","max-video-preview":"max-video-preview:-1"},"canonical":"https:\/\/roza-sobieszek.pl\/sklep\/produkt\/roza-rabatowa-amarantowa-rozkosz\/","og_locale":"pl_PL","og_type":"article","og_title":"R\u00f3\u017ca Rabatowa Amarantowa Rozkosz\u00ae - R\u00f3\u017ce ogrodowe - Sklep Sobieszek producent %","og_description":"R\u00f3\u017ca rabatowa , jej pe\u0142ne, eleganckie p\u0105ki rozwijaj\u0105 si\u0119 w bogate kwiatostany, kt\u00f3re kwitn\u0105 od wczesnego lata a\u017c do p\u00f3\u017anej jesieni.","og_url":"https:\/\/roza-sobieszek.pl\/sklep\/produkt\/roza-rabatowa-amarantowa-rozkosz\/","og_site_name":"R\u00f3\u017ce ogrodowe - Sklep Sobieszek producent","article_publisher":"https:\/\/www.facebook.com\/profile.php?id=100063681485170","article_modified_time":"2026-04-17T07:33:52+00:00","og_image":[{"width":598,"height":640,"url":"https:\/\/roza-sobieszek.pl\/sklep\/wp-content\/uploads\/2024\/09\/IMG_4128.jpeg","type":"image\/jpeg"}],"twitter_card":"summary_large_image","twitter_misc":{"Szacowany czas czytania":"1 minuta"},"schema":{"@context":"https:\/\/schema.org","@graph":[{"@type":"WebPage","@id":"https:\/\/roza-sobieszek.pl\/sklep\/produkt\/roza-rabatowa-amarantowa-rozkosz\/","url":"https:\/\/roza-sobieszek.pl\/sklep\/produkt\/roza-rabatowa-amarantowa-rozkosz\/","name":"R\u00f3\u017ca Rabatowa Amarantowa Rozkosz\u00ae - R\u00f3\u017ce ogrodowe - Sklep Sobieszek producent %","isPartOf":{"@id":"https:\/\/roza-sobieszek.pl\/sklep\/#website"},"primaryImageOfPage":{"@id":"https:\/\/roza-sobieszek.pl\/sklep\/produkt\/roza-rabatowa-amarantowa-rozkosz\/#primaryimage"},"image":{"@id":"https:\/\/roza-sobieszek.pl\/sklep\/produkt\/roza-rabatowa-amarantowa-rozkosz\/#primaryimage"},"thumbnailUrl":"https:\/\/roza-sobieszek.pl\/sklep\/wp-content\/uploads\/2024\/09\/IMG_4128.jpeg","datePublished":"2024-09-13T09:12:22+00:00","dateModified":"2026-04-17T07:33:52+00:00","description":"R\u00f3\u017ca rabatowa , jej pe\u0142ne, eleganckie p\u0105ki rozwijaj\u0105 si\u0119 w bogate kwiatostany, kt\u00f3re kwitn\u0105 od wczesnego lata a\u017c do p\u00f3\u017anej jesieni.","breadcrumb":{"@id":"https:\/\/roza-sobieszek.pl\/sklep\/produkt\/roza-rabatowa-amarantowa-rozkosz\/#breadcrumb"},"inLanguage":"pl-PL","potentialAction":[{"@type":"ReadAction","target":["https:\/\/roza-sobieszek.pl\/sklep\/produkt\/roza-rabatowa-amarantowa-rozkosz\/"]}]},{"@type":"ImageObject","inLanguage":"pl-PL","@id":"https:\/\/roza-sobieszek.pl\/sklep\/produkt\/roza-rabatowa-amarantowa-rozkosz\/#primaryimage","url":"https:\/\/roza-sobieszek.pl\/sklep\/wp-content\/uploads\/2024\/09\/IMG_4128.jpeg","contentUrl":"https:\/\/roza-sobieszek.pl\/sklep\/wp-content\/uploads\/2024\/09\/IMG_4128.jpeg","width":598,"height":640},{"@type":"BreadcrumbList","@id":"https:\/\/roza-sobieszek.pl\/sklep\/produkt\/roza-rabatowa-amarantowa-rozkosz\/#breadcrumb","itemListElement":[{"@type":"ListItem","position":1,"name":"Strona g\u0142\u00f3wna","item":"https:\/\/roza-sobieszek.pl\/sklep\/"},{"@type":"ListItem","position":2,"name":"Shop","item":"https:\/\/roza-sobieszek.pl\/sklep\/shop\/"},{"@type":"ListItem","position":3,"name":"R\u00f3\u017ca Rabatowa Amarantowa Rozkosz\u00ae"}]},{"@type":"WebSite","@id":"https:\/\/roza-sobieszek.pl\/sklep\/#website","url":"https:\/\/roza-sobieszek.pl\/sklep\/","name":"R\u00f3\u017ce ogrodowe - Sklep Sobieszek producent","description":"","publisher":{"@id":"https:\/\/roza-sobieszek.pl\/sklep\/#organization"},"potentialAction":[{"@type":"SearchAction","target":{"@type":"EntryPoint","urlTemplate":"https:\/\/roza-sobieszek.pl\/sklep\/?s={search_term_string}"},"query-input":{"@type":"PropertyValueSpecification","valueRequired":true,"valueName":"search_term_string"}}],"inLanguage":"pl-PL"},{"@type":"Organization","@id":"https:\/\/roza-sobieszek.pl\/sklep\/#organization","name":"R\u00f3\u017ce ogrodowe - Sklep Sobieszek producent","url":"https:\/\/roza-sobieszek.pl\/sklep\/","logo":{"@type":"ImageObject","inLanguage":"pl-PL","@id":"https:\/\/roza-sobieszek.pl\/sklep\/#\/schema\/logo\/image\/","url":"https:\/\/roza-sobieszek.pl\/sklep\/wp-content\/uploads\/2016\/08\/IMG_0358-1.jpg","contentUrl":"https:\/\/roza-sobieszek.pl\/sklep\/wp-content\/uploads\/2016\/08\/IMG_0358-1.jpg","width":2048,"height":1365,"caption":"R\u00f3\u017ce ogrodowe - Sklep Sobieszek producent"},"image":{"@id":"https:\/\/roza-sobieszek.pl\/sklep\/#\/schema\/logo\/image\/"},"sameAs":["https:\/\/www.facebook.com\/profile.php?id=100063681485170"]}]}},"_links":{"self":[{"href":"https:\/\/roza-sobieszek.pl\/sklep\/wp-json\/wp\/v2\/product\/17696"}],"collection":[{"href":"https:\/\/roza-sobieszek.pl\/sklep\/wp-json\/wp\/v2\/product"}],"about":[{"href":"https:\/\/roza-sobieszek.pl\/sklep\/wp-json\/wp\/v2\/types\/product"}],"replies":[{"embeddable":true,"href":"https:\/\/roza-sobieszek.pl\/sklep\/wp-json\/wp\/v2\/comments?post=17696"}],"wp:featuredmedia":[{"embeddable":true,"href":"https:\/\/roza-sobieszek.pl\/sklep\/wp-json\/wp\/v2\/media\/23185"}],"wp:attachment":[{"href":"https:\/\/roza-sobieszek.pl\/sklep\/wp-json\/wp\/v2\/media?parent=17696"}],"wp:term":[{"taxonomy":"product_brand","embeddable":true,"href":"https:\/\/roza-sobieszek.pl\/sklep\/wp-json\/wp\/v2\/product_brand?post=17696"},{"taxonomy":"product_cat","embeddable":true,"href":"https:\/\/roza-sobieszek.pl\/sklep\/wp-json\/wp\/v2\/product_cat?post=17696"},{"taxonomy":"product_tag","embeddable":true,"href":"https:\/\/roza-sobieszek.pl\/sklep\/wp-json\/wp\/v2\/product_tag?post=17696"}],"curies":[{"name":"wp","href":"https:\/\/api.w.org\/{rel}","templated":true}]}}