{"id":21151,"date":"2025-06-04T15:51:41","date_gmt":"2025-06-04T15:51:41","guid":{"rendered":"https:\/\/roza-sobieszek.pl\/sklep\/?post_type=product&#038;p=21151"},"modified":"2026-03-23T09:34:29","modified_gmt":"2026-03-23T09:34:29","slug":"yellowstone-oraleymy","status":"publish","type":"product","link":"https:\/\/roza-sobieszek.pl\/sklep\/produkt\/yellowstone-oraleymy\/","title":{"rendered":"ROSA RABATOWA  YELLOWSTONE\u00ae ORALEYMY"},"content":{"rendered":"<h2>R\u00f3\u017ca Rabatowa YELLOWSTONE\u00ae ORALEYMY<\/h2>\n<p>Odmiana rabatowa. Faktem pozostaje, \u017ce masa bursztynowo-\u017c\u00f3\u0142tych kwiat\u00f3w, stale odnawianych, i wyj\u0105tkowa odporno\u015b\u0107 na ataki szkodnik\u00f3w sprawiaj\u0105, \u017ce YELLOWSTONE \u00ae jest filarem przyjemno\u015bci ogrodu.<\/p>\n<ul class=\"elementor-icon-list-items\">\n<li class=\"elementor-icon-list-item\"><span class=\"elementor-icon-list-text\">Z\u0142oty Medal, Bolonia 2022<\/span><\/li>\n<li class=\"elementor-icon-list-item\"><i class=\"fas fa-check-circle\" aria-hidden=\"true\"><\/i><span class=\"elementor-icon-list-text\">Nagroda Specjalna \u201eFaeza\u201d, Bolonia 2022<\/span><\/li>\n<li class=\"elementor-icon-list-item\"><i class=\"fas fa-check-circle\" aria-hidden=\"true\"><\/i><span class=\"elementor-icon-list-text\">I nagroda \u201eRosa Ciudadana\u201d, Barcelona 2022<\/span><\/li>\n<\/ul>\n<p>&nbsp;<\/p>\n<h2><span style=\"border-radius: 2px; text-indent: 20px; width: auto; padding: 0px 4px 0px 0px; text-align: center; font: bold 11px\/20px 'Helvetica Neue',Helvetica,sans-serif; color: #ffffff; background: #bd081c no-repeat scroll 3px 50% \/ 14px 14px; position: absolute; opacity: 1; z-index: 8675309; display: none; cursor: pointer;\">Zapisz<\/span> <span style=\"border-radius: 2px; text-indent: 20px; width: auto; padding: 0px 4px 0px 0px; text-align: center; font: bold 11px\/20px 'Helvetica Neue',Helvetica,sans-serif; color: #ffffff; background: #bd081c no-repeat scroll 3px 50% \/ 14px 14px; position: absolute; opacity: 1; z-index: 8675309; display: none; cursor: pointer;\">Zapisz<\/span><\/h2>\n","protected":false},"excerpt":{"rendered":"<p>R\u00f3\u017ca PIERRE DE LUXEMBURG\u00ae ORACALIB<\/p>\n<ul>\n<li>Nazwa:YELLOWSTONE\u00ae ORALEYMY<\/li>\n<li>Kolor:bursztynowo-\u017c\u00f3\u0142ty<\/li>\n<li>Wzrost: 80 cm<\/li>\n<li>Wielko\u015b\u0107 kwiatu: 5 cm<\/li>\n<li>Zapach: lekki<\/li>\n<li>Odporno\u015b\u0107 na choroby: dobra<\/li>\n<li>Stanowisko: s\u0142oneczne<\/li>\n<li>Okres kwitnienia: VI \u2013 IX<\/li>\n<li>Powtarza kwitnienie: tak<\/li>\n<li>Typ :rabatowa<\/li>\n<\/ul>\n","protected":false},"featured_media":21155,"comment_status":"open","ping_status":"closed","template":"","meta":[],"product_brand":[],"product_cat":[290,292,264,199,155],"product_tag":[247,206,185],"yoast_head":"<!-- This site is optimized with the Yoast SEO plugin v23.5 - https:\/\/yoast.com\/wordpress\/plugins\/seo\/ -->\n<title>ROSA RABATOWA YELLOWSTONE\u00ae ORALEYMY - R\u00f3\u017ce ogrodowe - Sklep Sobieszek producent<\/title>\n<meta name=\"description\" content=\"Odmiana rabatowa. Faktem pozostaje, \u017ce masa bursztynowo-\u017c\u00f3\u0142tych kwiat\u00f3w, stale odnawianych, i wyj\u0105tkowa odporno\u015b\u0107 na ataki szkodnik\u00f3w sprawiaj\u0105, \u017ce YELLOWSTONE \u00ae jest filarem przyjemno\u015bci ogrodu.\" \/>\n<meta name=\"robots\" content=\"index, follow, max-snippet:-1, max-image-preview:large, max-video-preview:-1\" \/>\n<link rel=\"canonical\" href=\"https:\/\/roza-sobieszek.pl\/sklep\/produkt\/yellowstone-oraleymy\/\" \/>\n<meta property=\"og:locale\" content=\"pl_PL\" \/>\n<meta property=\"og:type\" content=\"article\" \/>\n<meta property=\"og:title\" content=\"ROSA RABATOWA YELLOWSTONE\u00ae ORALEYMY - R\u00f3\u017ce ogrodowe - Sklep Sobieszek producent\" \/>\n<meta property=\"og:description\" content=\"Odmiana rabatowa. Faktem pozostaje, \u017ce masa bursztynowo-\u017c\u00f3\u0142tych kwiat\u00f3w, stale odnawianych, i wyj\u0105tkowa odporno\u015b\u0107 na ataki szkodnik\u00f3w sprawiaj\u0105, \u017ce YELLOWSTONE \u00ae jest filarem przyjemno\u015bci ogrodu.\" \/>\n<meta property=\"og:url\" content=\"https:\/\/roza-sobieszek.pl\/sklep\/produkt\/yellowstone-oraleymy\/\" \/>\n<meta property=\"og:site_name\" content=\"R\u00f3\u017ce ogrodowe - Sklep Sobieszek producent\" \/>\n<meta property=\"article:publisher\" content=\"https:\/\/www.facebook.com\/profile.php?id=100063681485170\" \/>\n<meta property=\"article:modified_time\" content=\"2026-03-23T09:34:29+00:00\" \/>\n<meta property=\"og:image\" content=\"https:\/\/roza-sobieszek.pl\/sklep\/wp-content\/uploads\/2025\/06\/YELLOWSTONE-Oraleymy-02-rotated.jpg\" \/>\n\t<meta property=\"og:image:width\" content=\"3024\" \/>\n\t<meta property=\"og:image:height\" content=\"4032\" \/>\n\t<meta property=\"og:image:type\" content=\"image\/jpeg\" \/>\n<meta name=\"twitter:card\" content=\"summary_large_image\" \/>\n<meta name=\"twitter:label1\" content=\"Szacowany czas czytania\" \/>\n\t<meta name=\"twitter:data1\" content=\"1 minuta\" \/>\n<script type=\"application\/ld+json\" class=\"yoast-schema-graph\">{\"@context\":\"https:\/\/schema.org\",\"@graph\":[{\"@type\":\"WebPage\",\"@id\":\"https:\/\/roza-sobieszek.pl\/sklep\/produkt\/yellowstone-oraleymy\/\",\"url\":\"https:\/\/roza-sobieszek.pl\/sklep\/produkt\/yellowstone-oraleymy\/\",\"name\":\"ROSA RABATOWA YELLOWSTONE\u00ae ORALEYMY - R\u00f3\u017ce ogrodowe - Sklep Sobieszek producent\",\"isPartOf\":{\"@id\":\"https:\/\/roza-sobieszek.pl\/sklep\/#website\"},\"primaryImageOfPage\":{\"@id\":\"https:\/\/roza-sobieszek.pl\/sklep\/produkt\/yellowstone-oraleymy\/#primaryimage\"},\"image\":{\"@id\":\"https:\/\/roza-sobieszek.pl\/sklep\/produkt\/yellowstone-oraleymy\/#primaryimage\"},\"thumbnailUrl\":\"https:\/\/roza-sobieszek.pl\/sklep\/wp-content\/uploads\/2025\/06\/YELLOWSTONE-Oraleymy-02-rotated.jpg\",\"datePublished\":\"2025-06-04T15:51:41+00:00\",\"dateModified\":\"2026-03-23T09:34:29+00:00\",\"description\":\"Odmiana rabatowa. Faktem pozostaje, \u017ce masa bursztynowo-\u017c\u00f3\u0142tych kwiat\u00f3w, stale odnawianych, i wyj\u0105tkowa odporno\u015b\u0107 na ataki szkodnik\u00f3w sprawiaj\u0105, \u017ce YELLOWSTONE \u00ae jest filarem przyjemno\u015bci ogrodu.\",\"breadcrumb\":{\"@id\":\"https:\/\/roza-sobieszek.pl\/sklep\/produkt\/yellowstone-oraleymy\/#breadcrumb\"},\"inLanguage\":\"pl-PL\",\"potentialAction\":[{\"@type\":\"ReadAction\",\"target\":[\"https:\/\/roza-sobieszek.pl\/sklep\/produkt\/yellowstone-oraleymy\/\"]}]},{\"@type\":\"ImageObject\",\"inLanguage\":\"pl-PL\",\"@id\":\"https:\/\/roza-sobieszek.pl\/sklep\/produkt\/yellowstone-oraleymy\/#primaryimage\",\"url\":\"https:\/\/roza-sobieszek.pl\/sklep\/wp-content\/uploads\/2025\/06\/YELLOWSTONE-Oraleymy-02-rotated.jpg\",\"contentUrl\":\"https:\/\/roza-sobieszek.pl\/sklep\/wp-content\/uploads\/2025\/06\/YELLOWSTONE-Oraleymy-02-rotated.jpg\",\"width\":3024,\"height\":4032},{\"@type\":\"BreadcrumbList\",\"@id\":\"https:\/\/roza-sobieszek.pl\/sklep\/produkt\/yellowstone-oraleymy\/#breadcrumb\",\"itemListElement\":[{\"@type\":\"ListItem\",\"position\":1,\"name\":\"Strona g\u0142\u00f3wna\",\"item\":\"https:\/\/roza-sobieszek.pl\/sklep\/\"},{\"@type\":\"ListItem\",\"position\":2,\"name\":\"Shop\",\"item\":\"https:\/\/roza-sobieszek.pl\/sklep\/shop\/\"},{\"@type\":\"ListItem\",\"position\":3,\"name\":\"ROSA RABATOWA YELLOWSTONE\u00ae ORALEYMY\"}]},{\"@type\":\"WebSite\",\"@id\":\"https:\/\/roza-sobieszek.pl\/sklep\/#website\",\"url\":\"https:\/\/roza-sobieszek.pl\/sklep\/\",\"name\":\"R\u00f3\u017ce ogrodowe - Sklep Sobieszek producent\",\"description\":\"\",\"publisher\":{\"@id\":\"https:\/\/roza-sobieszek.pl\/sklep\/#organization\"},\"potentialAction\":[{\"@type\":\"SearchAction\",\"target\":{\"@type\":\"EntryPoint\",\"urlTemplate\":\"https:\/\/roza-sobieszek.pl\/sklep\/?s={search_term_string}\"},\"query-input\":{\"@type\":\"PropertyValueSpecification\",\"valueRequired\":true,\"valueName\":\"search_term_string\"}}],\"inLanguage\":\"pl-PL\"},{\"@type\":\"Organization\",\"@id\":\"https:\/\/roza-sobieszek.pl\/sklep\/#organization\",\"name\":\"R\u00f3\u017ce ogrodowe - Sklep Sobieszek producent\",\"url\":\"https:\/\/roza-sobieszek.pl\/sklep\/\",\"logo\":{\"@type\":\"ImageObject\",\"inLanguage\":\"pl-PL\",\"@id\":\"https:\/\/roza-sobieszek.pl\/sklep\/#\/schema\/logo\/image\/\",\"url\":\"https:\/\/roza-sobieszek.pl\/sklep\/wp-content\/uploads\/2016\/08\/IMG_0358-1.jpg\",\"contentUrl\":\"https:\/\/roza-sobieszek.pl\/sklep\/wp-content\/uploads\/2016\/08\/IMG_0358-1.jpg\",\"width\":2048,\"height\":1365,\"caption\":\"R\u00f3\u017ce ogrodowe - Sklep Sobieszek producent\"},\"image\":{\"@id\":\"https:\/\/roza-sobieszek.pl\/sklep\/#\/schema\/logo\/image\/\"},\"sameAs\":[\"https:\/\/www.facebook.com\/profile.php?id=100063681485170\"]}]}<\/script>\n<!-- \/ Yoast SEO plugin. -->","yoast_head_json":{"title":"ROSA RABATOWA YELLOWSTONE\u00ae ORALEYMY - R\u00f3\u017ce ogrodowe - Sklep Sobieszek producent","description":"Odmiana rabatowa. Faktem pozostaje, \u017ce masa bursztynowo-\u017c\u00f3\u0142tych kwiat\u00f3w, stale odnawianych, i wyj\u0105tkowa odporno\u015b\u0107 na ataki szkodnik\u00f3w sprawiaj\u0105, \u017ce YELLOWSTONE \u00ae jest filarem przyjemno\u015bci ogrodu.","robots":{"index":"index","follow":"follow","max-snippet":"max-snippet:-1","max-image-preview":"max-image-preview:large","max-video-preview":"max-video-preview:-1"},"canonical":"https:\/\/roza-sobieszek.pl\/sklep\/produkt\/yellowstone-oraleymy\/","og_locale":"pl_PL","og_type":"article","og_title":"ROSA RABATOWA YELLOWSTONE\u00ae ORALEYMY - R\u00f3\u017ce ogrodowe - Sklep Sobieszek producent","og_description":"Odmiana rabatowa. Faktem pozostaje, \u017ce masa bursztynowo-\u017c\u00f3\u0142tych kwiat\u00f3w, stale odnawianych, i wyj\u0105tkowa odporno\u015b\u0107 na ataki szkodnik\u00f3w sprawiaj\u0105, \u017ce YELLOWSTONE \u00ae jest filarem przyjemno\u015bci ogrodu.","og_url":"https:\/\/roza-sobieszek.pl\/sklep\/produkt\/yellowstone-oraleymy\/","og_site_name":"R\u00f3\u017ce ogrodowe - Sklep Sobieszek producent","article_publisher":"https:\/\/www.facebook.com\/profile.php?id=100063681485170","article_modified_time":"2026-03-23T09:34:29+00:00","og_image":[{"width":3024,"height":4032,"url":"https:\/\/roza-sobieszek.pl\/sklep\/wp-content\/uploads\/2025\/06\/YELLOWSTONE-Oraleymy-02-rotated.jpg","type":"image\/jpeg"}],"twitter_card":"summary_large_image","twitter_misc":{"Szacowany czas czytania":"1 minuta"},"schema":{"@context":"https:\/\/schema.org","@graph":[{"@type":"WebPage","@id":"https:\/\/roza-sobieszek.pl\/sklep\/produkt\/yellowstone-oraleymy\/","url":"https:\/\/roza-sobieszek.pl\/sklep\/produkt\/yellowstone-oraleymy\/","name":"ROSA RABATOWA YELLOWSTONE\u00ae ORALEYMY - R\u00f3\u017ce ogrodowe - Sklep Sobieszek producent","isPartOf":{"@id":"https:\/\/roza-sobieszek.pl\/sklep\/#website"},"primaryImageOfPage":{"@id":"https:\/\/roza-sobieszek.pl\/sklep\/produkt\/yellowstone-oraleymy\/#primaryimage"},"image":{"@id":"https:\/\/roza-sobieszek.pl\/sklep\/produkt\/yellowstone-oraleymy\/#primaryimage"},"thumbnailUrl":"https:\/\/roza-sobieszek.pl\/sklep\/wp-content\/uploads\/2025\/06\/YELLOWSTONE-Oraleymy-02-rotated.jpg","datePublished":"2025-06-04T15:51:41+00:00","dateModified":"2026-03-23T09:34:29+00:00","description":"Odmiana rabatowa. Faktem pozostaje, \u017ce masa bursztynowo-\u017c\u00f3\u0142tych kwiat\u00f3w, stale odnawianych, i wyj\u0105tkowa odporno\u015b\u0107 na ataki szkodnik\u00f3w sprawiaj\u0105, \u017ce YELLOWSTONE \u00ae jest filarem przyjemno\u015bci ogrodu.","breadcrumb":{"@id":"https:\/\/roza-sobieszek.pl\/sklep\/produkt\/yellowstone-oraleymy\/#breadcrumb"},"inLanguage":"pl-PL","potentialAction":[{"@type":"ReadAction","target":["https:\/\/roza-sobieszek.pl\/sklep\/produkt\/yellowstone-oraleymy\/"]}]},{"@type":"ImageObject","inLanguage":"pl-PL","@id":"https:\/\/roza-sobieszek.pl\/sklep\/produkt\/yellowstone-oraleymy\/#primaryimage","url":"https:\/\/roza-sobieszek.pl\/sklep\/wp-content\/uploads\/2025\/06\/YELLOWSTONE-Oraleymy-02-rotated.jpg","contentUrl":"https:\/\/roza-sobieszek.pl\/sklep\/wp-content\/uploads\/2025\/06\/YELLOWSTONE-Oraleymy-02-rotated.jpg","width":3024,"height":4032},{"@type":"BreadcrumbList","@id":"https:\/\/roza-sobieszek.pl\/sklep\/produkt\/yellowstone-oraleymy\/#breadcrumb","itemListElement":[{"@type":"ListItem","position":1,"name":"Strona g\u0142\u00f3wna","item":"https:\/\/roza-sobieszek.pl\/sklep\/"},{"@type":"ListItem","position":2,"name":"Shop","item":"https:\/\/roza-sobieszek.pl\/sklep\/shop\/"},{"@type":"ListItem","position":3,"name":"ROSA RABATOWA YELLOWSTONE\u00ae ORALEYMY"}]},{"@type":"WebSite","@id":"https:\/\/roza-sobieszek.pl\/sklep\/#website","url":"https:\/\/roza-sobieszek.pl\/sklep\/","name":"R\u00f3\u017ce ogrodowe - Sklep Sobieszek producent","description":"","publisher":{"@id":"https:\/\/roza-sobieszek.pl\/sklep\/#organization"},"potentialAction":[{"@type":"SearchAction","target":{"@type":"EntryPoint","urlTemplate":"https:\/\/roza-sobieszek.pl\/sklep\/?s={search_term_string}"},"query-input":{"@type":"PropertyValueSpecification","valueRequired":true,"valueName":"search_term_string"}}],"inLanguage":"pl-PL"},{"@type":"Organization","@id":"https:\/\/roza-sobieszek.pl\/sklep\/#organization","name":"R\u00f3\u017ce ogrodowe - Sklep Sobieszek producent","url":"https:\/\/roza-sobieszek.pl\/sklep\/","logo":{"@type":"ImageObject","inLanguage":"pl-PL","@id":"https:\/\/roza-sobieszek.pl\/sklep\/#\/schema\/logo\/image\/","url":"https:\/\/roza-sobieszek.pl\/sklep\/wp-content\/uploads\/2016\/08\/IMG_0358-1.jpg","contentUrl":"https:\/\/roza-sobieszek.pl\/sklep\/wp-content\/uploads\/2016\/08\/IMG_0358-1.jpg","width":2048,"height":1365,"caption":"R\u00f3\u017ce ogrodowe - Sklep Sobieszek producent"},"image":{"@id":"https:\/\/roza-sobieszek.pl\/sklep\/#\/schema\/logo\/image\/"},"sameAs":["https:\/\/www.facebook.com\/profile.php?id=100063681485170"]}]}},"_links":{"self":[{"href":"https:\/\/roza-sobieszek.pl\/sklep\/wp-json\/wp\/v2\/product\/21151"}],"collection":[{"href":"https:\/\/roza-sobieszek.pl\/sklep\/wp-json\/wp\/v2\/product"}],"about":[{"href":"https:\/\/roza-sobieszek.pl\/sklep\/wp-json\/wp\/v2\/types\/product"}],"replies":[{"embeddable":true,"href":"https:\/\/roza-sobieszek.pl\/sklep\/wp-json\/wp\/v2\/comments?post=21151"}],"wp:featuredmedia":[{"embeddable":true,"href":"https:\/\/roza-sobieszek.pl\/sklep\/wp-json\/wp\/v2\/media\/21155"}],"wp:attachment":[{"href":"https:\/\/roza-sobieszek.pl\/sklep\/wp-json\/wp\/v2\/media?parent=21151"}],"wp:term":[{"taxonomy":"product_brand","embeddable":true,"href":"https:\/\/roza-sobieszek.pl\/sklep\/wp-json\/wp\/v2\/product_brand?post=21151"},{"taxonomy":"product_cat","embeddable":true,"href":"https:\/\/roza-sobieszek.pl\/sklep\/wp-json\/wp\/v2\/product_cat?post=21151"},{"taxonomy":"product_tag","embeddable":true,"href":"https:\/\/roza-sobieszek.pl\/sklep\/wp-json\/wp\/v2\/product_tag?post=21151"}],"curies":[{"name":"wp","href":"https:\/\/api.w.org\/{rel}","templated":true}]}}