{"id":21861,"date":"2025-09-10T08:59:04","date_gmt":"2025-09-10T08:59:04","guid":{"rendered":"https:\/\/roza-sobieszek.pl\/sklep\/?post_type=product&#038;p=21861"},"modified":"2026-03-27T17:34:51","modified_gmt":"2026-03-27T17:34:51","slug":"roza-krzewiasta-winter-is-coming-syn-pegasus","status":"publish","type":"product","link":"https:\/\/roza-sobieszek.pl\/sklep\/produkt\/roza-krzewiasta-winter-is-coming-syn-pegasus\/","title":{"rendered":"R\u00f3\u017ca Parkowa Winter is coming syn Pegasus\u00ae"},"content":{"rendered":"<h2>Winter is coming syn Pegasus\u00ae<\/h2>\n<p data-start=\"247\" data-end=\"535\">Wyj\u0105tkowo odporna i niewymagaj\u0105ca, znakomicie sprawdza si\u0119 w uprawie nawet dla pocz\u0105tkuj\u0105cych ogrodnik\u00f3w. Ro\u015bnie praktycznie na ka\u017cdej glebie i nie wymaga specjalnej piel\u0119gnacji. Kwiaty tej odmiany utrzymuj\u0105 si\u0119 na krzewie nawet do dw\u00f3ch miesi\u0119cy, tworz\u0105c zachwycaj\u0105cy, d\u0142ugotrwa\u0142y efekt.<\/p>\n<p data-start=\"537\" data-end=\"914\">To r\u00f3\u017ca stworzona z my\u015bl\u0105 o nowoczesnych ogrodach \u2013 niezawodna, zdrowa, wysoce odporna zar\u00f3wno na choroby, jak i zmienne warunki atmosferyczne: znosi okresowe susze oraz silne ulewy. Jej harmonijny pokr\u00f3j i wysoka tolerancja \u015brodowiskowa sprawiaj\u0105, \u017ce jest idealnym wyborem do nasadze\u0144 naturalistycznych, ogrod\u00f3w wiejskich, miejskich teren\u00f3w zieleni oraz na swobodne \u017cywop\u0142oty.<\/p>\n<p data-start=\"916\" data-end=\"1288\">Podparta zaczyna si\u0119 wspina\u0107, bujnie obrastaj\u0105c pergole kaskad\u0105 \u015bnie\u017cnobia\u0142ych kwiat\u00f3w. Poruszane wiatrem, drobne p\u0142atki przypominaj\u0105 rozpostarte skrzyd\u0142a ptak\u00f3w, a ca\u0142a ro\u015blina \u2013 niczym zawieszona w powietrzu chmura \u2013 zdaje si\u0119 unosi\u0107 lekko nad ziemi\u0105. Efekt pot\u0119guj\u0105 d\u0142ugie, smuk\u0142e p\u0119dy zako\u0144czone szerokimi baldachami kwiat\u00f3w, kt\u00f3re wyznaczaj\u0105 poziom\u0105 lini\u0119 kwitnienia.<\/p>\n<p data-start=\"1290\" data-end=\"1588\">Trudno jednoznacznie przypisa\u0107 j\u0105 do jednej grupy \u2013 \u0142\u0105czy cechy r\u00f3\u017cy rabatowej i multiflora, tworz\u0105c now\u0105 jako\u015b\u0107 w\u015br\u00f3d r\u00f3\u017c krajobrazowych. Jej zapach to zmys\u0142owa kompozycja: kwiatowa nuta z wyczuwaln\u0105 lipow\u0105 s\u0142odycz\u0105, odurzaj\u0105cy aromat ja\u015bminowca i delikatny powiew suszonej \u0142\u0105ki po letnim deszczu.<\/p>\n<p data-start=\"1590\" data-end=\"1790\">Laureatka Mi\u0119dzynarodowego Kr\u00f3lewskiego Konkursu Nowo\u015bci R\u00f3\u017canych w Ville du Roeulx w Belgii \u2013 \u2018Winter is Coming\u2019 to r\u00f3\u017ca, kt\u00f3ra \u0142\u0105czy naturalne pi\u0119kno z nowoczesn\u0105 odporno\u015bci\u0105 i wyj\u0105tkow\u0105 trwa\u0142o\u015bci\u0105.<\/p>\n<p>&#8222;Grand Prix de la Ville du Roeulx&#8221; &#8211; &#8222;R\u00f3\u017cy Roku<span class=\"gmail_default\">\u00a02024<\/span><\/p>\n<p>Srebrny medal Baden-Baden<span class=\"gmail_default\">\u00a02025<\/span><\/p>\n<p>&nbsp;<\/p>\n<p>&nbsp;<\/p>\n","protected":false},"excerpt":{"rendered":"<p>Nowo\u015b\u0107 polskiego hodowcy<\/p>\n<p>Winter is coming syn pegasusi\u00ae<\/p>\n<ul>\n<li>Nazwa: Winter is coming syn pegasusi\u00ae<\/li>\n<li>Kolor: bia\u0142a<\/li>\n<li>Wzrost: 100&#215;80<\/li>\n<li>Wielko\u015b\u0107 kwiatu: 3,5 cm<\/li>\n<li>Zapach: intensywny<\/li>\n<li>Stanowisko: s\u0142oneczne<\/li>\n<li>Okres kwitnienia: VI \u2013 X<\/li>\n<li>Powtarza kwitnienie: tak<\/li>\n<li>Typ: krzewiasta<\/li>\n<\/ul>\n","protected":false},"featured_media":21864,"comment_status":"open","ping_status":"closed","template":"","meta":[],"product_brand":[],"product_cat":[290,209,198],"product_tag":[247,258,251],"yoast_head":"<!-- This site is optimized with the Yoast SEO plugin v23.5 - https:\/\/yoast.com\/wordpress\/plugins\/seo\/ -->\n<title>R\u00f3\u017ca Parkowa Winter is coming syn Pegasus\u00ae - R\u00f3\u017ce ogrodowe - Sklep Sobieszek producent<\/title>\n<meta name=\"description\" content=\"R\u00f3\u017ca wyj\u0105tkowo odporna i niewymagaj\u0105ca, znakomicie sprawdzi si\u0119 w uprawie nawet dla pocz\u0105tkuj\u0105cych ogrodnik\u00f3w. Ro\u015bnie praktycznie na ka\u017cdej glebie i nie wymaga specjalnej piel\u0119gnacji. Kwiaty tej odmiany utrzymuj\u0105 si\u0119 na krzewie nawet do dw\u00f3ch miesi\u0119cy, tworz\u0105c zachwycaj\u0105cy, d\u0142ugotrwa\u0142y efekt.\" \/>\n<meta name=\"robots\" content=\"index, follow, max-snippet:-1, max-image-preview:large, max-video-preview:-1\" \/>\n<link rel=\"canonical\" href=\"https:\/\/roza-sobieszek.pl\/sklep\/produkt\/roza-krzewiasta-winter-is-coming-syn-pegasus\/\" \/>\n<meta property=\"og:locale\" content=\"pl_PL\" \/>\n<meta property=\"og:type\" content=\"article\" \/>\n<meta property=\"og:title\" content=\"R\u00f3\u017ca Parkowa Winter is coming syn Pegasus\u00ae - R\u00f3\u017ce ogrodowe - Sklep Sobieszek producent\" \/>\n<meta property=\"og:description\" content=\"R\u00f3\u017ca wyj\u0105tkowo odporna i niewymagaj\u0105ca, znakomicie sprawdzi si\u0119 w uprawie nawet dla pocz\u0105tkuj\u0105cych ogrodnik\u00f3w. Ro\u015bnie praktycznie na ka\u017cdej glebie i nie wymaga specjalnej piel\u0119gnacji. Kwiaty tej odmiany utrzymuj\u0105 si\u0119 na krzewie nawet do dw\u00f3ch miesi\u0119cy, tworz\u0105c zachwycaj\u0105cy, d\u0142ugotrwa\u0142y efekt.\" \/>\n<meta property=\"og:url\" content=\"https:\/\/roza-sobieszek.pl\/sklep\/produkt\/roza-krzewiasta-winter-is-coming-syn-pegasus\/\" \/>\n<meta property=\"og:site_name\" content=\"R\u00f3\u017ce ogrodowe - Sklep Sobieszek producent\" \/>\n<meta property=\"article:publisher\" content=\"https:\/\/www.facebook.com\/profile.php?id=100063681485170\" \/>\n<meta property=\"article:modified_time\" content=\"2026-03-27T17:34:51+00:00\" \/>\n<meta property=\"og:image\" content=\"https:\/\/roza-sobieszek.pl\/sklep\/wp-content\/uploads\/2025\/09\/Winter-is-Coming-syn-Pegasus-ROJlix-7.jpg\" \/>\n\t<meta property=\"og:image:width\" content=\"2858\" \/>\n\t<meta property=\"og:image:height\" content=\"2642\" \/>\n\t<meta property=\"og:image:type\" content=\"image\/jpeg\" \/>\n<meta name=\"twitter:card\" content=\"summary_large_image\" \/>\n<meta name=\"twitter:label1\" content=\"Szacowany czas czytania\" \/>\n\t<meta name=\"twitter:data1\" content=\"2 minuty\" \/>\n<script type=\"application\/ld+json\" class=\"yoast-schema-graph\">{\"@context\":\"https:\/\/schema.org\",\"@graph\":[{\"@type\":\"WebPage\",\"@id\":\"https:\/\/roza-sobieszek.pl\/sklep\/produkt\/roza-krzewiasta-winter-is-coming-syn-pegasus\/\",\"url\":\"https:\/\/roza-sobieszek.pl\/sklep\/produkt\/roza-krzewiasta-winter-is-coming-syn-pegasus\/\",\"name\":\"R\u00f3\u017ca Parkowa Winter is coming syn Pegasus\u00ae - R\u00f3\u017ce ogrodowe - Sklep Sobieszek producent\",\"isPartOf\":{\"@id\":\"https:\/\/roza-sobieszek.pl\/sklep\/#website\"},\"primaryImageOfPage\":{\"@id\":\"https:\/\/roza-sobieszek.pl\/sklep\/produkt\/roza-krzewiasta-winter-is-coming-syn-pegasus\/#primaryimage\"},\"image\":{\"@id\":\"https:\/\/roza-sobieszek.pl\/sklep\/produkt\/roza-krzewiasta-winter-is-coming-syn-pegasus\/#primaryimage\"},\"thumbnailUrl\":\"https:\/\/roza-sobieszek.pl\/sklep\/wp-content\/uploads\/2025\/09\/Winter-is-Coming-syn-Pegasus-ROJlix-7.jpg\",\"datePublished\":\"2025-09-10T08:59:04+00:00\",\"dateModified\":\"2026-03-27T17:34:51+00:00\",\"description\":\"R\u00f3\u017ca wyj\u0105tkowo odporna i niewymagaj\u0105ca, znakomicie sprawdzi si\u0119 w uprawie nawet dla pocz\u0105tkuj\u0105cych ogrodnik\u00f3w. Ro\u015bnie praktycznie na ka\u017cdej glebie i nie wymaga specjalnej piel\u0119gnacji. Kwiaty tej odmiany utrzymuj\u0105 si\u0119 na krzewie nawet do dw\u00f3ch miesi\u0119cy, tworz\u0105c zachwycaj\u0105cy, d\u0142ugotrwa\u0142y efekt.\",\"breadcrumb\":{\"@id\":\"https:\/\/roza-sobieszek.pl\/sklep\/produkt\/roza-krzewiasta-winter-is-coming-syn-pegasus\/#breadcrumb\"},\"inLanguage\":\"pl-PL\",\"potentialAction\":[{\"@type\":\"ReadAction\",\"target\":[\"https:\/\/roza-sobieszek.pl\/sklep\/produkt\/roza-krzewiasta-winter-is-coming-syn-pegasus\/\"]}]},{\"@type\":\"ImageObject\",\"inLanguage\":\"pl-PL\",\"@id\":\"https:\/\/roza-sobieszek.pl\/sklep\/produkt\/roza-krzewiasta-winter-is-coming-syn-pegasus\/#primaryimage\",\"url\":\"https:\/\/roza-sobieszek.pl\/sklep\/wp-content\/uploads\/2025\/09\/Winter-is-Coming-syn-Pegasus-ROJlix-7.jpg\",\"contentUrl\":\"https:\/\/roza-sobieszek.pl\/sklep\/wp-content\/uploads\/2025\/09\/Winter-is-Coming-syn-Pegasus-ROJlix-7.jpg\",\"width\":2858,\"height\":2642},{\"@type\":\"BreadcrumbList\",\"@id\":\"https:\/\/roza-sobieszek.pl\/sklep\/produkt\/roza-krzewiasta-winter-is-coming-syn-pegasus\/#breadcrumb\",\"itemListElement\":[{\"@type\":\"ListItem\",\"position\":1,\"name\":\"Strona g\u0142\u00f3wna\",\"item\":\"https:\/\/roza-sobieszek.pl\/sklep\/\"},{\"@type\":\"ListItem\",\"position\":2,\"name\":\"Shop\",\"item\":\"https:\/\/roza-sobieszek.pl\/sklep\/shop\/\"},{\"@type\":\"ListItem\",\"position\":3,\"name\":\"R\u00f3\u017ca Parkowa Winter is coming syn Pegasus\u00ae\"}]},{\"@type\":\"WebSite\",\"@id\":\"https:\/\/roza-sobieszek.pl\/sklep\/#website\",\"url\":\"https:\/\/roza-sobieszek.pl\/sklep\/\",\"name\":\"R\u00f3\u017ce ogrodowe - Sklep Sobieszek producent\",\"description\":\"\",\"publisher\":{\"@id\":\"https:\/\/roza-sobieszek.pl\/sklep\/#organization\"},\"potentialAction\":[{\"@type\":\"SearchAction\",\"target\":{\"@type\":\"EntryPoint\",\"urlTemplate\":\"https:\/\/roza-sobieszek.pl\/sklep\/?s={search_term_string}\"},\"query-input\":{\"@type\":\"PropertyValueSpecification\",\"valueRequired\":true,\"valueName\":\"search_term_string\"}}],\"inLanguage\":\"pl-PL\"},{\"@type\":\"Organization\",\"@id\":\"https:\/\/roza-sobieszek.pl\/sklep\/#organization\",\"name\":\"R\u00f3\u017ce ogrodowe - Sklep Sobieszek producent\",\"url\":\"https:\/\/roza-sobieszek.pl\/sklep\/\",\"logo\":{\"@type\":\"ImageObject\",\"inLanguage\":\"pl-PL\",\"@id\":\"https:\/\/roza-sobieszek.pl\/sklep\/#\/schema\/logo\/image\/\",\"url\":\"https:\/\/roza-sobieszek.pl\/sklep\/wp-content\/uploads\/2016\/08\/IMG_0358-1.jpg\",\"contentUrl\":\"https:\/\/roza-sobieszek.pl\/sklep\/wp-content\/uploads\/2016\/08\/IMG_0358-1.jpg\",\"width\":2048,\"height\":1365,\"caption\":\"R\u00f3\u017ce ogrodowe - Sklep Sobieszek producent\"},\"image\":{\"@id\":\"https:\/\/roza-sobieszek.pl\/sklep\/#\/schema\/logo\/image\/\"},\"sameAs\":[\"https:\/\/www.facebook.com\/profile.php?id=100063681485170\"]}]}<\/script>\n<!-- \/ Yoast SEO plugin. -->","yoast_head_json":{"title":"R\u00f3\u017ca Parkowa Winter is coming syn Pegasus\u00ae - R\u00f3\u017ce ogrodowe - Sklep Sobieszek producent","description":"R\u00f3\u017ca wyj\u0105tkowo odporna i niewymagaj\u0105ca, znakomicie sprawdzi si\u0119 w uprawie nawet dla pocz\u0105tkuj\u0105cych ogrodnik\u00f3w. Ro\u015bnie praktycznie na ka\u017cdej glebie i nie wymaga specjalnej piel\u0119gnacji. Kwiaty tej odmiany utrzymuj\u0105 si\u0119 na krzewie nawet do dw\u00f3ch miesi\u0119cy, tworz\u0105c zachwycaj\u0105cy, d\u0142ugotrwa\u0142y efekt.","robots":{"index":"index","follow":"follow","max-snippet":"max-snippet:-1","max-image-preview":"max-image-preview:large","max-video-preview":"max-video-preview:-1"},"canonical":"https:\/\/roza-sobieszek.pl\/sklep\/produkt\/roza-krzewiasta-winter-is-coming-syn-pegasus\/","og_locale":"pl_PL","og_type":"article","og_title":"R\u00f3\u017ca Parkowa Winter is coming syn Pegasus\u00ae - R\u00f3\u017ce ogrodowe - Sklep Sobieszek producent","og_description":"R\u00f3\u017ca wyj\u0105tkowo odporna i niewymagaj\u0105ca, znakomicie sprawdzi si\u0119 w uprawie nawet dla pocz\u0105tkuj\u0105cych ogrodnik\u00f3w. Ro\u015bnie praktycznie na ka\u017cdej glebie i nie wymaga specjalnej piel\u0119gnacji. Kwiaty tej odmiany utrzymuj\u0105 si\u0119 na krzewie nawet do dw\u00f3ch miesi\u0119cy, tworz\u0105c zachwycaj\u0105cy, d\u0142ugotrwa\u0142y efekt.","og_url":"https:\/\/roza-sobieszek.pl\/sklep\/produkt\/roza-krzewiasta-winter-is-coming-syn-pegasus\/","og_site_name":"R\u00f3\u017ce ogrodowe - Sklep Sobieszek producent","article_publisher":"https:\/\/www.facebook.com\/profile.php?id=100063681485170","article_modified_time":"2026-03-27T17:34:51+00:00","og_image":[{"width":2858,"height":2642,"url":"https:\/\/roza-sobieszek.pl\/sklep\/wp-content\/uploads\/2025\/09\/Winter-is-Coming-syn-Pegasus-ROJlix-7.jpg","type":"image\/jpeg"}],"twitter_card":"summary_large_image","twitter_misc":{"Szacowany czas czytania":"2 minuty"},"schema":{"@context":"https:\/\/schema.org","@graph":[{"@type":"WebPage","@id":"https:\/\/roza-sobieszek.pl\/sklep\/produkt\/roza-krzewiasta-winter-is-coming-syn-pegasus\/","url":"https:\/\/roza-sobieszek.pl\/sklep\/produkt\/roza-krzewiasta-winter-is-coming-syn-pegasus\/","name":"R\u00f3\u017ca Parkowa Winter is coming syn Pegasus\u00ae - R\u00f3\u017ce ogrodowe - Sklep Sobieszek producent","isPartOf":{"@id":"https:\/\/roza-sobieszek.pl\/sklep\/#website"},"primaryImageOfPage":{"@id":"https:\/\/roza-sobieszek.pl\/sklep\/produkt\/roza-krzewiasta-winter-is-coming-syn-pegasus\/#primaryimage"},"image":{"@id":"https:\/\/roza-sobieszek.pl\/sklep\/produkt\/roza-krzewiasta-winter-is-coming-syn-pegasus\/#primaryimage"},"thumbnailUrl":"https:\/\/roza-sobieszek.pl\/sklep\/wp-content\/uploads\/2025\/09\/Winter-is-Coming-syn-Pegasus-ROJlix-7.jpg","datePublished":"2025-09-10T08:59:04+00:00","dateModified":"2026-03-27T17:34:51+00:00","description":"R\u00f3\u017ca wyj\u0105tkowo odporna i niewymagaj\u0105ca, znakomicie sprawdzi si\u0119 w uprawie nawet dla pocz\u0105tkuj\u0105cych ogrodnik\u00f3w. Ro\u015bnie praktycznie na ka\u017cdej glebie i nie wymaga specjalnej piel\u0119gnacji. Kwiaty tej odmiany utrzymuj\u0105 si\u0119 na krzewie nawet do dw\u00f3ch miesi\u0119cy, tworz\u0105c zachwycaj\u0105cy, d\u0142ugotrwa\u0142y efekt.","breadcrumb":{"@id":"https:\/\/roza-sobieszek.pl\/sklep\/produkt\/roza-krzewiasta-winter-is-coming-syn-pegasus\/#breadcrumb"},"inLanguage":"pl-PL","potentialAction":[{"@type":"ReadAction","target":["https:\/\/roza-sobieszek.pl\/sklep\/produkt\/roza-krzewiasta-winter-is-coming-syn-pegasus\/"]}]},{"@type":"ImageObject","inLanguage":"pl-PL","@id":"https:\/\/roza-sobieszek.pl\/sklep\/produkt\/roza-krzewiasta-winter-is-coming-syn-pegasus\/#primaryimage","url":"https:\/\/roza-sobieszek.pl\/sklep\/wp-content\/uploads\/2025\/09\/Winter-is-Coming-syn-Pegasus-ROJlix-7.jpg","contentUrl":"https:\/\/roza-sobieszek.pl\/sklep\/wp-content\/uploads\/2025\/09\/Winter-is-Coming-syn-Pegasus-ROJlix-7.jpg","width":2858,"height":2642},{"@type":"BreadcrumbList","@id":"https:\/\/roza-sobieszek.pl\/sklep\/produkt\/roza-krzewiasta-winter-is-coming-syn-pegasus\/#breadcrumb","itemListElement":[{"@type":"ListItem","position":1,"name":"Strona g\u0142\u00f3wna","item":"https:\/\/roza-sobieszek.pl\/sklep\/"},{"@type":"ListItem","position":2,"name":"Shop","item":"https:\/\/roza-sobieszek.pl\/sklep\/shop\/"},{"@type":"ListItem","position":3,"name":"R\u00f3\u017ca Parkowa Winter is coming syn Pegasus\u00ae"}]},{"@type":"WebSite","@id":"https:\/\/roza-sobieszek.pl\/sklep\/#website","url":"https:\/\/roza-sobieszek.pl\/sklep\/","name":"R\u00f3\u017ce ogrodowe - Sklep Sobieszek producent","description":"","publisher":{"@id":"https:\/\/roza-sobieszek.pl\/sklep\/#organization"},"potentialAction":[{"@type":"SearchAction","target":{"@type":"EntryPoint","urlTemplate":"https:\/\/roza-sobieszek.pl\/sklep\/?s={search_term_string}"},"query-input":{"@type":"PropertyValueSpecification","valueRequired":true,"valueName":"search_term_string"}}],"inLanguage":"pl-PL"},{"@type":"Organization","@id":"https:\/\/roza-sobieszek.pl\/sklep\/#organization","name":"R\u00f3\u017ce ogrodowe - Sklep Sobieszek producent","url":"https:\/\/roza-sobieszek.pl\/sklep\/","logo":{"@type":"ImageObject","inLanguage":"pl-PL","@id":"https:\/\/roza-sobieszek.pl\/sklep\/#\/schema\/logo\/image\/","url":"https:\/\/roza-sobieszek.pl\/sklep\/wp-content\/uploads\/2016\/08\/IMG_0358-1.jpg","contentUrl":"https:\/\/roza-sobieszek.pl\/sklep\/wp-content\/uploads\/2016\/08\/IMG_0358-1.jpg","width":2048,"height":1365,"caption":"R\u00f3\u017ce ogrodowe - Sklep Sobieszek producent"},"image":{"@id":"https:\/\/roza-sobieszek.pl\/sklep\/#\/schema\/logo\/image\/"},"sameAs":["https:\/\/www.facebook.com\/profile.php?id=100063681485170"]}]}},"_links":{"self":[{"href":"https:\/\/roza-sobieszek.pl\/sklep\/wp-json\/wp\/v2\/product\/21861"}],"collection":[{"href":"https:\/\/roza-sobieszek.pl\/sklep\/wp-json\/wp\/v2\/product"}],"about":[{"href":"https:\/\/roza-sobieszek.pl\/sklep\/wp-json\/wp\/v2\/types\/product"}],"replies":[{"embeddable":true,"href":"https:\/\/roza-sobieszek.pl\/sklep\/wp-json\/wp\/v2\/comments?post=21861"}],"wp:featuredmedia":[{"embeddable":true,"href":"https:\/\/roza-sobieszek.pl\/sklep\/wp-json\/wp\/v2\/media\/21864"}],"wp:attachment":[{"href":"https:\/\/roza-sobieszek.pl\/sklep\/wp-json\/wp\/v2\/media?parent=21861"}],"wp:term":[{"taxonomy":"product_brand","embeddable":true,"href":"https:\/\/roza-sobieszek.pl\/sklep\/wp-json\/wp\/v2\/product_brand?post=21861"},{"taxonomy":"product_cat","embeddable":true,"href":"https:\/\/roza-sobieszek.pl\/sklep\/wp-json\/wp\/v2\/product_cat?post=21861"},{"taxonomy":"product_tag","embeddable":true,"href":"https:\/\/roza-sobieszek.pl\/sklep\/wp-json\/wp\/v2\/product_tag?post=21861"}],"curies":[{"name":"wp","href":"https:\/\/api.w.org\/{rel}","templated":true}]}}