{"id":21971,"date":"2025-09-12T09:11:38","date_gmt":"2025-09-12T09:11:38","guid":{"rendered":"https:\/\/roza-sobieszek.pl\/sklep\/?post_type=product&#038;p=21971"},"modified":"2026-04-07T08:23:44","modified_gmt":"2026-04-07T08:23:44","slug":"roza-krzewiasta-jasko-ze-slawna","status":"publish","type":"product","link":"https:\/\/roza-sobieszek.pl\/sklep\/produkt\/roza-krzewiasta-jasko-ze-slawna\/","title":{"rendered":"R\u00f3\u017ca Krzewiasta Ja\u015bko ze S\u0142awna\u00ae"},"content":{"rendered":"<h2>Ja\u015bko ze S\u0142awna\u00ae<\/h2>\n<p data-start=\"564\" data-end=\"814\">Okaza\u0142a r\u00f3\u017ca krzewiasta o du\u017cych, pe\u0142nych, \u0107wier\u0107rozetowych kwiatach, nawi\u0105zuj\u0105cych do elegancji odmian historycznych. G\u0119ste, <strong>ciemnofioletowe p\u0142atki najpi\u0119kniej ukazuj\u0105 g\u0142\u0119bi\u0119 barwy w p\u00f3\u0142cieniu,<\/strong> gdzie zachowuj\u0105 intensywne nasycenie i subtelny po\u0142ysk.<\/p>\n<p data-start=\"816\" data-end=\"1029\">Zapach tej r\u00f3\u017cy jest poci\u0105gaj\u0105cy: klasycznie r\u00f3\u017cany, z \u0142agodn\u0105 nut\u0105 drewna i mu\u015bni\u0119ciem malin. Na pocz\u0105tku lekko przydymiony, z czasem rozwija si\u0119 w zr\u00f3wnowa\u017con\u0105 kompozycj\u0119 geranolu i aromatu rozgniecionych malin.<\/p>\n<p data-start=\"1031\" data-end=\"1307\">Kwitnie wcze\u015bnie i niezawodnie powtarza kwitnienie przez ca\u0142y sezon. Dobrze radzi sobie tak\u017ce w lekko ocienionych miejscach. To idealna propozycja dla os\u00f3b poszukuj\u0105cych szlachetnej, \u201estarej\u201d estetyki po\u0142\u0105czonej ze wsp\u00f3\u0142czesn\u0105 niezawodno\u015bci\u0105 i zapachem, kt\u00f3ry zapada w pami\u0119\u0107.<\/p>\n<p data-start=\"1050\" data-end=\"1211\">\n","protected":false},"excerpt":{"rendered":"<p>Nowo\u015b\u0107 polskiego hodowcy<\/p>\n<p>Ja\u015bko ze S\u0142awna\u00ae<\/p>\n<ul>\n<li>Nazwa: Ja\u015bko ze S\u0142awna\u00ae<\/li>\n<li>Kolor: g\u0142\u0119bokie, ciemnofioletowe odcienie<\/li>\n<li>Wzrost: 120&#215;120 cm<\/li>\n<li>Wielko\u015b\u0107 kwiatu:\u00a0pe\u0142na \u0107wier\u0107rozetowa, w stylu r\u00f3\u017c historycznych<\/li>\n<li>Zapach:++++ silny \u2013 klasycznie r\u00f3\u017cany z\u00a0<strong>delikatn\u0105 nut\u0105 drewna i akcentem malin<\/strong><\/li>\n<li>Stanowisko: p\u00f3\u0142cie\u0144<\/li>\n<li>Okres kwitnienia: VI \u2013 X<\/li>\n<li>Powtarza kwitnienie: tak<\/li>\n<li>Typ: krzewiasta<\/li>\n<\/ul>\n","protected":false},"featured_media":21976,"comment_status":"open","ping_status":"closed","template":"","meta":[],"product_brand":[],"product_cat":[290,209,198],"product_tag":[247,258,251],"yoast_head":"<!-- This site is optimized with the Yoast SEO plugin v23.5 - https:\/\/yoast.com\/wordpress\/plugins\/seo\/ -->\n<title>R\u00f3\u017ca Krzewiasta Ja\u015bko ze S\u0142awna\u00ae - R\u00f3\u017ce ogrodowe - Sklep Sobieszek producent<\/title>\n<meta name=\"description\" content=\"Okaza\u0142a r\u00f3\u017ca krzewiasta o du\u017cych, pe\u0142nych, \u0107wier\u0107rozetowych kwiatach, nawi\u0105zuj\u0105cych do elegancji odmian historycznych. G\u0119ste, ciemnofioletowe p\u0142atki najpi\u0119kniej ukazuj\u0105 g\u0142\u0119bi\u0119 barwy w p\u00f3\u0142cieniu, gdzie zachowuj\u0105 intensywne nasycenie i subtelny po\u0142ysk.\" \/>\n<meta name=\"robots\" content=\"index, follow, max-snippet:-1, max-image-preview:large, max-video-preview:-1\" \/>\n<link rel=\"canonical\" href=\"https:\/\/roza-sobieszek.pl\/sklep\/produkt\/roza-krzewiasta-jasko-ze-slawna\/\" \/>\n<meta property=\"og:locale\" content=\"pl_PL\" \/>\n<meta property=\"og:type\" content=\"article\" \/>\n<meta property=\"og:title\" content=\"R\u00f3\u017ca Krzewiasta Ja\u015bko ze S\u0142awna\u00ae - R\u00f3\u017ce ogrodowe - Sklep Sobieszek producent\" \/>\n<meta property=\"og:description\" content=\"Okaza\u0142a r\u00f3\u017ca krzewiasta o du\u017cych, pe\u0142nych, \u0107wier\u0107rozetowych kwiatach, nawi\u0105zuj\u0105cych do elegancji odmian historycznych. G\u0119ste, ciemnofioletowe p\u0142atki najpi\u0119kniej ukazuj\u0105 g\u0142\u0119bi\u0119 barwy w p\u00f3\u0142cieniu, gdzie zachowuj\u0105 intensywne nasycenie i subtelny po\u0142ysk.\" \/>\n<meta property=\"og:url\" content=\"https:\/\/roza-sobieszek.pl\/sklep\/produkt\/roza-krzewiasta-jasko-ze-slawna\/\" \/>\n<meta property=\"og:site_name\" content=\"R\u00f3\u017ce ogrodowe - Sklep Sobieszek producent\" \/>\n<meta property=\"article:publisher\" content=\"https:\/\/www.facebook.com\/profile.php?id=100063681485170\" \/>\n<meta property=\"article:modified_time\" content=\"2026-04-07T08:23:44+00:00\" \/>\n<meta property=\"og:image\" content=\"https:\/\/roza-sobieszek.pl\/sklep\/wp-content\/uploads\/2025\/09\/JASKO-ZE-SLAWNA-SCREEN-1.png\" \/>\n\t<meta property=\"og:image:width\" content=\"683\" \/>\n\t<meta property=\"og:image:height\" content=\"939\" \/>\n\t<meta property=\"og:image:type\" content=\"image\/png\" \/>\n<meta name=\"twitter:card\" content=\"summary_large_image\" \/>\n<meta name=\"twitter:label1\" content=\"Szacowany czas czytania\" \/>\n\t<meta name=\"twitter:data1\" content=\"1 minuta\" \/>\n<script type=\"application\/ld+json\" class=\"yoast-schema-graph\">{\"@context\":\"https:\/\/schema.org\",\"@graph\":[{\"@type\":\"WebPage\",\"@id\":\"https:\/\/roza-sobieszek.pl\/sklep\/produkt\/roza-krzewiasta-jasko-ze-slawna\/\",\"url\":\"https:\/\/roza-sobieszek.pl\/sklep\/produkt\/roza-krzewiasta-jasko-ze-slawna\/\",\"name\":\"R\u00f3\u017ca Krzewiasta Ja\u015bko ze S\u0142awna\u00ae - R\u00f3\u017ce ogrodowe - Sklep Sobieszek producent\",\"isPartOf\":{\"@id\":\"https:\/\/roza-sobieszek.pl\/sklep\/#website\"},\"primaryImageOfPage\":{\"@id\":\"https:\/\/roza-sobieszek.pl\/sklep\/produkt\/roza-krzewiasta-jasko-ze-slawna\/#primaryimage\"},\"image\":{\"@id\":\"https:\/\/roza-sobieszek.pl\/sklep\/produkt\/roza-krzewiasta-jasko-ze-slawna\/#primaryimage\"},\"thumbnailUrl\":\"https:\/\/roza-sobieszek.pl\/sklep\/wp-content\/uploads\/2025\/09\/JASKO-ZE-SLAWNA-SCREEN-1.png\",\"datePublished\":\"2025-09-12T09:11:38+00:00\",\"dateModified\":\"2026-04-07T08:23:44+00:00\",\"description\":\"Okaza\u0142a r\u00f3\u017ca krzewiasta o du\u017cych, pe\u0142nych, \u0107wier\u0107rozetowych kwiatach, nawi\u0105zuj\u0105cych do elegancji odmian historycznych. G\u0119ste, ciemnofioletowe p\u0142atki najpi\u0119kniej ukazuj\u0105 g\u0142\u0119bi\u0119 barwy w p\u00f3\u0142cieniu, gdzie zachowuj\u0105 intensywne nasycenie i subtelny po\u0142ysk.\",\"breadcrumb\":{\"@id\":\"https:\/\/roza-sobieszek.pl\/sklep\/produkt\/roza-krzewiasta-jasko-ze-slawna\/#breadcrumb\"},\"inLanguage\":\"pl-PL\",\"potentialAction\":[{\"@type\":\"ReadAction\",\"target\":[\"https:\/\/roza-sobieszek.pl\/sklep\/produkt\/roza-krzewiasta-jasko-ze-slawna\/\"]}]},{\"@type\":\"ImageObject\",\"inLanguage\":\"pl-PL\",\"@id\":\"https:\/\/roza-sobieszek.pl\/sklep\/produkt\/roza-krzewiasta-jasko-ze-slawna\/#primaryimage\",\"url\":\"https:\/\/roza-sobieszek.pl\/sklep\/wp-content\/uploads\/2025\/09\/JASKO-ZE-SLAWNA-SCREEN-1.png\",\"contentUrl\":\"https:\/\/roza-sobieszek.pl\/sklep\/wp-content\/uploads\/2025\/09\/JASKO-ZE-SLAWNA-SCREEN-1.png\",\"width\":683,\"height\":939},{\"@type\":\"BreadcrumbList\",\"@id\":\"https:\/\/roza-sobieszek.pl\/sklep\/produkt\/roza-krzewiasta-jasko-ze-slawna\/#breadcrumb\",\"itemListElement\":[{\"@type\":\"ListItem\",\"position\":1,\"name\":\"Strona g\u0142\u00f3wna\",\"item\":\"https:\/\/roza-sobieszek.pl\/sklep\/\"},{\"@type\":\"ListItem\",\"position\":2,\"name\":\"Shop\",\"item\":\"https:\/\/roza-sobieszek.pl\/sklep\/shop\/\"},{\"@type\":\"ListItem\",\"position\":3,\"name\":\"R\u00f3\u017ca Krzewiasta Ja\u015bko ze S\u0142awna\u00ae\"}]},{\"@type\":\"WebSite\",\"@id\":\"https:\/\/roza-sobieszek.pl\/sklep\/#website\",\"url\":\"https:\/\/roza-sobieszek.pl\/sklep\/\",\"name\":\"R\u00f3\u017ce ogrodowe - Sklep Sobieszek producent\",\"description\":\"\",\"publisher\":{\"@id\":\"https:\/\/roza-sobieszek.pl\/sklep\/#organization\"},\"potentialAction\":[{\"@type\":\"SearchAction\",\"target\":{\"@type\":\"EntryPoint\",\"urlTemplate\":\"https:\/\/roza-sobieszek.pl\/sklep\/?s={search_term_string}\"},\"query-input\":{\"@type\":\"PropertyValueSpecification\",\"valueRequired\":true,\"valueName\":\"search_term_string\"}}],\"inLanguage\":\"pl-PL\"},{\"@type\":\"Organization\",\"@id\":\"https:\/\/roza-sobieszek.pl\/sklep\/#organization\",\"name\":\"R\u00f3\u017ce ogrodowe - Sklep Sobieszek producent\",\"url\":\"https:\/\/roza-sobieszek.pl\/sklep\/\",\"logo\":{\"@type\":\"ImageObject\",\"inLanguage\":\"pl-PL\",\"@id\":\"https:\/\/roza-sobieszek.pl\/sklep\/#\/schema\/logo\/image\/\",\"url\":\"https:\/\/roza-sobieszek.pl\/sklep\/wp-content\/uploads\/2016\/08\/IMG_0358-1.jpg\",\"contentUrl\":\"https:\/\/roza-sobieszek.pl\/sklep\/wp-content\/uploads\/2016\/08\/IMG_0358-1.jpg\",\"width\":2048,\"height\":1365,\"caption\":\"R\u00f3\u017ce ogrodowe - Sklep Sobieszek producent\"},\"image\":{\"@id\":\"https:\/\/roza-sobieszek.pl\/sklep\/#\/schema\/logo\/image\/\"},\"sameAs\":[\"https:\/\/www.facebook.com\/profile.php?id=100063681485170\"]}]}<\/script>\n<!-- \/ Yoast SEO plugin. -->","yoast_head_json":{"title":"R\u00f3\u017ca Krzewiasta Ja\u015bko ze S\u0142awna\u00ae - R\u00f3\u017ce ogrodowe - Sklep Sobieszek producent","description":"Okaza\u0142a r\u00f3\u017ca krzewiasta o du\u017cych, pe\u0142nych, \u0107wier\u0107rozetowych kwiatach, nawi\u0105zuj\u0105cych do elegancji odmian historycznych. G\u0119ste, ciemnofioletowe p\u0142atki najpi\u0119kniej ukazuj\u0105 g\u0142\u0119bi\u0119 barwy w p\u00f3\u0142cieniu, gdzie zachowuj\u0105 intensywne nasycenie i subtelny po\u0142ysk.","robots":{"index":"index","follow":"follow","max-snippet":"max-snippet:-1","max-image-preview":"max-image-preview:large","max-video-preview":"max-video-preview:-1"},"canonical":"https:\/\/roza-sobieszek.pl\/sklep\/produkt\/roza-krzewiasta-jasko-ze-slawna\/","og_locale":"pl_PL","og_type":"article","og_title":"R\u00f3\u017ca Krzewiasta Ja\u015bko ze S\u0142awna\u00ae - R\u00f3\u017ce ogrodowe - Sklep Sobieszek producent","og_description":"Okaza\u0142a r\u00f3\u017ca krzewiasta o du\u017cych, pe\u0142nych, \u0107wier\u0107rozetowych kwiatach, nawi\u0105zuj\u0105cych do elegancji odmian historycznych. G\u0119ste, ciemnofioletowe p\u0142atki najpi\u0119kniej ukazuj\u0105 g\u0142\u0119bi\u0119 barwy w p\u00f3\u0142cieniu, gdzie zachowuj\u0105 intensywne nasycenie i subtelny po\u0142ysk.","og_url":"https:\/\/roza-sobieszek.pl\/sklep\/produkt\/roza-krzewiasta-jasko-ze-slawna\/","og_site_name":"R\u00f3\u017ce ogrodowe - Sklep Sobieszek producent","article_publisher":"https:\/\/www.facebook.com\/profile.php?id=100063681485170","article_modified_time":"2026-04-07T08:23:44+00:00","og_image":[{"width":683,"height":939,"url":"https:\/\/roza-sobieszek.pl\/sklep\/wp-content\/uploads\/2025\/09\/JASKO-ZE-SLAWNA-SCREEN-1.png","type":"image\/png"}],"twitter_card":"summary_large_image","twitter_misc":{"Szacowany czas czytania":"1 minuta"},"schema":{"@context":"https:\/\/schema.org","@graph":[{"@type":"WebPage","@id":"https:\/\/roza-sobieszek.pl\/sklep\/produkt\/roza-krzewiasta-jasko-ze-slawna\/","url":"https:\/\/roza-sobieszek.pl\/sklep\/produkt\/roza-krzewiasta-jasko-ze-slawna\/","name":"R\u00f3\u017ca Krzewiasta Ja\u015bko ze S\u0142awna\u00ae - R\u00f3\u017ce ogrodowe - Sklep Sobieszek producent","isPartOf":{"@id":"https:\/\/roza-sobieszek.pl\/sklep\/#website"},"primaryImageOfPage":{"@id":"https:\/\/roza-sobieszek.pl\/sklep\/produkt\/roza-krzewiasta-jasko-ze-slawna\/#primaryimage"},"image":{"@id":"https:\/\/roza-sobieszek.pl\/sklep\/produkt\/roza-krzewiasta-jasko-ze-slawna\/#primaryimage"},"thumbnailUrl":"https:\/\/roza-sobieszek.pl\/sklep\/wp-content\/uploads\/2025\/09\/JASKO-ZE-SLAWNA-SCREEN-1.png","datePublished":"2025-09-12T09:11:38+00:00","dateModified":"2026-04-07T08:23:44+00:00","description":"Okaza\u0142a r\u00f3\u017ca krzewiasta o du\u017cych, pe\u0142nych, \u0107wier\u0107rozetowych kwiatach, nawi\u0105zuj\u0105cych do elegancji odmian historycznych. G\u0119ste, ciemnofioletowe p\u0142atki najpi\u0119kniej ukazuj\u0105 g\u0142\u0119bi\u0119 barwy w p\u00f3\u0142cieniu, gdzie zachowuj\u0105 intensywne nasycenie i subtelny po\u0142ysk.","breadcrumb":{"@id":"https:\/\/roza-sobieszek.pl\/sklep\/produkt\/roza-krzewiasta-jasko-ze-slawna\/#breadcrumb"},"inLanguage":"pl-PL","potentialAction":[{"@type":"ReadAction","target":["https:\/\/roza-sobieszek.pl\/sklep\/produkt\/roza-krzewiasta-jasko-ze-slawna\/"]}]},{"@type":"ImageObject","inLanguage":"pl-PL","@id":"https:\/\/roza-sobieszek.pl\/sklep\/produkt\/roza-krzewiasta-jasko-ze-slawna\/#primaryimage","url":"https:\/\/roza-sobieszek.pl\/sklep\/wp-content\/uploads\/2025\/09\/JASKO-ZE-SLAWNA-SCREEN-1.png","contentUrl":"https:\/\/roza-sobieszek.pl\/sklep\/wp-content\/uploads\/2025\/09\/JASKO-ZE-SLAWNA-SCREEN-1.png","width":683,"height":939},{"@type":"BreadcrumbList","@id":"https:\/\/roza-sobieszek.pl\/sklep\/produkt\/roza-krzewiasta-jasko-ze-slawna\/#breadcrumb","itemListElement":[{"@type":"ListItem","position":1,"name":"Strona g\u0142\u00f3wna","item":"https:\/\/roza-sobieszek.pl\/sklep\/"},{"@type":"ListItem","position":2,"name":"Shop","item":"https:\/\/roza-sobieszek.pl\/sklep\/shop\/"},{"@type":"ListItem","position":3,"name":"R\u00f3\u017ca Krzewiasta Ja\u015bko ze S\u0142awna\u00ae"}]},{"@type":"WebSite","@id":"https:\/\/roza-sobieszek.pl\/sklep\/#website","url":"https:\/\/roza-sobieszek.pl\/sklep\/","name":"R\u00f3\u017ce ogrodowe - Sklep Sobieszek producent","description":"","publisher":{"@id":"https:\/\/roza-sobieszek.pl\/sklep\/#organization"},"potentialAction":[{"@type":"SearchAction","target":{"@type":"EntryPoint","urlTemplate":"https:\/\/roza-sobieszek.pl\/sklep\/?s={search_term_string}"},"query-input":{"@type":"PropertyValueSpecification","valueRequired":true,"valueName":"search_term_string"}}],"inLanguage":"pl-PL"},{"@type":"Organization","@id":"https:\/\/roza-sobieszek.pl\/sklep\/#organization","name":"R\u00f3\u017ce ogrodowe - Sklep Sobieszek producent","url":"https:\/\/roza-sobieszek.pl\/sklep\/","logo":{"@type":"ImageObject","inLanguage":"pl-PL","@id":"https:\/\/roza-sobieszek.pl\/sklep\/#\/schema\/logo\/image\/","url":"https:\/\/roza-sobieszek.pl\/sklep\/wp-content\/uploads\/2016\/08\/IMG_0358-1.jpg","contentUrl":"https:\/\/roza-sobieszek.pl\/sklep\/wp-content\/uploads\/2016\/08\/IMG_0358-1.jpg","width":2048,"height":1365,"caption":"R\u00f3\u017ce ogrodowe - Sklep Sobieszek producent"},"image":{"@id":"https:\/\/roza-sobieszek.pl\/sklep\/#\/schema\/logo\/image\/"},"sameAs":["https:\/\/www.facebook.com\/profile.php?id=100063681485170"]}]}},"_links":{"self":[{"href":"https:\/\/roza-sobieszek.pl\/sklep\/wp-json\/wp\/v2\/product\/21971"}],"collection":[{"href":"https:\/\/roza-sobieszek.pl\/sklep\/wp-json\/wp\/v2\/product"}],"about":[{"href":"https:\/\/roza-sobieszek.pl\/sklep\/wp-json\/wp\/v2\/types\/product"}],"replies":[{"embeddable":true,"href":"https:\/\/roza-sobieszek.pl\/sklep\/wp-json\/wp\/v2\/comments?post=21971"}],"wp:featuredmedia":[{"embeddable":true,"href":"https:\/\/roza-sobieszek.pl\/sklep\/wp-json\/wp\/v2\/media\/21976"}],"wp:attachment":[{"href":"https:\/\/roza-sobieszek.pl\/sklep\/wp-json\/wp\/v2\/media?parent=21971"}],"wp:term":[{"taxonomy":"product_brand","embeddable":true,"href":"https:\/\/roza-sobieszek.pl\/sklep\/wp-json\/wp\/v2\/product_brand?post=21971"},{"taxonomy":"product_cat","embeddable":true,"href":"https:\/\/roza-sobieszek.pl\/sklep\/wp-json\/wp\/v2\/product_cat?post=21971"},{"taxonomy":"product_tag","embeddable":true,"href":"https:\/\/roza-sobieszek.pl\/sklep\/wp-json\/wp\/v2\/product_tag?post=21971"}],"curies":[{"name":"wp","href":"https:\/\/api.w.org\/{rel}","templated":true}]}}