{"id":22218,"date":"2025-09-26T09:09:46","date_gmt":"2025-09-26T09:09:46","guid":{"rendered":"https:\/\/roza-sobieszek.pl\/sklep\/?post_type=product&#038;p=22218"},"modified":"2026-03-22T17:27:55","modified_gmt":"2026-03-22T17:27:55","slug":"roza-krzewiasta-kwiat-muszkatu","status":"publish","type":"product","link":"https:\/\/roza-sobieszek.pl\/sklep\/produkt\/roza-krzewiasta-kwiat-muszkatu\/","title":{"rendered":"R\u00f3\u017ca Krzewiasta Kwiat Muszkatu\u00ae"},"content":{"rendered":"<h2>Kwiat Muszkatu\u00ae<\/h2>\n<p data-start=\"418\" data-end=\"755\">Ta niezwyk\u0142a odmiana r\u00f3\u017cy od pierwszego spojrzenia intryguje niecodzienn\u0105 urod\u0105. Kwiaty w odcieniu g\u0142\u0119bokiego, adwentowego fioletu, z subtelnie rozja\u015bnionymi, bia\u0142ymi zako\u0144czeniami p\u0142atk\u00f3w, tworz\u0105 zjawiskow\u0105 gr\u0119 \u015bwiat\u0142a i koloru. W centrum ka\u017cdego kwiatu migocz\u0105 jasno\u017c\u00f3\u0142te pr\u0119ciki \u2014 niczym bi\u017cuteryjny akcent dodaj\u0105cy lekko\u015bci i blasku.<\/p>\n<p data-start=\"757\" data-end=\"1134\">Jednak najwi\u0119kszym atutem tej r\u00f3\u017cy jest jej zapach. Trudno pomyli\u0107 go z czymkolwiek innym: wyra\u017ana nuta \u015bwie\u017co startej ga\u0142ki muszkato\u0142owej od razu przywodzi na my\u015bl domow\u0105 spi\u017carni\u0119, \u015bwi\u0105teczne wypieki i ciep\u0142o rozgrzanych przypraw. W tle pojawia si\u0119 lekka pieprzno\u015b\u0107 i zaskakuj\u0105co orze\u017awiaj\u0105cy akcent \u2014 niemal tabakowy. To zapach z charakterem, kt\u00f3ry nie pozostawia oboj\u0119tnym.<\/p>\n","protected":false},"excerpt":{"rendered":"<p>Nowo\u015b\u0107 polskiego hodowcy<\/p>\n<p>Kwiat Muszkatu\u00ae<\/p>\n<ul>\n<li>Nazwa: Kwiat Muszkatu\u00ae<\/li>\n<li>Kolor: g\u0142\u0119boki fiolet<\/li>\n<li>Wzrost: 90&#215;60 cm<\/li>\n<li>Wielko\u015b\u0107 kwiatu: p\u00f3\u0142pe\u0142ny- 5cm,<\/li>\n<li>Zapach:++++ silny<\/li>\n<li>Stanowisko: p\u00f3\u0142cie\u0144<\/li>\n<li>Okres kwitnienia: VI \u2013 X<\/li>\n<li>Powtarza kwitnienie: tak<\/li>\n<li>Typ: krzewiasta<\/li>\n<\/ul>\n","protected":false},"featured_media":22221,"comment_status":"open","ping_status":"closed","template":"","meta":[],"product_brand":[],"product_cat":[290,209,155],"product_tag":[247,258,251],"yoast_head":"<!-- This site is optimized with the Yoast SEO plugin v23.5 - https:\/\/yoast.com\/wordpress\/plugins\/seo\/ -->\n<title>R\u00f3\u017ca Krzewiasta Kwiat Muszkatu\u00ae - R\u00f3\u017ce ogrodowe - Sklep Sobieszek producent<\/title>\n<meta name=\"description\" content=\"Kwiaty w odcieniu g\u0142\u0119bokiego, adwentowego fioletu, z subtelnie rozja\u015bnionymi, bia\u0142ymi zako\u0144czeniami p\u0142atk\u00f3w, tworz\u0105 zjawiskow\u0105 gr\u0119 \u015bwiat\u0142a i koloru. W centrum ka\u017cdego kwiatu migocz\u0105 jasno\u017c\u00f3\u0142te pr\u0119ciki\" \/>\n<meta name=\"robots\" content=\"index, follow, max-snippet:-1, max-image-preview:large, max-video-preview:-1\" \/>\n<link rel=\"canonical\" href=\"https:\/\/roza-sobieszek.pl\/sklep\/produkt\/roza-krzewiasta-kwiat-muszkatu\/\" \/>\n<meta property=\"og:locale\" content=\"pl_PL\" \/>\n<meta property=\"og:type\" content=\"article\" \/>\n<meta property=\"og:title\" content=\"R\u00f3\u017ca Krzewiasta Kwiat Muszkatu\u00ae - R\u00f3\u017ce ogrodowe - Sklep Sobieszek producent\" \/>\n<meta property=\"og:description\" content=\"Kwiaty w odcieniu g\u0142\u0119bokiego, adwentowego fioletu, z subtelnie rozja\u015bnionymi, bia\u0142ymi zako\u0144czeniami p\u0142atk\u00f3w, tworz\u0105 zjawiskow\u0105 gr\u0119 \u015bwiat\u0142a i koloru. W centrum ka\u017cdego kwiatu migocz\u0105 jasno\u017c\u00f3\u0142te pr\u0119ciki\" \/>\n<meta property=\"og:url\" content=\"https:\/\/roza-sobieszek.pl\/sklep\/produkt\/roza-krzewiasta-kwiat-muszkatu\/\" \/>\n<meta property=\"og:site_name\" content=\"R\u00f3\u017ce ogrodowe - Sklep Sobieszek producent\" \/>\n<meta property=\"article:publisher\" content=\"https:\/\/www.facebook.com\/profile.php?id=100063681485170\" \/>\n<meta property=\"article:modified_time\" content=\"2026-03-22T17:27:55+00:00\" \/>\n<meta property=\"og:image\" content=\"https:\/\/roza-sobieszek.pl\/sklep\/wp-content\/uploads\/2025\/09\/Zrzut-ekranu-2025-09-26-112221.png\" \/>\n\t<meta property=\"og:image:width\" content=\"672\" \/>\n\t<meta property=\"og:image:height\" content=\"947\" \/>\n\t<meta property=\"og:image:type\" content=\"image\/png\" \/>\n<meta name=\"twitter:card\" content=\"summary_large_image\" \/>\n<meta name=\"twitter:label1\" content=\"Szacowany czas czytania\" \/>\n\t<meta name=\"twitter:data1\" content=\"1 minuta\" \/>\n<script type=\"application\/ld+json\" class=\"yoast-schema-graph\">{\"@context\":\"https:\/\/schema.org\",\"@graph\":[{\"@type\":\"WebPage\",\"@id\":\"https:\/\/roza-sobieszek.pl\/sklep\/produkt\/roza-krzewiasta-kwiat-muszkatu\/\",\"url\":\"https:\/\/roza-sobieszek.pl\/sklep\/produkt\/roza-krzewiasta-kwiat-muszkatu\/\",\"name\":\"R\u00f3\u017ca Krzewiasta Kwiat Muszkatu\u00ae - R\u00f3\u017ce ogrodowe - Sklep Sobieszek producent\",\"isPartOf\":{\"@id\":\"https:\/\/roza-sobieszek.pl\/sklep\/#website\"},\"primaryImageOfPage\":{\"@id\":\"https:\/\/roza-sobieszek.pl\/sklep\/produkt\/roza-krzewiasta-kwiat-muszkatu\/#primaryimage\"},\"image\":{\"@id\":\"https:\/\/roza-sobieszek.pl\/sklep\/produkt\/roza-krzewiasta-kwiat-muszkatu\/#primaryimage\"},\"thumbnailUrl\":\"https:\/\/roza-sobieszek.pl\/sklep\/wp-content\/uploads\/2025\/09\/Zrzut-ekranu-2025-09-26-112221.png\",\"datePublished\":\"2025-09-26T09:09:46+00:00\",\"dateModified\":\"2026-03-22T17:27:55+00:00\",\"description\":\"Kwiaty w odcieniu g\u0142\u0119bokiego, adwentowego fioletu, z subtelnie rozja\u015bnionymi, bia\u0142ymi zako\u0144czeniami p\u0142atk\u00f3w, tworz\u0105 zjawiskow\u0105 gr\u0119 \u015bwiat\u0142a i koloru. W centrum ka\u017cdego kwiatu migocz\u0105 jasno\u017c\u00f3\u0142te pr\u0119ciki\",\"breadcrumb\":{\"@id\":\"https:\/\/roza-sobieszek.pl\/sklep\/produkt\/roza-krzewiasta-kwiat-muszkatu\/#breadcrumb\"},\"inLanguage\":\"pl-PL\",\"potentialAction\":[{\"@type\":\"ReadAction\",\"target\":[\"https:\/\/roza-sobieszek.pl\/sklep\/produkt\/roza-krzewiasta-kwiat-muszkatu\/\"]}]},{\"@type\":\"ImageObject\",\"inLanguage\":\"pl-PL\",\"@id\":\"https:\/\/roza-sobieszek.pl\/sklep\/produkt\/roza-krzewiasta-kwiat-muszkatu\/#primaryimage\",\"url\":\"https:\/\/roza-sobieszek.pl\/sklep\/wp-content\/uploads\/2025\/09\/Zrzut-ekranu-2025-09-26-112221.png\",\"contentUrl\":\"https:\/\/roza-sobieszek.pl\/sklep\/wp-content\/uploads\/2025\/09\/Zrzut-ekranu-2025-09-26-112221.png\",\"width\":672,\"height\":947},{\"@type\":\"BreadcrumbList\",\"@id\":\"https:\/\/roza-sobieszek.pl\/sklep\/produkt\/roza-krzewiasta-kwiat-muszkatu\/#breadcrumb\",\"itemListElement\":[{\"@type\":\"ListItem\",\"position\":1,\"name\":\"Strona g\u0142\u00f3wna\",\"item\":\"https:\/\/roza-sobieszek.pl\/sklep\/\"},{\"@type\":\"ListItem\",\"position\":2,\"name\":\"Shop\",\"item\":\"https:\/\/roza-sobieszek.pl\/sklep\/shop\/\"},{\"@type\":\"ListItem\",\"position\":3,\"name\":\"R\u00f3\u017ca Krzewiasta Kwiat Muszkatu\u00ae\"}]},{\"@type\":\"WebSite\",\"@id\":\"https:\/\/roza-sobieszek.pl\/sklep\/#website\",\"url\":\"https:\/\/roza-sobieszek.pl\/sklep\/\",\"name\":\"R\u00f3\u017ce ogrodowe - Sklep Sobieszek producent\",\"description\":\"\",\"publisher\":{\"@id\":\"https:\/\/roza-sobieszek.pl\/sklep\/#organization\"},\"potentialAction\":[{\"@type\":\"SearchAction\",\"target\":{\"@type\":\"EntryPoint\",\"urlTemplate\":\"https:\/\/roza-sobieszek.pl\/sklep\/?s={search_term_string}\"},\"query-input\":{\"@type\":\"PropertyValueSpecification\",\"valueRequired\":true,\"valueName\":\"search_term_string\"}}],\"inLanguage\":\"pl-PL\"},{\"@type\":\"Organization\",\"@id\":\"https:\/\/roza-sobieszek.pl\/sklep\/#organization\",\"name\":\"R\u00f3\u017ce ogrodowe - Sklep Sobieszek producent\",\"url\":\"https:\/\/roza-sobieszek.pl\/sklep\/\",\"logo\":{\"@type\":\"ImageObject\",\"inLanguage\":\"pl-PL\",\"@id\":\"https:\/\/roza-sobieszek.pl\/sklep\/#\/schema\/logo\/image\/\",\"url\":\"https:\/\/roza-sobieszek.pl\/sklep\/wp-content\/uploads\/2016\/08\/IMG_0358-1.jpg\",\"contentUrl\":\"https:\/\/roza-sobieszek.pl\/sklep\/wp-content\/uploads\/2016\/08\/IMG_0358-1.jpg\",\"width\":2048,\"height\":1365,\"caption\":\"R\u00f3\u017ce ogrodowe - Sklep Sobieszek producent\"},\"image\":{\"@id\":\"https:\/\/roza-sobieszek.pl\/sklep\/#\/schema\/logo\/image\/\"},\"sameAs\":[\"https:\/\/www.facebook.com\/profile.php?id=100063681485170\"]}]}<\/script>\n<!-- \/ Yoast SEO plugin. -->","yoast_head_json":{"title":"R\u00f3\u017ca Krzewiasta Kwiat Muszkatu\u00ae - R\u00f3\u017ce ogrodowe - Sklep Sobieszek producent","description":"Kwiaty w odcieniu g\u0142\u0119bokiego, adwentowego fioletu, z subtelnie rozja\u015bnionymi, bia\u0142ymi zako\u0144czeniami p\u0142atk\u00f3w, tworz\u0105 zjawiskow\u0105 gr\u0119 \u015bwiat\u0142a i koloru. W centrum ka\u017cdego kwiatu migocz\u0105 jasno\u017c\u00f3\u0142te pr\u0119ciki","robots":{"index":"index","follow":"follow","max-snippet":"max-snippet:-1","max-image-preview":"max-image-preview:large","max-video-preview":"max-video-preview:-1"},"canonical":"https:\/\/roza-sobieszek.pl\/sklep\/produkt\/roza-krzewiasta-kwiat-muszkatu\/","og_locale":"pl_PL","og_type":"article","og_title":"R\u00f3\u017ca Krzewiasta Kwiat Muszkatu\u00ae - R\u00f3\u017ce ogrodowe - Sklep Sobieszek producent","og_description":"Kwiaty w odcieniu g\u0142\u0119bokiego, adwentowego fioletu, z subtelnie rozja\u015bnionymi, bia\u0142ymi zako\u0144czeniami p\u0142atk\u00f3w, tworz\u0105 zjawiskow\u0105 gr\u0119 \u015bwiat\u0142a i koloru. W centrum ka\u017cdego kwiatu migocz\u0105 jasno\u017c\u00f3\u0142te pr\u0119ciki","og_url":"https:\/\/roza-sobieszek.pl\/sklep\/produkt\/roza-krzewiasta-kwiat-muszkatu\/","og_site_name":"R\u00f3\u017ce ogrodowe - Sklep Sobieszek producent","article_publisher":"https:\/\/www.facebook.com\/profile.php?id=100063681485170","article_modified_time":"2026-03-22T17:27:55+00:00","og_image":[{"width":672,"height":947,"url":"https:\/\/roza-sobieszek.pl\/sklep\/wp-content\/uploads\/2025\/09\/Zrzut-ekranu-2025-09-26-112221.png","type":"image\/png"}],"twitter_card":"summary_large_image","twitter_misc":{"Szacowany czas czytania":"1 minuta"},"schema":{"@context":"https:\/\/schema.org","@graph":[{"@type":"WebPage","@id":"https:\/\/roza-sobieszek.pl\/sklep\/produkt\/roza-krzewiasta-kwiat-muszkatu\/","url":"https:\/\/roza-sobieszek.pl\/sklep\/produkt\/roza-krzewiasta-kwiat-muszkatu\/","name":"R\u00f3\u017ca Krzewiasta Kwiat Muszkatu\u00ae - R\u00f3\u017ce ogrodowe - Sklep Sobieszek producent","isPartOf":{"@id":"https:\/\/roza-sobieszek.pl\/sklep\/#website"},"primaryImageOfPage":{"@id":"https:\/\/roza-sobieszek.pl\/sklep\/produkt\/roza-krzewiasta-kwiat-muszkatu\/#primaryimage"},"image":{"@id":"https:\/\/roza-sobieszek.pl\/sklep\/produkt\/roza-krzewiasta-kwiat-muszkatu\/#primaryimage"},"thumbnailUrl":"https:\/\/roza-sobieszek.pl\/sklep\/wp-content\/uploads\/2025\/09\/Zrzut-ekranu-2025-09-26-112221.png","datePublished":"2025-09-26T09:09:46+00:00","dateModified":"2026-03-22T17:27:55+00:00","description":"Kwiaty w odcieniu g\u0142\u0119bokiego, adwentowego fioletu, z subtelnie rozja\u015bnionymi, bia\u0142ymi zako\u0144czeniami p\u0142atk\u00f3w, tworz\u0105 zjawiskow\u0105 gr\u0119 \u015bwiat\u0142a i koloru. W centrum ka\u017cdego kwiatu migocz\u0105 jasno\u017c\u00f3\u0142te pr\u0119ciki","breadcrumb":{"@id":"https:\/\/roza-sobieszek.pl\/sklep\/produkt\/roza-krzewiasta-kwiat-muszkatu\/#breadcrumb"},"inLanguage":"pl-PL","potentialAction":[{"@type":"ReadAction","target":["https:\/\/roza-sobieszek.pl\/sklep\/produkt\/roza-krzewiasta-kwiat-muszkatu\/"]}]},{"@type":"ImageObject","inLanguage":"pl-PL","@id":"https:\/\/roza-sobieszek.pl\/sklep\/produkt\/roza-krzewiasta-kwiat-muszkatu\/#primaryimage","url":"https:\/\/roza-sobieszek.pl\/sklep\/wp-content\/uploads\/2025\/09\/Zrzut-ekranu-2025-09-26-112221.png","contentUrl":"https:\/\/roza-sobieszek.pl\/sklep\/wp-content\/uploads\/2025\/09\/Zrzut-ekranu-2025-09-26-112221.png","width":672,"height":947},{"@type":"BreadcrumbList","@id":"https:\/\/roza-sobieszek.pl\/sklep\/produkt\/roza-krzewiasta-kwiat-muszkatu\/#breadcrumb","itemListElement":[{"@type":"ListItem","position":1,"name":"Strona g\u0142\u00f3wna","item":"https:\/\/roza-sobieszek.pl\/sklep\/"},{"@type":"ListItem","position":2,"name":"Shop","item":"https:\/\/roza-sobieszek.pl\/sklep\/shop\/"},{"@type":"ListItem","position":3,"name":"R\u00f3\u017ca Krzewiasta Kwiat Muszkatu\u00ae"}]},{"@type":"WebSite","@id":"https:\/\/roza-sobieszek.pl\/sklep\/#website","url":"https:\/\/roza-sobieszek.pl\/sklep\/","name":"R\u00f3\u017ce ogrodowe - Sklep Sobieszek producent","description":"","publisher":{"@id":"https:\/\/roza-sobieszek.pl\/sklep\/#organization"},"potentialAction":[{"@type":"SearchAction","target":{"@type":"EntryPoint","urlTemplate":"https:\/\/roza-sobieszek.pl\/sklep\/?s={search_term_string}"},"query-input":{"@type":"PropertyValueSpecification","valueRequired":true,"valueName":"search_term_string"}}],"inLanguage":"pl-PL"},{"@type":"Organization","@id":"https:\/\/roza-sobieszek.pl\/sklep\/#organization","name":"R\u00f3\u017ce ogrodowe - Sklep Sobieszek producent","url":"https:\/\/roza-sobieszek.pl\/sklep\/","logo":{"@type":"ImageObject","inLanguage":"pl-PL","@id":"https:\/\/roza-sobieszek.pl\/sklep\/#\/schema\/logo\/image\/","url":"https:\/\/roza-sobieszek.pl\/sklep\/wp-content\/uploads\/2016\/08\/IMG_0358-1.jpg","contentUrl":"https:\/\/roza-sobieszek.pl\/sklep\/wp-content\/uploads\/2016\/08\/IMG_0358-1.jpg","width":2048,"height":1365,"caption":"R\u00f3\u017ce ogrodowe - Sklep Sobieszek producent"},"image":{"@id":"https:\/\/roza-sobieszek.pl\/sklep\/#\/schema\/logo\/image\/"},"sameAs":["https:\/\/www.facebook.com\/profile.php?id=100063681485170"]}]}},"_links":{"self":[{"href":"https:\/\/roza-sobieszek.pl\/sklep\/wp-json\/wp\/v2\/product\/22218"}],"collection":[{"href":"https:\/\/roza-sobieszek.pl\/sklep\/wp-json\/wp\/v2\/product"}],"about":[{"href":"https:\/\/roza-sobieszek.pl\/sklep\/wp-json\/wp\/v2\/types\/product"}],"replies":[{"embeddable":true,"href":"https:\/\/roza-sobieszek.pl\/sklep\/wp-json\/wp\/v2\/comments?post=22218"}],"wp:featuredmedia":[{"embeddable":true,"href":"https:\/\/roza-sobieszek.pl\/sklep\/wp-json\/wp\/v2\/media\/22221"}],"wp:attachment":[{"href":"https:\/\/roza-sobieszek.pl\/sklep\/wp-json\/wp\/v2\/media?parent=22218"}],"wp:term":[{"taxonomy":"product_brand","embeddable":true,"href":"https:\/\/roza-sobieszek.pl\/sklep\/wp-json\/wp\/v2\/product_brand?post=22218"},{"taxonomy":"product_cat","embeddable":true,"href":"https:\/\/roza-sobieszek.pl\/sklep\/wp-json\/wp\/v2\/product_cat?post=22218"},{"taxonomy":"product_tag","embeddable":true,"href":"https:\/\/roza-sobieszek.pl\/sklep\/wp-json\/wp\/v2\/product_tag?post=22218"}],"curies":[{"name":"wp","href":"https:\/\/api.w.org\/{rel}","templated":true}]}}