{"id":22235,"date":"2025-09-26T14:26:08","date_gmt":"2025-09-26T14:26:08","guid":{"rendered":"https:\/\/roza-sobieszek.pl\/sklep\/?post_type=product&#038;p=22235"},"modified":"2026-04-21T16:42:33","modified_gmt":"2026-04-21T16:42:33","slug":"roza-parkow-broda-fauna","status":"publish","type":"product","link":"https:\/\/roza-sobieszek.pl\/sklep\/produkt\/roza-parkow-broda-fauna\/","title":{"rendered":"R\u00f3\u017ca Parkowa Broda Fauna\u00ae"},"content":{"rendered":"<h2>Broda Fauna\u00ae<\/h2>\n<div>\n<div class=\"gmail_default\">R\u00f3\u017ca pejza\u017cowa typu paniculata o du\u017cej tolerancji na s\u0142absze gleby i zacienienie. Kwitnie w du\u017cych gronach. P\u0142atki nie otwieraj\u0105 w pe\u0142ni.\u00a0 Pozostaj\u0105c\u00a0na wp\u00f3\u0142 rozwarte. Przy wrzecionowatym kwiatostanie ten widok mo\u017ce przypomina\u0107 poskr\u0119can\u0105 brod\u0119 ze staro\u017cytnych p\u0142askorze\u017ab Fenickich lub Etruskich. Kwiaty szybko nabieraj\u0105 lekko zielonkawej barwy. Znakomita i trwa\u0142a r\u00f3\u017ca do wazonu.<\/div>\n<\/div>\n<div><\/div>\n","protected":false},"excerpt":{"rendered":"<p>Nowo\u015b\u0107 polskiego hodowcy<\/p>\n<p>Broda Fauna\u00ae<\/p>\n<ul>\n<li>Nazwa: Broda Fauna\u00ae<\/li>\n<li>Kolor: pistacjowo-kremowa<\/li>\n<li>Wzrost: 120&#215;120 cm<\/li>\n<li>Wielko\u015b\u0107 kwiatu: p\u00f3\u0142pe\u0142ny-1,5 cm,<\/li>\n<li>Zapach:+++<\/li>\n<li>Stanowisko: s\u0142oneczne<\/li>\n<li>Okres kwitnienia: VI \u2013 X<\/li>\n<li>Powtarza kwitnienie: tak<\/li>\n<li>Typ: parkowa<\/li>\n<\/ul>\n","protected":false},"featured_media":22238,"comment_status":"open","ping_status":"closed","template":"","meta":[],"product_brand":[],"product_cat":[290,209,198],"product_tag":[247,258,251],"yoast_head":"<!-- This site is optimized with the Yoast SEO plugin v23.5 - https:\/\/yoast.com\/wordpress\/plugins\/seo\/ -->\n<title>R\u00f3\u017ca Parkowa Broda Fauna\u00ae - R\u00f3\u017ce ogrodowe - Sklep Sobieszek producent<\/title>\n<meta name=\"description\" content=\"Kwiaty szybko nabieraj\u0105 lekko zielonkawej barwy. Znakomita i trwa\u0142a r\u00f3\u017ca do wazonu.\" \/>\n<meta name=\"robots\" content=\"index, follow, max-snippet:-1, max-image-preview:large, max-video-preview:-1\" \/>\n<link rel=\"canonical\" href=\"https:\/\/roza-sobieszek.pl\/sklep\/produkt\/roza-parkow-broda-fauna\/\" \/>\n<meta property=\"og:locale\" content=\"pl_PL\" \/>\n<meta property=\"og:type\" content=\"article\" \/>\n<meta property=\"og:title\" content=\"R\u00f3\u017ca Parkowa Broda Fauna\u00ae - R\u00f3\u017ce ogrodowe - Sklep Sobieszek producent\" \/>\n<meta property=\"og:description\" content=\"Kwiaty szybko nabieraj\u0105 lekko zielonkawej barwy. Znakomita i trwa\u0142a r\u00f3\u017ca do wazonu.\" \/>\n<meta property=\"og:url\" content=\"https:\/\/roza-sobieszek.pl\/sklep\/produkt\/roza-parkow-broda-fauna\/\" \/>\n<meta property=\"og:site_name\" content=\"R\u00f3\u017ce ogrodowe - Sklep Sobieszek producent\" \/>\n<meta property=\"article:publisher\" content=\"https:\/\/www.facebook.com\/profile.php?id=100063681485170\" \/>\n<meta property=\"article:modified_time\" content=\"2026-04-21T16:42:33+00:00\" \/>\n<meta property=\"og:image\" content=\"https:\/\/roza-sobieszek.pl\/sklep\/wp-content\/uploads\/2025\/09\/Zrzut-ekranu-2025-09-26-163410.png\" \/>\n\t<meta property=\"og:image:width\" content=\"689\" \/>\n\t<meta property=\"og:image:height\" content=\"752\" \/>\n\t<meta property=\"og:image:type\" content=\"image\/png\" \/>\n<meta name=\"twitter:card\" content=\"summary_large_image\" \/>\n<meta name=\"twitter:label1\" content=\"Szacowany czas czytania\" \/>\n\t<meta name=\"twitter:data1\" content=\"1 minuta\" \/>\n<script type=\"application\/ld+json\" class=\"yoast-schema-graph\">{\"@context\":\"https:\/\/schema.org\",\"@graph\":[{\"@type\":\"WebPage\",\"@id\":\"https:\/\/roza-sobieszek.pl\/sklep\/produkt\/roza-parkow-broda-fauna\/\",\"url\":\"https:\/\/roza-sobieszek.pl\/sklep\/produkt\/roza-parkow-broda-fauna\/\",\"name\":\"R\u00f3\u017ca Parkowa Broda Fauna\u00ae - R\u00f3\u017ce ogrodowe - Sklep Sobieszek producent\",\"isPartOf\":{\"@id\":\"https:\/\/roza-sobieszek.pl\/sklep\/#website\"},\"primaryImageOfPage\":{\"@id\":\"https:\/\/roza-sobieszek.pl\/sklep\/produkt\/roza-parkow-broda-fauna\/#primaryimage\"},\"image\":{\"@id\":\"https:\/\/roza-sobieszek.pl\/sklep\/produkt\/roza-parkow-broda-fauna\/#primaryimage\"},\"thumbnailUrl\":\"https:\/\/roza-sobieszek.pl\/sklep\/wp-content\/uploads\/2025\/09\/Zrzut-ekranu-2025-09-26-163410.png\",\"datePublished\":\"2025-09-26T14:26:08+00:00\",\"dateModified\":\"2026-04-21T16:42:33+00:00\",\"description\":\"Kwiaty szybko nabieraj\u0105 lekko zielonkawej barwy. Znakomita i trwa\u0142a r\u00f3\u017ca do wazonu.\",\"breadcrumb\":{\"@id\":\"https:\/\/roza-sobieszek.pl\/sklep\/produkt\/roza-parkow-broda-fauna\/#breadcrumb\"},\"inLanguage\":\"pl-PL\",\"potentialAction\":[{\"@type\":\"ReadAction\",\"target\":[\"https:\/\/roza-sobieszek.pl\/sklep\/produkt\/roza-parkow-broda-fauna\/\"]}]},{\"@type\":\"ImageObject\",\"inLanguage\":\"pl-PL\",\"@id\":\"https:\/\/roza-sobieszek.pl\/sklep\/produkt\/roza-parkow-broda-fauna\/#primaryimage\",\"url\":\"https:\/\/roza-sobieszek.pl\/sklep\/wp-content\/uploads\/2025\/09\/Zrzut-ekranu-2025-09-26-163410.png\",\"contentUrl\":\"https:\/\/roza-sobieszek.pl\/sklep\/wp-content\/uploads\/2025\/09\/Zrzut-ekranu-2025-09-26-163410.png\",\"width\":689,\"height\":752},{\"@type\":\"BreadcrumbList\",\"@id\":\"https:\/\/roza-sobieszek.pl\/sklep\/produkt\/roza-parkow-broda-fauna\/#breadcrumb\",\"itemListElement\":[{\"@type\":\"ListItem\",\"position\":1,\"name\":\"Strona g\u0142\u00f3wna\",\"item\":\"https:\/\/roza-sobieszek.pl\/sklep\/\"},{\"@type\":\"ListItem\",\"position\":2,\"name\":\"Shop\",\"item\":\"https:\/\/roza-sobieszek.pl\/sklep\/shop\/\"},{\"@type\":\"ListItem\",\"position\":3,\"name\":\"R\u00f3\u017ca Parkowa Broda Fauna\u00ae\"}]},{\"@type\":\"WebSite\",\"@id\":\"https:\/\/roza-sobieszek.pl\/sklep\/#website\",\"url\":\"https:\/\/roza-sobieszek.pl\/sklep\/\",\"name\":\"R\u00f3\u017ce ogrodowe - Sklep Sobieszek producent\",\"description\":\"\",\"publisher\":{\"@id\":\"https:\/\/roza-sobieszek.pl\/sklep\/#organization\"},\"potentialAction\":[{\"@type\":\"SearchAction\",\"target\":{\"@type\":\"EntryPoint\",\"urlTemplate\":\"https:\/\/roza-sobieszek.pl\/sklep\/?s={search_term_string}\"},\"query-input\":{\"@type\":\"PropertyValueSpecification\",\"valueRequired\":true,\"valueName\":\"search_term_string\"}}],\"inLanguage\":\"pl-PL\"},{\"@type\":\"Organization\",\"@id\":\"https:\/\/roza-sobieszek.pl\/sklep\/#organization\",\"name\":\"R\u00f3\u017ce ogrodowe - Sklep Sobieszek producent\",\"url\":\"https:\/\/roza-sobieszek.pl\/sklep\/\",\"logo\":{\"@type\":\"ImageObject\",\"inLanguage\":\"pl-PL\",\"@id\":\"https:\/\/roza-sobieszek.pl\/sklep\/#\/schema\/logo\/image\/\",\"url\":\"https:\/\/roza-sobieszek.pl\/sklep\/wp-content\/uploads\/2016\/08\/IMG_0358-1.jpg\",\"contentUrl\":\"https:\/\/roza-sobieszek.pl\/sklep\/wp-content\/uploads\/2016\/08\/IMG_0358-1.jpg\",\"width\":2048,\"height\":1365,\"caption\":\"R\u00f3\u017ce ogrodowe - Sklep Sobieszek producent\"},\"image\":{\"@id\":\"https:\/\/roza-sobieszek.pl\/sklep\/#\/schema\/logo\/image\/\"},\"sameAs\":[\"https:\/\/www.facebook.com\/profile.php?id=100063681485170\"]}]}<\/script>\n<!-- \/ Yoast SEO plugin. -->","yoast_head_json":{"title":"R\u00f3\u017ca Parkowa Broda Fauna\u00ae - R\u00f3\u017ce ogrodowe - Sklep Sobieszek producent","description":"Kwiaty szybko nabieraj\u0105 lekko zielonkawej barwy. Znakomita i trwa\u0142a r\u00f3\u017ca do wazonu.","robots":{"index":"index","follow":"follow","max-snippet":"max-snippet:-1","max-image-preview":"max-image-preview:large","max-video-preview":"max-video-preview:-1"},"canonical":"https:\/\/roza-sobieszek.pl\/sklep\/produkt\/roza-parkow-broda-fauna\/","og_locale":"pl_PL","og_type":"article","og_title":"R\u00f3\u017ca Parkowa Broda Fauna\u00ae - R\u00f3\u017ce ogrodowe - Sklep Sobieszek producent","og_description":"Kwiaty szybko nabieraj\u0105 lekko zielonkawej barwy. Znakomita i trwa\u0142a r\u00f3\u017ca do wazonu.","og_url":"https:\/\/roza-sobieszek.pl\/sklep\/produkt\/roza-parkow-broda-fauna\/","og_site_name":"R\u00f3\u017ce ogrodowe - Sklep Sobieszek producent","article_publisher":"https:\/\/www.facebook.com\/profile.php?id=100063681485170","article_modified_time":"2026-04-21T16:42:33+00:00","og_image":[{"width":689,"height":752,"url":"https:\/\/roza-sobieszek.pl\/sklep\/wp-content\/uploads\/2025\/09\/Zrzut-ekranu-2025-09-26-163410.png","type":"image\/png"}],"twitter_card":"summary_large_image","twitter_misc":{"Szacowany czas czytania":"1 minuta"},"schema":{"@context":"https:\/\/schema.org","@graph":[{"@type":"WebPage","@id":"https:\/\/roza-sobieszek.pl\/sklep\/produkt\/roza-parkow-broda-fauna\/","url":"https:\/\/roza-sobieszek.pl\/sklep\/produkt\/roza-parkow-broda-fauna\/","name":"R\u00f3\u017ca Parkowa Broda Fauna\u00ae - R\u00f3\u017ce ogrodowe - Sklep Sobieszek producent","isPartOf":{"@id":"https:\/\/roza-sobieszek.pl\/sklep\/#website"},"primaryImageOfPage":{"@id":"https:\/\/roza-sobieszek.pl\/sklep\/produkt\/roza-parkow-broda-fauna\/#primaryimage"},"image":{"@id":"https:\/\/roza-sobieszek.pl\/sklep\/produkt\/roza-parkow-broda-fauna\/#primaryimage"},"thumbnailUrl":"https:\/\/roza-sobieszek.pl\/sklep\/wp-content\/uploads\/2025\/09\/Zrzut-ekranu-2025-09-26-163410.png","datePublished":"2025-09-26T14:26:08+00:00","dateModified":"2026-04-21T16:42:33+00:00","description":"Kwiaty szybko nabieraj\u0105 lekko zielonkawej barwy. Znakomita i trwa\u0142a r\u00f3\u017ca do wazonu.","breadcrumb":{"@id":"https:\/\/roza-sobieszek.pl\/sklep\/produkt\/roza-parkow-broda-fauna\/#breadcrumb"},"inLanguage":"pl-PL","potentialAction":[{"@type":"ReadAction","target":["https:\/\/roza-sobieszek.pl\/sklep\/produkt\/roza-parkow-broda-fauna\/"]}]},{"@type":"ImageObject","inLanguage":"pl-PL","@id":"https:\/\/roza-sobieszek.pl\/sklep\/produkt\/roza-parkow-broda-fauna\/#primaryimage","url":"https:\/\/roza-sobieszek.pl\/sklep\/wp-content\/uploads\/2025\/09\/Zrzut-ekranu-2025-09-26-163410.png","contentUrl":"https:\/\/roza-sobieszek.pl\/sklep\/wp-content\/uploads\/2025\/09\/Zrzut-ekranu-2025-09-26-163410.png","width":689,"height":752},{"@type":"BreadcrumbList","@id":"https:\/\/roza-sobieszek.pl\/sklep\/produkt\/roza-parkow-broda-fauna\/#breadcrumb","itemListElement":[{"@type":"ListItem","position":1,"name":"Strona g\u0142\u00f3wna","item":"https:\/\/roza-sobieszek.pl\/sklep\/"},{"@type":"ListItem","position":2,"name":"Shop","item":"https:\/\/roza-sobieszek.pl\/sklep\/shop\/"},{"@type":"ListItem","position":3,"name":"R\u00f3\u017ca Parkowa Broda Fauna\u00ae"}]},{"@type":"WebSite","@id":"https:\/\/roza-sobieszek.pl\/sklep\/#website","url":"https:\/\/roza-sobieszek.pl\/sklep\/","name":"R\u00f3\u017ce ogrodowe - Sklep Sobieszek producent","description":"","publisher":{"@id":"https:\/\/roza-sobieszek.pl\/sklep\/#organization"},"potentialAction":[{"@type":"SearchAction","target":{"@type":"EntryPoint","urlTemplate":"https:\/\/roza-sobieszek.pl\/sklep\/?s={search_term_string}"},"query-input":{"@type":"PropertyValueSpecification","valueRequired":true,"valueName":"search_term_string"}}],"inLanguage":"pl-PL"},{"@type":"Organization","@id":"https:\/\/roza-sobieszek.pl\/sklep\/#organization","name":"R\u00f3\u017ce ogrodowe - Sklep Sobieszek producent","url":"https:\/\/roza-sobieszek.pl\/sklep\/","logo":{"@type":"ImageObject","inLanguage":"pl-PL","@id":"https:\/\/roza-sobieszek.pl\/sklep\/#\/schema\/logo\/image\/","url":"https:\/\/roza-sobieszek.pl\/sklep\/wp-content\/uploads\/2016\/08\/IMG_0358-1.jpg","contentUrl":"https:\/\/roza-sobieszek.pl\/sklep\/wp-content\/uploads\/2016\/08\/IMG_0358-1.jpg","width":2048,"height":1365,"caption":"R\u00f3\u017ce ogrodowe - Sklep Sobieszek producent"},"image":{"@id":"https:\/\/roza-sobieszek.pl\/sklep\/#\/schema\/logo\/image\/"},"sameAs":["https:\/\/www.facebook.com\/profile.php?id=100063681485170"]}]}},"_links":{"self":[{"href":"https:\/\/roza-sobieszek.pl\/sklep\/wp-json\/wp\/v2\/product\/22235"}],"collection":[{"href":"https:\/\/roza-sobieszek.pl\/sklep\/wp-json\/wp\/v2\/product"}],"about":[{"href":"https:\/\/roza-sobieszek.pl\/sklep\/wp-json\/wp\/v2\/types\/product"}],"replies":[{"embeddable":true,"href":"https:\/\/roza-sobieszek.pl\/sklep\/wp-json\/wp\/v2\/comments?post=22235"}],"wp:featuredmedia":[{"embeddable":true,"href":"https:\/\/roza-sobieszek.pl\/sklep\/wp-json\/wp\/v2\/media\/22238"}],"wp:attachment":[{"href":"https:\/\/roza-sobieszek.pl\/sklep\/wp-json\/wp\/v2\/media?parent=22235"}],"wp:term":[{"taxonomy":"product_brand","embeddable":true,"href":"https:\/\/roza-sobieszek.pl\/sklep\/wp-json\/wp\/v2\/product_brand?post=22235"},{"taxonomy":"product_cat","embeddable":true,"href":"https:\/\/roza-sobieszek.pl\/sklep\/wp-json\/wp\/v2\/product_cat?post=22235"},{"taxonomy":"product_tag","embeddable":true,"href":"https:\/\/roza-sobieszek.pl\/sklep\/wp-json\/wp\/v2\/product_tag?post=22235"}],"curies":[{"name":"wp","href":"https:\/\/api.w.org\/{rel}","templated":true}]}}