{"id":22342,"date":"2025-09-30T07:01:33","date_gmt":"2025-09-30T07:01:33","guid":{"rendered":"https:\/\/roza-sobieszek.pl\/sklep\/?post_type=product&#038;p=22342"},"modified":"2026-04-27T17:15:02","modified_gmt":"2026-04-27T17:15:02","slug":"roza-rabatowa-darling","status":"publish","type":"product","link":"https:\/\/roza-sobieszek.pl\/sklep\/produkt\/roza-rabatowa-darling\/","title":{"rendered":"R\u00f3\u017ca Rabatowe Darling\u00ae"},"content":{"rendered":"<h2>R\u00f3\u017ca Darling\u00ae<\/h2>\n<p data-start=\"144\" data-end=\"202\"><strong data-start=\"147\" data-end=\"202\">Darling\u00ae \u2013 zdobywczyni Z\u0142otej R\u00f3\u017cy Baden-Baden 2024<\/strong><\/p>\n<p data-start=\"204\" data-end=\"520\">Ta wyj\u0105tkowa r\u00f3\u017ca\u00a0 zachwyca nie tylko pi\u0119knym wygl\u0105dem, ale i wytrzyma\u0142o\u015bci\u0105. <strong data-start=\"292\" data-end=\"304\">Darling\u00ae<\/strong> to odmiana, kt\u00f3ra wprowadza do ogrodu romantyczny, nieco nostalgiczny klimat \u2013 dzi\u0119ki swoim <strong data-start=\"397\" data-end=\"455\">licznym kwiatom w odcieniach jasnego i jaskrawego r\u00f3\u017cu<\/strong>, kt\u00f3re pojawiaj\u0105 si\u0119 nieprzerwanie od lata a\u017c do p\u00f3\u017anej jesieni.<\/p>\n<p data-start=\"204\" data-end=\"520\">Kwiaty pi\u0119knie prezentuj\u0105 si\u0119 na tle <strong data-start=\"559\" data-end=\"591\">zdrowych, b\u0142yszcz\u0105cych li\u015bci<\/strong> w kolorze \u015brednio-ciemnej zieleni. M\u0142ode p\u0119dy maj\u0105 dodatkowo <strong data-start=\"653\" data-end=\"687\">dekoracyjny, czerwonawy odcie\u0144<\/strong>, co dodaje ro\u015blinie jeszcze wi\u0119cej uroku.<\/p>\n<p data-start=\"731\" data-end=\"1034\">R\u00f3\u017ca dorasta do wysoko\u015bci <strong data-start=\"757\" data-end=\"775\">oko\u0142o 80\u201390 cm<\/strong>, dzi\u0119ki czemu doskonale sprawdzi si\u0119 zar\u00f3wno w <strong data-start=\"823\" data-end=\"849\">wi\u0119kszych nasadzeniach<\/strong>, jak i na <strong data-start=\"860\" data-end=\"899\">niewielkich rabatach czy w donicach<\/strong> na balkonach i tarasach. Jej kwiaty s\u0105 r\u00f3wnie\u017c <strong data-start=\"947\" data-end=\"985\">atrakcyjne dla owad\u00f3w zapylaj\u0105cych<\/strong>, co czyni j\u0105 nie tylko pi\u0119kn\u0105, ale i po\u017cyteczn\u0105.<\/p>\n<h2><span style=\"border-radius: 2px; text-indent: 20px; width: auto; padding: 0px 4px 0px 0px; text-align: center; font: bold 11px\/20px 'Helvetica Neue',Helvetica,sans-serif; color: #ffffff; background: #bd081c no-repeat scroll 3px 50% \/ 14px 14px; position: absolute; opacity: 1; z-index: 8675309; display: none; cursor: pointer;\">Zapisz<\/span><\/h2>\n","protected":false},"excerpt":{"rendered":"<ul>\n<li>Nazwa: Darling\u00ae<\/li>\n<li>Kolor: jasnor\u00f3\u017cowy<\/li>\n<li>Wzrost: 80-90\u00a0 cm<\/li>\n<li>Wielko\u015b\u0107 kwiatu: ok 7 cm<\/li>\n<li>Zapach: lekki<\/li>\n<li>Odporno\u015b\u0107 na choroby:\u00a0 dobra<\/li>\n<li>Stanowisko: s\u0142oneczne<\/li>\n<li>Okres kwitnienia: VI \u2013 X<\/li>\n<li>Powtarza kwitnienie: tak<\/li>\n<li>Typ: r\u00f3\u017ca rabatowa<\/li>\n<li>Mrozoodporno\u015b\u0107: bardzo dobra<\/li>\n<\/ul>\n","protected":false},"featured_media":22346,"comment_status":"open","ping_status":"closed","template":"","meta":[],"product_brand":[],"product_cat":[290,229,199,155],"product_tag":[232,231,228,206,185],"yoast_head":"<!-- This site is optimized with the Yoast SEO plugin v23.5 - https:\/\/yoast.com\/wordpress\/plugins\/seo\/ -->\n<title>R\u00f3\u017ca Rabatowe Darling\u00ae - R\u00f3\u017ce ogrodowe - Sklep Sobieszek producent<\/title>\n<meta name=\"description\" content=\"Ta wyj\u0105tkowa r\u00f3\u017ca\u00a0 zachwyca nie tylko pi\u0119knym wygl\u0105dem, ale i wytrzyma\u0142o\u015bci\u0105. Darling\u00ae to odmiana, kt\u00f3ra wprowadza do ogrodu romantyczny, nieco nostalgiczny klimat \u2013 dzi\u0119ki swoim licznym kwiatom w odcieniach jasnego i jaskrawego r\u00f3\u017cu, kt\u00f3re pojawiaj\u0105 si\u0119 nieprzerwanie od lata a\u017c do p\u00f3\u017anej jesieni.\" \/>\n<meta name=\"robots\" content=\"index, follow, max-snippet:-1, max-image-preview:large, max-video-preview:-1\" \/>\n<link rel=\"canonical\" href=\"https:\/\/roza-sobieszek.pl\/sklep\/produkt\/roza-rabatowa-darling\/\" \/>\n<meta property=\"og:locale\" content=\"pl_PL\" \/>\n<meta property=\"og:type\" content=\"article\" \/>\n<meta property=\"og:title\" content=\"R\u00f3\u017ca Rabatowe Darling\u00ae - R\u00f3\u017ce ogrodowe - Sklep Sobieszek producent\" \/>\n<meta property=\"og:description\" content=\"Ta wyj\u0105tkowa r\u00f3\u017ca\u00a0 zachwyca nie tylko pi\u0119knym wygl\u0105dem, ale i wytrzyma\u0142o\u015bci\u0105. Darling\u00ae to odmiana, kt\u00f3ra wprowadza do ogrodu romantyczny, nieco nostalgiczny klimat \u2013 dzi\u0119ki swoim licznym kwiatom w odcieniach jasnego i jaskrawego r\u00f3\u017cu, kt\u00f3re pojawiaj\u0105 si\u0119 nieprzerwanie od lata a\u017c do p\u00f3\u017anej jesieni.\" \/>\n<meta property=\"og:url\" content=\"https:\/\/roza-sobieszek.pl\/sklep\/produkt\/roza-rabatowa-darling\/\" \/>\n<meta property=\"og:site_name\" content=\"R\u00f3\u017ce ogrodowe - Sklep Sobieszek producent\" \/>\n<meta property=\"article:publisher\" content=\"https:\/\/www.facebook.com\/profile.php?id=100063681485170\" \/>\n<meta property=\"article:modified_time\" content=\"2026-04-27T17:15:02+00:00\" \/>\n<meta property=\"og:image\" content=\"https:\/\/roza-sobieszek.pl\/sklep\/wp-content\/uploads\/2025\/09\/Darling_DSC_5676-1.jpg\" \/>\n\t<meta property=\"og:image:width\" content=\"1106\" \/>\n\t<meta property=\"og:image:height\" content=\"737\" \/>\n\t<meta property=\"og:image:type\" content=\"image\/jpeg\" \/>\n<meta name=\"twitter:card\" content=\"summary_large_image\" \/>\n<meta name=\"twitter:label1\" content=\"Szacowany czas czytania\" \/>\n\t<meta name=\"twitter:data1\" content=\"1 minuta\" \/>\n<script type=\"application\/ld+json\" class=\"yoast-schema-graph\">{\"@context\":\"https:\/\/schema.org\",\"@graph\":[{\"@type\":\"WebPage\",\"@id\":\"https:\/\/roza-sobieszek.pl\/sklep\/produkt\/roza-rabatowa-darling\/\",\"url\":\"https:\/\/roza-sobieszek.pl\/sklep\/produkt\/roza-rabatowa-darling\/\",\"name\":\"R\u00f3\u017ca Rabatowe Darling\u00ae - R\u00f3\u017ce ogrodowe - Sklep Sobieszek producent\",\"isPartOf\":{\"@id\":\"https:\/\/roza-sobieszek.pl\/sklep\/#website\"},\"primaryImageOfPage\":{\"@id\":\"https:\/\/roza-sobieszek.pl\/sklep\/produkt\/roza-rabatowa-darling\/#primaryimage\"},\"image\":{\"@id\":\"https:\/\/roza-sobieszek.pl\/sklep\/produkt\/roza-rabatowa-darling\/#primaryimage\"},\"thumbnailUrl\":\"https:\/\/roza-sobieszek.pl\/sklep\/wp-content\/uploads\/2025\/09\/Darling_DSC_5676-1.jpg\",\"datePublished\":\"2025-09-30T07:01:33+00:00\",\"dateModified\":\"2026-04-27T17:15:02+00:00\",\"description\":\"Ta wyj\u0105tkowa r\u00f3\u017ca\u00a0 zachwyca nie tylko pi\u0119knym wygl\u0105dem, ale i wytrzyma\u0142o\u015bci\u0105. Darling\u00ae to odmiana, kt\u00f3ra wprowadza do ogrodu romantyczny, nieco nostalgiczny klimat \u2013 dzi\u0119ki swoim licznym kwiatom w odcieniach jasnego i jaskrawego r\u00f3\u017cu, kt\u00f3re pojawiaj\u0105 si\u0119 nieprzerwanie od lata a\u017c do p\u00f3\u017anej jesieni.\",\"breadcrumb\":{\"@id\":\"https:\/\/roza-sobieszek.pl\/sklep\/produkt\/roza-rabatowa-darling\/#breadcrumb\"},\"inLanguage\":\"pl-PL\",\"potentialAction\":[{\"@type\":\"ReadAction\",\"target\":[\"https:\/\/roza-sobieszek.pl\/sklep\/produkt\/roza-rabatowa-darling\/\"]}]},{\"@type\":\"ImageObject\",\"inLanguage\":\"pl-PL\",\"@id\":\"https:\/\/roza-sobieszek.pl\/sklep\/produkt\/roza-rabatowa-darling\/#primaryimage\",\"url\":\"https:\/\/roza-sobieszek.pl\/sklep\/wp-content\/uploads\/2025\/09\/Darling_DSC_5676-1.jpg\",\"contentUrl\":\"https:\/\/roza-sobieszek.pl\/sklep\/wp-content\/uploads\/2025\/09\/Darling_DSC_5676-1.jpg\",\"width\":1106,\"height\":737},{\"@type\":\"BreadcrumbList\",\"@id\":\"https:\/\/roza-sobieszek.pl\/sklep\/produkt\/roza-rabatowa-darling\/#breadcrumb\",\"itemListElement\":[{\"@type\":\"ListItem\",\"position\":1,\"name\":\"Strona g\u0142\u00f3wna\",\"item\":\"https:\/\/roza-sobieszek.pl\/sklep\/\"},{\"@type\":\"ListItem\",\"position\":2,\"name\":\"Shop\",\"item\":\"https:\/\/roza-sobieszek.pl\/sklep\/shop\/\"},{\"@type\":\"ListItem\",\"position\":3,\"name\":\"R\u00f3\u017ca Rabatowe Darling\u00ae\"}]},{\"@type\":\"WebSite\",\"@id\":\"https:\/\/roza-sobieszek.pl\/sklep\/#website\",\"url\":\"https:\/\/roza-sobieszek.pl\/sklep\/\",\"name\":\"R\u00f3\u017ce ogrodowe - Sklep Sobieszek producent\",\"description\":\"\",\"publisher\":{\"@id\":\"https:\/\/roza-sobieszek.pl\/sklep\/#organization\"},\"potentialAction\":[{\"@type\":\"SearchAction\",\"target\":{\"@type\":\"EntryPoint\",\"urlTemplate\":\"https:\/\/roza-sobieszek.pl\/sklep\/?s={search_term_string}\"},\"query-input\":{\"@type\":\"PropertyValueSpecification\",\"valueRequired\":true,\"valueName\":\"search_term_string\"}}],\"inLanguage\":\"pl-PL\"},{\"@type\":\"Organization\",\"@id\":\"https:\/\/roza-sobieszek.pl\/sklep\/#organization\",\"name\":\"R\u00f3\u017ce ogrodowe - Sklep Sobieszek producent\",\"url\":\"https:\/\/roza-sobieszek.pl\/sklep\/\",\"logo\":{\"@type\":\"ImageObject\",\"inLanguage\":\"pl-PL\",\"@id\":\"https:\/\/roza-sobieszek.pl\/sklep\/#\/schema\/logo\/image\/\",\"url\":\"https:\/\/roza-sobieszek.pl\/sklep\/wp-content\/uploads\/2016\/08\/IMG_0358-1.jpg\",\"contentUrl\":\"https:\/\/roza-sobieszek.pl\/sklep\/wp-content\/uploads\/2016\/08\/IMG_0358-1.jpg\",\"width\":2048,\"height\":1365,\"caption\":\"R\u00f3\u017ce ogrodowe - Sklep Sobieszek producent\"},\"image\":{\"@id\":\"https:\/\/roza-sobieszek.pl\/sklep\/#\/schema\/logo\/image\/\"},\"sameAs\":[\"https:\/\/www.facebook.com\/profile.php?id=100063681485170\"]}]}<\/script>\n<!-- \/ Yoast SEO plugin. -->","yoast_head_json":{"title":"R\u00f3\u017ca Rabatowe Darling\u00ae - R\u00f3\u017ce ogrodowe - Sklep Sobieszek producent","description":"Ta wyj\u0105tkowa r\u00f3\u017ca\u00a0 zachwyca nie tylko pi\u0119knym wygl\u0105dem, ale i wytrzyma\u0142o\u015bci\u0105. Darling\u00ae to odmiana, kt\u00f3ra wprowadza do ogrodu romantyczny, nieco nostalgiczny klimat \u2013 dzi\u0119ki swoim licznym kwiatom w odcieniach jasnego i jaskrawego r\u00f3\u017cu, kt\u00f3re pojawiaj\u0105 si\u0119 nieprzerwanie od lata a\u017c do p\u00f3\u017anej jesieni.","robots":{"index":"index","follow":"follow","max-snippet":"max-snippet:-1","max-image-preview":"max-image-preview:large","max-video-preview":"max-video-preview:-1"},"canonical":"https:\/\/roza-sobieszek.pl\/sklep\/produkt\/roza-rabatowa-darling\/","og_locale":"pl_PL","og_type":"article","og_title":"R\u00f3\u017ca Rabatowe Darling\u00ae - R\u00f3\u017ce ogrodowe - Sklep Sobieszek producent","og_description":"Ta wyj\u0105tkowa r\u00f3\u017ca\u00a0 zachwyca nie tylko pi\u0119knym wygl\u0105dem, ale i wytrzyma\u0142o\u015bci\u0105. Darling\u00ae to odmiana, kt\u00f3ra wprowadza do ogrodu romantyczny, nieco nostalgiczny klimat \u2013 dzi\u0119ki swoim licznym kwiatom w odcieniach jasnego i jaskrawego r\u00f3\u017cu, kt\u00f3re pojawiaj\u0105 si\u0119 nieprzerwanie od lata a\u017c do p\u00f3\u017anej jesieni.","og_url":"https:\/\/roza-sobieszek.pl\/sklep\/produkt\/roza-rabatowa-darling\/","og_site_name":"R\u00f3\u017ce ogrodowe - Sklep Sobieszek producent","article_publisher":"https:\/\/www.facebook.com\/profile.php?id=100063681485170","article_modified_time":"2026-04-27T17:15:02+00:00","og_image":[{"width":1106,"height":737,"url":"https:\/\/roza-sobieszek.pl\/sklep\/wp-content\/uploads\/2025\/09\/Darling_DSC_5676-1.jpg","type":"image\/jpeg"}],"twitter_card":"summary_large_image","twitter_misc":{"Szacowany czas czytania":"1 minuta"},"schema":{"@context":"https:\/\/schema.org","@graph":[{"@type":"WebPage","@id":"https:\/\/roza-sobieszek.pl\/sklep\/produkt\/roza-rabatowa-darling\/","url":"https:\/\/roza-sobieszek.pl\/sklep\/produkt\/roza-rabatowa-darling\/","name":"R\u00f3\u017ca Rabatowe Darling\u00ae - R\u00f3\u017ce ogrodowe - Sklep Sobieszek producent","isPartOf":{"@id":"https:\/\/roza-sobieszek.pl\/sklep\/#website"},"primaryImageOfPage":{"@id":"https:\/\/roza-sobieszek.pl\/sklep\/produkt\/roza-rabatowa-darling\/#primaryimage"},"image":{"@id":"https:\/\/roza-sobieszek.pl\/sklep\/produkt\/roza-rabatowa-darling\/#primaryimage"},"thumbnailUrl":"https:\/\/roza-sobieszek.pl\/sklep\/wp-content\/uploads\/2025\/09\/Darling_DSC_5676-1.jpg","datePublished":"2025-09-30T07:01:33+00:00","dateModified":"2026-04-27T17:15:02+00:00","description":"Ta wyj\u0105tkowa r\u00f3\u017ca\u00a0 zachwyca nie tylko pi\u0119knym wygl\u0105dem, ale i wytrzyma\u0142o\u015bci\u0105. Darling\u00ae to odmiana, kt\u00f3ra wprowadza do ogrodu romantyczny, nieco nostalgiczny klimat \u2013 dzi\u0119ki swoim licznym kwiatom w odcieniach jasnego i jaskrawego r\u00f3\u017cu, kt\u00f3re pojawiaj\u0105 si\u0119 nieprzerwanie od lata a\u017c do p\u00f3\u017anej jesieni.","breadcrumb":{"@id":"https:\/\/roza-sobieszek.pl\/sklep\/produkt\/roza-rabatowa-darling\/#breadcrumb"},"inLanguage":"pl-PL","potentialAction":[{"@type":"ReadAction","target":["https:\/\/roza-sobieszek.pl\/sklep\/produkt\/roza-rabatowa-darling\/"]}]},{"@type":"ImageObject","inLanguage":"pl-PL","@id":"https:\/\/roza-sobieszek.pl\/sklep\/produkt\/roza-rabatowa-darling\/#primaryimage","url":"https:\/\/roza-sobieszek.pl\/sklep\/wp-content\/uploads\/2025\/09\/Darling_DSC_5676-1.jpg","contentUrl":"https:\/\/roza-sobieszek.pl\/sklep\/wp-content\/uploads\/2025\/09\/Darling_DSC_5676-1.jpg","width":1106,"height":737},{"@type":"BreadcrumbList","@id":"https:\/\/roza-sobieszek.pl\/sklep\/produkt\/roza-rabatowa-darling\/#breadcrumb","itemListElement":[{"@type":"ListItem","position":1,"name":"Strona g\u0142\u00f3wna","item":"https:\/\/roza-sobieszek.pl\/sklep\/"},{"@type":"ListItem","position":2,"name":"Shop","item":"https:\/\/roza-sobieszek.pl\/sklep\/shop\/"},{"@type":"ListItem","position":3,"name":"R\u00f3\u017ca Rabatowe Darling\u00ae"}]},{"@type":"WebSite","@id":"https:\/\/roza-sobieszek.pl\/sklep\/#website","url":"https:\/\/roza-sobieszek.pl\/sklep\/","name":"R\u00f3\u017ce ogrodowe - Sklep Sobieszek producent","description":"","publisher":{"@id":"https:\/\/roza-sobieszek.pl\/sklep\/#organization"},"potentialAction":[{"@type":"SearchAction","target":{"@type":"EntryPoint","urlTemplate":"https:\/\/roza-sobieszek.pl\/sklep\/?s={search_term_string}"},"query-input":{"@type":"PropertyValueSpecification","valueRequired":true,"valueName":"search_term_string"}}],"inLanguage":"pl-PL"},{"@type":"Organization","@id":"https:\/\/roza-sobieszek.pl\/sklep\/#organization","name":"R\u00f3\u017ce ogrodowe - Sklep Sobieszek producent","url":"https:\/\/roza-sobieszek.pl\/sklep\/","logo":{"@type":"ImageObject","inLanguage":"pl-PL","@id":"https:\/\/roza-sobieszek.pl\/sklep\/#\/schema\/logo\/image\/","url":"https:\/\/roza-sobieszek.pl\/sklep\/wp-content\/uploads\/2016\/08\/IMG_0358-1.jpg","contentUrl":"https:\/\/roza-sobieszek.pl\/sklep\/wp-content\/uploads\/2016\/08\/IMG_0358-1.jpg","width":2048,"height":1365,"caption":"R\u00f3\u017ce ogrodowe - Sklep Sobieszek producent"},"image":{"@id":"https:\/\/roza-sobieszek.pl\/sklep\/#\/schema\/logo\/image\/"},"sameAs":["https:\/\/www.facebook.com\/profile.php?id=100063681485170"]}]}},"_links":{"self":[{"href":"https:\/\/roza-sobieszek.pl\/sklep\/wp-json\/wp\/v2\/product\/22342"}],"collection":[{"href":"https:\/\/roza-sobieszek.pl\/sklep\/wp-json\/wp\/v2\/product"}],"about":[{"href":"https:\/\/roza-sobieszek.pl\/sklep\/wp-json\/wp\/v2\/types\/product"}],"replies":[{"embeddable":true,"href":"https:\/\/roza-sobieszek.pl\/sklep\/wp-json\/wp\/v2\/comments?post=22342"}],"wp:featuredmedia":[{"embeddable":true,"href":"https:\/\/roza-sobieszek.pl\/sklep\/wp-json\/wp\/v2\/media\/22346"}],"wp:attachment":[{"href":"https:\/\/roza-sobieszek.pl\/sklep\/wp-json\/wp\/v2\/media?parent=22342"}],"wp:term":[{"taxonomy":"product_brand","embeddable":true,"href":"https:\/\/roza-sobieszek.pl\/sklep\/wp-json\/wp\/v2\/product_brand?post=22342"},{"taxonomy":"product_cat","embeddable":true,"href":"https:\/\/roza-sobieszek.pl\/sklep\/wp-json\/wp\/v2\/product_cat?post=22342"},{"taxonomy":"product_tag","embeddable":true,"href":"https:\/\/roza-sobieszek.pl\/sklep\/wp-json\/wp\/v2\/product_tag?post=22342"}],"curies":[{"name":"wp","href":"https:\/\/api.w.org\/{rel}","templated":true}]}}