{"id":22798,"date":"2026-01-13T08:32:44","date_gmt":"2026-01-13T08:32:44","guid":{"rendered":"https:\/\/roza-sobieszek.pl\/sklep\/?post_type=product&#038;p=22798"},"modified":"2026-04-09T00:18:12","modified_gmt":"2026-04-09T00:18:12","slug":"roza-pnaca-david-hockney","status":"publish","type":"product","link":"https:\/\/roza-sobieszek.pl\/sklep\/produkt\/roza-pnaca-david-hockney\/","title":{"rendered":"R\u00f3\u017ca Pn\u0105ca DAVID HOCKNEY \u00ae Meibritty"},"content":{"rendered":"<h2><strong>R\u00f3\u017ca <\/strong><span dir=\"auto\">DAVID HOCKNEY \u00ae Meibritty<\/span><\/h2>\n<p>.<\/p>\n<p data-start=\"15\" data-end=\"142\"><strong data-start=\"15\" data-end=\"33\">David Hockney\u00ae<\/strong> to <strong data-start=\"37\" data-end=\"53\">odmiana r\u00f3\u017cy<\/strong>, ceniona za sw\u00f3j nowoczesny i dekoracyjny wygl\u0105d. R\u00f3\u017ca <strong data-start=\"149\" data-end=\"167\">David Hockney\u00ae<\/strong> wyr\u00f3\u017cnia si\u0119 <strong data-start=\"181\" data-end=\"209\">du\u017cymi, pe\u0142nymi kwiatami<\/strong> o intensywnej, nasyconej barwie \u2013 najcz\u0119\u015bciej w odcieniach <strong data-start=\"269\" data-end=\"305\">r\u00f3\u017cu, malinowego lub purpurowego<\/strong>, cz\u0119sto z delikatnymi przej\u015bciami kolorystycznymi. P\u0142atki s\u0105 g\u0119sto u\u0142o\u017cone, co nadaje kwiatom elegancki, artystyczny charakter.<\/p>\n<p data-start=\"435\" data-end=\"738\">Krzew ro\u015bnie <strong data-start=\"448\" data-end=\"467\">zdrowo i bujnie<\/strong>, osi\u0105gaj\u0105c \u015bredni\u0105 wysoko\u015b\u0107, dzi\u0119ki czemu dobrze sprawdza si\u0119 zar\u00f3wno w ogrodach przydomowych, jak i w nasadzeniach reprezentacyjnych. Odmiana ta charakteryzuje si\u0119 <strong data-start=\"633\" data-end=\"665\">dobr\u0105 odporno\u015bci\u0105 na choroby<\/strong> oraz <strong data-start=\"671\" data-end=\"703\">d\u0142ugim i obfitym kwitnieniem<\/strong>, powtarzaj\u0105cym si\u0119 w ci\u0105gu sezonu.<\/p>\n<p data-start=\"740\" data-end=\"790\">R\u00f3\u017ca <strong data-start=\"745\" data-end=\"763\">David Hockney\u00ae<\/strong> jest ch\u0119tnie wybierana do:<\/p>\n<ul data-start=\"791\" data-end=\"906\">\n<li data-start=\"791\" data-end=\"812\">\n<p data-start=\"793\" data-end=\"812\">ogrod\u00f3w ozdobnych<\/p>\n<\/li>\n<li data-start=\"813\" data-end=\"831\">\n<p data-start=\"815\" data-end=\"831\">rabat r\u00f3\u017canych<\/p>\n<\/li>\n<li data-start=\"832\" data-end=\"861\">\n<p data-start=\"834\" data-end=\"861\">kompozycji florystycznych<\/p>\n<\/li>\n<li data-start=\"862\" data-end=\"906\">\n<p data-start=\"864\" data-end=\"906\">nasadze\u0144 nowoczesnych i kolekcjonerskich<\/p>\n<\/li>\n<\/ul>\n<p><span style=\"border-radius: 2px; text-indent: 20px; width: auto; padding: 0px 4px 0px 0px; text-align: center; font: bold 11px\/20px 'Helvetica Neue',Helvetica,sans-serif; color: #ffffff; background: #bd081c no-repeat scroll 3px 50% \/ 14px 14px; position: absolute; opacity: 1; z-index: 8675309; display: none; cursor: pointer;\">Zapisz<\/span><\/p>\n","protected":false},"excerpt":{"rendered":"<p>R\u00f3\u017ca Pn\u0105ca David Hockney\u00ae Meibritty<\/p>\n<ul>\n<li>Nazwa: David Hockney\u00ae Meibritty<\/li>\n<li>Kolor: r\u00f3\u017cowo-malinowa<\/li>\n<li>Wzrost: 150-200 cm<\/li>\n<li>Wielko\u015b\u0107 kwiatu: 8 cm<\/li>\n<li>Zapach: wyczuwalny<\/li>\n<li>Odporno\u015b\u0107 na choroby: bardzo dobra<\/li>\n<li>Stanowisko: s\u0142oneczne<\/li>\n<li>Okres kwitnienia: VI \u2013 IX<\/li>\n<li>Powtarza kwitnienie: tak<\/li>\n<li>Typ: pn\u0105ca<\/li>\n<\/ul>\n","protected":false},"featured_media":22811,"comment_status":"open","ping_status":"closed","template":"","meta":[],"product_brand":[296],"product_cat":[290,295,157],"product_tag":[251,297],"yoast_head":"<!-- This site is optimized with the Yoast SEO plugin v23.5 - https:\/\/yoast.com\/wordpress\/plugins\/seo\/ -->\n<title>R\u00f3\u017ca Pn\u0105ca DAVID HOCKNEY \u00ae Meibritty - R\u00f3\u017ce ogrodowe - Sklep Sobieszek producent<\/title>\n<meta name=\"description\" content=\"R\u00f3\u017ca David Hockney\u00ae \u2013 wyj\u0105tkowa odmiana r\u00f3\u017cy ogrodowej o du\u017cych, pe\u0142nych kwiatach w intensywnych odcieniach r\u00f3\u017cu i malinowego. R\u00f3\u017ca wielokrotnie kwitn\u0105ca, zachwyca obfitym kwitnieniem od wiosny do jesieni. Tworzy zdrowe, silnie rosn\u0105ce krzewy o dobrej odporno\u015bci na choroby.\" \/>\n<meta name=\"robots\" content=\"index, follow, max-snippet:-1, max-image-preview:large, max-video-preview:-1\" \/>\n<link rel=\"canonical\" href=\"https:\/\/roza-sobieszek.pl\/sklep\/produkt\/roza-pnaca-david-hockney\/\" \/>\n<meta property=\"og:locale\" content=\"pl_PL\" \/>\n<meta property=\"og:type\" content=\"article\" \/>\n<meta property=\"og:title\" content=\"R\u00f3\u017ca Pn\u0105ca DAVID HOCKNEY \u00ae Meibritty - R\u00f3\u017ce ogrodowe - Sklep Sobieszek producent\" \/>\n<meta property=\"og:description\" content=\"R\u00f3\u017ca David Hockney\u00ae \u2013 wyj\u0105tkowa odmiana r\u00f3\u017cy ogrodowej o du\u017cych, pe\u0142nych kwiatach w intensywnych odcieniach r\u00f3\u017cu i malinowego. R\u00f3\u017ca wielokrotnie kwitn\u0105ca, zachwyca obfitym kwitnieniem od wiosny do jesieni. Tworzy zdrowe, silnie rosn\u0105ce krzewy o dobrej odporno\u015bci na choroby.\" \/>\n<meta property=\"og:url\" content=\"https:\/\/roza-sobieszek.pl\/sklep\/produkt\/roza-pnaca-david-hockney\/\" \/>\n<meta property=\"og:site_name\" content=\"R\u00f3\u017ce ogrodowe - Sklep Sobieszek producent\" \/>\n<meta property=\"article:publisher\" content=\"https:\/\/www.facebook.com\/profile.php?id=100063681485170\" \/>\n<meta property=\"article:modified_time\" content=\"2026-04-09T00:18:12+00:00\" \/>\n<meta property=\"og:image\" content=\"https:\/\/roza-sobieszek.pl\/sklep\/wp-content\/uploads\/2026\/01\/Meibritty-DAVID-HOCKNEY\u00ae-683x1024.jpg\" \/>\n\t<meta property=\"og:image:width\" content=\"683\" \/>\n\t<meta property=\"og:image:height\" content=\"1024\" \/>\n\t<meta property=\"og:image:type\" content=\"image\/jpeg\" \/>\n<meta name=\"twitter:card\" content=\"summary_large_image\" \/>\n<meta name=\"twitter:label1\" content=\"Szacowany czas czytania\" \/>\n\t<meta name=\"twitter:data1\" content=\"1 minuta\" \/>\n<script type=\"application\/ld+json\" class=\"yoast-schema-graph\">{\"@context\":\"https:\/\/schema.org\",\"@graph\":[{\"@type\":\"WebPage\",\"@id\":\"https:\/\/roza-sobieszek.pl\/sklep\/produkt\/roza-pnaca-david-hockney\/\",\"url\":\"https:\/\/roza-sobieszek.pl\/sklep\/produkt\/roza-pnaca-david-hockney\/\",\"name\":\"R\u00f3\u017ca Pn\u0105ca DAVID HOCKNEY \u00ae Meibritty - R\u00f3\u017ce ogrodowe - Sklep Sobieszek producent\",\"isPartOf\":{\"@id\":\"https:\/\/roza-sobieszek.pl\/sklep\/#website\"},\"primaryImageOfPage\":{\"@id\":\"https:\/\/roza-sobieszek.pl\/sklep\/produkt\/roza-pnaca-david-hockney\/#primaryimage\"},\"image\":{\"@id\":\"https:\/\/roza-sobieszek.pl\/sklep\/produkt\/roza-pnaca-david-hockney\/#primaryimage\"},\"thumbnailUrl\":\"https:\/\/roza-sobieszek.pl\/sklep\/wp-content\/uploads\/2026\/01\/Meibritty-DAVID-HOCKNEY\u00ae.jpg\",\"datePublished\":\"2026-01-13T08:32:44+00:00\",\"dateModified\":\"2026-04-09T00:18:12+00:00\",\"description\":\"R\u00f3\u017ca David Hockney\u00ae \u2013 wyj\u0105tkowa odmiana r\u00f3\u017cy ogrodowej o du\u017cych, pe\u0142nych kwiatach w intensywnych odcieniach r\u00f3\u017cu i malinowego. R\u00f3\u017ca wielokrotnie kwitn\u0105ca, zachwyca obfitym kwitnieniem od wiosny do jesieni. Tworzy zdrowe, silnie rosn\u0105ce krzewy o dobrej odporno\u015bci na choroby.\",\"breadcrumb\":{\"@id\":\"https:\/\/roza-sobieszek.pl\/sklep\/produkt\/roza-pnaca-david-hockney\/#breadcrumb\"},\"inLanguage\":\"pl-PL\",\"potentialAction\":[{\"@type\":\"ReadAction\",\"target\":[\"https:\/\/roza-sobieszek.pl\/sklep\/produkt\/roza-pnaca-david-hockney\/\"]}]},{\"@type\":\"ImageObject\",\"inLanguage\":\"pl-PL\",\"@id\":\"https:\/\/roza-sobieszek.pl\/sklep\/produkt\/roza-pnaca-david-hockney\/#primaryimage\",\"url\":\"https:\/\/roza-sobieszek.pl\/sklep\/wp-content\/uploads\/2026\/01\/Meibritty-DAVID-HOCKNEY\u00ae.jpg\",\"contentUrl\":\"https:\/\/roza-sobieszek.pl\/sklep\/wp-content\/uploads\/2026\/01\/Meibritty-DAVID-HOCKNEY\u00ae.jpg\",\"width\":4160,\"height\":6240},{\"@type\":\"BreadcrumbList\",\"@id\":\"https:\/\/roza-sobieszek.pl\/sklep\/produkt\/roza-pnaca-david-hockney\/#breadcrumb\",\"itemListElement\":[{\"@type\":\"ListItem\",\"position\":1,\"name\":\"Strona g\u0142\u00f3wna\",\"item\":\"https:\/\/roza-sobieszek.pl\/sklep\/\"},{\"@type\":\"ListItem\",\"position\":2,\"name\":\"Shop\",\"item\":\"https:\/\/roza-sobieszek.pl\/sklep\/shop\/\"},{\"@type\":\"ListItem\",\"position\":3,\"name\":\"R\u00f3\u017ca Pn\u0105ca DAVID HOCKNEY \u00ae Meibritty\"}]},{\"@type\":\"WebSite\",\"@id\":\"https:\/\/roza-sobieszek.pl\/sklep\/#website\",\"url\":\"https:\/\/roza-sobieszek.pl\/sklep\/\",\"name\":\"R\u00f3\u017ce ogrodowe - Sklep Sobieszek producent\",\"description\":\"\",\"publisher\":{\"@id\":\"https:\/\/roza-sobieszek.pl\/sklep\/#organization\"},\"potentialAction\":[{\"@type\":\"SearchAction\",\"target\":{\"@type\":\"EntryPoint\",\"urlTemplate\":\"https:\/\/roza-sobieszek.pl\/sklep\/?s={search_term_string}\"},\"query-input\":{\"@type\":\"PropertyValueSpecification\",\"valueRequired\":true,\"valueName\":\"search_term_string\"}}],\"inLanguage\":\"pl-PL\"},{\"@type\":\"Organization\",\"@id\":\"https:\/\/roza-sobieszek.pl\/sklep\/#organization\",\"name\":\"R\u00f3\u017ce ogrodowe - Sklep Sobieszek producent\",\"url\":\"https:\/\/roza-sobieszek.pl\/sklep\/\",\"logo\":{\"@type\":\"ImageObject\",\"inLanguage\":\"pl-PL\",\"@id\":\"https:\/\/roza-sobieszek.pl\/sklep\/#\/schema\/logo\/image\/\",\"url\":\"https:\/\/roza-sobieszek.pl\/sklep\/wp-content\/uploads\/2016\/08\/IMG_0358-1.jpg\",\"contentUrl\":\"https:\/\/roza-sobieszek.pl\/sklep\/wp-content\/uploads\/2016\/08\/IMG_0358-1.jpg\",\"width\":2048,\"height\":1365,\"caption\":\"R\u00f3\u017ce ogrodowe - Sklep Sobieszek producent\"},\"image\":{\"@id\":\"https:\/\/roza-sobieszek.pl\/sklep\/#\/schema\/logo\/image\/\"},\"sameAs\":[\"https:\/\/www.facebook.com\/profile.php?id=100063681485170\"]}]}<\/script>\n<!-- \/ Yoast SEO plugin. -->","yoast_head_json":{"title":"R\u00f3\u017ca Pn\u0105ca DAVID HOCKNEY \u00ae Meibritty - R\u00f3\u017ce ogrodowe - Sklep Sobieszek producent","description":"R\u00f3\u017ca David Hockney\u00ae \u2013 wyj\u0105tkowa odmiana r\u00f3\u017cy ogrodowej o du\u017cych, pe\u0142nych kwiatach w intensywnych odcieniach r\u00f3\u017cu i malinowego. R\u00f3\u017ca wielokrotnie kwitn\u0105ca, zachwyca obfitym kwitnieniem od wiosny do jesieni. Tworzy zdrowe, silnie rosn\u0105ce krzewy o dobrej odporno\u015bci na choroby.","robots":{"index":"index","follow":"follow","max-snippet":"max-snippet:-1","max-image-preview":"max-image-preview:large","max-video-preview":"max-video-preview:-1"},"canonical":"https:\/\/roza-sobieszek.pl\/sklep\/produkt\/roza-pnaca-david-hockney\/","og_locale":"pl_PL","og_type":"article","og_title":"R\u00f3\u017ca Pn\u0105ca DAVID HOCKNEY \u00ae Meibritty - R\u00f3\u017ce ogrodowe - Sklep Sobieszek producent","og_description":"R\u00f3\u017ca David Hockney\u00ae \u2013 wyj\u0105tkowa odmiana r\u00f3\u017cy ogrodowej o du\u017cych, pe\u0142nych kwiatach w intensywnych odcieniach r\u00f3\u017cu i malinowego. R\u00f3\u017ca wielokrotnie kwitn\u0105ca, zachwyca obfitym kwitnieniem od wiosny do jesieni. Tworzy zdrowe, silnie rosn\u0105ce krzewy o dobrej odporno\u015bci na choroby.","og_url":"https:\/\/roza-sobieszek.pl\/sklep\/produkt\/roza-pnaca-david-hockney\/","og_site_name":"R\u00f3\u017ce ogrodowe - Sklep Sobieszek producent","article_publisher":"https:\/\/www.facebook.com\/profile.php?id=100063681485170","article_modified_time":"2026-04-09T00:18:12+00:00","og_image":[{"width":683,"height":1024,"url":"https:\/\/roza-sobieszek.pl\/sklep\/wp-content\/uploads\/2026\/01\/Meibritty-DAVID-HOCKNEY\u00ae-683x1024.jpg","type":"image\/jpeg"}],"twitter_card":"summary_large_image","twitter_misc":{"Szacowany czas czytania":"1 minuta"},"schema":{"@context":"https:\/\/schema.org","@graph":[{"@type":"WebPage","@id":"https:\/\/roza-sobieszek.pl\/sklep\/produkt\/roza-pnaca-david-hockney\/","url":"https:\/\/roza-sobieszek.pl\/sklep\/produkt\/roza-pnaca-david-hockney\/","name":"R\u00f3\u017ca Pn\u0105ca DAVID HOCKNEY \u00ae Meibritty - R\u00f3\u017ce ogrodowe - Sklep Sobieszek producent","isPartOf":{"@id":"https:\/\/roza-sobieszek.pl\/sklep\/#website"},"primaryImageOfPage":{"@id":"https:\/\/roza-sobieszek.pl\/sklep\/produkt\/roza-pnaca-david-hockney\/#primaryimage"},"image":{"@id":"https:\/\/roza-sobieszek.pl\/sklep\/produkt\/roza-pnaca-david-hockney\/#primaryimage"},"thumbnailUrl":"https:\/\/roza-sobieszek.pl\/sklep\/wp-content\/uploads\/2026\/01\/Meibritty-DAVID-HOCKNEY\u00ae.jpg","datePublished":"2026-01-13T08:32:44+00:00","dateModified":"2026-04-09T00:18:12+00:00","description":"R\u00f3\u017ca David Hockney\u00ae \u2013 wyj\u0105tkowa odmiana r\u00f3\u017cy ogrodowej o du\u017cych, pe\u0142nych kwiatach w intensywnych odcieniach r\u00f3\u017cu i malinowego. R\u00f3\u017ca wielokrotnie kwitn\u0105ca, zachwyca obfitym kwitnieniem od wiosny do jesieni. Tworzy zdrowe, silnie rosn\u0105ce krzewy o dobrej odporno\u015bci na choroby.","breadcrumb":{"@id":"https:\/\/roza-sobieszek.pl\/sklep\/produkt\/roza-pnaca-david-hockney\/#breadcrumb"},"inLanguage":"pl-PL","potentialAction":[{"@type":"ReadAction","target":["https:\/\/roza-sobieszek.pl\/sklep\/produkt\/roza-pnaca-david-hockney\/"]}]},{"@type":"ImageObject","inLanguage":"pl-PL","@id":"https:\/\/roza-sobieszek.pl\/sklep\/produkt\/roza-pnaca-david-hockney\/#primaryimage","url":"https:\/\/roza-sobieszek.pl\/sklep\/wp-content\/uploads\/2026\/01\/Meibritty-DAVID-HOCKNEY\u00ae.jpg","contentUrl":"https:\/\/roza-sobieszek.pl\/sklep\/wp-content\/uploads\/2026\/01\/Meibritty-DAVID-HOCKNEY\u00ae.jpg","width":4160,"height":6240},{"@type":"BreadcrumbList","@id":"https:\/\/roza-sobieszek.pl\/sklep\/produkt\/roza-pnaca-david-hockney\/#breadcrumb","itemListElement":[{"@type":"ListItem","position":1,"name":"Strona g\u0142\u00f3wna","item":"https:\/\/roza-sobieszek.pl\/sklep\/"},{"@type":"ListItem","position":2,"name":"Shop","item":"https:\/\/roza-sobieszek.pl\/sklep\/shop\/"},{"@type":"ListItem","position":3,"name":"R\u00f3\u017ca Pn\u0105ca DAVID HOCKNEY \u00ae Meibritty"}]},{"@type":"WebSite","@id":"https:\/\/roza-sobieszek.pl\/sklep\/#website","url":"https:\/\/roza-sobieszek.pl\/sklep\/","name":"R\u00f3\u017ce ogrodowe - Sklep Sobieszek producent","description":"","publisher":{"@id":"https:\/\/roza-sobieszek.pl\/sklep\/#organization"},"potentialAction":[{"@type":"SearchAction","target":{"@type":"EntryPoint","urlTemplate":"https:\/\/roza-sobieszek.pl\/sklep\/?s={search_term_string}"},"query-input":{"@type":"PropertyValueSpecification","valueRequired":true,"valueName":"search_term_string"}}],"inLanguage":"pl-PL"},{"@type":"Organization","@id":"https:\/\/roza-sobieszek.pl\/sklep\/#organization","name":"R\u00f3\u017ce ogrodowe - Sklep Sobieszek producent","url":"https:\/\/roza-sobieszek.pl\/sklep\/","logo":{"@type":"ImageObject","inLanguage":"pl-PL","@id":"https:\/\/roza-sobieszek.pl\/sklep\/#\/schema\/logo\/image\/","url":"https:\/\/roza-sobieszek.pl\/sklep\/wp-content\/uploads\/2016\/08\/IMG_0358-1.jpg","contentUrl":"https:\/\/roza-sobieszek.pl\/sklep\/wp-content\/uploads\/2016\/08\/IMG_0358-1.jpg","width":2048,"height":1365,"caption":"R\u00f3\u017ce ogrodowe - Sklep Sobieszek producent"},"image":{"@id":"https:\/\/roza-sobieszek.pl\/sklep\/#\/schema\/logo\/image\/"},"sameAs":["https:\/\/www.facebook.com\/profile.php?id=100063681485170"]}]}},"_links":{"self":[{"href":"https:\/\/roza-sobieszek.pl\/sklep\/wp-json\/wp\/v2\/product\/22798"}],"collection":[{"href":"https:\/\/roza-sobieszek.pl\/sklep\/wp-json\/wp\/v2\/product"}],"about":[{"href":"https:\/\/roza-sobieszek.pl\/sklep\/wp-json\/wp\/v2\/types\/product"}],"replies":[{"embeddable":true,"href":"https:\/\/roza-sobieszek.pl\/sklep\/wp-json\/wp\/v2\/comments?post=22798"}],"wp:featuredmedia":[{"embeddable":true,"href":"https:\/\/roza-sobieszek.pl\/sklep\/wp-json\/wp\/v2\/media\/22811"}],"wp:attachment":[{"href":"https:\/\/roza-sobieszek.pl\/sklep\/wp-json\/wp\/v2\/media?parent=22798"}],"wp:term":[{"taxonomy":"product_brand","embeddable":true,"href":"https:\/\/roza-sobieszek.pl\/sklep\/wp-json\/wp\/v2\/product_brand?post=22798"},{"taxonomy":"product_cat","embeddable":true,"href":"https:\/\/roza-sobieszek.pl\/sklep\/wp-json\/wp\/v2\/product_cat?post=22798"},{"taxonomy":"product_tag","embeddable":true,"href":"https:\/\/roza-sobieszek.pl\/sklep\/wp-json\/wp\/v2\/product_tag?post=22798"}],"curies":[{"name":"wp","href":"https:\/\/api.w.org\/{rel}","templated":true}]}}