{"id":22822,"date":"2026-01-16T09:56:58","date_gmt":"2026-01-16T09:56:58","guid":{"rendered":"https:\/\/roza-sobieszek.pl\/sklep\/?post_type=product&#038;p=22822"},"modified":"2026-04-20T21:43:37","modified_gmt":"2026-04-20T21:43:37","slug":"roza-pnaca-red-eden-rose","status":"publish","type":"product","link":"https:\/\/roza-sobieszek.pl\/sklep\/produkt\/roza-pnaca-red-eden-rose\/","title":{"rendered":"R\u00f3\u017ca Pn\u0105ca Red Eden Rose\u00aeMeidrason"},"content":{"rendered":"<h2><strong>R\u00f3\u017ca Red Eden Rose\u00aeMeidrason<\/strong><\/h2>\n<p><strong data-start=\"91\" data-end=\"120\">R\u00f3\u017ca pn\u0105ca Red Eden Rose\u00ae<\/strong> to wyj\u0105tkowo efektowna odmiana o du\u017cych, bardzo pe\u0142nych kwiatach w g\u0142\u0119bokim, intensywnie czerwonym kolorze. Kwiaty maj\u0105 romantyczny, nostalgiczny kszta\u0142t i pojawiaj\u0105 si\u0119 obficie przez ca\u0142y sezon, zachowuj\u0105c wysok\u0105 warto\u015b\u0107 dekoracyjn\u0105. Odmiana wyr\u00f3\u017cnia si\u0119 silnym wzrostem, dobr\u0105 zdrowotno\u015bci\u0105 oraz wysok\u0105 odporno\u015bci\u0105 na choroby. Doskonale sprawdza si\u0119 do sadzenia przy pergolach, altanach, treja\u017cach, kratkach oraz ogrodzeniach. Idealny wyb\u00f3r do ogrod\u00f3w przydomowych, zar\u00f3wno klasycznych, jak i nowoczesnych.<\/p>\n<p>&nbsp;<\/p>\n<p><span style=\"border-radius: 2px; text-indent: 20px; width: auto; padding: 0px 4px 0px 0px; text-align: center; font: bold 11px\/20px 'Helvetica Neue',Helvetica,sans-serif; color: #ffffff; background: #bd081c no-repeat scroll 3px 50% \/ 14px 14px; position: absolute; opacity: 1; z-index: 8675309; display: none; cursor: pointer;\">Zapisz<\/span><\/p>\n","protected":false},"excerpt":{"rendered":"<p>R\u00f3\u017ca Pn\u0105ca Red Eden Rose<\/p>\n<ul>\n<li>Nazwa: Red Eden Rose<\/li>\n<li>Kolor: ciemno czerwona<\/li>\n<li>Wzrost: 250 cm<\/li>\n<li>Wielko\u015b\u0107 kwiatu: 12 cm<\/li>\n<li>Zapach: intensywny<\/li>\n<li>Odporno\u015b\u0107 na choroby: bardzo dobra<\/li>\n<li>Stanowisko: s\u0142oneczne<\/li>\n<li>Okres kwitnienia: VI \u2013 IX<\/li>\n<li>Powtarza kwitnienie: tak<\/li>\n<li>Typ: pn\u0105ca<\/li>\n<\/ul>\n","protected":false},"featured_media":22826,"comment_status":"open","ping_status":"closed","template":"","meta":[],"product_brand":[296],"product_cat":[290,295,157],"product_tag":[298,251,297],"yoast_head":"<!-- This site is optimized with the Yoast SEO plugin v23.5 - https:\/\/yoast.com\/wordpress\/plugins\/seo\/ -->\n<title>R\u00f3\u017ca Pn\u0105ca Red Eden Rose\u00aeMeidrason - R\u00f3\u017ce ogrodowe - Sklep Sobieszek producent<\/title>\n<meta name=\"description\" content=\"R\u00f3\u017ca pn\u0105ca Red Eden Rose\u00ae to wyj\u0105tkowa odmiana o du\u017cych, pe\u0142nych kwiatach w intensywnym, czerwonym kolorze. Kwitnie obficie i d\u0142ugo przez ca\u0142y sezon. Tworzy silnie rosn\u0105ce, zdrowe p\u0119dy, idealne do sadzenia przy pergolach, altanach, kratkach i ogrodzeniach. Doskona\u0142a r\u00f3\u017ca pn\u0105ca do ogrodu.\" \/>\n<meta name=\"robots\" content=\"index, follow, max-snippet:-1, max-image-preview:large, max-video-preview:-1\" \/>\n<link rel=\"canonical\" href=\"https:\/\/roza-sobieszek.pl\/sklep\/produkt\/roza-pnaca-red-eden-rose\/\" \/>\n<meta property=\"og:locale\" content=\"pl_PL\" \/>\n<meta property=\"og:type\" content=\"article\" \/>\n<meta property=\"og:title\" content=\"R\u00f3\u017ca Pn\u0105ca Red Eden Rose\u00aeMeidrason - R\u00f3\u017ce ogrodowe - Sklep Sobieszek producent\" \/>\n<meta property=\"og:description\" content=\"R\u00f3\u017ca pn\u0105ca Red Eden Rose\u00ae to wyj\u0105tkowa odmiana o du\u017cych, pe\u0142nych kwiatach w intensywnym, czerwonym kolorze. Kwitnie obficie i d\u0142ugo przez ca\u0142y sezon. Tworzy silnie rosn\u0105ce, zdrowe p\u0119dy, idealne do sadzenia przy pergolach, altanach, kratkach i ogrodzeniach. Doskona\u0142a r\u00f3\u017ca pn\u0105ca do ogrodu.\" \/>\n<meta property=\"og:url\" content=\"https:\/\/roza-sobieszek.pl\/sklep\/produkt\/roza-pnaca-red-eden-rose\/\" \/>\n<meta property=\"og:site_name\" content=\"R\u00f3\u017ce ogrodowe - Sklep Sobieszek producent\" \/>\n<meta property=\"article:publisher\" content=\"https:\/\/www.facebook.com\/profile.php?id=100063681485170\" \/>\n<meta property=\"article:modified_time\" content=\"2026-04-20T21:43:37+00:00\" \/>\n<meta property=\"og:image\" content=\"https:\/\/roza-sobieszek.pl\/sklep\/wp-content\/uploads\/2026\/01\/Red-EDEN-ROSER-Meidrason_hd-11_0537-683x1024.jpg\" \/>\n\t<meta property=\"og:image:width\" content=\"683\" \/>\n\t<meta property=\"og:image:height\" content=\"1024\" \/>\n\t<meta property=\"og:image:type\" content=\"image\/jpeg\" \/>\n<meta name=\"twitter:card\" content=\"summary_large_image\" \/>\n<meta name=\"twitter:label1\" content=\"Szacowany czas czytania\" \/>\n\t<meta name=\"twitter:data1\" content=\"1 minuta\" \/>\n<script type=\"application\/ld+json\" class=\"yoast-schema-graph\">{\"@context\":\"https:\/\/schema.org\",\"@graph\":[{\"@type\":\"WebPage\",\"@id\":\"https:\/\/roza-sobieszek.pl\/sklep\/produkt\/roza-pnaca-red-eden-rose\/\",\"url\":\"https:\/\/roza-sobieszek.pl\/sklep\/produkt\/roza-pnaca-red-eden-rose\/\",\"name\":\"R\u00f3\u017ca Pn\u0105ca Red Eden Rose\u00aeMeidrason - R\u00f3\u017ce ogrodowe - Sklep Sobieszek producent\",\"isPartOf\":{\"@id\":\"https:\/\/roza-sobieszek.pl\/sklep\/#website\"},\"primaryImageOfPage\":{\"@id\":\"https:\/\/roza-sobieszek.pl\/sklep\/produkt\/roza-pnaca-red-eden-rose\/#primaryimage\"},\"image\":{\"@id\":\"https:\/\/roza-sobieszek.pl\/sklep\/produkt\/roza-pnaca-red-eden-rose\/#primaryimage\"},\"thumbnailUrl\":\"https:\/\/roza-sobieszek.pl\/sklep\/wp-content\/uploads\/2026\/01\/Red-EDEN-ROSER-Meidrason_hd-11_0537.jpg\",\"datePublished\":\"2026-01-16T09:56:58+00:00\",\"dateModified\":\"2026-04-20T21:43:37+00:00\",\"description\":\"R\u00f3\u017ca pn\u0105ca Red Eden Rose\u00ae to wyj\u0105tkowa odmiana o du\u017cych, pe\u0142nych kwiatach w intensywnym, czerwonym kolorze. Kwitnie obficie i d\u0142ugo przez ca\u0142y sezon. Tworzy silnie rosn\u0105ce, zdrowe p\u0119dy, idealne do sadzenia przy pergolach, altanach, kratkach i ogrodzeniach. Doskona\u0142a r\u00f3\u017ca pn\u0105ca do ogrodu.\",\"breadcrumb\":{\"@id\":\"https:\/\/roza-sobieszek.pl\/sklep\/produkt\/roza-pnaca-red-eden-rose\/#breadcrumb\"},\"inLanguage\":\"pl-PL\",\"potentialAction\":[{\"@type\":\"ReadAction\",\"target\":[\"https:\/\/roza-sobieszek.pl\/sklep\/produkt\/roza-pnaca-red-eden-rose\/\"]}]},{\"@type\":\"ImageObject\",\"inLanguage\":\"pl-PL\",\"@id\":\"https:\/\/roza-sobieszek.pl\/sklep\/produkt\/roza-pnaca-red-eden-rose\/#primaryimage\",\"url\":\"https:\/\/roza-sobieszek.pl\/sklep\/wp-content\/uploads\/2026\/01\/Red-EDEN-ROSER-Meidrason_hd-11_0537.jpg\",\"contentUrl\":\"https:\/\/roza-sobieszek.pl\/sklep\/wp-content\/uploads\/2026\/01\/Red-EDEN-ROSER-Meidrason_hd-11_0537.jpg\",\"width\":2000,\"height\":3000},{\"@type\":\"BreadcrumbList\",\"@id\":\"https:\/\/roza-sobieszek.pl\/sklep\/produkt\/roza-pnaca-red-eden-rose\/#breadcrumb\",\"itemListElement\":[{\"@type\":\"ListItem\",\"position\":1,\"name\":\"Strona g\u0142\u00f3wna\",\"item\":\"https:\/\/roza-sobieszek.pl\/sklep\/\"},{\"@type\":\"ListItem\",\"position\":2,\"name\":\"Shop\",\"item\":\"https:\/\/roza-sobieszek.pl\/sklep\/shop\/\"},{\"@type\":\"ListItem\",\"position\":3,\"name\":\"R\u00f3\u017ca Pn\u0105ca Red Eden Rose\u00aeMeidrason\"}]},{\"@type\":\"WebSite\",\"@id\":\"https:\/\/roza-sobieszek.pl\/sklep\/#website\",\"url\":\"https:\/\/roza-sobieszek.pl\/sklep\/\",\"name\":\"R\u00f3\u017ce ogrodowe - Sklep Sobieszek producent\",\"description\":\"\",\"publisher\":{\"@id\":\"https:\/\/roza-sobieszek.pl\/sklep\/#organization\"},\"potentialAction\":[{\"@type\":\"SearchAction\",\"target\":{\"@type\":\"EntryPoint\",\"urlTemplate\":\"https:\/\/roza-sobieszek.pl\/sklep\/?s={search_term_string}\"},\"query-input\":{\"@type\":\"PropertyValueSpecification\",\"valueRequired\":true,\"valueName\":\"search_term_string\"}}],\"inLanguage\":\"pl-PL\"},{\"@type\":\"Organization\",\"@id\":\"https:\/\/roza-sobieszek.pl\/sklep\/#organization\",\"name\":\"R\u00f3\u017ce ogrodowe - Sklep Sobieszek producent\",\"url\":\"https:\/\/roza-sobieszek.pl\/sklep\/\",\"logo\":{\"@type\":\"ImageObject\",\"inLanguage\":\"pl-PL\",\"@id\":\"https:\/\/roza-sobieszek.pl\/sklep\/#\/schema\/logo\/image\/\",\"url\":\"https:\/\/roza-sobieszek.pl\/sklep\/wp-content\/uploads\/2016\/08\/IMG_0358-1.jpg\",\"contentUrl\":\"https:\/\/roza-sobieszek.pl\/sklep\/wp-content\/uploads\/2016\/08\/IMG_0358-1.jpg\",\"width\":2048,\"height\":1365,\"caption\":\"R\u00f3\u017ce ogrodowe - Sklep Sobieszek producent\"},\"image\":{\"@id\":\"https:\/\/roza-sobieszek.pl\/sklep\/#\/schema\/logo\/image\/\"},\"sameAs\":[\"https:\/\/www.facebook.com\/profile.php?id=100063681485170\"]}]}<\/script>\n<!-- \/ Yoast SEO plugin. -->","yoast_head_json":{"title":"R\u00f3\u017ca Pn\u0105ca Red Eden Rose\u00aeMeidrason - R\u00f3\u017ce ogrodowe - Sklep Sobieszek producent","description":"R\u00f3\u017ca pn\u0105ca Red Eden Rose\u00ae to wyj\u0105tkowa odmiana o du\u017cych, pe\u0142nych kwiatach w intensywnym, czerwonym kolorze. Kwitnie obficie i d\u0142ugo przez ca\u0142y sezon. Tworzy silnie rosn\u0105ce, zdrowe p\u0119dy, idealne do sadzenia przy pergolach, altanach, kratkach i ogrodzeniach. Doskona\u0142a r\u00f3\u017ca pn\u0105ca do ogrodu.","robots":{"index":"index","follow":"follow","max-snippet":"max-snippet:-1","max-image-preview":"max-image-preview:large","max-video-preview":"max-video-preview:-1"},"canonical":"https:\/\/roza-sobieszek.pl\/sklep\/produkt\/roza-pnaca-red-eden-rose\/","og_locale":"pl_PL","og_type":"article","og_title":"R\u00f3\u017ca Pn\u0105ca Red Eden Rose\u00aeMeidrason - R\u00f3\u017ce ogrodowe - Sklep Sobieszek producent","og_description":"R\u00f3\u017ca pn\u0105ca Red Eden Rose\u00ae to wyj\u0105tkowa odmiana o du\u017cych, pe\u0142nych kwiatach w intensywnym, czerwonym kolorze. Kwitnie obficie i d\u0142ugo przez ca\u0142y sezon. Tworzy silnie rosn\u0105ce, zdrowe p\u0119dy, idealne do sadzenia przy pergolach, altanach, kratkach i ogrodzeniach. Doskona\u0142a r\u00f3\u017ca pn\u0105ca do ogrodu.","og_url":"https:\/\/roza-sobieszek.pl\/sklep\/produkt\/roza-pnaca-red-eden-rose\/","og_site_name":"R\u00f3\u017ce ogrodowe - Sklep Sobieszek producent","article_publisher":"https:\/\/www.facebook.com\/profile.php?id=100063681485170","article_modified_time":"2026-04-20T21:43:37+00:00","og_image":[{"width":683,"height":1024,"url":"https:\/\/roza-sobieszek.pl\/sklep\/wp-content\/uploads\/2026\/01\/Red-EDEN-ROSER-Meidrason_hd-11_0537-683x1024.jpg","type":"image\/jpeg"}],"twitter_card":"summary_large_image","twitter_misc":{"Szacowany czas czytania":"1 minuta"},"schema":{"@context":"https:\/\/schema.org","@graph":[{"@type":"WebPage","@id":"https:\/\/roza-sobieszek.pl\/sklep\/produkt\/roza-pnaca-red-eden-rose\/","url":"https:\/\/roza-sobieszek.pl\/sklep\/produkt\/roza-pnaca-red-eden-rose\/","name":"R\u00f3\u017ca Pn\u0105ca Red Eden Rose\u00aeMeidrason - R\u00f3\u017ce ogrodowe - Sklep Sobieszek producent","isPartOf":{"@id":"https:\/\/roza-sobieszek.pl\/sklep\/#website"},"primaryImageOfPage":{"@id":"https:\/\/roza-sobieszek.pl\/sklep\/produkt\/roza-pnaca-red-eden-rose\/#primaryimage"},"image":{"@id":"https:\/\/roza-sobieszek.pl\/sklep\/produkt\/roza-pnaca-red-eden-rose\/#primaryimage"},"thumbnailUrl":"https:\/\/roza-sobieszek.pl\/sklep\/wp-content\/uploads\/2026\/01\/Red-EDEN-ROSER-Meidrason_hd-11_0537.jpg","datePublished":"2026-01-16T09:56:58+00:00","dateModified":"2026-04-20T21:43:37+00:00","description":"R\u00f3\u017ca pn\u0105ca Red Eden Rose\u00ae to wyj\u0105tkowa odmiana o du\u017cych, pe\u0142nych kwiatach w intensywnym, czerwonym kolorze. Kwitnie obficie i d\u0142ugo przez ca\u0142y sezon. Tworzy silnie rosn\u0105ce, zdrowe p\u0119dy, idealne do sadzenia przy pergolach, altanach, kratkach i ogrodzeniach. Doskona\u0142a r\u00f3\u017ca pn\u0105ca do ogrodu.","breadcrumb":{"@id":"https:\/\/roza-sobieszek.pl\/sklep\/produkt\/roza-pnaca-red-eden-rose\/#breadcrumb"},"inLanguage":"pl-PL","potentialAction":[{"@type":"ReadAction","target":["https:\/\/roza-sobieszek.pl\/sklep\/produkt\/roza-pnaca-red-eden-rose\/"]}]},{"@type":"ImageObject","inLanguage":"pl-PL","@id":"https:\/\/roza-sobieszek.pl\/sklep\/produkt\/roza-pnaca-red-eden-rose\/#primaryimage","url":"https:\/\/roza-sobieszek.pl\/sklep\/wp-content\/uploads\/2026\/01\/Red-EDEN-ROSER-Meidrason_hd-11_0537.jpg","contentUrl":"https:\/\/roza-sobieszek.pl\/sklep\/wp-content\/uploads\/2026\/01\/Red-EDEN-ROSER-Meidrason_hd-11_0537.jpg","width":2000,"height":3000},{"@type":"BreadcrumbList","@id":"https:\/\/roza-sobieszek.pl\/sklep\/produkt\/roza-pnaca-red-eden-rose\/#breadcrumb","itemListElement":[{"@type":"ListItem","position":1,"name":"Strona g\u0142\u00f3wna","item":"https:\/\/roza-sobieszek.pl\/sklep\/"},{"@type":"ListItem","position":2,"name":"Shop","item":"https:\/\/roza-sobieszek.pl\/sklep\/shop\/"},{"@type":"ListItem","position":3,"name":"R\u00f3\u017ca Pn\u0105ca Red Eden Rose\u00aeMeidrason"}]},{"@type":"WebSite","@id":"https:\/\/roza-sobieszek.pl\/sklep\/#website","url":"https:\/\/roza-sobieszek.pl\/sklep\/","name":"R\u00f3\u017ce ogrodowe - Sklep Sobieszek producent","description":"","publisher":{"@id":"https:\/\/roza-sobieszek.pl\/sklep\/#organization"},"potentialAction":[{"@type":"SearchAction","target":{"@type":"EntryPoint","urlTemplate":"https:\/\/roza-sobieszek.pl\/sklep\/?s={search_term_string}"},"query-input":{"@type":"PropertyValueSpecification","valueRequired":true,"valueName":"search_term_string"}}],"inLanguage":"pl-PL"},{"@type":"Organization","@id":"https:\/\/roza-sobieszek.pl\/sklep\/#organization","name":"R\u00f3\u017ce ogrodowe - Sklep Sobieszek producent","url":"https:\/\/roza-sobieszek.pl\/sklep\/","logo":{"@type":"ImageObject","inLanguage":"pl-PL","@id":"https:\/\/roza-sobieszek.pl\/sklep\/#\/schema\/logo\/image\/","url":"https:\/\/roza-sobieszek.pl\/sklep\/wp-content\/uploads\/2016\/08\/IMG_0358-1.jpg","contentUrl":"https:\/\/roza-sobieszek.pl\/sklep\/wp-content\/uploads\/2016\/08\/IMG_0358-1.jpg","width":2048,"height":1365,"caption":"R\u00f3\u017ce ogrodowe - Sklep Sobieszek producent"},"image":{"@id":"https:\/\/roza-sobieszek.pl\/sklep\/#\/schema\/logo\/image\/"},"sameAs":["https:\/\/www.facebook.com\/profile.php?id=100063681485170"]}]}},"_links":{"self":[{"href":"https:\/\/roza-sobieszek.pl\/sklep\/wp-json\/wp\/v2\/product\/22822"}],"collection":[{"href":"https:\/\/roza-sobieszek.pl\/sklep\/wp-json\/wp\/v2\/product"}],"about":[{"href":"https:\/\/roza-sobieszek.pl\/sklep\/wp-json\/wp\/v2\/types\/product"}],"replies":[{"embeddable":true,"href":"https:\/\/roza-sobieszek.pl\/sklep\/wp-json\/wp\/v2\/comments?post=22822"}],"wp:featuredmedia":[{"embeddable":true,"href":"https:\/\/roza-sobieszek.pl\/sklep\/wp-json\/wp\/v2\/media\/22826"}],"wp:attachment":[{"href":"https:\/\/roza-sobieszek.pl\/sklep\/wp-json\/wp\/v2\/media?parent=22822"}],"wp:term":[{"taxonomy":"product_brand","embeddable":true,"href":"https:\/\/roza-sobieszek.pl\/sklep\/wp-json\/wp\/v2\/product_brand?post=22822"},{"taxonomy":"product_cat","embeddable":true,"href":"https:\/\/roza-sobieszek.pl\/sklep\/wp-json\/wp\/v2\/product_cat?post=22822"},{"taxonomy":"product_tag","embeddable":true,"href":"https:\/\/roza-sobieszek.pl\/sklep\/wp-json\/wp\/v2\/product_tag?post=22822"}],"curies":[{"name":"wp","href":"https:\/\/api.w.org\/{rel}","templated":true}]}}