{"id":22834,"date":"2026-01-16T10:41:17","date_gmt":"2026-01-16T10:41:17","guid":{"rendered":"https:\/\/roza-sobieszek.pl\/sklep\/?post_type=product&#038;p=22834"},"modified":"2026-04-17T10:30:44","modified_gmt":"2026-04-17T10:30:44","slug":"roza-rabatowa-lyon-lumieres","status":"publish","type":"product","link":"https:\/\/roza-sobieszek.pl\/sklep\/produkt\/roza-rabatowa-lyon-lumieres\/","title":{"rendered":"R\u00f3\u017ca Rabatowa Lyon Lumieres\u00aeMeivanae"},"content":{"rendered":"<h2><strong>R\u00f3\u017ca Lyon Lumieres\u00aeMeivanae<\/strong><\/h2>\n<p><strong data-start=\"96\" data-end=\"128\">R\u00f3\u017ca\u202fLYON\u202fLUMI\u00c8RES\u00ae\u202fMeivanae<\/strong> to wyj\u0105tkowa, nowoczesna odmiana o <strong data-start=\"164\" data-end=\"196\">du\u017cych, dwubarwnych kwiatach<\/strong> w odcieniach <strong data-start=\"210\" data-end=\"264\">kremowo\u2011r\u00f3\u017cowych z intensywnym brzegiem r\u00f3\u017cowym<\/strong>, kt\u00f3re zmieniaj\u0105 si\u0119 w zale\u017cno\u015bci od \u015bwiat\u0142a i temperatury. Kwiaty s\u0105 <strong data-start=\"335\" data-end=\"388\">pe\u0142ne, klasycznie uformowane i bardzo dekoracyjne<\/strong>, o \u015brednicy ok.\u202f11\u202fcm. Odmiana charakteryzuje si\u0119 <strong data-start=\"439\" data-end=\"499\">intensywnym, korzennym zapachem z nutami any\u017cu i werbeny<\/strong>, kt\u00f3ry czyni j\u0105 idealn\u0105 r\u00f3wnie\u017c do <strong data-start=\"535\" data-end=\"564\" data-is-only-node=\"\">kompozycji florystycznych<\/strong>. Krzew ro\u015bnie <strong data-start=\"579\" data-end=\"603\">silnie i harmonijnie<\/strong>, osi\u0105gaj\u0105c ok.\u202f80\u202fcm wysoko\u015bci i szeroko\u015bci, ma <strong data-start=\"652\" data-end=\"711\">zielone, satynowe li\u015bcie o dobrej odporno\u015bci na choroby<\/strong>. Kwitnienie jest <strong data-start=\"729\" data-end=\"792\">imponuj\u0105ce \u2013 od p\u00f3\u017anej wiosny a\u017c do pierwszych przymrozk\u00f3w<\/strong>, co zapewnia d\u0142ugi sezon dekoracyjny.<\/p>\n<p>&nbsp;<\/p>\n<p><span style=\"border-radius: 2px; text-indent: 20px; width: auto; padding: 0px 4px 0px 0px; text-align: center; font: bold 11px\/20px 'Helvetica Neue',Helvetica,sans-serif; color: #ffffff; background: #bd081c no-repeat scroll 3px 50% \/ 14px 14px; position: absolute; opacity: 1; z-index: 8675309; display: none; cursor: pointer;\">Zapisz<\/span><\/p>\n","protected":false},"excerpt":{"rendered":"<p>R\u00f3\u017ca Rabatowa Lyon Lumieres\u00ae Meivanae<\/p>\n<ul>\n<li>Nazwa: Lyon Lumieres\u00ae Meivanae<\/li>\n<li>Kolor: kremowo-bia\u0142a z r\u00f3\u017cowym brzegiem<\/li>\n<li>Wzrost: 80 cm<\/li>\n<li>Wielko\u015b\u0107 kwiatu: 11 cm<\/li>\n<li>Zapach:intensywny<\/li>\n<li>Odporno\u015b\u0107 na choroby: bardzo dobra<\/li>\n<li>Stanowisko: s\u0142oneczne<\/li>\n<li>Okres kwitnienia: VI \u2013 IX<\/li>\n<li>Powtarza kwitnienie: tak<\/li>\n<li>Typ:rabatowa<\/li>\n<\/ul>\n","protected":false},"featured_media":22837,"comment_status":"open","ping_status":"closed","template":"","meta":[],"product_brand":[296],"product_cat":[290,295,155],"product_tag":[300,299,251,207,301],"yoast_head":"<!-- This site is optimized with the Yoast SEO plugin v23.5 - https:\/\/yoast.com\/wordpress\/plugins\/seo\/ -->\n<title>R\u00f3\u017ca Rabatowa Lyon Lumieres\u00aeMeivanae - R\u00f3\u017ce ogrodowe - Sklep Sobieszek producent<\/title>\n<meta name=\"description\" content=\"R\u00f3\u017ca LYON LUMI\u00c8RES\u00ae \u2018Meivanae\u2019 to wyj\u0105tkowa odmiana o du\u017cych, pe\u0142nych, dwubarwnych kwiatach w odcieniach kremowo-r\u00f3\u017cowych z r\u00f3\u017cowym brzegiem p\u0142atk\u00f3w. Kwitnie obficie i d\u0142ugo od wiosny a\u017c do pierwszych przymrozk\u00f3w, a jej intensywny, korzenny zapach czyni j\u0105 idealn\u0105 do ogrodu i kompozycji florystycznych. Krzewy s\u0105 zdrowe, zwarte i odporne na choroby, doskona\u0142e do rabat, masyw\u00f3w i ogrod\u00f3w dekoracyjnych.\" \/>\n<meta name=\"robots\" content=\"index, follow, max-snippet:-1, max-image-preview:large, max-video-preview:-1\" \/>\n<link rel=\"canonical\" href=\"https:\/\/roza-sobieszek.pl\/sklep\/produkt\/roza-rabatowa-lyon-lumieres\/\" \/>\n<meta property=\"og:locale\" content=\"pl_PL\" \/>\n<meta property=\"og:type\" content=\"article\" \/>\n<meta property=\"og:title\" content=\"R\u00f3\u017ca Rabatowa Lyon Lumieres\u00aeMeivanae - R\u00f3\u017ce ogrodowe - Sklep Sobieszek producent\" \/>\n<meta property=\"og:description\" content=\"R\u00f3\u017ca LYON LUMI\u00c8RES\u00ae \u2018Meivanae\u2019 to wyj\u0105tkowa odmiana o du\u017cych, pe\u0142nych, dwubarwnych kwiatach w odcieniach kremowo-r\u00f3\u017cowych z r\u00f3\u017cowym brzegiem p\u0142atk\u00f3w. Kwitnie obficie i d\u0142ugo od wiosny a\u017c do pierwszych przymrozk\u00f3w, a jej intensywny, korzenny zapach czyni j\u0105 idealn\u0105 do ogrodu i kompozycji florystycznych. Krzewy s\u0105 zdrowe, zwarte i odporne na choroby, doskona\u0142e do rabat, masyw\u00f3w i ogrod\u00f3w dekoracyjnych.\" \/>\n<meta property=\"og:url\" content=\"https:\/\/roza-sobieszek.pl\/sklep\/produkt\/roza-rabatowa-lyon-lumieres\/\" \/>\n<meta property=\"og:site_name\" content=\"R\u00f3\u017ce ogrodowe - Sklep Sobieszek producent\" \/>\n<meta property=\"article:publisher\" content=\"https:\/\/www.facebook.com\/profile.php?id=100063681485170\" \/>\n<meta property=\"article:modified_time\" content=\"2026-04-17T10:30:44+00:00\" \/>\n<meta property=\"og:image\" content=\"https:\/\/roza-sobieszek.pl\/sklep\/wp-content\/uploads\/2026\/01\/Meivanae-LYON-LUMIERES\u00ae-1024x1024.jpg\" \/>\n\t<meta property=\"og:image:width\" content=\"1024\" \/>\n\t<meta property=\"og:image:height\" content=\"1024\" \/>\n\t<meta property=\"og:image:type\" content=\"image\/jpeg\" \/>\n<meta name=\"twitter:card\" content=\"summary_large_image\" \/>\n<meta name=\"twitter:label1\" content=\"Szacowany czas czytania\" \/>\n\t<meta name=\"twitter:data1\" content=\"1 minuta\" \/>\n<script type=\"application\/ld+json\" class=\"yoast-schema-graph\">{\"@context\":\"https:\/\/schema.org\",\"@graph\":[{\"@type\":\"WebPage\",\"@id\":\"https:\/\/roza-sobieszek.pl\/sklep\/produkt\/roza-rabatowa-lyon-lumieres\/\",\"url\":\"https:\/\/roza-sobieszek.pl\/sklep\/produkt\/roza-rabatowa-lyon-lumieres\/\",\"name\":\"R\u00f3\u017ca Rabatowa Lyon Lumieres\u00aeMeivanae - R\u00f3\u017ce ogrodowe - Sklep Sobieszek producent\",\"isPartOf\":{\"@id\":\"https:\/\/roza-sobieszek.pl\/sklep\/#website\"},\"primaryImageOfPage\":{\"@id\":\"https:\/\/roza-sobieszek.pl\/sklep\/produkt\/roza-rabatowa-lyon-lumieres\/#primaryimage\"},\"image\":{\"@id\":\"https:\/\/roza-sobieszek.pl\/sklep\/produkt\/roza-rabatowa-lyon-lumieres\/#primaryimage\"},\"thumbnailUrl\":\"https:\/\/roza-sobieszek.pl\/sklep\/wp-content\/uploads\/2026\/01\/Meivanae-LYON-LUMIERES\u00ae.jpg\",\"datePublished\":\"2026-01-16T10:41:17+00:00\",\"dateModified\":\"2026-04-17T10:30:44+00:00\",\"description\":\"R\u00f3\u017ca LYON LUMI\u00c8RES\u00ae \u2018Meivanae\u2019 to wyj\u0105tkowa odmiana o du\u017cych, pe\u0142nych, dwubarwnych kwiatach w odcieniach kremowo-r\u00f3\u017cowych z r\u00f3\u017cowym brzegiem p\u0142atk\u00f3w. Kwitnie obficie i d\u0142ugo od wiosny a\u017c do pierwszych przymrozk\u00f3w, a jej intensywny, korzenny zapach czyni j\u0105 idealn\u0105 do ogrodu i kompozycji florystycznych. Krzewy s\u0105 zdrowe, zwarte i odporne na choroby, doskona\u0142e do rabat, masyw\u00f3w i ogrod\u00f3w dekoracyjnych.\",\"breadcrumb\":{\"@id\":\"https:\/\/roza-sobieszek.pl\/sklep\/produkt\/roza-rabatowa-lyon-lumieres\/#breadcrumb\"},\"inLanguage\":\"pl-PL\",\"potentialAction\":[{\"@type\":\"ReadAction\",\"target\":[\"https:\/\/roza-sobieszek.pl\/sklep\/produkt\/roza-rabatowa-lyon-lumieres\/\"]}]},{\"@type\":\"ImageObject\",\"inLanguage\":\"pl-PL\",\"@id\":\"https:\/\/roza-sobieszek.pl\/sklep\/produkt\/roza-rabatowa-lyon-lumieres\/#primaryimage\",\"url\":\"https:\/\/roza-sobieszek.pl\/sklep\/wp-content\/uploads\/2026\/01\/Meivanae-LYON-LUMIERES\u00ae.jpg\",\"contentUrl\":\"https:\/\/roza-sobieszek.pl\/sklep\/wp-content\/uploads\/2026\/01\/Meivanae-LYON-LUMIERES\u00ae.jpg\",\"width\":2500,\"height\":2500},{\"@type\":\"BreadcrumbList\",\"@id\":\"https:\/\/roza-sobieszek.pl\/sklep\/produkt\/roza-rabatowa-lyon-lumieres\/#breadcrumb\",\"itemListElement\":[{\"@type\":\"ListItem\",\"position\":1,\"name\":\"Strona g\u0142\u00f3wna\",\"item\":\"https:\/\/roza-sobieszek.pl\/sklep\/\"},{\"@type\":\"ListItem\",\"position\":2,\"name\":\"Shop\",\"item\":\"https:\/\/roza-sobieszek.pl\/sklep\/shop\/\"},{\"@type\":\"ListItem\",\"position\":3,\"name\":\"R\u00f3\u017ca Rabatowa Lyon Lumieres\u00aeMeivanae\"}]},{\"@type\":\"WebSite\",\"@id\":\"https:\/\/roza-sobieszek.pl\/sklep\/#website\",\"url\":\"https:\/\/roza-sobieszek.pl\/sklep\/\",\"name\":\"R\u00f3\u017ce ogrodowe - Sklep Sobieszek producent\",\"description\":\"\",\"publisher\":{\"@id\":\"https:\/\/roza-sobieszek.pl\/sklep\/#organization\"},\"potentialAction\":[{\"@type\":\"SearchAction\",\"target\":{\"@type\":\"EntryPoint\",\"urlTemplate\":\"https:\/\/roza-sobieszek.pl\/sklep\/?s={search_term_string}\"},\"query-input\":{\"@type\":\"PropertyValueSpecification\",\"valueRequired\":true,\"valueName\":\"search_term_string\"}}],\"inLanguage\":\"pl-PL\"},{\"@type\":\"Organization\",\"@id\":\"https:\/\/roza-sobieszek.pl\/sklep\/#organization\",\"name\":\"R\u00f3\u017ce ogrodowe - Sklep Sobieszek producent\",\"url\":\"https:\/\/roza-sobieszek.pl\/sklep\/\",\"logo\":{\"@type\":\"ImageObject\",\"inLanguage\":\"pl-PL\",\"@id\":\"https:\/\/roza-sobieszek.pl\/sklep\/#\/schema\/logo\/image\/\",\"url\":\"https:\/\/roza-sobieszek.pl\/sklep\/wp-content\/uploads\/2016\/08\/IMG_0358-1.jpg\",\"contentUrl\":\"https:\/\/roza-sobieszek.pl\/sklep\/wp-content\/uploads\/2016\/08\/IMG_0358-1.jpg\",\"width\":2048,\"height\":1365,\"caption\":\"R\u00f3\u017ce ogrodowe - Sklep Sobieszek producent\"},\"image\":{\"@id\":\"https:\/\/roza-sobieszek.pl\/sklep\/#\/schema\/logo\/image\/\"},\"sameAs\":[\"https:\/\/www.facebook.com\/profile.php?id=100063681485170\"]}]}<\/script>\n<!-- \/ Yoast SEO plugin. -->","yoast_head_json":{"title":"R\u00f3\u017ca Rabatowa Lyon Lumieres\u00aeMeivanae - R\u00f3\u017ce ogrodowe - Sklep Sobieszek producent","description":"R\u00f3\u017ca LYON LUMI\u00c8RES\u00ae \u2018Meivanae\u2019 to wyj\u0105tkowa odmiana o du\u017cych, pe\u0142nych, dwubarwnych kwiatach w odcieniach kremowo-r\u00f3\u017cowych z r\u00f3\u017cowym brzegiem p\u0142atk\u00f3w. Kwitnie obficie i d\u0142ugo od wiosny a\u017c do pierwszych przymrozk\u00f3w, a jej intensywny, korzenny zapach czyni j\u0105 idealn\u0105 do ogrodu i kompozycji florystycznych. Krzewy s\u0105 zdrowe, zwarte i odporne na choroby, doskona\u0142e do rabat, masyw\u00f3w i ogrod\u00f3w dekoracyjnych.","robots":{"index":"index","follow":"follow","max-snippet":"max-snippet:-1","max-image-preview":"max-image-preview:large","max-video-preview":"max-video-preview:-1"},"canonical":"https:\/\/roza-sobieszek.pl\/sklep\/produkt\/roza-rabatowa-lyon-lumieres\/","og_locale":"pl_PL","og_type":"article","og_title":"R\u00f3\u017ca Rabatowa Lyon Lumieres\u00aeMeivanae - R\u00f3\u017ce ogrodowe - Sklep Sobieszek producent","og_description":"R\u00f3\u017ca LYON LUMI\u00c8RES\u00ae \u2018Meivanae\u2019 to wyj\u0105tkowa odmiana o du\u017cych, pe\u0142nych, dwubarwnych kwiatach w odcieniach kremowo-r\u00f3\u017cowych z r\u00f3\u017cowym brzegiem p\u0142atk\u00f3w. Kwitnie obficie i d\u0142ugo od wiosny a\u017c do pierwszych przymrozk\u00f3w, a jej intensywny, korzenny zapach czyni j\u0105 idealn\u0105 do ogrodu i kompozycji florystycznych. Krzewy s\u0105 zdrowe, zwarte i odporne na choroby, doskona\u0142e do rabat, masyw\u00f3w i ogrod\u00f3w dekoracyjnych.","og_url":"https:\/\/roza-sobieszek.pl\/sklep\/produkt\/roza-rabatowa-lyon-lumieres\/","og_site_name":"R\u00f3\u017ce ogrodowe - Sklep Sobieszek producent","article_publisher":"https:\/\/www.facebook.com\/profile.php?id=100063681485170","article_modified_time":"2026-04-17T10:30:44+00:00","og_image":[{"width":1024,"height":1024,"url":"https:\/\/roza-sobieszek.pl\/sklep\/wp-content\/uploads\/2026\/01\/Meivanae-LYON-LUMIERES\u00ae-1024x1024.jpg","type":"image\/jpeg"}],"twitter_card":"summary_large_image","twitter_misc":{"Szacowany czas czytania":"1 minuta"},"schema":{"@context":"https:\/\/schema.org","@graph":[{"@type":"WebPage","@id":"https:\/\/roza-sobieszek.pl\/sklep\/produkt\/roza-rabatowa-lyon-lumieres\/","url":"https:\/\/roza-sobieszek.pl\/sklep\/produkt\/roza-rabatowa-lyon-lumieres\/","name":"R\u00f3\u017ca Rabatowa Lyon Lumieres\u00aeMeivanae - R\u00f3\u017ce ogrodowe - Sklep Sobieszek producent","isPartOf":{"@id":"https:\/\/roza-sobieszek.pl\/sklep\/#website"},"primaryImageOfPage":{"@id":"https:\/\/roza-sobieszek.pl\/sklep\/produkt\/roza-rabatowa-lyon-lumieres\/#primaryimage"},"image":{"@id":"https:\/\/roza-sobieszek.pl\/sklep\/produkt\/roza-rabatowa-lyon-lumieres\/#primaryimage"},"thumbnailUrl":"https:\/\/roza-sobieszek.pl\/sklep\/wp-content\/uploads\/2026\/01\/Meivanae-LYON-LUMIERES\u00ae.jpg","datePublished":"2026-01-16T10:41:17+00:00","dateModified":"2026-04-17T10:30:44+00:00","description":"R\u00f3\u017ca LYON LUMI\u00c8RES\u00ae \u2018Meivanae\u2019 to wyj\u0105tkowa odmiana o du\u017cych, pe\u0142nych, dwubarwnych kwiatach w odcieniach kremowo-r\u00f3\u017cowych z r\u00f3\u017cowym brzegiem p\u0142atk\u00f3w. Kwitnie obficie i d\u0142ugo od wiosny a\u017c do pierwszych przymrozk\u00f3w, a jej intensywny, korzenny zapach czyni j\u0105 idealn\u0105 do ogrodu i kompozycji florystycznych. Krzewy s\u0105 zdrowe, zwarte i odporne na choroby, doskona\u0142e do rabat, masyw\u00f3w i ogrod\u00f3w dekoracyjnych.","breadcrumb":{"@id":"https:\/\/roza-sobieszek.pl\/sklep\/produkt\/roza-rabatowa-lyon-lumieres\/#breadcrumb"},"inLanguage":"pl-PL","potentialAction":[{"@type":"ReadAction","target":["https:\/\/roza-sobieszek.pl\/sklep\/produkt\/roza-rabatowa-lyon-lumieres\/"]}]},{"@type":"ImageObject","inLanguage":"pl-PL","@id":"https:\/\/roza-sobieszek.pl\/sklep\/produkt\/roza-rabatowa-lyon-lumieres\/#primaryimage","url":"https:\/\/roza-sobieszek.pl\/sklep\/wp-content\/uploads\/2026\/01\/Meivanae-LYON-LUMIERES\u00ae.jpg","contentUrl":"https:\/\/roza-sobieszek.pl\/sklep\/wp-content\/uploads\/2026\/01\/Meivanae-LYON-LUMIERES\u00ae.jpg","width":2500,"height":2500},{"@type":"BreadcrumbList","@id":"https:\/\/roza-sobieszek.pl\/sklep\/produkt\/roza-rabatowa-lyon-lumieres\/#breadcrumb","itemListElement":[{"@type":"ListItem","position":1,"name":"Strona g\u0142\u00f3wna","item":"https:\/\/roza-sobieszek.pl\/sklep\/"},{"@type":"ListItem","position":2,"name":"Shop","item":"https:\/\/roza-sobieszek.pl\/sklep\/shop\/"},{"@type":"ListItem","position":3,"name":"R\u00f3\u017ca Rabatowa Lyon Lumieres\u00aeMeivanae"}]},{"@type":"WebSite","@id":"https:\/\/roza-sobieszek.pl\/sklep\/#website","url":"https:\/\/roza-sobieszek.pl\/sklep\/","name":"R\u00f3\u017ce ogrodowe - Sklep Sobieszek producent","description":"","publisher":{"@id":"https:\/\/roza-sobieszek.pl\/sklep\/#organization"},"potentialAction":[{"@type":"SearchAction","target":{"@type":"EntryPoint","urlTemplate":"https:\/\/roza-sobieszek.pl\/sklep\/?s={search_term_string}"},"query-input":{"@type":"PropertyValueSpecification","valueRequired":true,"valueName":"search_term_string"}}],"inLanguage":"pl-PL"},{"@type":"Organization","@id":"https:\/\/roza-sobieszek.pl\/sklep\/#organization","name":"R\u00f3\u017ce ogrodowe - Sklep Sobieszek producent","url":"https:\/\/roza-sobieszek.pl\/sklep\/","logo":{"@type":"ImageObject","inLanguage":"pl-PL","@id":"https:\/\/roza-sobieszek.pl\/sklep\/#\/schema\/logo\/image\/","url":"https:\/\/roza-sobieszek.pl\/sklep\/wp-content\/uploads\/2016\/08\/IMG_0358-1.jpg","contentUrl":"https:\/\/roza-sobieszek.pl\/sklep\/wp-content\/uploads\/2016\/08\/IMG_0358-1.jpg","width":2048,"height":1365,"caption":"R\u00f3\u017ce ogrodowe - Sklep Sobieszek producent"},"image":{"@id":"https:\/\/roza-sobieszek.pl\/sklep\/#\/schema\/logo\/image\/"},"sameAs":["https:\/\/www.facebook.com\/profile.php?id=100063681485170"]}]}},"_links":{"self":[{"href":"https:\/\/roza-sobieszek.pl\/sklep\/wp-json\/wp\/v2\/product\/22834"}],"collection":[{"href":"https:\/\/roza-sobieszek.pl\/sklep\/wp-json\/wp\/v2\/product"}],"about":[{"href":"https:\/\/roza-sobieszek.pl\/sklep\/wp-json\/wp\/v2\/types\/product"}],"replies":[{"embeddable":true,"href":"https:\/\/roza-sobieszek.pl\/sklep\/wp-json\/wp\/v2\/comments?post=22834"}],"wp:featuredmedia":[{"embeddable":true,"href":"https:\/\/roza-sobieszek.pl\/sklep\/wp-json\/wp\/v2\/media\/22837"}],"wp:attachment":[{"href":"https:\/\/roza-sobieszek.pl\/sklep\/wp-json\/wp\/v2\/media?parent=22834"}],"wp:term":[{"taxonomy":"product_brand","embeddable":true,"href":"https:\/\/roza-sobieszek.pl\/sklep\/wp-json\/wp\/v2\/product_brand?post=22834"},{"taxonomy":"product_cat","embeddable":true,"href":"https:\/\/roza-sobieszek.pl\/sklep\/wp-json\/wp\/v2\/product_cat?post=22834"},{"taxonomy":"product_tag","embeddable":true,"href":"https:\/\/roza-sobieszek.pl\/sklep\/wp-json\/wp\/v2\/product_tag?post=22834"}],"curies":[{"name":"wp","href":"https:\/\/api.w.org\/{rel}","templated":true}]}}