{"id":23040,"date":"2026-02-11T09:19:40","date_gmt":"2026-02-11T09:19:40","guid":{"rendered":"https:\/\/roza-sobieszek.pl\/sklep\/?post_type=product&#038;p=23040"},"modified":"2026-04-18T09:29:47","modified_gmt":"2026-04-18T09:29:47","slug":"roza-rabatowe-westart","status":"publish","type":"product","link":"https:\/\/roza-sobieszek.pl\/sklep\/produkt\/roza-rabatowe-westart\/","title":{"rendered":"R\u00f3\u017ca Rabatowe Westart\u00ae"},"content":{"rendered":"<h2>R\u00f3\u017ca Rabatowa Westart\u00ae<\/h2>\n<p data-start=\"76\" data-end=\"391\">Ta wyj\u0105tkowa r\u00f3\u017ca floribunda przyci\u0105ga wzrok intensywn\u0105, s\u0142oneczn\u0105 barw\u0105 kwiat\u00f3w. Kwitnie nieprzerwanie od po\u0142owy maja a\u017c do jesieni, obsypuj\u0105c si\u0119 p\u00f3\u0142pe\u0142nymi, subtelnie pachn\u0105cymi kwiatami w wyrazistym, \u017c\u00f3\u0142tym odcieniu. Jej \u015bwie\u017ce, jasnozielone i b\u0142yszcz\u0105ce li\u015bcie pi\u0119knie podkre\u015blaj\u0105 energiczny charakter ro\u015bliny.<\/p>\n<p data-start=\"393\" data-end=\"828\">Odmiana Westart\u00ae wyr\u00f3\u017cnia si\u0119 zwartym, krzaczastym pokrojem, dzi\u0119ki czemu jest niezwykle wszechstronna w zastosowaniu. Doskonale prezentuje si\u0119 na rabatach w wi\u0119kszych ogrodach, ale r\u00f3wnie dobrze odnajduje si\u0119 w mniejszych przestrzeniach. Z powodzeniem mo\u017cna j\u0105 uprawia\u0107 w donicach na balkonach i tarasach. Szczeg\u00f3lnie efektownie wygl\u0105da w towarzystwie bylin o niebieskich lub r\u00f3\u017cowych kwiatach, tworz\u0105c barwne i harmonijne kompozycje.<\/p>\n<h2><span style=\"border-radius: 2px; text-indent: 20px; width: auto; padding: 0px 4px 0px 0px; text-align: center; font: bold 11px\/20px 'Helvetica Neue',Helvetica,sans-serif; color: #ffffff; background: #bd081c no-repeat scroll 3px 50% \/ 14px 14px; position: absolute; opacity: 1; z-index: 8675309; display: none; cursor: pointer;\">Zapisz<\/span><\/h2>\n","protected":false},"excerpt":{"rendered":"<ul>\n<li>Nazwa: Westart\u00ae<\/li>\n<li>Kolor: jasnoz\u0142oty<\/li>\n<li>Wzrost:60-70 cm<\/li>\n<li>Wielko\u015b\u0107 kwiatu: ok 6cm, p\u00f3\u0142pe\u0142ny<\/li>\n<li>Zapach: lekki, kwiatowy<\/li>\n<li>Odporno\u015b\u0107 na choroby: bardzo dobra, ADR 2012r<\/li>\n<li>Stanowisko: s\u0142oneczne<\/li>\n<li>Powtarza kwitnienie: tak<\/li>\n<li>Typ: r\u00f3\u017ca rabatowa<\/li>\n<\/ul>\n","protected":false},"featured_media":23044,"comment_status":"open","ping_status":"closed","template":"","meta":[],"product_brand":[281],"product_cat":[290,229,155],"product_tag":[245,232,207,231,228],"yoast_head":"<!-- This site is optimized with the Yoast SEO plugin v23.5 - https:\/\/yoast.com\/wordpress\/plugins\/seo\/ -->\n<title>R\u00f3\u017ca Rabatowe Westart\u00ae - R\u00f3\u017ce ogrodowe - Sklep Sobieszek producent<\/title>\n<meta name=\"description\" content=\"Ro\u015blina tworzy zwarty, krzaczasty pokr\u00f3j i wyr\u00f3\u017cnia si\u0119 jasnozielonymi, b\u0142yszcz\u0105cymi li\u015b\u0107mi, kt\u00f3re doskonale kontrastuj\u0105 z nasycon\u0105 barw\u0105 kwiat\u00f3w. Dzi\u0119ki swojej uniwersalno\u015bci r\u00f3\u017ca ogrodowa Westart\u00ae sprawdzi si\u0119 zar\u00f3wno w du\u017cych nasadzeniach grupowych, jak i w ma\u0142ych ogrodach przydomowych.\" \/>\n<meta name=\"robots\" content=\"index, follow, max-snippet:-1, max-image-preview:large, max-video-preview:-1\" \/>\n<link rel=\"canonical\" href=\"https:\/\/roza-sobieszek.pl\/sklep\/produkt\/roza-rabatowe-westart\/\" \/>\n<meta property=\"og:locale\" content=\"pl_PL\" \/>\n<meta property=\"og:type\" content=\"article\" \/>\n<meta property=\"og:title\" content=\"R\u00f3\u017ca Rabatowe Westart\u00ae - R\u00f3\u017ce ogrodowe - Sklep Sobieszek producent\" \/>\n<meta property=\"og:description\" content=\"Ro\u015blina tworzy zwarty, krzaczasty pokr\u00f3j i wyr\u00f3\u017cnia si\u0119 jasnozielonymi, b\u0142yszcz\u0105cymi li\u015b\u0107mi, kt\u00f3re doskonale kontrastuj\u0105 z nasycon\u0105 barw\u0105 kwiat\u00f3w. Dzi\u0119ki swojej uniwersalno\u015bci r\u00f3\u017ca ogrodowa Westart\u00ae sprawdzi si\u0119 zar\u00f3wno w du\u017cych nasadzeniach grupowych, jak i w ma\u0142ych ogrodach przydomowych.\" \/>\n<meta property=\"og:url\" content=\"https:\/\/roza-sobieszek.pl\/sklep\/produkt\/roza-rabatowe-westart\/\" \/>\n<meta property=\"og:site_name\" content=\"R\u00f3\u017ce ogrodowe - Sklep Sobieszek producent\" \/>\n<meta property=\"article:publisher\" content=\"https:\/\/www.facebook.com\/profile.php?id=100063681485170\" \/>\n<meta property=\"article:modified_time\" content=\"2026-04-18T09:29:47+00:00\" \/>\n<meta property=\"og:image\" content=\"https:\/\/roza-sobieszek.pl\/sklep\/wp-content\/uploads\/2026\/02\/Westart_17_B_13b.jpg\" \/>\n\t<meta property=\"og:image:width\" content=\"1280\" \/>\n\t<meta property=\"og:image:height\" content=\"1920\" \/>\n\t<meta property=\"og:image:type\" content=\"image\/jpeg\" \/>\n<meta name=\"twitter:card\" content=\"summary_large_image\" \/>\n<meta name=\"twitter:label1\" content=\"Szacowany czas czytania\" \/>\n\t<meta name=\"twitter:data1\" content=\"1 minuta\" \/>\n<script type=\"application\/ld+json\" class=\"yoast-schema-graph\">{\"@context\":\"https:\/\/schema.org\",\"@graph\":[{\"@type\":\"WebPage\",\"@id\":\"https:\/\/roza-sobieszek.pl\/sklep\/produkt\/roza-rabatowe-westart\/\",\"url\":\"https:\/\/roza-sobieszek.pl\/sklep\/produkt\/roza-rabatowe-westart\/\",\"name\":\"R\u00f3\u017ca Rabatowe Westart\u00ae - R\u00f3\u017ce ogrodowe - Sklep Sobieszek producent\",\"isPartOf\":{\"@id\":\"https:\/\/roza-sobieszek.pl\/sklep\/#website\"},\"primaryImageOfPage\":{\"@id\":\"https:\/\/roza-sobieszek.pl\/sklep\/produkt\/roza-rabatowe-westart\/#primaryimage\"},\"image\":{\"@id\":\"https:\/\/roza-sobieszek.pl\/sklep\/produkt\/roza-rabatowe-westart\/#primaryimage\"},\"thumbnailUrl\":\"https:\/\/roza-sobieszek.pl\/sklep\/wp-content\/uploads\/2026\/02\/Westart_17_B_13b.jpg\",\"datePublished\":\"2026-02-11T09:19:40+00:00\",\"dateModified\":\"2026-04-18T09:29:47+00:00\",\"description\":\"Ro\u015blina tworzy zwarty, krzaczasty pokr\u00f3j i wyr\u00f3\u017cnia si\u0119 jasnozielonymi, b\u0142yszcz\u0105cymi li\u015b\u0107mi, kt\u00f3re doskonale kontrastuj\u0105 z nasycon\u0105 barw\u0105 kwiat\u00f3w. Dzi\u0119ki swojej uniwersalno\u015bci r\u00f3\u017ca ogrodowa Westart\u00ae sprawdzi si\u0119 zar\u00f3wno w du\u017cych nasadzeniach grupowych, jak i w ma\u0142ych ogrodach przydomowych.\",\"breadcrumb\":{\"@id\":\"https:\/\/roza-sobieszek.pl\/sklep\/produkt\/roza-rabatowe-westart\/#breadcrumb\"},\"inLanguage\":\"pl-PL\",\"potentialAction\":[{\"@type\":\"ReadAction\",\"target\":[\"https:\/\/roza-sobieszek.pl\/sklep\/produkt\/roza-rabatowe-westart\/\"]}]},{\"@type\":\"ImageObject\",\"inLanguage\":\"pl-PL\",\"@id\":\"https:\/\/roza-sobieszek.pl\/sklep\/produkt\/roza-rabatowe-westart\/#primaryimage\",\"url\":\"https:\/\/roza-sobieszek.pl\/sklep\/wp-content\/uploads\/2026\/02\/Westart_17_B_13b.jpg\",\"contentUrl\":\"https:\/\/roza-sobieszek.pl\/sklep\/wp-content\/uploads\/2026\/02\/Westart_17_B_13b.jpg\",\"width\":1280,\"height\":1920},{\"@type\":\"BreadcrumbList\",\"@id\":\"https:\/\/roza-sobieszek.pl\/sklep\/produkt\/roza-rabatowe-westart\/#breadcrumb\",\"itemListElement\":[{\"@type\":\"ListItem\",\"position\":1,\"name\":\"Strona g\u0142\u00f3wna\",\"item\":\"https:\/\/roza-sobieszek.pl\/sklep\/\"},{\"@type\":\"ListItem\",\"position\":2,\"name\":\"Shop\",\"item\":\"https:\/\/roza-sobieszek.pl\/sklep\/shop\/\"},{\"@type\":\"ListItem\",\"position\":3,\"name\":\"R\u00f3\u017ca Rabatowe Westart\u00ae\"}]},{\"@type\":\"WebSite\",\"@id\":\"https:\/\/roza-sobieszek.pl\/sklep\/#website\",\"url\":\"https:\/\/roza-sobieszek.pl\/sklep\/\",\"name\":\"R\u00f3\u017ce ogrodowe - Sklep Sobieszek producent\",\"description\":\"\",\"publisher\":{\"@id\":\"https:\/\/roza-sobieszek.pl\/sklep\/#organization\"},\"potentialAction\":[{\"@type\":\"SearchAction\",\"target\":{\"@type\":\"EntryPoint\",\"urlTemplate\":\"https:\/\/roza-sobieszek.pl\/sklep\/?s={search_term_string}\"},\"query-input\":{\"@type\":\"PropertyValueSpecification\",\"valueRequired\":true,\"valueName\":\"search_term_string\"}}],\"inLanguage\":\"pl-PL\"},{\"@type\":\"Organization\",\"@id\":\"https:\/\/roza-sobieszek.pl\/sklep\/#organization\",\"name\":\"R\u00f3\u017ce ogrodowe - Sklep Sobieszek producent\",\"url\":\"https:\/\/roza-sobieszek.pl\/sklep\/\",\"logo\":{\"@type\":\"ImageObject\",\"inLanguage\":\"pl-PL\",\"@id\":\"https:\/\/roza-sobieszek.pl\/sklep\/#\/schema\/logo\/image\/\",\"url\":\"https:\/\/roza-sobieszek.pl\/sklep\/wp-content\/uploads\/2016\/08\/IMG_0358-1.jpg\",\"contentUrl\":\"https:\/\/roza-sobieszek.pl\/sklep\/wp-content\/uploads\/2016\/08\/IMG_0358-1.jpg\",\"width\":2048,\"height\":1365,\"caption\":\"R\u00f3\u017ce ogrodowe - Sklep Sobieszek producent\"},\"image\":{\"@id\":\"https:\/\/roza-sobieszek.pl\/sklep\/#\/schema\/logo\/image\/\"},\"sameAs\":[\"https:\/\/www.facebook.com\/profile.php?id=100063681485170\"]}]}<\/script>\n<!-- \/ Yoast SEO plugin. -->","yoast_head_json":{"title":"R\u00f3\u017ca Rabatowe Westart\u00ae - R\u00f3\u017ce ogrodowe - Sklep Sobieszek producent","description":"Ro\u015blina tworzy zwarty, krzaczasty pokr\u00f3j i wyr\u00f3\u017cnia si\u0119 jasnozielonymi, b\u0142yszcz\u0105cymi li\u015b\u0107mi, kt\u00f3re doskonale kontrastuj\u0105 z nasycon\u0105 barw\u0105 kwiat\u00f3w. Dzi\u0119ki swojej uniwersalno\u015bci r\u00f3\u017ca ogrodowa Westart\u00ae sprawdzi si\u0119 zar\u00f3wno w du\u017cych nasadzeniach grupowych, jak i w ma\u0142ych ogrodach przydomowych.","robots":{"index":"index","follow":"follow","max-snippet":"max-snippet:-1","max-image-preview":"max-image-preview:large","max-video-preview":"max-video-preview:-1"},"canonical":"https:\/\/roza-sobieszek.pl\/sklep\/produkt\/roza-rabatowe-westart\/","og_locale":"pl_PL","og_type":"article","og_title":"R\u00f3\u017ca Rabatowe Westart\u00ae - R\u00f3\u017ce ogrodowe - Sklep Sobieszek producent","og_description":"Ro\u015blina tworzy zwarty, krzaczasty pokr\u00f3j i wyr\u00f3\u017cnia si\u0119 jasnozielonymi, b\u0142yszcz\u0105cymi li\u015b\u0107mi, kt\u00f3re doskonale kontrastuj\u0105 z nasycon\u0105 barw\u0105 kwiat\u00f3w. Dzi\u0119ki swojej uniwersalno\u015bci r\u00f3\u017ca ogrodowa Westart\u00ae sprawdzi si\u0119 zar\u00f3wno w du\u017cych nasadzeniach grupowych, jak i w ma\u0142ych ogrodach przydomowych.","og_url":"https:\/\/roza-sobieszek.pl\/sklep\/produkt\/roza-rabatowe-westart\/","og_site_name":"R\u00f3\u017ce ogrodowe - Sklep Sobieszek producent","article_publisher":"https:\/\/www.facebook.com\/profile.php?id=100063681485170","article_modified_time":"2026-04-18T09:29:47+00:00","og_image":[{"width":1280,"height":1920,"url":"https:\/\/roza-sobieszek.pl\/sklep\/wp-content\/uploads\/2026\/02\/Westart_17_B_13b.jpg","type":"image\/jpeg"}],"twitter_card":"summary_large_image","twitter_misc":{"Szacowany czas czytania":"1 minuta"},"schema":{"@context":"https:\/\/schema.org","@graph":[{"@type":"WebPage","@id":"https:\/\/roza-sobieszek.pl\/sklep\/produkt\/roza-rabatowe-westart\/","url":"https:\/\/roza-sobieszek.pl\/sklep\/produkt\/roza-rabatowe-westart\/","name":"R\u00f3\u017ca Rabatowe Westart\u00ae - R\u00f3\u017ce ogrodowe - Sklep Sobieszek producent","isPartOf":{"@id":"https:\/\/roza-sobieszek.pl\/sklep\/#website"},"primaryImageOfPage":{"@id":"https:\/\/roza-sobieszek.pl\/sklep\/produkt\/roza-rabatowe-westart\/#primaryimage"},"image":{"@id":"https:\/\/roza-sobieszek.pl\/sklep\/produkt\/roza-rabatowe-westart\/#primaryimage"},"thumbnailUrl":"https:\/\/roza-sobieszek.pl\/sklep\/wp-content\/uploads\/2026\/02\/Westart_17_B_13b.jpg","datePublished":"2026-02-11T09:19:40+00:00","dateModified":"2026-04-18T09:29:47+00:00","description":"Ro\u015blina tworzy zwarty, krzaczasty pokr\u00f3j i wyr\u00f3\u017cnia si\u0119 jasnozielonymi, b\u0142yszcz\u0105cymi li\u015b\u0107mi, kt\u00f3re doskonale kontrastuj\u0105 z nasycon\u0105 barw\u0105 kwiat\u00f3w. Dzi\u0119ki swojej uniwersalno\u015bci r\u00f3\u017ca ogrodowa Westart\u00ae sprawdzi si\u0119 zar\u00f3wno w du\u017cych nasadzeniach grupowych, jak i w ma\u0142ych ogrodach przydomowych.","breadcrumb":{"@id":"https:\/\/roza-sobieszek.pl\/sklep\/produkt\/roza-rabatowe-westart\/#breadcrumb"},"inLanguage":"pl-PL","potentialAction":[{"@type":"ReadAction","target":["https:\/\/roza-sobieszek.pl\/sklep\/produkt\/roza-rabatowe-westart\/"]}]},{"@type":"ImageObject","inLanguage":"pl-PL","@id":"https:\/\/roza-sobieszek.pl\/sklep\/produkt\/roza-rabatowe-westart\/#primaryimage","url":"https:\/\/roza-sobieszek.pl\/sklep\/wp-content\/uploads\/2026\/02\/Westart_17_B_13b.jpg","contentUrl":"https:\/\/roza-sobieszek.pl\/sklep\/wp-content\/uploads\/2026\/02\/Westart_17_B_13b.jpg","width":1280,"height":1920},{"@type":"BreadcrumbList","@id":"https:\/\/roza-sobieszek.pl\/sklep\/produkt\/roza-rabatowe-westart\/#breadcrumb","itemListElement":[{"@type":"ListItem","position":1,"name":"Strona g\u0142\u00f3wna","item":"https:\/\/roza-sobieszek.pl\/sklep\/"},{"@type":"ListItem","position":2,"name":"Shop","item":"https:\/\/roza-sobieszek.pl\/sklep\/shop\/"},{"@type":"ListItem","position":3,"name":"R\u00f3\u017ca Rabatowe Westart\u00ae"}]},{"@type":"WebSite","@id":"https:\/\/roza-sobieszek.pl\/sklep\/#website","url":"https:\/\/roza-sobieszek.pl\/sklep\/","name":"R\u00f3\u017ce ogrodowe - Sklep Sobieszek producent","description":"","publisher":{"@id":"https:\/\/roza-sobieszek.pl\/sklep\/#organization"},"potentialAction":[{"@type":"SearchAction","target":{"@type":"EntryPoint","urlTemplate":"https:\/\/roza-sobieszek.pl\/sklep\/?s={search_term_string}"},"query-input":{"@type":"PropertyValueSpecification","valueRequired":true,"valueName":"search_term_string"}}],"inLanguage":"pl-PL"},{"@type":"Organization","@id":"https:\/\/roza-sobieszek.pl\/sklep\/#organization","name":"R\u00f3\u017ce ogrodowe - Sklep Sobieszek producent","url":"https:\/\/roza-sobieszek.pl\/sklep\/","logo":{"@type":"ImageObject","inLanguage":"pl-PL","@id":"https:\/\/roza-sobieszek.pl\/sklep\/#\/schema\/logo\/image\/","url":"https:\/\/roza-sobieszek.pl\/sklep\/wp-content\/uploads\/2016\/08\/IMG_0358-1.jpg","contentUrl":"https:\/\/roza-sobieszek.pl\/sklep\/wp-content\/uploads\/2016\/08\/IMG_0358-1.jpg","width":2048,"height":1365,"caption":"R\u00f3\u017ce ogrodowe - Sklep Sobieszek producent"},"image":{"@id":"https:\/\/roza-sobieszek.pl\/sklep\/#\/schema\/logo\/image\/"},"sameAs":["https:\/\/www.facebook.com\/profile.php?id=100063681485170"]}]}},"_links":{"self":[{"href":"https:\/\/roza-sobieszek.pl\/sklep\/wp-json\/wp\/v2\/product\/23040"}],"collection":[{"href":"https:\/\/roza-sobieszek.pl\/sklep\/wp-json\/wp\/v2\/product"}],"about":[{"href":"https:\/\/roza-sobieszek.pl\/sklep\/wp-json\/wp\/v2\/types\/product"}],"replies":[{"embeddable":true,"href":"https:\/\/roza-sobieszek.pl\/sklep\/wp-json\/wp\/v2\/comments?post=23040"}],"wp:featuredmedia":[{"embeddable":true,"href":"https:\/\/roza-sobieszek.pl\/sklep\/wp-json\/wp\/v2\/media\/23044"}],"wp:attachment":[{"href":"https:\/\/roza-sobieszek.pl\/sklep\/wp-json\/wp\/v2\/media?parent=23040"}],"wp:term":[{"taxonomy":"product_brand","embeddable":true,"href":"https:\/\/roza-sobieszek.pl\/sklep\/wp-json\/wp\/v2\/product_brand?post=23040"},{"taxonomy":"product_cat","embeddable":true,"href":"https:\/\/roza-sobieszek.pl\/sklep\/wp-json\/wp\/v2\/product_cat?post=23040"},{"taxonomy":"product_tag","embeddable":true,"href":"https:\/\/roza-sobieszek.pl\/sklep\/wp-json\/wp\/v2\/product_tag?post=23040"}],"curies":[{"name":"wp","href":"https:\/\/api.w.org\/{rel}","templated":true}]}}