{"id":23151,"date":"2026-02-17T12:41:48","date_gmt":"2026-02-17T12:41:48","guid":{"rendered":"https:\/\/roza-sobieszek.pl\/sklep\/?post_type=product&#038;p=23151"},"modified":"2026-04-13T22:35:40","modified_gmt":"2026-04-13T22:35:40","slug":"roza-krzewiasta-sunshine-reggae","status":"publish","type":"product","link":"https:\/\/roza-sobieszek.pl\/sklep\/produkt\/roza-krzewiasta-sunshine-reggae\/","title":{"rendered":"R\u00f3\u017ca Krzewiasta Sunshine Reggae\u00ae"},"content":{"rendered":"<h1 class=\"product_title entry-title elementor-heading-title elementor-size-default\">Sunshine Reggae\u00ae<\/h1>\n<p>R\u00f3\u017ca <strong data-start=\"5\" data-end=\"25\">Sunshine Reggae\u00ae<\/strong> zosta\u0142a wyhodowana przez <strong data-start=\"51\" data-end=\"74\">\u0141ukasza Rojewskiego<\/strong>, polskiego hodowc\u0119 r\u00f3\u017c. To jedna z jego nowszych odmian r\u00f3\u017c krzewiastych, wprowadzona do oferty w 2023 roku i charakteryzuj\u0105ca si\u0119 obfitym kwitnieniem oraz dobr\u0105 odporno\u015bci\u0105 na warunki pogodowe. <strong data-start=\"55\" data-end=\"75\">Sunshine Reggae\u00ae<\/strong> to wyj\u0105tkowa r\u00f3\u017ca\u00a0 o intensywnie morelowych, promiennych kwiatach, kt\u00f3re przywodz\u0105 na my\u015bl letnie s\u0142o\u0144ce i beztroski klimat wakacji. Jej nazwa inspirowana jest utworem zespo\u0142u <span class=\"hover:entity-accent entity-underline inline cursor-pointer align-baseline\"><span class=\"whitespace-normal\">Laid Back<\/span><\/span>, co doskonale oddaje jej ciep\u0142y, pozytywny charakter.<\/p>\n<p>&nbsp;<\/p>\n<p data-start=\"757\" data-end=\"1134\">\n","protected":false},"excerpt":{"rendered":"<p>Nowo\u015b\u0107 polskiego hodowcy<\/p>\n<p>Sunshine Reggae\u00ae<\/p>\n<ul>\n<li>Nazwa: Sunshine Reggae\u00ae<\/li>\n<li>Kolor: morelowy<\/li>\n<li>Wzrost: 140 cm<\/li>\n<li>Wielko\u015b\u0107 kwiatu: pe\u0142ne 10-12 cm<\/li>\n<li>Zapach:+++<\/li>\n<li>Stanowisko: s\u0142oneczne<\/li>\n<li>Okres kwitnienia: VI \u2013 X<\/li>\n<li>Powtarza kwitnienie: tak<\/li>\n<li>Typ: krzewiasta<\/li>\n<\/ul>\n","protected":false},"featured_media":23177,"comment_status":"open","ping_status":"closed","template":"","meta":[],"product_brand":[284],"product_cat":[290,209,198,155],"product_tag":[247,258,251,304],"yoast_head":"<!-- This site is optimized with the Yoast SEO plugin v23.5 - https:\/\/yoast.com\/wordpress\/plugins\/seo\/ -->\n<title>R\u00f3\u017ca Krzewiasta Sunshine Reggae\u00ae - R\u00f3\u017ce ogrodowe - Sklep Sobieszek producent<\/title>\n<meta name=\"description\" content=\"Sunshine Reggae\u00ae to wyj\u0105tkowa r\u00f3\u017ca\u00a0 o intensywnie morelowych, promiennych kwiatach, kt\u00f3re przywodz\u0105 na my\u015bl letnie s\u0142o\u0144ce i beztroski klimat wakacji.\" \/>\n<meta name=\"robots\" content=\"index, follow, max-snippet:-1, max-image-preview:large, max-video-preview:-1\" \/>\n<link rel=\"canonical\" href=\"https:\/\/roza-sobieszek.pl\/sklep\/produkt\/roza-krzewiasta-sunshine-reggae\/\" \/>\n<meta property=\"og:locale\" content=\"pl_PL\" \/>\n<meta property=\"og:type\" content=\"article\" \/>\n<meta property=\"og:title\" content=\"R\u00f3\u017ca Krzewiasta Sunshine Reggae\u00ae - R\u00f3\u017ce ogrodowe - Sklep Sobieszek producent\" \/>\n<meta property=\"og:description\" content=\"Sunshine Reggae\u00ae to wyj\u0105tkowa r\u00f3\u017ca\u00a0 o intensywnie morelowych, promiennych kwiatach, kt\u00f3re przywodz\u0105 na my\u015bl letnie s\u0142o\u0144ce i beztroski klimat wakacji.\" \/>\n<meta property=\"og:url\" content=\"https:\/\/roza-sobieszek.pl\/sklep\/produkt\/roza-krzewiasta-sunshine-reggae\/\" \/>\n<meta property=\"og:site_name\" content=\"R\u00f3\u017ce ogrodowe - Sklep Sobieszek producent\" \/>\n<meta property=\"article:publisher\" content=\"https:\/\/www.facebook.com\/profile.php?id=100063681485170\" \/>\n<meta property=\"article:modified_time\" content=\"2026-04-13T22:35:40+00:00\" \/>\n<meta property=\"og:image\" content=\"https:\/\/roza-sobieszek.pl\/sklep\/wp-content\/uploads\/2026\/02\/Sunshine-R-1024x683.jpg\" \/>\n\t<meta property=\"og:image:width\" content=\"1024\" \/>\n\t<meta property=\"og:image:height\" content=\"683\" \/>\n\t<meta property=\"og:image:type\" content=\"image\/jpeg\" \/>\n<meta name=\"twitter:card\" content=\"summary_large_image\" \/>\n<meta name=\"twitter:label1\" content=\"Szacowany czas czytania\" \/>\n\t<meta name=\"twitter:data1\" content=\"1 minuta\" \/>\n<script type=\"application\/ld+json\" class=\"yoast-schema-graph\">{\"@context\":\"https:\/\/schema.org\",\"@graph\":[{\"@type\":\"WebPage\",\"@id\":\"https:\/\/roza-sobieszek.pl\/sklep\/produkt\/roza-krzewiasta-sunshine-reggae\/\",\"url\":\"https:\/\/roza-sobieszek.pl\/sklep\/produkt\/roza-krzewiasta-sunshine-reggae\/\",\"name\":\"R\u00f3\u017ca Krzewiasta Sunshine Reggae\u00ae - R\u00f3\u017ce ogrodowe - Sklep Sobieszek producent\",\"isPartOf\":{\"@id\":\"https:\/\/roza-sobieszek.pl\/sklep\/#website\"},\"primaryImageOfPage\":{\"@id\":\"https:\/\/roza-sobieszek.pl\/sklep\/produkt\/roza-krzewiasta-sunshine-reggae\/#primaryimage\"},\"image\":{\"@id\":\"https:\/\/roza-sobieszek.pl\/sklep\/produkt\/roza-krzewiasta-sunshine-reggae\/#primaryimage\"},\"thumbnailUrl\":\"https:\/\/roza-sobieszek.pl\/sklep\/wp-content\/uploads\/2026\/02\/Sunshine-R.jpg\",\"datePublished\":\"2026-02-17T12:41:48+00:00\",\"dateModified\":\"2026-04-13T22:35:40+00:00\",\"description\":\"Sunshine Reggae\u00ae to wyj\u0105tkowa r\u00f3\u017ca\u00a0 o intensywnie morelowych, promiennych kwiatach, kt\u00f3re przywodz\u0105 na my\u015bl letnie s\u0142o\u0144ce i beztroski klimat wakacji.\",\"breadcrumb\":{\"@id\":\"https:\/\/roza-sobieszek.pl\/sklep\/produkt\/roza-krzewiasta-sunshine-reggae\/#breadcrumb\"},\"inLanguage\":\"pl-PL\",\"potentialAction\":[{\"@type\":\"ReadAction\",\"target\":[\"https:\/\/roza-sobieszek.pl\/sklep\/produkt\/roza-krzewiasta-sunshine-reggae\/\"]}]},{\"@type\":\"ImageObject\",\"inLanguage\":\"pl-PL\",\"@id\":\"https:\/\/roza-sobieszek.pl\/sklep\/produkt\/roza-krzewiasta-sunshine-reggae\/#primaryimage\",\"url\":\"https:\/\/roza-sobieszek.pl\/sklep\/wp-content\/uploads\/2026\/02\/Sunshine-R.jpg\",\"contentUrl\":\"https:\/\/roza-sobieszek.pl\/sklep\/wp-content\/uploads\/2026\/02\/Sunshine-R.jpg\",\"width\":3543,\"height\":2362},{\"@type\":\"BreadcrumbList\",\"@id\":\"https:\/\/roza-sobieszek.pl\/sklep\/produkt\/roza-krzewiasta-sunshine-reggae\/#breadcrumb\",\"itemListElement\":[{\"@type\":\"ListItem\",\"position\":1,\"name\":\"Strona g\u0142\u00f3wna\",\"item\":\"https:\/\/roza-sobieszek.pl\/sklep\/\"},{\"@type\":\"ListItem\",\"position\":2,\"name\":\"Shop\",\"item\":\"https:\/\/roza-sobieszek.pl\/sklep\/shop\/\"},{\"@type\":\"ListItem\",\"position\":3,\"name\":\"R\u00f3\u017ca Krzewiasta Sunshine Reggae\u00ae\"}]},{\"@type\":\"WebSite\",\"@id\":\"https:\/\/roza-sobieszek.pl\/sklep\/#website\",\"url\":\"https:\/\/roza-sobieszek.pl\/sklep\/\",\"name\":\"R\u00f3\u017ce ogrodowe - Sklep Sobieszek producent\",\"description\":\"\",\"publisher\":{\"@id\":\"https:\/\/roza-sobieszek.pl\/sklep\/#organization\"},\"potentialAction\":[{\"@type\":\"SearchAction\",\"target\":{\"@type\":\"EntryPoint\",\"urlTemplate\":\"https:\/\/roza-sobieszek.pl\/sklep\/?s={search_term_string}\"},\"query-input\":{\"@type\":\"PropertyValueSpecification\",\"valueRequired\":true,\"valueName\":\"search_term_string\"}}],\"inLanguage\":\"pl-PL\"},{\"@type\":\"Organization\",\"@id\":\"https:\/\/roza-sobieszek.pl\/sklep\/#organization\",\"name\":\"R\u00f3\u017ce ogrodowe - Sklep Sobieszek producent\",\"url\":\"https:\/\/roza-sobieszek.pl\/sklep\/\",\"logo\":{\"@type\":\"ImageObject\",\"inLanguage\":\"pl-PL\",\"@id\":\"https:\/\/roza-sobieszek.pl\/sklep\/#\/schema\/logo\/image\/\",\"url\":\"https:\/\/roza-sobieszek.pl\/sklep\/wp-content\/uploads\/2016\/08\/IMG_0358-1.jpg\",\"contentUrl\":\"https:\/\/roza-sobieszek.pl\/sklep\/wp-content\/uploads\/2016\/08\/IMG_0358-1.jpg\",\"width\":2048,\"height\":1365,\"caption\":\"R\u00f3\u017ce ogrodowe - Sklep Sobieszek producent\"},\"image\":{\"@id\":\"https:\/\/roza-sobieszek.pl\/sklep\/#\/schema\/logo\/image\/\"},\"sameAs\":[\"https:\/\/www.facebook.com\/profile.php?id=100063681485170\"]}]}<\/script>\n<!-- \/ Yoast SEO plugin. -->","yoast_head_json":{"title":"R\u00f3\u017ca Krzewiasta Sunshine Reggae\u00ae - R\u00f3\u017ce ogrodowe - Sklep Sobieszek producent","description":"Sunshine Reggae\u00ae to wyj\u0105tkowa r\u00f3\u017ca\u00a0 o intensywnie morelowych, promiennych kwiatach, kt\u00f3re przywodz\u0105 na my\u015bl letnie s\u0142o\u0144ce i beztroski klimat wakacji.","robots":{"index":"index","follow":"follow","max-snippet":"max-snippet:-1","max-image-preview":"max-image-preview:large","max-video-preview":"max-video-preview:-1"},"canonical":"https:\/\/roza-sobieszek.pl\/sklep\/produkt\/roza-krzewiasta-sunshine-reggae\/","og_locale":"pl_PL","og_type":"article","og_title":"R\u00f3\u017ca Krzewiasta Sunshine Reggae\u00ae - R\u00f3\u017ce ogrodowe - Sklep Sobieszek producent","og_description":"Sunshine Reggae\u00ae to wyj\u0105tkowa r\u00f3\u017ca\u00a0 o intensywnie morelowych, promiennych kwiatach, kt\u00f3re przywodz\u0105 na my\u015bl letnie s\u0142o\u0144ce i beztroski klimat wakacji.","og_url":"https:\/\/roza-sobieszek.pl\/sklep\/produkt\/roza-krzewiasta-sunshine-reggae\/","og_site_name":"R\u00f3\u017ce ogrodowe - Sklep Sobieszek producent","article_publisher":"https:\/\/www.facebook.com\/profile.php?id=100063681485170","article_modified_time":"2026-04-13T22:35:40+00:00","og_image":[{"width":1024,"height":683,"url":"https:\/\/roza-sobieszek.pl\/sklep\/wp-content\/uploads\/2026\/02\/Sunshine-R-1024x683.jpg","type":"image\/jpeg"}],"twitter_card":"summary_large_image","twitter_misc":{"Szacowany czas czytania":"1 minuta"},"schema":{"@context":"https:\/\/schema.org","@graph":[{"@type":"WebPage","@id":"https:\/\/roza-sobieszek.pl\/sklep\/produkt\/roza-krzewiasta-sunshine-reggae\/","url":"https:\/\/roza-sobieszek.pl\/sklep\/produkt\/roza-krzewiasta-sunshine-reggae\/","name":"R\u00f3\u017ca Krzewiasta Sunshine Reggae\u00ae - R\u00f3\u017ce ogrodowe - Sklep Sobieszek producent","isPartOf":{"@id":"https:\/\/roza-sobieszek.pl\/sklep\/#website"},"primaryImageOfPage":{"@id":"https:\/\/roza-sobieszek.pl\/sklep\/produkt\/roza-krzewiasta-sunshine-reggae\/#primaryimage"},"image":{"@id":"https:\/\/roza-sobieszek.pl\/sklep\/produkt\/roza-krzewiasta-sunshine-reggae\/#primaryimage"},"thumbnailUrl":"https:\/\/roza-sobieszek.pl\/sklep\/wp-content\/uploads\/2026\/02\/Sunshine-R.jpg","datePublished":"2026-02-17T12:41:48+00:00","dateModified":"2026-04-13T22:35:40+00:00","description":"Sunshine Reggae\u00ae to wyj\u0105tkowa r\u00f3\u017ca\u00a0 o intensywnie morelowych, promiennych kwiatach, kt\u00f3re przywodz\u0105 na my\u015bl letnie s\u0142o\u0144ce i beztroski klimat wakacji.","breadcrumb":{"@id":"https:\/\/roza-sobieszek.pl\/sklep\/produkt\/roza-krzewiasta-sunshine-reggae\/#breadcrumb"},"inLanguage":"pl-PL","potentialAction":[{"@type":"ReadAction","target":["https:\/\/roza-sobieszek.pl\/sklep\/produkt\/roza-krzewiasta-sunshine-reggae\/"]}]},{"@type":"ImageObject","inLanguage":"pl-PL","@id":"https:\/\/roza-sobieszek.pl\/sklep\/produkt\/roza-krzewiasta-sunshine-reggae\/#primaryimage","url":"https:\/\/roza-sobieszek.pl\/sklep\/wp-content\/uploads\/2026\/02\/Sunshine-R.jpg","contentUrl":"https:\/\/roza-sobieszek.pl\/sklep\/wp-content\/uploads\/2026\/02\/Sunshine-R.jpg","width":3543,"height":2362},{"@type":"BreadcrumbList","@id":"https:\/\/roza-sobieszek.pl\/sklep\/produkt\/roza-krzewiasta-sunshine-reggae\/#breadcrumb","itemListElement":[{"@type":"ListItem","position":1,"name":"Strona g\u0142\u00f3wna","item":"https:\/\/roza-sobieszek.pl\/sklep\/"},{"@type":"ListItem","position":2,"name":"Shop","item":"https:\/\/roza-sobieszek.pl\/sklep\/shop\/"},{"@type":"ListItem","position":3,"name":"R\u00f3\u017ca Krzewiasta Sunshine Reggae\u00ae"}]},{"@type":"WebSite","@id":"https:\/\/roza-sobieszek.pl\/sklep\/#website","url":"https:\/\/roza-sobieszek.pl\/sklep\/","name":"R\u00f3\u017ce ogrodowe - Sklep Sobieszek producent","description":"","publisher":{"@id":"https:\/\/roza-sobieszek.pl\/sklep\/#organization"},"potentialAction":[{"@type":"SearchAction","target":{"@type":"EntryPoint","urlTemplate":"https:\/\/roza-sobieszek.pl\/sklep\/?s={search_term_string}"},"query-input":{"@type":"PropertyValueSpecification","valueRequired":true,"valueName":"search_term_string"}}],"inLanguage":"pl-PL"},{"@type":"Organization","@id":"https:\/\/roza-sobieszek.pl\/sklep\/#organization","name":"R\u00f3\u017ce ogrodowe - Sklep Sobieszek producent","url":"https:\/\/roza-sobieszek.pl\/sklep\/","logo":{"@type":"ImageObject","inLanguage":"pl-PL","@id":"https:\/\/roza-sobieszek.pl\/sklep\/#\/schema\/logo\/image\/","url":"https:\/\/roza-sobieszek.pl\/sklep\/wp-content\/uploads\/2016\/08\/IMG_0358-1.jpg","contentUrl":"https:\/\/roza-sobieszek.pl\/sklep\/wp-content\/uploads\/2016\/08\/IMG_0358-1.jpg","width":2048,"height":1365,"caption":"R\u00f3\u017ce ogrodowe - Sklep Sobieszek producent"},"image":{"@id":"https:\/\/roza-sobieszek.pl\/sklep\/#\/schema\/logo\/image\/"},"sameAs":["https:\/\/www.facebook.com\/profile.php?id=100063681485170"]}]}},"_links":{"self":[{"href":"https:\/\/roza-sobieszek.pl\/sklep\/wp-json\/wp\/v2\/product\/23151"}],"collection":[{"href":"https:\/\/roza-sobieszek.pl\/sklep\/wp-json\/wp\/v2\/product"}],"about":[{"href":"https:\/\/roza-sobieszek.pl\/sklep\/wp-json\/wp\/v2\/types\/product"}],"replies":[{"embeddable":true,"href":"https:\/\/roza-sobieszek.pl\/sklep\/wp-json\/wp\/v2\/comments?post=23151"}],"wp:featuredmedia":[{"embeddable":true,"href":"https:\/\/roza-sobieszek.pl\/sklep\/wp-json\/wp\/v2\/media\/23177"}],"wp:attachment":[{"href":"https:\/\/roza-sobieszek.pl\/sklep\/wp-json\/wp\/v2\/media?parent=23151"}],"wp:term":[{"taxonomy":"product_brand","embeddable":true,"href":"https:\/\/roza-sobieszek.pl\/sklep\/wp-json\/wp\/v2\/product_brand?post=23151"},{"taxonomy":"product_cat","embeddable":true,"href":"https:\/\/roza-sobieszek.pl\/sklep\/wp-json\/wp\/v2\/product_cat?post=23151"},{"taxonomy":"product_tag","embeddable":true,"href":"https:\/\/roza-sobieszek.pl\/sklep\/wp-json\/wp\/v2\/product_tag?post=23151"}],"curies":[{"name":"wp","href":"https:\/\/api.w.org\/{rel}","templated":true}]}}