{"id":23179,"date":"2026-02-19T13:39:18","date_gmt":"2026-02-19T13:39:18","guid":{"rendered":"https:\/\/roza-sobieszek.pl\/sklep\/?post_type=product&#038;p=23179"},"modified":"2026-04-09T15:34:03","modified_gmt":"2026-04-09T15:34:03","slug":"roza-krzewiasta-wielkokwiatowa-misiu-pysiu","status":"publish","type":"product","link":"https:\/\/roza-sobieszek.pl\/sklep\/produkt\/roza-krzewiasta-wielkokwiatowa-misiu-pysiu\/","title":{"rendered":"R\u00f3\u017ca Krzewiasta Wielkokwiatowa Misiu Pysiu\u00ae"},"content":{"rendered":"<h1 class=\"product_title entry-title elementor-heading-title elementor-size-default\">Misiu Pysiu\u00ae<\/h1>\n<p data-start=\"62\" data-end=\"244\">Odmiana wyr\u00f3\u017cniaj\u0105ca si\u0119 wyj\u0105tkowo okaza\u0142ymi kwiatami, osi\u0105gaj\u0105cymi do 14 cm \u015brednicy. Ich pe\u0142na, misternie zbudowana rozetowa forma nadaje im klasyczny, niemal historyczny wygl\u0105d.<\/p>\n<p data-start=\"246\" data-end=\"472\">Kolorystyka zachwyca ciep\u0142\u0105 mieszank\u0105 ton\u00f3w morelowych i miedzianych, kt\u00f3re harmonijnie przenikaj\u0105 si\u0119 z delikatnym fio\u0142kowym mu\u015bni\u0119ciem na zewn\u0119trznych p\u0142atkach. To zestawienie barw tworzy efekt g\u0142\u0119bi i subtelnej elegancji.<\/p>\n<p data-start=\"474\" data-end=\"668\">Krzew ro\u015bnie silnie, jest odporny i zdrowy, o dobrej kondycji przez ca\u0142y sezon. Charakterem nawi\u0105zuje do dawnych r\u00f3\u017c ogrodowych, \u0142\u0105cz\u0105c ich romantyczny styl z wi\u0119ksz\u0105 niezawodno\u015bci\u0105 w uprawie.<\/p>\n<p data-start=\"670\" data-end=\"785\">Zapach \u015brednio intensywny, wielowymiarowy i wywa\u017cony \u2013 nienachalny, lecz przyjemnie wyczuwalny w pobli\u017cu ro\u015bliny.<\/p>\n<p data-start=\"787\" data-end=\"916\" data-is-last-node=\"\" data-is-only-node=\"\">To doskona\u0142y wyb\u00f3r do ogrod\u00f3w w stylu klasycznym i naturalistycznym, gdzie liczy si\u0119 elegancja, forma i ponadczasowe pi\u0119kno.<\/p>\n<p>&nbsp;<\/p>\n<p data-start=\"757\" data-end=\"1134\">\n","protected":false},"excerpt":{"rendered":"<p>Nowo\u015b\u0107 polskiego hodowcy<\/p>\n<p>Misiu Pysiu\u00ae<\/p>\n<ul>\n<li>Nazwa: Misiu Pysiu\u00ae<\/li>\n<li>Kolor: morelowy<\/li>\n<li>Wzrost: 140 cm<\/li>\n<li>Wielko\u015b\u0107 kwiatu: pe\u0142ne 15 cm<\/li>\n<li>Zapach:++++<\/li>\n<li>Stanowisko: s\u0142oneczne<\/li>\n<li>Okres kwitnienia: VI \u2013 X<\/li>\n<li>Powtarza kwitnienie: tak<\/li>\n<li>Typ: krzewiasta<\/li>\n<\/ul>\n","protected":false},"featured_media":23182,"comment_status":"open","ping_status":"closed","template":"","meta":[],"product_brand":[],"product_cat":[290,209,198,155],"product_tag":[247,258,251,304],"yoast_head":"<!-- This site is optimized with the Yoast SEO plugin v23.5 - https:\/\/yoast.com\/wordpress\/plugins\/seo\/ -->\n<title>R\u00f3\u017ca Krzewiasta Wielkokwiatowa Misiu Pysiu\u00ae - R\u00f3\u017ce ogrodowe - Sklep Sobieszek producent<\/title>\n<meta name=\"description\" content=\"Odmiana wyr\u00f3\u017cniaj\u0105ca si\u0119 wyj\u0105tkowo okaza\u0142ymi kwiatami, osi\u0105gaj\u0105cymi do 14 cm \u015brednicy. Ich pe\u0142na, misternie zbudowana rozetowa forma nadaje im klasyczny, niemal historyczny wygl\u0105d.\" \/>\n<meta name=\"robots\" content=\"index, follow, max-snippet:-1, max-image-preview:large, max-video-preview:-1\" \/>\n<link rel=\"canonical\" href=\"https:\/\/roza-sobieszek.pl\/sklep\/produkt\/roza-krzewiasta-wielkokwiatowa-misiu-pysiu\/\" \/>\n<meta property=\"og:locale\" content=\"pl_PL\" \/>\n<meta property=\"og:type\" content=\"article\" \/>\n<meta property=\"og:title\" content=\"R\u00f3\u017ca Krzewiasta Wielkokwiatowa Misiu Pysiu\u00ae - R\u00f3\u017ce ogrodowe - Sklep Sobieszek producent\" \/>\n<meta property=\"og:description\" content=\"Odmiana wyr\u00f3\u017cniaj\u0105ca si\u0119 wyj\u0105tkowo okaza\u0142ymi kwiatami, osi\u0105gaj\u0105cymi do 14 cm \u015brednicy. Ich pe\u0142na, misternie zbudowana rozetowa forma nadaje im klasyczny, niemal historyczny wygl\u0105d.\" \/>\n<meta property=\"og:url\" content=\"https:\/\/roza-sobieszek.pl\/sklep\/produkt\/roza-krzewiasta-wielkokwiatowa-misiu-pysiu\/\" \/>\n<meta property=\"og:site_name\" content=\"R\u00f3\u017ce ogrodowe - Sklep Sobieszek producent\" \/>\n<meta property=\"article:publisher\" content=\"https:\/\/www.facebook.com\/profile.php?id=100063681485170\" \/>\n<meta property=\"article:modified_time\" content=\"2026-04-09T15:34:03+00:00\" \/>\n<meta property=\"og:image\" content=\"https:\/\/roza-sobieszek.pl\/sklep\/wp-content\/uploads\/2026\/02\/Misiu-Pysiu_3K.jpg\" \/>\n\t<meta property=\"og:image:width\" content=\"806\" \/>\n\t<meta property=\"og:image:height\" content=\"806\" \/>\n\t<meta property=\"og:image:type\" content=\"image\/jpeg\" \/>\n<meta name=\"twitter:card\" content=\"summary_large_image\" \/>\n<meta name=\"twitter:label1\" content=\"Szacowany czas czytania\" \/>\n\t<meta name=\"twitter:data1\" content=\"1 minuta\" \/>\n<script type=\"application\/ld+json\" class=\"yoast-schema-graph\">{\"@context\":\"https:\/\/schema.org\",\"@graph\":[{\"@type\":\"WebPage\",\"@id\":\"https:\/\/roza-sobieszek.pl\/sklep\/produkt\/roza-krzewiasta-wielkokwiatowa-misiu-pysiu\/\",\"url\":\"https:\/\/roza-sobieszek.pl\/sklep\/produkt\/roza-krzewiasta-wielkokwiatowa-misiu-pysiu\/\",\"name\":\"R\u00f3\u017ca Krzewiasta Wielkokwiatowa Misiu Pysiu\u00ae - R\u00f3\u017ce ogrodowe - Sklep Sobieszek producent\",\"isPartOf\":{\"@id\":\"https:\/\/roza-sobieszek.pl\/sklep\/#website\"},\"primaryImageOfPage\":{\"@id\":\"https:\/\/roza-sobieszek.pl\/sklep\/produkt\/roza-krzewiasta-wielkokwiatowa-misiu-pysiu\/#primaryimage\"},\"image\":{\"@id\":\"https:\/\/roza-sobieszek.pl\/sklep\/produkt\/roza-krzewiasta-wielkokwiatowa-misiu-pysiu\/#primaryimage\"},\"thumbnailUrl\":\"https:\/\/roza-sobieszek.pl\/sklep\/wp-content\/uploads\/2026\/02\/Misiu-Pysiu_3K.jpg\",\"datePublished\":\"2026-02-19T13:39:18+00:00\",\"dateModified\":\"2026-04-09T15:34:03+00:00\",\"description\":\"Odmiana wyr\u00f3\u017cniaj\u0105ca si\u0119 wyj\u0105tkowo okaza\u0142ymi kwiatami, osi\u0105gaj\u0105cymi do 14 cm \u015brednicy. Ich pe\u0142na, misternie zbudowana rozetowa forma nadaje im klasyczny, niemal historyczny wygl\u0105d.\",\"breadcrumb\":{\"@id\":\"https:\/\/roza-sobieszek.pl\/sklep\/produkt\/roza-krzewiasta-wielkokwiatowa-misiu-pysiu\/#breadcrumb\"},\"inLanguage\":\"pl-PL\",\"potentialAction\":[{\"@type\":\"ReadAction\",\"target\":[\"https:\/\/roza-sobieszek.pl\/sklep\/produkt\/roza-krzewiasta-wielkokwiatowa-misiu-pysiu\/\"]}]},{\"@type\":\"ImageObject\",\"inLanguage\":\"pl-PL\",\"@id\":\"https:\/\/roza-sobieszek.pl\/sklep\/produkt\/roza-krzewiasta-wielkokwiatowa-misiu-pysiu\/#primaryimage\",\"url\":\"https:\/\/roza-sobieszek.pl\/sklep\/wp-content\/uploads\/2026\/02\/Misiu-Pysiu_3K.jpg\",\"contentUrl\":\"https:\/\/roza-sobieszek.pl\/sklep\/wp-content\/uploads\/2026\/02\/Misiu-Pysiu_3K.jpg\",\"width\":806,\"height\":806},{\"@type\":\"BreadcrumbList\",\"@id\":\"https:\/\/roza-sobieszek.pl\/sklep\/produkt\/roza-krzewiasta-wielkokwiatowa-misiu-pysiu\/#breadcrumb\",\"itemListElement\":[{\"@type\":\"ListItem\",\"position\":1,\"name\":\"Strona g\u0142\u00f3wna\",\"item\":\"https:\/\/roza-sobieszek.pl\/sklep\/\"},{\"@type\":\"ListItem\",\"position\":2,\"name\":\"Shop\",\"item\":\"https:\/\/roza-sobieszek.pl\/sklep\/shop\/\"},{\"@type\":\"ListItem\",\"position\":3,\"name\":\"R\u00f3\u017ca Krzewiasta Wielkokwiatowa Misiu Pysiu\u00ae\"}]},{\"@type\":\"WebSite\",\"@id\":\"https:\/\/roza-sobieszek.pl\/sklep\/#website\",\"url\":\"https:\/\/roza-sobieszek.pl\/sklep\/\",\"name\":\"R\u00f3\u017ce ogrodowe - Sklep Sobieszek producent\",\"description\":\"\",\"publisher\":{\"@id\":\"https:\/\/roza-sobieszek.pl\/sklep\/#organization\"},\"potentialAction\":[{\"@type\":\"SearchAction\",\"target\":{\"@type\":\"EntryPoint\",\"urlTemplate\":\"https:\/\/roza-sobieszek.pl\/sklep\/?s={search_term_string}\"},\"query-input\":{\"@type\":\"PropertyValueSpecification\",\"valueRequired\":true,\"valueName\":\"search_term_string\"}}],\"inLanguage\":\"pl-PL\"},{\"@type\":\"Organization\",\"@id\":\"https:\/\/roza-sobieszek.pl\/sklep\/#organization\",\"name\":\"R\u00f3\u017ce ogrodowe - Sklep Sobieszek producent\",\"url\":\"https:\/\/roza-sobieszek.pl\/sklep\/\",\"logo\":{\"@type\":\"ImageObject\",\"inLanguage\":\"pl-PL\",\"@id\":\"https:\/\/roza-sobieszek.pl\/sklep\/#\/schema\/logo\/image\/\",\"url\":\"https:\/\/roza-sobieszek.pl\/sklep\/wp-content\/uploads\/2016\/08\/IMG_0358-1.jpg\",\"contentUrl\":\"https:\/\/roza-sobieszek.pl\/sklep\/wp-content\/uploads\/2016\/08\/IMG_0358-1.jpg\",\"width\":2048,\"height\":1365,\"caption\":\"R\u00f3\u017ce ogrodowe - Sklep Sobieszek producent\"},\"image\":{\"@id\":\"https:\/\/roza-sobieszek.pl\/sklep\/#\/schema\/logo\/image\/\"},\"sameAs\":[\"https:\/\/www.facebook.com\/profile.php?id=100063681485170\"]}]}<\/script>\n<!-- \/ Yoast SEO plugin. -->","yoast_head_json":{"title":"R\u00f3\u017ca Krzewiasta Wielkokwiatowa Misiu Pysiu\u00ae - R\u00f3\u017ce ogrodowe - Sklep Sobieszek producent","description":"Odmiana wyr\u00f3\u017cniaj\u0105ca si\u0119 wyj\u0105tkowo okaza\u0142ymi kwiatami, osi\u0105gaj\u0105cymi do 14 cm \u015brednicy. Ich pe\u0142na, misternie zbudowana rozetowa forma nadaje im klasyczny, niemal historyczny wygl\u0105d.","robots":{"index":"index","follow":"follow","max-snippet":"max-snippet:-1","max-image-preview":"max-image-preview:large","max-video-preview":"max-video-preview:-1"},"canonical":"https:\/\/roza-sobieszek.pl\/sklep\/produkt\/roza-krzewiasta-wielkokwiatowa-misiu-pysiu\/","og_locale":"pl_PL","og_type":"article","og_title":"R\u00f3\u017ca Krzewiasta Wielkokwiatowa Misiu Pysiu\u00ae - R\u00f3\u017ce ogrodowe - Sklep Sobieszek producent","og_description":"Odmiana wyr\u00f3\u017cniaj\u0105ca si\u0119 wyj\u0105tkowo okaza\u0142ymi kwiatami, osi\u0105gaj\u0105cymi do 14 cm \u015brednicy. Ich pe\u0142na, misternie zbudowana rozetowa forma nadaje im klasyczny, niemal historyczny wygl\u0105d.","og_url":"https:\/\/roza-sobieszek.pl\/sklep\/produkt\/roza-krzewiasta-wielkokwiatowa-misiu-pysiu\/","og_site_name":"R\u00f3\u017ce ogrodowe - Sklep Sobieszek producent","article_publisher":"https:\/\/www.facebook.com\/profile.php?id=100063681485170","article_modified_time":"2026-04-09T15:34:03+00:00","og_image":[{"width":806,"height":806,"url":"https:\/\/roza-sobieszek.pl\/sklep\/wp-content\/uploads\/2026\/02\/Misiu-Pysiu_3K.jpg","type":"image\/jpeg"}],"twitter_card":"summary_large_image","twitter_misc":{"Szacowany czas czytania":"1 minuta"},"schema":{"@context":"https:\/\/schema.org","@graph":[{"@type":"WebPage","@id":"https:\/\/roza-sobieszek.pl\/sklep\/produkt\/roza-krzewiasta-wielkokwiatowa-misiu-pysiu\/","url":"https:\/\/roza-sobieszek.pl\/sklep\/produkt\/roza-krzewiasta-wielkokwiatowa-misiu-pysiu\/","name":"R\u00f3\u017ca Krzewiasta Wielkokwiatowa Misiu Pysiu\u00ae - R\u00f3\u017ce ogrodowe - Sklep Sobieszek producent","isPartOf":{"@id":"https:\/\/roza-sobieszek.pl\/sklep\/#website"},"primaryImageOfPage":{"@id":"https:\/\/roza-sobieszek.pl\/sklep\/produkt\/roza-krzewiasta-wielkokwiatowa-misiu-pysiu\/#primaryimage"},"image":{"@id":"https:\/\/roza-sobieszek.pl\/sklep\/produkt\/roza-krzewiasta-wielkokwiatowa-misiu-pysiu\/#primaryimage"},"thumbnailUrl":"https:\/\/roza-sobieszek.pl\/sklep\/wp-content\/uploads\/2026\/02\/Misiu-Pysiu_3K.jpg","datePublished":"2026-02-19T13:39:18+00:00","dateModified":"2026-04-09T15:34:03+00:00","description":"Odmiana wyr\u00f3\u017cniaj\u0105ca si\u0119 wyj\u0105tkowo okaza\u0142ymi kwiatami, osi\u0105gaj\u0105cymi do 14 cm \u015brednicy. Ich pe\u0142na, misternie zbudowana rozetowa forma nadaje im klasyczny, niemal historyczny wygl\u0105d.","breadcrumb":{"@id":"https:\/\/roza-sobieszek.pl\/sklep\/produkt\/roza-krzewiasta-wielkokwiatowa-misiu-pysiu\/#breadcrumb"},"inLanguage":"pl-PL","potentialAction":[{"@type":"ReadAction","target":["https:\/\/roza-sobieszek.pl\/sklep\/produkt\/roza-krzewiasta-wielkokwiatowa-misiu-pysiu\/"]}]},{"@type":"ImageObject","inLanguage":"pl-PL","@id":"https:\/\/roza-sobieszek.pl\/sklep\/produkt\/roza-krzewiasta-wielkokwiatowa-misiu-pysiu\/#primaryimage","url":"https:\/\/roza-sobieszek.pl\/sklep\/wp-content\/uploads\/2026\/02\/Misiu-Pysiu_3K.jpg","contentUrl":"https:\/\/roza-sobieszek.pl\/sklep\/wp-content\/uploads\/2026\/02\/Misiu-Pysiu_3K.jpg","width":806,"height":806},{"@type":"BreadcrumbList","@id":"https:\/\/roza-sobieszek.pl\/sklep\/produkt\/roza-krzewiasta-wielkokwiatowa-misiu-pysiu\/#breadcrumb","itemListElement":[{"@type":"ListItem","position":1,"name":"Strona g\u0142\u00f3wna","item":"https:\/\/roza-sobieszek.pl\/sklep\/"},{"@type":"ListItem","position":2,"name":"Shop","item":"https:\/\/roza-sobieszek.pl\/sklep\/shop\/"},{"@type":"ListItem","position":3,"name":"R\u00f3\u017ca Krzewiasta Wielkokwiatowa Misiu Pysiu\u00ae"}]},{"@type":"WebSite","@id":"https:\/\/roza-sobieszek.pl\/sklep\/#website","url":"https:\/\/roza-sobieszek.pl\/sklep\/","name":"R\u00f3\u017ce ogrodowe - Sklep Sobieszek producent","description":"","publisher":{"@id":"https:\/\/roza-sobieszek.pl\/sklep\/#organization"},"potentialAction":[{"@type":"SearchAction","target":{"@type":"EntryPoint","urlTemplate":"https:\/\/roza-sobieszek.pl\/sklep\/?s={search_term_string}"},"query-input":{"@type":"PropertyValueSpecification","valueRequired":true,"valueName":"search_term_string"}}],"inLanguage":"pl-PL"},{"@type":"Organization","@id":"https:\/\/roza-sobieszek.pl\/sklep\/#organization","name":"R\u00f3\u017ce ogrodowe - Sklep Sobieszek producent","url":"https:\/\/roza-sobieszek.pl\/sklep\/","logo":{"@type":"ImageObject","inLanguage":"pl-PL","@id":"https:\/\/roza-sobieszek.pl\/sklep\/#\/schema\/logo\/image\/","url":"https:\/\/roza-sobieszek.pl\/sklep\/wp-content\/uploads\/2016\/08\/IMG_0358-1.jpg","contentUrl":"https:\/\/roza-sobieszek.pl\/sklep\/wp-content\/uploads\/2016\/08\/IMG_0358-1.jpg","width":2048,"height":1365,"caption":"R\u00f3\u017ce ogrodowe - Sklep Sobieszek producent"},"image":{"@id":"https:\/\/roza-sobieszek.pl\/sklep\/#\/schema\/logo\/image\/"},"sameAs":["https:\/\/www.facebook.com\/profile.php?id=100063681485170"]}]}},"_links":{"self":[{"href":"https:\/\/roza-sobieszek.pl\/sklep\/wp-json\/wp\/v2\/product\/23179"}],"collection":[{"href":"https:\/\/roza-sobieszek.pl\/sklep\/wp-json\/wp\/v2\/product"}],"about":[{"href":"https:\/\/roza-sobieszek.pl\/sklep\/wp-json\/wp\/v2\/types\/product"}],"replies":[{"embeddable":true,"href":"https:\/\/roza-sobieszek.pl\/sklep\/wp-json\/wp\/v2\/comments?post=23179"}],"wp:featuredmedia":[{"embeddable":true,"href":"https:\/\/roza-sobieszek.pl\/sklep\/wp-json\/wp\/v2\/media\/23182"}],"wp:attachment":[{"href":"https:\/\/roza-sobieszek.pl\/sklep\/wp-json\/wp\/v2\/media?parent=23179"}],"wp:term":[{"taxonomy":"product_brand","embeddable":true,"href":"https:\/\/roza-sobieszek.pl\/sklep\/wp-json\/wp\/v2\/product_brand?post=23179"},{"taxonomy":"product_cat","embeddable":true,"href":"https:\/\/roza-sobieszek.pl\/sklep\/wp-json\/wp\/v2\/product_cat?post=23179"},{"taxonomy":"product_tag","embeddable":true,"href":"https:\/\/roza-sobieszek.pl\/sklep\/wp-json\/wp\/v2\/product_tag?post=23179"}],"curies":[{"name":"wp","href":"https:\/\/api.w.org\/{rel}","templated":true}]}}