{"id":23195,"date":"2026-02-19T16:15:01","date_gmt":"2026-02-19T16:15:01","guid":{"rendered":"https:\/\/roza-sobieszek.pl\/sklep\/?post_type=product&#038;p=23195"},"modified":"2026-04-13T15:47:14","modified_gmt":"2026-04-13T15:47:14","slug":"roza-miniaturowa-general-tadeusz-kosciuszko","status":"publish","type":"product","link":"https:\/\/roza-sobieszek.pl\/sklep\/produkt\/roza-miniaturowa-general-tadeusz-kosciuszko\/","title":{"rendered":"R\u00f3\u017ca Miniaturowa Genera\u0142 Ko\u015bciuszko\u00ae"},"content":{"rendered":"<h1 class=\"product_title entry-title elementor-heading-title elementor-size-default\">Genera\u0142 tadeusz Ko\u015bciuszko\u00ae<\/h1>\n<p data-start=\"62\" data-end=\"244\">Niewysoka r\u00f3\u017ca rabatowa o trwa\u0142ych, pe\u0142nych kwiatach u\u0142o\u017conych w kszta\u0142t rozet. Doskonale nadaje si\u0119 do uprawy w donicach, pojemnikach oraz na ma\u0142ych rabatach mieszanych, harmonijnie komponuj\u0105c si\u0119 z trawami i bylinami. Jej kwiaty maj\u0105 intensywny, czerwony odcie\u0144 przypominaj\u0105cy barw\u0119 polskiej flagi. Ro\u015blina \u015bwietnie sprawdza si\u0119 tak\u017ce w formie ci\u0119tej \u2013 idealna do niewielkich bukiecik\u00f3w lub butonierek, stanowi\u0105c eleganck\u0105 alternatyw\u0119 dla kotylion\u00f3w<\/p>\n<p data-start=\"757\" data-end=\"1134\">\n","protected":false},"excerpt":{"rendered":"<p>Nowo\u015b\u0107 polskiego hodowcy<\/p>\n<p>Genera\u0142 Tadeusz Ko\u015bciuszko\u00ae<\/p>\n<ul>\n<li>Nazwa: Genera\u0142 Tadeusz Ko\u015bciuszko\u00ae<\/li>\n<li>Kolor: ciemno czerwony<\/li>\n<li>Wzrost:50 cm<\/li>\n<li>Wielko\u015b\u0107 kwiatu: pe\u0142ny<\/li>\n<li>Zapach: delikatny<\/li>\n<li>Stanowisko: s\u0142oneczne<\/li>\n<li>Okres kwitnienia: VI \u2013 X<\/li>\n<li>Powtarza kwitnienie: tak<\/li>\n<li>Typ: miniaturowa<\/li>\n<\/ul>\n","protected":false},"featured_media":23198,"comment_status":"open","ping_status":"closed","template":"","meta":[],"product_brand":[],"product_cat":[290,209,198,155],"product_tag":[247,258,251,304],"yoast_head":"<!-- This site is optimized with the Yoast SEO plugin v23.5 - https:\/\/yoast.com\/wordpress\/plugins\/seo\/ -->\n<title>R\u00f3\u017ca Miniaturowa Genera\u0142 Ko\u015bciuszko\u00ae - R\u00f3\u017ce ogrodowe - Sklep Sobieszek producent<\/title>\n<meta name=\"description\" content=\"Niewysoka r\u00f3\u017ca rabatowa o trwa\u0142ych, pe\u0142nych kwiatach u\u0142o\u017conych w kszta\u0142t rozet. Doskonale nadaje si\u0119 do uprawy w donicach\" \/>\n<meta name=\"robots\" content=\"index, follow, max-snippet:-1, max-image-preview:large, max-video-preview:-1\" \/>\n<link rel=\"canonical\" href=\"https:\/\/roza-sobieszek.pl\/sklep\/produkt\/roza-miniaturowa-general-tadeusz-kosciuszko\/\" \/>\n<meta property=\"og:locale\" content=\"pl_PL\" \/>\n<meta property=\"og:type\" content=\"article\" \/>\n<meta property=\"og:title\" content=\"R\u00f3\u017ca Miniaturowa Genera\u0142 Ko\u015bciuszko\u00ae - R\u00f3\u017ce ogrodowe - Sklep Sobieszek producent\" \/>\n<meta property=\"og:description\" content=\"Niewysoka r\u00f3\u017ca rabatowa o trwa\u0142ych, pe\u0142nych kwiatach u\u0142o\u017conych w kszta\u0142t rozet. Doskonale nadaje si\u0119 do uprawy w donicach\" \/>\n<meta property=\"og:url\" content=\"https:\/\/roza-sobieszek.pl\/sklep\/produkt\/roza-miniaturowa-general-tadeusz-kosciuszko\/\" \/>\n<meta property=\"og:site_name\" content=\"R\u00f3\u017ce ogrodowe - Sklep Sobieszek producent\" \/>\n<meta property=\"article:publisher\" content=\"https:\/\/www.facebook.com\/profile.php?id=100063681485170\" \/>\n<meta property=\"article:modified_time\" content=\"2026-04-13T15:47:14+00:00\" \/>\n<meta property=\"og:image\" content=\"https:\/\/roza-sobieszek.pl\/sklep\/wp-content\/uploads\/2026\/02\/24-3-216074-General-Tadeusz-Kosciuszko1.jpg\" \/>\n\t<meta property=\"og:image:width\" content=\"1024\" \/>\n\t<meta property=\"og:image:height\" content=\"1024\" \/>\n\t<meta property=\"og:image:type\" content=\"image\/jpeg\" \/>\n<meta name=\"twitter:card\" content=\"summary_large_image\" \/>\n<meta name=\"twitter:label1\" content=\"Szacowany czas czytania\" \/>\n\t<meta name=\"twitter:data1\" content=\"1 minuta\" \/>\n<script type=\"application\/ld+json\" class=\"yoast-schema-graph\">{\"@context\":\"https:\/\/schema.org\",\"@graph\":[{\"@type\":\"WebPage\",\"@id\":\"https:\/\/roza-sobieszek.pl\/sklep\/produkt\/roza-miniaturowa-general-tadeusz-kosciuszko\/\",\"url\":\"https:\/\/roza-sobieszek.pl\/sklep\/produkt\/roza-miniaturowa-general-tadeusz-kosciuszko\/\",\"name\":\"R\u00f3\u017ca Miniaturowa Genera\u0142 Ko\u015bciuszko\u00ae - R\u00f3\u017ce ogrodowe - Sklep Sobieszek producent\",\"isPartOf\":{\"@id\":\"https:\/\/roza-sobieszek.pl\/sklep\/#website\"},\"primaryImageOfPage\":{\"@id\":\"https:\/\/roza-sobieszek.pl\/sklep\/produkt\/roza-miniaturowa-general-tadeusz-kosciuszko\/#primaryimage\"},\"image\":{\"@id\":\"https:\/\/roza-sobieszek.pl\/sklep\/produkt\/roza-miniaturowa-general-tadeusz-kosciuszko\/#primaryimage\"},\"thumbnailUrl\":\"https:\/\/roza-sobieszek.pl\/sklep\/wp-content\/uploads\/2026\/02\/24-3-216074-General-Tadeusz-Kosciuszko1.jpg\",\"datePublished\":\"2026-02-19T16:15:01+00:00\",\"dateModified\":\"2026-04-13T15:47:14+00:00\",\"description\":\"Niewysoka r\u00f3\u017ca rabatowa o trwa\u0142ych, pe\u0142nych kwiatach u\u0142o\u017conych w kszta\u0142t rozet. Doskonale nadaje si\u0119 do uprawy w donicach\",\"breadcrumb\":{\"@id\":\"https:\/\/roza-sobieszek.pl\/sklep\/produkt\/roza-miniaturowa-general-tadeusz-kosciuszko\/#breadcrumb\"},\"inLanguage\":\"pl-PL\",\"potentialAction\":[{\"@type\":\"ReadAction\",\"target\":[\"https:\/\/roza-sobieszek.pl\/sklep\/produkt\/roza-miniaturowa-general-tadeusz-kosciuszko\/\"]}]},{\"@type\":\"ImageObject\",\"inLanguage\":\"pl-PL\",\"@id\":\"https:\/\/roza-sobieszek.pl\/sklep\/produkt\/roza-miniaturowa-general-tadeusz-kosciuszko\/#primaryimage\",\"url\":\"https:\/\/roza-sobieszek.pl\/sklep\/wp-content\/uploads\/2026\/02\/24-3-216074-General-Tadeusz-Kosciuszko1.jpg\",\"contentUrl\":\"https:\/\/roza-sobieszek.pl\/sklep\/wp-content\/uploads\/2026\/02\/24-3-216074-General-Tadeusz-Kosciuszko1.jpg\",\"width\":1024,\"height\":1024},{\"@type\":\"BreadcrumbList\",\"@id\":\"https:\/\/roza-sobieszek.pl\/sklep\/produkt\/roza-miniaturowa-general-tadeusz-kosciuszko\/#breadcrumb\",\"itemListElement\":[{\"@type\":\"ListItem\",\"position\":1,\"name\":\"Strona g\u0142\u00f3wna\",\"item\":\"https:\/\/roza-sobieszek.pl\/sklep\/\"},{\"@type\":\"ListItem\",\"position\":2,\"name\":\"Shop\",\"item\":\"https:\/\/roza-sobieszek.pl\/sklep\/shop\/\"},{\"@type\":\"ListItem\",\"position\":3,\"name\":\"R\u00f3\u017ca Miniaturowa Genera\u0142 Ko\u015bciuszko\u00ae\"}]},{\"@type\":\"WebSite\",\"@id\":\"https:\/\/roza-sobieszek.pl\/sklep\/#website\",\"url\":\"https:\/\/roza-sobieszek.pl\/sklep\/\",\"name\":\"R\u00f3\u017ce ogrodowe - Sklep Sobieszek producent\",\"description\":\"\",\"publisher\":{\"@id\":\"https:\/\/roza-sobieszek.pl\/sklep\/#organization\"},\"potentialAction\":[{\"@type\":\"SearchAction\",\"target\":{\"@type\":\"EntryPoint\",\"urlTemplate\":\"https:\/\/roza-sobieszek.pl\/sklep\/?s={search_term_string}\"},\"query-input\":{\"@type\":\"PropertyValueSpecification\",\"valueRequired\":true,\"valueName\":\"search_term_string\"}}],\"inLanguage\":\"pl-PL\"},{\"@type\":\"Organization\",\"@id\":\"https:\/\/roza-sobieszek.pl\/sklep\/#organization\",\"name\":\"R\u00f3\u017ce ogrodowe - Sklep Sobieszek producent\",\"url\":\"https:\/\/roza-sobieszek.pl\/sklep\/\",\"logo\":{\"@type\":\"ImageObject\",\"inLanguage\":\"pl-PL\",\"@id\":\"https:\/\/roza-sobieszek.pl\/sklep\/#\/schema\/logo\/image\/\",\"url\":\"https:\/\/roza-sobieszek.pl\/sklep\/wp-content\/uploads\/2016\/08\/IMG_0358-1.jpg\",\"contentUrl\":\"https:\/\/roza-sobieszek.pl\/sklep\/wp-content\/uploads\/2016\/08\/IMG_0358-1.jpg\",\"width\":2048,\"height\":1365,\"caption\":\"R\u00f3\u017ce ogrodowe - Sklep Sobieszek producent\"},\"image\":{\"@id\":\"https:\/\/roza-sobieszek.pl\/sklep\/#\/schema\/logo\/image\/\"},\"sameAs\":[\"https:\/\/www.facebook.com\/profile.php?id=100063681485170\"]}]}<\/script>\n<!-- \/ Yoast SEO plugin. -->","yoast_head_json":{"title":"R\u00f3\u017ca Miniaturowa Genera\u0142 Ko\u015bciuszko\u00ae - R\u00f3\u017ce ogrodowe - Sklep Sobieszek producent","description":"Niewysoka r\u00f3\u017ca rabatowa o trwa\u0142ych, pe\u0142nych kwiatach u\u0142o\u017conych w kszta\u0142t rozet. Doskonale nadaje si\u0119 do uprawy w donicach","robots":{"index":"index","follow":"follow","max-snippet":"max-snippet:-1","max-image-preview":"max-image-preview:large","max-video-preview":"max-video-preview:-1"},"canonical":"https:\/\/roza-sobieszek.pl\/sklep\/produkt\/roza-miniaturowa-general-tadeusz-kosciuszko\/","og_locale":"pl_PL","og_type":"article","og_title":"R\u00f3\u017ca Miniaturowa Genera\u0142 Ko\u015bciuszko\u00ae - R\u00f3\u017ce ogrodowe - Sklep Sobieszek producent","og_description":"Niewysoka r\u00f3\u017ca rabatowa o trwa\u0142ych, pe\u0142nych kwiatach u\u0142o\u017conych w kszta\u0142t rozet. Doskonale nadaje si\u0119 do uprawy w donicach","og_url":"https:\/\/roza-sobieszek.pl\/sklep\/produkt\/roza-miniaturowa-general-tadeusz-kosciuszko\/","og_site_name":"R\u00f3\u017ce ogrodowe - Sklep Sobieszek producent","article_publisher":"https:\/\/www.facebook.com\/profile.php?id=100063681485170","article_modified_time":"2026-04-13T15:47:14+00:00","og_image":[{"width":1024,"height":1024,"url":"https:\/\/roza-sobieszek.pl\/sklep\/wp-content\/uploads\/2026\/02\/24-3-216074-General-Tadeusz-Kosciuszko1.jpg","type":"image\/jpeg"}],"twitter_card":"summary_large_image","twitter_misc":{"Szacowany czas czytania":"1 minuta"},"schema":{"@context":"https:\/\/schema.org","@graph":[{"@type":"WebPage","@id":"https:\/\/roza-sobieszek.pl\/sklep\/produkt\/roza-miniaturowa-general-tadeusz-kosciuszko\/","url":"https:\/\/roza-sobieszek.pl\/sklep\/produkt\/roza-miniaturowa-general-tadeusz-kosciuszko\/","name":"R\u00f3\u017ca Miniaturowa Genera\u0142 Ko\u015bciuszko\u00ae - R\u00f3\u017ce ogrodowe - Sklep Sobieszek producent","isPartOf":{"@id":"https:\/\/roza-sobieszek.pl\/sklep\/#website"},"primaryImageOfPage":{"@id":"https:\/\/roza-sobieszek.pl\/sklep\/produkt\/roza-miniaturowa-general-tadeusz-kosciuszko\/#primaryimage"},"image":{"@id":"https:\/\/roza-sobieszek.pl\/sklep\/produkt\/roza-miniaturowa-general-tadeusz-kosciuszko\/#primaryimage"},"thumbnailUrl":"https:\/\/roza-sobieszek.pl\/sklep\/wp-content\/uploads\/2026\/02\/24-3-216074-General-Tadeusz-Kosciuszko1.jpg","datePublished":"2026-02-19T16:15:01+00:00","dateModified":"2026-04-13T15:47:14+00:00","description":"Niewysoka r\u00f3\u017ca rabatowa o trwa\u0142ych, pe\u0142nych kwiatach u\u0142o\u017conych w kszta\u0142t rozet. Doskonale nadaje si\u0119 do uprawy w donicach","breadcrumb":{"@id":"https:\/\/roza-sobieszek.pl\/sklep\/produkt\/roza-miniaturowa-general-tadeusz-kosciuszko\/#breadcrumb"},"inLanguage":"pl-PL","potentialAction":[{"@type":"ReadAction","target":["https:\/\/roza-sobieszek.pl\/sklep\/produkt\/roza-miniaturowa-general-tadeusz-kosciuszko\/"]}]},{"@type":"ImageObject","inLanguage":"pl-PL","@id":"https:\/\/roza-sobieszek.pl\/sklep\/produkt\/roza-miniaturowa-general-tadeusz-kosciuszko\/#primaryimage","url":"https:\/\/roza-sobieszek.pl\/sklep\/wp-content\/uploads\/2026\/02\/24-3-216074-General-Tadeusz-Kosciuszko1.jpg","contentUrl":"https:\/\/roza-sobieszek.pl\/sklep\/wp-content\/uploads\/2026\/02\/24-3-216074-General-Tadeusz-Kosciuszko1.jpg","width":1024,"height":1024},{"@type":"BreadcrumbList","@id":"https:\/\/roza-sobieszek.pl\/sklep\/produkt\/roza-miniaturowa-general-tadeusz-kosciuszko\/#breadcrumb","itemListElement":[{"@type":"ListItem","position":1,"name":"Strona g\u0142\u00f3wna","item":"https:\/\/roza-sobieszek.pl\/sklep\/"},{"@type":"ListItem","position":2,"name":"Shop","item":"https:\/\/roza-sobieszek.pl\/sklep\/shop\/"},{"@type":"ListItem","position":3,"name":"R\u00f3\u017ca Miniaturowa Genera\u0142 Ko\u015bciuszko\u00ae"}]},{"@type":"WebSite","@id":"https:\/\/roza-sobieszek.pl\/sklep\/#website","url":"https:\/\/roza-sobieszek.pl\/sklep\/","name":"R\u00f3\u017ce ogrodowe - Sklep Sobieszek producent","description":"","publisher":{"@id":"https:\/\/roza-sobieszek.pl\/sklep\/#organization"},"potentialAction":[{"@type":"SearchAction","target":{"@type":"EntryPoint","urlTemplate":"https:\/\/roza-sobieszek.pl\/sklep\/?s={search_term_string}"},"query-input":{"@type":"PropertyValueSpecification","valueRequired":true,"valueName":"search_term_string"}}],"inLanguage":"pl-PL"},{"@type":"Organization","@id":"https:\/\/roza-sobieszek.pl\/sklep\/#organization","name":"R\u00f3\u017ce ogrodowe - Sklep Sobieszek producent","url":"https:\/\/roza-sobieszek.pl\/sklep\/","logo":{"@type":"ImageObject","inLanguage":"pl-PL","@id":"https:\/\/roza-sobieszek.pl\/sklep\/#\/schema\/logo\/image\/","url":"https:\/\/roza-sobieszek.pl\/sklep\/wp-content\/uploads\/2016\/08\/IMG_0358-1.jpg","contentUrl":"https:\/\/roza-sobieszek.pl\/sklep\/wp-content\/uploads\/2016\/08\/IMG_0358-1.jpg","width":2048,"height":1365,"caption":"R\u00f3\u017ce ogrodowe - Sklep Sobieszek producent"},"image":{"@id":"https:\/\/roza-sobieszek.pl\/sklep\/#\/schema\/logo\/image\/"},"sameAs":["https:\/\/www.facebook.com\/profile.php?id=100063681485170"]}]}},"_links":{"self":[{"href":"https:\/\/roza-sobieszek.pl\/sklep\/wp-json\/wp\/v2\/product\/23195"}],"collection":[{"href":"https:\/\/roza-sobieszek.pl\/sklep\/wp-json\/wp\/v2\/product"}],"about":[{"href":"https:\/\/roza-sobieszek.pl\/sklep\/wp-json\/wp\/v2\/types\/product"}],"replies":[{"embeddable":true,"href":"https:\/\/roza-sobieszek.pl\/sklep\/wp-json\/wp\/v2\/comments?post=23195"}],"wp:featuredmedia":[{"embeddable":true,"href":"https:\/\/roza-sobieszek.pl\/sklep\/wp-json\/wp\/v2\/media\/23198"}],"wp:attachment":[{"href":"https:\/\/roza-sobieszek.pl\/sklep\/wp-json\/wp\/v2\/media?parent=23195"}],"wp:term":[{"taxonomy":"product_brand","embeddable":true,"href":"https:\/\/roza-sobieszek.pl\/sklep\/wp-json\/wp\/v2\/product_brand?post=23195"},{"taxonomy":"product_cat","embeddable":true,"href":"https:\/\/roza-sobieszek.pl\/sklep\/wp-json\/wp\/v2\/product_cat?post=23195"},{"taxonomy":"product_tag","embeddable":true,"href":"https:\/\/roza-sobieszek.pl\/sklep\/wp-json\/wp\/v2\/product_tag?post=23195"}],"curies":[{"name":"wp","href":"https:\/\/api.w.org\/{rel}","templated":true}]}}