{"id":23245,"date":"2026-02-23T08:49:04","date_gmt":"2026-02-23T08:49:04","guid":{"rendered":"https:\/\/roza-sobieszek.pl\/sklep\/?post_type=product&#038;p=23245"},"modified":"2026-04-14T07:26:21","modified_gmt":"2026-04-14T07:26:21","slug":"rosa-wielkokwiatowa-madrigal-orard","status":"publish","type":"product","link":"https:\/\/roza-sobieszek.pl\/sklep\/produkt\/rosa-wielkokwiatowa-madrigal-orard\/","title":{"rendered":"ROSA WIELKOKWIATOWA  MADRIGAL\u00aeORAGIDEL"},"content":{"rendered":"<h2>MADRIGAL\u00aeORAGIDEL<\/h2>\n<h6 data-start=\"0\" data-end=\"76\">MADRIGAL\u00ae \u2018Oragidel\u2019 \u2013 wyj\u0105tkowa, pachn\u0105ca r\u00f3\u017ca francuskiej hodowli<\/h6>\n<p data-start=\"78\" data-end=\"364\"><strong data-start=\"78\" data-end=\"119\"><span class=\"hover:entity-accent entity-underline inline cursor-pointer align-baseline\"><span class=\"whitespace-normal\">Rosa 'MADRIGAL\u00ae Oragidel&#8217;<\/span><\/span><\/strong> to elegancka odmiana wyhodowana we Francji przez firm\u0119 <strong data-start=\"175\" data-end=\"216\"><span class=\"hover:entity-accent entity-underline inline cursor-pointer align-baseline\"><span class=\"whitespace-normal\">Roses Orard Cr\u00e9ations<\/span><\/span><\/strong>, znan\u0105 z tworzenia r\u00f3\u017c o wybitnym zapachu i klasie kwiatu.<\/p>\n<p data-start=\"151\" data-end=\"367\">Tak jak dawny madryga\u0142 zachwyca\u0142 bogactwem brzmie\u0144, <strong data-start=\"203\" data-end=\"244\"><span class=\"hover:entity-accent entity-underline inline cursor-pointer align-baseline\"><span class=\"whitespace-normal\">Rosa 'MADRIGAL\u00ae Oragidel&#8217;<\/span><\/span><\/strong> zachwyca wielo\u015bci\u0105 swoich walor\u00f3w. To odmiana, kt\u00f3ra \u0142\u0105czy w sobie si\u0142\u0119 wzrostu, zdrowotno\u015b\u0107 i niezwyk\u0142\u0105 elegancj\u0119 kwiatu.<\/p>\n<p data-start=\"369\" data-end=\"699\">Krzew rozwija si\u0119 bujnie i tworzy mocn\u0105, dobrze ulistnion\u0105 ro\u015blin\u0119. Na jej p\u0119dach pojawiaj\u0105 si\u0119 du\u017ce, perfekcyjnie zbudowane kwiaty w wyj\u0105tkowym odcieniu weneckiego r\u00f3\u017cu \u2013 subtelnym, a zarazem wyrazistym. Ich urod\u0119 podkre\u015bla intensywny, g\u0142\u0119boki zapach, kt\u00f3ry d\u0142ugo unosi si\u0119 w powietrzu i nadaje ogrodowi niepowtarzalny charakter.<\/p>\n<p data-start=\"701\" data-end=\"845\">Doceniona we Francji tytu\u0142em Najpi\u0119kniejszej R\u00f3\u017cy 2021 roku, zdoby\u0142a r\u00f3wnie\u017c uznanie poza jej granicami \u2013 w Szwajcarii, Hiszpanii i we W\u0142oszech.<\/p>\n<p data-start=\"847\" data-end=\"1029\">MADRIGAL\u00ae \u2018Oragidel\u2019 to odmiana pewna i niezawodna: odporna, obficie kwitn\u0105ca i wyra\u017anie pachn\u0105ca. Idealna dla tych, kt\u00f3rzy oczekuj\u0105 od r\u00f3\u017cy czego\u015b wi\u0119cej ni\u017c tylko pi\u0119knego wygl\u0105du.<\/p>\n<p>&nbsp;<\/p>\n<h2><span style=\"border-radius: 2px; text-indent: 20px; width: auto; padding: 0px 4px 0px 0px; text-align: center; font: bold 11px\/20px 'Helvetica Neue',Helvetica,sans-serif; color: #ffffff; background: #bd081c no-repeat scroll 3px 50% \/ 14px 14px; position: absolute; opacity: 1; z-index: 8675309; display: none; cursor: pointer;\">Zapisz<\/span> <span style=\"border-radius: 2px; text-indent: 20px; width: auto; padding: 0px 4px 0px 0px; text-align: center; font: bold 11px\/20px 'Helvetica Neue',Helvetica,sans-serif; color: #ffffff; background: #bd081c no-repeat scroll 3px 50% \/ 14px 14px; position: absolute; opacity: 1; z-index: 8675309; display: none; cursor: pointer;\">Zapisz<\/span><\/h2>\n","protected":false},"excerpt":{"rendered":"<p>ROSA WIELKOKWIATOWA MADRIGAL\u00aeORAGIDEL<\/p>\n<ul>\n<li>Nazwa: MADRIGAL\u00aeORAGIDEL<\/li>\n<li>Kolor: r\u00f3\u017cowa<\/li>\n<li>Wzrost: 100-110 cm<\/li>\n<li>Wielko\u015b\u0107 kwiatu: 10-12 cm<\/li>\n<li>Zapach: intensywny<\/li>\n<li>Odporno\u015b\u0107 na choroby: bardzo dobra<\/li>\n<li>Stanowisko: s\u0142oneczne<\/li>\n<li>Okres kwitnienia: VI \u2013 IX<\/li>\n<li>Powtarza kwitnienie: tak<\/li>\n<li>Typ :wielkokwiatowa<\/li>\n<\/ul>\n","protected":false},"featured_media":23249,"comment_status":"open","ping_status":"closed","template":"","meta":[],"product_brand":[],"product_cat":[290,292,159,199],"product_tag":[247,206,185],"yoast_head":"<!-- This site is optimized with the Yoast SEO plugin v23.5 - https:\/\/yoast.com\/wordpress\/plugins\/seo\/ -->\n<title>ROSA WIELKOKWIATOWA MADRIGAL\u00aeORAGIDEL - R\u00f3\u017ce ogrodowe - Sklep Sobieszek producent<\/title>\n<meta name=\"description\" content=\"Zachwyca du\u017cymi, pe\u0142nymi kwiatami o klasycznej, szlachetnej budowie i wyra\u017anym, g\u0142\u0119bokim zapachu. Kwitnie obficie i d\u0142ugo, tworz\u0105c elegancki, reprezentacyjny krzew. Doskonale sprawdzi si\u0119 zar\u00f3wno na rabatach, jak i jako r\u00f3\u017ca do ci\u0119cia \u2013 jej kwiaty pi\u0119knie prezentuj\u0105 si\u0119 w wazonie.\" \/>\n<meta name=\"robots\" content=\"index, follow, max-snippet:-1, max-image-preview:large, max-video-preview:-1\" \/>\n<link rel=\"canonical\" href=\"https:\/\/roza-sobieszek.pl\/sklep\/produkt\/rosa-wielkokwiatowa-madrigal-orard\/\" \/>\n<meta property=\"og:locale\" content=\"pl_PL\" \/>\n<meta property=\"og:type\" content=\"article\" \/>\n<meta property=\"og:title\" content=\"ROSA WIELKOKWIATOWA MADRIGAL\u00aeORAGIDEL - R\u00f3\u017ce ogrodowe - Sklep Sobieszek producent\" \/>\n<meta property=\"og:description\" content=\"Zachwyca du\u017cymi, pe\u0142nymi kwiatami o klasycznej, szlachetnej budowie i wyra\u017anym, g\u0142\u0119bokim zapachu. Kwitnie obficie i d\u0142ugo, tworz\u0105c elegancki, reprezentacyjny krzew. Doskonale sprawdzi si\u0119 zar\u00f3wno na rabatach, jak i jako r\u00f3\u017ca do ci\u0119cia \u2013 jej kwiaty pi\u0119knie prezentuj\u0105 si\u0119 w wazonie.\" \/>\n<meta property=\"og:url\" content=\"https:\/\/roza-sobieszek.pl\/sklep\/produkt\/rosa-wielkokwiatowa-madrigal-orard\/\" \/>\n<meta property=\"og:site_name\" content=\"R\u00f3\u017ce ogrodowe - Sklep Sobieszek producent\" \/>\n<meta property=\"article:publisher\" content=\"https:\/\/www.facebook.com\/profile.php?id=100063681485170\" \/>\n<meta property=\"article:modified_time\" content=\"2026-04-14T07:26:21+00:00\" \/>\n<meta property=\"og:image\" content=\"https:\/\/roza-sobieszek.pl\/sklep\/wp-content\/uploads\/2026\/02\/MADRIGAL-Oragidel-rotated.jpg\" \/>\n\t<meta property=\"og:image:width\" content=\"3024\" \/>\n\t<meta property=\"og:image:height\" content=\"4032\" \/>\n\t<meta property=\"og:image:type\" content=\"image\/jpeg\" \/>\n<meta name=\"twitter:card\" content=\"summary_large_image\" \/>\n<meta name=\"twitter:label1\" content=\"Szacowany czas czytania\" \/>\n\t<meta name=\"twitter:data1\" content=\"2 minuty\" \/>\n<script type=\"application\/ld+json\" class=\"yoast-schema-graph\">{\"@context\":\"https:\/\/schema.org\",\"@graph\":[{\"@type\":\"WebPage\",\"@id\":\"https:\/\/roza-sobieszek.pl\/sklep\/produkt\/rosa-wielkokwiatowa-madrigal-orard\/\",\"url\":\"https:\/\/roza-sobieszek.pl\/sklep\/produkt\/rosa-wielkokwiatowa-madrigal-orard\/\",\"name\":\"ROSA WIELKOKWIATOWA MADRIGAL\u00aeORAGIDEL - R\u00f3\u017ce ogrodowe - Sklep Sobieszek producent\",\"isPartOf\":{\"@id\":\"https:\/\/roza-sobieszek.pl\/sklep\/#website\"},\"primaryImageOfPage\":{\"@id\":\"https:\/\/roza-sobieszek.pl\/sklep\/produkt\/rosa-wielkokwiatowa-madrigal-orard\/#primaryimage\"},\"image\":{\"@id\":\"https:\/\/roza-sobieszek.pl\/sklep\/produkt\/rosa-wielkokwiatowa-madrigal-orard\/#primaryimage\"},\"thumbnailUrl\":\"https:\/\/roza-sobieszek.pl\/sklep\/wp-content\/uploads\/2026\/02\/MADRIGAL-Oragidel-rotated.jpg\",\"datePublished\":\"2026-02-23T08:49:04+00:00\",\"dateModified\":\"2026-04-14T07:26:21+00:00\",\"description\":\"Zachwyca du\u017cymi, pe\u0142nymi kwiatami o klasycznej, szlachetnej budowie i wyra\u017anym, g\u0142\u0119bokim zapachu. Kwitnie obficie i d\u0142ugo, tworz\u0105c elegancki, reprezentacyjny krzew. Doskonale sprawdzi si\u0119 zar\u00f3wno na rabatach, jak i jako r\u00f3\u017ca do ci\u0119cia \u2013 jej kwiaty pi\u0119knie prezentuj\u0105 si\u0119 w wazonie.\",\"breadcrumb\":{\"@id\":\"https:\/\/roza-sobieszek.pl\/sklep\/produkt\/rosa-wielkokwiatowa-madrigal-orard\/#breadcrumb\"},\"inLanguage\":\"pl-PL\",\"potentialAction\":[{\"@type\":\"ReadAction\",\"target\":[\"https:\/\/roza-sobieszek.pl\/sklep\/produkt\/rosa-wielkokwiatowa-madrigal-orard\/\"]}]},{\"@type\":\"ImageObject\",\"inLanguage\":\"pl-PL\",\"@id\":\"https:\/\/roza-sobieszek.pl\/sklep\/produkt\/rosa-wielkokwiatowa-madrigal-orard\/#primaryimage\",\"url\":\"https:\/\/roza-sobieszek.pl\/sklep\/wp-content\/uploads\/2026\/02\/MADRIGAL-Oragidel-rotated.jpg\",\"contentUrl\":\"https:\/\/roza-sobieszek.pl\/sklep\/wp-content\/uploads\/2026\/02\/MADRIGAL-Oragidel-rotated.jpg\",\"width\":3024,\"height\":4032},{\"@type\":\"BreadcrumbList\",\"@id\":\"https:\/\/roza-sobieszek.pl\/sklep\/produkt\/rosa-wielkokwiatowa-madrigal-orard\/#breadcrumb\",\"itemListElement\":[{\"@type\":\"ListItem\",\"position\":1,\"name\":\"Strona g\u0142\u00f3wna\",\"item\":\"https:\/\/roza-sobieszek.pl\/sklep\/\"},{\"@type\":\"ListItem\",\"position\":2,\"name\":\"Shop\",\"item\":\"https:\/\/roza-sobieszek.pl\/sklep\/shop\/\"},{\"@type\":\"ListItem\",\"position\":3,\"name\":\"ROSA WIELKOKWIATOWA MADRIGAL\u00aeORAGIDEL\"}]},{\"@type\":\"WebSite\",\"@id\":\"https:\/\/roza-sobieszek.pl\/sklep\/#website\",\"url\":\"https:\/\/roza-sobieszek.pl\/sklep\/\",\"name\":\"R\u00f3\u017ce ogrodowe - Sklep Sobieszek producent\",\"description\":\"\",\"publisher\":{\"@id\":\"https:\/\/roza-sobieszek.pl\/sklep\/#organization\"},\"potentialAction\":[{\"@type\":\"SearchAction\",\"target\":{\"@type\":\"EntryPoint\",\"urlTemplate\":\"https:\/\/roza-sobieszek.pl\/sklep\/?s={search_term_string}\"},\"query-input\":{\"@type\":\"PropertyValueSpecification\",\"valueRequired\":true,\"valueName\":\"search_term_string\"}}],\"inLanguage\":\"pl-PL\"},{\"@type\":\"Organization\",\"@id\":\"https:\/\/roza-sobieszek.pl\/sklep\/#organization\",\"name\":\"R\u00f3\u017ce ogrodowe - Sklep Sobieszek producent\",\"url\":\"https:\/\/roza-sobieszek.pl\/sklep\/\",\"logo\":{\"@type\":\"ImageObject\",\"inLanguage\":\"pl-PL\",\"@id\":\"https:\/\/roza-sobieszek.pl\/sklep\/#\/schema\/logo\/image\/\",\"url\":\"https:\/\/roza-sobieszek.pl\/sklep\/wp-content\/uploads\/2016\/08\/IMG_0358-1.jpg\",\"contentUrl\":\"https:\/\/roza-sobieszek.pl\/sklep\/wp-content\/uploads\/2016\/08\/IMG_0358-1.jpg\",\"width\":2048,\"height\":1365,\"caption\":\"R\u00f3\u017ce ogrodowe - Sklep Sobieszek producent\"},\"image\":{\"@id\":\"https:\/\/roza-sobieszek.pl\/sklep\/#\/schema\/logo\/image\/\"},\"sameAs\":[\"https:\/\/www.facebook.com\/profile.php?id=100063681485170\"]}]}<\/script>\n<!-- \/ Yoast SEO plugin. -->","yoast_head_json":{"title":"ROSA WIELKOKWIATOWA MADRIGAL\u00aeORAGIDEL - R\u00f3\u017ce ogrodowe - Sklep Sobieszek producent","description":"Zachwyca du\u017cymi, pe\u0142nymi kwiatami o klasycznej, szlachetnej budowie i wyra\u017anym, g\u0142\u0119bokim zapachu. Kwitnie obficie i d\u0142ugo, tworz\u0105c elegancki, reprezentacyjny krzew. Doskonale sprawdzi si\u0119 zar\u00f3wno na rabatach, jak i jako r\u00f3\u017ca do ci\u0119cia \u2013 jej kwiaty pi\u0119knie prezentuj\u0105 si\u0119 w wazonie.","robots":{"index":"index","follow":"follow","max-snippet":"max-snippet:-1","max-image-preview":"max-image-preview:large","max-video-preview":"max-video-preview:-1"},"canonical":"https:\/\/roza-sobieszek.pl\/sklep\/produkt\/rosa-wielkokwiatowa-madrigal-orard\/","og_locale":"pl_PL","og_type":"article","og_title":"ROSA WIELKOKWIATOWA MADRIGAL\u00aeORAGIDEL - R\u00f3\u017ce ogrodowe - Sklep Sobieszek producent","og_description":"Zachwyca du\u017cymi, pe\u0142nymi kwiatami o klasycznej, szlachetnej budowie i wyra\u017anym, g\u0142\u0119bokim zapachu. Kwitnie obficie i d\u0142ugo, tworz\u0105c elegancki, reprezentacyjny krzew. Doskonale sprawdzi si\u0119 zar\u00f3wno na rabatach, jak i jako r\u00f3\u017ca do ci\u0119cia \u2013 jej kwiaty pi\u0119knie prezentuj\u0105 si\u0119 w wazonie.","og_url":"https:\/\/roza-sobieszek.pl\/sklep\/produkt\/rosa-wielkokwiatowa-madrigal-orard\/","og_site_name":"R\u00f3\u017ce ogrodowe - Sklep Sobieszek producent","article_publisher":"https:\/\/www.facebook.com\/profile.php?id=100063681485170","article_modified_time":"2026-04-14T07:26:21+00:00","og_image":[{"width":3024,"height":4032,"url":"https:\/\/roza-sobieszek.pl\/sklep\/wp-content\/uploads\/2026\/02\/MADRIGAL-Oragidel-rotated.jpg","type":"image\/jpeg"}],"twitter_card":"summary_large_image","twitter_misc":{"Szacowany czas czytania":"2 minuty"},"schema":{"@context":"https:\/\/schema.org","@graph":[{"@type":"WebPage","@id":"https:\/\/roza-sobieszek.pl\/sklep\/produkt\/rosa-wielkokwiatowa-madrigal-orard\/","url":"https:\/\/roza-sobieszek.pl\/sklep\/produkt\/rosa-wielkokwiatowa-madrigal-orard\/","name":"ROSA WIELKOKWIATOWA MADRIGAL\u00aeORAGIDEL - R\u00f3\u017ce ogrodowe - Sklep Sobieszek producent","isPartOf":{"@id":"https:\/\/roza-sobieszek.pl\/sklep\/#website"},"primaryImageOfPage":{"@id":"https:\/\/roza-sobieszek.pl\/sklep\/produkt\/rosa-wielkokwiatowa-madrigal-orard\/#primaryimage"},"image":{"@id":"https:\/\/roza-sobieszek.pl\/sklep\/produkt\/rosa-wielkokwiatowa-madrigal-orard\/#primaryimage"},"thumbnailUrl":"https:\/\/roza-sobieszek.pl\/sklep\/wp-content\/uploads\/2026\/02\/MADRIGAL-Oragidel-rotated.jpg","datePublished":"2026-02-23T08:49:04+00:00","dateModified":"2026-04-14T07:26:21+00:00","description":"Zachwyca du\u017cymi, pe\u0142nymi kwiatami o klasycznej, szlachetnej budowie i wyra\u017anym, g\u0142\u0119bokim zapachu. Kwitnie obficie i d\u0142ugo, tworz\u0105c elegancki, reprezentacyjny krzew. Doskonale sprawdzi si\u0119 zar\u00f3wno na rabatach, jak i jako r\u00f3\u017ca do ci\u0119cia \u2013 jej kwiaty pi\u0119knie prezentuj\u0105 si\u0119 w wazonie.","breadcrumb":{"@id":"https:\/\/roza-sobieszek.pl\/sklep\/produkt\/rosa-wielkokwiatowa-madrigal-orard\/#breadcrumb"},"inLanguage":"pl-PL","potentialAction":[{"@type":"ReadAction","target":["https:\/\/roza-sobieszek.pl\/sklep\/produkt\/rosa-wielkokwiatowa-madrigal-orard\/"]}]},{"@type":"ImageObject","inLanguage":"pl-PL","@id":"https:\/\/roza-sobieszek.pl\/sklep\/produkt\/rosa-wielkokwiatowa-madrigal-orard\/#primaryimage","url":"https:\/\/roza-sobieszek.pl\/sklep\/wp-content\/uploads\/2026\/02\/MADRIGAL-Oragidel-rotated.jpg","contentUrl":"https:\/\/roza-sobieszek.pl\/sklep\/wp-content\/uploads\/2026\/02\/MADRIGAL-Oragidel-rotated.jpg","width":3024,"height":4032},{"@type":"BreadcrumbList","@id":"https:\/\/roza-sobieszek.pl\/sklep\/produkt\/rosa-wielkokwiatowa-madrigal-orard\/#breadcrumb","itemListElement":[{"@type":"ListItem","position":1,"name":"Strona g\u0142\u00f3wna","item":"https:\/\/roza-sobieszek.pl\/sklep\/"},{"@type":"ListItem","position":2,"name":"Shop","item":"https:\/\/roza-sobieszek.pl\/sklep\/shop\/"},{"@type":"ListItem","position":3,"name":"ROSA WIELKOKWIATOWA MADRIGAL\u00aeORAGIDEL"}]},{"@type":"WebSite","@id":"https:\/\/roza-sobieszek.pl\/sklep\/#website","url":"https:\/\/roza-sobieszek.pl\/sklep\/","name":"R\u00f3\u017ce ogrodowe - Sklep Sobieszek producent","description":"","publisher":{"@id":"https:\/\/roza-sobieszek.pl\/sklep\/#organization"},"potentialAction":[{"@type":"SearchAction","target":{"@type":"EntryPoint","urlTemplate":"https:\/\/roza-sobieszek.pl\/sklep\/?s={search_term_string}"},"query-input":{"@type":"PropertyValueSpecification","valueRequired":true,"valueName":"search_term_string"}}],"inLanguage":"pl-PL"},{"@type":"Organization","@id":"https:\/\/roza-sobieszek.pl\/sklep\/#organization","name":"R\u00f3\u017ce ogrodowe - Sklep Sobieszek producent","url":"https:\/\/roza-sobieszek.pl\/sklep\/","logo":{"@type":"ImageObject","inLanguage":"pl-PL","@id":"https:\/\/roza-sobieszek.pl\/sklep\/#\/schema\/logo\/image\/","url":"https:\/\/roza-sobieszek.pl\/sklep\/wp-content\/uploads\/2016\/08\/IMG_0358-1.jpg","contentUrl":"https:\/\/roza-sobieszek.pl\/sklep\/wp-content\/uploads\/2016\/08\/IMG_0358-1.jpg","width":2048,"height":1365,"caption":"R\u00f3\u017ce ogrodowe - Sklep Sobieszek producent"},"image":{"@id":"https:\/\/roza-sobieszek.pl\/sklep\/#\/schema\/logo\/image\/"},"sameAs":["https:\/\/www.facebook.com\/profile.php?id=100063681485170"]}]}},"_links":{"self":[{"href":"https:\/\/roza-sobieszek.pl\/sklep\/wp-json\/wp\/v2\/product\/23245"}],"collection":[{"href":"https:\/\/roza-sobieszek.pl\/sklep\/wp-json\/wp\/v2\/product"}],"about":[{"href":"https:\/\/roza-sobieszek.pl\/sklep\/wp-json\/wp\/v2\/types\/product"}],"replies":[{"embeddable":true,"href":"https:\/\/roza-sobieszek.pl\/sklep\/wp-json\/wp\/v2\/comments?post=23245"}],"wp:featuredmedia":[{"embeddable":true,"href":"https:\/\/roza-sobieszek.pl\/sklep\/wp-json\/wp\/v2\/media\/23249"}],"wp:attachment":[{"href":"https:\/\/roza-sobieszek.pl\/sklep\/wp-json\/wp\/v2\/media?parent=23245"}],"wp:term":[{"taxonomy":"product_brand","embeddable":true,"href":"https:\/\/roza-sobieszek.pl\/sklep\/wp-json\/wp\/v2\/product_brand?post=23245"},{"taxonomy":"product_cat","embeddable":true,"href":"https:\/\/roza-sobieszek.pl\/sklep\/wp-json\/wp\/v2\/product_cat?post=23245"},{"taxonomy":"product_tag","embeddable":true,"href":"https:\/\/roza-sobieszek.pl\/sklep\/wp-json\/wp\/v2\/product_tag?post=23245"}],"curies":[{"name":"wp","href":"https:\/\/api.w.org\/{rel}","templated":true}]}}