{"id":23261,"date":"2026-02-23T10:16:07","date_gmt":"2026-02-23T10:16:07","guid":{"rendered":"https:\/\/roza-sobieszek.pl\/sklep\/?post_type=product&#038;p=23261"},"modified":"2026-04-14T10:35:51","modified_gmt":"2026-04-14T10:35:51","slug":"rosa-wielkokwiatowa-jeanne-coeur-oranobr","status":"publish","type":"product","link":"https:\/\/roza-sobieszek.pl\/sklep\/produkt\/rosa-wielkokwiatowa-jeanne-coeur-oranobr\/","title":{"rendered":"ROSA WIELKOKWIATOWA  JEANNE COEUR\u00ae ORANOBR"},"content":{"rendered":"<h3>R\u00d3\u017bA WIELKOKWIATOWA\u00a0 JEANNE COEUR\u00ae ORANOBR<\/h3>\n<p data-start=\"163\" data-end=\"426\"><strong data-start=\"163\" data-end=\"204\"><span class=\"hover:entity-accent entity-underline inline cursor-pointer align-baseline\"><span class=\"whitespace-normal\">Rosa 'JEANNE COEUR\u00ae&#8217;<\/span><\/span><\/strong> to wyj\u0105tkowa r\u00f3\u017ca stworzona z my\u015bl\u0105 o fundacji <strong data-start=\"252\" data-end=\"268\">France R\u00e9pit<\/strong>. Jej kwiaty zachwycaj\u0105 du\u017c\u0105, pe\u0142n\u0105 form\u0105 i delikatnym odcieniem \u017c\u00f3\u0142ci pierwiosnka, kt\u00f3ry stopniowo przechodzi w czyst\u0105 biel, nadaj\u0105c im subteln\u0105 elegancj\u0119.<\/p>\n<p data-start=\"428\" data-end=\"573\">Krzew jest silny i wytrzyma\u0142y, a jego obfite kwitnienie wype\u0142nia ogr\u00f3d intensywnym, cytrusowym aromatem, kt\u00f3ry d\u0142ugo utrzymuje si\u0119 w powietrzu.<\/p>\n<p data-start=\"575\" data-end=\"851\">JEANNE COEUR\u00ae to r\u00f3\u017ca, kt\u00f3ra \u0142\u0105czy urod\u0119 i zapach z wyj\u0105tkowym przes\u0142aniem \u2013 symbolizuje wsparcie, jakie fundacja France R\u00e9pit niesie pacjentom i ich opiekunom. To odmiana trwa\u0142a, \u0142atwa w uprawie i doskona\u0142a zar\u00f3wno w ogrodach, jak i w pojemnikach na tarasach czy balkonach.<\/p>\n<p>&nbsp;<\/p>\n<h2><span style=\"border-radius: 2px; text-indent: 20px; width: auto; padding: 0px 4px 0px 0px; text-align: center; font: bold 11px\/20px 'Helvetica Neue',Helvetica,sans-serif; color: #ffffff; background: #bd081c no-repeat scroll 3px 50% \/ 14px 14px; position: absolute; opacity: 1; z-index: 8675309; display: none; cursor: pointer;\">Zapisz<\/span> <span style=\"border-radius: 2px; text-indent: 20px; width: auto; padding: 0px 4px 0px 0px; text-align: center; font: bold 11px\/20px 'Helvetica Neue',Helvetica,sans-serif; color: #ffffff; background: #bd081c no-repeat scroll 3px 50% \/ 14px 14px; position: absolute; opacity: 1; z-index: 8675309; display: none; cursor: pointer;\">Zapisz<\/span><\/h2>\n","protected":false},"excerpt":{"rendered":"<p>R\u00d3\u017bA WIELKOKWIATOWA \u00a0JEANNE COEUR\u00ae ORANOBR<\/p>\n<ul>\n<li>Nazwa:\u00a0 JEANNE COEUR\u00ae ORANOBR<\/li>\n<li>Kolor: \u017c\u00f3\u0142ty przechodz\u0105cy w czysta biel<\/li>\n<li>Wzrost: 100 cm<\/li>\n<li>Wielko\u015b\u0107 kwiatu: 10-12 cm<\/li>\n<li>Zapach: intensywny z nutami cytrusowymi<\/li>\n<li>Odporno\u015b\u0107 na choroby: bardzo dobra<\/li>\n<li>Stanowisko: s\u0142oneczne<\/li>\n<li>Okres kwitnienia: VI \u2013 IX<\/li>\n<li>Powtarza kwitnienie: tak<\/li>\n<li>Typ :wielkokwiatowa<\/li>\n<\/ul>\n","protected":false},"featured_media":23265,"comment_status":"open","ping_status":"closed","template":"","meta":[],"product_brand":[],"product_cat":[290,292,159,199],"product_tag":[247,206,185],"yoast_head":"<!-- This site is optimized with the Yoast SEO plugin v23.5 - https:\/\/yoast.com\/wordpress\/plugins\/seo\/ -->\n<title>ROSA WIELKOKWIATOWA JEANNE COEUR\u00ae ORANOBR - R\u00f3\u017ce ogrodowe - Sklep Sobieszek producent<\/title>\n<meta name=\"description\" content=\"Krzew ro\u015bnie silnie, jest zdrowy i odporny, a przy tym bardzo obficie kwitnie przez ca\u0142y sezon. Dobrze radzi sobie w wi\u0119kszo\u015bci ogrod\u00f3w, zar\u00f3wno w nasadzeniach rabatowych, jak i w uprawie w du\u017cych pojemnikach na tarasach i balkonach.\" \/>\n<meta name=\"robots\" content=\"index, follow, max-snippet:-1, max-image-preview:large, max-video-preview:-1\" \/>\n<link rel=\"canonical\" href=\"https:\/\/roza-sobieszek.pl\/sklep\/produkt\/rosa-wielkokwiatowa-jeanne-coeur-oranobr\/\" \/>\n<meta property=\"og:locale\" content=\"pl_PL\" \/>\n<meta property=\"og:type\" content=\"article\" \/>\n<meta property=\"og:title\" content=\"ROSA WIELKOKWIATOWA JEANNE COEUR\u00ae ORANOBR - R\u00f3\u017ce ogrodowe - Sklep Sobieszek producent\" \/>\n<meta property=\"og:description\" content=\"Krzew ro\u015bnie silnie, jest zdrowy i odporny, a przy tym bardzo obficie kwitnie przez ca\u0142y sezon. Dobrze radzi sobie w wi\u0119kszo\u015bci ogrod\u00f3w, zar\u00f3wno w nasadzeniach rabatowych, jak i w uprawie w du\u017cych pojemnikach na tarasach i balkonach.\" \/>\n<meta property=\"og:url\" content=\"https:\/\/roza-sobieszek.pl\/sklep\/produkt\/rosa-wielkokwiatowa-jeanne-coeur-oranobr\/\" \/>\n<meta property=\"og:site_name\" content=\"R\u00f3\u017ce ogrodowe - Sklep Sobieszek producent\" \/>\n<meta property=\"article:publisher\" content=\"https:\/\/www.facebook.com\/profile.php?id=100063681485170\" \/>\n<meta property=\"article:modified_time\" content=\"2026-04-14T10:35:51+00:00\" \/>\n<meta property=\"og:image\" content=\"https:\/\/roza-sobieszek.pl\/sklep\/wp-content\/uploads\/2026\/02\/Jeanne-Coeur-Oranobri-Bouquet.jpg\" \/>\n\t<meta property=\"og:image:width\" content=\"4023\" \/>\n\t<meta property=\"og:image:height\" content=\"3290\" \/>\n\t<meta property=\"og:image:type\" content=\"image\/jpeg\" \/>\n<meta name=\"twitter:card\" content=\"summary_large_image\" \/>\n<meta name=\"twitter:label1\" content=\"Szacowany czas czytania\" \/>\n\t<meta name=\"twitter:data1\" content=\"1 minuta\" \/>\n<script type=\"application\/ld+json\" class=\"yoast-schema-graph\">{\"@context\":\"https:\/\/schema.org\",\"@graph\":[{\"@type\":\"WebPage\",\"@id\":\"https:\/\/roza-sobieszek.pl\/sklep\/produkt\/rosa-wielkokwiatowa-jeanne-coeur-oranobr\/\",\"url\":\"https:\/\/roza-sobieszek.pl\/sklep\/produkt\/rosa-wielkokwiatowa-jeanne-coeur-oranobr\/\",\"name\":\"ROSA WIELKOKWIATOWA JEANNE COEUR\u00ae ORANOBR - R\u00f3\u017ce ogrodowe - Sklep Sobieszek producent\",\"isPartOf\":{\"@id\":\"https:\/\/roza-sobieszek.pl\/sklep\/#website\"},\"primaryImageOfPage\":{\"@id\":\"https:\/\/roza-sobieszek.pl\/sklep\/produkt\/rosa-wielkokwiatowa-jeanne-coeur-oranobr\/#primaryimage\"},\"image\":{\"@id\":\"https:\/\/roza-sobieszek.pl\/sklep\/produkt\/rosa-wielkokwiatowa-jeanne-coeur-oranobr\/#primaryimage\"},\"thumbnailUrl\":\"https:\/\/roza-sobieszek.pl\/sklep\/wp-content\/uploads\/2026\/02\/Jeanne-Coeur-Oranobri-Bouquet.jpg\",\"datePublished\":\"2026-02-23T10:16:07+00:00\",\"dateModified\":\"2026-04-14T10:35:51+00:00\",\"description\":\"Krzew ro\u015bnie silnie, jest zdrowy i odporny, a przy tym bardzo obficie kwitnie przez ca\u0142y sezon. Dobrze radzi sobie w wi\u0119kszo\u015bci ogrod\u00f3w, zar\u00f3wno w nasadzeniach rabatowych, jak i w uprawie w du\u017cych pojemnikach na tarasach i balkonach.\",\"breadcrumb\":{\"@id\":\"https:\/\/roza-sobieszek.pl\/sklep\/produkt\/rosa-wielkokwiatowa-jeanne-coeur-oranobr\/#breadcrumb\"},\"inLanguage\":\"pl-PL\",\"potentialAction\":[{\"@type\":\"ReadAction\",\"target\":[\"https:\/\/roza-sobieszek.pl\/sklep\/produkt\/rosa-wielkokwiatowa-jeanne-coeur-oranobr\/\"]}]},{\"@type\":\"ImageObject\",\"inLanguage\":\"pl-PL\",\"@id\":\"https:\/\/roza-sobieszek.pl\/sklep\/produkt\/rosa-wielkokwiatowa-jeanne-coeur-oranobr\/#primaryimage\",\"url\":\"https:\/\/roza-sobieszek.pl\/sklep\/wp-content\/uploads\/2026\/02\/Jeanne-Coeur-Oranobri-Bouquet.jpg\",\"contentUrl\":\"https:\/\/roza-sobieszek.pl\/sklep\/wp-content\/uploads\/2026\/02\/Jeanne-Coeur-Oranobri-Bouquet.jpg\",\"width\":4023,\"height\":3290},{\"@type\":\"BreadcrumbList\",\"@id\":\"https:\/\/roza-sobieszek.pl\/sklep\/produkt\/rosa-wielkokwiatowa-jeanne-coeur-oranobr\/#breadcrumb\",\"itemListElement\":[{\"@type\":\"ListItem\",\"position\":1,\"name\":\"Strona g\u0142\u00f3wna\",\"item\":\"https:\/\/roza-sobieszek.pl\/sklep\/\"},{\"@type\":\"ListItem\",\"position\":2,\"name\":\"Shop\",\"item\":\"https:\/\/roza-sobieszek.pl\/sklep\/shop\/\"},{\"@type\":\"ListItem\",\"position\":3,\"name\":\"ROSA WIELKOKWIATOWA JEANNE COEUR\u00ae ORANOBR\"}]},{\"@type\":\"WebSite\",\"@id\":\"https:\/\/roza-sobieszek.pl\/sklep\/#website\",\"url\":\"https:\/\/roza-sobieszek.pl\/sklep\/\",\"name\":\"R\u00f3\u017ce ogrodowe - Sklep Sobieszek producent\",\"description\":\"\",\"publisher\":{\"@id\":\"https:\/\/roza-sobieszek.pl\/sklep\/#organization\"},\"potentialAction\":[{\"@type\":\"SearchAction\",\"target\":{\"@type\":\"EntryPoint\",\"urlTemplate\":\"https:\/\/roza-sobieszek.pl\/sklep\/?s={search_term_string}\"},\"query-input\":{\"@type\":\"PropertyValueSpecification\",\"valueRequired\":true,\"valueName\":\"search_term_string\"}}],\"inLanguage\":\"pl-PL\"},{\"@type\":\"Organization\",\"@id\":\"https:\/\/roza-sobieszek.pl\/sklep\/#organization\",\"name\":\"R\u00f3\u017ce ogrodowe - Sklep Sobieszek producent\",\"url\":\"https:\/\/roza-sobieszek.pl\/sklep\/\",\"logo\":{\"@type\":\"ImageObject\",\"inLanguage\":\"pl-PL\",\"@id\":\"https:\/\/roza-sobieszek.pl\/sklep\/#\/schema\/logo\/image\/\",\"url\":\"https:\/\/roza-sobieszek.pl\/sklep\/wp-content\/uploads\/2016\/08\/IMG_0358-1.jpg\",\"contentUrl\":\"https:\/\/roza-sobieszek.pl\/sklep\/wp-content\/uploads\/2016\/08\/IMG_0358-1.jpg\",\"width\":2048,\"height\":1365,\"caption\":\"R\u00f3\u017ce ogrodowe - Sklep Sobieszek producent\"},\"image\":{\"@id\":\"https:\/\/roza-sobieszek.pl\/sklep\/#\/schema\/logo\/image\/\"},\"sameAs\":[\"https:\/\/www.facebook.com\/profile.php?id=100063681485170\"]}]}<\/script>\n<!-- \/ Yoast SEO plugin. -->","yoast_head_json":{"title":"ROSA WIELKOKWIATOWA JEANNE COEUR\u00ae ORANOBR - R\u00f3\u017ce ogrodowe - Sklep Sobieszek producent","description":"Krzew ro\u015bnie silnie, jest zdrowy i odporny, a przy tym bardzo obficie kwitnie przez ca\u0142y sezon. Dobrze radzi sobie w wi\u0119kszo\u015bci ogrod\u00f3w, zar\u00f3wno w nasadzeniach rabatowych, jak i w uprawie w du\u017cych pojemnikach na tarasach i balkonach.","robots":{"index":"index","follow":"follow","max-snippet":"max-snippet:-1","max-image-preview":"max-image-preview:large","max-video-preview":"max-video-preview:-1"},"canonical":"https:\/\/roza-sobieszek.pl\/sklep\/produkt\/rosa-wielkokwiatowa-jeanne-coeur-oranobr\/","og_locale":"pl_PL","og_type":"article","og_title":"ROSA WIELKOKWIATOWA JEANNE COEUR\u00ae ORANOBR - R\u00f3\u017ce ogrodowe - Sklep Sobieszek producent","og_description":"Krzew ro\u015bnie silnie, jest zdrowy i odporny, a przy tym bardzo obficie kwitnie przez ca\u0142y sezon. Dobrze radzi sobie w wi\u0119kszo\u015bci ogrod\u00f3w, zar\u00f3wno w nasadzeniach rabatowych, jak i w uprawie w du\u017cych pojemnikach na tarasach i balkonach.","og_url":"https:\/\/roza-sobieszek.pl\/sklep\/produkt\/rosa-wielkokwiatowa-jeanne-coeur-oranobr\/","og_site_name":"R\u00f3\u017ce ogrodowe - Sklep Sobieszek producent","article_publisher":"https:\/\/www.facebook.com\/profile.php?id=100063681485170","article_modified_time":"2026-04-14T10:35:51+00:00","og_image":[{"width":4023,"height":3290,"url":"https:\/\/roza-sobieszek.pl\/sklep\/wp-content\/uploads\/2026\/02\/Jeanne-Coeur-Oranobri-Bouquet.jpg","type":"image\/jpeg"}],"twitter_card":"summary_large_image","twitter_misc":{"Szacowany czas czytania":"1 minuta"},"schema":{"@context":"https:\/\/schema.org","@graph":[{"@type":"WebPage","@id":"https:\/\/roza-sobieszek.pl\/sklep\/produkt\/rosa-wielkokwiatowa-jeanne-coeur-oranobr\/","url":"https:\/\/roza-sobieszek.pl\/sklep\/produkt\/rosa-wielkokwiatowa-jeanne-coeur-oranobr\/","name":"ROSA WIELKOKWIATOWA JEANNE COEUR\u00ae ORANOBR - R\u00f3\u017ce ogrodowe - Sklep Sobieszek producent","isPartOf":{"@id":"https:\/\/roza-sobieszek.pl\/sklep\/#website"},"primaryImageOfPage":{"@id":"https:\/\/roza-sobieszek.pl\/sklep\/produkt\/rosa-wielkokwiatowa-jeanne-coeur-oranobr\/#primaryimage"},"image":{"@id":"https:\/\/roza-sobieszek.pl\/sklep\/produkt\/rosa-wielkokwiatowa-jeanne-coeur-oranobr\/#primaryimage"},"thumbnailUrl":"https:\/\/roza-sobieszek.pl\/sklep\/wp-content\/uploads\/2026\/02\/Jeanne-Coeur-Oranobri-Bouquet.jpg","datePublished":"2026-02-23T10:16:07+00:00","dateModified":"2026-04-14T10:35:51+00:00","description":"Krzew ro\u015bnie silnie, jest zdrowy i odporny, a przy tym bardzo obficie kwitnie przez ca\u0142y sezon. Dobrze radzi sobie w wi\u0119kszo\u015bci ogrod\u00f3w, zar\u00f3wno w nasadzeniach rabatowych, jak i w uprawie w du\u017cych pojemnikach na tarasach i balkonach.","breadcrumb":{"@id":"https:\/\/roza-sobieszek.pl\/sklep\/produkt\/rosa-wielkokwiatowa-jeanne-coeur-oranobr\/#breadcrumb"},"inLanguage":"pl-PL","potentialAction":[{"@type":"ReadAction","target":["https:\/\/roza-sobieszek.pl\/sklep\/produkt\/rosa-wielkokwiatowa-jeanne-coeur-oranobr\/"]}]},{"@type":"ImageObject","inLanguage":"pl-PL","@id":"https:\/\/roza-sobieszek.pl\/sklep\/produkt\/rosa-wielkokwiatowa-jeanne-coeur-oranobr\/#primaryimage","url":"https:\/\/roza-sobieszek.pl\/sklep\/wp-content\/uploads\/2026\/02\/Jeanne-Coeur-Oranobri-Bouquet.jpg","contentUrl":"https:\/\/roza-sobieszek.pl\/sklep\/wp-content\/uploads\/2026\/02\/Jeanne-Coeur-Oranobri-Bouquet.jpg","width":4023,"height":3290},{"@type":"BreadcrumbList","@id":"https:\/\/roza-sobieszek.pl\/sklep\/produkt\/rosa-wielkokwiatowa-jeanne-coeur-oranobr\/#breadcrumb","itemListElement":[{"@type":"ListItem","position":1,"name":"Strona g\u0142\u00f3wna","item":"https:\/\/roza-sobieszek.pl\/sklep\/"},{"@type":"ListItem","position":2,"name":"Shop","item":"https:\/\/roza-sobieszek.pl\/sklep\/shop\/"},{"@type":"ListItem","position":3,"name":"ROSA WIELKOKWIATOWA JEANNE COEUR\u00ae ORANOBR"}]},{"@type":"WebSite","@id":"https:\/\/roza-sobieszek.pl\/sklep\/#website","url":"https:\/\/roza-sobieszek.pl\/sklep\/","name":"R\u00f3\u017ce ogrodowe - Sklep Sobieszek producent","description":"","publisher":{"@id":"https:\/\/roza-sobieszek.pl\/sklep\/#organization"},"potentialAction":[{"@type":"SearchAction","target":{"@type":"EntryPoint","urlTemplate":"https:\/\/roza-sobieszek.pl\/sklep\/?s={search_term_string}"},"query-input":{"@type":"PropertyValueSpecification","valueRequired":true,"valueName":"search_term_string"}}],"inLanguage":"pl-PL"},{"@type":"Organization","@id":"https:\/\/roza-sobieszek.pl\/sklep\/#organization","name":"R\u00f3\u017ce ogrodowe - Sklep Sobieszek producent","url":"https:\/\/roza-sobieszek.pl\/sklep\/","logo":{"@type":"ImageObject","inLanguage":"pl-PL","@id":"https:\/\/roza-sobieszek.pl\/sklep\/#\/schema\/logo\/image\/","url":"https:\/\/roza-sobieszek.pl\/sklep\/wp-content\/uploads\/2016\/08\/IMG_0358-1.jpg","contentUrl":"https:\/\/roza-sobieszek.pl\/sklep\/wp-content\/uploads\/2016\/08\/IMG_0358-1.jpg","width":2048,"height":1365,"caption":"R\u00f3\u017ce ogrodowe - Sklep Sobieszek producent"},"image":{"@id":"https:\/\/roza-sobieszek.pl\/sklep\/#\/schema\/logo\/image\/"},"sameAs":["https:\/\/www.facebook.com\/profile.php?id=100063681485170"]}]}},"_links":{"self":[{"href":"https:\/\/roza-sobieszek.pl\/sklep\/wp-json\/wp\/v2\/product\/23261"}],"collection":[{"href":"https:\/\/roza-sobieszek.pl\/sklep\/wp-json\/wp\/v2\/product"}],"about":[{"href":"https:\/\/roza-sobieszek.pl\/sklep\/wp-json\/wp\/v2\/types\/product"}],"replies":[{"embeddable":true,"href":"https:\/\/roza-sobieszek.pl\/sklep\/wp-json\/wp\/v2\/comments?post=23261"}],"wp:featuredmedia":[{"embeddable":true,"href":"https:\/\/roza-sobieszek.pl\/sklep\/wp-json\/wp\/v2\/media\/23265"}],"wp:attachment":[{"href":"https:\/\/roza-sobieszek.pl\/sklep\/wp-json\/wp\/v2\/media?parent=23261"}],"wp:term":[{"taxonomy":"product_brand","embeddable":true,"href":"https:\/\/roza-sobieszek.pl\/sklep\/wp-json\/wp\/v2\/product_brand?post=23261"},{"taxonomy":"product_cat","embeddable":true,"href":"https:\/\/roza-sobieszek.pl\/sklep\/wp-json\/wp\/v2\/product_cat?post=23261"},{"taxonomy":"product_tag","embeddable":true,"href":"https:\/\/roza-sobieszek.pl\/sklep\/wp-json\/wp\/v2\/product_tag?post=23261"}],"curies":[{"name":"wp","href":"https:\/\/api.w.org\/{rel}","templated":true}]}}