{"id":23273,"date":"2026-02-23T10:59:33","date_gmt":"2026-02-23T10:59:33","guid":{"rendered":"https:\/\/roza-sobieszek.pl\/sklep\/?post_type=product&#038;p=23273"},"modified":"2026-02-23T11:46:07","modified_gmt":"2026-02-23T11:46:07","slug":"rosa-wielkokwiatowa-reine-des-perfums-ora-9898b","status":"publish","type":"product","link":"https:\/\/roza-sobieszek.pl\/sklep\/produkt\/rosa-wielkokwiatowa-reine-des-perfums-ora-9898b\/","title":{"rendered":"ROSA WIELKOKWIATOWA  REINE DES PERFUMS\u00ae ORA 9898B"},"content":{"rendered":"<h3>R\u00d3\u017bA WIELKOKWIATOWA REINE DES PERFUMS\u00ae ORA 9898B<\/h3>\n<p data-start=\"176\" data-end=\"369\"><strong data-start=\"176\" data-end=\"217\"><span class=\"hover:entity-accent entity-underline inline cursor-pointer align-baseline\"><span class=\"whitespace-normal\">Rosa 'REINE DES PARFUMS\u00ae&#8217;<\/span><\/span><\/strong> zachwyca du\u017cymi, pe\u0142nymi kwiatami, kt\u00f3rych barwa zmienia si\u0119 od g\u0142\u0119bokiej czerwieni m\u0142odych p\u0105k\u00f3w po subtelniejszy, ciep\u0142y odcie\u0144 w pe\u0142nym rozkwicie.<\/p>\n<p data-start=\"371\" data-end=\"734\">To r\u00f3\u017ca wyj\u0105tkowa nie tylko wizualnie \u2013 zosta\u0142a wyr\u00f3\u017cniona przez <strong data-start=\"436\" data-end=\"483\">Francuskie Stowarzyszenie Perfumiarzy (SFP)<\/strong> podczas 70. rocznicy stowarzyszenia. Jej zapach jest zmys\u0142owy i nowoczesny: klasyczna r\u00f3\u017ca damasce\u0144ska \u0142\u0105czy si\u0119 z soczystymi nutami brzoskwini i czerwonych owoc\u00f3w, a \u015bwie\u017ce akcenty li\u015bci czarnej porzeczki nadaj\u0105 aromatowi lekko\u015bci i intensywno\u015bci.<\/p>\n<p data-start=\"736\" data-end=\"977\">Krzew jest silny, zdrowy i obficie kwitnie, idealnie nadaj\u0105c si\u0119 do ogrod\u00f3w, rabat i pojemnik\u00f3w. REINE DES PARFUMS\u00ae to propozycja dla os\u00f3b, kt\u00f3re oczekuj\u0105 w ogrodzie zar\u00f3wno efektownych kwiat\u00f3w, jak i wyj\u0105tkowego, wielowymiarowego aromatu.<\/p>\n<h2><span style=\"border-radius: 2px; text-indent: 20px; width: auto; padding: 0px 4px 0px 0px; text-align: center; font: bold 11px\/20px 'Helvetica Neue',Helvetica,sans-serif; color: #ffffff; background: #bd081c no-repeat scroll 3px 50% \/ 14px 14px; position: absolute; opacity: 1; z-index: 8675309; display: none; cursor: pointer;\">Zapisz<\/span> <span style=\"border-radius: 2px; text-indent: 20px; width: auto; padding: 0px 4px 0px 0px; text-align: center; font: bold 11px\/20px 'Helvetica Neue',Helvetica,sans-serif; color: #ffffff; background: #bd081c no-repeat scroll 3px 50% \/ 14px 14px; position: absolute; opacity: 1; z-index: 8675309; display: none; cursor: pointer;\">Zapisz<\/span><\/h2>\n","protected":false},"excerpt":{"rendered":"<p>R\u00d3\u017bA WIELKOKWIATOWA REINE DES PERFUMS\u00ae ORA 9898B<\/p>\n<ul>\n<li>Nazwa: REINE DES PERFUMS\u00ae ORA 9898B<\/li>\n<li>Kolor: aksamitna czerwie\u0144<\/li>\n<li>Wzrost: 90-100 cm<\/li>\n<li>Wielko\u015b\u0107 kwiatu: 8 cm<\/li>\n<li>Zapach: intensywny<\/li>\n<li>Odporno\u015b\u0107 na choroby: dobra<\/li>\n<li>Stanowisko: s\u0142oneczne<\/li>\n<li>Okres kwitnienia: VI \u2013 IX<\/li>\n<li>Powtarza kwitnienie: tak<\/li>\n<li>Typ :wielkokwiatowa<\/li>\n<\/ul>\n","protected":false},"featured_media":23277,"comment_status":"open","ping_status":"closed","template":"","meta":[],"product_brand":[],"product_cat":[290,292,159,199],"product_tag":[247,206,185],"yoast_head":"<!-- This site is optimized with the Yoast SEO plugin v23.5 - https:\/\/yoast.com\/wordpress\/plugins\/seo\/ -->\n<title>ROSA WIELKOKWIATOWA REINE DES PERFUMS\u00ae ORA 9898B - R\u00f3\u017ce ogrodowe - Sklep Sobieszek producent<\/title>\n<meta name=\"description\" content=\"Krzew jest silny, zdrowy i obficie kwitnie, idealnie nadaj\u0105c si\u0119 do ogrod\u00f3w, rabat i pojemnik\u00f3w. REINE DES PARFUMS\u00ae to propozycja dla os\u00f3b, kt\u00f3re oczekuj\u0105 w ogrodzie zar\u00f3wno efektownych kwiat\u00f3w, jak i wyj\u0105tkowego, wielowymiarowego aromatu.\" \/>\n<meta name=\"robots\" content=\"index, follow, max-snippet:-1, max-image-preview:large, max-video-preview:-1\" \/>\n<link rel=\"canonical\" href=\"https:\/\/roza-sobieszek.pl\/sklep\/produkt\/rosa-wielkokwiatowa-reine-des-perfums-ora-9898b\/\" \/>\n<meta property=\"og:locale\" content=\"pl_PL\" \/>\n<meta property=\"og:type\" content=\"article\" \/>\n<meta property=\"og:title\" content=\"ROSA WIELKOKWIATOWA REINE DES PERFUMS\u00ae ORA 9898B - R\u00f3\u017ce ogrodowe - Sklep Sobieszek producent\" \/>\n<meta property=\"og:description\" content=\"Krzew jest silny, zdrowy i obficie kwitnie, idealnie nadaj\u0105c si\u0119 do ogrod\u00f3w, rabat i pojemnik\u00f3w. REINE DES PARFUMS\u00ae to propozycja dla os\u00f3b, kt\u00f3re oczekuj\u0105 w ogrodzie zar\u00f3wno efektownych kwiat\u00f3w, jak i wyj\u0105tkowego, wielowymiarowego aromatu.\" \/>\n<meta property=\"og:url\" content=\"https:\/\/roza-sobieszek.pl\/sklep\/produkt\/rosa-wielkokwiatowa-reine-des-perfums-ora-9898b\/\" \/>\n<meta property=\"og:site_name\" content=\"R\u00f3\u017ce ogrodowe - Sklep Sobieszek producent\" \/>\n<meta property=\"article:publisher\" content=\"https:\/\/www.facebook.com\/profile.php?id=100063681485170\" \/>\n<meta property=\"article:modified_time\" content=\"2026-02-23T11:46:07+00:00\" \/>\n<meta property=\"og:image\" content=\"https:\/\/roza-sobieszek.pl\/sklep\/wp-content\/uploads\/2026\/02\/REINE-DES-PARFUMS-Ora9898B-Bouquet.jpg\" \/>\n\t<meta property=\"og:image:width\" content=\"3146\" \/>\n\t<meta property=\"og:image:height\" content=\"3392\" \/>\n\t<meta property=\"og:image:type\" content=\"image\/jpeg\" \/>\n<meta name=\"twitter:card\" content=\"summary_large_image\" \/>\n<meta name=\"twitter:label1\" content=\"Szacowany czas czytania\" \/>\n\t<meta name=\"twitter:data1\" content=\"1 minuta\" \/>\n<script type=\"application\/ld+json\" class=\"yoast-schema-graph\">{\"@context\":\"https:\/\/schema.org\",\"@graph\":[{\"@type\":\"WebPage\",\"@id\":\"https:\/\/roza-sobieszek.pl\/sklep\/produkt\/rosa-wielkokwiatowa-reine-des-perfums-ora-9898b\/\",\"url\":\"https:\/\/roza-sobieszek.pl\/sklep\/produkt\/rosa-wielkokwiatowa-reine-des-perfums-ora-9898b\/\",\"name\":\"ROSA WIELKOKWIATOWA REINE DES PERFUMS\u00ae ORA 9898B - R\u00f3\u017ce ogrodowe - Sklep Sobieszek producent\",\"isPartOf\":{\"@id\":\"https:\/\/roza-sobieszek.pl\/sklep\/#website\"},\"primaryImageOfPage\":{\"@id\":\"https:\/\/roza-sobieszek.pl\/sklep\/produkt\/rosa-wielkokwiatowa-reine-des-perfums-ora-9898b\/#primaryimage\"},\"image\":{\"@id\":\"https:\/\/roza-sobieszek.pl\/sklep\/produkt\/rosa-wielkokwiatowa-reine-des-perfums-ora-9898b\/#primaryimage\"},\"thumbnailUrl\":\"https:\/\/roza-sobieszek.pl\/sklep\/wp-content\/uploads\/2026\/02\/REINE-DES-PARFUMS-Ora9898B-Bouquet.jpg\",\"datePublished\":\"2026-02-23T10:59:33+00:00\",\"dateModified\":\"2026-02-23T11:46:07+00:00\",\"description\":\"Krzew jest silny, zdrowy i obficie kwitnie, idealnie nadaj\u0105c si\u0119 do ogrod\u00f3w, rabat i pojemnik\u00f3w. REINE DES PARFUMS\u00ae to propozycja dla os\u00f3b, kt\u00f3re oczekuj\u0105 w ogrodzie zar\u00f3wno efektownych kwiat\u00f3w, jak i wyj\u0105tkowego, wielowymiarowego aromatu.\",\"breadcrumb\":{\"@id\":\"https:\/\/roza-sobieszek.pl\/sklep\/produkt\/rosa-wielkokwiatowa-reine-des-perfums-ora-9898b\/#breadcrumb\"},\"inLanguage\":\"pl-PL\",\"potentialAction\":[{\"@type\":\"ReadAction\",\"target\":[\"https:\/\/roza-sobieszek.pl\/sklep\/produkt\/rosa-wielkokwiatowa-reine-des-perfums-ora-9898b\/\"]}]},{\"@type\":\"ImageObject\",\"inLanguage\":\"pl-PL\",\"@id\":\"https:\/\/roza-sobieszek.pl\/sklep\/produkt\/rosa-wielkokwiatowa-reine-des-perfums-ora-9898b\/#primaryimage\",\"url\":\"https:\/\/roza-sobieszek.pl\/sklep\/wp-content\/uploads\/2026\/02\/REINE-DES-PARFUMS-Ora9898B-Bouquet.jpg\",\"contentUrl\":\"https:\/\/roza-sobieszek.pl\/sklep\/wp-content\/uploads\/2026\/02\/REINE-DES-PARFUMS-Ora9898B-Bouquet.jpg\",\"width\":3146,\"height\":3392},{\"@type\":\"BreadcrumbList\",\"@id\":\"https:\/\/roza-sobieszek.pl\/sklep\/produkt\/rosa-wielkokwiatowa-reine-des-perfums-ora-9898b\/#breadcrumb\",\"itemListElement\":[{\"@type\":\"ListItem\",\"position\":1,\"name\":\"Strona g\u0142\u00f3wna\",\"item\":\"https:\/\/roza-sobieszek.pl\/sklep\/\"},{\"@type\":\"ListItem\",\"position\":2,\"name\":\"Shop\",\"item\":\"https:\/\/roza-sobieszek.pl\/sklep\/shop\/\"},{\"@type\":\"ListItem\",\"position\":3,\"name\":\"ROSA WIELKOKWIATOWA REINE DES PERFUMS\u00ae ORA 9898B\"}]},{\"@type\":\"WebSite\",\"@id\":\"https:\/\/roza-sobieszek.pl\/sklep\/#website\",\"url\":\"https:\/\/roza-sobieszek.pl\/sklep\/\",\"name\":\"R\u00f3\u017ce ogrodowe - Sklep Sobieszek producent\",\"description\":\"\",\"publisher\":{\"@id\":\"https:\/\/roza-sobieszek.pl\/sklep\/#organization\"},\"potentialAction\":[{\"@type\":\"SearchAction\",\"target\":{\"@type\":\"EntryPoint\",\"urlTemplate\":\"https:\/\/roza-sobieszek.pl\/sklep\/?s={search_term_string}\"},\"query-input\":{\"@type\":\"PropertyValueSpecification\",\"valueRequired\":true,\"valueName\":\"search_term_string\"}}],\"inLanguage\":\"pl-PL\"},{\"@type\":\"Organization\",\"@id\":\"https:\/\/roza-sobieszek.pl\/sklep\/#organization\",\"name\":\"R\u00f3\u017ce ogrodowe - Sklep Sobieszek producent\",\"url\":\"https:\/\/roza-sobieszek.pl\/sklep\/\",\"logo\":{\"@type\":\"ImageObject\",\"inLanguage\":\"pl-PL\",\"@id\":\"https:\/\/roza-sobieszek.pl\/sklep\/#\/schema\/logo\/image\/\",\"url\":\"https:\/\/roza-sobieszek.pl\/sklep\/wp-content\/uploads\/2016\/08\/IMG_0358-1.jpg\",\"contentUrl\":\"https:\/\/roza-sobieszek.pl\/sklep\/wp-content\/uploads\/2016\/08\/IMG_0358-1.jpg\",\"width\":2048,\"height\":1365,\"caption\":\"R\u00f3\u017ce ogrodowe - Sklep Sobieszek producent\"},\"image\":{\"@id\":\"https:\/\/roza-sobieszek.pl\/sklep\/#\/schema\/logo\/image\/\"},\"sameAs\":[\"https:\/\/www.facebook.com\/profile.php?id=100063681485170\"]}]}<\/script>\n<!-- \/ Yoast SEO plugin. -->","yoast_head_json":{"title":"ROSA WIELKOKWIATOWA REINE DES PERFUMS\u00ae ORA 9898B - R\u00f3\u017ce ogrodowe - Sklep Sobieszek producent","description":"Krzew jest silny, zdrowy i obficie kwitnie, idealnie nadaj\u0105c si\u0119 do ogrod\u00f3w, rabat i pojemnik\u00f3w. REINE DES PARFUMS\u00ae to propozycja dla os\u00f3b, kt\u00f3re oczekuj\u0105 w ogrodzie zar\u00f3wno efektownych kwiat\u00f3w, jak i wyj\u0105tkowego, wielowymiarowego aromatu.","robots":{"index":"index","follow":"follow","max-snippet":"max-snippet:-1","max-image-preview":"max-image-preview:large","max-video-preview":"max-video-preview:-1"},"canonical":"https:\/\/roza-sobieszek.pl\/sklep\/produkt\/rosa-wielkokwiatowa-reine-des-perfums-ora-9898b\/","og_locale":"pl_PL","og_type":"article","og_title":"ROSA WIELKOKWIATOWA REINE DES PERFUMS\u00ae ORA 9898B - R\u00f3\u017ce ogrodowe - Sklep Sobieszek producent","og_description":"Krzew jest silny, zdrowy i obficie kwitnie, idealnie nadaj\u0105c si\u0119 do ogrod\u00f3w, rabat i pojemnik\u00f3w. REINE DES PARFUMS\u00ae to propozycja dla os\u00f3b, kt\u00f3re oczekuj\u0105 w ogrodzie zar\u00f3wno efektownych kwiat\u00f3w, jak i wyj\u0105tkowego, wielowymiarowego aromatu.","og_url":"https:\/\/roza-sobieszek.pl\/sklep\/produkt\/rosa-wielkokwiatowa-reine-des-perfums-ora-9898b\/","og_site_name":"R\u00f3\u017ce ogrodowe - Sklep Sobieszek producent","article_publisher":"https:\/\/www.facebook.com\/profile.php?id=100063681485170","article_modified_time":"2026-02-23T11:46:07+00:00","og_image":[{"width":3146,"height":3392,"url":"https:\/\/roza-sobieszek.pl\/sklep\/wp-content\/uploads\/2026\/02\/REINE-DES-PARFUMS-Ora9898B-Bouquet.jpg","type":"image\/jpeg"}],"twitter_card":"summary_large_image","twitter_misc":{"Szacowany czas czytania":"1 minuta"},"schema":{"@context":"https:\/\/schema.org","@graph":[{"@type":"WebPage","@id":"https:\/\/roza-sobieszek.pl\/sklep\/produkt\/rosa-wielkokwiatowa-reine-des-perfums-ora-9898b\/","url":"https:\/\/roza-sobieszek.pl\/sklep\/produkt\/rosa-wielkokwiatowa-reine-des-perfums-ora-9898b\/","name":"ROSA WIELKOKWIATOWA REINE DES PERFUMS\u00ae ORA 9898B - R\u00f3\u017ce ogrodowe - Sklep Sobieszek producent","isPartOf":{"@id":"https:\/\/roza-sobieszek.pl\/sklep\/#website"},"primaryImageOfPage":{"@id":"https:\/\/roza-sobieszek.pl\/sklep\/produkt\/rosa-wielkokwiatowa-reine-des-perfums-ora-9898b\/#primaryimage"},"image":{"@id":"https:\/\/roza-sobieszek.pl\/sklep\/produkt\/rosa-wielkokwiatowa-reine-des-perfums-ora-9898b\/#primaryimage"},"thumbnailUrl":"https:\/\/roza-sobieszek.pl\/sklep\/wp-content\/uploads\/2026\/02\/REINE-DES-PARFUMS-Ora9898B-Bouquet.jpg","datePublished":"2026-02-23T10:59:33+00:00","dateModified":"2026-02-23T11:46:07+00:00","description":"Krzew jest silny, zdrowy i obficie kwitnie, idealnie nadaj\u0105c si\u0119 do ogrod\u00f3w, rabat i pojemnik\u00f3w. REINE DES PARFUMS\u00ae to propozycja dla os\u00f3b, kt\u00f3re oczekuj\u0105 w ogrodzie zar\u00f3wno efektownych kwiat\u00f3w, jak i wyj\u0105tkowego, wielowymiarowego aromatu.","breadcrumb":{"@id":"https:\/\/roza-sobieszek.pl\/sklep\/produkt\/rosa-wielkokwiatowa-reine-des-perfums-ora-9898b\/#breadcrumb"},"inLanguage":"pl-PL","potentialAction":[{"@type":"ReadAction","target":["https:\/\/roza-sobieszek.pl\/sklep\/produkt\/rosa-wielkokwiatowa-reine-des-perfums-ora-9898b\/"]}]},{"@type":"ImageObject","inLanguage":"pl-PL","@id":"https:\/\/roza-sobieszek.pl\/sklep\/produkt\/rosa-wielkokwiatowa-reine-des-perfums-ora-9898b\/#primaryimage","url":"https:\/\/roza-sobieszek.pl\/sklep\/wp-content\/uploads\/2026\/02\/REINE-DES-PARFUMS-Ora9898B-Bouquet.jpg","contentUrl":"https:\/\/roza-sobieszek.pl\/sklep\/wp-content\/uploads\/2026\/02\/REINE-DES-PARFUMS-Ora9898B-Bouquet.jpg","width":3146,"height":3392},{"@type":"BreadcrumbList","@id":"https:\/\/roza-sobieszek.pl\/sklep\/produkt\/rosa-wielkokwiatowa-reine-des-perfums-ora-9898b\/#breadcrumb","itemListElement":[{"@type":"ListItem","position":1,"name":"Strona g\u0142\u00f3wna","item":"https:\/\/roza-sobieszek.pl\/sklep\/"},{"@type":"ListItem","position":2,"name":"Shop","item":"https:\/\/roza-sobieszek.pl\/sklep\/shop\/"},{"@type":"ListItem","position":3,"name":"ROSA WIELKOKWIATOWA REINE DES PERFUMS\u00ae ORA 9898B"}]},{"@type":"WebSite","@id":"https:\/\/roza-sobieszek.pl\/sklep\/#website","url":"https:\/\/roza-sobieszek.pl\/sklep\/","name":"R\u00f3\u017ce ogrodowe - Sklep Sobieszek producent","description":"","publisher":{"@id":"https:\/\/roza-sobieszek.pl\/sklep\/#organization"},"potentialAction":[{"@type":"SearchAction","target":{"@type":"EntryPoint","urlTemplate":"https:\/\/roza-sobieszek.pl\/sklep\/?s={search_term_string}"},"query-input":{"@type":"PropertyValueSpecification","valueRequired":true,"valueName":"search_term_string"}}],"inLanguage":"pl-PL"},{"@type":"Organization","@id":"https:\/\/roza-sobieszek.pl\/sklep\/#organization","name":"R\u00f3\u017ce ogrodowe - Sklep Sobieszek producent","url":"https:\/\/roza-sobieszek.pl\/sklep\/","logo":{"@type":"ImageObject","inLanguage":"pl-PL","@id":"https:\/\/roza-sobieszek.pl\/sklep\/#\/schema\/logo\/image\/","url":"https:\/\/roza-sobieszek.pl\/sklep\/wp-content\/uploads\/2016\/08\/IMG_0358-1.jpg","contentUrl":"https:\/\/roza-sobieszek.pl\/sklep\/wp-content\/uploads\/2016\/08\/IMG_0358-1.jpg","width":2048,"height":1365,"caption":"R\u00f3\u017ce ogrodowe - Sklep Sobieszek producent"},"image":{"@id":"https:\/\/roza-sobieszek.pl\/sklep\/#\/schema\/logo\/image\/"},"sameAs":["https:\/\/www.facebook.com\/profile.php?id=100063681485170"]}]}},"_links":{"self":[{"href":"https:\/\/roza-sobieszek.pl\/sklep\/wp-json\/wp\/v2\/product\/23273"}],"collection":[{"href":"https:\/\/roza-sobieszek.pl\/sklep\/wp-json\/wp\/v2\/product"}],"about":[{"href":"https:\/\/roza-sobieszek.pl\/sklep\/wp-json\/wp\/v2\/types\/product"}],"replies":[{"embeddable":true,"href":"https:\/\/roza-sobieszek.pl\/sklep\/wp-json\/wp\/v2\/comments?post=23273"}],"wp:featuredmedia":[{"embeddable":true,"href":"https:\/\/roza-sobieszek.pl\/sklep\/wp-json\/wp\/v2\/media\/23277"}],"wp:attachment":[{"href":"https:\/\/roza-sobieszek.pl\/sklep\/wp-json\/wp\/v2\/media?parent=23273"}],"wp:term":[{"taxonomy":"product_brand","embeddable":true,"href":"https:\/\/roza-sobieszek.pl\/sklep\/wp-json\/wp\/v2\/product_brand?post=23273"},{"taxonomy":"product_cat","embeddable":true,"href":"https:\/\/roza-sobieszek.pl\/sklep\/wp-json\/wp\/v2\/product_cat?post=23273"},{"taxonomy":"product_tag","embeddable":true,"href":"https:\/\/roza-sobieszek.pl\/sklep\/wp-json\/wp\/v2\/product_tag?post=23273"}],"curies":[{"name":"wp","href":"https:\/\/api.w.org\/{rel}","templated":true}]}}