{"id":23351,"date":"2026-02-28T08:00:38","date_gmt":"2026-02-28T08:00:38","guid":{"rendered":"https:\/\/roza-sobieszek.pl\/sklep\/?post_type=product&#038;p=23351"},"modified":"2026-03-31T20:43:51","modified_gmt":"2026-03-31T20:43:51","slug":"roza-miniaturowa-mala-mi","status":"publish","type":"product","link":"https:\/\/roza-sobieszek.pl\/sklep\/produkt\/roza-miniaturowa-mala-mi\/","title":{"rendered":"R\u00f3\u017ca Miniaturowa Ma\u0142a Mi\u00ae"},"content":{"rendered":"<h1 class=\"product_title entry-title elementor-heading-title elementor-size-default\">Ma\u0142a Mi\u00ae<\/h1>\n<p data-start=\"71\" data-end=\"376\">G\u0119sto ulistniony, niski krzew o zwartej, eleganckiej sylwetce to doskona\u0142y wyb\u00f3r na obw\u00f3dki, fronty rabat oraz kompozycje w donicach. Dzi\u0119ki naturalnej odporno\u015bci nie wymaga oprysk\u00f3w, co czyni go wyj\u0105tkowo \u0142atwym w piel\u0119gnacji \u2013 idealnym zar\u00f3wno dla pocz\u0105tkuj\u0105cych, jak i do\u015bwiadczonych mi\u0142o\u015bnik\u00f3w ogrodu.<\/p>\n<p data-start=\"378\" data-end=\"808\">Pe\u0142ne, rozetowe kwiaty zachwycaj\u0105 niepowtarzaln\u0105 barw\u0105 \u2013 odcieniem przypominaj\u0105cym mus malinowo-czekoladowy. To kolor, kt\u00f3ry przyci\u0105ga wzrok i nadaje aran\u017cacjom ogrodowym wyrafinowanego charakteru. Charakterystyczny uk\u0142ad p\u0142atk\u00f3w tworzy efektown\u0105, zwart\u0105 form\u0119, przywodz\u0105c\u0105 na my\u015bl kok upi\u0119ty przez <span class=\"hover:entity-accent entity-underline inline cursor-pointer align-baseline\"><span class=\"whitespace-normal\">Ma\u0142a Mi<\/span><\/span> z bajek <span class=\"hover:entity-accent entity-underline inline cursor-pointer align-baseline\"><span class=\"whitespace-normal\">Tove Jansson<\/span><\/span> \u2013 niewielki, ale absolutnie nie do przeoczenia.<\/p>\n<p data-start=\"757\" data-end=\"1134\">\n","protected":false},"excerpt":{"rendered":"<p>Nowo\u015b\u0107 polskiego hodowcy<\/p>\n<p>Ma\u0142a Mi\u00ae<\/p>\n<ul>\n<li>Nazwa: Ma\u0142a Mi\u00ae<\/li>\n<li>Kolor: pomara\u0144czowo-r\u00f3\u017cowa<\/li>\n<li>Wzrost:45-50 cm<\/li>\n<li>Wielko\u015b\u0107 kwiatu: 3cm<\/li>\n<li>Zapach: delikatny<\/li>\n<li>Stanowisko: s\u0142oneczne<\/li>\n<li>Okres kwitnienia: VI \u2013 X<\/li>\n<li>Powtarza kwitnienie: tak<\/li>\n<li>Typ: miniaturowa<\/li>\n<\/ul>\n","protected":false},"featured_media":23356,"comment_status":"open","ping_status":"closed","template":"","meta":[],"product_brand":[284],"product_cat":[290,209,221],"product_tag":[247,258,306,251,304],"yoast_head":"<!-- This site is optimized with the Yoast SEO plugin v23.5 - https:\/\/yoast.com\/wordpress\/plugins\/seo\/ -->\n<title>R\u00f3\u017ca Miniaturowa Ma\u0142a Mi\u00ae - R\u00f3\u017ce ogrodowe - Sklep Sobieszek producent<\/title>\n<meta name=\"description\" content=\"G\u0119sto ulistniony, niski krzew o zwartej, eleganckiej sylwetce to doskona\u0142y wyb\u00f3r na obw\u00f3dki, fronty rabat oraz kompozycje w donicach.\" \/>\n<meta name=\"robots\" content=\"index, follow, max-snippet:-1, max-image-preview:large, max-video-preview:-1\" \/>\n<link rel=\"canonical\" href=\"https:\/\/roza-sobieszek.pl\/sklep\/produkt\/roza-miniaturowa-mala-mi\/\" \/>\n<meta property=\"og:locale\" content=\"pl_PL\" \/>\n<meta property=\"og:type\" content=\"article\" \/>\n<meta property=\"og:title\" content=\"R\u00f3\u017ca Miniaturowa Ma\u0142a Mi\u00ae - R\u00f3\u017ce ogrodowe - Sklep Sobieszek producent\" \/>\n<meta property=\"og:description\" content=\"G\u0119sto ulistniony, niski krzew o zwartej, eleganckiej sylwetce to doskona\u0142y wyb\u00f3r na obw\u00f3dki, fronty rabat oraz kompozycje w donicach.\" \/>\n<meta property=\"og:url\" content=\"https:\/\/roza-sobieszek.pl\/sklep\/produkt\/roza-miniaturowa-mala-mi\/\" \/>\n<meta property=\"og:site_name\" content=\"R\u00f3\u017ce ogrodowe - Sklep Sobieszek producent\" \/>\n<meta property=\"article:publisher\" content=\"https:\/\/www.facebook.com\/profile.php?id=100063681485170\" \/>\n<meta property=\"article:modified_time\" content=\"2026-03-31T20:43:51+00:00\" \/>\n<meta property=\"og:image\" content=\"https:\/\/roza-sobieszek.pl\/sklep\/wp-content\/uploads\/2026\/02\/mala-mi.png\" \/>\n\t<meta property=\"og:image:width\" content=\"872\" \/>\n\t<meta property=\"og:image:height\" content=\"699\" \/>\n\t<meta property=\"og:image:type\" content=\"image\/png\" \/>\n<meta name=\"twitter:card\" content=\"summary_large_image\" \/>\n<meta name=\"twitter:label1\" content=\"Szacowany czas czytania\" \/>\n\t<meta name=\"twitter:data1\" content=\"1 minuta\" \/>\n<script type=\"application\/ld+json\" class=\"yoast-schema-graph\">{\"@context\":\"https:\/\/schema.org\",\"@graph\":[{\"@type\":\"WebPage\",\"@id\":\"https:\/\/roza-sobieszek.pl\/sklep\/produkt\/roza-miniaturowa-mala-mi\/\",\"url\":\"https:\/\/roza-sobieszek.pl\/sklep\/produkt\/roza-miniaturowa-mala-mi\/\",\"name\":\"R\u00f3\u017ca Miniaturowa Ma\u0142a Mi\u00ae - R\u00f3\u017ce ogrodowe - Sklep Sobieszek producent\",\"isPartOf\":{\"@id\":\"https:\/\/roza-sobieszek.pl\/sklep\/#website\"},\"primaryImageOfPage\":{\"@id\":\"https:\/\/roza-sobieszek.pl\/sklep\/produkt\/roza-miniaturowa-mala-mi\/#primaryimage\"},\"image\":{\"@id\":\"https:\/\/roza-sobieszek.pl\/sklep\/produkt\/roza-miniaturowa-mala-mi\/#primaryimage\"},\"thumbnailUrl\":\"https:\/\/roza-sobieszek.pl\/sklep\/wp-content\/uploads\/2026\/02\/mala-mi.png\",\"datePublished\":\"2026-02-28T08:00:38+00:00\",\"dateModified\":\"2026-03-31T20:43:51+00:00\",\"description\":\"G\u0119sto ulistniony, niski krzew o zwartej, eleganckiej sylwetce to doskona\u0142y wyb\u00f3r na obw\u00f3dki, fronty rabat oraz kompozycje w donicach.\",\"breadcrumb\":{\"@id\":\"https:\/\/roza-sobieszek.pl\/sklep\/produkt\/roza-miniaturowa-mala-mi\/#breadcrumb\"},\"inLanguage\":\"pl-PL\",\"potentialAction\":[{\"@type\":\"ReadAction\",\"target\":[\"https:\/\/roza-sobieszek.pl\/sklep\/produkt\/roza-miniaturowa-mala-mi\/\"]}]},{\"@type\":\"ImageObject\",\"inLanguage\":\"pl-PL\",\"@id\":\"https:\/\/roza-sobieszek.pl\/sklep\/produkt\/roza-miniaturowa-mala-mi\/#primaryimage\",\"url\":\"https:\/\/roza-sobieszek.pl\/sklep\/wp-content\/uploads\/2026\/02\/mala-mi.png\",\"contentUrl\":\"https:\/\/roza-sobieszek.pl\/sklep\/wp-content\/uploads\/2026\/02\/mala-mi.png\",\"width\":872,\"height\":699},{\"@type\":\"BreadcrumbList\",\"@id\":\"https:\/\/roza-sobieszek.pl\/sklep\/produkt\/roza-miniaturowa-mala-mi\/#breadcrumb\",\"itemListElement\":[{\"@type\":\"ListItem\",\"position\":1,\"name\":\"Strona g\u0142\u00f3wna\",\"item\":\"https:\/\/roza-sobieszek.pl\/sklep\/\"},{\"@type\":\"ListItem\",\"position\":2,\"name\":\"Shop\",\"item\":\"https:\/\/roza-sobieszek.pl\/sklep\/shop\/\"},{\"@type\":\"ListItem\",\"position\":3,\"name\":\"R\u00f3\u017ca Miniaturowa Ma\u0142a Mi\u00ae\"}]},{\"@type\":\"WebSite\",\"@id\":\"https:\/\/roza-sobieszek.pl\/sklep\/#website\",\"url\":\"https:\/\/roza-sobieszek.pl\/sklep\/\",\"name\":\"R\u00f3\u017ce ogrodowe - Sklep Sobieszek producent\",\"description\":\"\",\"publisher\":{\"@id\":\"https:\/\/roza-sobieszek.pl\/sklep\/#organization\"},\"potentialAction\":[{\"@type\":\"SearchAction\",\"target\":{\"@type\":\"EntryPoint\",\"urlTemplate\":\"https:\/\/roza-sobieszek.pl\/sklep\/?s={search_term_string}\"},\"query-input\":{\"@type\":\"PropertyValueSpecification\",\"valueRequired\":true,\"valueName\":\"search_term_string\"}}],\"inLanguage\":\"pl-PL\"},{\"@type\":\"Organization\",\"@id\":\"https:\/\/roza-sobieszek.pl\/sklep\/#organization\",\"name\":\"R\u00f3\u017ce ogrodowe - Sklep Sobieszek producent\",\"url\":\"https:\/\/roza-sobieszek.pl\/sklep\/\",\"logo\":{\"@type\":\"ImageObject\",\"inLanguage\":\"pl-PL\",\"@id\":\"https:\/\/roza-sobieszek.pl\/sklep\/#\/schema\/logo\/image\/\",\"url\":\"https:\/\/roza-sobieszek.pl\/sklep\/wp-content\/uploads\/2016\/08\/IMG_0358-1.jpg\",\"contentUrl\":\"https:\/\/roza-sobieszek.pl\/sklep\/wp-content\/uploads\/2016\/08\/IMG_0358-1.jpg\",\"width\":2048,\"height\":1365,\"caption\":\"R\u00f3\u017ce ogrodowe - Sklep Sobieszek producent\"},\"image\":{\"@id\":\"https:\/\/roza-sobieszek.pl\/sklep\/#\/schema\/logo\/image\/\"},\"sameAs\":[\"https:\/\/www.facebook.com\/profile.php?id=100063681485170\"]}]}<\/script>\n<!-- \/ Yoast SEO plugin. -->","yoast_head_json":{"title":"R\u00f3\u017ca Miniaturowa Ma\u0142a Mi\u00ae - R\u00f3\u017ce ogrodowe - Sklep Sobieszek producent","description":"G\u0119sto ulistniony, niski krzew o zwartej, eleganckiej sylwetce to doskona\u0142y wyb\u00f3r na obw\u00f3dki, fronty rabat oraz kompozycje w donicach.","robots":{"index":"index","follow":"follow","max-snippet":"max-snippet:-1","max-image-preview":"max-image-preview:large","max-video-preview":"max-video-preview:-1"},"canonical":"https:\/\/roza-sobieszek.pl\/sklep\/produkt\/roza-miniaturowa-mala-mi\/","og_locale":"pl_PL","og_type":"article","og_title":"R\u00f3\u017ca Miniaturowa Ma\u0142a Mi\u00ae - R\u00f3\u017ce ogrodowe - Sklep Sobieszek producent","og_description":"G\u0119sto ulistniony, niski krzew o zwartej, eleganckiej sylwetce to doskona\u0142y wyb\u00f3r na obw\u00f3dki, fronty rabat oraz kompozycje w donicach.","og_url":"https:\/\/roza-sobieszek.pl\/sklep\/produkt\/roza-miniaturowa-mala-mi\/","og_site_name":"R\u00f3\u017ce ogrodowe - Sklep Sobieszek producent","article_publisher":"https:\/\/www.facebook.com\/profile.php?id=100063681485170","article_modified_time":"2026-03-31T20:43:51+00:00","og_image":[{"width":872,"height":699,"url":"https:\/\/roza-sobieszek.pl\/sklep\/wp-content\/uploads\/2026\/02\/mala-mi.png","type":"image\/png"}],"twitter_card":"summary_large_image","twitter_misc":{"Szacowany czas czytania":"1 minuta"},"schema":{"@context":"https:\/\/schema.org","@graph":[{"@type":"WebPage","@id":"https:\/\/roza-sobieszek.pl\/sklep\/produkt\/roza-miniaturowa-mala-mi\/","url":"https:\/\/roza-sobieszek.pl\/sklep\/produkt\/roza-miniaturowa-mala-mi\/","name":"R\u00f3\u017ca Miniaturowa Ma\u0142a Mi\u00ae - R\u00f3\u017ce ogrodowe - Sklep Sobieszek producent","isPartOf":{"@id":"https:\/\/roza-sobieszek.pl\/sklep\/#website"},"primaryImageOfPage":{"@id":"https:\/\/roza-sobieszek.pl\/sklep\/produkt\/roza-miniaturowa-mala-mi\/#primaryimage"},"image":{"@id":"https:\/\/roza-sobieszek.pl\/sklep\/produkt\/roza-miniaturowa-mala-mi\/#primaryimage"},"thumbnailUrl":"https:\/\/roza-sobieszek.pl\/sklep\/wp-content\/uploads\/2026\/02\/mala-mi.png","datePublished":"2026-02-28T08:00:38+00:00","dateModified":"2026-03-31T20:43:51+00:00","description":"G\u0119sto ulistniony, niski krzew o zwartej, eleganckiej sylwetce to doskona\u0142y wyb\u00f3r na obw\u00f3dki, fronty rabat oraz kompozycje w donicach.","breadcrumb":{"@id":"https:\/\/roza-sobieszek.pl\/sklep\/produkt\/roza-miniaturowa-mala-mi\/#breadcrumb"},"inLanguage":"pl-PL","potentialAction":[{"@type":"ReadAction","target":["https:\/\/roza-sobieszek.pl\/sklep\/produkt\/roza-miniaturowa-mala-mi\/"]}]},{"@type":"ImageObject","inLanguage":"pl-PL","@id":"https:\/\/roza-sobieszek.pl\/sklep\/produkt\/roza-miniaturowa-mala-mi\/#primaryimage","url":"https:\/\/roza-sobieszek.pl\/sklep\/wp-content\/uploads\/2026\/02\/mala-mi.png","contentUrl":"https:\/\/roza-sobieszek.pl\/sklep\/wp-content\/uploads\/2026\/02\/mala-mi.png","width":872,"height":699},{"@type":"BreadcrumbList","@id":"https:\/\/roza-sobieszek.pl\/sklep\/produkt\/roza-miniaturowa-mala-mi\/#breadcrumb","itemListElement":[{"@type":"ListItem","position":1,"name":"Strona g\u0142\u00f3wna","item":"https:\/\/roza-sobieszek.pl\/sklep\/"},{"@type":"ListItem","position":2,"name":"Shop","item":"https:\/\/roza-sobieszek.pl\/sklep\/shop\/"},{"@type":"ListItem","position":3,"name":"R\u00f3\u017ca Miniaturowa Ma\u0142a Mi\u00ae"}]},{"@type":"WebSite","@id":"https:\/\/roza-sobieszek.pl\/sklep\/#website","url":"https:\/\/roza-sobieszek.pl\/sklep\/","name":"R\u00f3\u017ce ogrodowe - Sklep Sobieszek producent","description":"","publisher":{"@id":"https:\/\/roza-sobieszek.pl\/sklep\/#organization"},"potentialAction":[{"@type":"SearchAction","target":{"@type":"EntryPoint","urlTemplate":"https:\/\/roza-sobieszek.pl\/sklep\/?s={search_term_string}"},"query-input":{"@type":"PropertyValueSpecification","valueRequired":true,"valueName":"search_term_string"}}],"inLanguage":"pl-PL"},{"@type":"Organization","@id":"https:\/\/roza-sobieszek.pl\/sklep\/#organization","name":"R\u00f3\u017ce ogrodowe - Sklep Sobieszek producent","url":"https:\/\/roza-sobieszek.pl\/sklep\/","logo":{"@type":"ImageObject","inLanguage":"pl-PL","@id":"https:\/\/roza-sobieszek.pl\/sklep\/#\/schema\/logo\/image\/","url":"https:\/\/roza-sobieszek.pl\/sklep\/wp-content\/uploads\/2016\/08\/IMG_0358-1.jpg","contentUrl":"https:\/\/roza-sobieszek.pl\/sklep\/wp-content\/uploads\/2016\/08\/IMG_0358-1.jpg","width":2048,"height":1365,"caption":"R\u00f3\u017ce ogrodowe - Sklep Sobieszek producent"},"image":{"@id":"https:\/\/roza-sobieszek.pl\/sklep\/#\/schema\/logo\/image\/"},"sameAs":["https:\/\/www.facebook.com\/profile.php?id=100063681485170"]}]}},"_links":{"self":[{"href":"https:\/\/roza-sobieszek.pl\/sklep\/wp-json\/wp\/v2\/product\/23351"}],"collection":[{"href":"https:\/\/roza-sobieszek.pl\/sklep\/wp-json\/wp\/v2\/product"}],"about":[{"href":"https:\/\/roza-sobieszek.pl\/sklep\/wp-json\/wp\/v2\/types\/product"}],"replies":[{"embeddable":true,"href":"https:\/\/roza-sobieszek.pl\/sklep\/wp-json\/wp\/v2\/comments?post=23351"}],"wp:featuredmedia":[{"embeddable":true,"href":"https:\/\/roza-sobieszek.pl\/sklep\/wp-json\/wp\/v2\/media\/23356"}],"wp:attachment":[{"href":"https:\/\/roza-sobieszek.pl\/sklep\/wp-json\/wp\/v2\/media?parent=23351"}],"wp:term":[{"taxonomy":"product_brand","embeddable":true,"href":"https:\/\/roza-sobieszek.pl\/sklep\/wp-json\/wp\/v2\/product_brand?post=23351"},{"taxonomy":"product_cat","embeddable":true,"href":"https:\/\/roza-sobieszek.pl\/sklep\/wp-json\/wp\/v2\/product_cat?post=23351"},{"taxonomy":"product_tag","embeddable":true,"href":"https:\/\/roza-sobieszek.pl\/sklep\/wp-json\/wp\/v2\/product_tag?post=23351"}],"curies":[{"name":"wp","href":"https:\/\/api.w.org\/{rel}","templated":true}]}}