{"id":24186,"date":"2026-04-15T14:29:57","date_gmt":"2026-04-15T14:29:57","guid":{"rendered":"https:\/\/roza-sobieszek.pl\/sklep\/?post_type=product&#038;p=24186"},"modified":"2026-04-16T05:07:41","modified_gmt":"2026-04-16T05:07:41","slug":"roza-rabatowa-shrek","status":"publish","type":"product","link":"https:\/\/roza-sobieszek.pl\/sklep\/produkt\/roza-rabatowa-shrek\/","title":{"rendered":"R\u00f3\u017ca Rabatowa Shrek"},"content":{"rendered":"<h2>Shrek<\/h2>\n<p data-start=\"0\" data-end=\"428\">R\u00f3\u017ca rabatowa <strong data-start=\"14\" data-end=\"23\">SHREK<\/strong> to niezwykle oryginalna odmiana wyhodowana przez \u0141ukasza Rojewskiego, kt\u00f3ra przyci\u0105ga uwag\u0119 swoj\u0105 nietypow\u0105 kolorystyk\u0105. Jej du\u017ce, pe\u0142ne kwiaty zachwycaj\u0105 subtelnymi odcieniami limonki i pistacji, tworz\u0105c rzadko spotykany, \u015bwie\u017cy efekt w ogrodzie. Dodatkowym atutem jest przyjemny, wyczuwalny zapach oraz wyj\u0105tkowa trwa\u0142o\u015b\u0107 kwiat\u00f3w, kt\u00f3re d\u0142ugo utrzymuj\u0105 swoj\u0105 form\u0119 zar\u00f3wno na krzewie, jak i po \u015bci\u0119ciu.<\/p>\n<p data-start=\"430\" data-end=\"801\">Ro\u015blina kwitnie bardzo obficie od czerwca a\u017c do p\u00f3\u017anej jesieni, cz\u0119sto a\u017c do listopada, regularnie powtarzaj\u0105c kwitnienie przez ca\u0142y sezon. Tworzy zwarty, estetyczny krzew, doskona\u0142y do sadzenia na rabatach, w kompozycjach ogrodowych oraz w wi\u0119kszych grupach. Odmiana dobrze radzi sobie w polskich warunkach klimatycznych \u2013 jest mrozoodporna i stosunkowo \u0142atwa w uprawie.<\/p>\n<p data-start=\"803\" data-end=\"936\" data-is-last-node=\"\" data-is-only-node=\"\">SHREK to propozycja dla os\u00f3b poszukuj\u0105cych czego\u015b naprawd\u0119 wyj\u0105tkowego \u2013 r\u00f3\u017cy, kt\u00f3ra wyr\u00f3\u017cnia si\u0119 nie tylko urod\u0105, ale i charakterem.<\/p>\n<p>&nbsp;<\/p>\n<p>&nbsp;<\/p>\n","protected":false},"excerpt":{"rendered":"<p>Nowo\u015b\u0107 polskiego hodowcy<\/p>\n<p>Shrek<\/p>\n<ul>\n<li>Nazwa: Shrek<\/li>\n<li>Kolor: kremowo-pistacjowa<\/li>\n<li>Wzrost: 70-100 cm<\/li>\n<li>Wielko\u015b\u0107 kwiatu: 6-8 cm<\/li>\n<li>Zapach: wyczuwalny<\/li>\n<li>Odporno\u015b\u0107 na choroby: bardzo dobra<\/li>\n<li>Stanowisko: s\u0142oneczne<\/li>\n<li>Okres kwitnienia: VI \u2013 X<\/li>\n<li>Powtarza kwitnienie: tak<\/li>\n<li>Typ: rabatowa<\/li>\n<\/ul>\n","protected":false},"featured_media":24189,"comment_status":"open","ping_status":"closed","template":"","meta":[],"product_brand":[],"product_cat":[266,209,199,155],"product_tag":[247,258,185],"yoast_head":"<!-- This site is optimized with the Yoast SEO plugin v23.5 - https:\/\/yoast.com\/wordpress\/plugins\/seo\/ -->\n<title>R\u00f3\u017ca Rabatowa Shrek - R\u00f3\u017ce ogrodowe - Sklep Sobieszek producent<\/title>\n<meta name=\"description\" content=\"R\u00f3\u017ca rabatowa SHREK to niezwykle oryginalna odmiana wyhodowana przez \u0141ukasza Rojewskiego, kt\u00f3ra przyci\u0105ga uwag\u0119 swoj\u0105 nietypow\u0105 kolorystyk\u0105. Jej du\u017ce, pe\u0142ne kwiaty zachwycaj\u0105 subtelnymi odcieniami limonki i pistacji, tworz\u0105c rzadko spotykany, \u015bwie\u017cy efekt w ogrodzie.\" \/>\n<meta name=\"robots\" content=\"index, follow, max-snippet:-1, max-image-preview:large, max-video-preview:-1\" \/>\n<link rel=\"canonical\" href=\"https:\/\/roza-sobieszek.pl\/sklep\/produkt\/roza-rabatowa-shrek\/\" \/>\n<meta property=\"og:locale\" content=\"pl_PL\" \/>\n<meta property=\"og:type\" content=\"article\" \/>\n<meta property=\"og:title\" content=\"R\u00f3\u017ca Rabatowa Shrek - R\u00f3\u017ce ogrodowe - Sklep Sobieszek producent\" \/>\n<meta property=\"og:description\" content=\"R\u00f3\u017ca rabatowa SHREK to niezwykle oryginalna odmiana wyhodowana przez \u0141ukasza Rojewskiego, kt\u00f3ra przyci\u0105ga uwag\u0119 swoj\u0105 nietypow\u0105 kolorystyk\u0105. Jej du\u017ce, pe\u0142ne kwiaty zachwycaj\u0105 subtelnymi odcieniami limonki i pistacji, tworz\u0105c rzadko spotykany, \u015bwie\u017cy efekt w ogrodzie.\" \/>\n<meta property=\"og:url\" content=\"https:\/\/roza-sobieszek.pl\/sklep\/produkt\/roza-rabatowa-shrek\/\" \/>\n<meta property=\"og:site_name\" content=\"R\u00f3\u017ce ogrodowe - Sklep Sobieszek producent\" \/>\n<meta property=\"article:publisher\" content=\"https:\/\/www.facebook.com\/profile.php?id=100063681485170\" \/>\n<meta property=\"article:modified_time\" content=\"2026-04-16T05:07:41+00:00\" \/>\n<meta property=\"og:image\" content=\"https:\/\/roza-sobieszek.pl\/sklep\/wp-content\/uploads\/2026\/04\/24-3-216643-Shrek-1.jpg\" \/>\n\t<meta property=\"og:image:width\" content=\"1417\" \/>\n\t<meta property=\"og:image:height\" content=\"2126\" \/>\n\t<meta property=\"og:image:type\" content=\"image\/jpeg\" \/>\n<meta name=\"twitter:card\" content=\"summary_large_image\" \/>\n<meta name=\"twitter:label1\" content=\"Szacowany czas czytania\" \/>\n\t<meta name=\"twitter:data1\" content=\"1 minuta\" \/>\n<script type=\"application\/ld+json\" class=\"yoast-schema-graph\">{\"@context\":\"https:\/\/schema.org\",\"@graph\":[{\"@type\":\"WebPage\",\"@id\":\"https:\/\/roza-sobieszek.pl\/sklep\/produkt\/roza-rabatowa-shrek\/\",\"url\":\"https:\/\/roza-sobieszek.pl\/sklep\/produkt\/roza-rabatowa-shrek\/\",\"name\":\"R\u00f3\u017ca Rabatowa Shrek - R\u00f3\u017ce ogrodowe - Sklep Sobieszek producent\",\"isPartOf\":{\"@id\":\"https:\/\/roza-sobieszek.pl\/sklep\/#website\"},\"primaryImageOfPage\":{\"@id\":\"https:\/\/roza-sobieszek.pl\/sklep\/produkt\/roza-rabatowa-shrek\/#primaryimage\"},\"image\":{\"@id\":\"https:\/\/roza-sobieszek.pl\/sklep\/produkt\/roza-rabatowa-shrek\/#primaryimage\"},\"thumbnailUrl\":\"https:\/\/roza-sobieszek.pl\/sklep\/wp-content\/uploads\/2026\/04\/24-3-216643-Shrek-1.jpg\",\"datePublished\":\"2026-04-15T14:29:57+00:00\",\"dateModified\":\"2026-04-16T05:07:41+00:00\",\"description\":\"R\u00f3\u017ca rabatowa SHREK to niezwykle oryginalna odmiana wyhodowana przez \u0141ukasza Rojewskiego, kt\u00f3ra przyci\u0105ga uwag\u0119 swoj\u0105 nietypow\u0105 kolorystyk\u0105. Jej du\u017ce, pe\u0142ne kwiaty zachwycaj\u0105 subtelnymi odcieniami limonki i pistacji, tworz\u0105c rzadko spotykany, \u015bwie\u017cy efekt w ogrodzie.\",\"breadcrumb\":{\"@id\":\"https:\/\/roza-sobieszek.pl\/sklep\/produkt\/roza-rabatowa-shrek\/#breadcrumb\"},\"inLanguage\":\"pl-PL\",\"potentialAction\":[{\"@type\":\"ReadAction\",\"target\":[\"https:\/\/roza-sobieszek.pl\/sklep\/produkt\/roza-rabatowa-shrek\/\"]}]},{\"@type\":\"ImageObject\",\"inLanguage\":\"pl-PL\",\"@id\":\"https:\/\/roza-sobieszek.pl\/sklep\/produkt\/roza-rabatowa-shrek\/#primaryimage\",\"url\":\"https:\/\/roza-sobieszek.pl\/sklep\/wp-content\/uploads\/2026\/04\/24-3-216643-Shrek-1.jpg\",\"contentUrl\":\"https:\/\/roza-sobieszek.pl\/sklep\/wp-content\/uploads\/2026\/04\/24-3-216643-Shrek-1.jpg\",\"width\":1417,\"height\":2126},{\"@type\":\"BreadcrumbList\",\"@id\":\"https:\/\/roza-sobieszek.pl\/sklep\/produkt\/roza-rabatowa-shrek\/#breadcrumb\",\"itemListElement\":[{\"@type\":\"ListItem\",\"position\":1,\"name\":\"Strona g\u0142\u00f3wna\",\"item\":\"https:\/\/roza-sobieszek.pl\/sklep\/\"},{\"@type\":\"ListItem\",\"position\":2,\"name\":\"Shop\",\"item\":\"https:\/\/roza-sobieszek.pl\/sklep\/shop\/\"},{\"@type\":\"ListItem\",\"position\":3,\"name\":\"R\u00f3\u017ca Rabatowa Shrek\"}]},{\"@type\":\"WebSite\",\"@id\":\"https:\/\/roza-sobieszek.pl\/sklep\/#website\",\"url\":\"https:\/\/roza-sobieszek.pl\/sklep\/\",\"name\":\"R\u00f3\u017ce ogrodowe - Sklep Sobieszek producent\",\"description\":\"\",\"publisher\":{\"@id\":\"https:\/\/roza-sobieszek.pl\/sklep\/#organization\"},\"potentialAction\":[{\"@type\":\"SearchAction\",\"target\":{\"@type\":\"EntryPoint\",\"urlTemplate\":\"https:\/\/roza-sobieszek.pl\/sklep\/?s={search_term_string}\"},\"query-input\":{\"@type\":\"PropertyValueSpecification\",\"valueRequired\":true,\"valueName\":\"search_term_string\"}}],\"inLanguage\":\"pl-PL\"},{\"@type\":\"Organization\",\"@id\":\"https:\/\/roza-sobieszek.pl\/sklep\/#organization\",\"name\":\"R\u00f3\u017ce ogrodowe - Sklep Sobieszek producent\",\"url\":\"https:\/\/roza-sobieszek.pl\/sklep\/\",\"logo\":{\"@type\":\"ImageObject\",\"inLanguage\":\"pl-PL\",\"@id\":\"https:\/\/roza-sobieszek.pl\/sklep\/#\/schema\/logo\/image\/\",\"url\":\"https:\/\/roza-sobieszek.pl\/sklep\/wp-content\/uploads\/2016\/08\/IMG_0358-1.jpg\",\"contentUrl\":\"https:\/\/roza-sobieszek.pl\/sklep\/wp-content\/uploads\/2016\/08\/IMG_0358-1.jpg\",\"width\":2048,\"height\":1365,\"caption\":\"R\u00f3\u017ce ogrodowe - Sklep Sobieszek producent\"},\"image\":{\"@id\":\"https:\/\/roza-sobieszek.pl\/sklep\/#\/schema\/logo\/image\/\"},\"sameAs\":[\"https:\/\/www.facebook.com\/profile.php?id=100063681485170\"]}]}<\/script>\n<!-- \/ Yoast SEO plugin. -->","yoast_head_json":{"title":"R\u00f3\u017ca Rabatowa Shrek - R\u00f3\u017ce ogrodowe - Sklep Sobieszek producent","description":"R\u00f3\u017ca rabatowa SHREK to niezwykle oryginalna odmiana wyhodowana przez \u0141ukasza Rojewskiego, kt\u00f3ra przyci\u0105ga uwag\u0119 swoj\u0105 nietypow\u0105 kolorystyk\u0105. Jej du\u017ce, pe\u0142ne kwiaty zachwycaj\u0105 subtelnymi odcieniami limonki i pistacji, tworz\u0105c rzadko spotykany, \u015bwie\u017cy efekt w ogrodzie.","robots":{"index":"index","follow":"follow","max-snippet":"max-snippet:-1","max-image-preview":"max-image-preview:large","max-video-preview":"max-video-preview:-1"},"canonical":"https:\/\/roza-sobieszek.pl\/sklep\/produkt\/roza-rabatowa-shrek\/","og_locale":"pl_PL","og_type":"article","og_title":"R\u00f3\u017ca Rabatowa Shrek - R\u00f3\u017ce ogrodowe - Sklep Sobieszek producent","og_description":"R\u00f3\u017ca rabatowa SHREK to niezwykle oryginalna odmiana wyhodowana przez \u0141ukasza Rojewskiego, kt\u00f3ra przyci\u0105ga uwag\u0119 swoj\u0105 nietypow\u0105 kolorystyk\u0105. Jej du\u017ce, pe\u0142ne kwiaty zachwycaj\u0105 subtelnymi odcieniami limonki i pistacji, tworz\u0105c rzadko spotykany, \u015bwie\u017cy efekt w ogrodzie.","og_url":"https:\/\/roza-sobieszek.pl\/sklep\/produkt\/roza-rabatowa-shrek\/","og_site_name":"R\u00f3\u017ce ogrodowe - Sklep Sobieszek producent","article_publisher":"https:\/\/www.facebook.com\/profile.php?id=100063681485170","article_modified_time":"2026-04-16T05:07:41+00:00","og_image":[{"width":1417,"height":2126,"url":"https:\/\/roza-sobieszek.pl\/sklep\/wp-content\/uploads\/2026\/04\/24-3-216643-Shrek-1.jpg","type":"image\/jpeg"}],"twitter_card":"summary_large_image","twitter_misc":{"Szacowany czas czytania":"1 minuta"},"schema":{"@context":"https:\/\/schema.org","@graph":[{"@type":"WebPage","@id":"https:\/\/roza-sobieszek.pl\/sklep\/produkt\/roza-rabatowa-shrek\/","url":"https:\/\/roza-sobieszek.pl\/sklep\/produkt\/roza-rabatowa-shrek\/","name":"R\u00f3\u017ca Rabatowa Shrek - R\u00f3\u017ce ogrodowe - Sklep Sobieszek producent","isPartOf":{"@id":"https:\/\/roza-sobieszek.pl\/sklep\/#website"},"primaryImageOfPage":{"@id":"https:\/\/roza-sobieszek.pl\/sklep\/produkt\/roza-rabatowa-shrek\/#primaryimage"},"image":{"@id":"https:\/\/roza-sobieszek.pl\/sklep\/produkt\/roza-rabatowa-shrek\/#primaryimage"},"thumbnailUrl":"https:\/\/roza-sobieszek.pl\/sklep\/wp-content\/uploads\/2026\/04\/24-3-216643-Shrek-1.jpg","datePublished":"2026-04-15T14:29:57+00:00","dateModified":"2026-04-16T05:07:41+00:00","description":"R\u00f3\u017ca rabatowa SHREK to niezwykle oryginalna odmiana wyhodowana przez \u0141ukasza Rojewskiego, kt\u00f3ra przyci\u0105ga uwag\u0119 swoj\u0105 nietypow\u0105 kolorystyk\u0105. Jej du\u017ce, pe\u0142ne kwiaty zachwycaj\u0105 subtelnymi odcieniami limonki i pistacji, tworz\u0105c rzadko spotykany, \u015bwie\u017cy efekt w ogrodzie.","breadcrumb":{"@id":"https:\/\/roza-sobieszek.pl\/sklep\/produkt\/roza-rabatowa-shrek\/#breadcrumb"},"inLanguage":"pl-PL","potentialAction":[{"@type":"ReadAction","target":["https:\/\/roza-sobieszek.pl\/sklep\/produkt\/roza-rabatowa-shrek\/"]}]},{"@type":"ImageObject","inLanguage":"pl-PL","@id":"https:\/\/roza-sobieszek.pl\/sklep\/produkt\/roza-rabatowa-shrek\/#primaryimage","url":"https:\/\/roza-sobieszek.pl\/sklep\/wp-content\/uploads\/2026\/04\/24-3-216643-Shrek-1.jpg","contentUrl":"https:\/\/roza-sobieszek.pl\/sklep\/wp-content\/uploads\/2026\/04\/24-3-216643-Shrek-1.jpg","width":1417,"height":2126},{"@type":"BreadcrumbList","@id":"https:\/\/roza-sobieszek.pl\/sklep\/produkt\/roza-rabatowa-shrek\/#breadcrumb","itemListElement":[{"@type":"ListItem","position":1,"name":"Strona g\u0142\u00f3wna","item":"https:\/\/roza-sobieszek.pl\/sklep\/"},{"@type":"ListItem","position":2,"name":"Shop","item":"https:\/\/roza-sobieszek.pl\/sklep\/shop\/"},{"@type":"ListItem","position":3,"name":"R\u00f3\u017ca Rabatowa Shrek"}]},{"@type":"WebSite","@id":"https:\/\/roza-sobieszek.pl\/sklep\/#website","url":"https:\/\/roza-sobieszek.pl\/sklep\/","name":"R\u00f3\u017ce ogrodowe - Sklep Sobieszek producent","description":"","publisher":{"@id":"https:\/\/roza-sobieszek.pl\/sklep\/#organization"},"potentialAction":[{"@type":"SearchAction","target":{"@type":"EntryPoint","urlTemplate":"https:\/\/roza-sobieszek.pl\/sklep\/?s={search_term_string}"},"query-input":{"@type":"PropertyValueSpecification","valueRequired":true,"valueName":"search_term_string"}}],"inLanguage":"pl-PL"},{"@type":"Organization","@id":"https:\/\/roza-sobieszek.pl\/sklep\/#organization","name":"R\u00f3\u017ce ogrodowe - Sklep Sobieszek producent","url":"https:\/\/roza-sobieszek.pl\/sklep\/","logo":{"@type":"ImageObject","inLanguage":"pl-PL","@id":"https:\/\/roza-sobieszek.pl\/sklep\/#\/schema\/logo\/image\/","url":"https:\/\/roza-sobieszek.pl\/sklep\/wp-content\/uploads\/2016\/08\/IMG_0358-1.jpg","contentUrl":"https:\/\/roza-sobieszek.pl\/sklep\/wp-content\/uploads\/2016\/08\/IMG_0358-1.jpg","width":2048,"height":1365,"caption":"R\u00f3\u017ce ogrodowe - Sklep Sobieszek producent"},"image":{"@id":"https:\/\/roza-sobieszek.pl\/sklep\/#\/schema\/logo\/image\/"},"sameAs":["https:\/\/www.facebook.com\/profile.php?id=100063681485170"]}]}},"_links":{"self":[{"href":"https:\/\/roza-sobieszek.pl\/sklep\/wp-json\/wp\/v2\/product\/24186"}],"collection":[{"href":"https:\/\/roza-sobieszek.pl\/sklep\/wp-json\/wp\/v2\/product"}],"about":[{"href":"https:\/\/roza-sobieszek.pl\/sklep\/wp-json\/wp\/v2\/types\/product"}],"replies":[{"embeddable":true,"href":"https:\/\/roza-sobieszek.pl\/sklep\/wp-json\/wp\/v2\/comments?post=24186"}],"wp:featuredmedia":[{"embeddable":true,"href":"https:\/\/roza-sobieszek.pl\/sklep\/wp-json\/wp\/v2\/media\/24189"}],"wp:attachment":[{"href":"https:\/\/roza-sobieszek.pl\/sklep\/wp-json\/wp\/v2\/media?parent=24186"}],"wp:term":[{"taxonomy":"product_brand","embeddable":true,"href":"https:\/\/roza-sobieszek.pl\/sklep\/wp-json\/wp\/v2\/product_brand?post=24186"},{"taxonomy":"product_cat","embeddable":true,"href":"https:\/\/roza-sobieszek.pl\/sklep\/wp-json\/wp\/v2\/product_cat?post=24186"},{"taxonomy":"product_tag","embeddable":true,"href":"https:\/\/roza-sobieszek.pl\/sklep\/wp-json\/wp\/v2\/product_tag?post=24186"}],"curies":[{"name":"wp","href":"https:\/\/api.w.org\/{rel}","templated":true}]}}