{"id":4290,"date":"2016-08-24T11:56:57","date_gmt":"2016-08-24T11:56:57","guid":{"rendered":"http:\/\/roza-sobieszek.pl\/sklep\/?post_type=product&#038;p=4290"},"modified":"2025-11-03T07:14:37","modified_gmt":"2025-11-03T07:14:37","slug":"wielkokwiatowa-roza-artemis","status":"publish","type":"product","link":"https:\/\/roza-sobieszek.pl\/sklep\/produkt\/wielkokwiatowa-roza-artemis\/","title":{"rendered":"Wielkokwiatowa R\u00f3\u017ca Artemis\u00ae"},"content":{"rendered":"<h2>\u00a0R\u00f3\u017ca Artemis \u00ae<\/h2>\n<p>Krzaczasta\u00a0 odmiana r\u00f3\u017cy o pi\u0119knych, kulistych, bia\u0142o-kremowych kwiatach. Wyj\u0105tkowy wygl\u0105d i barw\u0119 tych kwiat\u00f3w podkre\u015blaj\u0105 ciemno-zielone, b\u0142yszcz\u0105ce, g\u0119sto rosn\u0105ce li\u015bcie. Krzak tej r\u00f3\u017cy jest g\u0119sty, mocny i cudownie komponuje si\u0119 w rabatach. Jednak\u017ce odmiana ta r\u00f3wnie\u017c dobrze sprawdza si\u0119 w pojemnikach lub donicach. Polecana jest szczeg\u00f3lnie dla pocz\u0105tkuj\u0105cych ogrodnik\u00f3w gdy\u017c jest bardzo odporna na choroby oraz niskie temperatury.<\/p>\n<p>&nbsp;<\/p>\n<p><span style=\"border-radius: 2px; text-indent: 20px; width: auto; padding: 0px 4px 0px 0px; text-align: center; font: bold 11px\/20px 'Helvetica Neue',Helvetica,sans-serif; color: #ffffff; background: #bd081c no-repeat scroll 3px 50% \/ 14px 14px; position: absolute; opacity: 1; z-index: 8675309; display: none; cursor: pointer;\">R\u00f3\u017ca Artemis \u00aeZapisz<\/span><\/p>\n","protected":false},"excerpt":{"rendered":"<h6>Wielkokwiatowa\u00a0 r\u00f3\u017ca Artemis\u00ae<\/h6>\n<ul>\n<li>Nazwa: Artemis\u00ae<\/li>\n<li>Kolor: Kremowo bia\u0142y<\/li>\n<li>Wzrost: 100 &#8211; 130 cm<\/li>\n<li>Wielko\u015b\u0107 kwiatu: przeci\u0119tne, ok. 5 \u2013 8 cm<\/li>\n<li>Zapach: umiarkowany, zio\u0142owy<\/li>\n<li>Odporno\u015b\u0107 na choroby: bardzo wysoka<\/li>\n<li>Stanowisko: s\u0142oneczne, zacienione<\/li>\n<li>Okres kwitnienia: VI \u2013 X<\/li>\n<li>Powtarza kwitnienie: tak<\/li>\n<li>Typ: r\u00f3\u017ca wielkokwiatowa<\/li>\n<li>Mrozoodporno\u015b\u0107: bardzo dobra<\/li>\n<\/ul>\n","protected":false},"featured_media":4291,"comment_status":"open","ping_status":"closed","template":"","meta":[],"product_brand":[278],"product_cat":[158,198,199],"product_tag":[279,206,261],"yoast_head":"<!-- This site is optimized with the Yoast SEO plugin v23.5 - https:\/\/yoast.com\/wordpress\/plugins\/seo\/ -->\n<title>Wielkokwiatowa R\u00f3\u017ca Artemis\u00ae - R\u00f3\u017ce ogrodowe - Sklep Sobieszek producent<\/title>\n<meta name=\"description\" content=\"Artemis odmiana r\u00f3\u017cy o pi\u0119knych, kulistych, bia\u0142o-kremowych kwiatach. Wyj\u0105tkow\u0105 barw\u0119 tych kwiat\u00f3w podkre\u015blaj\u0105 ciemno-zielone, b\u0142yszcz\u0105ce, li\u015bcie\" \/>\n<meta name=\"robots\" content=\"index, follow, max-snippet:-1, max-image-preview:large, max-video-preview:-1\" \/>\n<link rel=\"canonical\" href=\"https:\/\/roza-sobieszek.pl\/sklep\/produkt\/wielkokwiatowa-roza-artemis\/\" \/>\n<meta property=\"og:locale\" content=\"pl_PL\" \/>\n<meta property=\"og:type\" content=\"article\" \/>\n<meta property=\"og:title\" content=\"Wielkokwiatowa R\u00f3\u017ca Artemis\u00ae - R\u00f3\u017ce ogrodowe - Sklep Sobieszek producent\" \/>\n<meta property=\"og:description\" content=\"Artemis odmiana r\u00f3\u017cy o pi\u0119knych, kulistych, bia\u0142o-kremowych kwiatach. Wyj\u0105tkow\u0105 barw\u0119 tych kwiat\u00f3w podkre\u015blaj\u0105 ciemno-zielone, b\u0142yszcz\u0105ce, li\u015bcie\" \/>\n<meta property=\"og:url\" content=\"https:\/\/roza-sobieszek.pl\/sklep\/produkt\/wielkokwiatowa-roza-artemis\/\" \/>\n<meta property=\"og:site_name\" content=\"R\u00f3\u017ce ogrodowe - Sklep Sobieszek producent\" \/>\n<meta property=\"article:publisher\" content=\"https:\/\/www.facebook.com\/profile.php?id=100063681485170\" \/>\n<meta property=\"article:modified_time\" content=\"2025-11-03T07:14:37+00:00\" \/>\n<meta property=\"og:image\" content=\"https:\/\/roza-sobieszek.pl\/sklep\/wp-content\/uploads\/2016\/08\/roza-artemis.jpg\" \/>\n\t<meta property=\"og:image:width\" content=\"900\" \/>\n\t<meta property=\"og:image:height\" content=\"892\" \/>\n\t<meta property=\"og:image:type\" content=\"image\/jpeg\" \/>\n<meta name=\"twitter:card\" content=\"summary_large_image\" \/>\n<meta name=\"twitter:label1\" content=\"Szacowany czas czytania\" \/>\n\t<meta name=\"twitter:data1\" content=\"1 minuta\" \/>\n<script type=\"application\/ld+json\" class=\"yoast-schema-graph\">{\"@context\":\"https:\/\/schema.org\",\"@graph\":[{\"@type\":\"WebPage\",\"@id\":\"https:\/\/roza-sobieszek.pl\/sklep\/produkt\/wielkokwiatowa-roza-artemis\/\",\"url\":\"https:\/\/roza-sobieszek.pl\/sklep\/produkt\/wielkokwiatowa-roza-artemis\/\",\"name\":\"Wielkokwiatowa R\u00f3\u017ca Artemis\u00ae - R\u00f3\u017ce ogrodowe - Sklep Sobieszek producent\",\"isPartOf\":{\"@id\":\"https:\/\/roza-sobieszek.pl\/sklep\/#website\"},\"primaryImageOfPage\":{\"@id\":\"https:\/\/roza-sobieszek.pl\/sklep\/produkt\/wielkokwiatowa-roza-artemis\/#primaryimage\"},\"image\":{\"@id\":\"https:\/\/roza-sobieszek.pl\/sklep\/produkt\/wielkokwiatowa-roza-artemis\/#primaryimage\"},\"thumbnailUrl\":\"https:\/\/roza-sobieszek.pl\/sklep\/wp-content\/uploads\/2016\/08\/roza-artemis.jpg\",\"datePublished\":\"2016-08-24T11:56:57+00:00\",\"dateModified\":\"2025-11-03T07:14:37+00:00\",\"description\":\"Artemis odmiana r\u00f3\u017cy o pi\u0119knych, kulistych, bia\u0142o-kremowych kwiatach. Wyj\u0105tkow\u0105 barw\u0119 tych kwiat\u00f3w podkre\u015blaj\u0105 ciemno-zielone, b\u0142yszcz\u0105ce, li\u015bcie\",\"breadcrumb\":{\"@id\":\"https:\/\/roza-sobieszek.pl\/sklep\/produkt\/wielkokwiatowa-roza-artemis\/#breadcrumb\"},\"inLanguage\":\"pl-PL\",\"potentialAction\":[{\"@type\":\"ReadAction\",\"target\":[\"https:\/\/roza-sobieszek.pl\/sklep\/produkt\/wielkokwiatowa-roza-artemis\/\"]}]},{\"@type\":\"ImageObject\",\"inLanguage\":\"pl-PL\",\"@id\":\"https:\/\/roza-sobieszek.pl\/sklep\/produkt\/wielkokwiatowa-roza-artemis\/#primaryimage\",\"url\":\"https:\/\/roza-sobieszek.pl\/sklep\/wp-content\/uploads\/2016\/08\/roza-artemis.jpg\",\"contentUrl\":\"https:\/\/roza-sobieszek.pl\/sklep\/wp-content\/uploads\/2016\/08\/roza-artemis.jpg\",\"width\":900,\"height\":892},{\"@type\":\"BreadcrumbList\",\"@id\":\"https:\/\/roza-sobieszek.pl\/sklep\/produkt\/wielkokwiatowa-roza-artemis\/#breadcrumb\",\"itemListElement\":[{\"@type\":\"ListItem\",\"position\":1,\"name\":\"Strona g\u0142\u00f3wna\",\"item\":\"https:\/\/roza-sobieszek.pl\/sklep\/\"},{\"@type\":\"ListItem\",\"position\":2,\"name\":\"Shop\",\"item\":\"https:\/\/roza-sobieszek.pl\/sklep\/shop\/\"},{\"@type\":\"ListItem\",\"position\":3,\"name\":\"Wielkokwiatowa R\u00f3\u017ca Artemis\u00ae\"}]},{\"@type\":\"WebSite\",\"@id\":\"https:\/\/roza-sobieszek.pl\/sklep\/#website\",\"url\":\"https:\/\/roza-sobieszek.pl\/sklep\/\",\"name\":\"R\u00f3\u017ce ogrodowe - Sklep Sobieszek producent\",\"description\":\"\",\"publisher\":{\"@id\":\"https:\/\/roza-sobieszek.pl\/sklep\/#organization\"},\"potentialAction\":[{\"@type\":\"SearchAction\",\"target\":{\"@type\":\"EntryPoint\",\"urlTemplate\":\"https:\/\/roza-sobieszek.pl\/sklep\/?s={search_term_string}\"},\"query-input\":{\"@type\":\"PropertyValueSpecification\",\"valueRequired\":true,\"valueName\":\"search_term_string\"}}],\"inLanguage\":\"pl-PL\"},{\"@type\":\"Organization\",\"@id\":\"https:\/\/roza-sobieszek.pl\/sklep\/#organization\",\"name\":\"R\u00f3\u017ce ogrodowe - Sklep Sobieszek producent\",\"url\":\"https:\/\/roza-sobieszek.pl\/sklep\/\",\"logo\":{\"@type\":\"ImageObject\",\"inLanguage\":\"pl-PL\",\"@id\":\"https:\/\/roza-sobieszek.pl\/sklep\/#\/schema\/logo\/image\/\",\"url\":\"https:\/\/roza-sobieszek.pl\/sklep\/wp-content\/uploads\/2016\/08\/IMG_0358-1.jpg\",\"contentUrl\":\"https:\/\/roza-sobieszek.pl\/sklep\/wp-content\/uploads\/2016\/08\/IMG_0358-1.jpg\",\"width\":2048,\"height\":1365,\"caption\":\"R\u00f3\u017ce ogrodowe - Sklep Sobieszek producent\"},\"image\":{\"@id\":\"https:\/\/roza-sobieszek.pl\/sklep\/#\/schema\/logo\/image\/\"},\"sameAs\":[\"https:\/\/www.facebook.com\/profile.php?id=100063681485170\"]}]}<\/script>\n<!-- \/ Yoast SEO plugin. -->","yoast_head_json":{"title":"Wielkokwiatowa R\u00f3\u017ca Artemis\u00ae - R\u00f3\u017ce ogrodowe - Sklep Sobieszek producent","description":"Artemis odmiana r\u00f3\u017cy o pi\u0119knych, kulistych, bia\u0142o-kremowych kwiatach. Wyj\u0105tkow\u0105 barw\u0119 tych kwiat\u00f3w podkre\u015blaj\u0105 ciemno-zielone, b\u0142yszcz\u0105ce, li\u015bcie","robots":{"index":"index","follow":"follow","max-snippet":"max-snippet:-1","max-image-preview":"max-image-preview:large","max-video-preview":"max-video-preview:-1"},"canonical":"https:\/\/roza-sobieszek.pl\/sklep\/produkt\/wielkokwiatowa-roza-artemis\/","og_locale":"pl_PL","og_type":"article","og_title":"Wielkokwiatowa R\u00f3\u017ca Artemis\u00ae - R\u00f3\u017ce ogrodowe - Sklep Sobieszek producent","og_description":"Artemis odmiana r\u00f3\u017cy o pi\u0119knych, kulistych, bia\u0142o-kremowych kwiatach. Wyj\u0105tkow\u0105 barw\u0119 tych kwiat\u00f3w podkre\u015blaj\u0105 ciemno-zielone, b\u0142yszcz\u0105ce, li\u015bcie","og_url":"https:\/\/roza-sobieszek.pl\/sklep\/produkt\/wielkokwiatowa-roza-artemis\/","og_site_name":"R\u00f3\u017ce ogrodowe - Sklep Sobieszek producent","article_publisher":"https:\/\/www.facebook.com\/profile.php?id=100063681485170","article_modified_time":"2025-11-03T07:14:37+00:00","og_image":[{"width":900,"height":892,"url":"https:\/\/roza-sobieszek.pl\/sklep\/wp-content\/uploads\/2016\/08\/roza-artemis.jpg","type":"image\/jpeg"}],"twitter_card":"summary_large_image","twitter_misc":{"Szacowany czas czytania":"1 minuta"},"schema":{"@context":"https:\/\/schema.org","@graph":[{"@type":"WebPage","@id":"https:\/\/roza-sobieszek.pl\/sklep\/produkt\/wielkokwiatowa-roza-artemis\/","url":"https:\/\/roza-sobieszek.pl\/sklep\/produkt\/wielkokwiatowa-roza-artemis\/","name":"Wielkokwiatowa R\u00f3\u017ca Artemis\u00ae - R\u00f3\u017ce ogrodowe - Sklep Sobieszek producent","isPartOf":{"@id":"https:\/\/roza-sobieszek.pl\/sklep\/#website"},"primaryImageOfPage":{"@id":"https:\/\/roza-sobieszek.pl\/sklep\/produkt\/wielkokwiatowa-roza-artemis\/#primaryimage"},"image":{"@id":"https:\/\/roza-sobieszek.pl\/sklep\/produkt\/wielkokwiatowa-roza-artemis\/#primaryimage"},"thumbnailUrl":"https:\/\/roza-sobieszek.pl\/sklep\/wp-content\/uploads\/2016\/08\/roza-artemis.jpg","datePublished":"2016-08-24T11:56:57+00:00","dateModified":"2025-11-03T07:14:37+00:00","description":"Artemis odmiana r\u00f3\u017cy o pi\u0119knych, kulistych, bia\u0142o-kremowych kwiatach. Wyj\u0105tkow\u0105 barw\u0119 tych kwiat\u00f3w podkre\u015blaj\u0105 ciemno-zielone, b\u0142yszcz\u0105ce, li\u015bcie","breadcrumb":{"@id":"https:\/\/roza-sobieszek.pl\/sklep\/produkt\/wielkokwiatowa-roza-artemis\/#breadcrumb"},"inLanguage":"pl-PL","potentialAction":[{"@type":"ReadAction","target":["https:\/\/roza-sobieszek.pl\/sklep\/produkt\/wielkokwiatowa-roza-artemis\/"]}]},{"@type":"ImageObject","inLanguage":"pl-PL","@id":"https:\/\/roza-sobieszek.pl\/sklep\/produkt\/wielkokwiatowa-roza-artemis\/#primaryimage","url":"https:\/\/roza-sobieszek.pl\/sklep\/wp-content\/uploads\/2016\/08\/roza-artemis.jpg","contentUrl":"https:\/\/roza-sobieszek.pl\/sklep\/wp-content\/uploads\/2016\/08\/roza-artemis.jpg","width":900,"height":892},{"@type":"BreadcrumbList","@id":"https:\/\/roza-sobieszek.pl\/sklep\/produkt\/wielkokwiatowa-roza-artemis\/#breadcrumb","itemListElement":[{"@type":"ListItem","position":1,"name":"Strona g\u0142\u00f3wna","item":"https:\/\/roza-sobieszek.pl\/sklep\/"},{"@type":"ListItem","position":2,"name":"Shop","item":"https:\/\/roza-sobieszek.pl\/sklep\/shop\/"},{"@type":"ListItem","position":3,"name":"Wielkokwiatowa R\u00f3\u017ca Artemis\u00ae"}]},{"@type":"WebSite","@id":"https:\/\/roza-sobieszek.pl\/sklep\/#website","url":"https:\/\/roza-sobieszek.pl\/sklep\/","name":"R\u00f3\u017ce ogrodowe - Sklep Sobieszek producent","description":"","publisher":{"@id":"https:\/\/roza-sobieszek.pl\/sklep\/#organization"},"potentialAction":[{"@type":"SearchAction","target":{"@type":"EntryPoint","urlTemplate":"https:\/\/roza-sobieszek.pl\/sklep\/?s={search_term_string}"},"query-input":{"@type":"PropertyValueSpecification","valueRequired":true,"valueName":"search_term_string"}}],"inLanguage":"pl-PL"},{"@type":"Organization","@id":"https:\/\/roza-sobieszek.pl\/sklep\/#organization","name":"R\u00f3\u017ce ogrodowe - Sklep Sobieszek producent","url":"https:\/\/roza-sobieszek.pl\/sklep\/","logo":{"@type":"ImageObject","inLanguage":"pl-PL","@id":"https:\/\/roza-sobieszek.pl\/sklep\/#\/schema\/logo\/image\/","url":"https:\/\/roza-sobieszek.pl\/sklep\/wp-content\/uploads\/2016\/08\/IMG_0358-1.jpg","contentUrl":"https:\/\/roza-sobieszek.pl\/sklep\/wp-content\/uploads\/2016\/08\/IMG_0358-1.jpg","width":2048,"height":1365,"caption":"R\u00f3\u017ce ogrodowe - Sklep Sobieszek producent"},"image":{"@id":"https:\/\/roza-sobieszek.pl\/sklep\/#\/schema\/logo\/image\/"},"sameAs":["https:\/\/www.facebook.com\/profile.php?id=100063681485170"]}]}},"_links":{"self":[{"href":"https:\/\/roza-sobieszek.pl\/sklep\/wp-json\/wp\/v2\/product\/4290"}],"collection":[{"href":"https:\/\/roza-sobieszek.pl\/sklep\/wp-json\/wp\/v2\/product"}],"about":[{"href":"https:\/\/roza-sobieszek.pl\/sklep\/wp-json\/wp\/v2\/types\/product"}],"replies":[{"embeddable":true,"href":"https:\/\/roza-sobieszek.pl\/sklep\/wp-json\/wp\/v2\/comments?post=4290"}],"wp:featuredmedia":[{"embeddable":true,"href":"https:\/\/roza-sobieszek.pl\/sklep\/wp-json\/wp\/v2\/media\/4291"}],"wp:attachment":[{"href":"https:\/\/roza-sobieszek.pl\/sklep\/wp-json\/wp\/v2\/media?parent=4290"}],"wp:term":[{"taxonomy":"product_brand","embeddable":true,"href":"https:\/\/roza-sobieszek.pl\/sklep\/wp-json\/wp\/v2\/product_brand?post=4290"},{"taxonomy":"product_cat","embeddable":true,"href":"https:\/\/roza-sobieszek.pl\/sklep\/wp-json\/wp\/v2\/product_cat?post=4290"},{"taxonomy":"product_tag","embeddable":true,"href":"https:\/\/roza-sobieszek.pl\/sklep\/wp-json\/wp\/v2\/product_tag?post=4290"}],"curies":[{"name":"wp","href":"https:\/\/api.w.org\/{rel}","templated":true}]}}