{"id":4300,"date":"2016-08-24T20:20:18","date_gmt":"2016-08-24T20:20:18","guid":{"rendered":"http:\/\/roza-sobieszek.pl\/sklep\/?post_type=product&#038;p=4300"},"modified":"2025-10-22T07:06:28","modified_gmt":"2025-10-22T07:06:28","slug":"roza-wielkokwiatowa-chippendale","status":"publish","type":"product","link":"https:\/\/roza-sobieszek.pl\/sklep\/produkt\/roza-wielkokwiatowa-chippendale\/","title":{"rendered":"R\u00f3\u017ca Wielkokwiatowa Chippendale\u00ae"},"content":{"rendered":"<h2>R\u00f3\u017ca Chippendale \u00ae<\/h2>\n<p>Wielkokwiatowa odmiana r\u00f3\u017cy z serii r\u00f3\u017c nostalgicznych. Swoim wygl\u0105dem przypomina stare r\u00f3\u017ce dzi\u0119ki miseczkowatym i bardzo obficie wype\u0142nionym kwiatom. Ich barwa balansuje pomi\u0119dzy ciemnopomara\u0144czow\u0105, a morelow\u0105, natomiast gdy kwiaty przekwitaj\u0105 przybieraj\u0105 r\u00f3\u017cowawy kolor. Li\u015bcie s\u0105 ciemno-zielone, b\u0142yszcz\u0105ce i g\u0119sto osadzone. Sam krzew bardo szybko ro\u015bnie i dobrze si\u0119 rozrasta. Idealnie nadaje si\u0119 do nasadze\u0144 grupowych, gdy\u017c dzi\u0119ki temu podkre\u015bla si\u0119 pi\u0119kno tych kwiat\u00f3w. Dodatkowo jest bardzo odporna na choroby i niskie temperatury.<\/p>\n","protected":false},"excerpt":{"rendered":"<p>Nostalgiczna r\u00f3\u017ca Chippendale<\/p>\n<ul>\n<li>Nazwa: Chippendale Tantau<\/li>\n<li>Kolor: ciemnopomara\u0144czowa do morelowej<\/li>\n<li>Wzrost: 70 &#8211; 100 cm<\/li>\n<li>Wielko\u015b\u0107 kwiatu: przeci\u0119tne, ok. 8 \u2013 10 cm, bardzo pe\u0142ne<\/li>\n<li>Zapach: Delikatny, s\u0142odki<\/li>\n<li>Odporno\u015b\u0107 na choroby: wysoka<\/li>\n<li>Stanowisko: s\u0142oneczne<\/li>\n<li>Okres kwitnienia:\u00a0 VI \u2013 X<\/li>\n<li>Powtarza kwitnienie: tak<\/li>\n<li>Typ: r\u00f3\u017ca wielokwiatowa<\/li>\n<li>Mrozoodporno\u015b\u0107: wysoka<\/li>\n<\/ul>\n","protected":false},"featured_media":12891,"comment_status":"open","ping_status":"closed","template":"","meta":[],"product_brand":[278],"product_cat":[271,158,159,200,199],"product_tag":[206,185],"yoast_head":"<!-- This site is optimized with the Yoast SEO plugin v23.5 - https:\/\/yoast.com\/wordpress\/plugins\/seo\/ -->\n<title>R\u00f3\u017ca Wielkokwiatowa Chippendale\u00ae - R\u00f3\u017ce ogrodowe - Sklep Sobieszek producent<\/title>\n<meta name=\"description\" content=\"Wielkokwiatowa odmiana r\u00f3\u017cy z serii r\u00f3\u017c nostalgicznych. Swoim wygl\u0105dem przypomina stare r\u00f3\u017ce dzi\u0119ki miseczkowatym i bardzo obficie wype\u0142nionym kwiatom.\" \/>\n<meta name=\"robots\" content=\"index, follow, max-snippet:-1, max-image-preview:large, max-video-preview:-1\" \/>\n<link rel=\"canonical\" href=\"https:\/\/roza-sobieszek.pl\/sklep\/produkt\/roza-wielkokwiatowa-chippendale\/\" \/>\n<meta property=\"og:locale\" content=\"pl_PL\" \/>\n<meta property=\"og:type\" content=\"article\" \/>\n<meta property=\"og:title\" content=\"R\u00f3\u017ca Wielkokwiatowa Chippendale\u00ae - R\u00f3\u017ce ogrodowe - Sklep Sobieszek producent\" \/>\n<meta property=\"og:description\" content=\"Wielkokwiatowa odmiana r\u00f3\u017cy z serii r\u00f3\u017c nostalgicznych. Swoim wygl\u0105dem przypomina stare r\u00f3\u017ce dzi\u0119ki miseczkowatym i bardzo obficie wype\u0142nionym kwiatom.\" \/>\n<meta property=\"og:url\" content=\"https:\/\/roza-sobieszek.pl\/sklep\/produkt\/roza-wielkokwiatowa-chippendale\/\" \/>\n<meta property=\"og:site_name\" content=\"R\u00f3\u017ce ogrodowe - Sklep Sobieszek producent\" \/>\n<meta property=\"article:publisher\" content=\"https:\/\/www.facebook.com\/profile.php?id=100063681485170\" \/>\n<meta property=\"article:modified_time\" content=\"2025-10-22T07:06:28+00:00\" \/>\n<meta property=\"og:image\" content=\"https:\/\/roza-sobieszek.pl\/sklep\/wp-content\/uploads\/2016\/08\/chippendal.jpg\" \/>\n\t<meta property=\"og:image:width\" content=\"495\" \/>\n\t<meta property=\"og:image:height\" content=\"496\" \/>\n\t<meta property=\"og:image:type\" content=\"image\/jpeg\" \/>\n<meta name=\"twitter:card\" content=\"summary_large_image\" \/>\n<meta name=\"twitter:label1\" content=\"Szacowany czas czytania\" \/>\n\t<meta name=\"twitter:data1\" content=\"1 minuta\" \/>\n<script type=\"application\/ld+json\" class=\"yoast-schema-graph\">{\"@context\":\"https:\/\/schema.org\",\"@graph\":[{\"@type\":\"WebPage\",\"@id\":\"https:\/\/roza-sobieszek.pl\/sklep\/produkt\/roza-wielkokwiatowa-chippendale\/\",\"url\":\"https:\/\/roza-sobieszek.pl\/sklep\/produkt\/roza-wielkokwiatowa-chippendale\/\",\"name\":\"R\u00f3\u017ca Wielkokwiatowa Chippendale\u00ae - R\u00f3\u017ce ogrodowe - Sklep Sobieszek producent\",\"isPartOf\":{\"@id\":\"https:\/\/roza-sobieszek.pl\/sklep\/#website\"},\"primaryImageOfPage\":{\"@id\":\"https:\/\/roza-sobieszek.pl\/sklep\/produkt\/roza-wielkokwiatowa-chippendale\/#primaryimage\"},\"image\":{\"@id\":\"https:\/\/roza-sobieszek.pl\/sklep\/produkt\/roza-wielkokwiatowa-chippendale\/#primaryimage\"},\"thumbnailUrl\":\"https:\/\/roza-sobieszek.pl\/sklep\/wp-content\/uploads\/2016\/08\/chippendal.jpg\",\"datePublished\":\"2016-08-24T20:20:18+00:00\",\"dateModified\":\"2025-10-22T07:06:28+00:00\",\"description\":\"Wielkokwiatowa odmiana r\u00f3\u017cy z serii r\u00f3\u017c nostalgicznych. Swoim wygl\u0105dem przypomina stare r\u00f3\u017ce dzi\u0119ki miseczkowatym i bardzo obficie wype\u0142nionym kwiatom.\",\"breadcrumb\":{\"@id\":\"https:\/\/roza-sobieszek.pl\/sklep\/produkt\/roza-wielkokwiatowa-chippendale\/#breadcrumb\"},\"inLanguage\":\"pl-PL\",\"potentialAction\":[{\"@type\":\"ReadAction\",\"target\":[\"https:\/\/roza-sobieszek.pl\/sklep\/produkt\/roza-wielkokwiatowa-chippendale\/\"]}]},{\"@type\":\"ImageObject\",\"inLanguage\":\"pl-PL\",\"@id\":\"https:\/\/roza-sobieszek.pl\/sklep\/produkt\/roza-wielkokwiatowa-chippendale\/#primaryimage\",\"url\":\"https:\/\/roza-sobieszek.pl\/sklep\/wp-content\/uploads\/2016\/08\/chippendal.jpg\",\"contentUrl\":\"https:\/\/roza-sobieszek.pl\/sklep\/wp-content\/uploads\/2016\/08\/chippendal.jpg\",\"width\":495,\"height\":496},{\"@type\":\"BreadcrumbList\",\"@id\":\"https:\/\/roza-sobieszek.pl\/sklep\/produkt\/roza-wielkokwiatowa-chippendale\/#breadcrumb\",\"itemListElement\":[{\"@type\":\"ListItem\",\"position\":1,\"name\":\"Strona g\u0142\u00f3wna\",\"item\":\"https:\/\/roza-sobieszek.pl\/sklep\/\"},{\"@type\":\"ListItem\",\"position\":2,\"name\":\"Shop\",\"item\":\"https:\/\/roza-sobieszek.pl\/sklep\/shop\/\"},{\"@type\":\"ListItem\",\"position\":3,\"name\":\"R\u00f3\u017ca Wielkokwiatowa Chippendale\u00ae\"}]},{\"@type\":\"WebSite\",\"@id\":\"https:\/\/roza-sobieszek.pl\/sklep\/#website\",\"url\":\"https:\/\/roza-sobieszek.pl\/sklep\/\",\"name\":\"R\u00f3\u017ce ogrodowe - Sklep Sobieszek producent\",\"description\":\"\",\"publisher\":{\"@id\":\"https:\/\/roza-sobieszek.pl\/sklep\/#organization\"},\"potentialAction\":[{\"@type\":\"SearchAction\",\"target\":{\"@type\":\"EntryPoint\",\"urlTemplate\":\"https:\/\/roza-sobieszek.pl\/sklep\/?s={search_term_string}\"},\"query-input\":{\"@type\":\"PropertyValueSpecification\",\"valueRequired\":true,\"valueName\":\"search_term_string\"}}],\"inLanguage\":\"pl-PL\"},{\"@type\":\"Organization\",\"@id\":\"https:\/\/roza-sobieszek.pl\/sklep\/#organization\",\"name\":\"R\u00f3\u017ce ogrodowe - Sklep Sobieszek producent\",\"url\":\"https:\/\/roza-sobieszek.pl\/sklep\/\",\"logo\":{\"@type\":\"ImageObject\",\"inLanguage\":\"pl-PL\",\"@id\":\"https:\/\/roza-sobieszek.pl\/sklep\/#\/schema\/logo\/image\/\",\"url\":\"https:\/\/roza-sobieszek.pl\/sklep\/wp-content\/uploads\/2016\/08\/IMG_0358-1.jpg\",\"contentUrl\":\"https:\/\/roza-sobieszek.pl\/sklep\/wp-content\/uploads\/2016\/08\/IMG_0358-1.jpg\",\"width\":2048,\"height\":1365,\"caption\":\"R\u00f3\u017ce ogrodowe - Sklep Sobieszek producent\"},\"image\":{\"@id\":\"https:\/\/roza-sobieszek.pl\/sklep\/#\/schema\/logo\/image\/\"},\"sameAs\":[\"https:\/\/www.facebook.com\/profile.php?id=100063681485170\"]}]}<\/script>\n<!-- \/ Yoast SEO plugin. -->","yoast_head_json":{"title":"R\u00f3\u017ca Wielkokwiatowa Chippendale\u00ae - R\u00f3\u017ce ogrodowe - Sklep Sobieszek producent","description":"Wielkokwiatowa odmiana r\u00f3\u017cy z serii r\u00f3\u017c nostalgicznych. Swoim wygl\u0105dem przypomina stare r\u00f3\u017ce dzi\u0119ki miseczkowatym i bardzo obficie wype\u0142nionym kwiatom.","robots":{"index":"index","follow":"follow","max-snippet":"max-snippet:-1","max-image-preview":"max-image-preview:large","max-video-preview":"max-video-preview:-1"},"canonical":"https:\/\/roza-sobieszek.pl\/sklep\/produkt\/roza-wielkokwiatowa-chippendale\/","og_locale":"pl_PL","og_type":"article","og_title":"R\u00f3\u017ca Wielkokwiatowa Chippendale\u00ae - R\u00f3\u017ce ogrodowe - Sklep Sobieszek producent","og_description":"Wielkokwiatowa odmiana r\u00f3\u017cy z serii r\u00f3\u017c nostalgicznych. Swoim wygl\u0105dem przypomina stare r\u00f3\u017ce dzi\u0119ki miseczkowatym i bardzo obficie wype\u0142nionym kwiatom.","og_url":"https:\/\/roza-sobieszek.pl\/sklep\/produkt\/roza-wielkokwiatowa-chippendale\/","og_site_name":"R\u00f3\u017ce ogrodowe - Sklep Sobieszek producent","article_publisher":"https:\/\/www.facebook.com\/profile.php?id=100063681485170","article_modified_time":"2025-10-22T07:06:28+00:00","og_image":[{"width":495,"height":496,"url":"https:\/\/roza-sobieszek.pl\/sklep\/wp-content\/uploads\/2016\/08\/chippendal.jpg","type":"image\/jpeg"}],"twitter_card":"summary_large_image","twitter_misc":{"Szacowany czas czytania":"1 minuta"},"schema":{"@context":"https:\/\/schema.org","@graph":[{"@type":"WebPage","@id":"https:\/\/roza-sobieszek.pl\/sklep\/produkt\/roza-wielkokwiatowa-chippendale\/","url":"https:\/\/roza-sobieszek.pl\/sklep\/produkt\/roza-wielkokwiatowa-chippendale\/","name":"R\u00f3\u017ca Wielkokwiatowa Chippendale\u00ae - R\u00f3\u017ce ogrodowe - Sklep Sobieszek producent","isPartOf":{"@id":"https:\/\/roza-sobieszek.pl\/sklep\/#website"},"primaryImageOfPage":{"@id":"https:\/\/roza-sobieszek.pl\/sklep\/produkt\/roza-wielkokwiatowa-chippendale\/#primaryimage"},"image":{"@id":"https:\/\/roza-sobieszek.pl\/sklep\/produkt\/roza-wielkokwiatowa-chippendale\/#primaryimage"},"thumbnailUrl":"https:\/\/roza-sobieszek.pl\/sklep\/wp-content\/uploads\/2016\/08\/chippendal.jpg","datePublished":"2016-08-24T20:20:18+00:00","dateModified":"2025-10-22T07:06:28+00:00","description":"Wielkokwiatowa odmiana r\u00f3\u017cy z serii r\u00f3\u017c nostalgicznych. Swoim wygl\u0105dem przypomina stare r\u00f3\u017ce dzi\u0119ki miseczkowatym i bardzo obficie wype\u0142nionym kwiatom.","breadcrumb":{"@id":"https:\/\/roza-sobieszek.pl\/sklep\/produkt\/roza-wielkokwiatowa-chippendale\/#breadcrumb"},"inLanguage":"pl-PL","potentialAction":[{"@type":"ReadAction","target":["https:\/\/roza-sobieszek.pl\/sklep\/produkt\/roza-wielkokwiatowa-chippendale\/"]}]},{"@type":"ImageObject","inLanguage":"pl-PL","@id":"https:\/\/roza-sobieszek.pl\/sklep\/produkt\/roza-wielkokwiatowa-chippendale\/#primaryimage","url":"https:\/\/roza-sobieszek.pl\/sklep\/wp-content\/uploads\/2016\/08\/chippendal.jpg","contentUrl":"https:\/\/roza-sobieszek.pl\/sklep\/wp-content\/uploads\/2016\/08\/chippendal.jpg","width":495,"height":496},{"@type":"BreadcrumbList","@id":"https:\/\/roza-sobieszek.pl\/sklep\/produkt\/roza-wielkokwiatowa-chippendale\/#breadcrumb","itemListElement":[{"@type":"ListItem","position":1,"name":"Strona g\u0142\u00f3wna","item":"https:\/\/roza-sobieszek.pl\/sklep\/"},{"@type":"ListItem","position":2,"name":"Shop","item":"https:\/\/roza-sobieszek.pl\/sklep\/shop\/"},{"@type":"ListItem","position":3,"name":"R\u00f3\u017ca Wielkokwiatowa Chippendale\u00ae"}]},{"@type":"WebSite","@id":"https:\/\/roza-sobieszek.pl\/sklep\/#website","url":"https:\/\/roza-sobieszek.pl\/sklep\/","name":"R\u00f3\u017ce ogrodowe - Sklep Sobieszek producent","description":"","publisher":{"@id":"https:\/\/roza-sobieszek.pl\/sklep\/#organization"},"potentialAction":[{"@type":"SearchAction","target":{"@type":"EntryPoint","urlTemplate":"https:\/\/roza-sobieszek.pl\/sklep\/?s={search_term_string}"},"query-input":{"@type":"PropertyValueSpecification","valueRequired":true,"valueName":"search_term_string"}}],"inLanguage":"pl-PL"},{"@type":"Organization","@id":"https:\/\/roza-sobieszek.pl\/sklep\/#organization","name":"R\u00f3\u017ce ogrodowe - Sklep Sobieszek producent","url":"https:\/\/roza-sobieszek.pl\/sklep\/","logo":{"@type":"ImageObject","inLanguage":"pl-PL","@id":"https:\/\/roza-sobieszek.pl\/sklep\/#\/schema\/logo\/image\/","url":"https:\/\/roza-sobieszek.pl\/sklep\/wp-content\/uploads\/2016\/08\/IMG_0358-1.jpg","contentUrl":"https:\/\/roza-sobieszek.pl\/sklep\/wp-content\/uploads\/2016\/08\/IMG_0358-1.jpg","width":2048,"height":1365,"caption":"R\u00f3\u017ce ogrodowe - Sklep Sobieszek producent"},"image":{"@id":"https:\/\/roza-sobieszek.pl\/sklep\/#\/schema\/logo\/image\/"},"sameAs":["https:\/\/www.facebook.com\/profile.php?id=100063681485170"]}]}},"_links":{"self":[{"href":"https:\/\/roza-sobieszek.pl\/sklep\/wp-json\/wp\/v2\/product\/4300"}],"collection":[{"href":"https:\/\/roza-sobieszek.pl\/sklep\/wp-json\/wp\/v2\/product"}],"about":[{"href":"https:\/\/roza-sobieszek.pl\/sklep\/wp-json\/wp\/v2\/types\/product"}],"replies":[{"embeddable":true,"href":"https:\/\/roza-sobieszek.pl\/sklep\/wp-json\/wp\/v2\/comments?post=4300"}],"wp:featuredmedia":[{"embeddable":true,"href":"https:\/\/roza-sobieszek.pl\/sklep\/wp-json\/wp\/v2\/media\/12891"}],"wp:attachment":[{"href":"https:\/\/roza-sobieszek.pl\/sklep\/wp-json\/wp\/v2\/media?parent=4300"}],"wp:term":[{"taxonomy":"product_brand","embeddable":true,"href":"https:\/\/roza-sobieszek.pl\/sklep\/wp-json\/wp\/v2\/product_brand?post=4300"},{"taxonomy":"product_cat","embeddable":true,"href":"https:\/\/roza-sobieszek.pl\/sklep\/wp-json\/wp\/v2\/product_cat?post=4300"},{"taxonomy":"product_tag","embeddable":true,"href":"https:\/\/roza-sobieszek.pl\/sklep\/wp-json\/wp\/v2\/product_tag?post=4300"}],"curies":[{"name":"wp","href":"https:\/\/api.w.org\/{rel}","templated":true}]}}