{"id":4314,"date":"2016-08-24T22:54:44","date_gmt":"2016-08-24T22:54:44","guid":{"rendered":"http:\/\/roza-sobieszek.pl\/sklep\/?post_type=product&#038;p=4314"},"modified":"2026-04-09T15:45:29","modified_gmt":"2026-04-09T15:45:29","slug":"roza-nostalgie","status":"publish","type":"product","link":"https:\/\/roza-sobieszek.pl\/sklep\/produkt\/roza-nostalgie\/","title":{"rendered":"R\u00f3\u017ca Wielkokwiatowa Nostalgie\u00ae"},"content":{"rendered":"<h2>R\u00f3\u017ca Nostalgie \u00ae<\/h2>\n<p>Dwubarwna r\u00f3\u017ca wielkokwiatowa o pi\u0119knych kwiatach. Ich barwa zachwyci ka\u017cdego mi\u0142o\u015bnika kwiat\u00f3w. Od \u015brodka kremowobia\u0142e za\u015b na brzegach czerwone p\u0142atki sk\u0142adaj\u0105 si\u0119 w pi\u0119kne kuliste, du\u017ce kwiaty. Zachwyca swym urokiem wraz z du\u017cymi, ciemnozielonymi, b\u0142yszcz\u0105cymi li\u015b\u0107mi i wyj\u0105tkowym, mocnym, wi\u015bniowym zapachem. Sam krzew jest bardzo dobrze odporny na choroby i bardzo niskie temperatury. Jest to odmiana idealna dla pocz\u0105tkuj\u0105cych ogrodnik\u00f3w.<\/p>\n","protected":false},"excerpt":{"rendered":"<p>Dwukolorowa r\u00f3\u017ca Nostalgie<\/p>\n<ul>\n<li>Nazwa: Nostalgie Tantau<\/li>\n<li>Kolor: Kremowobia\u0142y, brzegi p\u0142atk\u00f3w czerwone<\/li>\n<li>Wzrost: 80 &#8211; 120 cm<\/li>\n<li>Wielko\u015b\u0107 kwiatu: du\u017ce, ok. 8 \u2013 10 cm<\/li>\n<li>Zapach: mocny, wi\u015bniowy<\/li>\n<li>Odporno\u015b\u0107 na choroby: bardzo wysoka<\/li>\n<li>Stanowisko: s\u0142oneczne<\/li>\n<li>Okres kwitnienia: VI \u2013 IX<\/li>\n<li>Powtarza kwitnienie: tak<\/li>\n<li>Typ: r\u00f3\u017ca wielkokwiatowa<\/li>\n<li>Mrozoodporno\u015b\u0107:wysoka<\/li>\n<\/ul>\n","protected":false},"featured_media":5889,"comment_status":"open","ping_status":"closed","template":"","meta":[],"product_brand":[278],"product_cat":[269,158,159,200],"product_tag":[185],"yoast_head":"<!-- This site is optimized with the Yoast SEO plugin v23.5 - https:\/\/yoast.com\/wordpress\/plugins\/seo\/ -->\n<title>R\u00f3\u017ca Wielkokwiatowa Nostalgie\u00ae - R\u00f3\u017ce ogrodowe - Sklep Sobieszek producent<\/title>\n<meta name=\"description\" content=\"R\u00f3\u017ca Wielkokwiatowa Nostalgie\u00ae o pi\u0119knych kwiatach. Ich barwa zachwyci ka\u017cdego mi\u0142o\u015bnika kwiat\u00f3w. Od \u015brodka kremowobia\u0142e za\u015b na brzegach czerwone p\u0142atki\" \/>\n<meta name=\"robots\" content=\"index, follow, max-snippet:-1, max-image-preview:large, max-video-preview:-1\" \/>\n<link rel=\"canonical\" href=\"https:\/\/roza-sobieszek.pl\/sklep\/produkt\/roza-nostalgie\/\" \/>\n<meta property=\"og:locale\" content=\"pl_PL\" \/>\n<meta property=\"og:type\" content=\"article\" \/>\n<meta property=\"og:title\" content=\"R\u00f3\u017ca Wielkokwiatowa Nostalgie\u00ae - R\u00f3\u017ce ogrodowe - Sklep Sobieszek producent\" \/>\n<meta property=\"og:description\" content=\"R\u00f3\u017ca Wielkokwiatowa Nostalgie\u00ae o pi\u0119knych kwiatach. Ich barwa zachwyci ka\u017cdego mi\u0142o\u015bnika kwiat\u00f3w. Od \u015brodka kremowobia\u0142e za\u015b na brzegach czerwone p\u0142atki\" \/>\n<meta property=\"og:url\" content=\"https:\/\/roza-sobieszek.pl\/sklep\/produkt\/roza-nostalgie\/\" \/>\n<meta property=\"og:site_name\" content=\"R\u00f3\u017ce ogrodowe - Sklep Sobieszek producent\" \/>\n<meta property=\"article:publisher\" content=\"https:\/\/www.facebook.com\/profile.php?id=100063681485170\" \/>\n<meta property=\"article:modified_time\" content=\"2026-04-09T15:45:29+00:00\" \/>\n<meta property=\"og:image\" content=\"https:\/\/roza-sobieszek.pl\/sklep\/wp-content\/uploads\/2016\/08\/MG_7215-scaled.jpg\" \/>\n\t<meta property=\"og:image:width\" content=\"2560\" \/>\n\t<meta property=\"og:image:height\" content=\"2400\" \/>\n\t<meta property=\"og:image:type\" content=\"image\/jpeg\" \/>\n<meta name=\"twitter:card\" content=\"summary_large_image\" \/>\n<meta name=\"twitter:label1\" content=\"Szacowany czas czytania\" \/>\n\t<meta name=\"twitter:data1\" content=\"1 minuta\" \/>\n<script type=\"application\/ld+json\" class=\"yoast-schema-graph\">{\"@context\":\"https:\/\/schema.org\",\"@graph\":[{\"@type\":\"WebPage\",\"@id\":\"https:\/\/roza-sobieszek.pl\/sklep\/produkt\/roza-nostalgie\/\",\"url\":\"https:\/\/roza-sobieszek.pl\/sklep\/produkt\/roza-nostalgie\/\",\"name\":\"R\u00f3\u017ca Wielkokwiatowa Nostalgie\u00ae - R\u00f3\u017ce ogrodowe - Sklep Sobieszek producent\",\"isPartOf\":{\"@id\":\"https:\/\/roza-sobieszek.pl\/sklep\/#website\"},\"primaryImageOfPage\":{\"@id\":\"https:\/\/roza-sobieszek.pl\/sklep\/produkt\/roza-nostalgie\/#primaryimage\"},\"image\":{\"@id\":\"https:\/\/roza-sobieszek.pl\/sklep\/produkt\/roza-nostalgie\/#primaryimage\"},\"thumbnailUrl\":\"https:\/\/roza-sobieszek.pl\/sklep\/wp-content\/uploads\/2016\/08\/MG_7215-scaled.jpg\",\"datePublished\":\"2016-08-24T22:54:44+00:00\",\"dateModified\":\"2026-04-09T15:45:29+00:00\",\"description\":\"R\u00f3\u017ca Wielkokwiatowa Nostalgie\u00ae o pi\u0119knych kwiatach. Ich barwa zachwyci ka\u017cdego mi\u0142o\u015bnika kwiat\u00f3w. Od \u015brodka kremowobia\u0142e za\u015b na brzegach czerwone p\u0142atki\",\"breadcrumb\":{\"@id\":\"https:\/\/roza-sobieszek.pl\/sklep\/produkt\/roza-nostalgie\/#breadcrumb\"},\"inLanguage\":\"pl-PL\",\"potentialAction\":[{\"@type\":\"ReadAction\",\"target\":[\"https:\/\/roza-sobieszek.pl\/sklep\/produkt\/roza-nostalgie\/\"]}]},{\"@type\":\"ImageObject\",\"inLanguage\":\"pl-PL\",\"@id\":\"https:\/\/roza-sobieszek.pl\/sklep\/produkt\/roza-nostalgie\/#primaryimage\",\"url\":\"https:\/\/roza-sobieszek.pl\/sklep\/wp-content\/uploads\/2016\/08\/MG_7215-scaled.jpg\",\"contentUrl\":\"https:\/\/roza-sobieszek.pl\/sklep\/wp-content\/uploads\/2016\/08\/MG_7215-scaled.jpg\",\"width\":2560,\"height\":2400},{\"@type\":\"BreadcrumbList\",\"@id\":\"https:\/\/roza-sobieszek.pl\/sklep\/produkt\/roza-nostalgie\/#breadcrumb\",\"itemListElement\":[{\"@type\":\"ListItem\",\"position\":1,\"name\":\"Strona g\u0142\u00f3wna\",\"item\":\"https:\/\/roza-sobieszek.pl\/sklep\/\"},{\"@type\":\"ListItem\",\"position\":2,\"name\":\"Shop\",\"item\":\"https:\/\/roza-sobieszek.pl\/sklep\/shop\/\"},{\"@type\":\"ListItem\",\"position\":3,\"name\":\"R\u00f3\u017ca Wielkokwiatowa Nostalgie\u00ae\"}]},{\"@type\":\"WebSite\",\"@id\":\"https:\/\/roza-sobieszek.pl\/sklep\/#website\",\"url\":\"https:\/\/roza-sobieszek.pl\/sklep\/\",\"name\":\"R\u00f3\u017ce ogrodowe - Sklep Sobieszek producent\",\"description\":\"\",\"publisher\":{\"@id\":\"https:\/\/roza-sobieszek.pl\/sklep\/#organization\"},\"potentialAction\":[{\"@type\":\"SearchAction\",\"target\":{\"@type\":\"EntryPoint\",\"urlTemplate\":\"https:\/\/roza-sobieszek.pl\/sklep\/?s={search_term_string}\"},\"query-input\":{\"@type\":\"PropertyValueSpecification\",\"valueRequired\":true,\"valueName\":\"search_term_string\"}}],\"inLanguage\":\"pl-PL\"},{\"@type\":\"Organization\",\"@id\":\"https:\/\/roza-sobieszek.pl\/sklep\/#organization\",\"name\":\"R\u00f3\u017ce ogrodowe - Sklep Sobieszek producent\",\"url\":\"https:\/\/roza-sobieszek.pl\/sklep\/\",\"logo\":{\"@type\":\"ImageObject\",\"inLanguage\":\"pl-PL\",\"@id\":\"https:\/\/roza-sobieszek.pl\/sklep\/#\/schema\/logo\/image\/\",\"url\":\"https:\/\/roza-sobieszek.pl\/sklep\/wp-content\/uploads\/2016\/08\/IMG_0358-1.jpg\",\"contentUrl\":\"https:\/\/roza-sobieszek.pl\/sklep\/wp-content\/uploads\/2016\/08\/IMG_0358-1.jpg\",\"width\":2048,\"height\":1365,\"caption\":\"R\u00f3\u017ce ogrodowe - Sklep Sobieszek producent\"},\"image\":{\"@id\":\"https:\/\/roza-sobieszek.pl\/sklep\/#\/schema\/logo\/image\/\"},\"sameAs\":[\"https:\/\/www.facebook.com\/profile.php?id=100063681485170\"]}]}<\/script>\n<!-- \/ Yoast SEO plugin. -->","yoast_head_json":{"title":"R\u00f3\u017ca Wielkokwiatowa Nostalgie\u00ae - R\u00f3\u017ce ogrodowe - Sklep Sobieszek producent","description":"R\u00f3\u017ca Wielkokwiatowa Nostalgie\u00ae o pi\u0119knych kwiatach. Ich barwa zachwyci ka\u017cdego mi\u0142o\u015bnika kwiat\u00f3w. Od \u015brodka kremowobia\u0142e za\u015b na brzegach czerwone p\u0142atki","robots":{"index":"index","follow":"follow","max-snippet":"max-snippet:-1","max-image-preview":"max-image-preview:large","max-video-preview":"max-video-preview:-1"},"canonical":"https:\/\/roza-sobieszek.pl\/sklep\/produkt\/roza-nostalgie\/","og_locale":"pl_PL","og_type":"article","og_title":"R\u00f3\u017ca Wielkokwiatowa Nostalgie\u00ae - R\u00f3\u017ce ogrodowe - Sklep Sobieszek producent","og_description":"R\u00f3\u017ca Wielkokwiatowa Nostalgie\u00ae o pi\u0119knych kwiatach. Ich barwa zachwyci ka\u017cdego mi\u0142o\u015bnika kwiat\u00f3w. Od \u015brodka kremowobia\u0142e za\u015b na brzegach czerwone p\u0142atki","og_url":"https:\/\/roza-sobieszek.pl\/sklep\/produkt\/roza-nostalgie\/","og_site_name":"R\u00f3\u017ce ogrodowe - Sklep Sobieszek producent","article_publisher":"https:\/\/www.facebook.com\/profile.php?id=100063681485170","article_modified_time":"2026-04-09T15:45:29+00:00","og_image":[{"width":2560,"height":2400,"url":"https:\/\/roza-sobieszek.pl\/sklep\/wp-content\/uploads\/2016\/08\/MG_7215-scaled.jpg","type":"image\/jpeg"}],"twitter_card":"summary_large_image","twitter_misc":{"Szacowany czas czytania":"1 minuta"},"schema":{"@context":"https:\/\/schema.org","@graph":[{"@type":"WebPage","@id":"https:\/\/roza-sobieszek.pl\/sklep\/produkt\/roza-nostalgie\/","url":"https:\/\/roza-sobieszek.pl\/sklep\/produkt\/roza-nostalgie\/","name":"R\u00f3\u017ca Wielkokwiatowa Nostalgie\u00ae - R\u00f3\u017ce ogrodowe - Sklep Sobieszek producent","isPartOf":{"@id":"https:\/\/roza-sobieszek.pl\/sklep\/#website"},"primaryImageOfPage":{"@id":"https:\/\/roza-sobieszek.pl\/sklep\/produkt\/roza-nostalgie\/#primaryimage"},"image":{"@id":"https:\/\/roza-sobieszek.pl\/sklep\/produkt\/roza-nostalgie\/#primaryimage"},"thumbnailUrl":"https:\/\/roza-sobieszek.pl\/sklep\/wp-content\/uploads\/2016\/08\/MG_7215-scaled.jpg","datePublished":"2016-08-24T22:54:44+00:00","dateModified":"2026-04-09T15:45:29+00:00","description":"R\u00f3\u017ca Wielkokwiatowa Nostalgie\u00ae o pi\u0119knych kwiatach. Ich barwa zachwyci ka\u017cdego mi\u0142o\u015bnika kwiat\u00f3w. Od \u015brodka kremowobia\u0142e za\u015b na brzegach czerwone p\u0142atki","breadcrumb":{"@id":"https:\/\/roza-sobieszek.pl\/sklep\/produkt\/roza-nostalgie\/#breadcrumb"},"inLanguage":"pl-PL","potentialAction":[{"@type":"ReadAction","target":["https:\/\/roza-sobieszek.pl\/sklep\/produkt\/roza-nostalgie\/"]}]},{"@type":"ImageObject","inLanguage":"pl-PL","@id":"https:\/\/roza-sobieszek.pl\/sklep\/produkt\/roza-nostalgie\/#primaryimage","url":"https:\/\/roza-sobieszek.pl\/sklep\/wp-content\/uploads\/2016\/08\/MG_7215-scaled.jpg","contentUrl":"https:\/\/roza-sobieszek.pl\/sklep\/wp-content\/uploads\/2016\/08\/MG_7215-scaled.jpg","width":2560,"height":2400},{"@type":"BreadcrumbList","@id":"https:\/\/roza-sobieszek.pl\/sklep\/produkt\/roza-nostalgie\/#breadcrumb","itemListElement":[{"@type":"ListItem","position":1,"name":"Strona g\u0142\u00f3wna","item":"https:\/\/roza-sobieszek.pl\/sklep\/"},{"@type":"ListItem","position":2,"name":"Shop","item":"https:\/\/roza-sobieszek.pl\/sklep\/shop\/"},{"@type":"ListItem","position":3,"name":"R\u00f3\u017ca Wielkokwiatowa Nostalgie\u00ae"}]},{"@type":"WebSite","@id":"https:\/\/roza-sobieszek.pl\/sklep\/#website","url":"https:\/\/roza-sobieszek.pl\/sklep\/","name":"R\u00f3\u017ce ogrodowe - Sklep Sobieszek producent","description":"","publisher":{"@id":"https:\/\/roza-sobieszek.pl\/sklep\/#organization"},"potentialAction":[{"@type":"SearchAction","target":{"@type":"EntryPoint","urlTemplate":"https:\/\/roza-sobieszek.pl\/sklep\/?s={search_term_string}"},"query-input":{"@type":"PropertyValueSpecification","valueRequired":true,"valueName":"search_term_string"}}],"inLanguage":"pl-PL"},{"@type":"Organization","@id":"https:\/\/roza-sobieszek.pl\/sklep\/#organization","name":"R\u00f3\u017ce ogrodowe - Sklep Sobieszek producent","url":"https:\/\/roza-sobieszek.pl\/sklep\/","logo":{"@type":"ImageObject","inLanguage":"pl-PL","@id":"https:\/\/roza-sobieszek.pl\/sklep\/#\/schema\/logo\/image\/","url":"https:\/\/roza-sobieszek.pl\/sklep\/wp-content\/uploads\/2016\/08\/IMG_0358-1.jpg","contentUrl":"https:\/\/roza-sobieszek.pl\/sklep\/wp-content\/uploads\/2016\/08\/IMG_0358-1.jpg","width":2048,"height":1365,"caption":"R\u00f3\u017ce ogrodowe - Sklep Sobieszek producent"},"image":{"@id":"https:\/\/roza-sobieszek.pl\/sklep\/#\/schema\/logo\/image\/"},"sameAs":["https:\/\/www.facebook.com\/profile.php?id=100063681485170"]}]}},"_links":{"self":[{"href":"https:\/\/roza-sobieszek.pl\/sklep\/wp-json\/wp\/v2\/product\/4314"}],"collection":[{"href":"https:\/\/roza-sobieszek.pl\/sklep\/wp-json\/wp\/v2\/product"}],"about":[{"href":"https:\/\/roza-sobieszek.pl\/sklep\/wp-json\/wp\/v2\/types\/product"}],"replies":[{"embeddable":true,"href":"https:\/\/roza-sobieszek.pl\/sklep\/wp-json\/wp\/v2\/comments?post=4314"}],"wp:featuredmedia":[{"embeddable":true,"href":"https:\/\/roza-sobieszek.pl\/sklep\/wp-json\/wp\/v2\/media\/5889"}],"wp:attachment":[{"href":"https:\/\/roza-sobieszek.pl\/sklep\/wp-json\/wp\/v2\/media?parent=4314"}],"wp:term":[{"taxonomy":"product_brand","embeddable":true,"href":"https:\/\/roza-sobieszek.pl\/sklep\/wp-json\/wp\/v2\/product_brand?post=4314"},{"taxonomy":"product_cat","embeddable":true,"href":"https:\/\/roza-sobieszek.pl\/sklep\/wp-json\/wp\/v2\/product_cat?post=4314"},{"taxonomy":"product_tag","embeddable":true,"href":"https:\/\/roza-sobieszek.pl\/sklep\/wp-json\/wp\/v2\/product_tag?post=4314"}],"curies":[{"name":"wp","href":"https:\/\/api.w.org\/{rel}","templated":true}]}}