{"id":5014,"date":"2016-09-15T10:15:06","date_gmt":"2016-09-15T10:15:06","guid":{"rendered":"http:\/\/roza-sobieszek.pl\/sklep\/produkt\/roza-leonardo-da-vinci\/"},"modified":"2026-03-23T17:10:20","modified_gmt":"2026-03-23T17:10:20","slug":"roza-leonardo-da-vinci","status":"publish","type":"product","link":"https:\/\/roza-sobieszek.pl\/sklep\/produkt\/roza-leonardo-da-vinci\/","title":{"rendered":"R\u00f3\u017ca Rabatowa Leonardo Da Vinci\u00ae"},"content":{"rendered":"<h2><strong>R\u00f3\u017ca Leonardo Da Vinci\u00ae<\/strong><\/h2>\n<p data-start=\"239\" data-end=\"512\">R\u00f3\u017ca <strong data-start=\"244\" data-end=\"265\">Leonardo da Vinci<\/strong> to prawdziwa per\u0142a w\u015br\u00f3d r\u00f3\u017c rabatowych \u2013 harmonijne po\u0142\u0105czenie klasycznego pi\u0119kna i nowoczesnej odporno\u015bci. Zainspirowana geniuszem renesansowego artysty, zachwyca perfekcyjnie uformowanymi kwiatami, kt\u00f3re przyci\u0105gaj\u0105 wzrok niczym dzie\u0142o sztuki.<\/p>\n<p data-start=\"514\" data-end=\"790\">Jej pe\u0142ne, g\u0119sto u\u0142o\u017cone p\u0142atki tworz\u0105 urokliwe rozety o intensywnie r\u00f3\u017cowej barwie \u2013 odcieniu, kt\u00f3ry pozostaje wyrazisty przez ca\u0142e lato a\u017c do jesieni. Kwiaty s\u0105 nie tylko efektowne, ale te\u017c trwa\u0142e \u2013 odporne na deszcz i upa\u0142y, d\u0142ugo utrzymuj\u0105 \u015bwie\u017co\u015b\u0107 na krzewie i w wazonie.<\/p>\n<p data-start=\"792\" data-end=\"1066\">Leonardo da Vinci kwitnie obficie i nieprzerwanie, otulaj\u0105c ogr\u00f3d r\u00f3\u017canym welonem od czerwca a\u017c do pierwszych przymrozk\u00f3w. Jej pokr\u00f3j jest zwarty i elegancki \u2013 dorasta do oko\u0142o 1 metra wysoko\u015bci, idealnie sprawdzaj\u0105c si\u0119 zar\u00f3wno w nasadzeniach grupowych, jak i jako soliter.<\/p>\n<p data-start=\"1068\" data-end=\"1307\">To r\u00f3\u017ca wyj\u0105tkowo \u0142atwa w uprawie \u2013 zdrowa, silna, odporna na choroby i mr\u00f3z. Nawet pocz\u0105tkuj\u0105cy ogrodnik z \u0142atwo\u015bci\u0105 wydob\u0119dzie z niej pe\u0142ni\u0119 urody. Nie wymaga szczeg\u00f3lnej troski, a odwdzi\u0119cza si\u0119 zachwycaj\u0105cym, d\u0142ugim spektaklem kwiat\u00f3w.<\/p>\n<p>&nbsp;<\/p>\n<p><span style=\"border-radius: 2px; text-indent: 20px; width: auto; padding: 0px 4px 0px 0px; text-align: center; font: bold 11px\/20px 'Helvetica Neue',Helvetica,sans-serif; color: #ffffff; background: #bd081c no-repeat scroll 3px 50% \/ 14px 14px; position: absolute; opacity: 1; z-index: 8675309; display: none; cursor: pointer;\">Zapisz<\/span><\/p>\n","protected":false},"excerpt":{"rendered":"<p>Romantyczna r\u00f3\u017ca Leonardo Da Vinci\u00ae<\/p>\n<ul>\n<li>Nazwa: Leonardo Da Vinci\u00ae<\/li>\n<li>Kolor: ciemnor\u00f3\u017cowy<\/li>\n<li>Wzrost: 110 cm<\/li>\n<li>Wielko\u015b\u0107 kwiatu: przeci\u0119tne, ok. 8 cm, bardzo pe\u0142ny<\/li>\n<li>Zapach: mocny<\/li>\n<li>Odporno\u015b\u0107 na choroby: bardzo dobra<\/li>\n<li>Stanowisko: s\u0142oneczne, umiarkowane<\/li>\n<li>Okres kwitnienia: VI-X<\/li>\n<li>Powtarza kwitnienie: tak<\/li>\n<li>Typ: r\u00f3\u017ca wielKokwiatowa<\/li>\n<li>Mrozoodporno\u015b\u0107: dobra<\/li>\n<\/ul>\n","protected":false},"featured_media":22228,"comment_status":"open","ping_status":"closed","template":"","meta":[],"product_brand":[296],"product_cat":[295,155],"product_tag":[208],"yoast_head":"<!-- This site is optimized with the Yoast SEO plugin v23.5 - https:\/\/yoast.com\/wordpress\/plugins\/seo\/ -->\n<title>R\u00f3\u017ca Rabatowa Leonardo Da Vinci\u00ae - R\u00f3\u017ce ogrodowe - Sklep Sobieszek producent<\/title>\n<meta name=\"description\" content=\"R\u00f3\u017ca Rabatowa Leonardo Da Vinci\u00ae Ciemno-r\u00f3\u017cowa r\u00f3\u017ca rabatowa o przyjemnym zapachu. Jej kwiaty s\u0105 przeci\u0119tnej wielko\u015bci, ale za to bardzo pe\u0142ne\" \/>\n<meta name=\"robots\" content=\"index, follow, max-snippet:-1, max-image-preview:large, max-video-preview:-1\" \/>\n<link rel=\"canonical\" href=\"https:\/\/roza-sobieszek.pl\/sklep\/produkt\/roza-leonardo-da-vinci\/\" \/>\n<meta property=\"og:locale\" content=\"pl_PL\" \/>\n<meta property=\"og:type\" content=\"article\" \/>\n<meta property=\"og:title\" content=\"R\u00f3\u017ca Rabatowa Leonardo Da Vinci\u00ae - R\u00f3\u017ce ogrodowe - Sklep Sobieszek producent\" \/>\n<meta property=\"og:description\" content=\"R\u00f3\u017ca Rabatowa Leonardo Da Vinci\u00ae Ciemno-r\u00f3\u017cowa r\u00f3\u017ca rabatowa o przyjemnym zapachu. Jej kwiaty s\u0105 przeci\u0119tnej wielko\u015bci, ale za to bardzo pe\u0142ne\" \/>\n<meta property=\"og:url\" content=\"https:\/\/roza-sobieszek.pl\/sklep\/produkt\/roza-leonardo-da-vinci\/\" \/>\n<meta property=\"og:site_name\" content=\"R\u00f3\u017ce ogrodowe - Sklep Sobieszek producent\" \/>\n<meta property=\"article:publisher\" content=\"https:\/\/www.facebook.com\/profile.php?id=100063681485170\" \/>\n<meta property=\"article:modified_time\" content=\"2026-03-23T17:10:20+00:00\" \/>\n<meta property=\"og:image\" content=\"https:\/\/roza-sobieszek.pl\/sklep\/wp-content\/uploads\/2016\/09\/leonardo-da-vinci.jpg\" \/>\n\t<meta property=\"og:image:width\" content=\"572\" \/>\n\t<meta property=\"og:image:height\" content=\"544\" \/>\n\t<meta property=\"og:image:type\" content=\"image\/jpeg\" \/>\n<meta name=\"twitter:card\" content=\"summary_large_image\" \/>\n<meta name=\"twitter:label1\" content=\"Szacowany czas czytania\" \/>\n\t<meta name=\"twitter:data1\" content=\"2 minuty\" \/>\n<script type=\"application\/ld+json\" class=\"yoast-schema-graph\">{\"@context\":\"https:\/\/schema.org\",\"@graph\":[{\"@type\":\"WebPage\",\"@id\":\"https:\/\/roza-sobieszek.pl\/sklep\/produkt\/roza-leonardo-da-vinci\/\",\"url\":\"https:\/\/roza-sobieszek.pl\/sklep\/produkt\/roza-leonardo-da-vinci\/\",\"name\":\"R\u00f3\u017ca Rabatowa Leonardo Da Vinci\u00ae - R\u00f3\u017ce ogrodowe - Sklep Sobieszek producent\",\"isPartOf\":{\"@id\":\"https:\/\/roza-sobieszek.pl\/sklep\/#website\"},\"primaryImageOfPage\":{\"@id\":\"https:\/\/roza-sobieszek.pl\/sklep\/produkt\/roza-leonardo-da-vinci\/#primaryimage\"},\"image\":{\"@id\":\"https:\/\/roza-sobieszek.pl\/sklep\/produkt\/roza-leonardo-da-vinci\/#primaryimage\"},\"thumbnailUrl\":\"https:\/\/roza-sobieszek.pl\/sklep\/wp-content\/uploads\/2016\/09\/leonardo-da-vinci.jpg\",\"datePublished\":\"2016-09-15T10:15:06+00:00\",\"dateModified\":\"2026-03-23T17:10:20+00:00\",\"description\":\"R\u00f3\u017ca Rabatowa Leonardo Da Vinci\u00ae Ciemno-r\u00f3\u017cowa r\u00f3\u017ca rabatowa o przyjemnym zapachu. Jej kwiaty s\u0105 przeci\u0119tnej wielko\u015bci, ale za to bardzo pe\u0142ne\",\"breadcrumb\":{\"@id\":\"https:\/\/roza-sobieszek.pl\/sklep\/produkt\/roza-leonardo-da-vinci\/#breadcrumb\"},\"inLanguage\":\"pl-PL\",\"potentialAction\":[{\"@type\":\"ReadAction\",\"target\":[\"https:\/\/roza-sobieszek.pl\/sklep\/produkt\/roza-leonardo-da-vinci\/\"]}]},{\"@type\":\"ImageObject\",\"inLanguage\":\"pl-PL\",\"@id\":\"https:\/\/roza-sobieszek.pl\/sklep\/produkt\/roza-leonardo-da-vinci\/#primaryimage\",\"url\":\"https:\/\/roza-sobieszek.pl\/sklep\/wp-content\/uploads\/2016\/09\/leonardo-da-vinci.jpg\",\"contentUrl\":\"https:\/\/roza-sobieszek.pl\/sklep\/wp-content\/uploads\/2016\/09\/leonardo-da-vinci.jpg\",\"width\":572,\"height\":544},{\"@type\":\"BreadcrumbList\",\"@id\":\"https:\/\/roza-sobieszek.pl\/sklep\/produkt\/roza-leonardo-da-vinci\/#breadcrumb\",\"itemListElement\":[{\"@type\":\"ListItem\",\"position\":1,\"name\":\"Strona g\u0142\u00f3wna\",\"item\":\"https:\/\/roza-sobieszek.pl\/sklep\/\"},{\"@type\":\"ListItem\",\"position\":2,\"name\":\"Shop\",\"item\":\"https:\/\/roza-sobieszek.pl\/sklep\/shop\/\"},{\"@type\":\"ListItem\",\"position\":3,\"name\":\"R\u00f3\u017ca Rabatowa Leonardo Da Vinci\u00ae\"}]},{\"@type\":\"WebSite\",\"@id\":\"https:\/\/roza-sobieszek.pl\/sklep\/#website\",\"url\":\"https:\/\/roza-sobieszek.pl\/sklep\/\",\"name\":\"R\u00f3\u017ce ogrodowe - Sklep Sobieszek producent\",\"description\":\"\",\"publisher\":{\"@id\":\"https:\/\/roza-sobieszek.pl\/sklep\/#organization\"},\"potentialAction\":[{\"@type\":\"SearchAction\",\"target\":{\"@type\":\"EntryPoint\",\"urlTemplate\":\"https:\/\/roza-sobieszek.pl\/sklep\/?s={search_term_string}\"},\"query-input\":{\"@type\":\"PropertyValueSpecification\",\"valueRequired\":true,\"valueName\":\"search_term_string\"}}],\"inLanguage\":\"pl-PL\"},{\"@type\":\"Organization\",\"@id\":\"https:\/\/roza-sobieszek.pl\/sklep\/#organization\",\"name\":\"R\u00f3\u017ce ogrodowe - Sklep Sobieszek producent\",\"url\":\"https:\/\/roza-sobieszek.pl\/sklep\/\",\"logo\":{\"@type\":\"ImageObject\",\"inLanguage\":\"pl-PL\",\"@id\":\"https:\/\/roza-sobieszek.pl\/sklep\/#\/schema\/logo\/image\/\",\"url\":\"https:\/\/roza-sobieszek.pl\/sklep\/wp-content\/uploads\/2016\/08\/IMG_0358-1.jpg\",\"contentUrl\":\"https:\/\/roza-sobieszek.pl\/sklep\/wp-content\/uploads\/2016\/08\/IMG_0358-1.jpg\",\"width\":2048,\"height\":1365,\"caption\":\"R\u00f3\u017ce ogrodowe - Sklep Sobieszek producent\"},\"image\":{\"@id\":\"https:\/\/roza-sobieszek.pl\/sklep\/#\/schema\/logo\/image\/\"},\"sameAs\":[\"https:\/\/www.facebook.com\/profile.php?id=100063681485170\"]}]}<\/script>\n<!-- \/ Yoast SEO plugin. -->","yoast_head_json":{"title":"R\u00f3\u017ca Rabatowa Leonardo Da Vinci\u00ae - R\u00f3\u017ce ogrodowe - Sklep Sobieszek producent","description":"R\u00f3\u017ca Rabatowa Leonardo Da Vinci\u00ae Ciemno-r\u00f3\u017cowa r\u00f3\u017ca rabatowa o przyjemnym zapachu. Jej kwiaty s\u0105 przeci\u0119tnej wielko\u015bci, ale za to bardzo pe\u0142ne","robots":{"index":"index","follow":"follow","max-snippet":"max-snippet:-1","max-image-preview":"max-image-preview:large","max-video-preview":"max-video-preview:-1"},"canonical":"https:\/\/roza-sobieszek.pl\/sklep\/produkt\/roza-leonardo-da-vinci\/","og_locale":"pl_PL","og_type":"article","og_title":"R\u00f3\u017ca Rabatowa Leonardo Da Vinci\u00ae - R\u00f3\u017ce ogrodowe - Sklep Sobieszek producent","og_description":"R\u00f3\u017ca Rabatowa Leonardo Da Vinci\u00ae Ciemno-r\u00f3\u017cowa r\u00f3\u017ca rabatowa o przyjemnym zapachu. Jej kwiaty s\u0105 przeci\u0119tnej wielko\u015bci, ale za to bardzo pe\u0142ne","og_url":"https:\/\/roza-sobieszek.pl\/sklep\/produkt\/roza-leonardo-da-vinci\/","og_site_name":"R\u00f3\u017ce ogrodowe - Sklep Sobieszek producent","article_publisher":"https:\/\/www.facebook.com\/profile.php?id=100063681485170","article_modified_time":"2026-03-23T17:10:20+00:00","og_image":[{"width":572,"height":544,"url":"https:\/\/roza-sobieszek.pl\/sklep\/wp-content\/uploads\/2016\/09\/leonardo-da-vinci.jpg","type":"image\/jpeg"}],"twitter_card":"summary_large_image","twitter_misc":{"Szacowany czas czytania":"2 minuty"},"schema":{"@context":"https:\/\/schema.org","@graph":[{"@type":"WebPage","@id":"https:\/\/roza-sobieszek.pl\/sklep\/produkt\/roza-leonardo-da-vinci\/","url":"https:\/\/roza-sobieszek.pl\/sklep\/produkt\/roza-leonardo-da-vinci\/","name":"R\u00f3\u017ca Rabatowa Leonardo Da Vinci\u00ae - R\u00f3\u017ce ogrodowe - Sklep Sobieszek producent","isPartOf":{"@id":"https:\/\/roza-sobieszek.pl\/sklep\/#website"},"primaryImageOfPage":{"@id":"https:\/\/roza-sobieszek.pl\/sklep\/produkt\/roza-leonardo-da-vinci\/#primaryimage"},"image":{"@id":"https:\/\/roza-sobieszek.pl\/sklep\/produkt\/roza-leonardo-da-vinci\/#primaryimage"},"thumbnailUrl":"https:\/\/roza-sobieszek.pl\/sklep\/wp-content\/uploads\/2016\/09\/leonardo-da-vinci.jpg","datePublished":"2016-09-15T10:15:06+00:00","dateModified":"2026-03-23T17:10:20+00:00","description":"R\u00f3\u017ca Rabatowa Leonardo Da Vinci\u00ae Ciemno-r\u00f3\u017cowa r\u00f3\u017ca rabatowa o przyjemnym zapachu. Jej kwiaty s\u0105 przeci\u0119tnej wielko\u015bci, ale za to bardzo pe\u0142ne","breadcrumb":{"@id":"https:\/\/roza-sobieszek.pl\/sklep\/produkt\/roza-leonardo-da-vinci\/#breadcrumb"},"inLanguage":"pl-PL","potentialAction":[{"@type":"ReadAction","target":["https:\/\/roza-sobieszek.pl\/sklep\/produkt\/roza-leonardo-da-vinci\/"]}]},{"@type":"ImageObject","inLanguage":"pl-PL","@id":"https:\/\/roza-sobieszek.pl\/sklep\/produkt\/roza-leonardo-da-vinci\/#primaryimage","url":"https:\/\/roza-sobieszek.pl\/sklep\/wp-content\/uploads\/2016\/09\/leonardo-da-vinci.jpg","contentUrl":"https:\/\/roza-sobieszek.pl\/sklep\/wp-content\/uploads\/2016\/09\/leonardo-da-vinci.jpg","width":572,"height":544},{"@type":"BreadcrumbList","@id":"https:\/\/roza-sobieszek.pl\/sklep\/produkt\/roza-leonardo-da-vinci\/#breadcrumb","itemListElement":[{"@type":"ListItem","position":1,"name":"Strona g\u0142\u00f3wna","item":"https:\/\/roza-sobieszek.pl\/sklep\/"},{"@type":"ListItem","position":2,"name":"Shop","item":"https:\/\/roza-sobieszek.pl\/sklep\/shop\/"},{"@type":"ListItem","position":3,"name":"R\u00f3\u017ca Rabatowa Leonardo Da Vinci\u00ae"}]},{"@type":"WebSite","@id":"https:\/\/roza-sobieszek.pl\/sklep\/#website","url":"https:\/\/roza-sobieszek.pl\/sklep\/","name":"R\u00f3\u017ce ogrodowe - Sklep Sobieszek producent","description":"","publisher":{"@id":"https:\/\/roza-sobieszek.pl\/sklep\/#organization"},"potentialAction":[{"@type":"SearchAction","target":{"@type":"EntryPoint","urlTemplate":"https:\/\/roza-sobieszek.pl\/sklep\/?s={search_term_string}"},"query-input":{"@type":"PropertyValueSpecification","valueRequired":true,"valueName":"search_term_string"}}],"inLanguage":"pl-PL"},{"@type":"Organization","@id":"https:\/\/roza-sobieszek.pl\/sklep\/#organization","name":"R\u00f3\u017ce ogrodowe - Sklep Sobieszek producent","url":"https:\/\/roza-sobieszek.pl\/sklep\/","logo":{"@type":"ImageObject","inLanguage":"pl-PL","@id":"https:\/\/roza-sobieszek.pl\/sklep\/#\/schema\/logo\/image\/","url":"https:\/\/roza-sobieszek.pl\/sklep\/wp-content\/uploads\/2016\/08\/IMG_0358-1.jpg","contentUrl":"https:\/\/roza-sobieszek.pl\/sklep\/wp-content\/uploads\/2016\/08\/IMG_0358-1.jpg","width":2048,"height":1365,"caption":"R\u00f3\u017ce ogrodowe - Sklep Sobieszek producent"},"image":{"@id":"https:\/\/roza-sobieszek.pl\/sklep\/#\/schema\/logo\/image\/"},"sameAs":["https:\/\/www.facebook.com\/profile.php?id=100063681485170"]}]}},"_links":{"self":[{"href":"https:\/\/roza-sobieszek.pl\/sklep\/wp-json\/wp\/v2\/product\/5014"}],"collection":[{"href":"https:\/\/roza-sobieszek.pl\/sklep\/wp-json\/wp\/v2\/product"}],"about":[{"href":"https:\/\/roza-sobieszek.pl\/sklep\/wp-json\/wp\/v2\/types\/product"}],"replies":[{"embeddable":true,"href":"https:\/\/roza-sobieszek.pl\/sklep\/wp-json\/wp\/v2\/comments?post=5014"}],"wp:featuredmedia":[{"embeddable":true,"href":"https:\/\/roza-sobieszek.pl\/sklep\/wp-json\/wp\/v2\/media\/22228"}],"wp:attachment":[{"href":"https:\/\/roza-sobieszek.pl\/sklep\/wp-json\/wp\/v2\/media?parent=5014"}],"wp:term":[{"taxonomy":"product_brand","embeddable":true,"href":"https:\/\/roza-sobieszek.pl\/sklep\/wp-json\/wp\/v2\/product_brand?post=5014"},{"taxonomy":"product_cat","embeddable":true,"href":"https:\/\/roza-sobieszek.pl\/sklep\/wp-json\/wp\/v2\/product_cat?post=5014"},{"taxonomy":"product_tag","embeddable":true,"href":"https:\/\/roza-sobieszek.pl\/sklep\/wp-json\/wp\/v2\/product_tag?post=5014"}],"curies":[{"name":"wp","href":"https:\/\/api.w.org\/{rel}","templated":true}]}}