{"id":5569,"date":"2017-11-08T15:55:13","date_gmt":"2017-11-08T15:55:13","guid":{"rendered":"http:\/\/roza-sobieszek.pl\/sklep\/produkt\/roza-alabaster\/"},"modified":"2025-10-22T07:06:24","modified_gmt":"2025-10-22T07:06:24","slug":"roza-alabaster","status":"publish","type":"product","link":"https:\/\/roza-sobieszek.pl\/sklep\/produkt\/roza-alabaster\/","title":{"rendered":"R\u00f3\u017ca Rabatowa Hansestadt Rostock\u00ae"},"content":{"rendered":"<h1>\u00a0R\u00f3\u017ca\u00a0Hansestadt Rostock\u00ae<\/h1>\n<p>Rabatowa ods\u0142ona r\u00f3\u017cy o p\u00f3\u0142pe\u0142nych, \u017c\u00f3\u0142to-bursztynowych kwiatach cechuj\u0105cych si\u0119 delikatnym zapachem. Niew\u0105tpliwie kolor kwiat\u00f3w podkre\u015blaj\u0105 ciemnozielone, b\u0142yszcz\u0105ce, g\u0119sto rosn\u0105ce i zdrowo wygl\u0105daj\u0105ce li\u015bcie. Idealna dla os\u00f3b lubi\u0105cych cieszy\u0107 oko \u015bwietnie wygl\u0105daj\u0105cymi rabatami, ale nie maj\u0105cymi zbyt du\u017co czasu na ich d\u0142ug\u0105 piel\u0119gnacje. Dodatkowo cechuje j\u0105 du\u017ca odporno\u015b\u0107 na choroby oraz niskie temperatury. W 2028 roku zdoby\u0142a Srebrn\u0105 r\u00f3\u017ca na Og\u00f3lnopolskiej Wystawie R\u00f3\u017c w Kutnie.<\/p>\n<p><span style=\"border-radius: 2px; text-indent: 20px; width: auto; padding: 0px 4px 0px 0px; text-align: center; font: bold 11px\/20px 'Helvetica Neue',Helvetica,sans-serif; color: #ffffff; background: #bd081c no-repeat scroll 3px 50% \/ 14px 14px; position: absolute; opacity: 1; z-index: 8675309; display: none; cursor: pointer;\">Zapisz<\/span><\/p>\n","protected":false},"excerpt":{"rendered":"<p>Bursztynowa R\u00f3\u017ca Hansestadt Rostock\u00ae<\/p>\n<ul>\n<li>Nazwa: R\u00f3\u017ca Hansestadt Rostock\u00ae<\/li>\n<li>Kolor: \u017c\u00f3\u0142to-bursztynowy<\/li>\n<li>Wzrost: 60-80cm<\/li>\n<li>Wielko\u015b\u0107 kwiatu: p\u00f3\u0142pe\u0142ne, ok. 9cm<\/li>\n<li>Zapach: umiarkowany<\/li>\n<li>Odporno\u015b\u0107 na choroby: bardzo dobra<\/li>\n<li>Stanowisko: s\u0142oneczne<\/li>\n<li>Okres kwitnienia: VI \u2013 X<\/li>\n<li>Powtarza kwitnienie: tak<\/li>\n<li>Typ: rabatowa<\/li>\n<li>Mrozoodporno\u015b\u0107: bardzo dobra<\/li>\n<\/ul>\n","protected":false},"featured_media":14062,"comment_status":"open","ping_status":"closed","template":"","meta":[],"product_brand":[278],"product_cat":[264,158,200,199,155],"product_tag":[207,206],"yoast_head":"<!-- This site is optimized with the Yoast SEO plugin v23.5 - https:\/\/yoast.com\/wordpress\/plugins\/seo\/ -->\n<title>R\u00f3\u017ca Rabatowa Hansestadt Rostock\u00ae - R\u00f3\u017ce ogrodowe - Sklep Sobieszek producent<\/title>\n<meta name=\"description\" content=\"R\u00f3\u017ca Rabatowa Hansestadt Rostock\u00ae \u017b\u00f3\u0142to bursztynowy kolor kwiat\u00f3w p\u00f3\u0142pe\u0142nych ,podkre\u015blaj\u0105 ciemnozielone, b\u0142yszcz\u0105ce, g\u0119sto rosn\u0105ce i zdrowo wygl\u0105daj\u0105ce li\u015b\" \/>\n<meta name=\"robots\" content=\"index, follow, max-snippet:-1, max-image-preview:large, max-video-preview:-1\" \/>\n<link rel=\"canonical\" href=\"https:\/\/roza-sobieszek.pl\/sklep\/produkt\/roza-alabaster\/\" \/>\n<meta property=\"og:locale\" content=\"pl_PL\" \/>\n<meta property=\"og:type\" content=\"article\" \/>\n<meta property=\"og:title\" content=\"R\u00f3\u017ca Rabatowa Hansestadt Rostock\u00ae - R\u00f3\u017ce ogrodowe - Sklep Sobieszek producent\" \/>\n<meta property=\"og:description\" content=\"R\u00f3\u017ca Rabatowa Hansestadt Rostock\u00ae \u017b\u00f3\u0142to bursztynowy kolor kwiat\u00f3w p\u00f3\u0142pe\u0142nych ,podkre\u015blaj\u0105 ciemnozielone, b\u0142yszcz\u0105ce, g\u0119sto rosn\u0105ce i zdrowo wygl\u0105daj\u0105ce li\u015b\" \/>\n<meta property=\"og:url\" content=\"https:\/\/roza-sobieszek.pl\/sklep\/produkt\/roza-alabaster\/\" \/>\n<meta property=\"og:site_name\" content=\"R\u00f3\u017ce ogrodowe - Sklep Sobieszek producent\" \/>\n<meta property=\"article:publisher\" content=\"https:\/\/www.facebook.com\/profile.php?id=100063681485170\" \/>\n<meta property=\"article:modified_time\" content=\"2025-10-22T07:06:24+00:00\" \/>\n<meta property=\"og:image\" content=\"https:\/\/roza-sobieszek.pl\/sklep\/wp-content\/uploads\/2017\/11\/DD11F4A2-36D4-4FAA-9A36-6DFFA1E128B1.jpeg\" \/>\n\t<meta property=\"og:image:width\" content=\"1134\" \/>\n\t<meta property=\"og:image:height\" content=\"872\" \/>\n\t<meta property=\"og:image:type\" content=\"image\/jpeg\" \/>\n<meta name=\"twitter:card\" content=\"summary_large_image\" \/>\n<meta name=\"twitter:label1\" content=\"Szacowany czas czytania\" \/>\n\t<meta name=\"twitter:data1\" content=\"1 minuta\" \/>\n<script type=\"application\/ld+json\" class=\"yoast-schema-graph\">{\"@context\":\"https:\/\/schema.org\",\"@graph\":[{\"@type\":\"WebPage\",\"@id\":\"https:\/\/roza-sobieszek.pl\/sklep\/produkt\/roza-alabaster\/\",\"url\":\"https:\/\/roza-sobieszek.pl\/sklep\/produkt\/roza-alabaster\/\",\"name\":\"R\u00f3\u017ca Rabatowa Hansestadt Rostock\u00ae - R\u00f3\u017ce ogrodowe - Sklep Sobieszek producent\",\"isPartOf\":{\"@id\":\"https:\/\/roza-sobieszek.pl\/sklep\/#website\"},\"primaryImageOfPage\":{\"@id\":\"https:\/\/roza-sobieszek.pl\/sklep\/produkt\/roza-alabaster\/#primaryimage\"},\"image\":{\"@id\":\"https:\/\/roza-sobieszek.pl\/sklep\/produkt\/roza-alabaster\/#primaryimage\"},\"thumbnailUrl\":\"https:\/\/roza-sobieszek.pl\/sklep\/wp-content\/uploads\/2017\/11\/DD11F4A2-36D4-4FAA-9A36-6DFFA1E128B1.jpeg\",\"datePublished\":\"2017-11-08T15:55:13+00:00\",\"dateModified\":\"2025-10-22T07:06:24+00:00\",\"description\":\"R\u00f3\u017ca Rabatowa Hansestadt Rostock\u00ae \u017b\u00f3\u0142to bursztynowy kolor kwiat\u00f3w p\u00f3\u0142pe\u0142nych ,podkre\u015blaj\u0105 ciemnozielone, b\u0142yszcz\u0105ce, g\u0119sto rosn\u0105ce i zdrowo wygl\u0105daj\u0105ce li\u015b\",\"breadcrumb\":{\"@id\":\"https:\/\/roza-sobieszek.pl\/sklep\/produkt\/roza-alabaster\/#breadcrumb\"},\"inLanguage\":\"pl-PL\",\"potentialAction\":[{\"@type\":\"ReadAction\",\"target\":[\"https:\/\/roza-sobieszek.pl\/sklep\/produkt\/roza-alabaster\/\"]}]},{\"@type\":\"ImageObject\",\"inLanguage\":\"pl-PL\",\"@id\":\"https:\/\/roza-sobieszek.pl\/sklep\/produkt\/roza-alabaster\/#primaryimage\",\"url\":\"https:\/\/roza-sobieszek.pl\/sklep\/wp-content\/uploads\/2017\/11\/DD11F4A2-36D4-4FAA-9A36-6DFFA1E128B1.jpeg\",\"contentUrl\":\"https:\/\/roza-sobieszek.pl\/sklep\/wp-content\/uploads\/2017\/11\/DD11F4A2-36D4-4FAA-9A36-6DFFA1E128B1.jpeg\",\"width\":1134,\"height\":872},{\"@type\":\"BreadcrumbList\",\"@id\":\"https:\/\/roza-sobieszek.pl\/sklep\/produkt\/roza-alabaster\/#breadcrumb\",\"itemListElement\":[{\"@type\":\"ListItem\",\"position\":1,\"name\":\"Strona g\u0142\u00f3wna\",\"item\":\"https:\/\/roza-sobieszek.pl\/sklep\/\"},{\"@type\":\"ListItem\",\"position\":2,\"name\":\"Shop\",\"item\":\"https:\/\/roza-sobieszek.pl\/sklep\/shop\/\"},{\"@type\":\"ListItem\",\"position\":3,\"name\":\"R\u00f3\u017ca Rabatowa Hansestadt Rostock\u00ae\"}]},{\"@type\":\"WebSite\",\"@id\":\"https:\/\/roza-sobieszek.pl\/sklep\/#website\",\"url\":\"https:\/\/roza-sobieszek.pl\/sklep\/\",\"name\":\"R\u00f3\u017ce ogrodowe - Sklep Sobieszek producent\",\"description\":\"\",\"publisher\":{\"@id\":\"https:\/\/roza-sobieszek.pl\/sklep\/#organization\"},\"potentialAction\":[{\"@type\":\"SearchAction\",\"target\":{\"@type\":\"EntryPoint\",\"urlTemplate\":\"https:\/\/roza-sobieszek.pl\/sklep\/?s={search_term_string}\"},\"query-input\":{\"@type\":\"PropertyValueSpecification\",\"valueRequired\":true,\"valueName\":\"search_term_string\"}}],\"inLanguage\":\"pl-PL\"},{\"@type\":\"Organization\",\"@id\":\"https:\/\/roza-sobieszek.pl\/sklep\/#organization\",\"name\":\"R\u00f3\u017ce ogrodowe - Sklep Sobieszek producent\",\"url\":\"https:\/\/roza-sobieszek.pl\/sklep\/\",\"logo\":{\"@type\":\"ImageObject\",\"inLanguage\":\"pl-PL\",\"@id\":\"https:\/\/roza-sobieszek.pl\/sklep\/#\/schema\/logo\/image\/\",\"url\":\"https:\/\/roza-sobieszek.pl\/sklep\/wp-content\/uploads\/2016\/08\/IMG_0358-1.jpg\",\"contentUrl\":\"https:\/\/roza-sobieszek.pl\/sklep\/wp-content\/uploads\/2016\/08\/IMG_0358-1.jpg\",\"width\":2048,\"height\":1365,\"caption\":\"R\u00f3\u017ce ogrodowe - Sklep Sobieszek producent\"},\"image\":{\"@id\":\"https:\/\/roza-sobieszek.pl\/sklep\/#\/schema\/logo\/image\/\"},\"sameAs\":[\"https:\/\/www.facebook.com\/profile.php?id=100063681485170\"]}]}<\/script>\n<!-- \/ Yoast SEO plugin. -->","yoast_head_json":{"title":"R\u00f3\u017ca Rabatowa Hansestadt Rostock\u00ae - R\u00f3\u017ce ogrodowe - Sklep Sobieszek producent","description":"R\u00f3\u017ca Rabatowa Hansestadt Rostock\u00ae \u017b\u00f3\u0142to bursztynowy kolor kwiat\u00f3w p\u00f3\u0142pe\u0142nych ,podkre\u015blaj\u0105 ciemnozielone, b\u0142yszcz\u0105ce, g\u0119sto rosn\u0105ce i zdrowo wygl\u0105daj\u0105ce li\u015b","robots":{"index":"index","follow":"follow","max-snippet":"max-snippet:-1","max-image-preview":"max-image-preview:large","max-video-preview":"max-video-preview:-1"},"canonical":"https:\/\/roza-sobieszek.pl\/sklep\/produkt\/roza-alabaster\/","og_locale":"pl_PL","og_type":"article","og_title":"R\u00f3\u017ca Rabatowa Hansestadt Rostock\u00ae - R\u00f3\u017ce ogrodowe - Sklep Sobieszek producent","og_description":"R\u00f3\u017ca Rabatowa Hansestadt Rostock\u00ae \u017b\u00f3\u0142to bursztynowy kolor kwiat\u00f3w p\u00f3\u0142pe\u0142nych ,podkre\u015blaj\u0105 ciemnozielone, b\u0142yszcz\u0105ce, g\u0119sto rosn\u0105ce i zdrowo wygl\u0105daj\u0105ce li\u015b","og_url":"https:\/\/roza-sobieszek.pl\/sklep\/produkt\/roza-alabaster\/","og_site_name":"R\u00f3\u017ce ogrodowe - Sklep Sobieszek producent","article_publisher":"https:\/\/www.facebook.com\/profile.php?id=100063681485170","article_modified_time":"2025-10-22T07:06:24+00:00","og_image":[{"width":1134,"height":872,"url":"https:\/\/roza-sobieszek.pl\/sklep\/wp-content\/uploads\/2017\/11\/DD11F4A2-36D4-4FAA-9A36-6DFFA1E128B1.jpeg","type":"image\/jpeg"}],"twitter_card":"summary_large_image","twitter_misc":{"Szacowany czas czytania":"1 minuta"},"schema":{"@context":"https:\/\/schema.org","@graph":[{"@type":"WebPage","@id":"https:\/\/roza-sobieszek.pl\/sklep\/produkt\/roza-alabaster\/","url":"https:\/\/roza-sobieszek.pl\/sklep\/produkt\/roza-alabaster\/","name":"R\u00f3\u017ca Rabatowa Hansestadt Rostock\u00ae - R\u00f3\u017ce ogrodowe - Sklep Sobieszek producent","isPartOf":{"@id":"https:\/\/roza-sobieszek.pl\/sklep\/#website"},"primaryImageOfPage":{"@id":"https:\/\/roza-sobieszek.pl\/sklep\/produkt\/roza-alabaster\/#primaryimage"},"image":{"@id":"https:\/\/roza-sobieszek.pl\/sklep\/produkt\/roza-alabaster\/#primaryimage"},"thumbnailUrl":"https:\/\/roza-sobieszek.pl\/sklep\/wp-content\/uploads\/2017\/11\/DD11F4A2-36D4-4FAA-9A36-6DFFA1E128B1.jpeg","datePublished":"2017-11-08T15:55:13+00:00","dateModified":"2025-10-22T07:06:24+00:00","description":"R\u00f3\u017ca Rabatowa Hansestadt Rostock\u00ae \u017b\u00f3\u0142to bursztynowy kolor kwiat\u00f3w p\u00f3\u0142pe\u0142nych ,podkre\u015blaj\u0105 ciemnozielone, b\u0142yszcz\u0105ce, g\u0119sto rosn\u0105ce i zdrowo wygl\u0105daj\u0105ce li\u015b","breadcrumb":{"@id":"https:\/\/roza-sobieszek.pl\/sklep\/produkt\/roza-alabaster\/#breadcrumb"},"inLanguage":"pl-PL","potentialAction":[{"@type":"ReadAction","target":["https:\/\/roza-sobieszek.pl\/sklep\/produkt\/roza-alabaster\/"]}]},{"@type":"ImageObject","inLanguage":"pl-PL","@id":"https:\/\/roza-sobieszek.pl\/sklep\/produkt\/roza-alabaster\/#primaryimage","url":"https:\/\/roza-sobieszek.pl\/sklep\/wp-content\/uploads\/2017\/11\/DD11F4A2-36D4-4FAA-9A36-6DFFA1E128B1.jpeg","contentUrl":"https:\/\/roza-sobieszek.pl\/sklep\/wp-content\/uploads\/2017\/11\/DD11F4A2-36D4-4FAA-9A36-6DFFA1E128B1.jpeg","width":1134,"height":872},{"@type":"BreadcrumbList","@id":"https:\/\/roza-sobieszek.pl\/sklep\/produkt\/roza-alabaster\/#breadcrumb","itemListElement":[{"@type":"ListItem","position":1,"name":"Strona g\u0142\u00f3wna","item":"https:\/\/roza-sobieszek.pl\/sklep\/"},{"@type":"ListItem","position":2,"name":"Shop","item":"https:\/\/roza-sobieszek.pl\/sklep\/shop\/"},{"@type":"ListItem","position":3,"name":"R\u00f3\u017ca Rabatowa Hansestadt Rostock\u00ae"}]},{"@type":"WebSite","@id":"https:\/\/roza-sobieszek.pl\/sklep\/#website","url":"https:\/\/roza-sobieszek.pl\/sklep\/","name":"R\u00f3\u017ce ogrodowe - Sklep Sobieszek producent","description":"","publisher":{"@id":"https:\/\/roza-sobieszek.pl\/sklep\/#organization"},"potentialAction":[{"@type":"SearchAction","target":{"@type":"EntryPoint","urlTemplate":"https:\/\/roza-sobieszek.pl\/sklep\/?s={search_term_string}"},"query-input":{"@type":"PropertyValueSpecification","valueRequired":true,"valueName":"search_term_string"}}],"inLanguage":"pl-PL"},{"@type":"Organization","@id":"https:\/\/roza-sobieszek.pl\/sklep\/#organization","name":"R\u00f3\u017ce ogrodowe - Sklep Sobieszek producent","url":"https:\/\/roza-sobieszek.pl\/sklep\/","logo":{"@type":"ImageObject","inLanguage":"pl-PL","@id":"https:\/\/roza-sobieszek.pl\/sklep\/#\/schema\/logo\/image\/","url":"https:\/\/roza-sobieszek.pl\/sklep\/wp-content\/uploads\/2016\/08\/IMG_0358-1.jpg","contentUrl":"https:\/\/roza-sobieszek.pl\/sklep\/wp-content\/uploads\/2016\/08\/IMG_0358-1.jpg","width":2048,"height":1365,"caption":"R\u00f3\u017ce ogrodowe - Sklep Sobieszek producent"},"image":{"@id":"https:\/\/roza-sobieszek.pl\/sklep\/#\/schema\/logo\/image\/"},"sameAs":["https:\/\/www.facebook.com\/profile.php?id=100063681485170"]}]}},"_links":{"self":[{"href":"https:\/\/roza-sobieszek.pl\/sklep\/wp-json\/wp\/v2\/product\/5569"}],"collection":[{"href":"https:\/\/roza-sobieszek.pl\/sklep\/wp-json\/wp\/v2\/product"}],"about":[{"href":"https:\/\/roza-sobieszek.pl\/sklep\/wp-json\/wp\/v2\/types\/product"}],"replies":[{"embeddable":true,"href":"https:\/\/roza-sobieszek.pl\/sklep\/wp-json\/wp\/v2\/comments?post=5569"}],"wp:featuredmedia":[{"embeddable":true,"href":"https:\/\/roza-sobieszek.pl\/sklep\/wp-json\/wp\/v2\/media\/14062"}],"wp:attachment":[{"href":"https:\/\/roza-sobieszek.pl\/sklep\/wp-json\/wp\/v2\/media?parent=5569"}],"wp:term":[{"taxonomy":"product_brand","embeddable":true,"href":"https:\/\/roza-sobieszek.pl\/sklep\/wp-json\/wp\/v2\/product_brand?post=5569"},{"taxonomy":"product_cat","embeddable":true,"href":"https:\/\/roza-sobieszek.pl\/sklep\/wp-json\/wp\/v2\/product_cat?post=5569"},{"taxonomy":"product_tag","embeddable":true,"href":"https:\/\/roza-sobieszek.pl\/sklep\/wp-json\/wp\/v2\/product_tag?post=5569"}],"curies":[{"name":"wp","href":"https:\/\/api.w.org\/{rel}","templated":true}]}}