{"id":6410,"date":"2019-07-24T12:50:28","date_gmt":"2019-07-24T12:50:28","guid":{"rendered":"http:\/\/roza-sobieszek.pl\/sklep\/?post_type=product&#038;p=6410"},"modified":"2025-10-22T07:06:24","modified_gmt":"2025-10-22T07:06:24","slug":"roza-astrid-grafin-von-hardenberg","status":"publish","type":"product","link":"https:\/\/roza-sobieszek.pl\/sklep\/produkt\/roza-astrid-grafin-von-hardenberg\/","title":{"rendered":"R\u00f3\u017ca Wielkokwiatowa Astrid Gr\u00e4fin von Hardenberg\u00ae"},"content":{"rendered":"<h2>R\u00f3\u017ca Astrid Gr\u00e4fin von Hardenberg\u00ae<\/h2>\n<p>Wielkokwiatowa odmiana r\u00f3\u017cy, kt\u00f3ra mo\u017ce szczyci\u0107 si\u0119 pi\u0119knymi, nostalgicznymi kwiatami. Kusi ona swoj\u0105 niezwyk\u0142\u0105 gr\u0105 kolor\u00f3w pojawiaj\u0105c\u0105 si\u0119 na pe\u0142nych, du\u017cych kwiatach. Ot\u00f3\u017c przyjmuje barw\u0119 od czarnej po czerwie\u0144 i purpur\u0119 dzi\u0119ki czemu kwiaty te zapadaj\u0105 w pami\u0119\u0107 na bardzo d\u0142ugo. Je\u017celi dodamy do tego bardzo intensywny, przyjemny zapach mo\u017cemy by\u0107 pewni, \u017ce nie zapomnimy o tej r\u00f3\u017cy ju\u017c nigdy. Kolejn\u0105 zalet\u0105 opr\u00f3cz tak wyj\u0105tkowego wygl\u0105du i zapachu jest r\u00f3wnie\u017c to, \u017ce posiada bardzo dobr\u0105 odporno\u015b\u0107 na choroby oraz trudne warunki atmosferyczne.<\/p>\n<h2><span style=\"border-radius: 2px; text-indent: 20px; width: auto; padding: 0px 4px 0px 0px; text-align: center; font: bold 11px\/20px 'Helvetica Neue',Helvetica,sans-serif; color: #ffffff; background: #bd081c no-repeat scroll 3px 50% \/ 14px 14px; position: absolute; opacity: 1; z-index: 8675309; display: none; cursor: pointer;\">Zapisz<\/span> <span style=\"border-radius: 2px; text-indent: 20px; width: auto; padding: 0px 4px 0px 0px; text-align: center; font: bold 11px\/20px 'Helvetica Neue',Helvetica,sans-serif; color: #ffffff; background: #bd081c no-repeat scroll 3px 50% \/ 14px 14px; position: absolute; opacity: 1; z-index: 8675309; display: none; cursor: pointer;\">Zapisz<\/span><\/h2>\n","protected":false},"excerpt":{"rendered":"<p>R\u00f3\u017ca Nostalgiczna Astrid Gr\u00e4fin von Hardenberg\u00ae<\/p>\n<ul>\n<li>Nazwa: R\u00f3\u017ca Astrid Gr\u00e4fin von Hardenberg\u00ae<\/li>\n<li>Kolor: ciemno czerwona, purpurowa<\/li>\n<li>Wzrost: 100-150 cm<\/li>\n<li>Wielko\u015b\u0107 kwiatu: pe\u0142ne, ok. 6-8 cm<\/li>\n<li>Zapach: bardzo intensywny<\/li>\n<li>Odporno\u015b\u0107 na choroby: bardzo dobra<\/li>\n<li>Stanowisko: s\u0142oneczne<\/li>\n<li>Okres kwitnienia: VI \u2013 IX<\/li>\n<li>Powtarza kwitnienie: tak<\/li>\n<li>Typ: wielkokwiatowa<\/li>\n<li>Mrozoodporno\u015b\u0107: dobra<\/li>\n<\/ul>\n","protected":false},"featured_media":6414,"comment_status":"open","ping_status":"closed","template":"","meta":[],"product_brand":[278],"product_cat":[269,158,159,200,199],"product_tag":[206,185],"yoast_head":"<!-- This site is optimized with the Yoast SEO plugin v23.5 - https:\/\/yoast.com\/wordpress\/plugins\/seo\/ -->\n<title>R\u00f3\u017ca Wielkokwiatowa Astrid Gr\u00e4fin von Hardenberg\u00ae - R\u00f3\u017ce ogrodowe - Sklep Sobieszek producent<\/title>\n<meta name=\"description\" content=\"R\u00f3\u017ca Wielkokwiatowa Astrid Gr\u00e4fin von Hardenberg\u00ae przyjmuje barw\u0119 od czarnej po czerwie\u0144 i purpur\u0119 dzi\u0119ki czemu kwiaty te zapadaj\u0105 w pami\u0119\u0107 na bardzo d\u0142ugo.\" \/>\n<meta name=\"robots\" content=\"index, follow, max-snippet:-1, max-image-preview:large, max-video-preview:-1\" \/>\n<link rel=\"canonical\" href=\"https:\/\/roza-sobieszek.pl\/sklep\/produkt\/roza-astrid-grafin-von-hardenberg\/\" \/>\n<meta property=\"og:locale\" content=\"pl_PL\" \/>\n<meta property=\"og:type\" content=\"article\" \/>\n<meta property=\"og:title\" content=\"R\u00f3\u017ca Wielkokwiatowa Astrid Gr\u00e4fin von Hardenberg\u00ae - R\u00f3\u017ce ogrodowe - Sklep Sobieszek producent\" \/>\n<meta property=\"og:description\" content=\"R\u00f3\u017ca Wielkokwiatowa Astrid Gr\u00e4fin von Hardenberg\u00ae przyjmuje barw\u0119 od czarnej po czerwie\u0144 i purpur\u0119 dzi\u0119ki czemu kwiaty te zapadaj\u0105 w pami\u0119\u0107 na bardzo d\u0142ugo.\" \/>\n<meta property=\"og:url\" content=\"https:\/\/roza-sobieszek.pl\/sklep\/produkt\/roza-astrid-grafin-von-hardenberg\/\" \/>\n<meta property=\"og:site_name\" content=\"R\u00f3\u017ce ogrodowe - Sklep Sobieszek producent\" \/>\n<meta property=\"article:publisher\" content=\"https:\/\/www.facebook.com\/profile.php?id=100063681485170\" \/>\n<meta property=\"article:modified_time\" content=\"2025-10-22T07:06:24+00:00\" \/>\n<meta property=\"og:image\" content=\"https:\/\/roza-sobieszek.pl\/sklep\/wp-content\/uploads\/2019\/07\/k-Graefin2009_1456x1456.jpg\" \/>\n\t<meta property=\"og:image:width\" content=\"800\" \/>\n\t<meta property=\"og:image:height\" content=\"800\" \/>\n\t<meta property=\"og:image:type\" content=\"image\/jpeg\" \/>\n<meta name=\"twitter:card\" content=\"summary_large_image\" \/>\n<meta name=\"twitter:label1\" content=\"Szacowany czas czytania\" \/>\n\t<meta name=\"twitter:data1\" content=\"1 minuta\" \/>\n<script type=\"application\/ld+json\" class=\"yoast-schema-graph\">{\"@context\":\"https:\/\/schema.org\",\"@graph\":[{\"@type\":\"WebPage\",\"@id\":\"https:\/\/roza-sobieszek.pl\/sklep\/produkt\/roza-astrid-grafin-von-hardenberg\/\",\"url\":\"https:\/\/roza-sobieszek.pl\/sklep\/produkt\/roza-astrid-grafin-von-hardenberg\/\",\"name\":\"R\u00f3\u017ca Wielkokwiatowa Astrid Gr\u00e4fin von Hardenberg\u00ae - R\u00f3\u017ce ogrodowe - Sklep Sobieszek producent\",\"isPartOf\":{\"@id\":\"https:\/\/roza-sobieszek.pl\/sklep\/#website\"},\"primaryImageOfPage\":{\"@id\":\"https:\/\/roza-sobieszek.pl\/sklep\/produkt\/roza-astrid-grafin-von-hardenberg\/#primaryimage\"},\"image\":{\"@id\":\"https:\/\/roza-sobieszek.pl\/sklep\/produkt\/roza-astrid-grafin-von-hardenberg\/#primaryimage\"},\"thumbnailUrl\":\"https:\/\/roza-sobieszek.pl\/sklep\/wp-content\/uploads\/2019\/07\/k-Graefin2009_1456x1456.jpg\",\"datePublished\":\"2019-07-24T12:50:28+00:00\",\"dateModified\":\"2025-10-22T07:06:24+00:00\",\"description\":\"R\u00f3\u017ca Wielkokwiatowa Astrid Gr\u00e4fin von Hardenberg\u00ae przyjmuje barw\u0119 od czarnej po czerwie\u0144 i purpur\u0119 dzi\u0119ki czemu kwiaty te zapadaj\u0105 w pami\u0119\u0107 na bardzo d\u0142ugo.\",\"breadcrumb\":{\"@id\":\"https:\/\/roza-sobieszek.pl\/sklep\/produkt\/roza-astrid-grafin-von-hardenberg\/#breadcrumb\"},\"inLanguage\":\"pl-PL\",\"potentialAction\":[{\"@type\":\"ReadAction\",\"target\":[\"https:\/\/roza-sobieszek.pl\/sklep\/produkt\/roza-astrid-grafin-von-hardenberg\/\"]}]},{\"@type\":\"ImageObject\",\"inLanguage\":\"pl-PL\",\"@id\":\"https:\/\/roza-sobieszek.pl\/sklep\/produkt\/roza-astrid-grafin-von-hardenberg\/#primaryimage\",\"url\":\"https:\/\/roza-sobieszek.pl\/sklep\/wp-content\/uploads\/2019\/07\/k-Graefin2009_1456x1456.jpg\",\"contentUrl\":\"https:\/\/roza-sobieszek.pl\/sklep\/wp-content\/uploads\/2019\/07\/k-Graefin2009_1456x1456.jpg\",\"width\":800,\"height\":800},{\"@type\":\"BreadcrumbList\",\"@id\":\"https:\/\/roza-sobieszek.pl\/sklep\/produkt\/roza-astrid-grafin-von-hardenberg\/#breadcrumb\",\"itemListElement\":[{\"@type\":\"ListItem\",\"position\":1,\"name\":\"Strona g\u0142\u00f3wna\",\"item\":\"https:\/\/roza-sobieszek.pl\/sklep\/\"},{\"@type\":\"ListItem\",\"position\":2,\"name\":\"Shop\",\"item\":\"https:\/\/roza-sobieszek.pl\/sklep\/shop\/\"},{\"@type\":\"ListItem\",\"position\":3,\"name\":\"R\u00f3\u017ca Wielkokwiatowa Astrid Gr\u00e4fin von Hardenberg\u00ae\"}]},{\"@type\":\"WebSite\",\"@id\":\"https:\/\/roza-sobieszek.pl\/sklep\/#website\",\"url\":\"https:\/\/roza-sobieszek.pl\/sklep\/\",\"name\":\"R\u00f3\u017ce ogrodowe - Sklep Sobieszek producent\",\"description\":\"\",\"publisher\":{\"@id\":\"https:\/\/roza-sobieszek.pl\/sklep\/#organization\"},\"potentialAction\":[{\"@type\":\"SearchAction\",\"target\":{\"@type\":\"EntryPoint\",\"urlTemplate\":\"https:\/\/roza-sobieszek.pl\/sklep\/?s={search_term_string}\"},\"query-input\":{\"@type\":\"PropertyValueSpecification\",\"valueRequired\":true,\"valueName\":\"search_term_string\"}}],\"inLanguage\":\"pl-PL\"},{\"@type\":\"Organization\",\"@id\":\"https:\/\/roza-sobieszek.pl\/sklep\/#organization\",\"name\":\"R\u00f3\u017ce ogrodowe - Sklep Sobieszek producent\",\"url\":\"https:\/\/roza-sobieszek.pl\/sklep\/\",\"logo\":{\"@type\":\"ImageObject\",\"inLanguage\":\"pl-PL\",\"@id\":\"https:\/\/roza-sobieszek.pl\/sklep\/#\/schema\/logo\/image\/\",\"url\":\"https:\/\/roza-sobieszek.pl\/sklep\/wp-content\/uploads\/2016\/08\/IMG_0358-1.jpg\",\"contentUrl\":\"https:\/\/roza-sobieszek.pl\/sklep\/wp-content\/uploads\/2016\/08\/IMG_0358-1.jpg\",\"width\":2048,\"height\":1365,\"caption\":\"R\u00f3\u017ce ogrodowe - Sklep Sobieszek producent\"},\"image\":{\"@id\":\"https:\/\/roza-sobieszek.pl\/sklep\/#\/schema\/logo\/image\/\"},\"sameAs\":[\"https:\/\/www.facebook.com\/profile.php?id=100063681485170\"]}]}<\/script>\n<!-- \/ Yoast SEO plugin. -->","yoast_head_json":{"title":"R\u00f3\u017ca Wielkokwiatowa Astrid Gr\u00e4fin von Hardenberg\u00ae - R\u00f3\u017ce ogrodowe - Sklep Sobieszek producent","description":"R\u00f3\u017ca Wielkokwiatowa Astrid Gr\u00e4fin von Hardenberg\u00ae przyjmuje barw\u0119 od czarnej po czerwie\u0144 i purpur\u0119 dzi\u0119ki czemu kwiaty te zapadaj\u0105 w pami\u0119\u0107 na bardzo d\u0142ugo.","robots":{"index":"index","follow":"follow","max-snippet":"max-snippet:-1","max-image-preview":"max-image-preview:large","max-video-preview":"max-video-preview:-1"},"canonical":"https:\/\/roza-sobieszek.pl\/sklep\/produkt\/roza-astrid-grafin-von-hardenberg\/","og_locale":"pl_PL","og_type":"article","og_title":"R\u00f3\u017ca Wielkokwiatowa Astrid Gr\u00e4fin von Hardenberg\u00ae - R\u00f3\u017ce ogrodowe - Sklep Sobieszek producent","og_description":"R\u00f3\u017ca Wielkokwiatowa Astrid Gr\u00e4fin von Hardenberg\u00ae przyjmuje barw\u0119 od czarnej po czerwie\u0144 i purpur\u0119 dzi\u0119ki czemu kwiaty te zapadaj\u0105 w pami\u0119\u0107 na bardzo d\u0142ugo.","og_url":"https:\/\/roza-sobieszek.pl\/sklep\/produkt\/roza-astrid-grafin-von-hardenberg\/","og_site_name":"R\u00f3\u017ce ogrodowe - Sklep Sobieszek producent","article_publisher":"https:\/\/www.facebook.com\/profile.php?id=100063681485170","article_modified_time":"2025-10-22T07:06:24+00:00","og_image":[{"width":800,"height":800,"url":"https:\/\/roza-sobieszek.pl\/sklep\/wp-content\/uploads\/2019\/07\/k-Graefin2009_1456x1456.jpg","type":"image\/jpeg"}],"twitter_card":"summary_large_image","twitter_misc":{"Szacowany czas czytania":"1 minuta"},"schema":{"@context":"https:\/\/schema.org","@graph":[{"@type":"WebPage","@id":"https:\/\/roza-sobieszek.pl\/sklep\/produkt\/roza-astrid-grafin-von-hardenberg\/","url":"https:\/\/roza-sobieszek.pl\/sklep\/produkt\/roza-astrid-grafin-von-hardenberg\/","name":"R\u00f3\u017ca Wielkokwiatowa Astrid Gr\u00e4fin von Hardenberg\u00ae - R\u00f3\u017ce ogrodowe - Sklep Sobieszek producent","isPartOf":{"@id":"https:\/\/roza-sobieszek.pl\/sklep\/#website"},"primaryImageOfPage":{"@id":"https:\/\/roza-sobieszek.pl\/sklep\/produkt\/roza-astrid-grafin-von-hardenberg\/#primaryimage"},"image":{"@id":"https:\/\/roza-sobieszek.pl\/sklep\/produkt\/roza-astrid-grafin-von-hardenberg\/#primaryimage"},"thumbnailUrl":"https:\/\/roza-sobieszek.pl\/sklep\/wp-content\/uploads\/2019\/07\/k-Graefin2009_1456x1456.jpg","datePublished":"2019-07-24T12:50:28+00:00","dateModified":"2025-10-22T07:06:24+00:00","description":"R\u00f3\u017ca Wielkokwiatowa Astrid Gr\u00e4fin von Hardenberg\u00ae przyjmuje barw\u0119 od czarnej po czerwie\u0144 i purpur\u0119 dzi\u0119ki czemu kwiaty te zapadaj\u0105 w pami\u0119\u0107 na bardzo d\u0142ugo.","breadcrumb":{"@id":"https:\/\/roza-sobieszek.pl\/sklep\/produkt\/roza-astrid-grafin-von-hardenberg\/#breadcrumb"},"inLanguage":"pl-PL","potentialAction":[{"@type":"ReadAction","target":["https:\/\/roza-sobieszek.pl\/sklep\/produkt\/roza-astrid-grafin-von-hardenberg\/"]}]},{"@type":"ImageObject","inLanguage":"pl-PL","@id":"https:\/\/roza-sobieszek.pl\/sklep\/produkt\/roza-astrid-grafin-von-hardenberg\/#primaryimage","url":"https:\/\/roza-sobieszek.pl\/sklep\/wp-content\/uploads\/2019\/07\/k-Graefin2009_1456x1456.jpg","contentUrl":"https:\/\/roza-sobieszek.pl\/sklep\/wp-content\/uploads\/2019\/07\/k-Graefin2009_1456x1456.jpg","width":800,"height":800},{"@type":"BreadcrumbList","@id":"https:\/\/roza-sobieszek.pl\/sklep\/produkt\/roza-astrid-grafin-von-hardenberg\/#breadcrumb","itemListElement":[{"@type":"ListItem","position":1,"name":"Strona g\u0142\u00f3wna","item":"https:\/\/roza-sobieszek.pl\/sklep\/"},{"@type":"ListItem","position":2,"name":"Shop","item":"https:\/\/roza-sobieszek.pl\/sklep\/shop\/"},{"@type":"ListItem","position":3,"name":"R\u00f3\u017ca Wielkokwiatowa Astrid Gr\u00e4fin von Hardenberg\u00ae"}]},{"@type":"WebSite","@id":"https:\/\/roza-sobieszek.pl\/sklep\/#website","url":"https:\/\/roza-sobieszek.pl\/sklep\/","name":"R\u00f3\u017ce ogrodowe - Sklep Sobieszek producent","description":"","publisher":{"@id":"https:\/\/roza-sobieszek.pl\/sklep\/#organization"},"potentialAction":[{"@type":"SearchAction","target":{"@type":"EntryPoint","urlTemplate":"https:\/\/roza-sobieszek.pl\/sklep\/?s={search_term_string}"},"query-input":{"@type":"PropertyValueSpecification","valueRequired":true,"valueName":"search_term_string"}}],"inLanguage":"pl-PL"},{"@type":"Organization","@id":"https:\/\/roza-sobieszek.pl\/sklep\/#organization","name":"R\u00f3\u017ce ogrodowe - Sklep Sobieszek producent","url":"https:\/\/roza-sobieszek.pl\/sklep\/","logo":{"@type":"ImageObject","inLanguage":"pl-PL","@id":"https:\/\/roza-sobieszek.pl\/sklep\/#\/schema\/logo\/image\/","url":"https:\/\/roza-sobieszek.pl\/sklep\/wp-content\/uploads\/2016\/08\/IMG_0358-1.jpg","contentUrl":"https:\/\/roza-sobieszek.pl\/sklep\/wp-content\/uploads\/2016\/08\/IMG_0358-1.jpg","width":2048,"height":1365,"caption":"R\u00f3\u017ce ogrodowe - Sklep Sobieszek producent"},"image":{"@id":"https:\/\/roza-sobieszek.pl\/sklep\/#\/schema\/logo\/image\/"},"sameAs":["https:\/\/www.facebook.com\/profile.php?id=100063681485170"]}]}},"_links":{"self":[{"href":"https:\/\/roza-sobieszek.pl\/sklep\/wp-json\/wp\/v2\/product\/6410"}],"collection":[{"href":"https:\/\/roza-sobieszek.pl\/sklep\/wp-json\/wp\/v2\/product"}],"about":[{"href":"https:\/\/roza-sobieszek.pl\/sklep\/wp-json\/wp\/v2\/types\/product"}],"replies":[{"embeddable":true,"href":"https:\/\/roza-sobieszek.pl\/sklep\/wp-json\/wp\/v2\/comments?post=6410"}],"wp:featuredmedia":[{"embeddable":true,"href":"https:\/\/roza-sobieszek.pl\/sklep\/wp-json\/wp\/v2\/media\/6414"}],"wp:attachment":[{"href":"https:\/\/roza-sobieszek.pl\/sklep\/wp-json\/wp\/v2\/media?parent=6410"}],"wp:term":[{"taxonomy":"product_brand","embeddable":true,"href":"https:\/\/roza-sobieszek.pl\/sklep\/wp-json\/wp\/v2\/product_brand?post=6410"},{"taxonomy":"product_cat","embeddable":true,"href":"https:\/\/roza-sobieszek.pl\/sklep\/wp-json\/wp\/v2\/product_cat?post=6410"},{"taxonomy":"product_tag","embeddable":true,"href":"https:\/\/roza-sobieszek.pl\/sklep\/wp-json\/wp\/v2\/product_tag?post=6410"}],"curies":[{"name":"wp","href":"https:\/\/api.w.org\/{rel}","templated":true}]}}