{"id":6448,"date":"2019-08-04T12:21:34","date_gmt":"2019-08-04T12:21:34","guid":{"rendered":"http:\/\/roza-sobieszek.pl\/sklep\/?post_type=product&#038;p=6448"},"modified":"2024-12-05T13:39:50","modified_gmt":"2024-12-05T13:39:50","slug":"roza-candela","status":"publish","type":"product","link":"https:\/\/roza-sobieszek.pl\/sklep\/produkt\/roza-candela\/","title":{"rendered":"R\u00f3\u017ca Rabatowa Candela\u00ae"},"content":{"rendered":"<h2><strong>R\u00f3\u017ca Candela\u00ae<\/strong><\/h2>\n<p>Odmiana r\u00f3\u017cy rabatowej, kt\u00f3ra do\u015b\u0107 dobrze si\u0119 krzewi. Jej kwiaty s\u0105 p\u00f3\u0142pe\u0142ne, \u015bredniej wielko\u015bci o delikatnym zapachu. Niew\u0105tpliwym atutem tej odmiany jest to i\u017c bardzo d\u0142ugo kwitnie i cz\u0119sto powtarza kwitnienie oraz sama si\u0119 oczyszcza. Jest tak\u017ce niezwykle odporna na choroby i bardzo dobrze zimuje. Wszystkie te cechy sprawiaj\u0105, \u017ce odmiana ta idealnie nadaje si\u0119 dla pocz\u0105tkuj\u0105cych ogrodnik\u00f3w gdy\u017c jest niemal\u017ce samowystarczalna.<\/p>\n<p><span style=\"border-radius: 2px; text-indent: 20px; width: auto; padding: 0px 4px 0px 0px; text-align: center; font: bold 11px\/20px 'Helvetica Neue',Helvetica,sans-serif; color: #ffffff; background: #bd081c no-repeat scroll 3px 50% \/ 14px 14px; position: absolute; opacity: 1; z-index: 8675309; display: none; cursor: pointer;\">Zapisz<\/span><\/p>\n","protected":false},"excerpt":{"rendered":"<p>R\u00f3\u017ca Candela\u00ae<\/p>\n<ul>\n<li>Nazwa: Candela\u00ae<\/li>\n<li>Kolor: \u017b\u00f3\u0142ty<\/li>\n<li>Wzrost: 50-80 cm<\/li>\n<li>Wielko\u015b\u0107 kwiatu: ok.4-6 cm, p\u00f3\u0142pe\u0142ne<\/li>\n<li>Zapach: delikatny<\/li>\n<li>Odporno\u015b\u0107 na choroby: wysoka<\/li>\n<li>Stanowisko: s\u0142oneczne<\/li>\n<li>Okres kwitnienia: VI \u2013 X<\/li>\n<li>Powtarza kwitnienie: tak<\/li>\n<li>Typ: r\u00f3\u017ca rabatowa<\/li>\n<li>Mrozoodporno\u015b\u0107: dobra<\/li>\n<\/ul>\n","protected":false},"featured_media":6455,"comment_status":"open","ping_status":"closed","template":"","meta":[],"product_brand":[278],"product_cat":[264,158,155],"product_tag":[207,206],"yoast_head":"<!-- This site is optimized with the Yoast SEO plugin v23.5 - https:\/\/yoast.com\/wordpress\/plugins\/seo\/ -->\n<title>R\u00f3\u017ca Rabatowa Candela\u00ae - R\u00f3\u017ce ogrodowe - Sklep Sobieszek producent<\/title>\n<meta name=\"description\" content=\"R\u00f3\u017ca Rabatowa Candela\u00ae kwiaty s\u0105 p\u00f3\u0142pe\u0142ne, \u015bredniej wielko\u015bci o delikatnym zapachu. Niew\u0105tpliwym atutem tej odmiany jest to i\u017c bardzo d\u0142ugo kwitnie i cz\u0119sto\" \/>\n<meta name=\"robots\" content=\"index, follow, max-snippet:-1, max-image-preview:large, max-video-preview:-1\" \/>\n<link rel=\"canonical\" href=\"https:\/\/roza-sobieszek.pl\/sklep\/produkt\/roza-candela\/\" \/>\n<meta property=\"og:locale\" content=\"pl_PL\" \/>\n<meta property=\"og:type\" content=\"article\" \/>\n<meta property=\"og:title\" content=\"R\u00f3\u017ca Rabatowa Candela\u00ae - R\u00f3\u017ce ogrodowe - Sklep Sobieszek producent\" \/>\n<meta property=\"og:description\" content=\"R\u00f3\u017ca Rabatowa Candela\u00ae kwiaty s\u0105 p\u00f3\u0142pe\u0142ne, \u015bredniej wielko\u015bci o delikatnym zapachu. Niew\u0105tpliwym atutem tej odmiany jest to i\u017c bardzo d\u0142ugo kwitnie i cz\u0119sto\" \/>\n<meta property=\"og:url\" content=\"https:\/\/roza-sobieszek.pl\/sklep\/produkt\/roza-candela\/\" \/>\n<meta property=\"og:site_name\" content=\"R\u00f3\u017ce ogrodowe - Sklep Sobieszek producent\" \/>\n<meta property=\"article:publisher\" content=\"https:\/\/www.facebook.com\/profile.php?id=100063681485170\" \/>\n<meta property=\"article:modified_time\" content=\"2024-12-05T13:39:50+00:00\" \/>\n<meta property=\"og:image\" content=\"https:\/\/roza-sobieszek.pl\/sklep\/wp-content\/uploads\/2019\/08\/k-Candela2012Y8JUkVsdTKDTm_adr_1456x1456.jpg\" \/>\n\t<meta property=\"og:image:width\" content=\"800\" \/>\n\t<meta property=\"og:image:height\" content=\"800\" \/>\n\t<meta property=\"og:image:type\" content=\"image\/jpeg\" \/>\n<meta name=\"twitter:card\" content=\"summary_large_image\" \/>\n<meta name=\"twitter:label1\" content=\"Szacowany czas czytania\" \/>\n\t<meta name=\"twitter:data1\" content=\"1 minuta\" \/>\n<script type=\"application\/ld+json\" class=\"yoast-schema-graph\">{\"@context\":\"https:\/\/schema.org\",\"@graph\":[{\"@type\":\"WebPage\",\"@id\":\"https:\/\/roza-sobieszek.pl\/sklep\/produkt\/roza-candela\/\",\"url\":\"https:\/\/roza-sobieszek.pl\/sklep\/produkt\/roza-candela\/\",\"name\":\"R\u00f3\u017ca Rabatowa Candela\u00ae - R\u00f3\u017ce ogrodowe - Sklep Sobieszek producent\",\"isPartOf\":{\"@id\":\"https:\/\/roza-sobieszek.pl\/sklep\/#website\"},\"primaryImageOfPage\":{\"@id\":\"https:\/\/roza-sobieszek.pl\/sklep\/produkt\/roza-candela\/#primaryimage\"},\"image\":{\"@id\":\"https:\/\/roza-sobieszek.pl\/sklep\/produkt\/roza-candela\/#primaryimage\"},\"thumbnailUrl\":\"https:\/\/roza-sobieszek.pl\/sklep\/wp-content\/uploads\/2019\/08\/k-Candela2012Y8JUkVsdTKDTm_adr_1456x1456.jpg\",\"datePublished\":\"2019-08-04T12:21:34+00:00\",\"dateModified\":\"2024-12-05T13:39:50+00:00\",\"description\":\"R\u00f3\u017ca Rabatowa Candela\u00ae kwiaty s\u0105 p\u00f3\u0142pe\u0142ne, \u015bredniej wielko\u015bci o delikatnym zapachu. Niew\u0105tpliwym atutem tej odmiany jest to i\u017c bardzo d\u0142ugo kwitnie i cz\u0119sto\",\"breadcrumb\":{\"@id\":\"https:\/\/roza-sobieszek.pl\/sklep\/produkt\/roza-candela\/#breadcrumb\"},\"inLanguage\":\"pl-PL\",\"potentialAction\":[{\"@type\":\"ReadAction\",\"target\":[\"https:\/\/roza-sobieszek.pl\/sklep\/produkt\/roza-candela\/\"]}]},{\"@type\":\"ImageObject\",\"inLanguage\":\"pl-PL\",\"@id\":\"https:\/\/roza-sobieszek.pl\/sklep\/produkt\/roza-candela\/#primaryimage\",\"url\":\"https:\/\/roza-sobieszek.pl\/sklep\/wp-content\/uploads\/2019\/08\/k-Candela2012Y8JUkVsdTKDTm_adr_1456x1456.jpg\",\"contentUrl\":\"https:\/\/roza-sobieszek.pl\/sklep\/wp-content\/uploads\/2019\/08\/k-Candela2012Y8JUkVsdTKDTm_adr_1456x1456.jpg\",\"width\":800,\"height\":800},{\"@type\":\"BreadcrumbList\",\"@id\":\"https:\/\/roza-sobieszek.pl\/sklep\/produkt\/roza-candela\/#breadcrumb\",\"itemListElement\":[{\"@type\":\"ListItem\",\"position\":1,\"name\":\"Strona g\u0142\u00f3wna\",\"item\":\"https:\/\/roza-sobieszek.pl\/sklep\/\"},{\"@type\":\"ListItem\",\"position\":2,\"name\":\"Shop\",\"item\":\"https:\/\/roza-sobieszek.pl\/sklep\/shop\/\"},{\"@type\":\"ListItem\",\"position\":3,\"name\":\"R\u00f3\u017ca Rabatowa Candela\u00ae\"}]},{\"@type\":\"WebSite\",\"@id\":\"https:\/\/roza-sobieszek.pl\/sklep\/#website\",\"url\":\"https:\/\/roza-sobieszek.pl\/sklep\/\",\"name\":\"R\u00f3\u017ce ogrodowe - Sklep Sobieszek producent\",\"description\":\"\",\"publisher\":{\"@id\":\"https:\/\/roza-sobieszek.pl\/sklep\/#organization\"},\"potentialAction\":[{\"@type\":\"SearchAction\",\"target\":{\"@type\":\"EntryPoint\",\"urlTemplate\":\"https:\/\/roza-sobieszek.pl\/sklep\/?s={search_term_string}\"},\"query-input\":{\"@type\":\"PropertyValueSpecification\",\"valueRequired\":true,\"valueName\":\"search_term_string\"}}],\"inLanguage\":\"pl-PL\"},{\"@type\":\"Organization\",\"@id\":\"https:\/\/roza-sobieszek.pl\/sklep\/#organization\",\"name\":\"R\u00f3\u017ce ogrodowe - Sklep Sobieszek producent\",\"url\":\"https:\/\/roza-sobieszek.pl\/sklep\/\",\"logo\":{\"@type\":\"ImageObject\",\"inLanguage\":\"pl-PL\",\"@id\":\"https:\/\/roza-sobieszek.pl\/sklep\/#\/schema\/logo\/image\/\",\"url\":\"https:\/\/roza-sobieszek.pl\/sklep\/wp-content\/uploads\/2016\/08\/IMG_0358-1.jpg\",\"contentUrl\":\"https:\/\/roza-sobieszek.pl\/sklep\/wp-content\/uploads\/2016\/08\/IMG_0358-1.jpg\",\"width\":2048,\"height\":1365,\"caption\":\"R\u00f3\u017ce ogrodowe - Sklep Sobieszek producent\"},\"image\":{\"@id\":\"https:\/\/roza-sobieszek.pl\/sklep\/#\/schema\/logo\/image\/\"},\"sameAs\":[\"https:\/\/www.facebook.com\/profile.php?id=100063681485170\"]}]}<\/script>\n<!-- \/ Yoast SEO plugin. -->","yoast_head_json":{"title":"R\u00f3\u017ca Rabatowa Candela\u00ae - R\u00f3\u017ce ogrodowe - Sklep Sobieszek producent","description":"R\u00f3\u017ca Rabatowa Candela\u00ae kwiaty s\u0105 p\u00f3\u0142pe\u0142ne, \u015bredniej wielko\u015bci o delikatnym zapachu. Niew\u0105tpliwym atutem tej odmiany jest to i\u017c bardzo d\u0142ugo kwitnie i cz\u0119sto","robots":{"index":"index","follow":"follow","max-snippet":"max-snippet:-1","max-image-preview":"max-image-preview:large","max-video-preview":"max-video-preview:-1"},"canonical":"https:\/\/roza-sobieszek.pl\/sklep\/produkt\/roza-candela\/","og_locale":"pl_PL","og_type":"article","og_title":"R\u00f3\u017ca Rabatowa Candela\u00ae - R\u00f3\u017ce ogrodowe - Sklep Sobieszek producent","og_description":"R\u00f3\u017ca Rabatowa Candela\u00ae kwiaty s\u0105 p\u00f3\u0142pe\u0142ne, \u015bredniej wielko\u015bci o delikatnym zapachu. Niew\u0105tpliwym atutem tej odmiany jest to i\u017c bardzo d\u0142ugo kwitnie i cz\u0119sto","og_url":"https:\/\/roza-sobieszek.pl\/sklep\/produkt\/roza-candela\/","og_site_name":"R\u00f3\u017ce ogrodowe - Sklep Sobieszek producent","article_publisher":"https:\/\/www.facebook.com\/profile.php?id=100063681485170","article_modified_time":"2024-12-05T13:39:50+00:00","og_image":[{"width":800,"height":800,"url":"https:\/\/roza-sobieszek.pl\/sklep\/wp-content\/uploads\/2019\/08\/k-Candela2012Y8JUkVsdTKDTm_adr_1456x1456.jpg","type":"image\/jpeg"}],"twitter_card":"summary_large_image","twitter_misc":{"Szacowany czas czytania":"1 minuta"},"schema":{"@context":"https:\/\/schema.org","@graph":[{"@type":"WebPage","@id":"https:\/\/roza-sobieszek.pl\/sklep\/produkt\/roza-candela\/","url":"https:\/\/roza-sobieszek.pl\/sklep\/produkt\/roza-candela\/","name":"R\u00f3\u017ca Rabatowa Candela\u00ae - R\u00f3\u017ce ogrodowe - Sklep Sobieszek producent","isPartOf":{"@id":"https:\/\/roza-sobieszek.pl\/sklep\/#website"},"primaryImageOfPage":{"@id":"https:\/\/roza-sobieszek.pl\/sklep\/produkt\/roza-candela\/#primaryimage"},"image":{"@id":"https:\/\/roza-sobieszek.pl\/sklep\/produkt\/roza-candela\/#primaryimage"},"thumbnailUrl":"https:\/\/roza-sobieszek.pl\/sklep\/wp-content\/uploads\/2019\/08\/k-Candela2012Y8JUkVsdTKDTm_adr_1456x1456.jpg","datePublished":"2019-08-04T12:21:34+00:00","dateModified":"2024-12-05T13:39:50+00:00","description":"R\u00f3\u017ca Rabatowa Candela\u00ae kwiaty s\u0105 p\u00f3\u0142pe\u0142ne, \u015bredniej wielko\u015bci o delikatnym zapachu. Niew\u0105tpliwym atutem tej odmiany jest to i\u017c bardzo d\u0142ugo kwitnie i cz\u0119sto","breadcrumb":{"@id":"https:\/\/roza-sobieszek.pl\/sklep\/produkt\/roza-candela\/#breadcrumb"},"inLanguage":"pl-PL","potentialAction":[{"@type":"ReadAction","target":["https:\/\/roza-sobieszek.pl\/sklep\/produkt\/roza-candela\/"]}]},{"@type":"ImageObject","inLanguage":"pl-PL","@id":"https:\/\/roza-sobieszek.pl\/sklep\/produkt\/roza-candela\/#primaryimage","url":"https:\/\/roza-sobieszek.pl\/sklep\/wp-content\/uploads\/2019\/08\/k-Candela2012Y8JUkVsdTKDTm_adr_1456x1456.jpg","contentUrl":"https:\/\/roza-sobieszek.pl\/sklep\/wp-content\/uploads\/2019\/08\/k-Candela2012Y8JUkVsdTKDTm_adr_1456x1456.jpg","width":800,"height":800},{"@type":"BreadcrumbList","@id":"https:\/\/roza-sobieszek.pl\/sklep\/produkt\/roza-candela\/#breadcrumb","itemListElement":[{"@type":"ListItem","position":1,"name":"Strona g\u0142\u00f3wna","item":"https:\/\/roza-sobieszek.pl\/sklep\/"},{"@type":"ListItem","position":2,"name":"Shop","item":"https:\/\/roza-sobieszek.pl\/sklep\/shop\/"},{"@type":"ListItem","position":3,"name":"R\u00f3\u017ca Rabatowa Candela\u00ae"}]},{"@type":"WebSite","@id":"https:\/\/roza-sobieszek.pl\/sklep\/#website","url":"https:\/\/roza-sobieszek.pl\/sklep\/","name":"R\u00f3\u017ce ogrodowe - Sklep Sobieszek producent","description":"","publisher":{"@id":"https:\/\/roza-sobieszek.pl\/sklep\/#organization"},"potentialAction":[{"@type":"SearchAction","target":{"@type":"EntryPoint","urlTemplate":"https:\/\/roza-sobieszek.pl\/sklep\/?s={search_term_string}"},"query-input":{"@type":"PropertyValueSpecification","valueRequired":true,"valueName":"search_term_string"}}],"inLanguage":"pl-PL"},{"@type":"Organization","@id":"https:\/\/roza-sobieszek.pl\/sklep\/#organization","name":"R\u00f3\u017ce ogrodowe - Sklep Sobieszek producent","url":"https:\/\/roza-sobieszek.pl\/sklep\/","logo":{"@type":"ImageObject","inLanguage":"pl-PL","@id":"https:\/\/roza-sobieszek.pl\/sklep\/#\/schema\/logo\/image\/","url":"https:\/\/roza-sobieszek.pl\/sklep\/wp-content\/uploads\/2016\/08\/IMG_0358-1.jpg","contentUrl":"https:\/\/roza-sobieszek.pl\/sklep\/wp-content\/uploads\/2016\/08\/IMG_0358-1.jpg","width":2048,"height":1365,"caption":"R\u00f3\u017ce ogrodowe - Sklep Sobieszek producent"},"image":{"@id":"https:\/\/roza-sobieszek.pl\/sklep\/#\/schema\/logo\/image\/"},"sameAs":["https:\/\/www.facebook.com\/profile.php?id=100063681485170"]}]}},"_links":{"self":[{"href":"https:\/\/roza-sobieszek.pl\/sklep\/wp-json\/wp\/v2\/product\/6448"}],"collection":[{"href":"https:\/\/roza-sobieszek.pl\/sklep\/wp-json\/wp\/v2\/product"}],"about":[{"href":"https:\/\/roza-sobieszek.pl\/sklep\/wp-json\/wp\/v2\/types\/product"}],"replies":[{"embeddable":true,"href":"https:\/\/roza-sobieszek.pl\/sklep\/wp-json\/wp\/v2\/comments?post=6448"}],"wp:featuredmedia":[{"embeddable":true,"href":"https:\/\/roza-sobieszek.pl\/sklep\/wp-json\/wp\/v2\/media\/6455"}],"wp:attachment":[{"href":"https:\/\/roza-sobieszek.pl\/sklep\/wp-json\/wp\/v2\/media?parent=6448"}],"wp:term":[{"taxonomy":"product_brand","embeddable":true,"href":"https:\/\/roza-sobieszek.pl\/sklep\/wp-json\/wp\/v2\/product_brand?post=6448"},{"taxonomy":"product_cat","embeddable":true,"href":"https:\/\/roza-sobieszek.pl\/sklep\/wp-json\/wp\/v2\/product_cat?post=6448"},{"taxonomy":"product_tag","embeddable":true,"href":"https:\/\/roza-sobieszek.pl\/sklep\/wp-json\/wp\/v2\/product_tag?post=6448"}],"curies":[{"name":"wp","href":"https:\/\/api.w.org\/{rel}","templated":true}]}}