{"id":6630,"date":"2019-08-23T07:35:50","date_gmt":"2019-08-23T07:35:50","guid":{"rendered":"http:\/\/roza-sobieszek.pl\/sklep\/?post_type=product&#038;p=6630"},"modified":"2025-10-22T07:06:22","modified_gmt":"2025-10-22T07:06:22","slug":"roza-wedding-piano","status":"publish","type":"product","link":"https:\/\/roza-sobieszek.pl\/sklep\/produkt\/roza-wedding-piano\/","title":{"rendered":"R\u00f3\u017ca Wielkokwiatowa Wedding Piano\u00ae"},"content":{"rendered":"<h2><strong>R\u00f3\u017ca Wedding Piano\u00ae<\/strong><\/h2>\n<p>Bardzo dekoracyjna odmiana r\u00f3\u017cy wielkokwiatowej. Sw\u0105 urod\u0119 zawdzi\u0119cza swoim pe\u0142nym, nostalgicznym kwiatom o cudownej, kremowej barwie. Razem ze zdrowo wygl\u0105daj\u0105cymi li\u015b\u0107mi sprawiaj\u0105, \u017ce krzew wygl\u0105da bardzo\u00a0 reprezentacyjnie. Dodatkowo odmiana ta bardzo cz\u0119sto powtarza kwitnienie dzi\u0119ki czemu daje nam mo\u017cliwo\u015b\u0107 cieszenia si\u0119 jej kwiatami przez ca\u0142y sezon. Niew\u0105tpliw\u0105 zalet\u0105 tej r\u00f3\u017cy jest r\u00f3wnie\u017c bardzo dobra odporno\u015b\u0107 na choroby grzybowe.<\/p>\n<p>&nbsp;<\/p>\n<h2><span style=\"border-radius: 2px; text-indent: 20px; width: auto; padding: 0px 4px 0px 0px; text-align: center; font: bold 11px\/20px 'Helvetica Neue',Helvetica,sans-serif; color: #ffffff; background: #bd081c no-repeat scroll 3px 50% \/ 14px 14px; position: absolute; opacity: 1; z-index: 8675309; display: none; cursor: pointer;\">Zapisz<\/span><\/h2>\n","protected":false},"excerpt":{"rendered":"<p>Nostalgiczna R\u00f3\u017ca Wedding Piano\u00ae<\/p>\n<ul>\n<li>Nazwa: Wedding Piano\u00ae<\/li>\n<li>Kolor: kremowo bia\u0142y<\/li>\n<li>Wzrost: 130 cm<\/li>\n<li>Wielko\u015b\u0107 kwiatu: pe\u0142ne, ok.6-8 cm<\/li>\n<li>Zapach: delikatny<\/li>\n<li>Odporno\u015b\u0107 na choroby: bardzo dobra<\/li>\n<li>Stanowisko: s\u0142oneczne<\/li>\n<li>Okres kwitnienia: VI \u2013 X<\/li>\n<li>Powtarza kwitnienie: tak<\/li>\n<li>Typ: r\u00f3\u017ca wielkokwiatowa<\/li>\n<li>Mrozoodporno\u015b\u0107: dobra<\/li>\n<\/ul>\n","protected":false},"featured_media":6634,"comment_status":"open","ping_status":"closed","template":"","meta":[],"product_brand":[278],"product_cat":[270,272,158,159,200],"product_tag":[187,220,185],"yoast_head":"<!-- This site is optimized with the Yoast SEO plugin v23.5 - https:\/\/yoast.com\/wordpress\/plugins\/seo\/ -->\n<title>R\u00f3\u017ca Wielkokwiatowa Wedding Piano\u00ae - R\u00f3\u017ce ogrodowe - Sklep Sobieszek producent<\/title>\n<meta name=\"description\" content=\"R\u00f3\u017ca Wielkokwiatowa Wedding Piano\u00ae pe\u0142nym, nostalgicznym kwiatom o cudownej, kremowej barwie. Razem ze zdrowo wygl\u0105daj\u0105cymi li\u015b\u0107mi\" \/>\n<meta name=\"robots\" content=\"index, follow, max-snippet:-1, max-image-preview:large, max-video-preview:-1\" \/>\n<link rel=\"canonical\" href=\"https:\/\/roza-sobieszek.pl\/sklep\/produkt\/roza-wedding-piano\/\" \/>\n<meta property=\"og:locale\" content=\"pl_PL\" \/>\n<meta property=\"og:type\" content=\"article\" \/>\n<meta property=\"og:title\" content=\"R\u00f3\u017ca Wielkokwiatowa Wedding Piano\u00ae - R\u00f3\u017ce ogrodowe - Sklep Sobieszek producent\" \/>\n<meta property=\"og:description\" content=\"R\u00f3\u017ca Wielkokwiatowa Wedding Piano\u00ae pe\u0142nym, nostalgicznym kwiatom o cudownej, kremowej barwie. Razem ze zdrowo wygl\u0105daj\u0105cymi li\u015b\u0107mi\" \/>\n<meta property=\"og:url\" content=\"https:\/\/roza-sobieszek.pl\/sklep\/produkt\/roza-wedding-piano\/\" \/>\n<meta property=\"og:site_name\" content=\"R\u00f3\u017ce ogrodowe - Sklep Sobieszek producent\" \/>\n<meta property=\"article:publisher\" content=\"https:\/\/www.facebook.com\/profile.php?id=100063681485170\" \/>\n<meta property=\"article:modified_time\" content=\"2025-10-22T07:06:22+00:00\" \/>\n<meta property=\"og:image\" content=\"https:\/\/roza-sobieszek.pl\/sklep\/wp-content\/uploads\/2019\/08\/k-WeddingPiano1Kal2014_1456x1456.jpg\" \/>\n\t<meta property=\"og:image:width\" content=\"800\" \/>\n\t<meta property=\"og:image:height\" content=\"799\" \/>\n\t<meta property=\"og:image:type\" content=\"image\/jpeg\" \/>\n<meta name=\"twitter:card\" content=\"summary_large_image\" \/>\n<meta name=\"twitter:label1\" content=\"Szacowany czas czytania\" \/>\n\t<meta name=\"twitter:data1\" content=\"1 minuta\" \/>\n<script type=\"application\/ld+json\" class=\"yoast-schema-graph\">{\"@context\":\"https:\/\/schema.org\",\"@graph\":[{\"@type\":\"WebPage\",\"@id\":\"https:\/\/roza-sobieszek.pl\/sklep\/produkt\/roza-wedding-piano\/\",\"url\":\"https:\/\/roza-sobieszek.pl\/sklep\/produkt\/roza-wedding-piano\/\",\"name\":\"R\u00f3\u017ca Wielkokwiatowa Wedding Piano\u00ae - R\u00f3\u017ce ogrodowe - Sklep Sobieszek producent\",\"isPartOf\":{\"@id\":\"https:\/\/roza-sobieszek.pl\/sklep\/#website\"},\"primaryImageOfPage\":{\"@id\":\"https:\/\/roza-sobieszek.pl\/sklep\/produkt\/roza-wedding-piano\/#primaryimage\"},\"image\":{\"@id\":\"https:\/\/roza-sobieszek.pl\/sklep\/produkt\/roza-wedding-piano\/#primaryimage\"},\"thumbnailUrl\":\"https:\/\/roza-sobieszek.pl\/sklep\/wp-content\/uploads\/2019\/08\/k-WeddingPiano1Kal2014_1456x1456.jpg\",\"datePublished\":\"2019-08-23T07:35:50+00:00\",\"dateModified\":\"2025-10-22T07:06:22+00:00\",\"description\":\"R\u00f3\u017ca Wielkokwiatowa Wedding Piano\u00ae pe\u0142nym, nostalgicznym kwiatom o cudownej, kremowej barwie. Razem ze zdrowo wygl\u0105daj\u0105cymi li\u015b\u0107mi\",\"breadcrumb\":{\"@id\":\"https:\/\/roza-sobieszek.pl\/sklep\/produkt\/roza-wedding-piano\/#breadcrumb\"},\"inLanguage\":\"pl-PL\",\"potentialAction\":[{\"@type\":\"ReadAction\",\"target\":[\"https:\/\/roza-sobieszek.pl\/sklep\/produkt\/roza-wedding-piano\/\"]}]},{\"@type\":\"ImageObject\",\"inLanguage\":\"pl-PL\",\"@id\":\"https:\/\/roza-sobieszek.pl\/sklep\/produkt\/roza-wedding-piano\/#primaryimage\",\"url\":\"https:\/\/roza-sobieszek.pl\/sklep\/wp-content\/uploads\/2019\/08\/k-WeddingPiano1Kal2014_1456x1456.jpg\",\"contentUrl\":\"https:\/\/roza-sobieszek.pl\/sklep\/wp-content\/uploads\/2019\/08\/k-WeddingPiano1Kal2014_1456x1456.jpg\",\"width\":800,\"height\":799},{\"@type\":\"BreadcrumbList\",\"@id\":\"https:\/\/roza-sobieszek.pl\/sklep\/produkt\/roza-wedding-piano\/#breadcrumb\",\"itemListElement\":[{\"@type\":\"ListItem\",\"position\":1,\"name\":\"Strona g\u0142\u00f3wna\",\"item\":\"https:\/\/roza-sobieszek.pl\/sklep\/\"},{\"@type\":\"ListItem\",\"position\":2,\"name\":\"Shop\",\"item\":\"https:\/\/roza-sobieszek.pl\/sklep\/shop\/\"},{\"@type\":\"ListItem\",\"position\":3,\"name\":\"R\u00f3\u017ca Wielkokwiatowa Wedding Piano\u00ae\"}]},{\"@type\":\"WebSite\",\"@id\":\"https:\/\/roza-sobieszek.pl\/sklep\/#website\",\"url\":\"https:\/\/roza-sobieszek.pl\/sklep\/\",\"name\":\"R\u00f3\u017ce ogrodowe - Sklep Sobieszek producent\",\"description\":\"\",\"publisher\":{\"@id\":\"https:\/\/roza-sobieszek.pl\/sklep\/#organization\"},\"potentialAction\":[{\"@type\":\"SearchAction\",\"target\":{\"@type\":\"EntryPoint\",\"urlTemplate\":\"https:\/\/roza-sobieszek.pl\/sklep\/?s={search_term_string}\"},\"query-input\":{\"@type\":\"PropertyValueSpecification\",\"valueRequired\":true,\"valueName\":\"search_term_string\"}}],\"inLanguage\":\"pl-PL\"},{\"@type\":\"Organization\",\"@id\":\"https:\/\/roza-sobieszek.pl\/sklep\/#organization\",\"name\":\"R\u00f3\u017ce ogrodowe - Sklep Sobieszek producent\",\"url\":\"https:\/\/roza-sobieszek.pl\/sklep\/\",\"logo\":{\"@type\":\"ImageObject\",\"inLanguage\":\"pl-PL\",\"@id\":\"https:\/\/roza-sobieszek.pl\/sklep\/#\/schema\/logo\/image\/\",\"url\":\"https:\/\/roza-sobieszek.pl\/sklep\/wp-content\/uploads\/2016\/08\/IMG_0358-1.jpg\",\"contentUrl\":\"https:\/\/roza-sobieszek.pl\/sklep\/wp-content\/uploads\/2016\/08\/IMG_0358-1.jpg\",\"width\":2048,\"height\":1365,\"caption\":\"R\u00f3\u017ce ogrodowe - Sklep Sobieszek producent\"},\"image\":{\"@id\":\"https:\/\/roza-sobieszek.pl\/sklep\/#\/schema\/logo\/image\/\"},\"sameAs\":[\"https:\/\/www.facebook.com\/profile.php?id=100063681485170\"]}]}<\/script>\n<!-- \/ Yoast SEO plugin. -->","yoast_head_json":{"title":"R\u00f3\u017ca Wielkokwiatowa Wedding Piano\u00ae - R\u00f3\u017ce ogrodowe - Sklep Sobieszek producent","description":"R\u00f3\u017ca Wielkokwiatowa Wedding Piano\u00ae pe\u0142nym, nostalgicznym kwiatom o cudownej, kremowej barwie. Razem ze zdrowo wygl\u0105daj\u0105cymi li\u015b\u0107mi","robots":{"index":"index","follow":"follow","max-snippet":"max-snippet:-1","max-image-preview":"max-image-preview:large","max-video-preview":"max-video-preview:-1"},"canonical":"https:\/\/roza-sobieszek.pl\/sklep\/produkt\/roza-wedding-piano\/","og_locale":"pl_PL","og_type":"article","og_title":"R\u00f3\u017ca Wielkokwiatowa Wedding Piano\u00ae - R\u00f3\u017ce ogrodowe - Sklep Sobieszek producent","og_description":"R\u00f3\u017ca Wielkokwiatowa Wedding Piano\u00ae pe\u0142nym, nostalgicznym kwiatom o cudownej, kremowej barwie. Razem ze zdrowo wygl\u0105daj\u0105cymi li\u015b\u0107mi","og_url":"https:\/\/roza-sobieszek.pl\/sklep\/produkt\/roza-wedding-piano\/","og_site_name":"R\u00f3\u017ce ogrodowe - Sklep Sobieszek producent","article_publisher":"https:\/\/www.facebook.com\/profile.php?id=100063681485170","article_modified_time":"2025-10-22T07:06:22+00:00","og_image":[{"width":800,"height":799,"url":"https:\/\/roza-sobieszek.pl\/sklep\/wp-content\/uploads\/2019\/08\/k-WeddingPiano1Kal2014_1456x1456.jpg","type":"image\/jpeg"}],"twitter_card":"summary_large_image","twitter_misc":{"Szacowany czas czytania":"1 minuta"},"schema":{"@context":"https:\/\/schema.org","@graph":[{"@type":"WebPage","@id":"https:\/\/roza-sobieszek.pl\/sklep\/produkt\/roza-wedding-piano\/","url":"https:\/\/roza-sobieszek.pl\/sklep\/produkt\/roza-wedding-piano\/","name":"R\u00f3\u017ca Wielkokwiatowa Wedding Piano\u00ae - R\u00f3\u017ce ogrodowe - Sklep Sobieszek producent","isPartOf":{"@id":"https:\/\/roza-sobieszek.pl\/sklep\/#website"},"primaryImageOfPage":{"@id":"https:\/\/roza-sobieszek.pl\/sklep\/produkt\/roza-wedding-piano\/#primaryimage"},"image":{"@id":"https:\/\/roza-sobieszek.pl\/sklep\/produkt\/roza-wedding-piano\/#primaryimage"},"thumbnailUrl":"https:\/\/roza-sobieszek.pl\/sklep\/wp-content\/uploads\/2019\/08\/k-WeddingPiano1Kal2014_1456x1456.jpg","datePublished":"2019-08-23T07:35:50+00:00","dateModified":"2025-10-22T07:06:22+00:00","description":"R\u00f3\u017ca Wielkokwiatowa Wedding Piano\u00ae pe\u0142nym, nostalgicznym kwiatom o cudownej, kremowej barwie. Razem ze zdrowo wygl\u0105daj\u0105cymi li\u015b\u0107mi","breadcrumb":{"@id":"https:\/\/roza-sobieszek.pl\/sklep\/produkt\/roza-wedding-piano\/#breadcrumb"},"inLanguage":"pl-PL","potentialAction":[{"@type":"ReadAction","target":["https:\/\/roza-sobieszek.pl\/sklep\/produkt\/roza-wedding-piano\/"]}]},{"@type":"ImageObject","inLanguage":"pl-PL","@id":"https:\/\/roza-sobieszek.pl\/sklep\/produkt\/roza-wedding-piano\/#primaryimage","url":"https:\/\/roza-sobieszek.pl\/sklep\/wp-content\/uploads\/2019\/08\/k-WeddingPiano1Kal2014_1456x1456.jpg","contentUrl":"https:\/\/roza-sobieszek.pl\/sklep\/wp-content\/uploads\/2019\/08\/k-WeddingPiano1Kal2014_1456x1456.jpg","width":800,"height":799},{"@type":"BreadcrumbList","@id":"https:\/\/roza-sobieszek.pl\/sklep\/produkt\/roza-wedding-piano\/#breadcrumb","itemListElement":[{"@type":"ListItem","position":1,"name":"Strona g\u0142\u00f3wna","item":"https:\/\/roza-sobieszek.pl\/sklep\/"},{"@type":"ListItem","position":2,"name":"Shop","item":"https:\/\/roza-sobieszek.pl\/sklep\/shop\/"},{"@type":"ListItem","position":3,"name":"R\u00f3\u017ca Wielkokwiatowa Wedding Piano\u00ae"}]},{"@type":"WebSite","@id":"https:\/\/roza-sobieszek.pl\/sklep\/#website","url":"https:\/\/roza-sobieszek.pl\/sklep\/","name":"R\u00f3\u017ce ogrodowe - Sklep Sobieszek producent","description":"","publisher":{"@id":"https:\/\/roza-sobieszek.pl\/sklep\/#organization"},"potentialAction":[{"@type":"SearchAction","target":{"@type":"EntryPoint","urlTemplate":"https:\/\/roza-sobieszek.pl\/sklep\/?s={search_term_string}"},"query-input":{"@type":"PropertyValueSpecification","valueRequired":true,"valueName":"search_term_string"}}],"inLanguage":"pl-PL"},{"@type":"Organization","@id":"https:\/\/roza-sobieszek.pl\/sklep\/#organization","name":"R\u00f3\u017ce ogrodowe - Sklep Sobieszek producent","url":"https:\/\/roza-sobieszek.pl\/sklep\/","logo":{"@type":"ImageObject","inLanguage":"pl-PL","@id":"https:\/\/roza-sobieszek.pl\/sklep\/#\/schema\/logo\/image\/","url":"https:\/\/roza-sobieszek.pl\/sklep\/wp-content\/uploads\/2016\/08\/IMG_0358-1.jpg","contentUrl":"https:\/\/roza-sobieszek.pl\/sklep\/wp-content\/uploads\/2016\/08\/IMG_0358-1.jpg","width":2048,"height":1365,"caption":"R\u00f3\u017ce ogrodowe - Sklep Sobieszek producent"},"image":{"@id":"https:\/\/roza-sobieszek.pl\/sklep\/#\/schema\/logo\/image\/"},"sameAs":["https:\/\/www.facebook.com\/profile.php?id=100063681485170"]}]}},"_links":{"self":[{"href":"https:\/\/roza-sobieszek.pl\/sklep\/wp-json\/wp\/v2\/product\/6630"}],"collection":[{"href":"https:\/\/roza-sobieszek.pl\/sklep\/wp-json\/wp\/v2\/product"}],"about":[{"href":"https:\/\/roza-sobieszek.pl\/sklep\/wp-json\/wp\/v2\/types\/product"}],"replies":[{"embeddable":true,"href":"https:\/\/roza-sobieszek.pl\/sklep\/wp-json\/wp\/v2\/comments?post=6630"}],"wp:featuredmedia":[{"embeddable":true,"href":"https:\/\/roza-sobieszek.pl\/sklep\/wp-json\/wp\/v2\/media\/6634"}],"wp:attachment":[{"href":"https:\/\/roza-sobieszek.pl\/sklep\/wp-json\/wp\/v2\/media?parent=6630"}],"wp:term":[{"taxonomy":"product_brand","embeddable":true,"href":"https:\/\/roza-sobieszek.pl\/sklep\/wp-json\/wp\/v2\/product_brand?post=6630"},{"taxonomy":"product_cat","embeddable":true,"href":"https:\/\/roza-sobieszek.pl\/sklep\/wp-json\/wp\/v2\/product_cat?post=6630"},{"taxonomy":"product_tag","embeddable":true,"href":"https:\/\/roza-sobieszek.pl\/sklep\/wp-json\/wp\/v2\/product_tag?post=6630"}],"curies":[{"name":"wp","href":"https:\/\/api.w.org\/{rel}","templated":true}]}}