{"id":8995,"date":"2021-05-20T11:16:06","date_gmt":"2021-05-20T11:16:06","guid":{"rendered":"https:\/\/roza-sobieszek.pl\/sklep\/?post_type=product&#038;p=8995"},"modified":"2026-04-09T15:49:12","modified_gmt":"2026-04-09T15:49:12","slug":"roza-the-lady-of-the-lake","status":"publish","type":"product","link":"https:\/\/roza-sobieszek.pl\/sklep\/produkt\/roza-the-lady-of-the-lake\/","title":{"rendered":"R\u00f3\u017ca Pn\u0105ca The Lady of the Lake\u00ae(Ausherbert)"},"content":{"rendered":"<h2>R\u00f3\u017ca The Lady of the Lake\u00ae<\/h2>\n<p><span class=\"Y2IQFc\" lang=\"pl\"><span id=\"[0,6]\" class=\"word\">Angielska r\u00f3\u017ca pn\u0105ca, kt\u00f3ra posiada p<span id=\"[32,43]\" class=\"word\">i\u0119kne, <span id=\"[8,16]\" class=\"word\">p\u00f3\u0142pe\u0142ne<\/span> <span id=\"[17,23]\" class=\"word\">kwiaty<\/span> <span id=\"[24,25]\" class=\"word\">o<\/span> <span id=\"[26,34]\" class=\"word\">\u015brednicy<\/span> <span id=\"[35,40]\" class=\"word\">oko\u0142o<\/span> 5 cm. Z<span id=\"[48,55]\" class=\"word\">ebrane<\/span> <span id=\"[56,58]\" class=\"word\">s\u0105<\/span> <span id=\"[59,60]\" class=\"word\">w<\/span> <span id=\"[61,66]\" class=\"word\">grona<\/span> <span id=\"[67,69]\" class=\"word\">na<\/span> <span id=\"[70,77]\" class=\"word\">d\u0142ugich<\/span>, <span id=\"[79,87]\" class=\"word\">smuk\u0142ych<\/span> <span id=\"[88,89]\" class=\"word\">i<\/span> <span id=\"[90,102]\" class=\"word\">elastycznych<\/span> <span id=\"[103,111]\" class=\"word\">\u0142odygach<\/span>.<\/span><\/span>\u00a0Ma jasnor\u00f3\u017cowy kolor i otwart\u0105 formacj\u0119, ka\u017cdy z nich ods\u0142ania \u0142adn\u0105 g\u0142\u00f3wk\u0119 z\u0142otych pr\u0119cik\u00f3w. Jej \u015bwie\u017cy, cytrusowy zapach przyci\u0105ga pszczo\u0142y. Idealna na \u015b<span id=\"[5,11]\" class=\"word\">cian\u0119, <\/span><span id=\"[16,26]\" class=\"word\">ogrodzenie lub <\/span><span id=\"[28,31]\" class=\"word\">\u0142uk<\/span> <span id=\"[32,43]\" class=\"word\">standardowy.\u00a0<\/span><\/span><\/p>\n<p>&nbsp;<\/p>\n<p><span style=\"border-radius: 2px; text-indent: 20px; width: auto; padding: 0px 4px 0px 0px; text-align: center; font: bold 11px\/20px 'Helvetica Neue',Helvetica,sans-serif; color: #ffffff; background: #bd081c no-repeat scroll 3px 50% \/ 14px 14px; position: absolute; opacity: 1; z-index: 8675309; display: none; cursor: pointer;\">Zapisz<\/span><\/p>\n","protected":false},"excerpt":{"rendered":"<p>R\u00f3\u017ca The Lady of the Lake\u00ae<\/p>\n<ul>\n<li>Nazwa: The Lady of the Lake \u00ae<\/li>\n<li>Kolor: blady r\u00f3\u017c<\/li>\n<li>Wzrost: 375 cm<\/li>\n<li>Wielko\u015b\u0107 kwiatu: 5-7 cm<\/li>\n<li>Zapach: \u015bredni<\/li>\n<li>Odporno\u015b\u0107 na choroby: bardzo dobra<\/li>\n<li>Stanowisko: s\u0142oneczne, zacienione<\/li>\n<li>Okres kwitnienia: VI \u2013 X<\/li>\n<li>Powtarza kwitnienie: tak<\/li>\n<li>Typ: r\u00f3\u017ca pn\u0105ca<\/li>\n<li>Mrozoodporno\u015b\u0107: bardzo dobra<\/li>\n<\/ul>\n","protected":false},"featured_media":8999,"comment_status":"open","ping_status":"closed","template":"","meta":[],"product_brand":[],"product_cat":[234,157,199],"product_tag":[188,235,206],"yoast_head":"<!-- This site is optimized with the Yoast SEO plugin v23.5 - https:\/\/yoast.com\/wordpress\/plugins\/seo\/ -->\n<title>R\u00f3\u017ca Pn\u0105ca The Lady of the Lake\u00ae(Ausherbert) - R\u00f3\u017ce ogrodowe - Sklep Sobieszek producent<\/title>\n<meta name=\"description\" content=\"R\u00f3\u017ca Pn\u0105ca The Lady of the Lake\u00ae Zebrane s\u0105 w grona na d\u0142ugich, smuk\u0142ych i elastycznych \u0142odygach.\u00a0Ma jasnor\u00f3\u017cowy kolor i otwart\u0105 formacj\u0119, ka\u017cdy z nich\" \/>\n<meta name=\"robots\" content=\"index, follow, max-snippet:-1, max-image-preview:large, max-video-preview:-1\" \/>\n<link rel=\"canonical\" href=\"https:\/\/roza-sobieszek.pl\/sklep\/produkt\/roza-the-lady-of-the-lake\/\" \/>\n<meta property=\"og:locale\" content=\"pl_PL\" \/>\n<meta property=\"og:type\" content=\"article\" \/>\n<meta property=\"og:title\" content=\"R\u00f3\u017ca Pn\u0105ca The Lady of the Lake\u00ae(Ausherbert) - R\u00f3\u017ce ogrodowe - Sklep Sobieszek producent\" \/>\n<meta property=\"og:description\" content=\"R\u00f3\u017ca Pn\u0105ca The Lady of the Lake\u00ae Zebrane s\u0105 w grona na d\u0142ugich, smuk\u0142ych i elastycznych \u0142odygach.\u00a0Ma jasnor\u00f3\u017cowy kolor i otwart\u0105 formacj\u0119, ka\u017cdy z nich\" \/>\n<meta property=\"og:url\" content=\"https:\/\/roza-sobieszek.pl\/sklep\/produkt\/roza-the-lady-of-the-lake\/\" \/>\n<meta property=\"og:site_name\" content=\"R\u00f3\u017ce ogrodowe - Sklep Sobieszek producent\" \/>\n<meta property=\"article:publisher\" content=\"https:\/\/www.facebook.com\/profile.php?id=100063681485170\" \/>\n<meta property=\"article:modified_time\" content=\"2026-04-09T15:49:12+00:00\" \/>\n<meta property=\"og:image\" content=\"https:\/\/roza-sobieszek.pl\/sklep\/wp-content\/uploads\/2021\/05\/The-Lady-of-the-Lake.jpg\" \/>\n\t<meta property=\"og:image:width\" content=\"720\" \/>\n\t<meta property=\"og:image:height\" content=\"720\" \/>\n\t<meta property=\"og:image:type\" content=\"image\/jpeg\" \/>\n<meta name=\"twitter:card\" content=\"summary_large_image\" \/>\n<meta name=\"twitter:label1\" content=\"Szacowany czas czytania\" \/>\n\t<meta name=\"twitter:data1\" content=\"1 minuta\" \/>\n<script type=\"application\/ld+json\" class=\"yoast-schema-graph\">{\"@context\":\"https:\/\/schema.org\",\"@graph\":[{\"@type\":\"WebPage\",\"@id\":\"https:\/\/roza-sobieszek.pl\/sklep\/produkt\/roza-the-lady-of-the-lake\/\",\"url\":\"https:\/\/roza-sobieszek.pl\/sklep\/produkt\/roza-the-lady-of-the-lake\/\",\"name\":\"R\u00f3\u017ca Pn\u0105ca The Lady of the Lake\u00ae(Ausherbert) - R\u00f3\u017ce ogrodowe - Sklep Sobieszek producent\",\"isPartOf\":{\"@id\":\"https:\/\/roza-sobieszek.pl\/sklep\/#website\"},\"primaryImageOfPage\":{\"@id\":\"https:\/\/roza-sobieszek.pl\/sklep\/produkt\/roza-the-lady-of-the-lake\/#primaryimage\"},\"image\":{\"@id\":\"https:\/\/roza-sobieszek.pl\/sklep\/produkt\/roza-the-lady-of-the-lake\/#primaryimage\"},\"thumbnailUrl\":\"https:\/\/roza-sobieszek.pl\/sklep\/wp-content\/uploads\/2021\/05\/The-Lady-of-the-Lake.jpg\",\"datePublished\":\"2021-05-20T11:16:06+00:00\",\"dateModified\":\"2026-04-09T15:49:12+00:00\",\"description\":\"R\u00f3\u017ca Pn\u0105ca The Lady of the Lake\u00ae Zebrane s\u0105 w grona na d\u0142ugich, smuk\u0142ych i elastycznych \u0142odygach.\u00a0Ma jasnor\u00f3\u017cowy kolor i otwart\u0105 formacj\u0119, ka\u017cdy z nich\",\"breadcrumb\":{\"@id\":\"https:\/\/roza-sobieszek.pl\/sklep\/produkt\/roza-the-lady-of-the-lake\/#breadcrumb\"},\"inLanguage\":\"pl-PL\",\"potentialAction\":[{\"@type\":\"ReadAction\",\"target\":[\"https:\/\/roza-sobieszek.pl\/sklep\/produkt\/roza-the-lady-of-the-lake\/\"]}]},{\"@type\":\"ImageObject\",\"inLanguage\":\"pl-PL\",\"@id\":\"https:\/\/roza-sobieszek.pl\/sklep\/produkt\/roza-the-lady-of-the-lake\/#primaryimage\",\"url\":\"https:\/\/roza-sobieszek.pl\/sklep\/wp-content\/uploads\/2021\/05\/The-Lady-of-the-Lake.jpg\",\"contentUrl\":\"https:\/\/roza-sobieszek.pl\/sklep\/wp-content\/uploads\/2021\/05\/The-Lady-of-the-Lake.jpg\",\"width\":720,\"height\":720},{\"@type\":\"BreadcrumbList\",\"@id\":\"https:\/\/roza-sobieszek.pl\/sklep\/produkt\/roza-the-lady-of-the-lake\/#breadcrumb\",\"itemListElement\":[{\"@type\":\"ListItem\",\"position\":1,\"name\":\"Strona g\u0142\u00f3wna\",\"item\":\"https:\/\/roza-sobieszek.pl\/sklep\/\"},{\"@type\":\"ListItem\",\"position\":2,\"name\":\"Shop\",\"item\":\"https:\/\/roza-sobieszek.pl\/sklep\/shop\/\"},{\"@type\":\"ListItem\",\"position\":3,\"name\":\"R\u00f3\u017ca Pn\u0105ca The Lady of the Lake\u00ae(Ausherbert)\"}]},{\"@type\":\"WebSite\",\"@id\":\"https:\/\/roza-sobieszek.pl\/sklep\/#website\",\"url\":\"https:\/\/roza-sobieszek.pl\/sklep\/\",\"name\":\"R\u00f3\u017ce ogrodowe - Sklep Sobieszek producent\",\"description\":\"\",\"publisher\":{\"@id\":\"https:\/\/roza-sobieszek.pl\/sklep\/#organization\"},\"potentialAction\":[{\"@type\":\"SearchAction\",\"target\":{\"@type\":\"EntryPoint\",\"urlTemplate\":\"https:\/\/roza-sobieszek.pl\/sklep\/?s={search_term_string}\"},\"query-input\":{\"@type\":\"PropertyValueSpecification\",\"valueRequired\":true,\"valueName\":\"search_term_string\"}}],\"inLanguage\":\"pl-PL\"},{\"@type\":\"Organization\",\"@id\":\"https:\/\/roza-sobieszek.pl\/sklep\/#organization\",\"name\":\"R\u00f3\u017ce ogrodowe - Sklep Sobieszek producent\",\"url\":\"https:\/\/roza-sobieszek.pl\/sklep\/\",\"logo\":{\"@type\":\"ImageObject\",\"inLanguage\":\"pl-PL\",\"@id\":\"https:\/\/roza-sobieszek.pl\/sklep\/#\/schema\/logo\/image\/\",\"url\":\"https:\/\/roza-sobieszek.pl\/sklep\/wp-content\/uploads\/2016\/08\/IMG_0358-1.jpg\",\"contentUrl\":\"https:\/\/roza-sobieszek.pl\/sklep\/wp-content\/uploads\/2016\/08\/IMG_0358-1.jpg\",\"width\":2048,\"height\":1365,\"caption\":\"R\u00f3\u017ce ogrodowe - Sklep Sobieszek producent\"},\"image\":{\"@id\":\"https:\/\/roza-sobieszek.pl\/sklep\/#\/schema\/logo\/image\/\"},\"sameAs\":[\"https:\/\/www.facebook.com\/profile.php?id=100063681485170\"]}]}<\/script>\n<!-- \/ Yoast SEO plugin. -->","yoast_head_json":{"title":"R\u00f3\u017ca Pn\u0105ca The Lady of the Lake\u00ae(Ausherbert) - R\u00f3\u017ce ogrodowe - Sklep Sobieszek producent","description":"R\u00f3\u017ca Pn\u0105ca The Lady of the Lake\u00ae Zebrane s\u0105 w grona na d\u0142ugich, smuk\u0142ych i elastycznych \u0142odygach.\u00a0Ma jasnor\u00f3\u017cowy kolor i otwart\u0105 formacj\u0119, ka\u017cdy z nich","robots":{"index":"index","follow":"follow","max-snippet":"max-snippet:-1","max-image-preview":"max-image-preview:large","max-video-preview":"max-video-preview:-1"},"canonical":"https:\/\/roza-sobieszek.pl\/sklep\/produkt\/roza-the-lady-of-the-lake\/","og_locale":"pl_PL","og_type":"article","og_title":"R\u00f3\u017ca Pn\u0105ca The Lady of the Lake\u00ae(Ausherbert) - R\u00f3\u017ce ogrodowe - Sklep Sobieszek producent","og_description":"R\u00f3\u017ca Pn\u0105ca The Lady of the Lake\u00ae Zebrane s\u0105 w grona na d\u0142ugich, smuk\u0142ych i elastycznych \u0142odygach.\u00a0Ma jasnor\u00f3\u017cowy kolor i otwart\u0105 formacj\u0119, ka\u017cdy z nich","og_url":"https:\/\/roza-sobieszek.pl\/sklep\/produkt\/roza-the-lady-of-the-lake\/","og_site_name":"R\u00f3\u017ce ogrodowe - Sklep Sobieszek producent","article_publisher":"https:\/\/www.facebook.com\/profile.php?id=100063681485170","article_modified_time":"2026-04-09T15:49:12+00:00","og_image":[{"width":720,"height":720,"url":"https:\/\/roza-sobieszek.pl\/sklep\/wp-content\/uploads\/2021\/05\/The-Lady-of-the-Lake.jpg","type":"image\/jpeg"}],"twitter_card":"summary_large_image","twitter_misc":{"Szacowany czas czytania":"1 minuta"},"schema":{"@context":"https:\/\/schema.org","@graph":[{"@type":"WebPage","@id":"https:\/\/roza-sobieszek.pl\/sklep\/produkt\/roza-the-lady-of-the-lake\/","url":"https:\/\/roza-sobieszek.pl\/sklep\/produkt\/roza-the-lady-of-the-lake\/","name":"R\u00f3\u017ca Pn\u0105ca The Lady of the Lake\u00ae(Ausherbert) - R\u00f3\u017ce ogrodowe - Sklep Sobieszek producent","isPartOf":{"@id":"https:\/\/roza-sobieszek.pl\/sklep\/#website"},"primaryImageOfPage":{"@id":"https:\/\/roza-sobieszek.pl\/sklep\/produkt\/roza-the-lady-of-the-lake\/#primaryimage"},"image":{"@id":"https:\/\/roza-sobieszek.pl\/sklep\/produkt\/roza-the-lady-of-the-lake\/#primaryimage"},"thumbnailUrl":"https:\/\/roza-sobieszek.pl\/sklep\/wp-content\/uploads\/2021\/05\/The-Lady-of-the-Lake.jpg","datePublished":"2021-05-20T11:16:06+00:00","dateModified":"2026-04-09T15:49:12+00:00","description":"R\u00f3\u017ca Pn\u0105ca The Lady of the Lake\u00ae Zebrane s\u0105 w grona na d\u0142ugich, smuk\u0142ych i elastycznych \u0142odygach.\u00a0Ma jasnor\u00f3\u017cowy kolor i otwart\u0105 formacj\u0119, ka\u017cdy z nich","breadcrumb":{"@id":"https:\/\/roza-sobieszek.pl\/sklep\/produkt\/roza-the-lady-of-the-lake\/#breadcrumb"},"inLanguage":"pl-PL","potentialAction":[{"@type":"ReadAction","target":["https:\/\/roza-sobieszek.pl\/sklep\/produkt\/roza-the-lady-of-the-lake\/"]}]},{"@type":"ImageObject","inLanguage":"pl-PL","@id":"https:\/\/roza-sobieszek.pl\/sklep\/produkt\/roza-the-lady-of-the-lake\/#primaryimage","url":"https:\/\/roza-sobieszek.pl\/sklep\/wp-content\/uploads\/2021\/05\/The-Lady-of-the-Lake.jpg","contentUrl":"https:\/\/roza-sobieszek.pl\/sklep\/wp-content\/uploads\/2021\/05\/The-Lady-of-the-Lake.jpg","width":720,"height":720},{"@type":"BreadcrumbList","@id":"https:\/\/roza-sobieszek.pl\/sklep\/produkt\/roza-the-lady-of-the-lake\/#breadcrumb","itemListElement":[{"@type":"ListItem","position":1,"name":"Strona g\u0142\u00f3wna","item":"https:\/\/roza-sobieszek.pl\/sklep\/"},{"@type":"ListItem","position":2,"name":"Shop","item":"https:\/\/roza-sobieszek.pl\/sklep\/shop\/"},{"@type":"ListItem","position":3,"name":"R\u00f3\u017ca Pn\u0105ca The Lady of the Lake\u00ae(Ausherbert)"}]},{"@type":"WebSite","@id":"https:\/\/roza-sobieszek.pl\/sklep\/#website","url":"https:\/\/roza-sobieszek.pl\/sklep\/","name":"R\u00f3\u017ce ogrodowe - Sklep Sobieszek producent","description":"","publisher":{"@id":"https:\/\/roza-sobieszek.pl\/sklep\/#organization"},"potentialAction":[{"@type":"SearchAction","target":{"@type":"EntryPoint","urlTemplate":"https:\/\/roza-sobieszek.pl\/sklep\/?s={search_term_string}"},"query-input":{"@type":"PropertyValueSpecification","valueRequired":true,"valueName":"search_term_string"}}],"inLanguage":"pl-PL"},{"@type":"Organization","@id":"https:\/\/roza-sobieszek.pl\/sklep\/#organization","name":"R\u00f3\u017ce ogrodowe - Sklep Sobieszek producent","url":"https:\/\/roza-sobieszek.pl\/sklep\/","logo":{"@type":"ImageObject","inLanguage":"pl-PL","@id":"https:\/\/roza-sobieszek.pl\/sklep\/#\/schema\/logo\/image\/","url":"https:\/\/roza-sobieszek.pl\/sklep\/wp-content\/uploads\/2016\/08\/IMG_0358-1.jpg","contentUrl":"https:\/\/roza-sobieszek.pl\/sklep\/wp-content\/uploads\/2016\/08\/IMG_0358-1.jpg","width":2048,"height":1365,"caption":"R\u00f3\u017ce ogrodowe - Sklep Sobieszek producent"},"image":{"@id":"https:\/\/roza-sobieszek.pl\/sklep\/#\/schema\/logo\/image\/"},"sameAs":["https:\/\/www.facebook.com\/profile.php?id=100063681485170"]}]}},"_links":{"self":[{"href":"https:\/\/roza-sobieszek.pl\/sklep\/wp-json\/wp\/v2\/product\/8995"}],"collection":[{"href":"https:\/\/roza-sobieszek.pl\/sklep\/wp-json\/wp\/v2\/product"}],"about":[{"href":"https:\/\/roza-sobieszek.pl\/sklep\/wp-json\/wp\/v2\/types\/product"}],"replies":[{"embeddable":true,"href":"https:\/\/roza-sobieszek.pl\/sklep\/wp-json\/wp\/v2\/comments?post=8995"}],"wp:featuredmedia":[{"embeddable":true,"href":"https:\/\/roza-sobieszek.pl\/sklep\/wp-json\/wp\/v2\/media\/8999"}],"wp:attachment":[{"href":"https:\/\/roza-sobieszek.pl\/sklep\/wp-json\/wp\/v2\/media?parent=8995"}],"wp:term":[{"taxonomy":"product_brand","embeddable":true,"href":"https:\/\/roza-sobieszek.pl\/sklep\/wp-json\/wp\/v2\/product_brand?post=8995"},{"taxonomy":"product_cat","embeddable":true,"href":"https:\/\/roza-sobieszek.pl\/sklep\/wp-json\/wp\/v2\/product_cat?post=8995"},{"taxonomy":"product_tag","embeddable":true,"href":"https:\/\/roza-sobieszek.pl\/sklep\/wp-json\/wp\/v2\/product_tag?post=8995"}],"curies":[{"name":"wp","href":"https:\/\/api.w.org\/{rel}","templated":true}]}}