{"id":9047,"date":"2021-05-21T12:00:11","date_gmt":"2021-05-21T12:00:11","guid":{"rendered":"https:\/\/roza-sobieszek.pl\/sklep\/?post_type=product&#038;p=9047"},"modified":"2026-04-21T10:05:53","modified_gmt":"2026-04-21T10:05:53","slug":"roza-amarosa","status":"publish","type":"product","link":"https:\/\/roza-sobieszek.pl\/sklep\/produkt\/roza-amarosa\/","title":{"rendered":"R\u00f3\u017ca Wielkokwiatowa Amorosa\u00ae"},"content":{"rendered":"<h2>R\u00f3\u017ca Amorosa\u00ae<\/h2>\n<p>Odmiana wielkokwiatowa nale\u017c\u0105ca do grupy r\u00f3\u017c &#8222;Eleganza&#8221;. Amorosa\u00ae wygl\u0105da elegancko i dostojnie, kwiaty przyci\u0105gaj\u0105 wzrok swoim pi\u0119knem. Tworzy krzew o \u00ae<span id=\"[22,35]\" class=\"word\">prostym<\/span>\u00a0<span id=\"[36,42]\" class=\"word\">pokroj<\/span>u, <span id=\"[45,46]\" class=\"word\">z<\/span> <span id=\"[47,61]\" class=\"word\">nostalgicznymi<\/span>, delikatnie pachn\u0105cymi <span id=\"[62,70]\" class=\"word\">kwiatami<\/span> <span id=\"[71,84]\" class=\"word\">wyst\u0119puj\u0105cymi<\/span> <span id=\"[85,86]\" class=\"word\">w<\/span> <span id=\"[87,93]\" class=\"word\">ma\u0142ych<\/span> <span id=\"[94,101]\" class=\"word\">gronach.<\/span>\u00a0Dodatkowym atutem krzewu s\u0105 zdrowe li\u015bcie. <span id=\"[141,147]\" class=\"word\">J\u0119drne<\/span> <span id=\"[148,154]\" class=\"word\">p\u0142atki<\/span> <span id=\"[155,164]\" class=\"word\">sprawiaj\u0105<\/span>, <span id=\"[166,168]\" class=\"word\">\u017ce<\/span> <span id=\"[169,173]\" class=\"word\">r\u00f3\u017ca<\/span> <span id=\"[174,176]\" class=\"word\">ta<\/span> <span id=\"[177,181]\" class=\"word\">jest<\/span> <span id=\"[182,189]\" class=\"word\">r\u00f3wnie\u017c<\/span> <span id=\"[190,200]\" class=\"word\">doskona\u0142ym<\/span> <span id=\"[201,208]\" class=\"word\">wyborem<\/span> <span id=\"[209,213]\" class=\"word\">jako<\/span> <span id=\"[214,220]\" class=\"word\">trwa\u0142y<\/span> <span id=\"[221,226]\" class=\"word\">kwiat<\/span> <span id=\"[227,232]\" class=\"word\">ci\u0119ty<\/span> <span id=\"[233,235]\" class=\"word\">do<\/span> <span id=\"[236,246]\" class=\"word\">kompozycji<\/span> <span id=\"[247,257]\" class=\"word\">kwiatowych<\/span>. Jej zalet\u0105 jest dobra odporno\u015b\u0107 na niskie temperatury.<\/p>\n","protected":false},"excerpt":{"rendered":"<p>R\u00f3\u017ca Wielkokwiatowa Amorosa\u00ae<\/p>\n<ul>\n<li>Nazwa: Amorosa\u00ae<\/li>\n<li>Kolor: kremowo-r\u00f3\u017cowy<\/li>\n<li>Wzrost: 80 cm<\/li>\n<li>Wielko\u015b\u0107 kwiatu: pe\u0142ne, 10cm<\/li>\n<li>Zapach: wyczuwalny<\/li>\n<li>Odporno\u015b\u0107 na choroby: bardzo dobra<\/li>\n<li>Stanowisko: p\u00f3\u0142cie\u0144<\/li>\n<li>Okres kwitnienia: VI \u2013 X<\/li>\n<li>Powtarza kwitnienie: tak<\/li>\n<li>Typ: r\u00f3\u017ca wielkokwiatowa<\/li>\n<li>Mrozoodporno\u015b\u0107: dobra<\/li>\n<\/ul>\n","protected":false},"featured_media":9149,"comment_status":"open","ping_status":"closed","template":"","meta":[],"product_brand":[277],"product_cat":[272,161,159,199],"product_tag":[250,246,247,251,185],"yoast_head":"<!-- This site is optimized with the Yoast SEO plugin v23.5 - https:\/\/yoast.com\/wordpress\/plugins\/seo\/ -->\n<title>R\u00f3\u017ca Wielkokwiatowa Amorosa\u00ae - R\u00f3\u017ce ogrodowe - Sklep Sobieszek producent<\/title>\n<meta name=\"description\" content=\"R\u00f3\u017ca Wielkokwiatowa Amorosa\u00ae wygl\u0105da elegancko i dostojnie, kwiaty przyci\u0105gaj\u0105 wzrok swoim pi\u0119knem. Tworzy krzew o \u00aeprostym\u00a0pokroju, z nostalgicznymi,\" \/>\n<meta name=\"robots\" content=\"index, follow, max-snippet:-1, max-image-preview:large, max-video-preview:-1\" \/>\n<link rel=\"canonical\" href=\"https:\/\/roza-sobieszek.pl\/sklep\/produkt\/roza-amarosa\/\" \/>\n<meta property=\"og:locale\" content=\"pl_PL\" \/>\n<meta property=\"og:type\" content=\"article\" \/>\n<meta property=\"og:title\" content=\"R\u00f3\u017ca Wielkokwiatowa Amorosa\u00ae - R\u00f3\u017ce ogrodowe - Sklep Sobieszek producent\" \/>\n<meta property=\"og:description\" content=\"R\u00f3\u017ca Wielkokwiatowa Amorosa\u00ae wygl\u0105da elegancko i dostojnie, kwiaty przyci\u0105gaj\u0105 wzrok swoim pi\u0119knem. Tworzy krzew o \u00aeprostym\u00a0pokroju, z nostalgicznymi,\" \/>\n<meta property=\"og:url\" content=\"https:\/\/roza-sobieszek.pl\/sklep\/produkt\/roza-amarosa\/\" \/>\n<meta property=\"og:site_name\" content=\"R\u00f3\u017ce ogrodowe - Sklep Sobieszek producent\" \/>\n<meta property=\"article:publisher\" content=\"https:\/\/www.facebook.com\/profile.php?id=100063681485170\" \/>\n<meta property=\"article:modified_time\" content=\"2026-04-21T10:05:53+00:00\" \/>\n<meta property=\"og:image\" content=\"https:\/\/roza-sobieszek.pl\/sklep\/wp-content\/uploads\/2021\/05\/Amorosa_05.jpg\" \/>\n\t<meta property=\"og:image:width\" content=\"1024\" \/>\n\t<meta property=\"og:image:height\" content=\"985\" \/>\n\t<meta property=\"og:image:type\" content=\"image\/jpeg\" \/>\n<meta name=\"twitter:card\" content=\"summary_large_image\" \/>\n<meta name=\"twitter:label1\" content=\"Szacowany czas czytania\" \/>\n\t<meta name=\"twitter:data1\" content=\"1 minuta\" \/>\n<script type=\"application\/ld+json\" class=\"yoast-schema-graph\">{\"@context\":\"https:\/\/schema.org\",\"@graph\":[{\"@type\":\"WebPage\",\"@id\":\"https:\/\/roza-sobieszek.pl\/sklep\/produkt\/roza-amarosa\/\",\"url\":\"https:\/\/roza-sobieszek.pl\/sklep\/produkt\/roza-amarosa\/\",\"name\":\"R\u00f3\u017ca Wielkokwiatowa Amorosa\u00ae - R\u00f3\u017ce ogrodowe - Sklep Sobieszek producent\",\"isPartOf\":{\"@id\":\"https:\/\/roza-sobieszek.pl\/sklep\/#website\"},\"primaryImageOfPage\":{\"@id\":\"https:\/\/roza-sobieszek.pl\/sklep\/produkt\/roza-amarosa\/#primaryimage\"},\"image\":{\"@id\":\"https:\/\/roza-sobieszek.pl\/sklep\/produkt\/roza-amarosa\/#primaryimage\"},\"thumbnailUrl\":\"https:\/\/roza-sobieszek.pl\/sklep\/wp-content\/uploads\/2021\/05\/Amorosa_05.jpg\",\"datePublished\":\"2021-05-21T12:00:11+00:00\",\"dateModified\":\"2026-04-21T10:05:53+00:00\",\"description\":\"R\u00f3\u017ca Wielkokwiatowa Amorosa\u00ae wygl\u0105da elegancko i dostojnie, kwiaty przyci\u0105gaj\u0105 wzrok swoim pi\u0119knem. Tworzy krzew o \u00aeprostym\u00a0pokroju, z nostalgicznymi,\",\"breadcrumb\":{\"@id\":\"https:\/\/roza-sobieszek.pl\/sklep\/produkt\/roza-amarosa\/#breadcrumb\"},\"inLanguage\":\"pl-PL\",\"potentialAction\":[{\"@type\":\"ReadAction\",\"target\":[\"https:\/\/roza-sobieszek.pl\/sklep\/produkt\/roza-amarosa\/\"]}]},{\"@type\":\"ImageObject\",\"inLanguage\":\"pl-PL\",\"@id\":\"https:\/\/roza-sobieszek.pl\/sklep\/produkt\/roza-amarosa\/#primaryimage\",\"url\":\"https:\/\/roza-sobieszek.pl\/sklep\/wp-content\/uploads\/2021\/05\/Amorosa_05.jpg\",\"contentUrl\":\"https:\/\/roza-sobieszek.pl\/sklep\/wp-content\/uploads\/2021\/05\/Amorosa_05.jpg\",\"width\":1024,\"height\":985},{\"@type\":\"BreadcrumbList\",\"@id\":\"https:\/\/roza-sobieszek.pl\/sklep\/produkt\/roza-amarosa\/#breadcrumb\",\"itemListElement\":[{\"@type\":\"ListItem\",\"position\":1,\"name\":\"Strona g\u0142\u00f3wna\",\"item\":\"https:\/\/roza-sobieszek.pl\/sklep\/\"},{\"@type\":\"ListItem\",\"position\":2,\"name\":\"Shop\",\"item\":\"https:\/\/roza-sobieszek.pl\/sklep\/shop\/\"},{\"@type\":\"ListItem\",\"position\":3,\"name\":\"R\u00f3\u017ca Wielkokwiatowa Amorosa\u00ae\"}]},{\"@type\":\"WebSite\",\"@id\":\"https:\/\/roza-sobieszek.pl\/sklep\/#website\",\"url\":\"https:\/\/roza-sobieszek.pl\/sklep\/\",\"name\":\"R\u00f3\u017ce ogrodowe - Sklep Sobieszek producent\",\"description\":\"\",\"publisher\":{\"@id\":\"https:\/\/roza-sobieszek.pl\/sklep\/#organization\"},\"potentialAction\":[{\"@type\":\"SearchAction\",\"target\":{\"@type\":\"EntryPoint\",\"urlTemplate\":\"https:\/\/roza-sobieszek.pl\/sklep\/?s={search_term_string}\"},\"query-input\":{\"@type\":\"PropertyValueSpecification\",\"valueRequired\":true,\"valueName\":\"search_term_string\"}}],\"inLanguage\":\"pl-PL\"},{\"@type\":\"Organization\",\"@id\":\"https:\/\/roza-sobieszek.pl\/sklep\/#organization\",\"name\":\"R\u00f3\u017ce ogrodowe - Sklep Sobieszek producent\",\"url\":\"https:\/\/roza-sobieszek.pl\/sklep\/\",\"logo\":{\"@type\":\"ImageObject\",\"inLanguage\":\"pl-PL\",\"@id\":\"https:\/\/roza-sobieszek.pl\/sklep\/#\/schema\/logo\/image\/\",\"url\":\"https:\/\/roza-sobieszek.pl\/sklep\/wp-content\/uploads\/2016\/08\/IMG_0358-1.jpg\",\"contentUrl\":\"https:\/\/roza-sobieszek.pl\/sklep\/wp-content\/uploads\/2016\/08\/IMG_0358-1.jpg\",\"width\":2048,\"height\":1365,\"caption\":\"R\u00f3\u017ce ogrodowe - Sklep Sobieszek producent\"},\"image\":{\"@id\":\"https:\/\/roza-sobieszek.pl\/sklep\/#\/schema\/logo\/image\/\"},\"sameAs\":[\"https:\/\/www.facebook.com\/profile.php?id=100063681485170\"]}]}<\/script>\n<!-- \/ Yoast SEO plugin. -->","yoast_head_json":{"title":"R\u00f3\u017ca Wielkokwiatowa Amorosa\u00ae - R\u00f3\u017ce ogrodowe - Sklep Sobieszek producent","description":"R\u00f3\u017ca Wielkokwiatowa Amorosa\u00ae wygl\u0105da elegancko i dostojnie, kwiaty przyci\u0105gaj\u0105 wzrok swoim pi\u0119knem. Tworzy krzew o \u00aeprostym\u00a0pokroju, z nostalgicznymi,","robots":{"index":"index","follow":"follow","max-snippet":"max-snippet:-1","max-image-preview":"max-image-preview:large","max-video-preview":"max-video-preview:-1"},"canonical":"https:\/\/roza-sobieszek.pl\/sklep\/produkt\/roza-amarosa\/","og_locale":"pl_PL","og_type":"article","og_title":"R\u00f3\u017ca Wielkokwiatowa Amorosa\u00ae - R\u00f3\u017ce ogrodowe - Sklep Sobieszek producent","og_description":"R\u00f3\u017ca Wielkokwiatowa Amorosa\u00ae wygl\u0105da elegancko i dostojnie, kwiaty przyci\u0105gaj\u0105 wzrok swoim pi\u0119knem. Tworzy krzew o \u00aeprostym\u00a0pokroju, z nostalgicznymi,","og_url":"https:\/\/roza-sobieszek.pl\/sklep\/produkt\/roza-amarosa\/","og_site_name":"R\u00f3\u017ce ogrodowe - Sklep Sobieszek producent","article_publisher":"https:\/\/www.facebook.com\/profile.php?id=100063681485170","article_modified_time":"2026-04-21T10:05:53+00:00","og_image":[{"width":1024,"height":985,"url":"https:\/\/roza-sobieszek.pl\/sklep\/wp-content\/uploads\/2021\/05\/Amorosa_05.jpg","type":"image\/jpeg"}],"twitter_card":"summary_large_image","twitter_misc":{"Szacowany czas czytania":"1 minuta"},"schema":{"@context":"https:\/\/schema.org","@graph":[{"@type":"WebPage","@id":"https:\/\/roza-sobieszek.pl\/sklep\/produkt\/roza-amarosa\/","url":"https:\/\/roza-sobieszek.pl\/sklep\/produkt\/roza-amarosa\/","name":"R\u00f3\u017ca Wielkokwiatowa Amorosa\u00ae - R\u00f3\u017ce ogrodowe - Sklep Sobieszek producent","isPartOf":{"@id":"https:\/\/roza-sobieszek.pl\/sklep\/#website"},"primaryImageOfPage":{"@id":"https:\/\/roza-sobieszek.pl\/sklep\/produkt\/roza-amarosa\/#primaryimage"},"image":{"@id":"https:\/\/roza-sobieszek.pl\/sklep\/produkt\/roza-amarosa\/#primaryimage"},"thumbnailUrl":"https:\/\/roza-sobieszek.pl\/sklep\/wp-content\/uploads\/2021\/05\/Amorosa_05.jpg","datePublished":"2021-05-21T12:00:11+00:00","dateModified":"2026-04-21T10:05:53+00:00","description":"R\u00f3\u017ca Wielkokwiatowa Amorosa\u00ae wygl\u0105da elegancko i dostojnie, kwiaty przyci\u0105gaj\u0105 wzrok swoim pi\u0119knem. Tworzy krzew o \u00aeprostym\u00a0pokroju, z nostalgicznymi,","breadcrumb":{"@id":"https:\/\/roza-sobieszek.pl\/sklep\/produkt\/roza-amarosa\/#breadcrumb"},"inLanguage":"pl-PL","potentialAction":[{"@type":"ReadAction","target":["https:\/\/roza-sobieszek.pl\/sklep\/produkt\/roza-amarosa\/"]}]},{"@type":"ImageObject","inLanguage":"pl-PL","@id":"https:\/\/roza-sobieszek.pl\/sklep\/produkt\/roza-amarosa\/#primaryimage","url":"https:\/\/roza-sobieszek.pl\/sklep\/wp-content\/uploads\/2021\/05\/Amorosa_05.jpg","contentUrl":"https:\/\/roza-sobieszek.pl\/sklep\/wp-content\/uploads\/2021\/05\/Amorosa_05.jpg","width":1024,"height":985},{"@type":"BreadcrumbList","@id":"https:\/\/roza-sobieszek.pl\/sklep\/produkt\/roza-amarosa\/#breadcrumb","itemListElement":[{"@type":"ListItem","position":1,"name":"Strona g\u0142\u00f3wna","item":"https:\/\/roza-sobieszek.pl\/sklep\/"},{"@type":"ListItem","position":2,"name":"Shop","item":"https:\/\/roza-sobieszek.pl\/sklep\/shop\/"},{"@type":"ListItem","position":3,"name":"R\u00f3\u017ca Wielkokwiatowa Amorosa\u00ae"}]},{"@type":"WebSite","@id":"https:\/\/roza-sobieszek.pl\/sklep\/#website","url":"https:\/\/roza-sobieszek.pl\/sklep\/","name":"R\u00f3\u017ce ogrodowe - Sklep Sobieszek producent","description":"","publisher":{"@id":"https:\/\/roza-sobieszek.pl\/sklep\/#organization"},"potentialAction":[{"@type":"SearchAction","target":{"@type":"EntryPoint","urlTemplate":"https:\/\/roza-sobieszek.pl\/sklep\/?s={search_term_string}"},"query-input":{"@type":"PropertyValueSpecification","valueRequired":true,"valueName":"search_term_string"}}],"inLanguage":"pl-PL"},{"@type":"Organization","@id":"https:\/\/roza-sobieszek.pl\/sklep\/#organization","name":"R\u00f3\u017ce ogrodowe - Sklep Sobieszek producent","url":"https:\/\/roza-sobieszek.pl\/sklep\/","logo":{"@type":"ImageObject","inLanguage":"pl-PL","@id":"https:\/\/roza-sobieszek.pl\/sklep\/#\/schema\/logo\/image\/","url":"https:\/\/roza-sobieszek.pl\/sklep\/wp-content\/uploads\/2016\/08\/IMG_0358-1.jpg","contentUrl":"https:\/\/roza-sobieszek.pl\/sklep\/wp-content\/uploads\/2016\/08\/IMG_0358-1.jpg","width":2048,"height":1365,"caption":"R\u00f3\u017ce ogrodowe - Sklep Sobieszek producent"},"image":{"@id":"https:\/\/roza-sobieszek.pl\/sklep\/#\/schema\/logo\/image\/"},"sameAs":["https:\/\/www.facebook.com\/profile.php?id=100063681485170"]}]}},"_links":{"self":[{"href":"https:\/\/roza-sobieszek.pl\/sklep\/wp-json\/wp\/v2\/product\/9047"}],"collection":[{"href":"https:\/\/roza-sobieszek.pl\/sklep\/wp-json\/wp\/v2\/product"}],"about":[{"href":"https:\/\/roza-sobieszek.pl\/sklep\/wp-json\/wp\/v2\/types\/product"}],"replies":[{"embeddable":true,"href":"https:\/\/roza-sobieszek.pl\/sklep\/wp-json\/wp\/v2\/comments?post=9047"}],"wp:featuredmedia":[{"embeddable":true,"href":"https:\/\/roza-sobieszek.pl\/sklep\/wp-json\/wp\/v2\/media\/9149"}],"wp:attachment":[{"href":"https:\/\/roza-sobieszek.pl\/sklep\/wp-json\/wp\/v2\/media?parent=9047"}],"wp:term":[{"taxonomy":"product_brand","embeddable":true,"href":"https:\/\/roza-sobieszek.pl\/sklep\/wp-json\/wp\/v2\/product_brand?post=9047"},{"taxonomy":"product_cat","embeddable":true,"href":"https:\/\/roza-sobieszek.pl\/sklep\/wp-json\/wp\/v2\/product_cat?post=9047"},{"taxonomy":"product_tag","embeddable":true,"href":"https:\/\/roza-sobieszek.pl\/sklep\/wp-json\/wp\/v2\/product_tag?post=9047"}],"curies":[{"name":"wp","href":"https:\/\/api.w.org\/{rel}","templated":true}]}}