{"id":9184,"date":"2021-06-17T11:41:23","date_gmt":"2021-06-17T11:41:23","guid":{"rendered":"https:\/\/roza-sobieszek.pl\/sklep\/?post_type=product&#038;p=9184"},"modified":"2026-01-21T11:24:48","modified_gmt":"2026-01-21T11:24:48","slug":"roza-lemon-rokoko","status":"publish","type":"product","link":"https:\/\/roza-sobieszek.pl\/sklep\/produkt\/roza-lemon-rokoko\/","title":{"rendered":"R\u00f3\u017ca Rabatowa Lemon Rokoko\u00ae"},"content":{"rendered":"<h2>R\u00f3\u017ca Lemon Rokoko\u00ae<\/h2>\n<p>R\u00f3\u017ca z serii Rokoko Tantau .Krzewy zwarte osi\u0105gaj\u0105ce wysoko\u015b\u0107 ok 80 cm. P\u0119dy wyprostowane\u00a0 zako\u0144czone kulistymi kwiatami w kolorze limonkowej zieleni aby po rozkwitni\u0119ciu okaza\u0107 si\u0119 pi\u0119knej kremowo-bia\u0142ej barwie. Kwiaty trwa\u0142e nadaj\u0105ce si\u0119 do ci\u0119cia do wazonu. Ze wzgl\u0119du na niezbyt du\u017c\u0105 zdrowotno\u015bci\u0105 li\u015b\u0107 wymaga ochrony przed chorobami. Polecana do nasadze\u0144 w wi\u0119kszych grupach jak r\u00f3wnie\u017c do du\u017cych donic na tarasy.<\/p>\n<p><span style=\"border-radius: 2px; text-indent: 20px; width: auto; padding: 0px 4px 0px 0px; text-align: center; font: bold 11px\/20px 'Helvetica Neue',Helvetica,sans-serif; color: #ffffff; background: #bd081c no-repeat scroll 3px 50% \/ 14px 14px; position: absolute; opacity: 1; z-index: 8675309; display: none; cursor: pointer;\">Zapisz<\/span><\/p>\n","protected":false},"excerpt":{"rendered":"<ul>\n<li>Nazwa:\u00a0Lemon Rokoko\u00ae<\/li>\n<li>Kolor:\u00a0kremowo-bia\u0142e<\/li>\n<li>Wzrost:\u00a080 cm.<\/li>\n<li>Wielko\u015b\u0107 kwiatu:\u00a0pe\u0142ne ok 9 cm<\/li>\n<li>Zapach:\u00a0bardzo delikatny<\/li>\n<li>Odporno\u015b\u0107 na choroby:\u00a0\u015brednia<\/li>\n<li>Stanowisko:\u00a0s\u0142oneczne.<\/li>\n<li>Okres kwitnienia:\u00a0VI \u2013 IX.<\/li>\n<li>Powtarza kwitnienie:\u00a0tak.<\/li>\n<li>Typ:\u00a0r\u00f3\u017ca rabatowa<\/li>\n<li>Mrozoodporno\u015b\u0107:\u00a0dobra<\/li>\n<\/ul>\n","protected":false},"featured_media":9182,"comment_status":"open","ping_status":"closed","template":"","meta":[],"product_brand":[278],"product_cat":[268,158,155],"product_tag":[232,184,238,236],"yoast_head":"<!-- This site is optimized with the Yoast SEO plugin v23.5 - https:\/\/yoast.com\/wordpress\/plugins\/seo\/ -->\n<title>R\u00f3\u017ca Rabatowa Lemon Rokoko\u00ae - R\u00f3\u017ce ogrodowe - Sklep Sobieszek producent<\/title>\n<meta name=\"description\" content=\"R\u00f3\u017ca Rabatowa Lemon Rokoko\u00ae .Krzewy zwarte osi\u0105gaj\u0105ce wysoko\u015b\u0107 ok 80 cm. P\u0119dy wyprostowane\u00a0 zako\u0144czone kulistymi kwiatami w kolorze limonkowej zieleni\" \/>\n<meta name=\"robots\" content=\"index, follow, max-snippet:-1, max-image-preview:large, max-video-preview:-1\" \/>\n<link rel=\"canonical\" href=\"https:\/\/roza-sobieszek.pl\/sklep\/produkt\/roza-lemon-rokoko\/\" \/>\n<meta property=\"og:locale\" content=\"pl_PL\" \/>\n<meta property=\"og:type\" content=\"article\" \/>\n<meta property=\"og:title\" content=\"R\u00f3\u017ca Rabatowa Lemon Rokoko\u00ae - R\u00f3\u017ce ogrodowe - Sklep Sobieszek producent\" \/>\n<meta property=\"og:description\" content=\"R\u00f3\u017ca Rabatowa Lemon Rokoko\u00ae .Krzewy zwarte osi\u0105gaj\u0105ce wysoko\u015b\u0107 ok 80 cm. P\u0119dy wyprostowane\u00a0 zako\u0144czone kulistymi kwiatami w kolorze limonkowej zieleni\" \/>\n<meta property=\"og:url\" content=\"https:\/\/roza-sobieszek.pl\/sklep\/produkt\/roza-lemon-rokoko\/\" \/>\n<meta property=\"og:site_name\" content=\"R\u00f3\u017ce ogrodowe - Sklep Sobieszek producent\" \/>\n<meta property=\"article:publisher\" content=\"https:\/\/www.facebook.com\/profile.php?id=100063681485170\" \/>\n<meta property=\"article:modified_time\" content=\"2026-01-21T11:24:48+00:00\" \/>\n<meta property=\"og:image\" content=\"https:\/\/roza-sobieszek.pl\/sklep\/wp-content\/uploads\/2020\/10\/k-Lemon-Rokoko-2hellh584687630c7cb_1456x1456.jpg\" \/>\n\t<meta property=\"og:image:width\" content=\"798\" \/>\n\t<meta property=\"og:image:height\" content=\"800\" \/>\n\t<meta property=\"og:image:type\" content=\"image\/jpeg\" \/>\n<meta name=\"twitter:card\" content=\"summary_large_image\" \/>\n<meta name=\"twitter:label1\" content=\"Szacowany czas czytania\" \/>\n\t<meta name=\"twitter:data1\" content=\"1 minuta\" \/>\n<script type=\"application\/ld+json\" class=\"yoast-schema-graph\">{\"@context\":\"https:\/\/schema.org\",\"@graph\":[{\"@type\":\"WebPage\",\"@id\":\"https:\/\/roza-sobieszek.pl\/sklep\/produkt\/roza-lemon-rokoko\/\",\"url\":\"https:\/\/roza-sobieszek.pl\/sklep\/produkt\/roza-lemon-rokoko\/\",\"name\":\"R\u00f3\u017ca Rabatowa Lemon Rokoko\u00ae - R\u00f3\u017ce ogrodowe - Sklep Sobieszek producent\",\"isPartOf\":{\"@id\":\"https:\/\/roza-sobieszek.pl\/sklep\/#website\"},\"primaryImageOfPage\":{\"@id\":\"https:\/\/roza-sobieszek.pl\/sklep\/produkt\/roza-lemon-rokoko\/#primaryimage\"},\"image\":{\"@id\":\"https:\/\/roza-sobieszek.pl\/sklep\/produkt\/roza-lemon-rokoko\/#primaryimage\"},\"thumbnailUrl\":\"https:\/\/roza-sobieszek.pl\/sklep\/wp-content\/uploads\/2020\/10\/k-Lemon-Rokoko-2hellh584687630c7cb_1456x1456.jpg\",\"datePublished\":\"2021-06-17T11:41:23+00:00\",\"dateModified\":\"2026-01-21T11:24:48+00:00\",\"description\":\"R\u00f3\u017ca Rabatowa Lemon Rokoko\u00ae .Krzewy zwarte osi\u0105gaj\u0105ce wysoko\u015b\u0107 ok 80 cm. P\u0119dy wyprostowane\u00a0 zako\u0144czone kulistymi kwiatami w kolorze limonkowej zieleni\",\"breadcrumb\":{\"@id\":\"https:\/\/roza-sobieszek.pl\/sklep\/produkt\/roza-lemon-rokoko\/#breadcrumb\"},\"inLanguage\":\"pl-PL\",\"potentialAction\":[{\"@type\":\"ReadAction\",\"target\":[\"https:\/\/roza-sobieszek.pl\/sklep\/produkt\/roza-lemon-rokoko\/\"]}]},{\"@type\":\"ImageObject\",\"inLanguage\":\"pl-PL\",\"@id\":\"https:\/\/roza-sobieszek.pl\/sklep\/produkt\/roza-lemon-rokoko\/#primaryimage\",\"url\":\"https:\/\/roza-sobieszek.pl\/sklep\/wp-content\/uploads\/2020\/10\/k-Lemon-Rokoko-2hellh584687630c7cb_1456x1456.jpg\",\"contentUrl\":\"https:\/\/roza-sobieszek.pl\/sklep\/wp-content\/uploads\/2020\/10\/k-Lemon-Rokoko-2hellh584687630c7cb_1456x1456.jpg\",\"width\":798,\"height\":800},{\"@type\":\"BreadcrumbList\",\"@id\":\"https:\/\/roza-sobieszek.pl\/sklep\/produkt\/roza-lemon-rokoko\/#breadcrumb\",\"itemListElement\":[{\"@type\":\"ListItem\",\"position\":1,\"name\":\"Strona g\u0142\u00f3wna\",\"item\":\"https:\/\/roza-sobieszek.pl\/sklep\/\"},{\"@type\":\"ListItem\",\"position\":2,\"name\":\"Shop\",\"item\":\"https:\/\/roza-sobieszek.pl\/sklep\/shop\/\"},{\"@type\":\"ListItem\",\"position\":3,\"name\":\"R\u00f3\u017ca Rabatowa Lemon Rokoko\u00ae\"}]},{\"@type\":\"WebSite\",\"@id\":\"https:\/\/roza-sobieszek.pl\/sklep\/#website\",\"url\":\"https:\/\/roza-sobieszek.pl\/sklep\/\",\"name\":\"R\u00f3\u017ce ogrodowe - Sklep Sobieszek producent\",\"description\":\"\",\"publisher\":{\"@id\":\"https:\/\/roza-sobieszek.pl\/sklep\/#organization\"},\"potentialAction\":[{\"@type\":\"SearchAction\",\"target\":{\"@type\":\"EntryPoint\",\"urlTemplate\":\"https:\/\/roza-sobieszek.pl\/sklep\/?s={search_term_string}\"},\"query-input\":{\"@type\":\"PropertyValueSpecification\",\"valueRequired\":true,\"valueName\":\"search_term_string\"}}],\"inLanguage\":\"pl-PL\"},{\"@type\":\"Organization\",\"@id\":\"https:\/\/roza-sobieszek.pl\/sklep\/#organization\",\"name\":\"R\u00f3\u017ce ogrodowe - Sklep Sobieszek producent\",\"url\":\"https:\/\/roza-sobieszek.pl\/sklep\/\",\"logo\":{\"@type\":\"ImageObject\",\"inLanguage\":\"pl-PL\",\"@id\":\"https:\/\/roza-sobieszek.pl\/sklep\/#\/schema\/logo\/image\/\",\"url\":\"https:\/\/roza-sobieszek.pl\/sklep\/wp-content\/uploads\/2016\/08\/IMG_0358-1.jpg\",\"contentUrl\":\"https:\/\/roza-sobieszek.pl\/sklep\/wp-content\/uploads\/2016\/08\/IMG_0358-1.jpg\",\"width\":2048,\"height\":1365,\"caption\":\"R\u00f3\u017ce ogrodowe - Sklep Sobieszek producent\"},\"image\":{\"@id\":\"https:\/\/roza-sobieszek.pl\/sklep\/#\/schema\/logo\/image\/\"},\"sameAs\":[\"https:\/\/www.facebook.com\/profile.php?id=100063681485170\"]}]}<\/script>\n<!-- \/ Yoast SEO plugin. -->","yoast_head_json":{"title":"R\u00f3\u017ca Rabatowa Lemon Rokoko\u00ae - R\u00f3\u017ce ogrodowe - Sklep Sobieszek producent","description":"R\u00f3\u017ca Rabatowa Lemon Rokoko\u00ae .Krzewy zwarte osi\u0105gaj\u0105ce wysoko\u015b\u0107 ok 80 cm. P\u0119dy wyprostowane\u00a0 zako\u0144czone kulistymi kwiatami w kolorze limonkowej zieleni","robots":{"index":"index","follow":"follow","max-snippet":"max-snippet:-1","max-image-preview":"max-image-preview:large","max-video-preview":"max-video-preview:-1"},"canonical":"https:\/\/roza-sobieszek.pl\/sklep\/produkt\/roza-lemon-rokoko\/","og_locale":"pl_PL","og_type":"article","og_title":"R\u00f3\u017ca Rabatowa Lemon Rokoko\u00ae - R\u00f3\u017ce ogrodowe - Sklep Sobieszek producent","og_description":"R\u00f3\u017ca Rabatowa Lemon Rokoko\u00ae .Krzewy zwarte osi\u0105gaj\u0105ce wysoko\u015b\u0107 ok 80 cm. P\u0119dy wyprostowane\u00a0 zako\u0144czone kulistymi kwiatami w kolorze limonkowej zieleni","og_url":"https:\/\/roza-sobieszek.pl\/sklep\/produkt\/roza-lemon-rokoko\/","og_site_name":"R\u00f3\u017ce ogrodowe - Sklep Sobieszek producent","article_publisher":"https:\/\/www.facebook.com\/profile.php?id=100063681485170","article_modified_time":"2026-01-21T11:24:48+00:00","og_image":[{"width":798,"height":800,"url":"https:\/\/roza-sobieszek.pl\/sklep\/wp-content\/uploads\/2020\/10\/k-Lemon-Rokoko-2hellh584687630c7cb_1456x1456.jpg","type":"image\/jpeg"}],"twitter_card":"summary_large_image","twitter_misc":{"Szacowany czas czytania":"1 minuta"},"schema":{"@context":"https:\/\/schema.org","@graph":[{"@type":"WebPage","@id":"https:\/\/roza-sobieszek.pl\/sklep\/produkt\/roza-lemon-rokoko\/","url":"https:\/\/roza-sobieszek.pl\/sklep\/produkt\/roza-lemon-rokoko\/","name":"R\u00f3\u017ca Rabatowa Lemon Rokoko\u00ae - R\u00f3\u017ce ogrodowe - Sklep Sobieszek producent","isPartOf":{"@id":"https:\/\/roza-sobieszek.pl\/sklep\/#website"},"primaryImageOfPage":{"@id":"https:\/\/roza-sobieszek.pl\/sklep\/produkt\/roza-lemon-rokoko\/#primaryimage"},"image":{"@id":"https:\/\/roza-sobieszek.pl\/sklep\/produkt\/roza-lemon-rokoko\/#primaryimage"},"thumbnailUrl":"https:\/\/roza-sobieszek.pl\/sklep\/wp-content\/uploads\/2020\/10\/k-Lemon-Rokoko-2hellh584687630c7cb_1456x1456.jpg","datePublished":"2021-06-17T11:41:23+00:00","dateModified":"2026-01-21T11:24:48+00:00","description":"R\u00f3\u017ca Rabatowa Lemon Rokoko\u00ae .Krzewy zwarte osi\u0105gaj\u0105ce wysoko\u015b\u0107 ok 80 cm. P\u0119dy wyprostowane\u00a0 zako\u0144czone kulistymi kwiatami w kolorze limonkowej zieleni","breadcrumb":{"@id":"https:\/\/roza-sobieszek.pl\/sklep\/produkt\/roza-lemon-rokoko\/#breadcrumb"},"inLanguage":"pl-PL","potentialAction":[{"@type":"ReadAction","target":["https:\/\/roza-sobieszek.pl\/sklep\/produkt\/roza-lemon-rokoko\/"]}]},{"@type":"ImageObject","inLanguage":"pl-PL","@id":"https:\/\/roza-sobieszek.pl\/sklep\/produkt\/roza-lemon-rokoko\/#primaryimage","url":"https:\/\/roza-sobieszek.pl\/sklep\/wp-content\/uploads\/2020\/10\/k-Lemon-Rokoko-2hellh584687630c7cb_1456x1456.jpg","contentUrl":"https:\/\/roza-sobieszek.pl\/sklep\/wp-content\/uploads\/2020\/10\/k-Lemon-Rokoko-2hellh584687630c7cb_1456x1456.jpg","width":798,"height":800},{"@type":"BreadcrumbList","@id":"https:\/\/roza-sobieszek.pl\/sklep\/produkt\/roza-lemon-rokoko\/#breadcrumb","itemListElement":[{"@type":"ListItem","position":1,"name":"Strona g\u0142\u00f3wna","item":"https:\/\/roza-sobieszek.pl\/sklep\/"},{"@type":"ListItem","position":2,"name":"Shop","item":"https:\/\/roza-sobieszek.pl\/sklep\/shop\/"},{"@type":"ListItem","position":3,"name":"R\u00f3\u017ca Rabatowa Lemon Rokoko\u00ae"}]},{"@type":"WebSite","@id":"https:\/\/roza-sobieszek.pl\/sklep\/#website","url":"https:\/\/roza-sobieszek.pl\/sklep\/","name":"R\u00f3\u017ce ogrodowe - Sklep Sobieszek producent","description":"","publisher":{"@id":"https:\/\/roza-sobieszek.pl\/sklep\/#organization"},"potentialAction":[{"@type":"SearchAction","target":{"@type":"EntryPoint","urlTemplate":"https:\/\/roza-sobieszek.pl\/sklep\/?s={search_term_string}"},"query-input":{"@type":"PropertyValueSpecification","valueRequired":true,"valueName":"search_term_string"}}],"inLanguage":"pl-PL"},{"@type":"Organization","@id":"https:\/\/roza-sobieszek.pl\/sklep\/#organization","name":"R\u00f3\u017ce ogrodowe - Sklep Sobieszek producent","url":"https:\/\/roza-sobieszek.pl\/sklep\/","logo":{"@type":"ImageObject","inLanguage":"pl-PL","@id":"https:\/\/roza-sobieszek.pl\/sklep\/#\/schema\/logo\/image\/","url":"https:\/\/roza-sobieszek.pl\/sklep\/wp-content\/uploads\/2016\/08\/IMG_0358-1.jpg","contentUrl":"https:\/\/roza-sobieszek.pl\/sklep\/wp-content\/uploads\/2016\/08\/IMG_0358-1.jpg","width":2048,"height":1365,"caption":"R\u00f3\u017ce ogrodowe - Sklep Sobieszek producent"},"image":{"@id":"https:\/\/roza-sobieszek.pl\/sklep\/#\/schema\/logo\/image\/"},"sameAs":["https:\/\/www.facebook.com\/profile.php?id=100063681485170"]}]}},"_links":{"self":[{"href":"https:\/\/roza-sobieszek.pl\/sklep\/wp-json\/wp\/v2\/product\/9184"}],"collection":[{"href":"https:\/\/roza-sobieszek.pl\/sklep\/wp-json\/wp\/v2\/product"}],"about":[{"href":"https:\/\/roza-sobieszek.pl\/sklep\/wp-json\/wp\/v2\/types\/product"}],"replies":[{"embeddable":true,"href":"https:\/\/roza-sobieszek.pl\/sklep\/wp-json\/wp\/v2\/comments?post=9184"}],"wp:featuredmedia":[{"embeddable":true,"href":"https:\/\/roza-sobieszek.pl\/sklep\/wp-json\/wp\/v2\/media\/9182"}],"wp:attachment":[{"href":"https:\/\/roza-sobieszek.pl\/sklep\/wp-json\/wp\/v2\/media?parent=9184"}],"wp:term":[{"taxonomy":"product_brand","embeddable":true,"href":"https:\/\/roza-sobieszek.pl\/sklep\/wp-json\/wp\/v2\/product_brand?post=9184"},{"taxonomy":"product_cat","embeddable":true,"href":"https:\/\/roza-sobieszek.pl\/sklep\/wp-json\/wp\/v2\/product_cat?post=9184"},{"taxonomy":"product_tag","embeddable":true,"href":"https:\/\/roza-sobieszek.pl\/sklep\/wp-json\/wp\/v2\/product_tag?post=9184"}],"curies":[{"name":"wp","href":"https:\/\/api.w.org\/{rel}","templated":true}]}}