{"id":9290,"date":"2021-06-24T07:40:30","date_gmt":"2021-06-24T07:40:30","guid":{"rendered":"https:\/\/roza-sobieszek.pl\/sklep\/?post_type=product&#038;p=9290"},"modified":"2026-03-18T15:22:06","modified_gmt":"2026-03-18T15:22:06","slug":"roza-pashmina","status":"publish","type":"product","link":"https:\/\/roza-sobieszek.pl\/sklep\/produkt\/roza-pashmina\/","title":{"rendered":"R\u00f3\u017ca Rabatowa Pashmina\u00ae"},"content":{"rendered":"<h2><strong>R\u00f3\u017ca Pashmina\u00ae<\/strong><\/h2>\n<p>Ze wzgl\u0119du na sw\u00f3j urok\u00a0 jest najbardziej poszukiwan\u0105 r\u00f3\u017c\u0105 z serii Flower Circus Collection\u00ae. Mo\u017cna spotka\u0107 j\u0105 r\u00f3wnie\u017c pod nazw\u0105 Pompon Flowers Cirius\u00ae. Ze wzgl\u0119du na jej cudowny urok nie mo\u017cna przej\u015b\u0107 ko\u0142o niej oboj\u0119tnie. Posiada zaokr\u0105glone p\u0105ki kwiatowe pocz\u0105tkowo kuliste o bia\u0142ej barwie, nieco p\u00f3\u017aniej p\u0142atki zabarwiaj\u0105 si\u0119 na r\u00f3\u017cowo. W pe\u0142ni kwitnienia kwiaty\u00a0 maj\u0105 kszta\u0142t mocno zaokr\u0105glony, zewn\u0119trzne p\u0142atki s\u0105 bia\u0142e lub pastelowo-r\u00f3\u017cowe, natomiast \u015brodek jest nieco ciemniej wybarwiony. Posiadaj\u0105 lekko herbaciany zapach. Odmiana ta ze wzgl\u0119du na oryginalny pokr\u00f3j i intensywno\u015b\u0107 kwitnienia\u201a\u00a0 idealnie nadaje si\u0119 do sadzenia w donicach,\u00a0 w kt\u00f3rych kwiatowy spektakl trwa przez ca\u0142y sezon.<\/p>\n<p>&nbsp;<\/p>\n<p><strong>\u00a0<\/strong><\/p>\n<p>&nbsp;<\/p>\n<p><span style=\"border-radius: 2px; text-indent: 20px; width: auto; padding: 0px 4px 0px 0px; text-align: center; font: bold 11px\/20px 'Helvetica Neue',Helvetica,sans-serif; color: #ffffff; background: #bd081c no-repeat scroll 3px 50% \/ 14px 14px; position: absolute; opacity: 1; z-index: 8675309; display: none; cursor: pointer;\">Zapisz<\/span><\/p>\n","protected":false},"excerpt":{"rendered":"<p>Bajkowa r\u00f3\u017ca Pashmina\u00ae<\/p>\n<ul>\n<li>Nazwa: Pashmina\u00ae<\/li>\n<li>Kolor: jasnor\u00f3\u017cowy<\/li>\n<li>Wzrost: 60 cm<\/li>\n<li>Wielko\u015b\u0107 kwiatu: pe\u0142ny, 7 cm<\/li>\n<li>Zapach: delikatny<\/li>\n<li>Odporno\u015b\u0107 na choroby: bardzo dobra<\/li>\n<li>Stanowisko: s\u0142oneczne<\/li>\n<li>Okres kwitnienia: VI \u2013 X<\/li>\n<li>Powtarza kwitnienie: tak<\/li>\n<li>Typ: r\u00f3\u017ca rabatowa<\/li>\n<li>Mrozoodporno\u015b\u0107: dobra<\/li>\n<\/ul>\n","protected":false},"featured_media":11123,"comment_status":"open","ping_status":"closed","template":"","meta":[],"product_brand":[277],"product_cat":[268,161,199,155],"product_tag":[232,244,223,184],"yoast_head":"<!-- This site is optimized with the Yoast SEO plugin v23.5 - https:\/\/yoast.com\/wordpress\/plugins\/seo\/ -->\n<title>R\u00f3\u017ca Rabatowa Pashmina\u00ae - R\u00f3\u017ce ogrodowe - Sklep Sobieszek producent<\/title>\n<meta name=\"description\" content=\"R\u00f3\u017ca Rabatowa Pashmina\u00aeZe wzgl\u0119du na sw\u00f3j urok\u00a0 jest najbardziej poszukiwan\u0105 r\u00f3\u017c\u0105 z serii Flower Circus Collection\u00ae. Posiada zaokr\u0105glone p\u0105ki kwiatowe\" \/>\n<meta name=\"robots\" content=\"index, follow, max-snippet:-1, max-image-preview:large, max-video-preview:-1\" \/>\n<link rel=\"canonical\" href=\"https:\/\/roza-sobieszek.pl\/sklep\/produkt\/roza-pashmina\/\" \/>\n<meta property=\"og:locale\" content=\"pl_PL\" \/>\n<meta property=\"og:type\" content=\"article\" \/>\n<meta property=\"og:title\" content=\"R\u00f3\u017ca Rabatowa Pashmina\u00ae - R\u00f3\u017ce ogrodowe - Sklep Sobieszek producent\" \/>\n<meta property=\"og:description\" content=\"R\u00f3\u017ca Rabatowa Pashmina\u00aeZe wzgl\u0119du na sw\u00f3j urok\u00a0 jest najbardziej poszukiwan\u0105 r\u00f3\u017c\u0105 z serii Flower Circus Collection\u00ae. Posiada zaokr\u0105glone p\u0105ki kwiatowe\" \/>\n<meta property=\"og:url\" content=\"https:\/\/roza-sobieszek.pl\/sklep\/produkt\/roza-pashmina\/\" \/>\n<meta property=\"og:site_name\" content=\"R\u00f3\u017ce ogrodowe - Sklep Sobieszek producent\" \/>\n<meta property=\"article:publisher\" content=\"https:\/\/www.facebook.com\/profile.php?id=100063681485170\" \/>\n<meta property=\"article:modified_time\" content=\"2026-03-18T15:22:06+00:00\" \/>\n<meta property=\"og:image\" content=\"https:\/\/roza-sobieszek.pl\/sklep\/wp-content\/uploads\/2021\/06\/191347323_1259390404457520_4846997186238629221_n-1.jpg\" \/>\n\t<meta property=\"og:image:width\" content=\"668\" \/>\n\t<meta property=\"og:image:height\" content=\"691\" \/>\n\t<meta property=\"og:image:type\" content=\"image\/jpeg\" \/>\n<meta name=\"twitter:card\" content=\"summary_large_image\" \/>\n<meta name=\"twitter:label1\" content=\"Szacowany czas czytania\" \/>\n\t<meta name=\"twitter:data1\" content=\"1 minuta\" \/>\n<script type=\"application\/ld+json\" class=\"yoast-schema-graph\">{\"@context\":\"https:\/\/schema.org\",\"@graph\":[{\"@type\":\"WebPage\",\"@id\":\"https:\/\/roza-sobieszek.pl\/sklep\/produkt\/roza-pashmina\/\",\"url\":\"https:\/\/roza-sobieszek.pl\/sklep\/produkt\/roza-pashmina\/\",\"name\":\"R\u00f3\u017ca Rabatowa Pashmina\u00ae - R\u00f3\u017ce ogrodowe - Sklep Sobieszek producent\",\"isPartOf\":{\"@id\":\"https:\/\/roza-sobieszek.pl\/sklep\/#website\"},\"primaryImageOfPage\":{\"@id\":\"https:\/\/roza-sobieszek.pl\/sklep\/produkt\/roza-pashmina\/#primaryimage\"},\"image\":{\"@id\":\"https:\/\/roza-sobieszek.pl\/sklep\/produkt\/roza-pashmina\/#primaryimage\"},\"thumbnailUrl\":\"https:\/\/roza-sobieszek.pl\/sklep\/wp-content\/uploads\/2021\/06\/191347323_1259390404457520_4846997186238629221_n-1.jpg\",\"datePublished\":\"2021-06-24T07:40:30+00:00\",\"dateModified\":\"2026-03-18T15:22:06+00:00\",\"description\":\"R\u00f3\u017ca Rabatowa Pashmina\u00aeZe wzgl\u0119du na sw\u00f3j urok\u00a0 jest najbardziej poszukiwan\u0105 r\u00f3\u017c\u0105 z serii Flower Circus Collection\u00ae. Posiada zaokr\u0105glone p\u0105ki kwiatowe\",\"breadcrumb\":{\"@id\":\"https:\/\/roza-sobieszek.pl\/sklep\/produkt\/roza-pashmina\/#breadcrumb\"},\"inLanguage\":\"pl-PL\",\"potentialAction\":[{\"@type\":\"ReadAction\",\"target\":[\"https:\/\/roza-sobieszek.pl\/sklep\/produkt\/roza-pashmina\/\"]}]},{\"@type\":\"ImageObject\",\"inLanguage\":\"pl-PL\",\"@id\":\"https:\/\/roza-sobieszek.pl\/sklep\/produkt\/roza-pashmina\/#primaryimage\",\"url\":\"https:\/\/roza-sobieszek.pl\/sklep\/wp-content\/uploads\/2021\/06\/191347323_1259390404457520_4846997186238629221_n-1.jpg\",\"contentUrl\":\"https:\/\/roza-sobieszek.pl\/sklep\/wp-content\/uploads\/2021\/06\/191347323_1259390404457520_4846997186238629221_n-1.jpg\",\"width\":668,\"height\":691},{\"@type\":\"BreadcrumbList\",\"@id\":\"https:\/\/roza-sobieszek.pl\/sklep\/produkt\/roza-pashmina\/#breadcrumb\",\"itemListElement\":[{\"@type\":\"ListItem\",\"position\":1,\"name\":\"Strona g\u0142\u00f3wna\",\"item\":\"https:\/\/roza-sobieszek.pl\/sklep\/\"},{\"@type\":\"ListItem\",\"position\":2,\"name\":\"Shop\",\"item\":\"https:\/\/roza-sobieszek.pl\/sklep\/shop\/\"},{\"@type\":\"ListItem\",\"position\":3,\"name\":\"R\u00f3\u017ca Rabatowa Pashmina\u00ae\"}]},{\"@type\":\"WebSite\",\"@id\":\"https:\/\/roza-sobieszek.pl\/sklep\/#website\",\"url\":\"https:\/\/roza-sobieszek.pl\/sklep\/\",\"name\":\"R\u00f3\u017ce ogrodowe - Sklep Sobieszek producent\",\"description\":\"\",\"publisher\":{\"@id\":\"https:\/\/roza-sobieszek.pl\/sklep\/#organization\"},\"potentialAction\":[{\"@type\":\"SearchAction\",\"target\":{\"@type\":\"EntryPoint\",\"urlTemplate\":\"https:\/\/roza-sobieszek.pl\/sklep\/?s={search_term_string}\"},\"query-input\":{\"@type\":\"PropertyValueSpecification\",\"valueRequired\":true,\"valueName\":\"search_term_string\"}}],\"inLanguage\":\"pl-PL\"},{\"@type\":\"Organization\",\"@id\":\"https:\/\/roza-sobieszek.pl\/sklep\/#organization\",\"name\":\"R\u00f3\u017ce ogrodowe - Sklep Sobieszek producent\",\"url\":\"https:\/\/roza-sobieszek.pl\/sklep\/\",\"logo\":{\"@type\":\"ImageObject\",\"inLanguage\":\"pl-PL\",\"@id\":\"https:\/\/roza-sobieszek.pl\/sklep\/#\/schema\/logo\/image\/\",\"url\":\"https:\/\/roza-sobieszek.pl\/sklep\/wp-content\/uploads\/2016\/08\/IMG_0358-1.jpg\",\"contentUrl\":\"https:\/\/roza-sobieszek.pl\/sklep\/wp-content\/uploads\/2016\/08\/IMG_0358-1.jpg\",\"width\":2048,\"height\":1365,\"caption\":\"R\u00f3\u017ce ogrodowe - Sklep Sobieszek producent\"},\"image\":{\"@id\":\"https:\/\/roza-sobieszek.pl\/sklep\/#\/schema\/logo\/image\/\"},\"sameAs\":[\"https:\/\/www.facebook.com\/profile.php?id=100063681485170\"]}]}<\/script>\n<!-- \/ Yoast SEO plugin. -->","yoast_head_json":{"title":"R\u00f3\u017ca Rabatowa Pashmina\u00ae - R\u00f3\u017ce ogrodowe - Sklep Sobieszek producent","description":"R\u00f3\u017ca Rabatowa Pashmina\u00aeZe wzgl\u0119du na sw\u00f3j urok\u00a0 jest najbardziej poszukiwan\u0105 r\u00f3\u017c\u0105 z serii Flower Circus Collection\u00ae. Posiada zaokr\u0105glone p\u0105ki kwiatowe","robots":{"index":"index","follow":"follow","max-snippet":"max-snippet:-1","max-image-preview":"max-image-preview:large","max-video-preview":"max-video-preview:-1"},"canonical":"https:\/\/roza-sobieszek.pl\/sklep\/produkt\/roza-pashmina\/","og_locale":"pl_PL","og_type":"article","og_title":"R\u00f3\u017ca Rabatowa Pashmina\u00ae - R\u00f3\u017ce ogrodowe - Sklep Sobieszek producent","og_description":"R\u00f3\u017ca Rabatowa Pashmina\u00aeZe wzgl\u0119du na sw\u00f3j urok\u00a0 jest najbardziej poszukiwan\u0105 r\u00f3\u017c\u0105 z serii Flower Circus Collection\u00ae. Posiada zaokr\u0105glone p\u0105ki kwiatowe","og_url":"https:\/\/roza-sobieszek.pl\/sklep\/produkt\/roza-pashmina\/","og_site_name":"R\u00f3\u017ce ogrodowe - Sklep Sobieszek producent","article_publisher":"https:\/\/www.facebook.com\/profile.php?id=100063681485170","article_modified_time":"2026-03-18T15:22:06+00:00","og_image":[{"width":668,"height":691,"url":"https:\/\/roza-sobieszek.pl\/sklep\/wp-content\/uploads\/2021\/06\/191347323_1259390404457520_4846997186238629221_n-1.jpg","type":"image\/jpeg"}],"twitter_card":"summary_large_image","twitter_misc":{"Szacowany czas czytania":"1 minuta"},"schema":{"@context":"https:\/\/schema.org","@graph":[{"@type":"WebPage","@id":"https:\/\/roza-sobieszek.pl\/sklep\/produkt\/roza-pashmina\/","url":"https:\/\/roza-sobieszek.pl\/sklep\/produkt\/roza-pashmina\/","name":"R\u00f3\u017ca Rabatowa Pashmina\u00ae - R\u00f3\u017ce ogrodowe - Sklep Sobieszek producent","isPartOf":{"@id":"https:\/\/roza-sobieszek.pl\/sklep\/#website"},"primaryImageOfPage":{"@id":"https:\/\/roza-sobieszek.pl\/sklep\/produkt\/roza-pashmina\/#primaryimage"},"image":{"@id":"https:\/\/roza-sobieszek.pl\/sklep\/produkt\/roza-pashmina\/#primaryimage"},"thumbnailUrl":"https:\/\/roza-sobieszek.pl\/sklep\/wp-content\/uploads\/2021\/06\/191347323_1259390404457520_4846997186238629221_n-1.jpg","datePublished":"2021-06-24T07:40:30+00:00","dateModified":"2026-03-18T15:22:06+00:00","description":"R\u00f3\u017ca Rabatowa Pashmina\u00aeZe wzgl\u0119du na sw\u00f3j urok\u00a0 jest najbardziej poszukiwan\u0105 r\u00f3\u017c\u0105 z serii Flower Circus Collection\u00ae. Posiada zaokr\u0105glone p\u0105ki kwiatowe","breadcrumb":{"@id":"https:\/\/roza-sobieszek.pl\/sklep\/produkt\/roza-pashmina\/#breadcrumb"},"inLanguage":"pl-PL","potentialAction":[{"@type":"ReadAction","target":["https:\/\/roza-sobieszek.pl\/sklep\/produkt\/roza-pashmina\/"]}]},{"@type":"ImageObject","inLanguage":"pl-PL","@id":"https:\/\/roza-sobieszek.pl\/sklep\/produkt\/roza-pashmina\/#primaryimage","url":"https:\/\/roza-sobieszek.pl\/sklep\/wp-content\/uploads\/2021\/06\/191347323_1259390404457520_4846997186238629221_n-1.jpg","contentUrl":"https:\/\/roza-sobieszek.pl\/sklep\/wp-content\/uploads\/2021\/06\/191347323_1259390404457520_4846997186238629221_n-1.jpg","width":668,"height":691},{"@type":"BreadcrumbList","@id":"https:\/\/roza-sobieszek.pl\/sklep\/produkt\/roza-pashmina\/#breadcrumb","itemListElement":[{"@type":"ListItem","position":1,"name":"Strona g\u0142\u00f3wna","item":"https:\/\/roza-sobieszek.pl\/sklep\/"},{"@type":"ListItem","position":2,"name":"Shop","item":"https:\/\/roza-sobieszek.pl\/sklep\/shop\/"},{"@type":"ListItem","position":3,"name":"R\u00f3\u017ca Rabatowa Pashmina\u00ae"}]},{"@type":"WebSite","@id":"https:\/\/roza-sobieszek.pl\/sklep\/#website","url":"https:\/\/roza-sobieszek.pl\/sklep\/","name":"R\u00f3\u017ce ogrodowe - Sklep Sobieszek producent","description":"","publisher":{"@id":"https:\/\/roza-sobieszek.pl\/sklep\/#organization"},"potentialAction":[{"@type":"SearchAction","target":{"@type":"EntryPoint","urlTemplate":"https:\/\/roza-sobieszek.pl\/sklep\/?s={search_term_string}"},"query-input":{"@type":"PropertyValueSpecification","valueRequired":true,"valueName":"search_term_string"}}],"inLanguage":"pl-PL"},{"@type":"Organization","@id":"https:\/\/roza-sobieszek.pl\/sklep\/#organization","name":"R\u00f3\u017ce ogrodowe - Sklep Sobieszek producent","url":"https:\/\/roza-sobieszek.pl\/sklep\/","logo":{"@type":"ImageObject","inLanguage":"pl-PL","@id":"https:\/\/roza-sobieszek.pl\/sklep\/#\/schema\/logo\/image\/","url":"https:\/\/roza-sobieszek.pl\/sklep\/wp-content\/uploads\/2016\/08\/IMG_0358-1.jpg","contentUrl":"https:\/\/roza-sobieszek.pl\/sklep\/wp-content\/uploads\/2016\/08\/IMG_0358-1.jpg","width":2048,"height":1365,"caption":"R\u00f3\u017ce ogrodowe - Sklep Sobieszek producent"},"image":{"@id":"https:\/\/roza-sobieszek.pl\/sklep\/#\/schema\/logo\/image\/"},"sameAs":["https:\/\/www.facebook.com\/profile.php?id=100063681485170"]}]}},"_links":{"self":[{"href":"https:\/\/roza-sobieszek.pl\/sklep\/wp-json\/wp\/v2\/product\/9290"}],"collection":[{"href":"https:\/\/roza-sobieszek.pl\/sklep\/wp-json\/wp\/v2\/product"}],"about":[{"href":"https:\/\/roza-sobieszek.pl\/sklep\/wp-json\/wp\/v2\/types\/product"}],"replies":[{"embeddable":true,"href":"https:\/\/roza-sobieszek.pl\/sklep\/wp-json\/wp\/v2\/comments?post=9290"}],"wp:featuredmedia":[{"embeddable":true,"href":"https:\/\/roza-sobieszek.pl\/sklep\/wp-json\/wp\/v2\/media\/11123"}],"wp:attachment":[{"href":"https:\/\/roza-sobieszek.pl\/sklep\/wp-json\/wp\/v2\/media?parent=9290"}],"wp:term":[{"taxonomy":"product_brand","embeddable":true,"href":"https:\/\/roza-sobieszek.pl\/sklep\/wp-json\/wp\/v2\/product_brand?post=9290"},{"taxonomy":"product_cat","embeddable":true,"href":"https:\/\/roza-sobieszek.pl\/sklep\/wp-json\/wp\/v2\/product_cat?post=9290"},{"taxonomy":"product_tag","embeddable":true,"href":"https:\/\/roza-sobieszek.pl\/sklep\/wp-json\/wp\/v2\/product_tag?post=9290"}],"curies":[{"name":"wp","href":"https:\/\/api.w.org\/{rel}","templated":true}]}}